{"id":26754,"date":"2024-01-18T15:39:39","date_gmt":"2024-01-18T14:39:39","guid":{"rendered":"https:\/\/rntl.ch\/fitness\/?post_type=product&#038;p=26754"},"modified":"2024-10-09T14:29:54","modified_gmt":"2024-10-09T12:29:54","slug":"tunturi-c85f-crosstrainer-endurance","status":"publish","type":"product","link":"https:\/\/rntl.ch\/fitness\/produkt\/tunturi-c85f-crosstrainer-endurance\/","title":{"rendered":"Tunturi C85F Crosstrainer Endurance"},"content":{"rendered":"<p>Tunturi Endurance Ger\u00e4te verf\u00fcgen \u00fcber dieselbe benutzerfreundliche Konsole, Programme und Funktionen, wie die Tunturi Platinum Ger\u00e4te, welche f\u00fcr den kommerziellen Fitnessstudio Gebrauch entwickelt wurden.<\/p>\n<p>Der Tunturi Performance Crosstrainer C85F (17TCF85400) ist ein frontgetriebener Crosstrainer mit 43 verschiedenen Programmen und 58 Widerstandsstufen. Das Bedienteil hat ein integriertes TFT Display und eine einfache Menu Navigation mittels Drehknopf. Dies erm\u00f6glicht eine sehr leichte und intuitive Handhabung dieses Crosstrainers.<\/p>\n<p>Mit der fest integrierten T-Road Oberfl\u00e4che von Tunturi fahren Sie virtuell durch verschiedene Landschaften. Damit ist das Potential aber noch lange nicht ersch\u00f6pft! Denn dieser Tunturi Crosstrainer hat auch noch die F\u00e4higkeit ein Tablet oder Smartphone via Bluetooth zu verbinden und somit die spannenden Funktionen und Erlebnisse das Kinomap App zu nutzen. Sobald Sie dies tun, entfalten sich ganz andere M\u00f6glichkeiten! Erstellen Sie sich einen Account und laufen Sie mithilfe Google-Maps durch die ganze Welt. Durch diverse Messungen k\u00f6nnen Sie Ihr Training auf dem Laufenden halten und auf Facebook oder Twitter mit Ihren Freunden teilen.<\/p>\n<p>Das max. Benutzergewicht liegt bei 150 kg. Nebst der Pulsmessung an den Griffen kann auch optional ein Brustgurt verwendet werden. Diesen finden Sie hier unter dem `Zubeh\u00f6r`. Der Widerstand wird elektronisch geregelt und betr\u00e4gt maximal 600 Watt.<\/p>\n<p>Dieser Crosstrainer ist front angetrieben, was zwar ein bisschen mehr Platz braucht, jedoch angenehmer und ergonomischer vom Bewegungsablauf ist und auch eine weitere Schrittl\u00e4nge ergibt. Wir empfehlen immer wenn m\u00f6glich, einen frontangetriebenen Crosstrainer zu w\u00e4hlen.<\/p>\n<table class=\"table table-striped product-detail-properties-table\">\n<tbody>\n<tr class=\"properties-row\">\n<th class=\"properties-label\">Abmessung Breite in cm:<\/th>\n<td class=\"properties-value\">74<\/td>\n<\/tr>\n<tr class=\"properties-row\">\n<th class=\"properties-label\">Abmessung H\u00f6he in cm:<\/th>\n<td class=\"properties-value\">184<\/td>\n<\/tr>\n<tr class=\"properties-row\">\n<th class=\"properties-label\">Abmessung L\u00e4nge in cm:<\/th>\n<td class=\"properties-value\">199<\/td>\n<\/tr>\n<tr class=\"properties-row\">\n<th class=\"properties-label\">Anwendungsbereich:<\/th>\n<td class=\"properties-value\">Home Pro<\/td>\n<\/tr>\n<tr class=\"properties-row\">\n<th class=\"properties-label\">Anzahl Benutzerprogramme:<\/th>\n<td class=\"properties-value\">20<\/td>\n<\/tr>\n<tr class=\"properties-row\">\n<th class=\"properties-label\">Anzahl Programme Total:<\/th>\n<td class=\"properties-value\">43<\/td>\n<\/tr>\n<tr class=\"properties-row\">\n<th class=\"properties-label\">Anzahl Pulsprofile:<\/th>\n<td class=\"properties-value\">6<\/td>\n<\/tr>\n<tr class=\"properties-row\">\n<th class=\"properties-label\">Anzahl Widerstandlevels:<\/th>\n<td class=\"properties-value\">58<\/td>\n<\/tr>\n<tr class=\"properties-row\">\n<th class=\"properties-label\">Anzahl registrierbare Benutzer:<\/th>\n<td class=\"properties-value\">10<\/td>\n<\/tr>\n<tr class=\"properties-row\">\n<th class=\"properties-label\">Anzahl voreingestellter Programme:<\/th>\n<td class=\"properties-value\">10<\/td>\n<\/tr>\n<tr class=\"properties-row\">\n<th class=\"properties-label\">Anzahl w\u00e4hlbarer Sprachen:<\/th>\n<td class=\"properties-value\">10<\/td>\n<\/tr>\n<tr class=\"properties-row\">\n<th class=\"properties-label\">Anzeige der Distanz:<\/th>\n<td class=\"properties-value\">ja<\/td>\n<\/tr>\n<tr class=\"properties-row\">\n<th class=\"properties-label\">Anzeige der Geschwindigkeit:<\/th>\n<td class=\"properties-value\">ja<\/td>\n<\/tr>\n<tr class=\"properties-row\">\n<th class=\"properties-label\">Anzeige der Zeit:<\/th>\n<td class=\"properties-value\">ja<\/td>\n<\/tr>\n<tr class=\"properties-row\">\n<th class=\"properties-label\">Anzeige verbrannter Kalorien:<\/th>\n<td class=\"properties-value\">ja<\/td>\n<\/tr>\n<tr class=\"properties-row\">\n<th class=\"properties-label\">Apps f\u00fcr Tablets und Smart Phones:<\/th>\n<td class=\"properties-value\">Kinomap<\/td>\n<\/tr>\n<tr class=\"properties-row\">\n<th class=\"properties-label\">Benutzer Tagebuch:<\/th>\n<td class=\"properties-value\">ja<\/td>\n<\/tr>\n<tr class=\"properties-row\">\n<th class=\"properties-label\">Bluetooth:<\/th>\n<td class=\"properties-value\">ja<\/td>\n<\/tr>\n<tr class=\"properties-row\">\n<th class=\"properties-label\">Bremssystem \/ Widerstand:<\/th>\n<td class=\"properties-value\">Elektromagnetisches Sys. (EMS)<\/td>\n<\/tr>\n<tr class=\"properties-row\">\n<th class=\"properties-label\">Display Bedienung:<\/th>\n<td class=\"properties-value\">Kn\u00f6pfe und Drehrad<\/td>\n<\/tr>\n<tr class=\"properties-row\">\n<th class=\"properties-label\">Display Typ:<\/th>\n<td class=\"properties-value\">TFT Farb Monitor<\/td>\n<\/tr>\n<tr class=\"properties-row\">\n<th class=\"properties-label\">Ergometer:<\/th>\n<td class=\"properties-value\">ja<\/td>\n<\/tr>\n<tr class=\"properties-row\">\n<th class=\"properties-label\">Flaschenhalterung:<\/th>\n<td class=\"properties-value\">ja mit Flasche<\/td>\n<\/tr>\n<tr class=\"properties-row\">\n<th class=\"properties-label\">Funktion Erholungspuls:<\/th>\n<td class=\"properties-value\">ja<\/td>\n<\/tr>\n<tr class=\"properties-row\">\n<th class=\"properties-label\">Funktion Fitness Test:<\/th>\n<td class=\"properties-value\">Multi step VO2 Max<\/td>\n<\/tr>\n<tr class=\"properties-row\">\n<th class=\"properties-label\">Funktion Puls Ziel:<\/th>\n<td class=\"properties-value\">ja<\/td>\n<\/tr>\n<tr class=\"properties-row\">\n<th class=\"properties-label\">Funktion maximaler Puls:<\/th>\n<td class=\"properties-value\">ja<\/td>\n<\/tr>\n<tr class=\"properties-row\">\n<th class=\"properties-label\">Gewicht inkl. Verpackung in kg:<\/th>\n<td class=\"properties-value\">82.5<\/td>\n<\/tr>\n<tr class=\"properties-row\">\n<th class=\"properties-label\">Griffe:<\/th>\n<td class=\"properties-value\">fixiert<\/td>\n<\/tr>\n<tr class=\"properties-row\">\n<th class=\"properties-label\">Max. Benutzergewicht in kg:<\/th>\n<td class=\"properties-value\">150<\/td>\n<\/tr>\n<tr class=\"properties-row\">\n<th class=\"properties-label\">Pedalen Typ:<\/th>\n<td class=\"properties-value\">Comfort<\/td>\n<\/tr>\n<tr class=\"properties-row\">\n<th class=\"properties-label\">Produktetyp:<\/th>\n<td class=\"properties-value\">Grossger\u00e4t<\/td>\n<\/tr>\n<tr class=\"properties-row\">\n<th class=\"properties-label\">Pulsmessung an Griffen:<\/th>\n<td class=\"properties-value\">ja<\/td>\n<\/tr>\n<tr class=\"properties-row\">\n<th class=\"properties-label\">Pulsmessung durch Arm- Brustgurt:<\/th>\n<td class=\"properties-value\">optional 5.4 kHz<\/td>\n<\/tr>\n<tr class=\"properties-row\">\n<th class=\"properties-label\">Schrittl\u00e4nge in cm:<\/th>\n<td class=\"properties-value\">50<\/td>\n<\/tr>\n<tr class=\"properties-row\">\n<th class=\"properties-label\">Schwungrad Gewicht in kg:<\/th>\n<td class=\"properties-value\">36<\/td>\n<\/tr>\n<tr class=\"properties-row\">\n<th class=\"properties-label\">Strom Versorgung:<\/th>\n<td class=\"properties-value\">Adapter 26 V DC 2.3 A<\/td>\n<\/tr>\n<tr class=\"properties-row\">\n<th class=\"properties-label\">Tablet Halterung:<\/th>\n<td class=\"properties-value\">ja<\/td>\n<\/tr>\n<tr class=\"properties-row\">\n<th class=\"properties-label\">Transportr\u00e4der:<\/th>\n<td class=\"properties-value\">ja<\/td>\n<\/tr>\n<tr class=\"properties-row\">\n<th class=\"properties-label\">USB Ladeanschluss:<\/th>\n<td class=\"properties-value\">ja<\/td>\n<\/tr>\n<tr class=\"properties-row\">\n<th class=\"properties-label\">USB Verbindung:<\/th>\n<td class=\"properties-value\">ja<\/td>\n<\/tr>\n<tr class=\"properties-row\">\n<th class=\"properties-label\">Watt Programm:<\/th>\n<td class=\"properties-value\">ja<\/td>\n<\/tr>\n<tr class=\"properties-row\">\n<th class=\"properties-label\">Widerstand in Watt:<\/th>\n<td class=\"properties-value\">600<\/td>\n<\/tr>\n<tr class=\"properties-row\">\n<th class=\"properties-label\">verstellbare Konsole:<\/th>\n<td class=\"properties-value\">ja<\/td>\n<\/tr>\n<\/tbody>\n<\/table>\n<p>&nbsp;<\/p>\n<p><iframe title=\"Tunturi Endurance C85F Crosstrainer Front\" width=\"980\" height=\"551\" src=\"https:\/\/www.youtube.com\/embed\/4iEPeoV6cCA?feature=oembed\" frameborder=\"0\" allow=\"accelerometer; autoplay; clipboard-write; encrypted-media; gyroscope; picture-in-picture; web-share\" allowfullscreen><\/iframe><\/p>\n<p>&nbsp;<\/p>\n","protected":false},"excerpt":{"rendered":"<p>Die Tunturi Endurance Linie ist das Flaggschiff der neuen Tunturi Cardio Ger\u00e4te. Die Tunturi Endurance Crosstrainer, Bikes, Laufb\u00e4nder und Ruderger\u00e4te verbinden das beste Gesamtpaket aus Vielf\u00e4ltigkeit, Preis-\/Leistungsverh\u00e4ltnis und Qualit\u00e4t. Die Endurance Ger\u00e4te sind perfekt f\u00fcr ambitionierte Heimanwender sowie auch f\u00fcr den professionellen Gebrauch in Physiotherapien, Vereinen und Schulen konzipiert.<\/p>\n<p><strong>Kaufpreis [woo_custom_field id=\"rntl_retail_price_field\"].-<\/strong><\/p>\n[rntl_page_content id=\"14687\"]\n<div class=\"woocommerce-product-details__short-description\">\n<p>&nbsp;<\/p>\n<\/div>\n","protected":false},"featured_media":26759,"template":"","meta":{"content-type":""},"product_brand":[],"product_cat":[23],"product_tag":[112],"class_list":{"0":"post-26754","1":"product","2":"type-product","3":"status-publish","4":"has-post-thumbnail","6":"product_cat-crosstrainer","7":"product_tag-mieten","8":"product_shipping_class-mittel","9":"tm-no-options","11":"first","12":"instock","13":"taxable","14":"shipping-taxable","15":"purchasable","16":"product-type-variable-subscription","17":"has-default-attributes"},"yoast_head":"<!-- This site is optimized with the Yoast SEO plugin v26.3 - https:\/\/yoast.com\/wordpress\/plugins\/seo\/ -->\n<title>Tunturi C85F Crosstrainer Endurance - RNTL Fitness<\/title>\n<meta name=\"description\" content=\"Miete, kaufe, oder finanziere f\u00fcr das Training zu Hause den Tunturi C85F Crosstrainer Endurance bei RNTL. Ein klassiker unter den Crosstrainern.\" \/>\n<meta name=\"robots\" content=\"index, follow, max-snippet:-1, max-image-preview:large, max-video-preview:-1\" \/>\n<link rel=\"canonical\" href=\"https:\/\/rntl.ch\/fitness\/produkt\/tunturi-c85f-crosstrainer-endurance\/\" \/>\n<meta property=\"og:locale\" content=\"de_DE\" \/>\n<meta property=\"og:type\" content=\"article\" \/>\n<meta property=\"og:title\" content=\"Tunturi C85F Crosstrainer Endurance - RNTL Fitness\" \/>\n<meta property=\"og:description\" content=\"Miete, kaufe, oder finanziere f\u00fcr das Training zu Hause den Tunturi C85F Crosstrainer Endurance bei RNTL. Ein klassiker unter den Crosstrainern.\" \/>\n<meta property=\"og:url\" content=\"https:\/\/rntl.ch\/fitness\/produkt\/tunturi-c85f-crosstrainer-endurance\/\" \/>\n<meta property=\"og:site_name\" content=\"RNTL Fitness\" \/>\n<meta property=\"article:modified_time\" content=\"2024-10-09T12:29:54+00:00\" \/>\n<meta property=\"og:image\" content=\"https:\/\/rntl.ch\/fitness\/wp-content\/uploads\/sites\/3\/2024\/01\/3-7.png\" \/>\n\t<meta property=\"og:image:width\" content=\"800\" \/>\n\t<meta property=\"og:image:height\" content=\"800\" \/>\n\t<meta property=\"og:image:type\" content=\"image\/png\" \/>\n<meta name=\"twitter:card\" content=\"summary_large_image\" \/>\n<meta name=\"twitter:label1\" content=\"Gesch\u00e4tzte Lesezeit\" \/>\n\t<meta name=\"twitter:data1\" content=\"3\u00a0Minuten\" \/>\n<script type=\"application\/ld+json\" class=\"yoast-schema-graph\">{\"@context\":\"https:\/\/schema.org\",\"@graph\":[{\"@type\":\"WebPage\",\"@id\":\"https:\/\/rntl.ch\/fitness\/produkt\/tunturi-c85f-crosstrainer-endurance\/\",\"url\":\"https:\/\/rntl.ch\/fitness\/produkt\/tunturi-c85f-crosstrainer-endurance\/\",\"name\":\"Tunturi C85F Crosstrainer Endurance - RNTL Fitness\",\"isPartOf\":{\"@id\":\"https:\/\/rntl.ch\/fitness\/#website\"},\"primaryImageOfPage\":{\"@id\":\"https:\/\/rntl.ch\/fitness\/produkt\/tunturi-c85f-crosstrainer-endurance\/#primaryimage\"},\"image\":{\"@id\":\"https:\/\/rntl.ch\/fitness\/produkt\/tunturi-c85f-crosstrainer-endurance\/#primaryimage\"},\"thumbnailUrl\":\"https:\/\/rntl.ch\/fitness\/wp-content\/uploads\/sites\/3\/2024\/01\/3-7.png\",\"datePublished\":\"2024-01-18T14:39:39+00:00\",\"dateModified\":\"2024-10-09T12:29:54+00:00\",\"description\":\"Miete, kaufe, oder finanziere f\u00fcr das Training zu Hause den Tunturi C85F Crosstrainer Endurance bei RNTL. Ein klassiker unter den Crosstrainern.\",\"breadcrumb\":{\"@id\":\"https:\/\/rntl.ch\/fitness\/produkt\/tunturi-c85f-crosstrainer-endurance\/#breadcrumb\"},\"inLanguage\":\"de\",\"potentialAction\":[{\"@type\":\"ReadAction\",\"target\":[\"https:\/\/rntl.ch\/fitness\/produkt\/tunturi-c85f-crosstrainer-endurance\/\"]}]},{\"@type\":\"ImageObject\",\"inLanguage\":\"de\",\"@id\":\"https:\/\/rntl.ch\/fitness\/produkt\/tunturi-c85f-crosstrainer-endurance\/#primaryimage\",\"url\":\"https:\/\/rntl.ch\/fitness\/wp-content\/uploads\/sites\/3\/2024\/01\/3-7.png\",\"contentUrl\":\"https:\/\/rntl.ch\/fitness\/wp-content\/uploads\/sites\/3\/2024\/01\/3-7.png\",\"width\":800,\"height\":800},{\"@type\":\"BreadcrumbList\",\"@id\":\"https:\/\/rntl.ch\/fitness\/produkt\/tunturi-c85f-crosstrainer-endurance\/#breadcrumb\",\"itemListElement\":[{\"@type\":\"ListItem\",\"position\":1,\"name\":\"Startseite\",\"item\":\"https:\/\/rntl.ch\/fitness\/\"},{\"@type\":\"ListItem\",\"position\":2,\"name\":\"Shop\",\"item\":\"https:\/\/rntl.ch\/fitness\/shop\/\"},{\"@type\":\"ListItem\",\"position\":3,\"name\":\"Tunturi C85F Crosstrainer Endurance\"}]},{\"@type\":\"WebSite\",\"@id\":\"https:\/\/rntl.ch\/fitness\/#website\",\"url\":\"https:\/\/rntl.ch\/fitness\/\",\"name\":\"RNTL Fitness\",\"description\":\"Mieten Einfach Anders\",\"publisher\":{\"@id\":\"https:\/\/rntl.ch\/fitness\/#organization\"},\"potentialAction\":[{\"@type\":\"SearchAction\",\"target\":{\"@type\":\"EntryPoint\",\"urlTemplate\":\"https:\/\/rntl.ch\/fitness\/?s={search_term_string}\"},\"query-input\":{\"@type\":\"PropertyValueSpecification\",\"valueRequired\":true,\"valueName\":\"search_term_string\"}}],\"inLanguage\":\"de\"},{\"@type\":\"Organization\",\"@id\":\"https:\/\/rntl.ch\/fitness\/#organization\",\"name\":\"RNTL Fitness\",\"url\":\"https:\/\/rntl.ch\/fitness\/\",\"logo\":{\"@type\":\"ImageObject\",\"inLanguage\":\"de\",\"@id\":\"https:\/\/rntl.ch\/fitness\/#\/schema\/logo\/image\/\",\"url\":\"https:\/\/rntl.ch\/fitness\/wp-content\/uploads\/sites\/3\/2020\/11\/cropped-rntl_logo_white_530x150.png\",\"contentUrl\":\"https:\/\/rntl.ch\/fitness\/wp-content\/uploads\/sites\/3\/2020\/11\/cropped-rntl_logo_white_530x150.png\",\"width\":530,\"height\":150,\"caption\":\"RNTL Fitness\"},\"image\":{\"@id\":\"https:\/\/rntl.ch\/fitness\/#\/schema\/logo\/image\/\"}}]}<\/script>\n<!-- \/ Yoast SEO plugin. -->","yoast_head_json":{"title":"Tunturi C85F Crosstrainer Endurance - RNTL Fitness","description":"Miete, kaufe, oder finanziere f\u00fcr das Training zu Hause den Tunturi C85F Crosstrainer Endurance bei RNTL. Ein klassiker unter den Crosstrainern.","robots":{"index":"index","follow":"follow","max-snippet":"max-snippet:-1","max-image-preview":"max-image-preview:large","max-video-preview":"max-video-preview:-1"},"canonical":"https:\/\/rntl.ch\/fitness\/produkt\/tunturi-c85f-crosstrainer-endurance\/","og_locale":"de_DE","og_type":"article","og_title":"Tunturi C85F Crosstrainer Endurance - RNTL Fitness","og_description":"Miete, kaufe, oder finanziere f\u00fcr das Training zu Hause den Tunturi C85F Crosstrainer Endurance bei RNTL. Ein klassiker unter den Crosstrainern.","og_url":"https:\/\/rntl.ch\/fitness\/produkt\/tunturi-c85f-crosstrainer-endurance\/","og_site_name":"RNTL Fitness","article_modified_time":"2024-10-09T12:29:54+00:00","og_image":[{"width":800,"height":800,"url":"https:\/\/rntl.ch\/fitness\/wp-content\/uploads\/sites\/3\/2024\/01\/3-7.png","type":"image\/png"}],"twitter_card":"summary_large_image","twitter_misc":{"Gesch\u00e4tzte Lesezeit":"3\u00a0Minuten"},"schema":{"@context":"https:\/\/schema.org","@graph":[{"@type":"WebPage","@id":"https:\/\/rntl.ch\/fitness\/produkt\/tunturi-c85f-crosstrainer-endurance\/","url":"https:\/\/rntl.ch\/fitness\/produkt\/tunturi-c85f-crosstrainer-endurance\/","name":"Tunturi C85F Crosstrainer Endurance - RNTL Fitness","isPartOf":{"@id":"https:\/\/rntl.ch\/fitness\/#website"},"primaryImageOfPage":{"@id":"https:\/\/rntl.ch\/fitness\/produkt\/tunturi-c85f-crosstrainer-endurance\/#primaryimage"},"image":{"@id":"https:\/\/rntl.ch\/fitness\/produkt\/tunturi-c85f-crosstrainer-endurance\/#primaryimage"},"thumbnailUrl":"https:\/\/rntl.ch\/fitness\/wp-content\/uploads\/sites\/3\/2024\/01\/3-7.png","datePublished":"2024-01-18T14:39:39+00:00","dateModified":"2024-10-09T12:29:54+00:00","description":"Miete, kaufe, oder finanziere f\u00fcr das Training zu Hause den Tunturi C85F Crosstrainer Endurance bei RNTL. Ein klassiker unter den Crosstrainern.","breadcrumb":{"@id":"https:\/\/rntl.ch\/fitness\/produkt\/tunturi-c85f-crosstrainer-endurance\/#breadcrumb"},"inLanguage":"de","potentialAction":[{"@type":"ReadAction","target":["https:\/\/rntl.ch\/fitness\/produkt\/tunturi-c85f-crosstrainer-endurance\/"]}]},{"@type":"ImageObject","inLanguage":"de","@id":"https:\/\/rntl.ch\/fitness\/produkt\/tunturi-c85f-crosstrainer-endurance\/#primaryimage","url":"https:\/\/rntl.ch\/fitness\/wp-content\/uploads\/sites\/3\/2024\/01\/3-7.png","contentUrl":"https:\/\/rntl.ch\/fitness\/wp-content\/uploads\/sites\/3\/2024\/01\/3-7.png","width":800,"height":800},{"@type":"BreadcrumbList","@id":"https:\/\/rntl.ch\/fitness\/produkt\/tunturi-c85f-crosstrainer-endurance\/#breadcrumb","itemListElement":[{"@type":"ListItem","position":1,"name":"Startseite","item":"https:\/\/rntl.ch\/fitness\/"},{"@type":"ListItem","position":2,"name":"Shop","item":"https:\/\/rntl.ch\/fitness\/shop\/"},{"@type":"ListItem","position":3,"name":"Tunturi C85F Crosstrainer Endurance"}]},{"@type":"WebSite","@id":"https:\/\/rntl.ch\/fitness\/#website","url":"https:\/\/rntl.ch\/fitness\/","name":"RNTL Fitness","description":"Mieten Einfach Anders","publisher":{"@id":"https:\/\/rntl.ch\/fitness\/#organization"},"potentialAction":[{"@type":"SearchAction","target":{"@type":"EntryPoint","urlTemplate":"https:\/\/rntl.ch\/fitness\/?s={search_term_string}"},"query-input":{"@type":"PropertyValueSpecification","valueRequired":true,"valueName":"search_term_string"}}],"inLanguage":"de"},{"@type":"Organization","@id":"https:\/\/rntl.ch\/fitness\/#organization","name":"RNTL Fitness","url":"https:\/\/rntl.ch\/fitness\/","logo":{"@type":"ImageObject","inLanguage":"de","@id":"https:\/\/rntl.ch\/fitness\/#\/schema\/logo\/image\/","url":"https:\/\/rntl.ch\/fitness\/wp-content\/uploads\/sites\/3\/2020\/11\/cropped-rntl_logo_white_530x150.png","contentUrl":"https:\/\/rntl.ch\/fitness\/wp-content\/uploads\/sites\/3\/2020\/11\/cropped-rntl_logo_white_530x150.png","width":530,"height":150,"caption":"RNTL Fitness"},"image":{"@id":"https:\/\/rntl.ch\/fitness\/#\/schema\/logo\/image\/"}}]}},"_links":{"self":[{"href":"https:\/\/rntl.ch\/fitness\/wp-json\/wp\/v2\/product\/26754","targetHints":{"allow":["GET"]}}],"collection":[{"href":"https:\/\/rntl.ch\/fitness\/wp-json\/wp\/v2\/product"}],"about":[{"href":"https:\/\/rntl.ch\/fitness\/wp-json\/wp\/v2\/types\/product"}],"version-history":[{"count":0,"href":"https:\/\/rntl.ch\/fitness\/wp-json\/wp\/v2\/product\/26754\/revisions"}],"wp:featuredmedia":[{"embeddable":true,"href":"https:\/\/rntl.ch\/fitness\/wp-json\/wp\/v2\/media\/26759"}],"wp:attachment":[{"href":"https:\/\/rntl.ch\/fitness\/wp-json\/wp\/v2\/media?parent=26754"}],"wp:term":[{"taxonomy":"product_brand","embeddable":true,"href":"https:\/\/rntl.ch\/fitness\/wp-json\/wp\/v2\/product_brand?post=26754"},{"taxonomy":"product_cat","embeddable":true,"href":"https:\/\/rntl.ch\/fitness\/wp-json\/wp\/v2\/product_cat?post=26754"},{"taxonomy":"product_tag","embeddable":true,"href":"https:\/\/rntl.ch\/fitness\/wp-json\/wp\/v2\/product_tag?post=26754"}],"curies":[{"name":"wp","href":"https:\/\/api.w.org\/{rel}","templated":true}]}}