{"id":28128,"date":"2024-05-03T11:06:07","date_gmt":"2024-05-03T09:06:07","guid":{"rendered":"https:\/\/rntl.ch\/fitness\/?post_type=product&#038;p=28128"},"modified":"2024-10-08T13:23:35","modified_gmt":"2024-10-08T11:23:35","slug":"kingsmith-laufband-walkingpad-s1-wir-vermieten-uebrigens-auch-laufbaender","status":"publish","type":"product","link":"https:\/\/rntl.ch\/fitness\/produkt\/kingsmith-laufband-walkingpad-s1-wir-vermieten-uebrigens-auch-laufbaender\/","title":{"rendered":"KingSmith Laufband WalkingPad S1 &#8211; Wir vermieten \u00fcbrigens auch Laufb\u00e4nder!"},"content":{"rendered":"<ul>\n<li>Lauffl\u00e4che: 120 x 44 cm; Masse zusammengeklappt (B x H x T): 518 mm x 136 mm x 825 mm<\/li>\n<li>Aufstellmasse (B x H x T): 51.8 cm x 12.5 cm x 144.5 cm<\/li>\n<li>Max. Belastung 100kg<\/li>\n<li>\n<div class=\"bpantBJu bpax2Cuk col-lg-6\">\n<div class=\"bpaQfefz\">\n<p class=\"bpalzzX0\">Bewegung ist f\u00fcr die geistige und k\u00f6rperliche Gesundheit essentiell \u2013 dabei leisten schon leichte Aktivit\u00e4ten einen grossen Beitrag. Das WalkingPad S1 ist das schlichte Einrichtungsst\u00fcck der urbanen Wohnung. Es animiert Sie zum regelm\u00e4ssigen Spaziergang in den eigenen vier W\u00e4nden oder im B\u00fcro. Dank der zwei Rollen l\u00e4sst es sich leicht verr\u00e4umen. Zusammengeklappt findet es selbst dort Platz, wo es Ihnen auf keinen Fall in die Quere kommt \u2013 beispielsweise unter der Couch oder dem Bett.<\/p>\n<div class=\"bpaCBAXg bpamsNrf\">\n<h4 class=\"bpaJhi40 bpaDAvel bpaVItGy\">High-Tech Sensoren<\/h4>\n<p>Anhand mehrerer Sensoren unter dem Laufband errechnet das WalkingPad S1 die gew\u00fcnschte Geh-Geschwindigkeit. Erh\u00f6hen Sie die Schrittfrequenz wird das Band kontinuierlich schneller \u2013 bis zur Maximalgeschwindigkeit von 6 km\/h. Wird es zu schnell, gehen Sie einfach langsamer und das Band reagiert. M\u00f6chten Sie lieber die Kontrolle selbst in der Hand haben, k\u00f6nnen Sie die beigelegte Fernbedienung oder die Smartphone App benutzen.<\/p>\n<\/div>\n<div class=\"bpaCBAXg bpamsNrf\">\n<h4 class=\"bpaJhi40 bpaDAvel bpaVItGy\">App-Funktionen<\/h4>\n<p>Die WalkingPad App bietet Ihnen Einblicke in Ihre Aktivit\u00e4ten. Sie Protokolliert, wie h\u00e4ufig und wie lange Sie sich auf dem WalkingPad bewegen und wie viele Kalorien Sie dabei verbrennen. Die App ist f\u00fcr Android und iOS verf\u00fcgbar.<\/p>\n<\/div>\n<div class=\"bpaCBAXg bpamsNrf\">\n<h4 class=\"bpaJhi40 bpaDAvel bpaVItGy\">Platzsparend<\/h4>\n<p>Das Laufband kann 180 Grad zusammengeklappt werden und unter dem Bett, Schrank oder anderen M\u00f6beln verstaut werden. Das WalkingPad ist aus robusten Materialen hergestellt und kann mit bis zu 100 kg belastet werden.<\/p>\n<\/div>\n<\/div>\n<div class=\"bpatb78P\">\n<div class=\"bpaVHUTl\">https:\/\/www.youtube.com\/watch?v=hKJVNaCIs64<\/div>\n<div><\/div>\n<div><\/div>\n<\/div>\n<\/div>\n<\/li>\n<\/ul>\n<p>&nbsp;<\/p>\n","protected":false},"excerpt":{"rendered":"<h3>Ultrakompaktes Laufband f\u00fcr Spazierg\u00e4nge<\/h3>\n<ul>\n<li>Ultrakompaktes Laufband f\u00fcr Spazierg\u00e4nge im B\u00fcro oder in der Stube<\/li>\n<li>Mit Transportrollen und Faltmechanismus<\/li>\n<li>Auspacken, hinstellen und loslaufen \u2013 ganz ohne Installation<\/li>\n<li>Geschwindigkeit: 0.8 km\/h \u2013 6.0 km\/h<\/li>\n<\/ul>\n<p><span style=\"font-weight: 400;\">[rntl_page_content id=\"19556\"]<\/span><\/p>\n<div class=\"woocommerce-product-details__short-description\">\n<p>&nbsp;<\/p>\n<\/div>\n","protected":false},"featured_media":28119,"template":"","meta":{"content-type":""},"product_brand":[],"product_cat":[28],"product_tag":[26,107],"class_list":{"0":"post-28128","1":"product","2":"type-product","3":"status-publish","4":"has-post-thumbnail","6":"product_cat-laufbaender","7":"product_tag-kaufen","8":"product_tag-kaufen-neu","9":"product_shipping_class-paket","10":"tm-no-options","12":"first","13":"outofstock","14":"taxable","15":"shipping-taxable","16":"purchasable","17":"product-type-simple"},"yoast_head":"<!-- This site is optimized with the Yoast SEO plugin v26.3 - https:\/\/yoast.com\/wordpress\/plugins\/seo\/ -->\n<title>KingSmith Laufband WalkingPad S1 - Wir vermieten \u00fcbrigens auch Laufb\u00e4nder! - RNTL Fitness<\/title>\n<meta name=\"description\" content=\"Miete, kaufe, oder finanziere f\u00fcr das Spinning Training zu Hause das KingSmith Laufband WalkingPad S1 bei RNTL. Perfekt f\u00fcr dein Spaziergang im B\u00fcro.\" \/>\n<meta name=\"robots\" content=\"index, follow, max-snippet:-1, max-image-preview:large, max-video-preview:-1\" \/>\n<link rel=\"canonical\" href=\"https:\/\/rntl.ch\/fitness\/produkt\/kingsmith-laufband-walkingpad-s1-wir-vermieten-uebrigens-auch-laufbaender\/\" \/>\n<meta property=\"og:locale\" content=\"de_DE\" \/>\n<meta property=\"og:type\" content=\"article\" \/>\n<meta property=\"og:title\" content=\"KingSmith Laufband WalkingPad S1 - Wir vermieten \u00fcbrigens auch Laufb\u00e4nder! - RNTL Fitness\" \/>\n<meta property=\"og:description\" content=\"Miete, kaufe, oder finanziere f\u00fcr das Spinning Training zu Hause das KingSmith Laufband WalkingPad S1 bei RNTL. Perfekt f\u00fcr dein Spaziergang im B\u00fcro.\" \/>\n<meta property=\"og:url\" content=\"https:\/\/rntl.ch\/fitness\/produkt\/kingsmith-laufband-walkingpad-s1-wir-vermieten-uebrigens-auch-laufbaender\/\" \/>\n<meta property=\"og:site_name\" content=\"RNTL Fitness\" \/>\n<meta property=\"article:modified_time\" content=\"2024-10-08T11:23:35+00:00\" \/>\n<meta property=\"og:image\" content=\"https:\/\/rntl.ch\/fitness\/wp-content\/uploads\/sites\/3\/2024\/05\/1.png\" \/>\n\t<meta property=\"og:image:width\" content=\"800\" \/>\n\t<meta property=\"og:image:height\" content=\"800\" \/>\n\t<meta property=\"og:image:type\" content=\"image\/png\" \/>\n<meta name=\"twitter:card\" content=\"summary_large_image\" \/>\n<meta name=\"twitter:label1\" content=\"Gesch\u00e4tzte Lesezeit\" \/>\n\t<meta name=\"twitter:data1\" content=\"2\u00a0Minuten\" \/>\n<script type=\"application\/ld+json\" class=\"yoast-schema-graph\">{\"@context\":\"https:\/\/schema.org\",\"@graph\":[{\"@type\":\"WebPage\",\"@id\":\"https:\/\/rntl.ch\/fitness\/produkt\/kingsmith-laufband-walkingpad-s1-wir-vermieten-uebrigens-auch-laufbaender\/\",\"url\":\"https:\/\/rntl.ch\/fitness\/produkt\/kingsmith-laufband-walkingpad-s1-wir-vermieten-uebrigens-auch-laufbaender\/\",\"name\":\"KingSmith Laufband WalkingPad S1 - Wir vermieten \u00fcbrigens auch Laufb\u00e4nder! - RNTL Fitness\",\"isPartOf\":{\"@id\":\"https:\/\/rntl.ch\/fitness\/#website\"},\"primaryImageOfPage\":{\"@id\":\"https:\/\/rntl.ch\/fitness\/produkt\/kingsmith-laufband-walkingpad-s1-wir-vermieten-uebrigens-auch-laufbaender\/#primaryimage\"},\"image\":{\"@id\":\"https:\/\/rntl.ch\/fitness\/produkt\/kingsmith-laufband-walkingpad-s1-wir-vermieten-uebrigens-auch-laufbaender\/#primaryimage\"},\"thumbnailUrl\":\"https:\/\/rntl.ch\/fitness\/wp-content\/uploads\/sites\/3\/2024\/05\/1.png\",\"datePublished\":\"2024-05-03T09:06:07+00:00\",\"dateModified\":\"2024-10-08T11:23:35+00:00\",\"description\":\"Miete, kaufe, oder finanziere f\u00fcr das Spinning Training zu Hause das KingSmith Laufband WalkingPad S1 bei RNTL. Perfekt f\u00fcr dein Spaziergang im B\u00fcro.\",\"breadcrumb\":{\"@id\":\"https:\/\/rntl.ch\/fitness\/produkt\/kingsmith-laufband-walkingpad-s1-wir-vermieten-uebrigens-auch-laufbaender\/#breadcrumb\"},\"inLanguage\":\"de\",\"potentialAction\":[{\"@type\":\"ReadAction\",\"target\":[\"https:\/\/rntl.ch\/fitness\/produkt\/kingsmith-laufband-walkingpad-s1-wir-vermieten-uebrigens-auch-laufbaender\/\"]}]},{\"@type\":\"ImageObject\",\"inLanguage\":\"de\",\"@id\":\"https:\/\/rntl.ch\/fitness\/produkt\/kingsmith-laufband-walkingpad-s1-wir-vermieten-uebrigens-auch-laufbaender\/#primaryimage\",\"url\":\"https:\/\/rntl.ch\/fitness\/wp-content\/uploads\/sites\/3\/2024\/05\/1.png\",\"contentUrl\":\"https:\/\/rntl.ch\/fitness\/wp-content\/uploads\/sites\/3\/2024\/05\/1.png\",\"width\":800,\"height\":800},{\"@type\":\"BreadcrumbList\",\"@id\":\"https:\/\/rntl.ch\/fitness\/produkt\/kingsmith-laufband-walkingpad-s1-wir-vermieten-uebrigens-auch-laufbaender\/#breadcrumb\",\"itemListElement\":[{\"@type\":\"ListItem\",\"position\":1,\"name\":\"Startseite\",\"item\":\"https:\/\/rntl.ch\/fitness\/\"},{\"@type\":\"ListItem\",\"position\":2,\"name\":\"Shop\",\"item\":\"https:\/\/rntl.ch\/fitness\/shop\/\"},{\"@type\":\"ListItem\",\"position\":3,\"name\":\"KingSmith Laufband WalkingPad S1 &#8211; Wir vermieten \u00fcbrigens auch Laufb\u00e4nder!\"}]},{\"@type\":\"WebSite\",\"@id\":\"https:\/\/rntl.ch\/fitness\/#website\",\"url\":\"https:\/\/rntl.ch\/fitness\/\",\"name\":\"RNTL Fitness\",\"description\":\"Mieten Einfach Anders\",\"publisher\":{\"@id\":\"https:\/\/rntl.ch\/fitness\/#organization\"},\"potentialAction\":[{\"@type\":\"SearchAction\",\"target\":{\"@type\":\"EntryPoint\",\"urlTemplate\":\"https:\/\/rntl.ch\/fitness\/?s={search_term_string}\"},\"query-input\":{\"@type\":\"PropertyValueSpecification\",\"valueRequired\":true,\"valueName\":\"search_term_string\"}}],\"inLanguage\":\"de\"},{\"@type\":\"Organization\",\"@id\":\"https:\/\/rntl.ch\/fitness\/#organization\",\"name\":\"RNTL Fitness\",\"url\":\"https:\/\/rntl.ch\/fitness\/\",\"logo\":{\"@type\":\"ImageObject\",\"inLanguage\":\"de\",\"@id\":\"https:\/\/rntl.ch\/fitness\/#\/schema\/logo\/image\/\",\"url\":\"https:\/\/rntl.ch\/fitness\/wp-content\/uploads\/sites\/3\/2020\/11\/cropped-rntl_logo_white_530x150.png\",\"contentUrl\":\"https:\/\/rntl.ch\/fitness\/wp-content\/uploads\/sites\/3\/2020\/11\/cropped-rntl_logo_white_530x150.png\",\"width\":530,\"height\":150,\"caption\":\"RNTL Fitness\"},\"image\":{\"@id\":\"https:\/\/rntl.ch\/fitness\/#\/schema\/logo\/image\/\"}}]}<\/script>\n<!-- \/ Yoast SEO plugin. -->","yoast_head_json":{"title":"KingSmith Laufband WalkingPad S1 - Wir vermieten \u00fcbrigens auch Laufb\u00e4nder! - RNTL Fitness","description":"Miete, kaufe, oder finanziere f\u00fcr das Spinning Training zu Hause das KingSmith Laufband WalkingPad S1 bei RNTL. Perfekt f\u00fcr dein Spaziergang im B\u00fcro.","robots":{"index":"index","follow":"follow","max-snippet":"max-snippet:-1","max-image-preview":"max-image-preview:large","max-video-preview":"max-video-preview:-1"},"canonical":"https:\/\/rntl.ch\/fitness\/produkt\/kingsmith-laufband-walkingpad-s1-wir-vermieten-uebrigens-auch-laufbaender\/","og_locale":"de_DE","og_type":"article","og_title":"KingSmith Laufband WalkingPad S1 - Wir vermieten \u00fcbrigens auch Laufb\u00e4nder! - RNTL Fitness","og_description":"Miete, kaufe, oder finanziere f\u00fcr das Spinning Training zu Hause das KingSmith Laufband WalkingPad S1 bei RNTL. Perfekt f\u00fcr dein Spaziergang im B\u00fcro.","og_url":"https:\/\/rntl.ch\/fitness\/produkt\/kingsmith-laufband-walkingpad-s1-wir-vermieten-uebrigens-auch-laufbaender\/","og_site_name":"RNTL Fitness","article_modified_time":"2024-10-08T11:23:35+00:00","og_image":[{"width":800,"height":800,"url":"https:\/\/rntl.ch\/fitness\/wp-content\/uploads\/sites\/3\/2024\/05\/1.png","type":"image\/png"}],"twitter_card":"summary_large_image","twitter_misc":{"Gesch\u00e4tzte Lesezeit":"2\u00a0Minuten"},"schema":{"@context":"https:\/\/schema.org","@graph":[{"@type":"WebPage","@id":"https:\/\/rntl.ch\/fitness\/produkt\/kingsmith-laufband-walkingpad-s1-wir-vermieten-uebrigens-auch-laufbaender\/","url":"https:\/\/rntl.ch\/fitness\/produkt\/kingsmith-laufband-walkingpad-s1-wir-vermieten-uebrigens-auch-laufbaender\/","name":"KingSmith Laufband WalkingPad S1 - Wir vermieten \u00fcbrigens auch Laufb\u00e4nder! - RNTL Fitness","isPartOf":{"@id":"https:\/\/rntl.ch\/fitness\/#website"},"primaryImageOfPage":{"@id":"https:\/\/rntl.ch\/fitness\/produkt\/kingsmith-laufband-walkingpad-s1-wir-vermieten-uebrigens-auch-laufbaender\/#primaryimage"},"image":{"@id":"https:\/\/rntl.ch\/fitness\/produkt\/kingsmith-laufband-walkingpad-s1-wir-vermieten-uebrigens-auch-laufbaender\/#primaryimage"},"thumbnailUrl":"https:\/\/rntl.ch\/fitness\/wp-content\/uploads\/sites\/3\/2024\/05\/1.png","datePublished":"2024-05-03T09:06:07+00:00","dateModified":"2024-10-08T11:23:35+00:00","description":"Miete, kaufe, oder finanziere f\u00fcr das Spinning Training zu Hause das KingSmith Laufband WalkingPad S1 bei RNTL. Perfekt f\u00fcr dein Spaziergang im B\u00fcro.","breadcrumb":{"@id":"https:\/\/rntl.ch\/fitness\/produkt\/kingsmith-laufband-walkingpad-s1-wir-vermieten-uebrigens-auch-laufbaender\/#breadcrumb"},"inLanguage":"de","potentialAction":[{"@type":"ReadAction","target":["https:\/\/rntl.ch\/fitness\/produkt\/kingsmith-laufband-walkingpad-s1-wir-vermieten-uebrigens-auch-laufbaender\/"]}]},{"@type":"ImageObject","inLanguage":"de","@id":"https:\/\/rntl.ch\/fitness\/produkt\/kingsmith-laufband-walkingpad-s1-wir-vermieten-uebrigens-auch-laufbaender\/#primaryimage","url":"https:\/\/rntl.ch\/fitness\/wp-content\/uploads\/sites\/3\/2024\/05\/1.png","contentUrl":"https:\/\/rntl.ch\/fitness\/wp-content\/uploads\/sites\/3\/2024\/05\/1.png","width":800,"height":800},{"@type":"BreadcrumbList","@id":"https:\/\/rntl.ch\/fitness\/produkt\/kingsmith-laufband-walkingpad-s1-wir-vermieten-uebrigens-auch-laufbaender\/#breadcrumb","itemListElement":[{"@type":"ListItem","position":1,"name":"Startseite","item":"https:\/\/rntl.ch\/fitness\/"},{"@type":"ListItem","position":2,"name":"Shop","item":"https:\/\/rntl.ch\/fitness\/shop\/"},{"@type":"ListItem","position":3,"name":"KingSmith Laufband WalkingPad S1 &#8211; Wir vermieten \u00fcbrigens auch Laufb\u00e4nder!"}]},{"@type":"WebSite","@id":"https:\/\/rntl.ch\/fitness\/#website","url":"https:\/\/rntl.ch\/fitness\/","name":"RNTL Fitness","description":"Mieten Einfach Anders","publisher":{"@id":"https:\/\/rntl.ch\/fitness\/#organization"},"potentialAction":[{"@type":"SearchAction","target":{"@type":"EntryPoint","urlTemplate":"https:\/\/rntl.ch\/fitness\/?s={search_term_string}"},"query-input":{"@type":"PropertyValueSpecification","valueRequired":true,"valueName":"search_term_string"}}],"inLanguage":"de"},{"@type":"Organization","@id":"https:\/\/rntl.ch\/fitness\/#organization","name":"RNTL Fitness","url":"https:\/\/rntl.ch\/fitness\/","logo":{"@type":"ImageObject","inLanguage":"de","@id":"https:\/\/rntl.ch\/fitness\/#\/schema\/logo\/image\/","url":"https:\/\/rntl.ch\/fitness\/wp-content\/uploads\/sites\/3\/2020\/11\/cropped-rntl_logo_white_530x150.png","contentUrl":"https:\/\/rntl.ch\/fitness\/wp-content\/uploads\/sites\/3\/2020\/11\/cropped-rntl_logo_white_530x150.png","width":530,"height":150,"caption":"RNTL Fitness"},"image":{"@id":"https:\/\/rntl.ch\/fitness\/#\/schema\/logo\/image\/"}}]}},"_links":{"self":[{"href":"https:\/\/rntl.ch\/fitness\/wp-json\/wp\/v2\/product\/28128","targetHints":{"allow":["GET"]}}],"collection":[{"href":"https:\/\/rntl.ch\/fitness\/wp-json\/wp\/v2\/product"}],"about":[{"href":"https:\/\/rntl.ch\/fitness\/wp-json\/wp\/v2\/types\/product"}],"version-history":[{"count":1,"href":"https:\/\/rntl.ch\/fitness\/wp-json\/wp\/v2\/product\/28128\/revisions"}],"predecessor-version":[{"id":28133,"href":"https:\/\/rntl.ch\/fitness\/wp-json\/wp\/v2\/product\/28128\/revisions\/28133"}],"wp:featuredmedia":[{"embeddable":true,"href":"https:\/\/rntl.ch\/fitness\/wp-json\/wp\/v2\/media\/28119"}],"wp:attachment":[{"href":"https:\/\/rntl.ch\/fitness\/wp-json\/wp\/v2\/media?parent=28128"}],"wp:term":[{"taxonomy":"product_brand","embeddable":true,"href":"https:\/\/rntl.ch\/fitness\/wp-json\/wp\/v2\/product_brand?post=28128"},{"taxonomy":"product_cat","embeddable":true,"href":"https:\/\/rntl.ch\/fitness\/wp-json\/wp\/v2\/product_cat?post=28128"},{"taxonomy":"product_tag","embeddable":true,"href":"https:\/\/rntl.ch\/fitness\/wp-json\/wp\/v2\/product_tag?post=28128"}],"curies":[{"name":"wp","href":"https:\/\/api.w.org\/{rel}","templated":true}]}}