{"id":28365,"date":"2024-05-21T14:27:06","date_gmt":"2024-05-21T12:27:06","guid":{"rendered":"https:\/\/rntl.ch\/fitness\/?post_type=product&#038;p=28365"},"modified":"2024-05-21T14:53:19","modified_gmt":"2024-05-21T12:53:19","slug":"tunturi-verstellbare-hantelbank-schraegbank-mit-bauchtrainer-ub20","status":"publish","type":"product","link":"https:\/\/rntl.ch\/fitness\/produkt\/tunturi-verstellbare-hantelbank-schraegbank-mit-bauchtrainer-ub20\/","title":{"rendered":"Tunturi verstellbare Hantelbank Schr\u00e4gbank mit Bauchtrainer UB20"},"content":{"rendered":"<div class=\"bpantBJu bpax2Cuk col-lg-6\">\n<div class=\"bpatb78P\">\n<p>Die Tunturi Multi Hantelbank Utility Bench UB20 (17TSUB2000) ist eine stabile Deluxe-Multibank, kommt in kompaktem Design und wurde mit einem pulverbeschichtetem Stahlrahmen in schwarz-matt versehen &#8211; optimal f\u00fcr das Krafttraining mit Gewichten. Die Schr\u00e4gbank ist mit einem Schiebesystem ausger\u00fcstet, so kann die R\u00fcckenlehne in 7 verschiedene Positionen gebracht werden. Zudem ist auch ein Schnelleinstellknopf angebracht worden, um Neigungs-, Liegest\u00fctz- und Flachpositionen direkt einstellen zu k\u00f6nnen. Die Schaumrollenpolster sind zusammenklappbar, damit ein sicheres Sitzen beim Halten der Hantelstange gew\u00e4hrleistet wird. Die Sitzposition kann bei dieser Multibank nicht ver\u00e4ndert werden.<\/p>\n<p>Die verstellbare Hantelbank UB20 von Tunturi hat ein Eigengewicht von 11.5 kg und das maximale Nutzergewicht betr\u00e4gt 220 kg. Die Masse der Trainingsbank betragen 134 x 43 x 44-117 (LBH in cm). Die Bank ist ausserdem klappbar und kann platzsparend auf die Masse 134 x 43 x 23.5 (LBH in cm) reduziert werden.<\/p>\n<table class=\"table table-striped product-detail-properties-table\">\n<tbody>\n<tr class=\"properties-row\">\n<th class=\"properties-label\">Abmessung Breite in cm:<\/th>\n<td class=\"properties-value\">98<\/td>\n<\/tr>\n<tr class=\"properties-row\">\n<th class=\"properties-label\">Abmessung H\u00f6he in cm:<\/th>\n<td class=\"properties-value\">44<\/td>\n<\/tr>\n<tr class=\"properties-row\">\n<th class=\"properties-label\">Abmessung L\u00e4nge in cm:<\/th>\n<td class=\"properties-value\">119<\/td>\n<\/tr>\n<tr class=\"properties-row\">\n<th class=\"properties-label\">Anwendungsbereich:<\/th>\n<td class=\"properties-value\">Home Entry<\/td>\n<\/tr>\n<tr class=\"properties-row\">\n<th class=\"properties-label\">Gewicht inkl. Verpackung in kg:<\/th>\n<td class=\"properties-value\">13<\/td>\n<\/tr>\n<tr class=\"properties-row\">\n<th class=\"properties-label\">Gewicht netto in kg:<\/th>\n<td class=\"properties-value\">11.5<\/td>\n<\/tr>\n<tr class=\"properties-row\">\n<th class=\"properties-label\">Inhaltmenge pro Packung:<\/th>\n<td class=\"properties-value\">1<\/td>\n<\/tr>\n<tr class=\"properties-row\">\n<th class=\"properties-label\">Max. Belastung:<\/th>\n<td class=\"properties-value\">220 Kg<\/td>\n<\/tr>\n<tr class=\"properties-row\">\n<th class=\"properties-label\">Produktetyp:<\/th>\n<td class=\"properties-value\">Grossger\u00e4t<\/td>\n<\/tr>\n<tr class=\"properties-row\">\n<th class=\"properties-label\">faltbar:<\/th>\n<td class=\"properties-value\">ja<\/td>\n<\/tr>\n<\/tbody>\n<\/table>\n<\/div>\n<\/div>\n<p>&nbsp;<\/p>\n","protected":false},"excerpt":{"rendered":"<h3>Optimal f\u00fcr das Krafttraining mit Gewichten.<\/h3>\n<ul class=\"bpaSX8t_ bpaWeO0A\">\n<li class=\"bpacbGuz\">R\u00fcckenlehne in 7 Positionen anpassbar: Verschiedene Trainingsm\u00f6glichkeiten speziell f\u00fcr den Oberk\u00f6rper<\/li>\n<li class=\"bpacbGuz\">Zusammenklappbar f\u00fcr einfaches Verstauen<\/li>\n<li class=\"bpacbGuz\">Gewicht: 11.5 kg<\/li>\n<li class=\"bpacbGuz\">Abmessungen: 98 cm (B) x 44 cm (H) x 119 cm (L)<\/li>\n<li class=\"bpacbGuz\">Stabiles, Vern\u00e4htes Aussenmaterial<\/li>\n<\/ul>\n<p><strong>Kaufpreis [woo_custom_field id=\"rntl_retail_price_field\"].-<\/strong><\/p>\n[rntl_page_content id=\"14687\"]\n<div class=\"woocommerce-product-details__short-description\">\n<p>&nbsp;<\/p>\n<\/div>\n","protected":false},"featured_media":28370,"template":"","meta":{"content-type":""},"product_brand":[],"product_cat":[27],"product_tag":[112],"class_list":{"0":"post-28365","1":"product","2":"type-product","3":"status-publish","4":"has-post-thumbnail","6":"product_cat-krafttraining","7":"product_tag-mieten","8":"product_shipping_class-paket","9":"tm-no-options","11":"first","12":"instock","13":"taxable","14":"shipping-taxable","15":"purchasable","16":"product-type-variable-subscription","17":"has-default-attributes"},"yoast_head":"<!-- This site is optimized with the Yoast SEO plugin v26.3 - https:\/\/yoast.com\/wordpress\/plugins\/seo\/ -->\n<title>Tunturi verstellbare Hantelbank Schr\u00e4gbank mit Bauchtrainer UB20 - RNTL Fitness<\/title>\n<meta name=\"description\" content=\"Miete, kaufe, oder finanziere f\u00fcr Tunturi verstellbare Hantelbank Schr\u00e4gbank mit Bauchtrainer UB20 bei RNTL. Perfekt f\u00fcr agiles Arbeiten im B\u00fcro.\" \/>\n<meta name=\"robots\" content=\"index, follow, max-snippet:-1, max-image-preview:large, max-video-preview:-1\" \/>\n<link rel=\"canonical\" href=\"https:\/\/rntl.ch\/fitness\/produkt\/tunturi-verstellbare-hantelbank-schraegbank-mit-bauchtrainer-ub20\/\" \/>\n<meta property=\"og:locale\" content=\"de_DE\" \/>\n<meta property=\"og:type\" content=\"article\" \/>\n<meta property=\"og:title\" content=\"Tunturi verstellbare Hantelbank Schr\u00e4gbank mit Bauchtrainer UB20 - RNTL Fitness\" \/>\n<meta property=\"og:description\" content=\"Miete, kaufe, oder finanziere f\u00fcr Tunturi verstellbare Hantelbank Schr\u00e4gbank mit Bauchtrainer UB20 bei RNTL. Perfekt f\u00fcr agiles Arbeiten im B\u00fcro.\" \/>\n<meta property=\"og:url\" content=\"https:\/\/rntl.ch\/fitness\/produkt\/tunturi-verstellbare-hantelbank-schraegbank-mit-bauchtrainer-ub20\/\" \/>\n<meta property=\"og:site_name\" content=\"RNTL Fitness\" \/>\n<meta property=\"article:modified_time\" content=\"2024-05-21T12:53:19+00:00\" \/>\n<meta property=\"og:image\" content=\"https:\/\/rntl.ch\/fitness\/wp-content\/uploads\/sites\/3\/2024\/05\/lg_UB20-01_1275_1920x1920.jpg\" \/>\n\t<meta property=\"og:image:width\" content=\"1280\" \/>\n\t<meta property=\"og:image:height\" content=\"1280\" \/>\n\t<meta property=\"og:image:type\" content=\"image\/jpeg\" \/>\n<meta name=\"twitter:card\" content=\"summary_large_image\" \/>\n<meta name=\"twitter:label1\" content=\"Gesch\u00e4tzte Lesezeit\" \/>\n\t<meta name=\"twitter:data1\" content=\"2\u00a0Minuten\" \/>\n<script type=\"application\/ld+json\" class=\"yoast-schema-graph\">{\"@context\":\"https:\/\/schema.org\",\"@graph\":[{\"@type\":\"WebPage\",\"@id\":\"https:\/\/rntl.ch\/fitness\/produkt\/tunturi-verstellbare-hantelbank-schraegbank-mit-bauchtrainer-ub20\/\",\"url\":\"https:\/\/rntl.ch\/fitness\/produkt\/tunturi-verstellbare-hantelbank-schraegbank-mit-bauchtrainer-ub20\/\",\"name\":\"Tunturi verstellbare Hantelbank Schr\u00e4gbank mit Bauchtrainer UB20 - RNTL Fitness\",\"isPartOf\":{\"@id\":\"https:\/\/rntl.ch\/fitness\/#website\"},\"primaryImageOfPage\":{\"@id\":\"https:\/\/rntl.ch\/fitness\/produkt\/tunturi-verstellbare-hantelbank-schraegbank-mit-bauchtrainer-ub20\/#primaryimage\"},\"image\":{\"@id\":\"https:\/\/rntl.ch\/fitness\/produkt\/tunturi-verstellbare-hantelbank-schraegbank-mit-bauchtrainer-ub20\/#primaryimage\"},\"thumbnailUrl\":\"https:\/\/rntl.ch\/fitness\/wp-content\/uploads\/sites\/3\/2024\/05\/lg_UB20-01_1275_1920x1920.jpg\",\"datePublished\":\"2024-05-21T12:27:06+00:00\",\"dateModified\":\"2024-05-21T12:53:19+00:00\",\"description\":\"Miete, kaufe, oder finanziere f\u00fcr Tunturi verstellbare Hantelbank Schr\u00e4gbank mit Bauchtrainer UB20 bei RNTL. Perfekt f\u00fcr agiles Arbeiten im B\u00fcro.\",\"breadcrumb\":{\"@id\":\"https:\/\/rntl.ch\/fitness\/produkt\/tunturi-verstellbare-hantelbank-schraegbank-mit-bauchtrainer-ub20\/#breadcrumb\"},\"inLanguage\":\"de\",\"potentialAction\":[{\"@type\":\"ReadAction\",\"target\":[\"https:\/\/rntl.ch\/fitness\/produkt\/tunturi-verstellbare-hantelbank-schraegbank-mit-bauchtrainer-ub20\/\"]}]},{\"@type\":\"ImageObject\",\"inLanguage\":\"de\",\"@id\":\"https:\/\/rntl.ch\/fitness\/produkt\/tunturi-verstellbare-hantelbank-schraegbank-mit-bauchtrainer-ub20\/#primaryimage\",\"url\":\"https:\/\/rntl.ch\/fitness\/wp-content\/uploads\/sites\/3\/2024\/05\/lg_UB20-01_1275_1920x1920.jpg\",\"contentUrl\":\"https:\/\/rntl.ch\/fitness\/wp-content\/uploads\/sites\/3\/2024\/05\/lg_UB20-01_1275_1920x1920.jpg\",\"width\":1280,\"height\":1280},{\"@type\":\"BreadcrumbList\",\"@id\":\"https:\/\/rntl.ch\/fitness\/produkt\/tunturi-verstellbare-hantelbank-schraegbank-mit-bauchtrainer-ub20\/#breadcrumb\",\"itemListElement\":[{\"@type\":\"ListItem\",\"position\":1,\"name\":\"Startseite\",\"item\":\"https:\/\/rntl.ch\/fitness\/\"},{\"@type\":\"ListItem\",\"position\":2,\"name\":\"Shop\",\"item\":\"https:\/\/rntl.ch\/fitness\/shop\/\"},{\"@type\":\"ListItem\",\"position\":3,\"name\":\"Tunturi verstellbare Hantelbank Schr\u00e4gbank mit Bauchtrainer UB20\"}]},{\"@type\":\"WebSite\",\"@id\":\"https:\/\/rntl.ch\/fitness\/#website\",\"url\":\"https:\/\/rntl.ch\/fitness\/\",\"name\":\"RNTL Fitness\",\"description\":\"Mieten Einfach Anders\",\"publisher\":{\"@id\":\"https:\/\/rntl.ch\/fitness\/#organization\"},\"potentialAction\":[{\"@type\":\"SearchAction\",\"target\":{\"@type\":\"EntryPoint\",\"urlTemplate\":\"https:\/\/rntl.ch\/fitness\/?s={search_term_string}\"},\"query-input\":{\"@type\":\"PropertyValueSpecification\",\"valueRequired\":true,\"valueName\":\"search_term_string\"}}],\"inLanguage\":\"de\"},{\"@type\":\"Organization\",\"@id\":\"https:\/\/rntl.ch\/fitness\/#organization\",\"name\":\"RNTL Fitness\",\"url\":\"https:\/\/rntl.ch\/fitness\/\",\"logo\":{\"@type\":\"ImageObject\",\"inLanguage\":\"de\",\"@id\":\"https:\/\/rntl.ch\/fitness\/#\/schema\/logo\/image\/\",\"url\":\"https:\/\/rntl.ch\/fitness\/wp-content\/uploads\/sites\/3\/2020\/11\/cropped-rntl_logo_white_530x150.png\",\"contentUrl\":\"https:\/\/rntl.ch\/fitness\/wp-content\/uploads\/sites\/3\/2020\/11\/cropped-rntl_logo_white_530x150.png\",\"width\":530,\"height\":150,\"caption\":\"RNTL Fitness\"},\"image\":{\"@id\":\"https:\/\/rntl.ch\/fitness\/#\/schema\/logo\/image\/\"}}]}<\/script>\n<!-- \/ Yoast SEO plugin. -->","yoast_head_json":{"title":"Tunturi verstellbare Hantelbank Schr\u00e4gbank mit Bauchtrainer UB20 - RNTL Fitness","description":"Miete, kaufe, oder finanziere f\u00fcr Tunturi verstellbare Hantelbank Schr\u00e4gbank mit Bauchtrainer UB20 bei RNTL. Perfekt f\u00fcr agiles Arbeiten im B\u00fcro.","robots":{"index":"index","follow":"follow","max-snippet":"max-snippet:-1","max-image-preview":"max-image-preview:large","max-video-preview":"max-video-preview:-1"},"canonical":"https:\/\/rntl.ch\/fitness\/produkt\/tunturi-verstellbare-hantelbank-schraegbank-mit-bauchtrainer-ub20\/","og_locale":"de_DE","og_type":"article","og_title":"Tunturi verstellbare Hantelbank Schr\u00e4gbank mit Bauchtrainer UB20 - RNTL Fitness","og_description":"Miete, kaufe, oder finanziere f\u00fcr Tunturi verstellbare Hantelbank Schr\u00e4gbank mit Bauchtrainer UB20 bei RNTL. Perfekt f\u00fcr agiles Arbeiten im B\u00fcro.","og_url":"https:\/\/rntl.ch\/fitness\/produkt\/tunturi-verstellbare-hantelbank-schraegbank-mit-bauchtrainer-ub20\/","og_site_name":"RNTL Fitness","article_modified_time":"2024-05-21T12:53:19+00:00","og_image":[{"width":1280,"height":1280,"url":"https:\/\/rntl.ch\/fitness\/wp-content\/uploads\/sites\/3\/2024\/05\/lg_UB20-01_1275_1920x1920.jpg","type":"image\/jpeg"}],"twitter_card":"summary_large_image","twitter_misc":{"Gesch\u00e4tzte Lesezeit":"2\u00a0Minuten"},"schema":{"@context":"https:\/\/schema.org","@graph":[{"@type":"WebPage","@id":"https:\/\/rntl.ch\/fitness\/produkt\/tunturi-verstellbare-hantelbank-schraegbank-mit-bauchtrainer-ub20\/","url":"https:\/\/rntl.ch\/fitness\/produkt\/tunturi-verstellbare-hantelbank-schraegbank-mit-bauchtrainer-ub20\/","name":"Tunturi verstellbare Hantelbank Schr\u00e4gbank mit Bauchtrainer UB20 - RNTL Fitness","isPartOf":{"@id":"https:\/\/rntl.ch\/fitness\/#website"},"primaryImageOfPage":{"@id":"https:\/\/rntl.ch\/fitness\/produkt\/tunturi-verstellbare-hantelbank-schraegbank-mit-bauchtrainer-ub20\/#primaryimage"},"image":{"@id":"https:\/\/rntl.ch\/fitness\/produkt\/tunturi-verstellbare-hantelbank-schraegbank-mit-bauchtrainer-ub20\/#primaryimage"},"thumbnailUrl":"https:\/\/rntl.ch\/fitness\/wp-content\/uploads\/sites\/3\/2024\/05\/lg_UB20-01_1275_1920x1920.jpg","datePublished":"2024-05-21T12:27:06+00:00","dateModified":"2024-05-21T12:53:19+00:00","description":"Miete, kaufe, oder finanziere f\u00fcr Tunturi verstellbare Hantelbank Schr\u00e4gbank mit Bauchtrainer UB20 bei RNTL. Perfekt f\u00fcr agiles Arbeiten im B\u00fcro.","breadcrumb":{"@id":"https:\/\/rntl.ch\/fitness\/produkt\/tunturi-verstellbare-hantelbank-schraegbank-mit-bauchtrainer-ub20\/#breadcrumb"},"inLanguage":"de","potentialAction":[{"@type":"ReadAction","target":["https:\/\/rntl.ch\/fitness\/produkt\/tunturi-verstellbare-hantelbank-schraegbank-mit-bauchtrainer-ub20\/"]}]},{"@type":"ImageObject","inLanguage":"de","@id":"https:\/\/rntl.ch\/fitness\/produkt\/tunturi-verstellbare-hantelbank-schraegbank-mit-bauchtrainer-ub20\/#primaryimage","url":"https:\/\/rntl.ch\/fitness\/wp-content\/uploads\/sites\/3\/2024\/05\/lg_UB20-01_1275_1920x1920.jpg","contentUrl":"https:\/\/rntl.ch\/fitness\/wp-content\/uploads\/sites\/3\/2024\/05\/lg_UB20-01_1275_1920x1920.jpg","width":1280,"height":1280},{"@type":"BreadcrumbList","@id":"https:\/\/rntl.ch\/fitness\/produkt\/tunturi-verstellbare-hantelbank-schraegbank-mit-bauchtrainer-ub20\/#breadcrumb","itemListElement":[{"@type":"ListItem","position":1,"name":"Startseite","item":"https:\/\/rntl.ch\/fitness\/"},{"@type":"ListItem","position":2,"name":"Shop","item":"https:\/\/rntl.ch\/fitness\/shop\/"},{"@type":"ListItem","position":3,"name":"Tunturi verstellbare Hantelbank Schr\u00e4gbank mit Bauchtrainer UB20"}]},{"@type":"WebSite","@id":"https:\/\/rntl.ch\/fitness\/#website","url":"https:\/\/rntl.ch\/fitness\/","name":"RNTL Fitness","description":"Mieten Einfach Anders","publisher":{"@id":"https:\/\/rntl.ch\/fitness\/#organization"},"potentialAction":[{"@type":"SearchAction","target":{"@type":"EntryPoint","urlTemplate":"https:\/\/rntl.ch\/fitness\/?s={search_term_string}"},"query-input":{"@type":"PropertyValueSpecification","valueRequired":true,"valueName":"search_term_string"}}],"inLanguage":"de"},{"@type":"Organization","@id":"https:\/\/rntl.ch\/fitness\/#organization","name":"RNTL Fitness","url":"https:\/\/rntl.ch\/fitness\/","logo":{"@type":"ImageObject","inLanguage":"de","@id":"https:\/\/rntl.ch\/fitness\/#\/schema\/logo\/image\/","url":"https:\/\/rntl.ch\/fitness\/wp-content\/uploads\/sites\/3\/2020\/11\/cropped-rntl_logo_white_530x150.png","contentUrl":"https:\/\/rntl.ch\/fitness\/wp-content\/uploads\/sites\/3\/2020\/11\/cropped-rntl_logo_white_530x150.png","width":530,"height":150,"caption":"RNTL Fitness"},"image":{"@id":"https:\/\/rntl.ch\/fitness\/#\/schema\/logo\/image\/"}}]}},"_links":{"self":[{"href":"https:\/\/rntl.ch\/fitness\/wp-json\/wp\/v2\/product\/28365","targetHints":{"allow":["GET"]}}],"collection":[{"href":"https:\/\/rntl.ch\/fitness\/wp-json\/wp\/v2\/product"}],"about":[{"href":"https:\/\/rntl.ch\/fitness\/wp-json\/wp\/v2\/types\/product"}],"version-history":[{"count":1,"href":"https:\/\/rntl.ch\/fitness\/wp-json\/wp\/v2\/product\/28365\/revisions"}],"predecessor-version":[{"id":28374,"href":"https:\/\/rntl.ch\/fitness\/wp-json\/wp\/v2\/product\/28365\/revisions\/28374"}],"wp:featuredmedia":[{"embeddable":true,"href":"https:\/\/rntl.ch\/fitness\/wp-json\/wp\/v2\/media\/28370"}],"wp:attachment":[{"href":"https:\/\/rntl.ch\/fitness\/wp-json\/wp\/v2\/media?parent=28365"}],"wp:term":[{"taxonomy":"product_brand","embeddable":true,"href":"https:\/\/rntl.ch\/fitness\/wp-json\/wp\/v2\/product_brand?post=28365"},{"taxonomy":"product_cat","embeddable":true,"href":"https:\/\/rntl.ch\/fitness\/wp-json\/wp\/v2\/product_cat?post=28365"},{"taxonomy":"product_tag","embeddable":true,"href":"https:\/\/rntl.ch\/fitness\/wp-json\/wp\/v2\/product_tag?post=28365"}],"curies":[{"name":"wp","href":"https:\/\/api.w.org\/{rel}","templated":true}]}}