{"id":28398,"date":"2024-05-23T09:20:36","date_gmt":"2024-05-23T07:20:36","guid":{"rendered":"https:\/\/rntl.ch\/fitness\/?post_type=product&#038;p=28398"},"modified":"2024-08-20T15:37:22","modified_gmt":"2024-08-20T13:37:22","slug":"tunturi-reha-pedalen-fuer-heimtrainer","status":"publish","type":"product","link":"https:\/\/rntl.ch\/fitness\/produkt\/tunturi-reha-pedalen-fuer-heimtrainer\/","title":{"rendered":"Tunturi Reha Pedalen f\u00fcr Heimtrainer"},"content":{"rendered":"<div class=\"bpantBJu bpax2Cuk col-lg-6\">\n<div class=\"bpatb78P\"><b>Zusa\u0308tzliche Unterstu\u0308tzung fu\u0308r Ihre Fu\u0308\u00dfe<\/b><br \/>\nMit den Tunturi Reha Pedalen erhalten Sie zusa\u0308tzliche Unterstu\u0308tzung beim Radfahren auf dem Heimtrainer oder Liegefahrrad. Die Pedale verfu\u0308gen u\u0308ber Riemen, die u\u0308ber die Fu\u0308\u00dfe laufen, und eine Fersenstu\u0308tze an der Ru\u0308ckseite. Dies bietet optimale Unterstu\u0308tzung beim Radfahren und verhindert, dass die Fu\u0308\u00dfe einfach aus den Pedalen rutschen. Die Pedale sind an der Unterseite mit einem Gegengewicht versehen, sodass sie in Ruheposition immer in einem schra\u0308gen Winkel kippen. Das ermo\u0308glicht einen einfachen und stabilen Einstieg; ideal fu\u0308r Menschen, die weniger gut zu Fu\u00df sind oder anderweitig durch eine gesto\u0308rte Motorik beeintra\u0308chtigt werden.<b>Vorteile<\/b><br \/>\n\u2714 Mit Fersenstu\u0308tze fu\u0308r optimale Unterstu\u0308tzung<br \/>\n\u2714 Einfacher Einstieg<br \/>\n\u2714 Geeignet fu\u0308r Kurbeln mit einem Durchmesser von 9\/16 Zoll<b>Einfach und robust<\/b><br \/>\nDie Reha Pedale sind fu\u0308r jeden Heimtrainer oder Liegefahrrad geeignet, dessen Kurbel einen Standarddurchmesser von 9\/16 Zoll hat. Sie sind einfach zu montieren und aus starkem Material gefertigt, das auch intensiver Nutzung gut standha\u0308lt.<\/p>\n<p><b>Spezifikationen<br \/>\n<\/b>\u25cb Abmessung: L 28 x B 20 x H 16 cm<br \/>\n\u25cb Gewicht: 1,78 kg<br \/>\n\u25cb Material: Pedale und Fu\u00dfriemen: Polypropylen<br \/>\n\u25cb Geeignet fu\u0308r Kurbeln mit einem Standarddurchmesser von 9\/16 Zoll<\/p>\n<\/div>\n<\/div>\n","protected":false},"excerpt":{"rendered":"<h3>Die Tunturi Reha Pedalen wurden speziell f\u00fcr den Physiotherapie-Bedarf resp. f\u00fcr den sicheren Gebrauch von Heimtrainern nach Operationen oder Verletzungen, Br\u00fcchen mit Gips usw. konzipiert. Mittels oberem und unterem Klettverschluss lassen sich die Pedalen gut fixieren um ein Verrutschen auszuschliessen.<\/h3>\n<p><strong>Kaufpreis [woo_custom_field id=\"rntl_retail_price_field\"].-<\/strong><\/p>\n[rntl_page_content id=\"14687\"]\n<div class=\"woocommerce-product-details__short-description\">\n<p>&nbsp;<\/p>\n<\/div>\n","protected":false},"featured_media":28404,"template":"","meta":{"content-type":""},"product_brand":[],"product_cat":[32],"product_tag":[112],"class_list":{"0":"post-28398","1":"product","2":"type-product","3":"status-publish","4":"has-post-thumbnail","6":"product_cat-zusatzausruestung","7":"product_tag-mieten","8":"product_shipping_class-paket","9":"tm-no-options","11":"first","12":"instock","13":"taxable","14":"shipping-taxable","15":"purchasable","16":"product-type-variable-subscription","17":"has-default-attributes"},"yoast_head":"<!-- This site is optimized with the Yoast SEO plugin v26.3 - https:\/\/yoast.com\/wordpress\/plugins\/seo\/ -->\n<title>Tunturi Reha Pedalen f\u00fcr Heimtrainer - RNTL Fitness<\/title>\n<meta name=\"description\" content=\"Miete, kaufe, oder finanziere f\u00fcr Tunturi Reha Pedalen f\u00fcr deinen Heimtrainer bei RNTL. Perfekt f\u00fcr das Aufbautraining nach einem Bruch mit Gips.\" \/>\n<meta name=\"robots\" content=\"index, follow, max-snippet:-1, max-image-preview:large, max-video-preview:-1\" \/>\n<link rel=\"canonical\" href=\"https:\/\/rntl.ch\/fitness\/produkt\/tunturi-reha-pedalen-fuer-heimtrainer\/\" \/>\n<meta property=\"og:locale\" content=\"de_DE\" \/>\n<meta property=\"og:type\" content=\"article\" \/>\n<meta property=\"og:title\" content=\"Tunturi Reha Pedalen f\u00fcr Heimtrainer - RNTL Fitness\" \/>\n<meta property=\"og:description\" content=\"Miete, kaufe, oder finanziere f\u00fcr Tunturi Reha Pedalen f\u00fcr deinen Heimtrainer bei RNTL. Perfekt f\u00fcr das Aufbautraining nach einem Bruch mit Gips.\" \/>\n<meta property=\"og:url\" content=\"https:\/\/rntl.ch\/fitness\/produkt\/tunturi-reha-pedalen-fuer-heimtrainer\/\" \/>\n<meta property=\"og:site_name\" content=\"RNTL Fitness\" \/>\n<meta property=\"article:modified_time\" content=\"2024-08-20T13:37:22+00:00\" \/>\n<meta property=\"og:image\" content=\"https:\/\/rntl.ch\/fitness\/wp-content\/uploads\/sites\/3\/2024\/05\/1-3.png\" \/>\n\t<meta property=\"og:image:width\" content=\"800\" \/>\n\t<meta property=\"og:image:height\" content=\"800\" \/>\n\t<meta property=\"og:image:type\" content=\"image\/png\" \/>\n<meta name=\"twitter:card\" content=\"summary_large_image\" \/>\n<meta name=\"twitter:label1\" content=\"Gesch\u00e4tzte Lesezeit\" \/>\n\t<meta name=\"twitter:data1\" content=\"2\u00a0Minuten\" \/>\n<script type=\"application\/ld+json\" class=\"yoast-schema-graph\">{\"@context\":\"https:\/\/schema.org\",\"@graph\":[{\"@type\":\"WebPage\",\"@id\":\"https:\/\/rntl.ch\/fitness\/produkt\/tunturi-reha-pedalen-fuer-heimtrainer\/\",\"url\":\"https:\/\/rntl.ch\/fitness\/produkt\/tunturi-reha-pedalen-fuer-heimtrainer\/\",\"name\":\"Tunturi Reha Pedalen f\u00fcr Heimtrainer - RNTL Fitness\",\"isPartOf\":{\"@id\":\"https:\/\/rntl.ch\/fitness\/#website\"},\"primaryImageOfPage\":{\"@id\":\"https:\/\/rntl.ch\/fitness\/produkt\/tunturi-reha-pedalen-fuer-heimtrainer\/#primaryimage\"},\"image\":{\"@id\":\"https:\/\/rntl.ch\/fitness\/produkt\/tunturi-reha-pedalen-fuer-heimtrainer\/#primaryimage\"},\"thumbnailUrl\":\"https:\/\/rntl.ch\/fitness\/wp-content\/uploads\/sites\/3\/2024\/05\/1-3.png\",\"datePublished\":\"2024-05-23T07:20:36+00:00\",\"dateModified\":\"2024-08-20T13:37:22+00:00\",\"description\":\"Miete, kaufe, oder finanziere f\u00fcr Tunturi Reha Pedalen f\u00fcr deinen Heimtrainer bei RNTL. Perfekt f\u00fcr das Aufbautraining nach einem Bruch mit Gips.\",\"breadcrumb\":{\"@id\":\"https:\/\/rntl.ch\/fitness\/produkt\/tunturi-reha-pedalen-fuer-heimtrainer\/#breadcrumb\"},\"inLanguage\":\"de\",\"potentialAction\":[{\"@type\":\"ReadAction\",\"target\":[\"https:\/\/rntl.ch\/fitness\/produkt\/tunturi-reha-pedalen-fuer-heimtrainer\/\"]}]},{\"@type\":\"ImageObject\",\"inLanguage\":\"de\",\"@id\":\"https:\/\/rntl.ch\/fitness\/produkt\/tunturi-reha-pedalen-fuer-heimtrainer\/#primaryimage\",\"url\":\"https:\/\/rntl.ch\/fitness\/wp-content\/uploads\/sites\/3\/2024\/05\/1-3.png\",\"contentUrl\":\"https:\/\/rntl.ch\/fitness\/wp-content\/uploads\/sites\/3\/2024\/05\/1-3.png\",\"width\":800,\"height\":800},{\"@type\":\"BreadcrumbList\",\"@id\":\"https:\/\/rntl.ch\/fitness\/produkt\/tunturi-reha-pedalen-fuer-heimtrainer\/#breadcrumb\",\"itemListElement\":[{\"@type\":\"ListItem\",\"position\":1,\"name\":\"Startseite\",\"item\":\"https:\/\/rntl.ch\/fitness\/\"},{\"@type\":\"ListItem\",\"position\":2,\"name\":\"Shop\",\"item\":\"https:\/\/rntl.ch\/fitness\/shop\/\"},{\"@type\":\"ListItem\",\"position\":3,\"name\":\"Tunturi Reha Pedalen f\u00fcr Heimtrainer\"}]},{\"@type\":\"WebSite\",\"@id\":\"https:\/\/rntl.ch\/fitness\/#website\",\"url\":\"https:\/\/rntl.ch\/fitness\/\",\"name\":\"RNTL Fitness\",\"description\":\"Mieten Einfach Anders\",\"publisher\":{\"@id\":\"https:\/\/rntl.ch\/fitness\/#organization\"},\"potentialAction\":[{\"@type\":\"SearchAction\",\"target\":{\"@type\":\"EntryPoint\",\"urlTemplate\":\"https:\/\/rntl.ch\/fitness\/?s={search_term_string}\"},\"query-input\":{\"@type\":\"PropertyValueSpecification\",\"valueRequired\":true,\"valueName\":\"search_term_string\"}}],\"inLanguage\":\"de\"},{\"@type\":\"Organization\",\"@id\":\"https:\/\/rntl.ch\/fitness\/#organization\",\"name\":\"RNTL Fitness\",\"url\":\"https:\/\/rntl.ch\/fitness\/\",\"logo\":{\"@type\":\"ImageObject\",\"inLanguage\":\"de\",\"@id\":\"https:\/\/rntl.ch\/fitness\/#\/schema\/logo\/image\/\",\"url\":\"https:\/\/rntl.ch\/fitness\/wp-content\/uploads\/sites\/3\/2020\/11\/cropped-rntl_logo_white_530x150.png\",\"contentUrl\":\"https:\/\/rntl.ch\/fitness\/wp-content\/uploads\/sites\/3\/2020\/11\/cropped-rntl_logo_white_530x150.png\",\"width\":530,\"height\":150,\"caption\":\"RNTL Fitness\"},\"image\":{\"@id\":\"https:\/\/rntl.ch\/fitness\/#\/schema\/logo\/image\/\"}}]}<\/script>\n<!-- \/ Yoast SEO plugin. -->","yoast_head_json":{"title":"Tunturi Reha Pedalen f\u00fcr Heimtrainer - RNTL Fitness","description":"Miete, kaufe, oder finanziere f\u00fcr Tunturi Reha Pedalen f\u00fcr deinen Heimtrainer bei RNTL. Perfekt f\u00fcr das Aufbautraining nach einem Bruch mit Gips.","robots":{"index":"index","follow":"follow","max-snippet":"max-snippet:-1","max-image-preview":"max-image-preview:large","max-video-preview":"max-video-preview:-1"},"canonical":"https:\/\/rntl.ch\/fitness\/produkt\/tunturi-reha-pedalen-fuer-heimtrainer\/","og_locale":"de_DE","og_type":"article","og_title":"Tunturi Reha Pedalen f\u00fcr Heimtrainer - RNTL Fitness","og_description":"Miete, kaufe, oder finanziere f\u00fcr Tunturi Reha Pedalen f\u00fcr deinen Heimtrainer bei RNTL. Perfekt f\u00fcr das Aufbautraining nach einem Bruch mit Gips.","og_url":"https:\/\/rntl.ch\/fitness\/produkt\/tunturi-reha-pedalen-fuer-heimtrainer\/","og_site_name":"RNTL Fitness","article_modified_time":"2024-08-20T13:37:22+00:00","og_image":[{"width":800,"height":800,"url":"https:\/\/rntl.ch\/fitness\/wp-content\/uploads\/sites\/3\/2024\/05\/1-3.png","type":"image\/png"}],"twitter_card":"summary_large_image","twitter_misc":{"Gesch\u00e4tzte Lesezeit":"2\u00a0Minuten"},"schema":{"@context":"https:\/\/schema.org","@graph":[{"@type":"WebPage","@id":"https:\/\/rntl.ch\/fitness\/produkt\/tunturi-reha-pedalen-fuer-heimtrainer\/","url":"https:\/\/rntl.ch\/fitness\/produkt\/tunturi-reha-pedalen-fuer-heimtrainer\/","name":"Tunturi Reha Pedalen f\u00fcr Heimtrainer - RNTL Fitness","isPartOf":{"@id":"https:\/\/rntl.ch\/fitness\/#website"},"primaryImageOfPage":{"@id":"https:\/\/rntl.ch\/fitness\/produkt\/tunturi-reha-pedalen-fuer-heimtrainer\/#primaryimage"},"image":{"@id":"https:\/\/rntl.ch\/fitness\/produkt\/tunturi-reha-pedalen-fuer-heimtrainer\/#primaryimage"},"thumbnailUrl":"https:\/\/rntl.ch\/fitness\/wp-content\/uploads\/sites\/3\/2024\/05\/1-3.png","datePublished":"2024-05-23T07:20:36+00:00","dateModified":"2024-08-20T13:37:22+00:00","description":"Miete, kaufe, oder finanziere f\u00fcr Tunturi Reha Pedalen f\u00fcr deinen Heimtrainer bei RNTL. Perfekt f\u00fcr das Aufbautraining nach einem Bruch mit Gips.","breadcrumb":{"@id":"https:\/\/rntl.ch\/fitness\/produkt\/tunturi-reha-pedalen-fuer-heimtrainer\/#breadcrumb"},"inLanguage":"de","potentialAction":[{"@type":"ReadAction","target":["https:\/\/rntl.ch\/fitness\/produkt\/tunturi-reha-pedalen-fuer-heimtrainer\/"]}]},{"@type":"ImageObject","inLanguage":"de","@id":"https:\/\/rntl.ch\/fitness\/produkt\/tunturi-reha-pedalen-fuer-heimtrainer\/#primaryimage","url":"https:\/\/rntl.ch\/fitness\/wp-content\/uploads\/sites\/3\/2024\/05\/1-3.png","contentUrl":"https:\/\/rntl.ch\/fitness\/wp-content\/uploads\/sites\/3\/2024\/05\/1-3.png","width":800,"height":800},{"@type":"BreadcrumbList","@id":"https:\/\/rntl.ch\/fitness\/produkt\/tunturi-reha-pedalen-fuer-heimtrainer\/#breadcrumb","itemListElement":[{"@type":"ListItem","position":1,"name":"Startseite","item":"https:\/\/rntl.ch\/fitness\/"},{"@type":"ListItem","position":2,"name":"Shop","item":"https:\/\/rntl.ch\/fitness\/shop\/"},{"@type":"ListItem","position":3,"name":"Tunturi Reha Pedalen f\u00fcr Heimtrainer"}]},{"@type":"WebSite","@id":"https:\/\/rntl.ch\/fitness\/#website","url":"https:\/\/rntl.ch\/fitness\/","name":"RNTL Fitness","description":"Mieten Einfach Anders","publisher":{"@id":"https:\/\/rntl.ch\/fitness\/#organization"},"potentialAction":[{"@type":"SearchAction","target":{"@type":"EntryPoint","urlTemplate":"https:\/\/rntl.ch\/fitness\/?s={search_term_string}"},"query-input":{"@type":"PropertyValueSpecification","valueRequired":true,"valueName":"search_term_string"}}],"inLanguage":"de"},{"@type":"Organization","@id":"https:\/\/rntl.ch\/fitness\/#organization","name":"RNTL Fitness","url":"https:\/\/rntl.ch\/fitness\/","logo":{"@type":"ImageObject","inLanguage":"de","@id":"https:\/\/rntl.ch\/fitness\/#\/schema\/logo\/image\/","url":"https:\/\/rntl.ch\/fitness\/wp-content\/uploads\/sites\/3\/2020\/11\/cropped-rntl_logo_white_530x150.png","contentUrl":"https:\/\/rntl.ch\/fitness\/wp-content\/uploads\/sites\/3\/2020\/11\/cropped-rntl_logo_white_530x150.png","width":530,"height":150,"caption":"RNTL Fitness"},"image":{"@id":"https:\/\/rntl.ch\/fitness\/#\/schema\/logo\/image\/"}}]}},"_links":{"self":[{"href":"https:\/\/rntl.ch\/fitness\/wp-json\/wp\/v2\/product\/28398","targetHints":{"allow":["GET"]}}],"collection":[{"href":"https:\/\/rntl.ch\/fitness\/wp-json\/wp\/v2\/product"}],"about":[{"href":"https:\/\/rntl.ch\/fitness\/wp-json\/wp\/v2\/types\/product"}],"version-history":[{"count":2,"href":"https:\/\/rntl.ch\/fitness\/wp-json\/wp\/v2\/product\/28398\/revisions"}],"predecessor-version":[{"id":28408,"href":"https:\/\/rntl.ch\/fitness\/wp-json\/wp\/v2\/product\/28398\/revisions\/28408"}],"wp:featuredmedia":[{"embeddable":true,"href":"https:\/\/rntl.ch\/fitness\/wp-json\/wp\/v2\/media\/28404"}],"wp:attachment":[{"href":"https:\/\/rntl.ch\/fitness\/wp-json\/wp\/v2\/media?parent=28398"}],"wp:term":[{"taxonomy":"product_brand","embeddable":true,"href":"https:\/\/rntl.ch\/fitness\/wp-json\/wp\/v2\/product_brand?post=28398"},{"taxonomy":"product_cat","embeddable":true,"href":"https:\/\/rntl.ch\/fitness\/wp-json\/wp\/v2\/product_cat?post=28398"},{"taxonomy":"product_tag","embeddable":true,"href":"https:\/\/rntl.ch\/fitness\/wp-json\/wp\/v2\/product_tag?post=28398"}],"curies":[{"name":"wp","href":"https:\/\/api.w.org\/{rel}","templated":true}]}}