{"id":29033,"date":"2024-07-08T09:43:29","date_gmt":"2024-07-08T07:43:29","guid":{"rendered":"https:\/\/rntl.ch\/fitness\/?post_type=product&#038;p=29033"},"modified":"2024-07-08T10:55:05","modified_gmt":"2024-07-08T08:55:05","slug":"technogym-myrun-das-kompakte-leise-und-innovative-laufband-mit-personalisiertem-training","status":"publish","type":"product","link":"https:\/\/rntl.ch\/fitness\/produkt\/technogym-myrun-das-kompakte-leise-und-innovative-laufband-mit-personalisiertem-training\/","title":{"rendered":"Technogym MyRun: Das kompakte, leise und innovative Laufband mit personalisiertem Training"},"content":{"rendered":"<p><b>TECHNOGYM LIVE TRAINING EXPERIENCE<\/b><b><br \/>\n<\/b><span style=\"font-weight: 400;\">Online-Workouts mit den besten Trainern<\/span><\/p>\n<p><b>ECHTZEIT-BIOFEEDBACK<\/b><b><br \/>\n<\/b><span style=\"font-weight: 400;\">Verfolgen Sie Kadenz, Schrittl\u00e4nge und Herzfrequenz<\/span><\/p>\n<p><b>ADAPTIVE LAUFFL\u00c4CHE<\/b><b><br \/>\n<\/b><span style=\"font-weight: 400;\">Die perfekte Mischung aus D\u00e4mpfung und R\u00fccksto\u00df<\/span><span style=\"font-weight: 400;\"><br \/>\n<\/span><span style=\"font-weight: 400;\">Die innovative Lauffl\u00e4che passt sich Ihrer Laufweise an und absorbiert effizient den Aufprall, sch\u00fctzt Ihre Gelenke bei niedrigeren Geschwindigkeiten und bietet eine elastische Reaktion bei Sprints.<\/span><\/p>\n<p><b>Hohe Leistung, niedrige Ger\u00e4usche<\/b><b><br \/>\n<\/b><span style=\"font-weight: 400;\">MyRun ist selbst bei 20 km\/h (12.4 mph) leise, dank des innovativen Antriebssystems und der Gleitf\u00e4higkeit des Gurtes.<\/span><\/p>\n<p><b>Technische Spezifikationen\u00a0<\/b><\/p>\n<ul>\n<li style=\"font-weight: 400;\" aria-level=\"1\"><span style=\"font-weight: 400;\">Abmessungen (LxBxH) 1760 x 785 x 1260 mm\u00a0<\/span><\/li>\n<li style=\"font-weight: 400;\" aria-level=\"1\"><span style=\"font-weight: 400;\">Gewicht des Produkts 92 kg\u00a0<\/span><\/li>\n<li style=\"font-weight: 400;\" aria-level=\"1\"><span style=\"font-weight: 400;\">Maximales Benutzergewicht 140 kg\u00a0<\/span><\/li>\n<li style=\"font-weight: 400;\" aria-level=\"1\"><span style=\"font-weight: 400;\">Lauffl\u00e4chenh\u00f6he \u00fcber dem Boden 170 mm\u00a0<\/span><\/li>\n<li style=\"font-weight: 400;\" aria-level=\"1\"><span style=\"font-weight: 400;\">Geschwindigkeit 0.8 &#8211; 20 km\/h (0.1 km\/h Steigerungen)\u00a0<\/span><\/li>\n<li style=\"font-weight: 400;\" aria-level=\"1\"><span style=\"font-weight: 400;\">Steigung (%) 0 &#8211; 12% (0.5% Steigerungen)\u00a0<\/span><\/li>\n<li style=\"font-weight: 400;\" aria-level=\"1\"><span style=\"font-weight: 400;\">Lauffl\u00e4che (LxB) 1430 x 500 mm\u00a0<\/span><\/li>\n<li style=\"font-weight: 400;\" aria-level=\"1\"><span style=\"font-weight: 400;\">Stromanforderungen 230 VAC \u00b1 10% 50\/60 Hz\u00a0<\/span><\/li>\n<li style=\"font-weight: 400;\" aria-level=\"1\"><span style=\"font-weight: 400;\">Motorleistung (Spitze) 6 PS Motorleistung\u00a0<\/span><\/li>\n<li style=\"font-weight: 400;\" aria-level=\"1\"><span style=\"font-weight: 400;\">Energieverbrauch im Standby weniger als 0.5 W\u00a0<\/span><\/li>\n<li style=\"font-weight: 400;\" aria-level=\"1\"><span style=\"font-weight: 400;\">Apple Watch Kompatibilit\u00e4t durch Technogym App Ja <\/span><\/li>\n<\/ul>\n","protected":false},"excerpt":{"rendered":"<p><b>Technogym MyRun: Kompakt und leise!<\/b><\/p>\n<p><span style=\"font-weight: 400;\">Technogym MyRun ist das Laufband, das ein raffiniertes und kompaktes Design, eine adaptive Lauffl\u00e4che und ma\u00dfgeschneiderte Trainingseinheiten direkt von Ihrem Tablet bietet.\u00a0<\/span><\/p>\n<p><strong>Kaufpreis [woo_custom_field id=\"rntl_retail_price_field\"].-<\/strong><\/p>\n[rntl_page_content id=\"14687\"]\n<div class=\"woocommerce-product-details__short-description\">\n<p>&nbsp;<\/p>\n<\/div>\n","protected":false},"featured_media":29043,"template":"","meta":{"content-type":""},"product_brand":[],"product_cat":[28],"product_tag":[112],"class_list":{"0":"post-29033","1":"product","2":"type-product","3":"status-publish","4":"has-post-thumbnail","6":"product_cat-laufbaender","7":"product_tag-mieten","8":"product_shipping_class-schwer","9":"tm-no-options","11":"first","12":"instock","13":"taxable","14":"shipping-taxable","15":"purchasable","16":"product-type-variable-subscription","17":"has-default-attributes"},"yoast_head":"<!-- This site is optimized with the Yoast SEO plugin v26.3 - https:\/\/yoast.com\/wordpress\/plugins\/seo\/ -->\n<title>Technogym MyRun: Das kompakte, leise und innovative Laufband mit personalisiertem Training - RNTL Fitness<\/title>\n<meta name=\"description\" content=\"Entdecken Sie das Technogym MyRun Laufband \u2013 kompaktes Design, adaptive Lauffl\u00e4che und ma\u00dfgeschneiderte Trainingseinheiten direkt von Ihrem Tablet. Genie\u00dfen Sie Online-Workouts mit Top-Trainern, Echtzeit-Biofeedback und eine gelenkschonende Lauffl\u00e4che f\u00fcr h\u00f6chste Performance. Erleben Sie leises Lauftraining auch bei hohen Geschwindigkeiten. Perfekt f\u00fcr iPad und Android-Tablets.\" \/>\n<meta name=\"robots\" content=\"index, follow, max-snippet:-1, max-image-preview:large, max-video-preview:-1\" \/>\n<link rel=\"canonical\" href=\"https:\/\/rntl.ch\/fitness\/produkt\/technogym-myrun-das-kompakte-leise-und-innovative-laufband-mit-personalisiertem-training\/\" \/>\n<meta property=\"og:locale\" content=\"de_DE\" \/>\n<meta property=\"og:type\" content=\"article\" \/>\n<meta property=\"og:title\" content=\"Technogym MyRun: Das kompakte, leise und innovative Laufband mit personalisiertem Training - RNTL Fitness\" \/>\n<meta property=\"og:description\" content=\"Entdecken Sie das Technogym MyRun Laufband \u2013 kompaktes Design, adaptive Lauffl\u00e4che und ma\u00dfgeschneiderte Trainingseinheiten direkt von Ihrem Tablet. Genie\u00dfen Sie Online-Workouts mit Top-Trainern, Echtzeit-Biofeedback und eine gelenkschonende Lauffl\u00e4che f\u00fcr h\u00f6chste Performance. Erleben Sie leises Lauftraining auch bei hohen Geschwindigkeiten. Perfekt f\u00fcr iPad und Android-Tablets.\" \/>\n<meta property=\"og:url\" content=\"https:\/\/rntl.ch\/fitness\/produkt\/technogym-myrun-das-kompakte-leise-und-innovative-laufband-mit-personalisiertem-training\/\" \/>\n<meta property=\"og:site_name\" content=\"RNTL Fitness\" \/>\n<meta property=\"article:modified_time\" content=\"2024-07-08T08:55:05+00:00\" \/>\n<meta property=\"og:image\" content=\"https:\/\/rntl.ch\/fitness\/wp-content\/uploads\/sites\/3\/2024\/07\/1.webp\" \/>\n\t<meta property=\"og:image:width\" content=\"800\" \/>\n\t<meta property=\"og:image:height\" content=\"800\" \/>\n\t<meta property=\"og:image:type\" content=\"image\/webp\" \/>\n<meta name=\"twitter:card\" content=\"summary_large_image\" \/>\n<meta name=\"twitter:label1\" content=\"Gesch\u00e4tzte Lesezeit\" \/>\n\t<meta name=\"twitter:data1\" content=\"1\u00a0Minute\" \/>\n<script type=\"application\/ld+json\" class=\"yoast-schema-graph\">{\"@context\":\"https:\/\/schema.org\",\"@graph\":[{\"@type\":\"WebPage\",\"@id\":\"https:\/\/rntl.ch\/fitness\/produkt\/technogym-myrun-das-kompakte-leise-und-innovative-laufband-mit-personalisiertem-training\/\",\"url\":\"https:\/\/rntl.ch\/fitness\/produkt\/technogym-myrun-das-kompakte-leise-und-innovative-laufband-mit-personalisiertem-training\/\",\"name\":\"Technogym MyRun: Das kompakte, leise und innovative Laufband mit personalisiertem Training - RNTL Fitness\",\"isPartOf\":{\"@id\":\"https:\/\/rntl.ch\/fitness\/#website\"},\"primaryImageOfPage\":{\"@id\":\"https:\/\/rntl.ch\/fitness\/produkt\/technogym-myrun-das-kompakte-leise-und-innovative-laufband-mit-personalisiertem-training\/#primaryimage\"},\"image\":{\"@id\":\"https:\/\/rntl.ch\/fitness\/produkt\/technogym-myrun-das-kompakte-leise-und-innovative-laufband-mit-personalisiertem-training\/#primaryimage\"},\"thumbnailUrl\":\"https:\/\/rntl.ch\/fitness\/wp-content\/uploads\/sites\/3\/2024\/07\/1.webp\",\"datePublished\":\"2024-07-08T07:43:29+00:00\",\"dateModified\":\"2024-07-08T08:55:05+00:00\",\"description\":\"Entdecken Sie das Technogym MyRun Laufband \u2013 kompaktes Design, adaptive Lauffl\u00e4che und ma\u00dfgeschneiderte Trainingseinheiten direkt von Ihrem Tablet. Genie\u00dfen Sie Online-Workouts mit Top-Trainern, Echtzeit-Biofeedback und eine gelenkschonende Lauffl\u00e4che f\u00fcr h\u00f6chste Performance. Erleben Sie leises Lauftraining auch bei hohen Geschwindigkeiten. Perfekt f\u00fcr iPad und Android-Tablets.\",\"breadcrumb\":{\"@id\":\"https:\/\/rntl.ch\/fitness\/produkt\/technogym-myrun-das-kompakte-leise-und-innovative-laufband-mit-personalisiertem-training\/#breadcrumb\"},\"inLanguage\":\"de\",\"potentialAction\":[{\"@type\":\"ReadAction\",\"target\":[\"https:\/\/rntl.ch\/fitness\/produkt\/technogym-myrun-das-kompakte-leise-und-innovative-laufband-mit-personalisiertem-training\/\"]}]},{\"@type\":\"ImageObject\",\"inLanguage\":\"de\",\"@id\":\"https:\/\/rntl.ch\/fitness\/produkt\/technogym-myrun-das-kompakte-leise-und-innovative-laufband-mit-personalisiertem-training\/#primaryimage\",\"url\":\"https:\/\/rntl.ch\/fitness\/wp-content\/uploads\/sites\/3\/2024\/07\/1.webp\",\"contentUrl\":\"https:\/\/rntl.ch\/fitness\/wp-content\/uploads\/sites\/3\/2024\/07\/1.webp\",\"width\":800,\"height\":800},{\"@type\":\"BreadcrumbList\",\"@id\":\"https:\/\/rntl.ch\/fitness\/produkt\/technogym-myrun-das-kompakte-leise-und-innovative-laufband-mit-personalisiertem-training\/#breadcrumb\",\"itemListElement\":[{\"@type\":\"ListItem\",\"position\":1,\"name\":\"Startseite\",\"item\":\"https:\/\/rntl.ch\/fitness\/\"},{\"@type\":\"ListItem\",\"position\":2,\"name\":\"Shop\",\"item\":\"https:\/\/rntl.ch\/fitness\/shop\/\"},{\"@type\":\"ListItem\",\"position\":3,\"name\":\"Technogym MyRun: Das kompakte, leise und innovative Laufband mit personalisiertem Training\"}]},{\"@type\":\"WebSite\",\"@id\":\"https:\/\/rntl.ch\/fitness\/#website\",\"url\":\"https:\/\/rntl.ch\/fitness\/\",\"name\":\"RNTL Fitness\",\"description\":\"Mieten Einfach Anders\",\"publisher\":{\"@id\":\"https:\/\/rntl.ch\/fitness\/#organization\"},\"potentialAction\":[{\"@type\":\"SearchAction\",\"target\":{\"@type\":\"EntryPoint\",\"urlTemplate\":\"https:\/\/rntl.ch\/fitness\/?s={search_term_string}\"},\"query-input\":{\"@type\":\"PropertyValueSpecification\",\"valueRequired\":true,\"valueName\":\"search_term_string\"}}],\"inLanguage\":\"de\"},{\"@type\":\"Organization\",\"@id\":\"https:\/\/rntl.ch\/fitness\/#organization\",\"name\":\"RNTL Fitness\",\"url\":\"https:\/\/rntl.ch\/fitness\/\",\"logo\":{\"@type\":\"ImageObject\",\"inLanguage\":\"de\",\"@id\":\"https:\/\/rntl.ch\/fitness\/#\/schema\/logo\/image\/\",\"url\":\"https:\/\/rntl.ch\/fitness\/wp-content\/uploads\/sites\/3\/2020\/11\/cropped-rntl_logo_white_530x150.png\",\"contentUrl\":\"https:\/\/rntl.ch\/fitness\/wp-content\/uploads\/sites\/3\/2020\/11\/cropped-rntl_logo_white_530x150.png\",\"width\":530,\"height\":150,\"caption\":\"RNTL Fitness\"},\"image\":{\"@id\":\"https:\/\/rntl.ch\/fitness\/#\/schema\/logo\/image\/\"}}]}<\/script>\n<!-- \/ Yoast SEO plugin. -->","yoast_head_json":{"title":"Technogym MyRun: Das kompakte, leise und innovative Laufband mit personalisiertem Training - RNTL Fitness","description":"Entdecken Sie das Technogym MyRun Laufband \u2013 kompaktes Design, adaptive Lauffl\u00e4che und ma\u00dfgeschneiderte Trainingseinheiten direkt von Ihrem Tablet. Genie\u00dfen Sie Online-Workouts mit Top-Trainern, Echtzeit-Biofeedback und eine gelenkschonende Lauffl\u00e4che f\u00fcr h\u00f6chste Performance. Erleben Sie leises Lauftraining auch bei hohen Geschwindigkeiten. Perfekt f\u00fcr iPad und Android-Tablets.","robots":{"index":"index","follow":"follow","max-snippet":"max-snippet:-1","max-image-preview":"max-image-preview:large","max-video-preview":"max-video-preview:-1"},"canonical":"https:\/\/rntl.ch\/fitness\/produkt\/technogym-myrun-das-kompakte-leise-und-innovative-laufband-mit-personalisiertem-training\/","og_locale":"de_DE","og_type":"article","og_title":"Technogym MyRun: Das kompakte, leise und innovative Laufband mit personalisiertem Training - RNTL Fitness","og_description":"Entdecken Sie das Technogym MyRun Laufband \u2013 kompaktes Design, adaptive Lauffl\u00e4che und ma\u00dfgeschneiderte Trainingseinheiten direkt von Ihrem Tablet. Genie\u00dfen Sie Online-Workouts mit Top-Trainern, Echtzeit-Biofeedback und eine gelenkschonende Lauffl\u00e4che f\u00fcr h\u00f6chste Performance. Erleben Sie leises Lauftraining auch bei hohen Geschwindigkeiten. Perfekt f\u00fcr iPad und Android-Tablets.","og_url":"https:\/\/rntl.ch\/fitness\/produkt\/technogym-myrun-das-kompakte-leise-und-innovative-laufband-mit-personalisiertem-training\/","og_site_name":"RNTL Fitness","article_modified_time":"2024-07-08T08:55:05+00:00","og_image":[{"width":800,"height":800,"url":"https:\/\/rntl.ch\/fitness\/wp-content\/uploads\/sites\/3\/2024\/07\/1.webp","type":"image\/webp"}],"twitter_card":"summary_large_image","twitter_misc":{"Gesch\u00e4tzte Lesezeit":"1\u00a0Minute"},"schema":{"@context":"https:\/\/schema.org","@graph":[{"@type":"WebPage","@id":"https:\/\/rntl.ch\/fitness\/produkt\/technogym-myrun-das-kompakte-leise-und-innovative-laufband-mit-personalisiertem-training\/","url":"https:\/\/rntl.ch\/fitness\/produkt\/technogym-myrun-das-kompakte-leise-und-innovative-laufband-mit-personalisiertem-training\/","name":"Technogym MyRun: Das kompakte, leise und innovative Laufband mit personalisiertem Training - RNTL Fitness","isPartOf":{"@id":"https:\/\/rntl.ch\/fitness\/#website"},"primaryImageOfPage":{"@id":"https:\/\/rntl.ch\/fitness\/produkt\/technogym-myrun-das-kompakte-leise-und-innovative-laufband-mit-personalisiertem-training\/#primaryimage"},"image":{"@id":"https:\/\/rntl.ch\/fitness\/produkt\/technogym-myrun-das-kompakte-leise-und-innovative-laufband-mit-personalisiertem-training\/#primaryimage"},"thumbnailUrl":"https:\/\/rntl.ch\/fitness\/wp-content\/uploads\/sites\/3\/2024\/07\/1.webp","datePublished":"2024-07-08T07:43:29+00:00","dateModified":"2024-07-08T08:55:05+00:00","description":"Entdecken Sie das Technogym MyRun Laufband \u2013 kompaktes Design, adaptive Lauffl\u00e4che und ma\u00dfgeschneiderte Trainingseinheiten direkt von Ihrem Tablet. Genie\u00dfen Sie Online-Workouts mit Top-Trainern, Echtzeit-Biofeedback und eine gelenkschonende Lauffl\u00e4che f\u00fcr h\u00f6chste Performance. Erleben Sie leises Lauftraining auch bei hohen Geschwindigkeiten. Perfekt f\u00fcr iPad und Android-Tablets.","breadcrumb":{"@id":"https:\/\/rntl.ch\/fitness\/produkt\/technogym-myrun-das-kompakte-leise-und-innovative-laufband-mit-personalisiertem-training\/#breadcrumb"},"inLanguage":"de","potentialAction":[{"@type":"ReadAction","target":["https:\/\/rntl.ch\/fitness\/produkt\/technogym-myrun-das-kompakte-leise-und-innovative-laufband-mit-personalisiertem-training\/"]}]},{"@type":"ImageObject","inLanguage":"de","@id":"https:\/\/rntl.ch\/fitness\/produkt\/technogym-myrun-das-kompakte-leise-und-innovative-laufband-mit-personalisiertem-training\/#primaryimage","url":"https:\/\/rntl.ch\/fitness\/wp-content\/uploads\/sites\/3\/2024\/07\/1.webp","contentUrl":"https:\/\/rntl.ch\/fitness\/wp-content\/uploads\/sites\/3\/2024\/07\/1.webp","width":800,"height":800},{"@type":"BreadcrumbList","@id":"https:\/\/rntl.ch\/fitness\/produkt\/technogym-myrun-das-kompakte-leise-und-innovative-laufband-mit-personalisiertem-training\/#breadcrumb","itemListElement":[{"@type":"ListItem","position":1,"name":"Startseite","item":"https:\/\/rntl.ch\/fitness\/"},{"@type":"ListItem","position":2,"name":"Shop","item":"https:\/\/rntl.ch\/fitness\/shop\/"},{"@type":"ListItem","position":3,"name":"Technogym MyRun: Das kompakte, leise und innovative Laufband mit personalisiertem Training"}]},{"@type":"WebSite","@id":"https:\/\/rntl.ch\/fitness\/#website","url":"https:\/\/rntl.ch\/fitness\/","name":"RNTL Fitness","description":"Mieten Einfach Anders","publisher":{"@id":"https:\/\/rntl.ch\/fitness\/#organization"},"potentialAction":[{"@type":"SearchAction","target":{"@type":"EntryPoint","urlTemplate":"https:\/\/rntl.ch\/fitness\/?s={search_term_string}"},"query-input":{"@type":"PropertyValueSpecification","valueRequired":true,"valueName":"search_term_string"}}],"inLanguage":"de"},{"@type":"Organization","@id":"https:\/\/rntl.ch\/fitness\/#organization","name":"RNTL Fitness","url":"https:\/\/rntl.ch\/fitness\/","logo":{"@type":"ImageObject","inLanguage":"de","@id":"https:\/\/rntl.ch\/fitness\/#\/schema\/logo\/image\/","url":"https:\/\/rntl.ch\/fitness\/wp-content\/uploads\/sites\/3\/2020\/11\/cropped-rntl_logo_white_530x150.png","contentUrl":"https:\/\/rntl.ch\/fitness\/wp-content\/uploads\/sites\/3\/2020\/11\/cropped-rntl_logo_white_530x150.png","width":530,"height":150,"caption":"RNTL Fitness"},"image":{"@id":"https:\/\/rntl.ch\/fitness\/#\/schema\/logo\/image\/"}}]}},"_links":{"self":[{"href":"https:\/\/rntl.ch\/fitness\/wp-json\/wp\/v2\/product\/29033","targetHints":{"allow":["GET"]}}],"collection":[{"href":"https:\/\/rntl.ch\/fitness\/wp-json\/wp\/v2\/product"}],"about":[{"href":"https:\/\/rntl.ch\/fitness\/wp-json\/wp\/v2\/types\/product"}],"version-history":[{"count":2,"href":"https:\/\/rntl.ch\/fitness\/wp-json\/wp\/v2\/product\/29033\/revisions"}],"predecessor-version":[{"id":33169,"href":"https:\/\/rntl.ch\/fitness\/wp-json\/wp\/v2\/product\/29033\/revisions\/33169"}],"wp:featuredmedia":[{"embeddable":true,"href":"https:\/\/rntl.ch\/fitness\/wp-json\/wp\/v2\/media\/29043"}],"wp:attachment":[{"href":"https:\/\/rntl.ch\/fitness\/wp-json\/wp\/v2\/media?parent=29033"}],"wp:term":[{"taxonomy":"product_brand","embeddable":true,"href":"https:\/\/rntl.ch\/fitness\/wp-json\/wp\/v2\/product_brand?post=29033"},{"taxonomy":"product_cat","embeddable":true,"href":"https:\/\/rntl.ch\/fitness\/wp-json\/wp\/v2\/product_cat?post=29033"},{"taxonomy":"product_tag","embeddable":true,"href":"https:\/\/rntl.ch\/fitness\/wp-json\/wp\/v2\/product_tag?post=29033"}],"curies":[{"name":"wp","href":"https:\/\/api.w.org\/{rel}","templated":true}]}}