{"id":29048,"date":"2024-07-08T11:12:10","date_gmt":"2024-07-08T09:12:10","guid":{"rendered":"https:\/\/rntl.ch\/fitness\/?post_type=product&#038;p=29048"},"modified":"2025-12-01T16:25:08","modified_gmt":"2025-12-01T15:25:08","slug":"technogym-bike-das-interaktive-und-leise-trainingsfahrrad-mit-fortschrittlicher-technologie","status":"publish","type":"product","link":"https:\/\/rntl.ch\/fitness\/produkt\/technogym-bike-das-interaktive-und-leise-trainingsfahrrad-mit-fortschrittlicher-technologie\/","title":{"rendered":"Technogym Bike: Das interaktive und leise Trainingsfahrrad mit fortschrittlicher Technologie"},"content":{"rendered":"<p><span style=\"font-weight: 400;\">Einfach aufsteigen und losfahren. Sie k\u00f6nnen die Einstellungen von Sitz und Lenker w\u00e4hrend der Fahrt \u00e4ndern.<\/span><\/p>\n<p><span style=\"font-weight: 400;\">Die Bilder auf dem 22&#8243;-Bildschirm sind so lebendig, dass Sie das Gef\u00fchl haben werden, direkt im Kurs dabei zu sein.<\/span><\/p>\n<p><span style=\"font-weight: 400;\">Entwickelt f\u00fcr echtes Radfahrer: <\/span><span style=\"font-weight: 400;\">Der Poly-V\u00ae-Riemen ist so konzipiert, dass er Ihnen eine geschmeidige und fl\u00fcssige Fahrbewegung mit echtem Stra\u00dfengef\u00fchl vermittelt.<\/span><\/p>\n<p><span style=\"font-weight: 400;\">Technologie und Haltbarkeit: <\/span><span style=\"font-weight: 400;\">Das Schwungrad-Widerstandssystem verwendet die st\u00e4rkste Art von Permanentmagneten f\u00fcr zus\u00e4tzliche Sicherheit und Haltbarkeit.<\/span><\/p>\n<p><span style=\"font-weight: 400;\">Specs<\/span><\/p>\n<ul>\n<li style=\"font-weight: 400;\" aria-level=\"1\"><span style=\"font-weight: 400;\">Abmessungen (LxBxH): 1214 x 589 x 1382 mm\u00a0<\/span><\/li>\n<li style=\"font-weight: 400;\" aria-level=\"1\"><span style=\"font-weight: 400;\">Widerstandsstufen: 1 &#8211; 20<\/span><\/li>\n<li style=\"font-weight: 400;\" aria-level=\"1\"><span style=\"font-weight: 400;\">Kurzhantelgewicht: 1,5 kg oder 2,5 kg<\/span><\/li>\n<li style=\"font-weight: 400;\" aria-level=\"1\"><span style=\"font-weight: 400;\">Gewicht des Produkts: 67 kg<\/span><\/li>\n<li style=\"font-weight: 400;\" aria-level=\"1\"><span style=\"font-weight: 400;\">Maximales Benutzergewicht: 160 kg<\/span><\/li>\n<li style=\"font-weight: 400;\" aria-level=\"1\"><span style=\"font-weight: 400;\">Konnektivit\u00e4t: Bluetooth\u00ae 5.0 \/ Ant+<\/span><\/li>\n<li style=\"font-weight: 400;\" aria-level=\"1\"><span style=\"font-weight: 400;\">Kompatibel mit Apple GymKit: Ja<\/span><\/li>\n<li style=\"font-weight: 400;\" aria-level=\"1\"><span style=\"font-weight: 400;\">Soundsystem: 2&#215;10 Watt<\/span><\/li>\n<li style=\"font-weight: 400;\" aria-level=\"1\"><span style=\"font-weight: 400;\">Familienkonto: Bis zu 6 Profile<\/span><\/li>\n<li style=\"font-weight: 400;\" aria-level=\"1\"><span style=\"font-weight: 400;\">Stromanforderungen: 100-240 Vac \u00b110% 50\/60 Hz<\/span><\/li>\n<\/ul>\n","protected":false},"excerpt":{"rendered":"<h2><span style=\"font-weight: 400;\">Technogym Bike: Leise\u00a0\u00a0<\/span><span style=\"font-weight: 400;\">Dank des Poly-V\u00ae-Riemens wird das lauteste Ger\u00e4usch im Raum Ihr eigenes Atmen sein.<\/span><\/h2>\n<p><span style=\"font-weight: 400;\">Entdecken Sie das Technogym Bike \u2013 ein professionelles Trainingsfahrrad mit 22&#8243; Full HD Touchscreen, leistungsstarkem Surround-Sound und einfach anpassbaren Einstellungen.\u00a0<\/span><\/p>\n<p><strong>Kaufpreis [woo_custom_field id=\"rntl_retail_price_field\"].-<\/strong><\/p>\n[rntl_page_content id=\"14687\"]\n<div class=\"woocommerce-product-details__short-description\">\n<p>&nbsp;<\/p>\n<\/div>\n","protected":false},"featured_media":29279,"template":"","meta":{"content-type":""},"product_brand":[152],"product_cat":[99],"product_tag":[112],"class_list":{"0":"post-29048","1":"product","2":"type-product","3":"status-publish","4":"has-post-thumbnail","6":"product_brand-technogym","7":"product_cat-indoor-cycling","8":"product_tag-mieten","9":"product_shipping_class-leicht","10":"tm-no-options","12":"first","13":"instock","14":"taxable","15":"shipping-taxable","16":"purchasable","17":"product-type-variable-subscription","18":"has-default-attributes"},"yoast_head":"<!-- This site is optimized with the Yoast SEO plugin v26.3 - https:\/\/yoast.com\/wordpress\/plugins\/seo\/ -->\n<title>Technogym Bike: Das interaktive und leise Trainingsfahrrad mit fortschrittlicher Technologie - RNTL Fitness<\/title>\n<meta name=\"description\" content=\"Ein professionelles Trainingsfahrrad, bis ins kleinste Detail von unserem Forschungszentrum entwickelt. Das Technogym Bike ist das Ergebnis von mehr als 35 Jahren biomechanischer Forschung und eines kontinuierlichen Austauschs mit Olympioniken. Dank seiner schnellen Einstellungen passt es sich innerhalb von Sekunden Ihrem K\u00f6rper an. Das Pedalieren ist so geschmeidig und leise wie nie zuvor. Und das ist erst der Anfang.\" \/>\n<meta name=\"robots\" content=\"index, follow, max-snippet:-1, max-image-preview:large, max-video-preview:-1\" \/>\n<link rel=\"canonical\" href=\"https:\/\/rntl.ch\/fitness\/produkt\/technogym-bike-das-interaktive-und-leise-trainingsfahrrad-mit-fortschrittlicher-technologie\/\" \/>\n<meta property=\"og:locale\" content=\"de_DE\" \/>\n<meta property=\"og:type\" content=\"article\" \/>\n<meta property=\"og:title\" content=\"Technogym Bike: Das interaktive und leise Trainingsfahrrad mit fortschrittlicher Technologie - RNTL Fitness\" \/>\n<meta property=\"og:description\" content=\"Ein professionelles Trainingsfahrrad, bis ins kleinste Detail von unserem Forschungszentrum entwickelt. Das Technogym Bike ist das Ergebnis von mehr als 35 Jahren biomechanischer Forschung und eines kontinuierlichen Austauschs mit Olympioniken. Dank seiner schnellen Einstellungen passt es sich innerhalb von Sekunden Ihrem K\u00f6rper an. Das Pedalieren ist so geschmeidig und leise wie nie zuvor. Und das ist erst der Anfang.\" \/>\n<meta property=\"og:url\" content=\"https:\/\/rntl.ch\/fitness\/produkt\/technogym-bike-das-interaktive-und-leise-trainingsfahrrad-mit-fortschrittlicher-technologie\/\" \/>\n<meta property=\"og:site_name\" content=\"RNTL Fitness\" \/>\n<meta property=\"article:modified_time\" content=\"2025-12-01T15:25:08+00:00\" \/>\n<meta property=\"og:image\" content=\"https:\/\/rntl.ch\/fitness\/wp-content\/uploads\/sites\/3\/2024\/07\/1-1.png\" \/>\n\t<meta property=\"og:image:width\" content=\"800\" \/>\n\t<meta property=\"og:image:height\" content=\"800\" \/>\n\t<meta property=\"og:image:type\" content=\"image\/png\" \/>\n<meta name=\"twitter:card\" content=\"summary_large_image\" \/>\n<meta name=\"twitter:label1\" content=\"Gesch\u00e4tzte Lesezeit\" \/>\n\t<meta name=\"twitter:data1\" content=\"1\u00a0Minute\" \/>\n<script type=\"application\/ld+json\" class=\"yoast-schema-graph\">{\"@context\":\"https:\/\/schema.org\",\"@graph\":[{\"@type\":\"WebPage\",\"@id\":\"https:\/\/rntl.ch\/fitness\/produkt\/technogym-bike-das-interaktive-und-leise-trainingsfahrrad-mit-fortschrittlicher-technologie\/\",\"url\":\"https:\/\/rntl.ch\/fitness\/produkt\/technogym-bike-das-interaktive-und-leise-trainingsfahrrad-mit-fortschrittlicher-technologie\/\",\"name\":\"Technogym Bike: Das interaktive und leise Trainingsfahrrad mit fortschrittlicher Technologie - RNTL Fitness\",\"isPartOf\":{\"@id\":\"https:\/\/rntl.ch\/fitness\/#website\"},\"primaryImageOfPage\":{\"@id\":\"https:\/\/rntl.ch\/fitness\/produkt\/technogym-bike-das-interaktive-und-leise-trainingsfahrrad-mit-fortschrittlicher-technologie\/#primaryimage\"},\"image\":{\"@id\":\"https:\/\/rntl.ch\/fitness\/produkt\/technogym-bike-das-interaktive-und-leise-trainingsfahrrad-mit-fortschrittlicher-technologie\/#primaryimage\"},\"thumbnailUrl\":\"https:\/\/rntl.ch\/fitness\/wp-content\/uploads\/sites\/3\/2024\/07\/THIS.png\",\"datePublished\":\"2024-07-08T09:12:10+00:00\",\"dateModified\":\"2025-12-01T15:25:08+00:00\",\"description\":\"Ein professionelles Trainingsfahrrad, bis ins kleinste Detail von unserem Forschungszentrum entwickelt. Das Technogym Bike ist das Ergebnis von mehr als 35 Jahren biomechanischer Forschung und eines kontinuierlichen Austauschs mit Olympioniken. Dank seiner schnellen Einstellungen passt es sich innerhalb von Sekunden Ihrem K\u00f6rper an. Das Pedalieren ist so geschmeidig und leise wie nie zuvor. Und das ist erst der Anfang.\",\"breadcrumb\":{\"@id\":\"https:\/\/rntl.ch\/fitness\/produkt\/technogym-bike-das-interaktive-und-leise-trainingsfahrrad-mit-fortschrittlicher-technologie\/#breadcrumb\"},\"inLanguage\":\"de\",\"potentialAction\":[{\"@type\":\"ReadAction\",\"target\":[\"https:\/\/rntl.ch\/fitness\/produkt\/technogym-bike-das-interaktive-und-leise-trainingsfahrrad-mit-fortschrittlicher-technologie\/\"]}]},{\"@type\":\"ImageObject\",\"inLanguage\":\"de\",\"@id\":\"https:\/\/rntl.ch\/fitness\/produkt\/technogym-bike-das-interaktive-und-leise-trainingsfahrrad-mit-fortschrittlicher-technologie\/#primaryimage\",\"url\":\"https:\/\/rntl.ch\/fitness\/wp-content\/uploads\/sites\/3\/2024\/07\/THIS.png\",\"contentUrl\":\"https:\/\/rntl.ch\/fitness\/wp-content\/uploads\/sites\/3\/2024\/07\/THIS.png\",\"width\":800,\"height\":800},{\"@type\":\"BreadcrumbList\",\"@id\":\"https:\/\/rntl.ch\/fitness\/produkt\/technogym-bike-das-interaktive-und-leise-trainingsfahrrad-mit-fortschrittlicher-technologie\/#breadcrumb\",\"itemListElement\":[{\"@type\":\"ListItem\",\"position\":1,\"name\":\"Startseite\",\"item\":\"https:\/\/rntl.ch\/fitness\/\"},{\"@type\":\"ListItem\",\"position\":2,\"name\":\"Shop\",\"item\":\"https:\/\/rntl.ch\/fitness\/shop\/\"},{\"@type\":\"ListItem\",\"position\":3,\"name\":\"Technogym Bike: Das interaktive und leise Trainingsfahrrad mit fortschrittlicher Technologie\"}]},{\"@type\":\"WebSite\",\"@id\":\"https:\/\/rntl.ch\/fitness\/#website\",\"url\":\"https:\/\/rntl.ch\/fitness\/\",\"name\":\"RNTL Fitness\",\"description\":\"Mieten Einfach Anders\",\"publisher\":{\"@id\":\"https:\/\/rntl.ch\/fitness\/#organization\"},\"potentialAction\":[{\"@type\":\"SearchAction\",\"target\":{\"@type\":\"EntryPoint\",\"urlTemplate\":\"https:\/\/rntl.ch\/fitness\/?s={search_term_string}\"},\"query-input\":{\"@type\":\"PropertyValueSpecification\",\"valueRequired\":true,\"valueName\":\"search_term_string\"}}],\"inLanguage\":\"de\"},{\"@type\":\"Organization\",\"@id\":\"https:\/\/rntl.ch\/fitness\/#organization\",\"name\":\"RNTL Fitness\",\"url\":\"https:\/\/rntl.ch\/fitness\/\",\"logo\":{\"@type\":\"ImageObject\",\"inLanguage\":\"de\",\"@id\":\"https:\/\/rntl.ch\/fitness\/#\/schema\/logo\/image\/\",\"url\":\"https:\/\/rntl.ch\/fitness\/wp-content\/uploads\/sites\/3\/2020\/11\/cropped-rntl_logo_white_530x150.png\",\"contentUrl\":\"https:\/\/rntl.ch\/fitness\/wp-content\/uploads\/sites\/3\/2020\/11\/cropped-rntl_logo_white_530x150.png\",\"width\":530,\"height\":150,\"caption\":\"RNTL Fitness\"},\"image\":{\"@id\":\"https:\/\/rntl.ch\/fitness\/#\/schema\/logo\/image\/\"}}]}<\/script>\n<!-- \/ Yoast SEO plugin. -->","yoast_head_json":{"title":"Technogym Bike: Das interaktive und leise Trainingsfahrrad mit fortschrittlicher Technologie - RNTL Fitness","description":"Ein professionelles Trainingsfahrrad, bis ins kleinste Detail von unserem Forschungszentrum entwickelt. Das Technogym Bike ist das Ergebnis von mehr als 35 Jahren biomechanischer Forschung und eines kontinuierlichen Austauschs mit Olympioniken. Dank seiner schnellen Einstellungen passt es sich innerhalb von Sekunden Ihrem K\u00f6rper an. Das Pedalieren ist so geschmeidig und leise wie nie zuvor. Und das ist erst der Anfang.","robots":{"index":"index","follow":"follow","max-snippet":"max-snippet:-1","max-image-preview":"max-image-preview:large","max-video-preview":"max-video-preview:-1"},"canonical":"https:\/\/rntl.ch\/fitness\/produkt\/technogym-bike-das-interaktive-und-leise-trainingsfahrrad-mit-fortschrittlicher-technologie\/","og_locale":"de_DE","og_type":"article","og_title":"Technogym Bike: Das interaktive und leise Trainingsfahrrad mit fortschrittlicher Technologie - RNTL Fitness","og_description":"Ein professionelles Trainingsfahrrad, bis ins kleinste Detail von unserem Forschungszentrum entwickelt. Das Technogym Bike ist das Ergebnis von mehr als 35 Jahren biomechanischer Forschung und eines kontinuierlichen Austauschs mit Olympioniken. Dank seiner schnellen Einstellungen passt es sich innerhalb von Sekunden Ihrem K\u00f6rper an. Das Pedalieren ist so geschmeidig und leise wie nie zuvor. Und das ist erst der Anfang.","og_url":"https:\/\/rntl.ch\/fitness\/produkt\/technogym-bike-das-interaktive-und-leise-trainingsfahrrad-mit-fortschrittlicher-technologie\/","og_site_name":"RNTL Fitness","article_modified_time":"2025-12-01T15:25:08+00:00","og_image":[{"width":800,"height":800,"url":"https:\/\/rntl.ch\/fitness\/wp-content\/uploads\/sites\/3\/2024\/07\/1-1.png","type":"image\/png"}],"twitter_card":"summary_large_image","twitter_misc":{"Gesch\u00e4tzte Lesezeit":"1\u00a0Minute"},"schema":{"@context":"https:\/\/schema.org","@graph":[{"@type":"WebPage","@id":"https:\/\/rntl.ch\/fitness\/produkt\/technogym-bike-das-interaktive-und-leise-trainingsfahrrad-mit-fortschrittlicher-technologie\/","url":"https:\/\/rntl.ch\/fitness\/produkt\/technogym-bike-das-interaktive-und-leise-trainingsfahrrad-mit-fortschrittlicher-technologie\/","name":"Technogym Bike: Das interaktive und leise Trainingsfahrrad mit fortschrittlicher Technologie - RNTL Fitness","isPartOf":{"@id":"https:\/\/rntl.ch\/fitness\/#website"},"primaryImageOfPage":{"@id":"https:\/\/rntl.ch\/fitness\/produkt\/technogym-bike-das-interaktive-und-leise-trainingsfahrrad-mit-fortschrittlicher-technologie\/#primaryimage"},"image":{"@id":"https:\/\/rntl.ch\/fitness\/produkt\/technogym-bike-das-interaktive-und-leise-trainingsfahrrad-mit-fortschrittlicher-technologie\/#primaryimage"},"thumbnailUrl":"https:\/\/rntl.ch\/fitness\/wp-content\/uploads\/sites\/3\/2024\/07\/THIS.png","datePublished":"2024-07-08T09:12:10+00:00","dateModified":"2025-12-01T15:25:08+00:00","description":"Ein professionelles Trainingsfahrrad, bis ins kleinste Detail von unserem Forschungszentrum entwickelt. Das Technogym Bike ist das Ergebnis von mehr als 35 Jahren biomechanischer Forschung und eines kontinuierlichen Austauschs mit Olympioniken. Dank seiner schnellen Einstellungen passt es sich innerhalb von Sekunden Ihrem K\u00f6rper an. Das Pedalieren ist so geschmeidig und leise wie nie zuvor. Und das ist erst der Anfang.","breadcrumb":{"@id":"https:\/\/rntl.ch\/fitness\/produkt\/technogym-bike-das-interaktive-und-leise-trainingsfahrrad-mit-fortschrittlicher-technologie\/#breadcrumb"},"inLanguage":"de","potentialAction":[{"@type":"ReadAction","target":["https:\/\/rntl.ch\/fitness\/produkt\/technogym-bike-das-interaktive-und-leise-trainingsfahrrad-mit-fortschrittlicher-technologie\/"]}]},{"@type":"ImageObject","inLanguage":"de","@id":"https:\/\/rntl.ch\/fitness\/produkt\/technogym-bike-das-interaktive-und-leise-trainingsfahrrad-mit-fortschrittlicher-technologie\/#primaryimage","url":"https:\/\/rntl.ch\/fitness\/wp-content\/uploads\/sites\/3\/2024\/07\/THIS.png","contentUrl":"https:\/\/rntl.ch\/fitness\/wp-content\/uploads\/sites\/3\/2024\/07\/THIS.png","width":800,"height":800},{"@type":"BreadcrumbList","@id":"https:\/\/rntl.ch\/fitness\/produkt\/technogym-bike-das-interaktive-und-leise-trainingsfahrrad-mit-fortschrittlicher-technologie\/#breadcrumb","itemListElement":[{"@type":"ListItem","position":1,"name":"Startseite","item":"https:\/\/rntl.ch\/fitness\/"},{"@type":"ListItem","position":2,"name":"Shop","item":"https:\/\/rntl.ch\/fitness\/shop\/"},{"@type":"ListItem","position":3,"name":"Technogym Bike: Das interaktive und leise Trainingsfahrrad mit fortschrittlicher Technologie"}]},{"@type":"WebSite","@id":"https:\/\/rntl.ch\/fitness\/#website","url":"https:\/\/rntl.ch\/fitness\/","name":"RNTL Fitness","description":"Mieten Einfach Anders","publisher":{"@id":"https:\/\/rntl.ch\/fitness\/#organization"},"potentialAction":[{"@type":"SearchAction","target":{"@type":"EntryPoint","urlTemplate":"https:\/\/rntl.ch\/fitness\/?s={search_term_string}"},"query-input":{"@type":"PropertyValueSpecification","valueRequired":true,"valueName":"search_term_string"}}],"inLanguage":"de"},{"@type":"Organization","@id":"https:\/\/rntl.ch\/fitness\/#organization","name":"RNTL Fitness","url":"https:\/\/rntl.ch\/fitness\/","logo":{"@type":"ImageObject","inLanguage":"de","@id":"https:\/\/rntl.ch\/fitness\/#\/schema\/logo\/image\/","url":"https:\/\/rntl.ch\/fitness\/wp-content\/uploads\/sites\/3\/2020\/11\/cropped-rntl_logo_white_530x150.png","contentUrl":"https:\/\/rntl.ch\/fitness\/wp-content\/uploads\/sites\/3\/2020\/11\/cropped-rntl_logo_white_530x150.png","width":530,"height":150,"caption":"RNTL Fitness"},"image":{"@id":"https:\/\/rntl.ch\/fitness\/#\/schema\/logo\/image\/"}}]}},"_links":{"self":[{"href":"https:\/\/rntl.ch\/fitness\/wp-json\/wp\/v2\/product\/29048","targetHints":{"allow":["GET"]}}],"collection":[{"href":"https:\/\/rntl.ch\/fitness\/wp-json\/wp\/v2\/product"}],"about":[{"href":"https:\/\/rntl.ch\/fitness\/wp-json\/wp\/v2\/types\/product"}],"version-history":[{"count":2,"href":"https:\/\/rntl.ch\/fitness\/wp-json\/wp\/v2\/product\/29048\/revisions"}],"predecessor-version":[{"id":35082,"href":"https:\/\/rntl.ch\/fitness\/wp-json\/wp\/v2\/product\/29048\/revisions\/35082"}],"wp:featuredmedia":[{"embeddable":true,"href":"https:\/\/rntl.ch\/fitness\/wp-json\/wp\/v2\/media\/29279"}],"wp:attachment":[{"href":"https:\/\/rntl.ch\/fitness\/wp-json\/wp\/v2\/media?parent=29048"}],"wp:term":[{"taxonomy":"product_brand","embeddable":true,"href":"https:\/\/rntl.ch\/fitness\/wp-json\/wp\/v2\/product_brand?post=29048"},{"taxonomy":"product_cat","embeddable":true,"href":"https:\/\/rntl.ch\/fitness\/wp-json\/wp\/v2\/product_cat?post=29048"},{"taxonomy":"product_tag","embeddable":true,"href":"https:\/\/rntl.ch\/fitness\/wp-json\/wp\/v2\/product_tag?post=29048"}],"curies":[{"name":"wp","href":"https:\/\/api.w.org\/{rel}","templated":true}]}}