{"id":29057,"date":"2024-07-08T13:44:22","date_gmt":"2024-07-08T11:44:22","guid":{"rendered":"https:\/\/rntl.ch\/fitness\/?post_type=product&#038;p=29057"},"modified":"2026-04-09T15:02:08","modified_gmt":"2026-04-09T13:02:08","slug":"technogym-cycle-das-komfortabelste-und-interaktive-trainingsfahrrad-mit-innovativem-design","status":"publish","type":"product","link":"https:\/\/rntl.ch\/fitness\/produkt\/technogym-cycle-das-komfortabelste-und-interaktive-trainingsfahrrad-mit-innovativem-design\/","title":{"rendered":"Technogym Cycle: Das komfortabelste und interaktive Trainingsfahrrad mit innovativem Design"},"content":{"rendered":"<p><span style=\"font-weight: 400;\">TECHNOGYM LIVE<\/span><\/p>\n<p><span style=\"font-weight: 400;\">Bleiben Sie gesund und motiviert mit personalisiertem Training. Das Technogym Cycle ist ein Trainingsfahrrad, das mit einem breiten Sitz und einem Durchgangsbereich entworfen wurde, um Ihre Gesundheit zu verbessern und wieder in Form zu kommen.<\/span><\/p>\n<p><span style=\"font-weight: 400;\">Alle Informationen, die Sie ben\u00f6tigen, um Ihre Fortschritte zu verfolgen, werden klar auf der Konsole angezeigt und k\u00f6nnen mit oder ohne Tablet genutzt werden.<\/span><\/p>\n<p><span style=\"font-weight: 400;\">So bequem, dass Sie gar nicht mehr absteigen wollen\u00a0\u00a0<\/span><\/p>\n<p><span style=\"font-weight: 400;\">Mit einer extra breiten Oberfl\u00e4che und einer Mehrdichte-Polsterung ist der Sitz der komfortabelste seiner Klasse. Stellen Sie ihn einfach mit dem Hebel hinten ein, w\u00e4hrend Sie sitzen, sogar w\u00e4hrend der Fahrt.<\/span><\/p>\n<p><span style=\"font-weight: 400;\">W\u00e4hrend Sie trainieren, \u00fcberwacht das CPR-System (Constant Pulse Rate) Ihre Herzfrequenz und passt Geschwindigkeit und Widerstand automatisch f\u00fcr ein sicheres und effizientes Training an. Laden Sie die Technogym App f\u00fcr die Apple Watch herunter, um Ihr Ger\u00e4t als Herzfrequenzsensor zu verwenden.<\/span><\/p>\n<p><span style=\"font-weight: 400;\">Extra stabil: <\/span><span style=\"font-weight: 400;\">Das Technogym Cycle ist stabil und widerstandsf\u00e4hig. Es ist so konzipiert, dass es bis zu 180 kg Gewicht tragen kann.<\/span><\/p>\n<p><span style=\"font-weight: 400;\">Ein spezieller Magnethalter h\u00e4lt Ihr Tablet sicher und gesch\u00fctzt, auch w\u00e4hrend Ihres intensivsten Trainings.<\/span><\/p>\n<p><span style=\"font-weight: 400;\">Mit nur 17 cm Abstand zwischen den Pedalen sorgt die reduzierte Distanz f\u00fcr fl\u00fcssige Bewegung und eine korrekte K\u00f6rperhaltung.<\/span><\/p>\n<p><span style=\"font-weight: 400;\">Technische Spezifikationen\u00a0<\/span><\/p>\n<ul>\n<li style=\"font-weight: 400;\" aria-level=\"1\"><span style=\"font-weight: 400;\">Abmessungen (LxBxH): 1140 x 600 x 1360 mm<\/span><\/li>\n<li style=\"font-weight: 400;\" aria-level=\"1\"><span style=\"font-weight: 400;\">Gewicht des Produkts: 62 kg<\/span><\/li>\n<li style=\"font-weight: 400;\" aria-level=\"1\"><span style=\"font-weight: 400;\">Maximales Benutzergewicht: 180 kg<\/span><\/li>\n<li style=\"font-weight: 400;\" aria-level=\"1\"><span style=\"font-weight: 400;\">Maximaler Widerstand bei 160 U\/min 600 W<\/span><\/li>\n<li style=\"font-weight: 400;\" aria-level=\"1\"><span style=\"font-weight: 400;\">Stromanforderungen: 100-240 Vac \u00b1 10% 50\/60 Hz<\/span><\/li>\n<li style=\"font-weight: 400;\" aria-level=\"1\"><span style=\"font-weight: 400;\">Energieverbrauch im Standby: weniger als 0.5 W<\/span><\/li>\n<li style=\"font-weight: 400;\" aria-level=\"1\"><span style=\"font-weight: 400;\">Pedalkurbel-L\u00e4nge: 172.5 mm<\/span><\/li>\n<li style=\"font-weight: 400;\" aria-level=\"1\"><span style=\"font-weight: 400;\">Q-Faktor: 170 mm<\/span><\/li>\n<li style=\"font-weight: 400;\" aria-level=\"1\"><span style=\"font-weight: 400;\">USB-Ladeger\u00e4t: Ja<\/span><\/li>\n<li style=\"font-weight: 400;\" aria-level=\"1\"><span style=\"font-weight: 400;\">Bluetooth 5.0: Ja<\/span><\/li>\n<li style=\"font-weight: 400;\" aria-level=\"1\"><span style=\"font-weight: 400;\">Upgrade \u00fcber die Technogym Live App: Ja<\/span><\/li>\n<li style=\"font-weight: 400;\" aria-level=\"1\"><span style=\"font-weight: 400;\">Apple Watch-Kompatibilit\u00e4t durch die Technogym App: Ja<\/span><\/li>\n<li style=\"font-weight: 400;\" aria-level=\"1\"><span style=\"font-weight: 400;\">Geeignet f\u00fcr Benutzer mit einer K\u00f6rpergr\u00f6\u00dfe von 155-205 cm<\/span><\/li>\n<li style=\"font-weight: 400;\" aria-level=\"1\"><span style=\"font-weight: 400;\">Verpackungsgr\u00f6\u00dfe (LxBxH): 1840 x 876 x 364 mm<\/span><\/li>\n<\/ul>\n","protected":false},"excerpt":{"rendered":"<p><span style=\"font-weight: 400;\">Technogym Cycle bietet einen b<\/span><span style=\"font-weight: 400;\">reiten Druchgang f\u00fcr einen Einfach ein- und aussteige und ein p<\/span><span style=\"font-weight: 400;\">latzsparendes Design mit nur 0,7 m\u00b2\u00a0<\/span><\/p>\n<p><strong>Kaufpreis [woo_custom_field id=\"rntl_retail_price_field\"].-<\/strong><\/p>\n[rntl_page_content id=\"14687\"]\n<div class=\"woocommerce-product-details__short-description\">\n<p>&nbsp;<\/p>\n<\/div>\n","protected":false},"featured_media":29062,"template":"","meta":{"content-type":""},"product_brand":[],"product_cat":[25],"product_tag":[112],"class_list":{"0":"post-29057","1":"product","2":"type-product","3":"status-publish","4":"has-post-thumbnail","6":"product_cat-hometrainer","7":"product_tag-mieten","8":"product_shipping_class-leicht","9":"tm-no-options","11":"first","12":"instock","13":"taxable","14":"shipping-taxable","15":"purchasable","16":"product-type-variable-subscription","17":"has-default-attributes"},"yoast_head":"<!-- This site is optimized with the Yoast SEO plugin v26.3 - https:\/\/yoast.com\/wordpress\/plugins\/seo\/ -->\n<title>Technogym Cycle: Das komfortabelste und interaktive Trainingsfahrrad mit innovativem Design - RNTL Fitness<\/title>\n<meta name=\"description\" content=\"Erleben Sie das Technogym Cycle \u2013 das komfortabelste und interaktive Trainingsfahrrad mit innovativem Design. Dank des breiten Durchgangs steigen Sie einfach ein und aus. Das platzsparende Design ben\u00f6tigt nur 0,7 m\u00b2. Bleiben Sie gesund und motiviert mit personalisiertem Training \u00fcber die Technogym Live App. Der extra breite, mehrdichte Sitz sorgt f\u00fcr h\u00f6chsten Komfort. Das CPR-System \u00fcberwacht Ihre Herzfrequenz und passt das Training automatisch an. Stabil und belastbar bis zu 180 kg, mit sicherem Tablet-Halter und nahtlosem Pedalieren. Perfekt f\u00fcr ein intensives, angenehmes Workout.\" \/>\n<meta name=\"robots\" content=\"index, follow, max-snippet:-1, max-image-preview:large, max-video-preview:-1\" \/>\n<link rel=\"canonical\" href=\"https:\/\/rntl.ch\/fitness\/produkt\/technogym-cycle-das-komfortabelste-und-interaktive-trainingsfahrrad-mit-innovativem-design\/\" \/>\n<meta property=\"og:locale\" content=\"de_DE\" \/>\n<meta property=\"og:type\" content=\"article\" \/>\n<meta property=\"og:title\" content=\"Technogym Cycle: Das komfortabelste und interaktive Trainingsfahrrad mit innovativem Design - RNTL Fitness\" \/>\n<meta property=\"og:description\" content=\"Erleben Sie das Technogym Cycle \u2013 das komfortabelste und interaktive Trainingsfahrrad mit innovativem Design. Dank des breiten Durchgangs steigen Sie einfach ein und aus. Das platzsparende Design ben\u00f6tigt nur 0,7 m\u00b2. Bleiben Sie gesund und motiviert mit personalisiertem Training \u00fcber die Technogym Live App. Der extra breite, mehrdichte Sitz sorgt f\u00fcr h\u00f6chsten Komfort. Das CPR-System \u00fcberwacht Ihre Herzfrequenz und passt das Training automatisch an. Stabil und belastbar bis zu 180 kg, mit sicherem Tablet-Halter und nahtlosem Pedalieren. Perfekt f\u00fcr ein intensives, angenehmes Workout.\" \/>\n<meta property=\"og:url\" content=\"https:\/\/rntl.ch\/fitness\/produkt\/technogym-cycle-das-komfortabelste-und-interaktive-trainingsfahrrad-mit-innovativem-design\/\" \/>\n<meta property=\"og:site_name\" content=\"RNTL Fitness\" \/>\n<meta property=\"article:modified_time\" content=\"2026-04-09T13:02:08+00:00\" \/>\n<meta property=\"og:image\" content=\"https:\/\/rntl.ch\/fitness\/wp-content\/uploads\/sites\/3\/2024\/07\/1-2.webp\" \/>\n\t<meta property=\"og:image:width\" content=\"800\" \/>\n\t<meta property=\"og:image:height\" content=\"800\" \/>\n\t<meta property=\"og:image:type\" content=\"image\/webp\" \/>\n<meta name=\"twitter:card\" content=\"summary_large_image\" \/>\n<meta name=\"twitter:label1\" content=\"Gesch\u00e4tzte Lesezeit\" \/>\n\t<meta name=\"twitter:data1\" content=\"2\u00a0Minuten\" \/>\n<script type=\"application\/ld+json\" class=\"yoast-schema-graph\">{\"@context\":\"https:\/\/schema.org\",\"@graph\":[{\"@type\":\"WebPage\",\"@id\":\"https:\/\/rntl.ch\/fitness\/produkt\/technogym-cycle-das-komfortabelste-und-interaktive-trainingsfahrrad-mit-innovativem-design\/\",\"url\":\"https:\/\/rntl.ch\/fitness\/produkt\/technogym-cycle-das-komfortabelste-und-interaktive-trainingsfahrrad-mit-innovativem-design\/\",\"name\":\"Technogym Cycle: Das komfortabelste und interaktive Trainingsfahrrad mit innovativem Design - RNTL Fitness\",\"isPartOf\":{\"@id\":\"https:\/\/rntl.ch\/fitness\/#website\"},\"primaryImageOfPage\":{\"@id\":\"https:\/\/rntl.ch\/fitness\/produkt\/technogym-cycle-das-komfortabelste-und-interaktive-trainingsfahrrad-mit-innovativem-design\/#primaryimage\"},\"image\":{\"@id\":\"https:\/\/rntl.ch\/fitness\/produkt\/technogym-cycle-das-komfortabelste-und-interaktive-trainingsfahrrad-mit-innovativem-design\/#primaryimage\"},\"thumbnailUrl\":\"https:\/\/rntl.ch\/fitness\/wp-content\/uploads\/sites\/3\/2024\/07\/1-2.webp\",\"datePublished\":\"2024-07-08T11:44:22+00:00\",\"dateModified\":\"2026-04-09T13:02:08+00:00\",\"description\":\"Erleben Sie das Technogym Cycle \u2013 das komfortabelste und interaktive Trainingsfahrrad mit innovativem Design. Dank des breiten Durchgangs steigen Sie einfach ein und aus. Das platzsparende Design ben\u00f6tigt nur 0,7 m\u00b2. Bleiben Sie gesund und motiviert mit personalisiertem Training \u00fcber die Technogym Live App. Der extra breite, mehrdichte Sitz sorgt f\u00fcr h\u00f6chsten Komfort. Das CPR-System \u00fcberwacht Ihre Herzfrequenz und passt das Training automatisch an. Stabil und belastbar bis zu 180 kg, mit sicherem Tablet-Halter und nahtlosem Pedalieren. Perfekt f\u00fcr ein intensives, angenehmes Workout.\",\"breadcrumb\":{\"@id\":\"https:\/\/rntl.ch\/fitness\/produkt\/technogym-cycle-das-komfortabelste-und-interaktive-trainingsfahrrad-mit-innovativem-design\/#breadcrumb\"},\"inLanguage\":\"de\",\"potentialAction\":[{\"@type\":\"ReadAction\",\"target\":[\"https:\/\/rntl.ch\/fitness\/produkt\/technogym-cycle-das-komfortabelste-und-interaktive-trainingsfahrrad-mit-innovativem-design\/\"]}]},{\"@type\":\"ImageObject\",\"inLanguage\":\"de\",\"@id\":\"https:\/\/rntl.ch\/fitness\/produkt\/technogym-cycle-das-komfortabelste-und-interaktive-trainingsfahrrad-mit-innovativem-design\/#primaryimage\",\"url\":\"https:\/\/rntl.ch\/fitness\/wp-content\/uploads\/sites\/3\/2024\/07\/1-2.webp\",\"contentUrl\":\"https:\/\/rntl.ch\/fitness\/wp-content\/uploads\/sites\/3\/2024\/07\/1-2.webp\",\"width\":800,\"height\":800},{\"@type\":\"BreadcrumbList\",\"@id\":\"https:\/\/rntl.ch\/fitness\/produkt\/technogym-cycle-das-komfortabelste-und-interaktive-trainingsfahrrad-mit-innovativem-design\/#breadcrumb\",\"itemListElement\":[{\"@type\":\"ListItem\",\"position\":1,\"name\":\"Startseite\",\"item\":\"https:\/\/rntl.ch\/fitness\/\"},{\"@type\":\"ListItem\",\"position\":2,\"name\":\"Shop\",\"item\":\"https:\/\/rntl.ch\/fitness\/shop\/\"},{\"@type\":\"ListItem\",\"position\":3,\"name\":\"Technogym Cycle: Das komfortabelste und interaktive Trainingsfahrrad mit innovativem Design\"}]},{\"@type\":\"WebSite\",\"@id\":\"https:\/\/rntl.ch\/fitness\/#website\",\"url\":\"https:\/\/rntl.ch\/fitness\/\",\"name\":\"RNTL Fitness\",\"description\":\"Mieten Einfach Anders\",\"publisher\":{\"@id\":\"https:\/\/rntl.ch\/fitness\/#organization\"},\"potentialAction\":[{\"@type\":\"SearchAction\",\"target\":{\"@type\":\"EntryPoint\",\"urlTemplate\":\"https:\/\/rntl.ch\/fitness\/?s={search_term_string}\"},\"query-input\":{\"@type\":\"PropertyValueSpecification\",\"valueRequired\":true,\"valueName\":\"search_term_string\"}}],\"inLanguage\":\"de\"},{\"@type\":\"Organization\",\"@id\":\"https:\/\/rntl.ch\/fitness\/#organization\",\"name\":\"RNTL Fitness\",\"url\":\"https:\/\/rntl.ch\/fitness\/\",\"logo\":{\"@type\":\"ImageObject\",\"inLanguage\":\"de\",\"@id\":\"https:\/\/rntl.ch\/fitness\/#\/schema\/logo\/image\/\",\"url\":\"https:\/\/rntl.ch\/fitness\/wp-content\/uploads\/sites\/3\/2020\/11\/cropped-rntl_logo_white_530x150.png\",\"contentUrl\":\"https:\/\/rntl.ch\/fitness\/wp-content\/uploads\/sites\/3\/2020\/11\/cropped-rntl_logo_white_530x150.png\",\"width\":530,\"height\":150,\"caption\":\"RNTL Fitness\"},\"image\":{\"@id\":\"https:\/\/rntl.ch\/fitness\/#\/schema\/logo\/image\/\"}}]}<\/script>\n<!-- \/ Yoast SEO plugin. -->","yoast_head_json":{"title":"Technogym Cycle: Das komfortabelste und interaktive Trainingsfahrrad mit innovativem Design - RNTL Fitness","description":"Erleben Sie das Technogym Cycle \u2013 das komfortabelste und interaktive Trainingsfahrrad mit innovativem Design. Dank des breiten Durchgangs steigen Sie einfach ein und aus. Das platzsparende Design ben\u00f6tigt nur 0,7 m\u00b2. Bleiben Sie gesund und motiviert mit personalisiertem Training \u00fcber die Technogym Live App. Der extra breite, mehrdichte Sitz sorgt f\u00fcr h\u00f6chsten Komfort. Das CPR-System \u00fcberwacht Ihre Herzfrequenz und passt das Training automatisch an. Stabil und belastbar bis zu 180 kg, mit sicherem Tablet-Halter und nahtlosem Pedalieren. Perfekt f\u00fcr ein intensives, angenehmes Workout.","robots":{"index":"index","follow":"follow","max-snippet":"max-snippet:-1","max-image-preview":"max-image-preview:large","max-video-preview":"max-video-preview:-1"},"canonical":"https:\/\/rntl.ch\/fitness\/produkt\/technogym-cycle-das-komfortabelste-und-interaktive-trainingsfahrrad-mit-innovativem-design\/","og_locale":"de_DE","og_type":"article","og_title":"Technogym Cycle: Das komfortabelste und interaktive Trainingsfahrrad mit innovativem Design - RNTL Fitness","og_description":"Erleben Sie das Technogym Cycle \u2013 das komfortabelste und interaktive Trainingsfahrrad mit innovativem Design. Dank des breiten Durchgangs steigen Sie einfach ein und aus. Das platzsparende Design ben\u00f6tigt nur 0,7 m\u00b2. Bleiben Sie gesund und motiviert mit personalisiertem Training \u00fcber die Technogym Live App. Der extra breite, mehrdichte Sitz sorgt f\u00fcr h\u00f6chsten Komfort. Das CPR-System \u00fcberwacht Ihre Herzfrequenz und passt das Training automatisch an. Stabil und belastbar bis zu 180 kg, mit sicherem Tablet-Halter und nahtlosem Pedalieren. Perfekt f\u00fcr ein intensives, angenehmes Workout.","og_url":"https:\/\/rntl.ch\/fitness\/produkt\/technogym-cycle-das-komfortabelste-und-interaktive-trainingsfahrrad-mit-innovativem-design\/","og_site_name":"RNTL Fitness","article_modified_time":"2026-04-09T13:02:08+00:00","og_image":[{"width":800,"height":800,"url":"https:\/\/rntl.ch\/fitness\/wp-content\/uploads\/sites\/3\/2024\/07\/1-2.webp","type":"image\/webp"}],"twitter_card":"summary_large_image","twitter_misc":{"Gesch\u00e4tzte Lesezeit":"2\u00a0Minuten"},"schema":{"@context":"https:\/\/schema.org","@graph":[{"@type":"WebPage","@id":"https:\/\/rntl.ch\/fitness\/produkt\/technogym-cycle-das-komfortabelste-und-interaktive-trainingsfahrrad-mit-innovativem-design\/","url":"https:\/\/rntl.ch\/fitness\/produkt\/technogym-cycle-das-komfortabelste-und-interaktive-trainingsfahrrad-mit-innovativem-design\/","name":"Technogym Cycle: Das komfortabelste und interaktive Trainingsfahrrad mit innovativem Design - RNTL Fitness","isPartOf":{"@id":"https:\/\/rntl.ch\/fitness\/#website"},"primaryImageOfPage":{"@id":"https:\/\/rntl.ch\/fitness\/produkt\/technogym-cycle-das-komfortabelste-und-interaktive-trainingsfahrrad-mit-innovativem-design\/#primaryimage"},"image":{"@id":"https:\/\/rntl.ch\/fitness\/produkt\/technogym-cycle-das-komfortabelste-und-interaktive-trainingsfahrrad-mit-innovativem-design\/#primaryimage"},"thumbnailUrl":"https:\/\/rntl.ch\/fitness\/wp-content\/uploads\/sites\/3\/2024\/07\/1-2.webp","datePublished":"2024-07-08T11:44:22+00:00","dateModified":"2026-04-09T13:02:08+00:00","description":"Erleben Sie das Technogym Cycle \u2013 das komfortabelste und interaktive Trainingsfahrrad mit innovativem Design. Dank des breiten Durchgangs steigen Sie einfach ein und aus. Das platzsparende Design ben\u00f6tigt nur 0,7 m\u00b2. Bleiben Sie gesund und motiviert mit personalisiertem Training \u00fcber die Technogym Live App. Der extra breite, mehrdichte Sitz sorgt f\u00fcr h\u00f6chsten Komfort. Das CPR-System \u00fcberwacht Ihre Herzfrequenz und passt das Training automatisch an. Stabil und belastbar bis zu 180 kg, mit sicherem Tablet-Halter und nahtlosem Pedalieren. Perfekt f\u00fcr ein intensives, angenehmes Workout.","breadcrumb":{"@id":"https:\/\/rntl.ch\/fitness\/produkt\/technogym-cycle-das-komfortabelste-und-interaktive-trainingsfahrrad-mit-innovativem-design\/#breadcrumb"},"inLanguage":"de","potentialAction":[{"@type":"ReadAction","target":["https:\/\/rntl.ch\/fitness\/produkt\/technogym-cycle-das-komfortabelste-und-interaktive-trainingsfahrrad-mit-innovativem-design\/"]}]},{"@type":"ImageObject","inLanguage":"de","@id":"https:\/\/rntl.ch\/fitness\/produkt\/technogym-cycle-das-komfortabelste-und-interaktive-trainingsfahrrad-mit-innovativem-design\/#primaryimage","url":"https:\/\/rntl.ch\/fitness\/wp-content\/uploads\/sites\/3\/2024\/07\/1-2.webp","contentUrl":"https:\/\/rntl.ch\/fitness\/wp-content\/uploads\/sites\/3\/2024\/07\/1-2.webp","width":800,"height":800},{"@type":"BreadcrumbList","@id":"https:\/\/rntl.ch\/fitness\/produkt\/technogym-cycle-das-komfortabelste-und-interaktive-trainingsfahrrad-mit-innovativem-design\/#breadcrumb","itemListElement":[{"@type":"ListItem","position":1,"name":"Startseite","item":"https:\/\/rntl.ch\/fitness\/"},{"@type":"ListItem","position":2,"name":"Shop","item":"https:\/\/rntl.ch\/fitness\/shop\/"},{"@type":"ListItem","position":3,"name":"Technogym Cycle: Das komfortabelste und interaktive Trainingsfahrrad mit innovativem Design"}]},{"@type":"WebSite","@id":"https:\/\/rntl.ch\/fitness\/#website","url":"https:\/\/rntl.ch\/fitness\/","name":"RNTL Fitness","description":"Mieten Einfach Anders","publisher":{"@id":"https:\/\/rntl.ch\/fitness\/#organization"},"potentialAction":[{"@type":"SearchAction","target":{"@type":"EntryPoint","urlTemplate":"https:\/\/rntl.ch\/fitness\/?s={search_term_string}"},"query-input":{"@type":"PropertyValueSpecification","valueRequired":true,"valueName":"search_term_string"}}],"inLanguage":"de"},{"@type":"Organization","@id":"https:\/\/rntl.ch\/fitness\/#organization","name":"RNTL Fitness","url":"https:\/\/rntl.ch\/fitness\/","logo":{"@type":"ImageObject","inLanguage":"de","@id":"https:\/\/rntl.ch\/fitness\/#\/schema\/logo\/image\/","url":"https:\/\/rntl.ch\/fitness\/wp-content\/uploads\/sites\/3\/2020\/11\/cropped-rntl_logo_white_530x150.png","contentUrl":"https:\/\/rntl.ch\/fitness\/wp-content\/uploads\/sites\/3\/2020\/11\/cropped-rntl_logo_white_530x150.png","width":530,"height":150,"caption":"RNTL Fitness"},"image":{"@id":"https:\/\/rntl.ch\/fitness\/#\/schema\/logo\/image\/"}}]}},"_links":{"self":[{"href":"https:\/\/rntl.ch\/fitness\/wp-json\/wp\/v2\/product\/29057","targetHints":{"allow":["GET"]}}],"collection":[{"href":"https:\/\/rntl.ch\/fitness\/wp-json\/wp\/v2\/product"}],"about":[{"href":"https:\/\/rntl.ch\/fitness\/wp-json\/wp\/v2\/types\/product"}],"version-history":[{"count":2,"href":"https:\/\/rntl.ch\/fitness\/wp-json\/wp\/v2\/product\/29057\/revisions"}],"predecessor-version":[{"id":29066,"href":"https:\/\/rntl.ch\/fitness\/wp-json\/wp\/v2\/product\/29057\/revisions\/29066"}],"wp:featuredmedia":[{"embeddable":true,"href":"https:\/\/rntl.ch\/fitness\/wp-json\/wp\/v2\/media\/29062"}],"wp:attachment":[{"href":"https:\/\/rntl.ch\/fitness\/wp-json\/wp\/v2\/media?parent=29057"}],"wp:term":[{"taxonomy":"product_brand","embeddable":true,"href":"https:\/\/rntl.ch\/fitness\/wp-json\/wp\/v2\/product_brand?post=29057"},{"taxonomy":"product_cat","embeddable":true,"href":"https:\/\/rntl.ch\/fitness\/wp-json\/wp\/v2\/product_cat?post=29057"},{"taxonomy":"product_tag","embeddable":true,"href":"https:\/\/rntl.ch\/fitness\/wp-json\/wp\/v2\/product_tag?post=29057"}],"curies":[{"name":"wp","href":"https:\/\/api.w.org\/{rel}","templated":true}]}}