{"id":29076,"date":"2024-07-08T15:26:26","date_gmt":"2024-07-08T13:26:26","guid":{"rendered":"https:\/\/rntl.ch\/fitness\/?post_type=product&#038;p=29076"},"modified":"2025-02-27T10:37:06","modified_gmt":"2025-02-27T09:37:06","slug":"skillrow-intensivstes-oberkoerper-cardio-training-mit-innovativer-technologie","status":"publish","type":"product","link":"https:\/\/rntl.ch\/fitness\/produkt\/skillrow-intensivstes-oberkoerper-cardio-training-mit-innovativer-technologie\/","title":{"rendered":"Technogym Skillrow: Intensivstes Oberk\u00f6rper-Cardio-Training mit innovativer Technologie"},"content":{"rendered":"<p><span style=\"font-weight: 400;\">Wir haben ein Produkt f\u00fcr das Ganzk\u00f6rpertraining geschaffen, das die Grenzen des traditionellen Ruderns erweitert. Ausgestattet mit modernster Technologie ist Skillrow der einzige Ruderergometer, der F\u00e4higkeiten, kardiovaskul\u00e4re Fitness sowie Ganzk\u00f6rperkraft verbessert.<\/span><\/p>\n<p><span style=\"font-weight: 400;\">Olympiasieger Scott Durant trainiert auf dem Skillrow. Skillrow hebt das Rudern auf ein neues Effektivit\u00e4tsniveau, indem es die Dynamik und das Gef\u00fchl des Ruderns im Wasser nachbildet. Die Aquafeel\u2122-Technologie sorgt daf\u00fcr, dass die Griffgeschwindigkeit w\u00e4hrend der aktiven Phase des Ruderzugs n\u00e4her an der Ruderbootgeschwindigkeit liegt als bei herk\u00f6mmlichen Ergometern.<\/span><\/p>\n<p><span style=\"font-weight: 400;\">Die Multidrive Technology erm\u00f6glicht es, den Rudermodus f\u00fcr ein optimales kardiovaskul\u00e4res Training oder den Powermodus f\u00fcr ein Widerstandstraining zu w\u00e4hlen, f\u00fcr kraftspezifische \u00dcbungen, Rudern mit zus\u00e4tzlicher Last simulieren.<\/span><\/p>\n<p><span style=\"font-weight: 400;\">Intuitive Konsole: Anzeigen n\u00fctzlicher Leistungsdaten ohne Handy.\u00a0<\/span><\/p>\n<p><span style=\"font-weight: 400;\">Laden Sie die Skillrow Trainings-App herunter, um motivierende Inhalte und Workouts auf Ihrem Handy zu genie\u00dfen.<\/span><\/p>\n<p><span style=\"font-weight: 400;\">Leicht erreichbarer Lenker: <\/span><span style=\"font-weight: 400;\">Der Lenker befindet sich in der n\u00e4chsten und ergonomischen Position.<\/span><\/p>\n<p><span style=\"font-weight: 400;\">Folgen Sie der nat\u00fcrlichen Kurve eines Ruderschlags im Wasser mit Aquafeel\u2122. Der Widerstand nimmt allm\u00e4hlich in einer fl\u00fcssigen und sicheren Bewegung zu, um einen R\u00fccksto\u00dfeffekt im unteren R\u00fcckenbereich zu vermeiden.<\/span><\/p>\n<p><b>Technische Spezifikationen<\/b><\/p>\n<ul>\n<li style=\"font-weight: 400;\" aria-level=\"1\"><span style=\"font-weight: 400;\">Widerstandstechnologie: Multidrive Technology\u2122 (Patentiert)<\/span><\/li>\n<li style=\"font-weight: 400;\" aria-level=\"1\"><span style=\"font-weight: 400;\">Widerstandsstufen: Luftwiderstands-Rudermodus &#8211; 10 Stufen, zus\u00e4tzlicher Powermodus &#8211; 3 Stufen<\/span><\/li>\n<li style=\"font-weight: 400;\" aria-level=\"1\"><span style=\"font-weight: 400;\">Handyhalter: F\u00fcr Telefone bis zu einer Breite von 77,8 mm\u00a0<\/span><\/li>\n<li style=\"font-weight: 400;\" aria-level=\"1\"><span style=\"font-weight: 400;\">Transportrollen: Ja<\/span><\/li>\n<li style=\"font-weight: 400;\" aria-level=\"1\"><span style=\"font-weight: 400;\">Nivellierf\u00fc\u00dfe: Ja<\/span><\/li>\n<li style=\"font-weight: 400;\" aria-level=\"1\"><span style=\"font-weight: 400;\">Abmessungen (LxBxH): 2435 x 629 x 1280 mm\u00a0<\/span><\/li>\n<li style=\"font-weight: 400;\" aria-level=\"1\"><span style=\"font-weight: 400;\">Ger\u00e4tegewicht: 61 kg<\/span><\/li>\n<li style=\"font-weight: 400;\" aria-level=\"1\"><span style=\"font-weight: 400;\">Versandgewicht: 76 kg<\/span><\/li>\n<li style=\"font-weight: 400;\" aria-level=\"1\"><span style=\"font-weight: 400;\">Min &#8211; max Benutzerh\u00f6he: 150 &#8211; 210 cm\u00a0<\/span><\/li>\n<li style=\"font-weight: 400;\" aria-level=\"1\"><span style=\"font-weight: 400;\">Max Benutzergewicht: 160 kg\u00a0<\/span><\/li>\n<\/ul>\n","protected":false},"excerpt":{"rendered":"<p><span style=\"font-weight: 400;\">Das gemeinsam mit Ruder-Profis entwickelte Skillrow-Equipment f\u00f6rdert mit diversen in der App verf\u00fcgbaren Total-Body-Workouts mit wirklichkeitsgetreuem Rudergef\u00fchl.<\/span><\/p>\n<p><span style=\"font-weight: 400;\">Aquafeel\u2122-Technologie sorgt f\u00fcr realistischer Griffgeschwindigkeit als bei herk\u00f6mmlichen Ergometern\u00a0<\/span><\/p>\n<p><span style=\"font-weight: 400;\">Multidrive Technology trainiere in der optimalen Belasatungsphase f\u00fcr mehr power auf dem Wasser!<\/span><\/p>\n<p><span style=\"font-weight: 400;\">Intuitive Konsole: Anzeigen n\u00fctzlicher Leistungsdaten ohne Handy.\u00a0<\/span><\/p>\n<p><strong>Kaufpreis [woo_custom_field id=\"rntl_retail_price_field\"].-<\/strong><\/p>\n[rntl_page_content id=\"14687\"]\n<div class=\"woocommerce-product-details__short-description\">\n<p>&nbsp;<\/p>\n<\/div>\n","protected":false},"featured_media":29322,"template":"","meta":{"content-type":""},"product_brand":[],"product_cat":[29],"product_tag":[112],"class_list":{"0":"post-29076","1":"product","2":"type-product","3":"status-publish","4":"has-post-thumbnail","6":"product_cat-rudergeraete","7":"product_tag-mieten","8":"product_shipping_class-schwer","9":"tm-no-options","11":"first","12":"instock","13":"taxable","14":"shipping-taxable","15":"purchasable","16":"product-type-variable-subscription","17":"has-default-attributes"},"yoast_head":"<!-- This site is optimized with the Yoast SEO plugin v26.3 - https:\/\/yoast.com\/wordpress\/plugins\/seo\/ -->\n<title>Technogym Skillrow: Intensivstes Oberk\u00f6rper-Cardio-Training mit innovativer Technologie - RNTL Fitness<\/title>\n<meta name=\"description\" content=\"Entdecken Sie Skillrow \u2013 den innovativen Ruderergometer f\u00fcr Ganzk\u00f6rpertraining. Entwickelt mit Berufssportlern und modernster Technologie, bietet Skillrow realistische Rudererlebnisse, kardiovaskul\u00e4re Fitness und Ganzk\u00f6rperkraft. Nutzen Sie die Multidrive Technology\u2122 f\u00fcr ma\u00dfgeschneiderte Workouts. Perfekt f\u00fcr ein effektives Training zu Hause.\" \/>\n<meta name=\"robots\" content=\"index, follow, max-snippet:-1, max-image-preview:large, max-video-preview:-1\" \/>\n<link rel=\"canonical\" href=\"https:\/\/rntl.ch\/fitness\/produkt\/skillrow-intensivstes-oberkoerper-cardio-training-mit-innovativer-technologie\/\" \/>\n<meta property=\"og:locale\" content=\"de_DE\" \/>\n<meta property=\"og:type\" content=\"article\" \/>\n<meta property=\"og:title\" content=\"Technogym Skillrow: Intensivstes Oberk\u00f6rper-Cardio-Training mit innovativer Technologie - RNTL Fitness\" \/>\n<meta property=\"og:description\" content=\"Entdecken Sie Skillrow \u2013 den innovativen Ruderergometer f\u00fcr Ganzk\u00f6rpertraining. Entwickelt mit Berufssportlern und modernster Technologie, bietet Skillrow realistische Rudererlebnisse, kardiovaskul\u00e4re Fitness und Ganzk\u00f6rperkraft. Nutzen Sie die Multidrive Technology\u2122 f\u00fcr ma\u00dfgeschneiderte Workouts. Perfekt f\u00fcr ein effektives Training zu Hause.\" \/>\n<meta property=\"og:url\" content=\"https:\/\/rntl.ch\/fitness\/produkt\/skillrow-intensivstes-oberkoerper-cardio-training-mit-innovativer-technologie\/\" \/>\n<meta property=\"og:site_name\" content=\"RNTL Fitness\" \/>\n<meta property=\"article:modified_time\" content=\"2025-02-27T09:37:06+00:00\" \/>\n<meta property=\"og:image\" content=\"https:\/\/rntl.ch\/fitness\/wp-content\/uploads\/sites\/3\/2024\/07\/1-4.webp\" \/>\n\t<meta property=\"og:image:width\" content=\"800\" \/>\n\t<meta property=\"og:image:height\" content=\"800\" \/>\n\t<meta property=\"og:image:type\" content=\"image\/webp\" \/>\n<meta name=\"twitter:card\" content=\"summary_large_image\" \/>\n<meta name=\"twitter:label1\" content=\"Gesch\u00e4tzte Lesezeit\" \/>\n\t<meta name=\"twitter:data1\" content=\"2\u00a0Minuten\" \/>\n<script type=\"application\/ld+json\" class=\"yoast-schema-graph\">{\"@context\":\"https:\/\/schema.org\",\"@graph\":[{\"@type\":\"WebPage\",\"@id\":\"https:\/\/rntl.ch\/fitness\/produkt\/skillrow-intensivstes-oberkoerper-cardio-training-mit-innovativer-technologie\/\",\"url\":\"https:\/\/rntl.ch\/fitness\/produkt\/skillrow-intensivstes-oberkoerper-cardio-training-mit-innovativer-technologie\/\",\"name\":\"Technogym Skillrow: Intensivstes Oberk\u00f6rper-Cardio-Training mit innovativer Technologie - RNTL Fitness\",\"isPartOf\":{\"@id\":\"https:\/\/rntl.ch\/fitness\/#website\"},\"primaryImageOfPage\":{\"@id\":\"https:\/\/rntl.ch\/fitness\/produkt\/skillrow-intensivstes-oberkoerper-cardio-training-mit-innovativer-technologie\/#primaryimage\"},\"image\":{\"@id\":\"https:\/\/rntl.ch\/fitness\/produkt\/skillrow-intensivstes-oberkoerper-cardio-training-mit-innovativer-technologie\/#primaryimage\"},\"thumbnailUrl\":\"https:\/\/rntl.ch\/fitness\/wp-content\/uploads\/sites\/3\/2024\/07\/1-15.png\",\"datePublished\":\"2024-07-08T13:26:26+00:00\",\"dateModified\":\"2025-02-27T09:37:06+00:00\",\"description\":\"Entdecken Sie Skillrow \u2013 den innovativen Ruderergometer f\u00fcr Ganzk\u00f6rpertraining. Entwickelt mit Berufssportlern und modernster Technologie, bietet Skillrow realistische Rudererlebnisse, kardiovaskul\u00e4re Fitness und Ganzk\u00f6rperkraft. Nutzen Sie die Multidrive Technology\u2122 f\u00fcr ma\u00dfgeschneiderte Workouts. Perfekt f\u00fcr ein effektives Training zu Hause.\",\"breadcrumb\":{\"@id\":\"https:\/\/rntl.ch\/fitness\/produkt\/skillrow-intensivstes-oberkoerper-cardio-training-mit-innovativer-technologie\/#breadcrumb\"},\"inLanguage\":\"de\",\"potentialAction\":[{\"@type\":\"ReadAction\",\"target\":[\"https:\/\/rntl.ch\/fitness\/produkt\/skillrow-intensivstes-oberkoerper-cardio-training-mit-innovativer-technologie\/\"]}]},{\"@type\":\"ImageObject\",\"inLanguage\":\"de\",\"@id\":\"https:\/\/rntl.ch\/fitness\/produkt\/skillrow-intensivstes-oberkoerper-cardio-training-mit-innovativer-technologie\/#primaryimage\",\"url\":\"https:\/\/rntl.ch\/fitness\/wp-content\/uploads\/sites\/3\/2024\/07\/1-15.png\",\"contentUrl\":\"https:\/\/rntl.ch\/fitness\/wp-content\/uploads\/sites\/3\/2024\/07\/1-15.png\",\"width\":800,\"height\":800},{\"@type\":\"BreadcrumbList\",\"@id\":\"https:\/\/rntl.ch\/fitness\/produkt\/skillrow-intensivstes-oberkoerper-cardio-training-mit-innovativer-technologie\/#breadcrumb\",\"itemListElement\":[{\"@type\":\"ListItem\",\"position\":1,\"name\":\"Startseite\",\"item\":\"https:\/\/rntl.ch\/fitness\/\"},{\"@type\":\"ListItem\",\"position\":2,\"name\":\"Shop\",\"item\":\"https:\/\/rntl.ch\/fitness\/shop\/\"},{\"@type\":\"ListItem\",\"position\":3,\"name\":\"Skillrow: Intensivstes Oberk\u00f6rper-Cardio-Training mit innovativer Technologie\"}]},{\"@type\":\"WebSite\",\"@id\":\"https:\/\/rntl.ch\/fitness\/#website\",\"url\":\"https:\/\/rntl.ch\/fitness\/\",\"name\":\"RNTL Fitness\",\"description\":\"Mieten Einfach Anders\",\"publisher\":{\"@id\":\"https:\/\/rntl.ch\/fitness\/#organization\"},\"potentialAction\":[{\"@type\":\"SearchAction\",\"target\":{\"@type\":\"EntryPoint\",\"urlTemplate\":\"https:\/\/rntl.ch\/fitness\/?s={search_term_string}\"},\"query-input\":{\"@type\":\"PropertyValueSpecification\",\"valueRequired\":true,\"valueName\":\"search_term_string\"}}],\"inLanguage\":\"de\"},{\"@type\":\"Organization\",\"@id\":\"https:\/\/rntl.ch\/fitness\/#organization\",\"name\":\"RNTL Fitness\",\"url\":\"https:\/\/rntl.ch\/fitness\/\",\"logo\":{\"@type\":\"ImageObject\",\"inLanguage\":\"de\",\"@id\":\"https:\/\/rntl.ch\/fitness\/#\/schema\/logo\/image\/\",\"url\":\"https:\/\/rntl.ch\/fitness\/wp-content\/uploads\/sites\/3\/2020\/11\/cropped-rntl_logo_white_530x150.png\",\"contentUrl\":\"https:\/\/rntl.ch\/fitness\/wp-content\/uploads\/sites\/3\/2020\/11\/cropped-rntl_logo_white_530x150.png\",\"width\":530,\"height\":150,\"caption\":\"RNTL Fitness\"},\"image\":{\"@id\":\"https:\/\/rntl.ch\/fitness\/#\/schema\/logo\/image\/\"}}]}<\/script>\n<!-- \/ Yoast SEO plugin. -->","yoast_head_json":{"title":"Technogym Skillrow: Intensivstes Oberk\u00f6rper-Cardio-Training mit innovativer Technologie - RNTL Fitness","description":"Entdecken Sie Skillrow \u2013 den innovativen Ruderergometer f\u00fcr Ganzk\u00f6rpertraining. Entwickelt mit Berufssportlern und modernster Technologie, bietet Skillrow realistische Rudererlebnisse, kardiovaskul\u00e4re Fitness und Ganzk\u00f6rperkraft. Nutzen Sie die Multidrive Technology\u2122 f\u00fcr ma\u00dfgeschneiderte Workouts. Perfekt f\u00fcr ein effektives Training zu Hause.","robots":{"index":"index","follow":"follow","max-snippet":"max-snippet:-1","max-image-preview":"max-image-preview:large","max-video-preview":"max-video-preview:-1"},"canonical":"https:\/\/rntl.ch\/fitness\/produkt\/skillrow-intensivstes-oberkoerper-cardio-training-mit-innovativer-technologie\/","og_locale":"de_DE","og_type":"article","og_title":"Technogym Skillrow: Intensivstes Oberk\u00f6rper-Cardio-Training mit innovativer Technologie - RNTL Fitness","og_description":"Entdecken Sie Skillrow \u2013 den innovativen Ruderergometer f\u00fcr Ganzk\u00f6rpertraining. Entwickelt mit Berufssportlern und modernster Technologie, bietet Skillrow realistische Rudererlebnisse, kardiovaskul\u00e4re Fitness und Ganzk\u00f6rperkraft. Nutzen Sie die Multidrive Technology\u2122 f\u00fcr ma\u00dfgeschneiderte Workouts. Perfekt f\u00fcr ein effektives Training zu Hause.","og_url":"https:\/\/rntl.ch\/fitness\/produkt\/skillrow-intensivstes-oberkoerper-cardio-training-mit-innovativer-technologie\/","og_site_name":"RNTL Fitness","article_modified_time":"2025-02-27T09:37:06+00:00","og_image":[{"width":800,"height":800,"url":"https:\/\/rntl.ch\/fitness\/wp-content\/uploads\/sites\/3\/2024\/07\/1-4.webp","type":"image\/webp"}],"twitter_card":"summary_large_image","twitter_misc":{"Gesch\u00e4tzte Lesezeit":"2\u00a0Minuten"},"schema":{"@context":"https:\/\/schema.org","@graph":[{"@type":"WebPage","@id":"https:\/\/rntl.ch\/fitness\/produkt\/skillrow-intensivstes-oberkoerper-cardio-training-mit-innovativer-technologie\/","url":"https:\/\/rntl.ch\/fitness\/produkt\/skillrow-intensivstes-oberkoerper-cardio-training-mit-innovativer-technologie\/","name":"Technogym Skillrow: Intensivstes Oberk\u00f6rper-Cardio-Training mit innovativer Technologie - RNTL Fitness","isPartOf":{"@id":"https:\/\/rntl.ch\/fitness\/#website"},"primaryImageOfPage":{"@id":"https:\/\/rntl.ch\/fitness\/produkt\/skillrow-intensivstes-oberkoerper-cardio-training-mit-innovativer-technologie\/#primaryimage"},"image":{"@id":"https:\/\/rntl.ch\/fitness\/produkt\/skillrow-intensivstes-oberkoerper-cardio-training-mit-innovativer-technologie\/#primaryimage"},"thumbnailUrl":"https:\/\/rntl.ch\/fitness\/wp-content\/uploads\/sites\/3\/2024\/07\/1-15.png","datePublished":"2024-07-08T13:26:26+00:00","dateModified":"2025-02-27T09:37:06+00:00","description":"Entdecken Sie Skillrow \u2013 den innovativen Ruderergometer f\u00fcr Ganzk\u00f6rpertraining. Entwickelt mit Berufssportlern und modernster Technologie, bietet Skillrow realistische Rudererlebnisse, kardiovaskul\u00e4re Fitness und Ganzk\u00f6rperkraft. Nutzen Sie die Multidrive Technology\u2122 f\u00fcr ma\u00dfgeschneiderte Workouts. Perfekt f\u00fcr ein effektives Training zu Hause.","breadcrumb":{"@id":"https:\/\/rntl.ch\/fitness\/produkt\/skillrow-intensivstes-oberkoerper-cardio-training-mit-innovativer-technologie\/#breadcrumb"},"inLanguage":"de","potentialAction":[{"@type":"ReadAction","target":["https:\/\/rntl.ch\/fitness\/produkt\/skillrow-intensivstes-oberkoerper-cardio-training-mit-innovativer-technologie\/"]}]},{"@type":"ImageObject","inLanguage":"de","@id":"https:\/\/rntl.ch\/fitness\/produkt\/skillrow-intensivstes-oberkoerper-cardio-training-mit-innovativer-technologie\/#primaryimage","url":"https:\/\/rntl.ch\/fitness\/wp-content\/uploads\/sites\/3\/2024\/07\/1-15.png","contentUrl":"https:\/\/rntl.ch\/fitness\/wp-content\/uploads\/sites\/3\/2024\/07\/1-15.png","width":800,"height":800},{"@type":"BreadcrumbList","@id":"https:\/\/rntl.ch\/fitness\/produkt\/skillrow-intensivstes-oberkoerper-cardio-training-mit-innovativer-technologie\/#breadcrumb","itemListElement":[{"@type":"ListItem","position":1,"name":"Startseite","item":"https:\/\/rntl.ch\/fitness\/"},{"@type":"ListItem","position":2,"name":"Shop","item":"https:\/\/rntl.ch\/fitness\/shop\/"},{"@type":"ListItem","position":3,"name":"Skillrow: Intensivstes Oberk\u00f6rper-Cardio-Training mit innovativer Technologie"}]},{"@type":"WebSite","@id":"https:\/\/rntl.ch\/fitness\/#website","url":"https:\/\/rntl.ch\/fitness\/","name":"RNTL Fitness","description":"Mieten Einfach Anders","publisher":{"@id":"https:\/\/rntl.ch\/fitness\/#organization"},"potentialAction":[{"@type":"SearchAction","target":{"@type":"EntryPoint","urlTemplate":"https:\/\/rntl.ch\/fitness\/?s={search_term_string}"},"query-input":{"@type":"PropertyValueSpecification","valueRequired":true,"valueName":"search_term_string"}}],"inLanguage":"de"},{"@type":"Organization","@id":"https:\/\/rntl.ch\/fitness\/#organization","name":"RNTL Fitness","url":"https:\/\/rntl.ch\/fitness\/","logo":{"@type":"ImageObject","inLanguage":"de","@id":"https:\/\/rntl.ch\/fitness\/#\/schema\/logo\/image\/","url":"https:\/\/rntl.ch\/fitness\/wp-content\/uploads\/sites\/3\/2020\/11\/cropped-rntl_logo_white_530x150.png","contentUrl":"https:\/\/rntl.ch\/fitness\/wp-content\/uploads\/sites\/3\/2020\/11\/cropped-rntl_logo_white_530x150.png","width":530,"height":150,"caption":"RNTL Fitness"},"image":{"@id":"https:\/\/rntl.ch\/fitness\/#\/schema\/logo\/image\/"}}]}},"_links":{"self":[{"href":"https:\/\/rntl.ch\/fitness\/wp-json\/wp\/v2\/product\/29076","targetHints":{"allow":["GET"]}}],"collection":[{"href":"https:\/\/rntl.ch\/fitness\/wp-json\/wp\/v2\/product"}],"about":[{"href":"https:\/\/rntl.ch\/fitness\/wp-json\/wp\/v2\/types\/product"}],"version-history":[{"count":2,"href":"https:\/\/rntl.ch\/fitness\/wp-json\/wp\/v2\/product\/29076\/revisions"}],"predecessor-version":[{"id":37305,"href":"https:\/\/rntl.ch\/fitness\/wp-json\/wp\/v2\/product\/29076\/revisions\/37305"}],"wp:featuredmedia":[{"embeddable":true,"href":"https:\/\/rntl.ch\/fitness\/wp-json\/wp\/v2\/media\/29322"}],"wp:attachment":[{"href":"https:\/\/rntl.ch\/fitness\/wp-json\/wp\/v2\/media?parent=29076"}],"wp:term":[{"taxonomy":"product_brand","embeddable":true,"href":"https:\/\/rntl.ch\/fitness\/wp-json\/wp\/v2\/product_brand?post=29076"},{"taxonomy":"product_cat","embeddable":true,"href":"https:\/\/rntl.ch\/fitness\/wp-json\/wp\/v2\/product_cat?post=29076"},{"taxonomy":"product_tag","embeddable":true,"href":"https:\/\/rntl.ch\/fitness\/wp-json\/wp\/v2\/product_tag?post=29076"}],"curies":[{"name":"wp","href":"https:\/\/api.w.org\/{rel}","templated":true}]}}