{"id":29086,"date":"2024-07-08T16:02:17","date_gmt":"2024-07-08T14:02:17","guid":{"rendered":"https:\/\/rntl.ch\/fitness\/?post_type=product&#038;p=29086"},"modified":"2026-04-14T10:45:55","modified_gmt":"2026-04-14T08:45:55","slug":"technogym-bench-ueber-200-uebungen-fuer-ein-effektives-ganzkoerpertraining","status":"publish","type":"product","link":"https:\/\/rntl.ch\/fitness\/produkt\/technogym-bench-ueber-200-uebungen-fuer-ein-effektives-ganzkoerpertraining\/","title":{"rendered":"Technogym Bench: \u00dcber 200 \u00dcbungen f\u00fcr ein effektives Ganzk\u00f6rpertraining"},"content":{"rendered":"<p><span style=\"font-weight: 400;\">Eine Bank, \u00fcber 200 \u00dcbungen<\/span><\/p>\n<p><span style=\"font-weight: 400;\">F\u00fchren Sie die unterschiedlichsten Ganzk\u00f6rper\u00fcbungen mit Hexagon-Hanteln, Widerstandsb\u00e4ndern, gewichteten Kn\u00f6cheln und Trainingsmatte auf kleinstem Raum durch.<\/span><\/p>\n<p><span style=\"font-weight: 400;\">EINFACH ZU BEWEGEN<\/span><\/p>\n<p><span style=\"font-weight: 400;\">Dank der integrierten Rollen kann die Technogym Bench je nach Platzbedarf bewegt und verstaut werden.<\/span><\/p>\n<p><span style=\"font-weight: 400;\">Hanteln (5 Paare):<\/span><\/p>\n<p><span style=\"font-weight: 400;\">&#8211; 2,5 kg\u00a0<\/span><\/p>\n<p><span style=\"font-weight: 400;\">&#8211; 3,5 kg<\/span><\/p>\n<p><span style=\"font-weight: 400;\">&#8211; 5 kg\u00a0<\/span><\/p>\n<p><span style=\"font-weight: 400;\">&#8211; 7,5 kg\u00a0<\/span><\/p>\n<p><span style=\"font-weight: 400;\">&#8211; 10 kg<\/span><\/p>\n<p><span style=\"font-weight: 400;\">Elastikb\u00e4nder (3 St\u00fcck):<\/span><\/p>\n<p><span style=\"font-weight: 400;\">&#8211; Leicht: Gelb<\/span><\/p>\n<p><span style=\"font-weight: 400;\">&#8211; Mittel: Grau<\/span><\/p>\n<p><span style=\"font-weight: 400;\">&#8211; Schwer: Schwarz<\/span><\/p>\n<p><span style=\"font-weight: 400;\">Kn\u00f6chelgewichte (3 Paare):<\/span><\/p>\n<p><span style=\"font-weight: 400;\">&#8211; Kn\u00f6chel 1: 0,45 kg\u00a0<\/span><\/p>\n<p><span style=\"font-weight: 400;\">&#8211; Kn\u00f6chel 2: 0,8 kg\u00a0<\/span><\/p>\n<p><span style=\"font-weight: 400;\">&#8211; Kn\u00f6chel 3: 1,20 kg <\/span><\/p>\n","protected":false},"excerpt":{"rendered":"<p><span style=\"font-weight: 400;\">Mit dem Technogym Trainern in Bewegung kommen! <\/span><span style=\"font-weight: 400;\">Bauen Sie Ihr Sixpack auf. Formen Sie Ihre Ges\u00e4\u00dfmuskeln. Werden Sie schlanker und st\u00e4rker. Lassen Sie sich von unseren Trainingsprogrammen inspirieren und erreichen Sie Ihre Ziele schneller als je zuvor mit der Technogym Bench.<\/span><\/p>\n<p><strong>Kaufpreis [woo_custom_field id=\"rntl_retail_price_field\"].-<\/strong><\/p>\n[rntl_page_content id=\"14687\"]\n<div class=\"woocommerce-product-details__short-description\">\n<p>&nbsp;<\/p>\n<\/div>\n","protected":false},"featured_media":29323,"template":"","meta":{"content-type":""},"product_brand":[],"product_cat":[27],"product_tag":[112],"class_list":{"0":"post-29086","1":"product","2":"type-product","3":"status-publish","4":"has-post-thumbnail","6":"product_cat-krafttraining","7":"product_tag-mieten","8":"product_shipping_class-schwer","9":"tm-no-options","11":"first","12":"instock","13":"taxable","14":"shipping-taxable","15":"purchasable","16":"product-type-variable-subscription","17":"has-default-attributes"},"yoast_head":"<!-- This site is optimized with the Yoast SEO plugin v26.3 - https:\/\/yoast.com\/wordpress\/plugins\/seo\/ -->\n<title>Technogym Bench: \u00dcber 200 \u00dcbungen f\u00fcr ein effektives Ganzk\u00f6rpertraining - RNTL Fitness<\/title>\n<meta name=\"description\" content=\"Entdecken Sie die Technogym Bench \u2013 die vielseitige Trainingsbank f\u00fcr \u00fcber 200 \u00dcbungen. Nutzen Sie Hexagon-Hanteln, Widerstandsb\u00e4nder, Kn\u00f6chelgewichte und eine Trainingsmatte f\u00fcr ein vollst\u00e4ndiges Workout. Lassen Sie sich von unseren Trainingsprogrammen inspirieren und erreichen Sie Ihre Fitnessziele schneller. Dank integrierter Rollen ist die Bank leicht zu bewegen und zu verstauen. Perfekt f\u00fcr ein intensives und flexibles Training zu Hause.\" \/>\n<meta name=\"robots\" content=\"index, follow, max-snippet:-1, max-image-preview:large, max-video-preview:-1\" \/>\n<link rel=\"canonical\" href=\"https:\/\/rntl.ch\/fitness\/produkt\/technogym-bench-ueber-200-uebungen-fuer-ein-effektives-ganzkoerpertraining\/\" \/>\n<meta property=\"og:locale\" content=\"de_DE\" \/>\n<meta property=\"og:type\" content=\"article\" \/>\n<meta property=\"og:title\" content=\"Technogym Bench: \u00dcber 200 \u00dcbungen f\u00fcr ein effektives Ganzk\u00f6rpertraining - RNTL Fitness\" \/>\n<meta property=\"og:description\" content=\"Entdecken Sie die Technogym Bench \u2013 die vielseitige Trainingsbank f\u00fcr \u00fcber 200 \u00dcbungen. Nutzen Sie Hexagon-Hanteln, Widerstandsb\u00e4nder, Kn\u00f6chelgewichte und eine Trainingsmatte f\u00fcr ein vollst\u00e4ndiges Workout. Lassen Sie sich von unseren Trainingsprogrammen inspirieren und erreichen Sie Ihre Fitnessziele schneller. Dank integrierter Rollen ist die Bank leicht zu bewegen und zu verstauen. Perfekt f\u00fcr ein intensives und flexibles Training zu Hause.\" \/>\n<meta property=\"og:url\" content=\"https:\/\/rntl.ch\/fitness\/produkt\/technogym-bench-ueber-200-uebungen-fuer-ein-effektives-ganzkoerpertraining\/\" \/>\n<meta property=\"og:site_name\" content=\"RNTL Fitness\" \/>\n<meta property=\"article:modified_time\" content=\"2026-04-14T08:45:55+00:00\" \/>\n<meta property=\"og:image\" content=\"https:\/\/rntl.ch\/fitness\/wp-content\/uploads\/sites\/3\/2024\/07\/1-5.webp\" \/>\n\t<meta property=\"og:image:width\" content=\"800\" \/>\n\t<meta property=\"og:image:height\" content=\"800\" \/>\n\t<meta property=\"og:image:type\" content=\"image\/webp\" \/>\n<meta name=\"twitter:card\" content=\"summary_large_image\" \/>\n<meta name=\"twitter:label1\" content=\"Gesch\u00e4tzte Lesezeit\" \/>\n\t<meta name=\"twitter:data1\" content=\"1\u00a0Minute\" \/>\n<script type=\"application\/ld+json\" class=\"yoast-schema-graph\">{\"@context\":\"https:\/\/schema.org\",\"@graph\":[{\"@type\":\"WebPage\",\"@id\":\"https:\/\/rntl.ch\/fitness\/produkt\/technogym-bench-ueber-200-uebungen-fuer-ein-effektives-ganzkoerpertraining\/\",\"url\":\"https:\/\/rntl.ch\/fitness\/produkt\/technogym-bench-ueber-200-uebungen-fuer-ein-effektives-ganzkoerpertraining\/\",\"name\":\"Technogym Bench: \u00dcber 200 \u00dcbungen f\u00fcr ein effektives Ganzk\u00f6rpertraining - RNTL Fitness\",\"isPartOf\":{\"@id\":\"https:\/\/rntl.ch\/fitness\/#website\"},\"primaryImageOfPage\":{\"@id\":\"https:\/\/rntl.ch\/fitness\/produkt\/technogym-bench-ueber-200-uebungen-fuer-ein-effektives-ganzkoerpertraining\/#primaryimage\"},\"image\":{\"@id\":\"https:\/\/rntl.ch\/fitness\/produkt\/technogym-bench-ueber-200-uebungen-fuer-ein-effektives-ganzkoerpertraining\/#primaryimage\"},\"thumbnailUrl\":\"https:\/\/rntl.ch\/fitness\/wp-content\/uploads\/sites\/3\/2024\/07\/2-15.png\",\"datePublished\":\"2024-07-08T14:02:17+00:00\",\"dateModified\":\"2026-04-14T08:45:55+00:00\",\"description\":\"Entdecken Sie die Technogym Bench \u2013 die vielseitige Trainingsbank f\u00fcr \u00fcber 200 \u00dcbungen. Nutzen Sie Hexagon-Hanteln, Widerstandsb\u00e4nder, Kn\u00f6chelgewichte und eine Trainingsmatte f\u00fcr ein vollst\u00e4ndiges Workout. Lassen Sie sich von unseren Trainingsprogrammen inspirieren und erreichen Sie Ihre Fitnessziele schneller. Dank integrierter Rollen ist die Bank leicht zu bewegen und zu verstauen. Perfekt f\u00fcr ein intensives und flexibles Training zu Hause.\",\"breadcrumb\":{\"@id\":\"https:\/\/rntl.ch\/fitness\/produkt\/technogym-bench-ueber-200-uebungen-fuer-ein-effektives-ganzkoerpertraining\/#breadcrumb\"},\"inLanguage\":\"de\",\"potentialAction\":[{\"@type\":\"ReadAction\",\"target\":[\"https:\/\/rntl.ch\/fitness\/produkt\/technogym-bench-ueber-200-uebungen-fuer-ein-effektives-ganzkoerpertraining\/\"]}]},{\"@type\":\"ImageObject\",\"inLanguage\":\"de\",\"@id\":\"https:\/\/rntl.ch\/fitness\/produkt\/technogym-bench-ueber-200-uebungen-fuer-ein-effektives-ganzkoerpertraining\/#primaryimage\",\"url\":\"https:\/\/rntl.ch\/fitness\/wp-content\/uploads\/sites\/3\/2024\/07\/2-15.png\",\"contentUrl\":\"https:\/\/rntl.ch\/fitness\/wp-content\/uploads\/sites\/3\/2024\/07\/2-15.png\",\"width\":800,\"height\":800},{\"@type\":\"BreadcrumbList\",\"@id\":\"https:\/\/rntl.ch\/fitness\/produkt\/technogym-bench-ueber-200-uebungen-fuer-ein-effektives-ganzkoerpertraining\/#breadcrumb\",\"itemListElement\":[{\"@type\":\"ListItem\",\"position\":1,\"name\":\"Startseite\",\"item\":\"https:\/\/rntl.ch\/fitness\/\"},{\"@type\":\"ListItem\",\"position\":2,\"name\":\"Shop\",\"item\":\"https:\/\/rntl.ch\/fitness\/shop\/\"},{\"@type\":\"ListItem\",\"position\":3,\"name\":\"Technogym Bench: \u00dcber 200 \u00dcbungen f\u00fcr ein effektives Ganzk\u00f6rpertraining\"}]},{\"@type\":\"WebSite\",\"@id\":\"https:\/\/rntl.ch\/fitness\/#website\",\"url\":\"https:\/\/rntl.ch\/fitness\/\",\"name\":\"RNTL Fitness\",\"description\":\"Mieten Einfach Anders\",\"publisher\":{\"@id\":\"https:\/\/rntl.ch\/fitness\/#organization\"},\"potentialAction\":[{\"@type\":\"SearchAction\",\"target\":{\"@type\":\"EntryPoint\",\"urlTemplate\":\"https:\/\/rntl.ch\/fitness\/?s={search_term_string}\"},\"query-input\":{\"@type\":\"PropertyValueSpecification\",\"valueRequired\":true,\"valueName\":\"search_term_string\"}}],\"inLanguage\":\"de\"},{\"@type\":\"Organization\",\"@id\":\"https:\/\/rntl.ch\/fitness\/#organization\",\"name\":\"RNTL Fitness\",\"url\":\"https:\/\/rntl.ch\/fitness\/\",\"logo\":{\"@type\":\"ImageObject\",\"inLanguage\":\"de\",\"@id\":\"https:\/\/rntl.ch\/fitness\/#\/schema\/logo\/image\/\",\"url\":\"https:\/\/rntl.ch\/fitness\/wp-content\/uploads\/sites\/3\/2020\/11\/cropped-rntl_logo_white_530x150.png\",\"contentUrl\":\"https:\/\/rntl.ch\/fitness\/wp-content\/uploads\/sites\/3\/2020\/11\/cropped-rntl_logo_white_530x150.png\",\"width\":530,\"height\":150,\"caption\":\"RNTL Fitness\"},\"image\":{\"@id\":\"https:\/\/rntl.ch\/fitness\/#\/schema\/logo\/image\/\"}}]}<\/script>\n<!-- \/ Yoast SEO plugin. -->","yoast_head_json":{"title":"Technogym Bench: \u00dcber 200 \u00dcbungen f\u00fcr ein effektives Ganzk\u00f6rpertraining - RNTL Fitness","description":"Entdecken Sie die Technogym Bench \u2013 die vielseitige Trainingsbank f\u00fcr \u00fcber 200 \u00dcbungen. Nutzen Sie Hexagon-Hanteln, Widerstandsb\u00e4nder, Kn\u00f6chelgewichte und eine Trainingsmatte f\u00fcr ein vollst\u00e4ndiges Workout. Lassen Sie sich von unseren Trainingsprogrammen inspirieren und erreichen Sie Ihre Fitnessziele schneller. Dank integrierter Rollen ist die Bank leicht zu bewegen und zu verstauen. Perfekt f\u00fcr ein intensives und flexibles Training zu Hause.","robots":{"index":"index","follow":"follow","max-snippet":"max-snippet:-1","max-image-preview":"max-image-preview:large","max-video-preview":"max-video-preview:-1"},"canonical":"https:\/\/rntl.ch\/fitness\/produkt\/technogym-bench-ueber-200-uebungen-fuer-ein-effektives-ganzkoerpertraining\/","og_locale":"de_DE","og_type":"article","og_title":"Technogym Bench: \u00dcber 200 \u00dcbungen f\u00fcr ein effektives Ganzk\u00f6rpertraining - RNTL Fitness","og_description":"Entdecken Sie die Technogym Bench \u2013 die vielseitige Trainingsbank f\u00fcr \u00fcber 200 \u00dcbungen. Nutzen Sie Hexagon-Hanteln, Widerstandsb\u00e4nder, Kn\u00f6chelgewichte und eine Trainingsmatte f\u00fcr ein vollst\u00e4ndiges Workout. Lassen Sie sich von unseren Trainingsprogrammen inspirieren und erreichen Sie Ihre Fitnessziele schneller. Dank integrierter Rollen ist die Bank leicht zu bewegen und zu verstauen. Perfekt f\u00fcr ein intensives und flexibles Training zu Hause.","og_url":"https:\/\/rntl.ch\/fitness\/produkt\/technogym-bench-ueber-200-uebungen-fuer-ein-effektives-ganzkoerpertraining\/","og_site_name":"RNTL Fitness","article_modified_time":"2026-04-14T08:45:55+00:00","og_image":[{"width":800,"height":800,"url":"https:\/\/rntl.ch\/fitness\/wp-content\/uploads\/sites\/3\/2024\/07\/1-5.webp","type":"image\/webp"}],"twitter_card":"summary_large_image","twitter_misc":{"Gesch\u00e4tzte Lesezeit":"1\u00a0Minute"},"schema":{"@context":"https:\/\/schema.org","@graph":[{"@type":"WebPage","@id":"https:\/\/rntl.ch\/fitness\/produkt\/technogym-bench-ueber-200-uebungen-fuer-ein-effektives-ganzkoerpertraining\/","url":"https:\/\/rntl.ch\/fitness\/produkt\/technogym-bench-ueber-200-uebungen-fuer-ein-effektives-ganzkoerpertraining\/","name":"Technogym Bench: \u00dcber 200 \u00dcbungen f\u00fcr ein effektives Ganzk\u00f6rpertraining - RNTL Fitness","isPartOf":{"@id":"https:\/\/rntl.ch\/fitness\/#website"},"primaryImageOfPage":{"@id":"https:\/\/rntl.ch\/fitness\/produkt\/technogym-bench-ueber-200-uebungen-fuer-ein-effektives-ganzkoerpertraining\/#primaryimage"},"image":{"@id":"https:\/\/rntl.ch\/fitness\/produkt\/technogym-bench-ueber-200-uebungen-fuer-ein-effektives-ganzkoerpertraining\/#primaryimage"},"thumbnailUrl":"https:\/\/rntl.ch\/fitness\/wp-content\/uploads\/sites\/3\/2024\/07\/2-15.png","datePublished":"2024-07-08T14:02:17+00:00","dateModified":"2026-04-14T08:45:55+00:00","description":"Entdecken Sie die Technogym Bench \u2013 die vielseitige Trainingsbank f\u00fcr \u00fcber 200 \u00dcbungen. Nutzen Sie Hexagon-Hanteln, Widerstandsb\u00e4nder, Kn\u00f6chelgewichte und eine Trainingsmatte f\u00fcr ein vollst\u00e4ndiges Workout. Lassen Sie sich von unseren Trainingsprogrammen inspirieren und erreichen Sie Ihre Fitnessziele schneller. Dank integrierter Rollen ist die Bank leicht zu bewegen und zu verstauen. Perfekt f\u00fcr ein intensives und flexibles Training zu Hause.","breadcrumb":{"@id":"https:\/\/rntl.ch\/fitness\/produkt\/technogym-bench-ueber-200-uebungen-fuer-ein-effektives-ganzkoerpertraining\/#breadcrumb"},"inLanguage":"de","potentialAction":[{"@type":"ReadAction","target":["https:\/\/rntl.ch\/fitness\/produkt\/technogym-bench-ueber-200-uebungen-fuer-ein-effektives-ganzkoerpertraining\/"]}]},{"@type":"ImageObject","inLanguage":"de","@id":"https:\/\/rntl.ch\/fitness\/produkt\/technogym-bench-ueber-200-uebungen-fuer-ein-effektives-ganzkoerpertraining\/#primaryimage","url":"https:\/\/rntl.ch\/fitness\/wp-content\/uploads\/sites\/3\/2024\/07\/2-15.png","contentUrl":"https:\/\/rntl.ch\/fitness\/wp-content\/uploads\/sites\/3\/2024\/07\/2-15.png","width":800,"height":800},{"@type":"BreadcrumbList","@id":"https:\/\/rntl.ch\/fitness\/produkt\/technogym-bench-ueber-200-uebungen-fuer-ein-effektives-ganzkoerpertraining\/#breadcrumb","itemListElement":[{"@type":"ListItem","position":1,"name":"Startseite","item":"https:\/\/rntl.ch\/fitness\/"},{"@type":"ListItem","position":2,"name":"Shop","item":"https:\/\/rntl.ch\/fitness\/shop\/"},{"@type":"ListItem","position":3,"name":"Technogym Bench: \u00dcber 200 \u00dcbungen f\u00fcr ein effektives Ganzk\u00f6rpertraining"}]},{"@type":"WebSite","@id":"https:\/\/rntl.ch\/fitness\/#website","url":"https:\/\/rntl.ch\/fitness\/","name":"RNTL Fitness","description":"Mieten Einfach Anders","publisher":{"@id":"https:\/\/rntl.ch\/fitness\/#organization"},"potentialAction":[{"@type":"SearchAction","target":{"@type":"EntryPoint","urlTemplate":"https:\/\/rntl.ch\/fitness\/?s={search_term_string}"},"query-input":{"@type":"PropertyValueSpecification","valueRequired":true,"valueName":"search_term_string"}}],"inLanguage":"de"},{"@type":"Organization","@id":"https:\/\/rntl.ch\/fitness\/#organization","name":"RNTL Fitness","url":"https:\/\/rntl.ch\/fitness\/","logo":{"@type":"ImageObject","inLanguage":"de","@id":"https:\/\/rntl.ch\/fitness\/#\/schema\/logo\/image\/","url":"https:\/\/rntl.ch\/fitness\/wp-content\/uploads\/sites\/3\/2020\/11\/cropped-rntl_logo_white_530x150.png","contentUrl":"https:\/\/rntl.ch\/fitness\/wp-content\/uploads\/sites\/3\/2020\/11\/cropped-rntl_logo_white_530x150.png","width":530,"height":150,"caption":"RNTL Fitness"},"image":{"@id":"https:\/\/rntl.ch\/fitness\/#\/schema\/logo\/image\/"}}]}},"_links":{"self":[{"href":"https:\/\/rntl.ch\/fitness\/wp-json\/wp\/v2\/product\/29086","targetHints":{"allow":["GET"]}}],"collection":[{"href":"https:\/\/rntl.ch\/fitness\/wp-json\/wp\/v2\/product"}],"about":[{"href":"https:\/\/rntl.ch\/fitness\/wp-json\/wp\/v2\/types\/product"}],"version-history":[{"count":2,"href":"https:\/\/rntl.ch\/fitness\/wp-json\/wp\/v2\/product\/29086\/revisions"}],"predecessor-version":[{"id":40169,"href":"https:\/\/rntl.ch\/fitness\/wp-json\/wp\/v2\/product\/29086\/revisions\/40169"}],"wp:featuredmedia":[{"embeddable":true,"href":"https:\/\/rntl.ch\/fitness\/wp-json\/wp\/v2\/media\/29323"}],"wp:attachment":[{"href":"https:\/\/rntl.ch\/fitness\/wp-json\/wp\/v2\/media?parent=29086"}],"wp:term":[{"taxonomy":"product_brand","embeddable":true,"href":"https:\/\/rntl.ch\/fitness\/wp-json\/wp\/v2\/product_brand?post=29086"},{"taxonomy":"product_cat","embeddable":true,"href":"https:\/\/rntl.ch\/fitness\/wp-json\/wp\/v2\/product_cat?post=29086"},{"taxonomy":"product_tag","embeddable":true,"href":"https:\/\/rntl.ch\/fitness\/wp-json\/wp\/v2\/product_tag?post=29086"}],"curies":[{"name":"wp","href":"https:\/\/api.w.org\/{rel}","templated":true}]}}