{"id":29181,"date":"2024-07-10T15:09:31","date_gmt":"2024-07-10T13:09:31","guid":{"rendered":"https:\/\/rntl.ch\/fitness\/?post_type=product&#038;p=29181"},"modified":"2024-07-10T15:38:10","modified_gmt":"2024-07-10T13:38:10","slug":"hammer-racer-speedbike-ultimatives-highspeed-training-zu-hause","status":"publish","type":"product","link":"https:\/\/rntl.ch\/fitness\/produkt\/hammer-racer-speedbike-ultimatives-highspeed-training-zu-hause\/","title":{"rendered":"Hammer Racer Speedbike \u2013 Ultimatives Highspeed-Training zu Hause"},"content":{"rendered":"<p><b>Eine starke Dosis Highspeed-Training<\/b><\/p>\n<p><span style=\"font-weight: 400;\">Tritt in die Pedale mit dem Bestpreis-Performer und steuere deinen Speed durch die moderne Magnetbremse. Das Hammer Racer Speedbike kr\u00e4ftigt deine Waden- und Oberschenkelmuskulatur und verbrennt dabei jede Menge Kalorien. Dein Herz-Kreislauf-System wird mit jedem Speed-Training gest\u00e4rkt. Auch die Rumpfmuskulatur mit den vorderen und seitlichen Bauchmuskeln wird beim Indoor Cycling gefordert, besonders bei Temposteigerungen und im Stehen.<\/span><\/p>\n<p><span style=\"font-weight: 400;\">&#8211; Unschlagbare Qualit\u00e4t: Absolut stilles und wartungsfreies Magnetbremssystem.<\/span><\/p>\n<p><span style=\"font-weight: 400;\">&#8211; Stufenloser Widerstand: Manuelle Anpassung der Belastung f\u00fcr intensives Training.<\/span><\/p>\n<p><span style=\"font-weight: 400;\">&#8211; Speed-Cockpit: LCD-Display zeigt Zeit, Distanz, Kalorienverbrauch, Puls, Umdrehungen\/Min. und Geschwindigkeit.<\/span><\/p>\n<p><span style=\"font-weight: 400;\">&#8211; Multimedia-Cycling: Halterung f\u00fcr Tablet oder Smartphone f\u00fcr ein realistisches Streckenerlebnis mit Fitness-Apps wie BitGym und Kinomap.<\/span><\/p>\n<p><span style=\"font-weight: 400;\">&#8211; Herzschlagkontrolle: Herzfrequenz-Programm f\u00fcr maximale Sicherheit beim Training.<\/span><\/p>\n<p><span style=\"font-weight: 400;\">&#8211; Extra sichere Pedale: Verstellbare Flachpedale und Pedalkorb f\u00fcr h\u00f6chsten Komfort und Effizienz.<\/span><\/p>\n<p><span style=\"font-weight: 400;\">&#8211; Leises Speedtraining: 16 kg Schwungrad und Rillenriemenantrieb f\u00fcr ger\u00e4uscharmen Rundlauf.<\/span><\/p>\n<p><b>Technische Details<\/b><\/p>\n<p><span style=\"font-weight: 400;\">&#8211; Farbe: Schwarz<\/span><\/p>\n<p><span style=\"font-weight: 400;\">&#8211; Material: Stahl<\/span><\/p>\n<p><span style=\"font-weight: 400;\">&#8211; Gewicht: 42 kg<\/span><\/p>\n<p><span style=\"font-weight: 400;\">&#8211; Computer: LCD-Display<\/span><\/p>\n<p><span style=\"font-weight: 400;\">&#8211; Multimedia: Tablethalterung<\/span><\/p>\n<p><span style=\"font-weight: 400;\">&#8211; Pulsart: Brustgurt<\/span><\/p>\n<p><span style=\"font-weight: 400;\">&#8211; Anzeige: Distanz, Geschwindigkeit, Herzfrequenz, Umdrehungen pro Minute, Zeit<\/span><\/p>\n<p><span style=\"font-weight: 400;\">&#8211; Antriebssystem: Rillenriemen<\/span><\/p>\n<p><span style=\"font-weight: 400;\">&#8211; Belastungsbandbreite: Stufenlos manuell<\/span><\/p>\n<p><span style=\"font-weight: 400;\">&#8211; Bremssystem: Permanentmagnet<\/span><\/p>\n<p><span style=\"font-weight: 400;\">&#8211; Schwungmasse: 16 kg<\/span><\/p>\n<p><span style=\"font-weight: 400;\">&#8211; Freilauf: Starrlauf<\/span><\/p>\n<p><span style=\"font-weight: 400;\">&#8211; Ma\u00dfe (L x B x H): 115 x 50 x 134 cm<\/span><\/p>\n<p><span style=\"font-weight: 400;\">&#8211; Max. K\u00f6rpergewicht: 130 kg<\/span><\/p>\n<p><span style=\"font-weight: 400;\">&#8211; Sonstige Features: Transportrollen, Pedalabstand 18 cm, Sattelverstellung horizontal, neigbar, vertikal<\/span><\/p>\n<p><span style=\"font-weight: 400;\">&#8211; Stromversorgung: Batterien<\/span><\/p>\n<p><span style=\"font-weight: 400;\">&#8211; DIN Norm: DIN EN ISO 20957 -1\/10<\/span><\/p>\n<p><b>Garantie<\/b><\/p>\n<p><span style=\"font-weight: 400;\">\u00a0\u00a0&#8211; Produkt: 2 Jahre<\/span><\/p>\n<p><span style=\"font-weight: 400;\">\u00a0\u00a0&#8211; Hauptrahmen: 10 Jahre<\/span><\/p>\n<p><b>Multimedia und Unterhaltung<\/b><\/p>\n<p><span style=\"font-weight: 400;\">&#8211; Cycling-Apps: Kompatibel mit BitGym und Kinomap f\u00fcr ein realistisches Trainingserlebnis.<\/span><\/p>\n<p><span style=\"font-weight: 400;\">&#8211; Musik und Videos: Nutze die Halterung f\u00fcr dein Tablet oder Smartphone und genie\u00dfe dein Training mit Musik oder Videos.<\/span><\/p>\n","protected":false},"excerpt":{"rendered":"<p><span style=\"font-weight: 400;\">Erlebe das ultimative Speedtraining mit dem Hammer Racer. Dank des superleisen, verschlei\u00dffreien Magnetbremssystems und einem Trainingscomputer mit LCD-Anzeige, Tablethalter und zwei Trinkflaschenhaltern, bietet dir dieses Speedbike alles, was du f\u00fcr ein intensives und effizientes Training ben\u00f6tigst. Mit den Schnellverschl\u00fcssen f\u00fcr Sattel und Lenker sowie den verstellbaren Schlaufenpedalen und Pedalk\u00f6rben, ist das Hammer Racer perfekt f\u00fcr jedes Trainingsniveau.\u00a0<\/span><\/p>\n<p><strong>Kaufpreis [woo_custom_field id=\"rntl_retail_price_field\"].-<\/strong><\/p>\n[rntl_page_content id=\"14687\"]\n<div class=\"woocommerce-product-details__short-description\">\n<p>&nbsp;<\/p>\n<\/div>\n","protected":false},"featured_media":29189,"template":"","meta":{"content-type":""},"product_brand":[],"product_cat":[99],"product_tag":[112],"class_list":{"0":"post-29181","1":"product","2":"type-product","3":"status-publish","4":"has-post-thumbnail","6":"product_cat-indoor-cycling","7":"product_tag-mieten","8":"product_shipping_class-leicht","9":"tm-no-options","11":"first","12":"instock","13":"taxable","14":"shipping-taxable","15":"purchasable","16":"product-type-variable-subscription","17":"has-default-attributes"},"yoast_head":"<!-- This site is optimized with the Yoast SEO plugin v26.3 - https:\/\/yoast.com\/wordpress\/plugins\/seo\/ -->\n<title>Hammer Racer Speedbike \u2013 Ultimatives Highspeed-Training zu Hause - RNTL Fitness<\/title>\n<meta name=\"description\" content=\"Erlebe effektives Training mit dem Varon XTR II Ergometer. Genie\u00dfe pr\u00e4zises, wattgesteuertes Herz-Kreislauf-Training, Kompatibilit\u00e4t mit Kinomap &amp; Zwift und benutzerfreundliches Design. Perfekt f\u00fcr zu Hause!Erlebe intensives Highspeed-Training mit dem Hammer Racer Speedbike. Superleises Magnetbremssystem, LCD-Display, Tablethalter und mehr. Perfekt f\u00fcr dein Home-Workout! Jetzt entdecken!\" \/>\n<meta name=\"robots\" content=\"index, follow, max-snippet:-1, max-image-preview:large, max-video-preview:-1\" \/>\n<link rel=\"canonical\" href=\"https:\/\/rntl.ch\/fitness\/produkt\/hammer-racer-speedbike-ultimatives-highspeed-training-zu-hause\/\" \/>\n<meta property=\"og:locale\" content=\"de_DE\" \/>\n<meta property=\"og:type\" content=\"article\" \/>\n<meta property=\"og:title\" content=\"Hammer Racer Speedbike \u2013 Ultimatives Highspeed-Training zu Hause - RNTL Fitness\" \/>\n<meta property=\"og:description\" content=\"Erlebe effektives Training mit dem Varon XTR II Ergometer. Genie\u00dfe pr\u00e4zises, wattgesteuertes Herz-Kreislauf-Training, Kompatibilit\u00e4t mit Kinomap &amp; Zwift und benutzerfreundliches Design. Perfekt f\u00fcr zu Hause!Erlebe intensives Highspeed-Training mit dem Hammer Racer Speedbike. Superleises Magnetbremssystem, LCD-Display, Tablethalter und mehr. Perfekt f\u00fcr dein Home-Workout! Jetzt entdecken!\" \/>\n<meta property=\"og:url\" content=\"https:\/\/rntl.ch\/fitness\/produkt\/hammer-racer-speedbike-ultimatives-highspeed-training-zu-hause\/\" \/>\n<meta property=\"og:site_name\" content=\"RNTL Fitness\" \/>\n<meta property=\"article:modified_time\" content=\"2024-07-10T13:38:10+00:00\" \/>\n<meta property=\"og:image\" content=\"https:\/\/rntl.ch\/fitness\/wp-content\/uploads\/sites\/3\/2024\/07\/1-11.png\" \/>\n\t<meta property=\"og:image:width\" content=\"800\" \/>\n\t<meta property=\"og:image:height\" content=\"800\" \/>\n\t<meta property=\"og:image:type\" content=\"image\/png\" \/>\n<meta name=\"twitter:card\" content=\"summary_large_image\" \/>\n<meta name=\"twitter:label1\" content=\"Gesch\u00e4tzte Lesezeit\" \/>\n\t<meta name=\"twitter:data1\" content=\"2\u00a0Minuten\" \/>\n<script type=\"application\/ld+json\" class=\"yoast-schema-graph\">{\"@context\":\"https:\/\/schema.org\",\"@graph\":[{\"@type\":\"WebPage\",\"@id\":\"https:\/\/rntl.ch\/fitness\/produkt\/hammer-racer-speedbike-ultimatives-highspeed-training-zu-hause\/\",\"url\":\"https:\/\/rntl.ch\/fitness\/produkt\/hammer-racer-speedbike-ultimatives-highspeed-training-zu-hause\/\",\"name\":\"Hammer Racer Speedbike \u2013 Ultimatives Highspeed-Training zu Hause - RNTL Fitness\",\"isPartOf\":{\"@id\":\"https:\/\/rntl.ch\/fitness\/#website\"},\"primaryImageOfPage\":{\"@id\":\"https:\/\/rntl.ch\/fitness\/produkt\/hammer-racer-speedbike-ultimatives-highspeed-training-zu-hause\/#primaryimage\"},\"image\":{\"@id\":\"https:\/\/rntl.ch\/fitness\/produkt\/hammer-racer-speedbike-ultimatives-highspeed-training-zu-hause\/#primaryimage\"},\"thumbnailUrl\":\"https:\/\/rntl.ch\/fitness\/wp-content\/uploads\/sites\/3\/2024\/07\/1-11.png\",\"datePublished\":\"2024-07-10T13:09:31+00:00\",\"dateModified\":\"2024-07-10T13:38:10+00:00\",\"description\":\"Erlebe effektives Training mit dem Varon XTR II Ergometer. Genie\u00dfe pr\u00e4zises, wattgesteuertes Herz-Kreislauf-Training, Kompatibilit\u00e4t mit Kinomap & Zwift und benutzerfreundliches Design. Perfekt f\u00fcr zu Hause!Erlebe intensives Highspeed-Training mit dem Hammer Racer Speedbike. Superleises Magnetbremssystem, LCD-Display, Tablethalter und mehr. Perfekt f\u00fcr dein Home-Workout! Jetzt entdecken!\",\"breadcrumb\":{\"@id\":\"https:\/\/rntl.ch\/fitness\/produkt\/hammer-racer-speedbike-ultimatives-highspeed-training-zu-hause\/#breadcrumb\"},\"inLanguage\":\"de\",\"potentialAction\":[{\"@type\":\"ReadAction\",\"target\":[\"https:\/\/rntl.ch\/fitness\/produkt\/hammer-racer-speedbike-ultimatives-highspeed-training-zu-hause\/\"]}]},{\"@type\":\"ImageObject\",\"inLanguage\":\"de\",\"@id\":\"https:\/\/rntl.ch\/fitness\/produkt\/hammer-racer-speedbike-ultimatives-highspeed-training-zu-hause\/#primaryimage\",\"url\":\"https:\/\/rntl.ch\/fitness\/wp-content\/uploads\/sites\/3\/2024\/07\/1-11.png\",\"contentUrl\":\"https:\/\/rntl.ch\/fitness\/wp-content\/uploads\/sites\/3\/2024\/07\/1-11.png\",\"width\":800,\"height\":800},{\"@type\":\"BreadcrumbList\",\"@id\":\"https:\/\/rntl.ch\/fitness\/produkt\/hammer-racer-speedbike-ultimatives-highspeed-training-zu-hause\/#breadcrumb\",\"itemListElement\":[{\"@type\":\"ListItem\",\"position\":1,\"name\":\"Startseite\",\"item\":\"https:\/\/rntl.ch\/fitness\/\"},{\"@type\":\"ListItem\",\"position\":2,\"name\":\"Shop\",\"item\":\"https:\/\/rntl.ch\/fitness\/shop\/\"},{\"@type\":\"ListItem\",\"position\":3,\"name\":\"Hammer Racer Speedbike \u2013 Ultimatives Highspeed-Training zu Hause\"}]},{\"@type\":\"WebSite\",\"@id\":\"https:\/\/rntl.ch\/fitness\/#website\",\"url\":\"https:\/\/rntl.ch\/fitness\/\",\"name\":\"RNTL Fitness\",\"description\":\"Mieten Einfach Anders\",\"publisher\":{\"@id\":\"https:\/\/rntl.ch\/fitness\/#organization\"},\"potentialAction\":[{\"@type\":\"SearchAction\",\"target\":{\"@type\":\"EntryPoint\",\"urlTemplate\":\"https:\/\/rntl.ch\/fitness\/?s={search_term_string}\"},\"query-input\":{\"@type\":\"PropertyValueSpecification\",\"valueRequired\":true,\"valueName\":\"search_term_string\"}}],\"inLanguage\":\"de\"},{\"@type\":\"Organization\",\"@id\":\"https:\/\/rntl.ch\/fitness\/#organization\",\"name\":\"RNTL Fitness\",\"url\":\"https:\/\/rntl.ch\/fitness\/\",\"logo\":{\"@type\":\"ImageObject\",\"inLanguage\":\"de\",\"@id\":\"https:\/\/rntl.ch\/fitness\/#\/schema\/logo\/image\/\",\"url\":\"https:\/\/rntl.ch\/fitness\/wp-content\/uploads\/sites\/3\/2020\/11\/cropped-rntl_logo_white_530x150.png\",\"contentUrl\":\"https:\/\/rntl.ch\/fitness\/wp-content\/uploads\/sites\/3\/2020\/11\/cropped-rntl_logo_white_530x150.png\",\"width\":530,\"height\":150,\"caption\":\"RNTL Fitness\"},\"image\":{\"@id\":\"https:\/\/rntl.ch\/fitness\/#\/schema\/logo\/image\/\"}}]}<\/script>\n<!-- \/ Yoast SEO plugin. -->","yoast_head_json":{"title":"Hammer Racer Speedbike \u2013 Ultimatives Highspeed-Training zu Hause - RNTL Fitness","description":"Erlebe effektives Training mit dem Varon XTR II Ergometer. Genie\u00dfe pr\u00e4zises, wattgesteuertes Herz-Kreislauf-Training, Kompatibilit\u00e4t mit Kinomap & Zwift und benutzerfreundliches Design. Perfekt f\u00fcr zu Hause!Erlebe intensives Highspeed-Training mit dem Hammer Racer Speedbike. Superleises Magnetbremssystem, LCD-Display, Tablethalter und mehr. Perfekt f\u00fcr dein Home-Workout! Jetzt entdecken!","robots":{"index":"index","follow":"follow","max-snippet":"max-snippet:-1","max-image-preview":"max-image-preview:large","max-video-preview":"max-video-preview:-1"},"canonical":"https:\/\/rntl.ch\/fitness\/produkt\/hammer-racer-speedbike-ultimatives-highspeed-training-zu-hause\/","og_locale":"de_DE","og_type":"article","og_title":"Hammer Racer Speedbike \u2013 Ultimatives Highspeed-Training zu Hause - RNTL Fitness","og_description":"Erlebe effektives Training mit dem Varon XTR II Ergometer. Genie\u00dfe pr\u00e4zises, wattgesteuertes Herz-Kreislauf-Training, Kompatibilit\u00e4t mit Kinomap & Zwift und benutzerfreundliches Design. Perfekt f\u00fcr zu Hause!Erlebe intensives Highspeed-Training mit dem Hammer Racer Speedbike. Superleises Magnetbremssystem, LCD-Display, Tablethalter und mehr. Perfekt f\u00fcr dein Home-Workout! Jetzt entdecken!","og_url":"https:\/\/rntl.ch\/fitness\/produkt\/hammer-racer-speedbike-ultimatives-highspeed-training-zu-hause\/","og_site_name":"RNTL Fitness","article_modified_time":"2024-07-10T13:38:10+00:00","og_image":[{"width":800,"height":800,"url":"https:\/\/rntl.ch\/fitness\/wp-content\/uploads\/sites\/3\/2024\/07\/1-11.png","type":"image\/png"}],"twitter_card":"summary_large_image","twitter_misc":{"Gesch\u00e4tzte Lesezeit":"2\u00a0Minuten"},"schema":{"@context":"https:\/\/schema.org","@graph":[{"@type":"WebPage","@id":"https:\/\/rntl.ch\/fitness\/produkt\/hammer-racer-speedbike-ultimatives-highspeed-training-zu-hause\/","url":"https:\/\/rntl.ch\/fitness\/produkt\/hammer-racer-speedbike-ultimatives-highspeed-training-zu-hause\/","name":"Hammer Racer Speedbike \u2013 Ultimatives Highspeed-Training zu Hause - RNTL Fitness","isPartOf":{"@id":"https:\/\/rntl.ch\/fitness\/#website"},"primaryImageOfPage":{"@id":"https:\/\/rntl.ch\/fitness\/produkt\/hammer-racer-speedbike-ultimatives-highspeed-training-zu-hause\/#primaryimage"},"image":{"@id":"https:\/\/rntl.ch\/fitness\/produkt\/hammer-racer-speedbike-ultimatives-highspeed-training-zu-hause\/#primaryimage"},"thumbnailUrl":"https:\/\/rntl.ch\/fitness\/wp-content\/uploads\/sites\/3\/2024\/07\/1-11.png","datePublished":"2024-07-10T13:09:31+00:00","dateModified":"2024-07-10T13:38:10+00:00","description":"Erlebe effektives Training mit dem Varon XTR II Ergometer. Genie\u00dfe pr\u00e4zises, wattgesteuertes Herz-Kreislauf-Training, Kompatibilit\u00e4t mit Kinomap & Zwift und benutzerfreundliches Design. Perfekt f\u00fcr zu Hause!Erlebe intensives Highspeed-Training mit dem Hammer Racer Speedbike. Superleises Magnetbremssystem, LCD-Display, Tablethalter und mehr. Perfekt f\u00fcr dein Home-Workout! Jetzt entdecken!","breadcrumb":{"@id":"https:\/\/rntl.ch\/fitness\/produkt\/hammer-racer-speedbike-ultimatives-highspeed-training-zu-hause\/#breadcrumb"},"inLanguage":"de","potentialAction":[{"@type":"ReadAction","target":["https:\/\/rntl.ch\/fitness\/produkt\/hammer-racer-speedbike-ultimatives-highspeed-training-zu-hause\/"]}]},{"@type":"ImageObject","inLanguage":"de","@id":"https:\/\/rntl.ch\/fitness\/produkt\/hammer-racer-speedbike-ultimatives-highspeed-training-zu-hause\/#primaryimage","url":"https:\/\/rntl.ch\/fitness\/wp-content\/uploads\/sites\/3\/2024\/07\/1-11.png","contentUrl":"https:\/\/rntl.ch\/fitness\/wp-content\/uploads\/sites\/3\/2024\/07\/1-11.png","width":800,"height":800},{"@type":"BreadcrumbList","@id":"https:\/\/rntl.ch\/fitness\/produkt\/hammer-racer-speedbike-ultimatives-highspeed-training-zu-hause\/#breadcrumb","itemListElement":[{"@type":"ListItem","position":1,"name":"Startseite","item":"https:\/\/rntl.ch\/fitness\/"},{"@type":"ListItem","position":2,"name":"Shop","item":"https:\/\/rntl.ch\/fitness\/shop\/"},{"@type":"ListItem","position":3,"name":"Hammer Racer Speedbike \u2013 Ultimatives Highspeed-Training zu Hause"}]},{"@type":"WebSite","@id":"https:\/\/rntl.ch\/fitness\/#website","url":"https:\/\/rntl.ch\/fitness\/","name":"RNTL Fitness","description":"Mieten Einfach Anders","publisher":{"@id":"https:\/\/rntl.ch\/fitness\/#organization"},"potentialAction":[{"@type":"SearchAction","target":{"@type":"EntryPoint","urlTemplate":"https:\/\/rntl.ch\/fitness\/?s={search_term_string}"},"query-input":{"@type":"PropertyValueSpecification","valueRequired":true,"valueName":"search_term_string"}}],"inLanguage":"de"},{"@type":"Organization","@id":"https:\/\/rntl.ch\/fitness\/#organization","name":"RNTL Fitness","url":"https:\/\/rntl.ch\/fitness\/","logo":{"@type":"ImageObject","inLanguage":"de","@id":"https:\/\/rntl.ch\/fitness\/#\/schema\/logo\/image\/","url":"https:\/\/rntl.ch\/fitness\/wp-content\/uploads\/sites\/3\/2020\/11\/cropped-rntl_logo_white_530x150.png","contentUrl":"https:\/\/rntl.ch\/fitness\/wp-content\/uploads\/sites\/3\/2020\/11\/cropped-rntl_logo_white_530x150.png","width":530,"height":150,"caption":"RNTL Fitness"},"image":{"@id":"https:\/\/rntl.ch\/fitness\/#\/schema\/logo\/image\/"}}]}},"_links":{"self":[{"href":"https:\/\/rntl.ch\/fitness\/wp-json\/wp\/v2\/product\/29181","targetHints":{"allow":["GET"]}}],"collection":[{"href":"https:\/\/rntl.ch\/fitness\/wp-json\/wp\/v2\/product"}],"about":[{"href":"https:\/\/rntl.ch\/fitness\/wp-json\/wp\/v2\/types\/product"}],"version-history":[{"count":1,"href":"https:\/\/rntl.ch\/fitness\/wp-json\/wp\/v2\/product\/29181\/revisions"}],"predecessor-version":[{"id":29195,"href":"https:\/\/rntl.ch\/fitness\/wp-json\/wp\/v2\/product\/29181\/revisions\/29195"}],"wp:featuredmedia":[{"embeddable":true,"href":"https:\/\/rntl.ch\/fitness\/wp-json\/wp\/v2\/media\/29189"}],"wp:attachment":[{"href":"https:\/\/rntl.ch\/fitness\/wp-json\/wp\/v2\/media?parent=29181"}],"wp:term":[{"taxonomy":"product_brand","embeddable":true,"href":"https:\/\/rntl.ch\/fitness\/wp-json\/wp\/v2\/product_brand?post=29181"},{"taxonomy":"product_cat","embeddable":true,"href":"https:\/\/rntl.ch\/fitness\/wp-json\/wp\/v2\/product_cat?post=29181"},{"taxonomy":"product_tag","embeddable":true,"href":"https:\/\/rntl.ch\/fitness\/wp-json\/wp\/v2\/product_tag?post=29181"}],"curies":[{"name":"wp","href":"https:\/\/api.w.org\/{rel}","templated":true}]}}