{"id":29281,"date":"2024-07-15T10:07:16","date_gmt":"2024-07-15T08:07:16","guid":{"rendered":"https:\/\/rntl.ch\/fitness\/?post_type=product&#038;p=29281"},"modified":"2024-07-16T10:50:47","modified_gmt":"2024-07-16T08:50:47","slug":"concept2-skierg-mit-pm5-effektives-oberkoerpertraining-fuer-langlaeufer","status":"publish","type":"product","link":"https:\/\/rntl.ch\/fitness\/produkt\/concept2-skierg-mit-pm5-effektives-oberkoerpertraining-fuer-langlaeufer\/","title":{"rendered":"Concept2 SkiErg mit PM5 \u2013 Effektives Oberk\u00f6rpertraining f\u00fcr Langl\u00e4ufer"},"content":{"rendered":"<p><span style=\"font-weight: 400;\">Warum der Concept2 SkiErg?<\/span><\/p>\n<p><span style=\"font-weight: 400;\">Der Concept2 SkiErg basiert auf der gleichen hochwertigen Mechanik und Elektronik wie der weltweit f\u00fchrende Concept2 Indoor Rower. Seit 1982 ist Concept2 die erste Wahl von Ruderern und bietet auch mit dem SkiErg eine langlebige und stabile Konstruktion, die jedem Anspruch gerecht wird.<\/span><\/p>\n<p><span style=\"font-weight: 400;\">Hochwertiger PM5 Monitor mit Bluetooth-Funktion<\/span><\/p>\n<p><span style=\"font-weight: 400;\">Der PM5-Monitor bietet umfassende Trainingsm\u00f6glichkeiten und ist mit Bluetooth Smart und ANT+ ausgestattet. Er erm\u00f6glicht eine unmittelbare und pr\u00e4zise Messung der Leistungsdaten. Verbinden Sie den SkiErg mit Apps wie Kinomap f\u00fcr ein motivierendes Trainingserlebnis. Alle Trainingsdaten k\u00f6nnen direkt gespeichert oder mithilfe eines USB-Sticks gesichert werden.<\/span><\/p>\n<p><span style=\"font-weight: 400;\">Leistungsdaten im \u00dcberblick<\/span><\/p>\n<p><span style=\"font-weight: 400;\">&#8211; Monitor: PM5<\/span><\/p>\n<p><span style=\"font-weight: 400;\">&#8211; Zugseile: Hochfeste Zugseile<\/span><\/p>\n<p><span style=\"font-weight: 400;\">&#8211; Stromversorgung: 2 D-Zellen-Batterien, der PM bezieht seinen Strom w\u00e4hrend des Trainings vom Windrad<\/span><\/p>\n<p><span style=\"font-weight: 400;\">&#8211; Ma\u00dfe (wandmontiert): Breite unten: 48,3 cm, Breite oben: 52 cm, Tiefe: 40,6 cm, H\u00f6he: 212 cm<\/span><\/p>\n<p><span style=\"font-weight: 400;\">&#8211; Ma\u00dfe (mit Rahmen): 61 cm x 132 cm x 215,9 cm<\/span><\/p>\n<p><span style=\"font-weight: 400;\">&#8211; Lackierung: Pulverbeschichtet und versiegelt f\u00fcr zus\u00e4tzliche Haltbarkeit<\/span><\/p>\n<p><span style=\"font-weight: 400;\">Freistehend oder Wandmontage<\/span><\/p>\n<p><span style=\"font-weight: 400;\">Der SkiErg kann fest an der Wand montiert oder mit einem optionalen FloorStand freistehend aufgestellt werden. Der FloorStand verf\u00fcgt \u00fcber Transportrollen f\u00fcr zus\u00e4tzliche Mobilit\u00e4t. Trainieren Sie im Stehen oder sitzend \u2013 ideal f\u00fcr alle Fitnesslevel und auch f\u00fcr Menschen mit k\u00f6rperlichen Einschr\u00e4nkungen.<\/span><\/p>\n<p><span style=\"font-weight: 400;\">Effektives Oberk\u00f6rpertraining<\/span><\/p>\n<p><span style=\"font-weight: 400;\">St\u00e4rken Sie Arme, Beine, Bauch und R\u00fccken mit dem SkiErg. Aktivieren Sie Ihre Fettverbrennung und verbessern Sie Ihre Technik f\u00fcr die Wintersaison. Die vielf\u00e4ltigen Griffvarianten und Trainingspositionen bieten maximale Flexibilit\u00e4t.<\/span><\/p>\n<p><span style=\"font-weight: 400;\">Verfolgung und Analyse Ihrer Erfolge<\/span><\/p>\n<p><span style=\"font-weight: 400;\">Speichern Sie Ihre Trainingsdaten automatisch mit der ErgData-App und nutzen Sie die Concept2 App ErgRace Mobile f\u00fcr interaktive Trainingseinheiten. Nehmen Sie an regelm\u00e4\u00dfigen Challenges teil und steigern Sie Ihre Motivation mit der Ranglisten-Funktion.<\/span><\/p>\n<p><span style=\"font-weight: 400;\">Im Lieferumfang enthalten:<\/span><\/p>\n<p><span style=\"font-weight: 400;\">&#8211; PM5 Monitor<\/span><\/p>\n<p><span style=\"font-weight: 400;\">&#8211; Bedienungsanleitung und Torx-Schraubenzieher<\/span><\/p>\n<p><span style=\"font-weight: 400;\">Nicht erhalten im Lieferumfang! Floorstand, muss separat bestellt werden.<\/span><\/p>\n<p>&nbsp;<\/p>\n<p><iframe title=\"SkiErgTechnique | Learn How to Use the SkiErg | Concept2\" width=\"980\" height=\"551\" src=\"https:\/\/www.youtube.com\/embed\/B0lIgT5PHc8?feature=oembed&#038;enablejsapi=1&#038;origin=https:\/\/rntl.ch\" frameborder=\"0\" allow=\"accelerometer; autoplay; clipboard-write; encrypted-media; gyroscope; picture-in-picture; web-share\" referrerpolicy=\"strict-origin-when-cross-origin\" allowfullscreen><\/iframe><\/p>\n<p>&nbsp;<\/p>\n","protected":false},"excerpt":{"rendered":"<p><span style=\"font-weight: 400;\">Der SkiErg von Concept2 ist das ideale Fitnessger\u00e4t f\u00fcr ein effektives Oberk\u00f6rper- und Ausdauertraining. Standardm\u00e4\u00dfig mit dem fortschrittlichen PM5-Monitor ausgestattet, bietet der SkiErg pr\u00e4zise und wiederholbare Leistungsdaten. F\u00fcr die freistehende Version ist der FloorStand separat erh\u00e4ltlich.\u00a0<\/span><\/p>\n<p><strong>Kaufpreis [woo_custom_field id=\"rntl_retail_price_field\"].-<\/strong><\/p>\n[rntl_page_content id=\"14687\"]\n<div class=\"woocommerce-product-details__short-description\">\n<p>&nbsp;<\/p>\n<\/div>\n","protected":false},"featured_media":29324,"template":"","meta":{"content-type":""},"product_brand":[],"product_cat":[25,23,99,27,29,32],"product_tag":[112],"class_list":{"0":"post-29281","1":"product","2":"type-product","3":"status-publish","4":"has-post-thumbnail","6":"product_cat-hometrainer","7":"product_cat-crosstrainer","8":"product_cat-indoor-cycling","9":"product_cat-krafttraining","10":"product_cat-rudergeraete","11":"product_cat-zusatzausruestung","12":"product_tag-mieten","13":"product_shipping_class-leicht","14":"tm-no-options","16":"first","17":"instock","18":"taxable","19":"shipping-taxable","20":"purchasable","21":"product-type-variable-subscription","22":"has-default-attributes"},"yoast_head":"<!-- This site is optimized with the Yoast SEO plugin v26.3 - https:\/\/yoast.com\/wordpress\/plugins\/seo\/ -->\n<title>Concept2 SkiErg mit PM5 \u2013 Effektives Oberk\u00f6rpertraining f\u00fcr Langl\u00e4ufer - RNTL Fitness<\/title>\n<meta name=\"description\" content=\"Entdecken Sie den Concept2 SkiErg mit PM5 bei RNTL Fitness. Ideal f\u00fcr Langlauf-Profis und Einsteiger gleichermassen. Hochwertiger PM5 Monitor mit Bluetooth, vielf\u00e4ltige Trainingsm\u00f6glichkeiten und langlebige Konstruktion. Jetzt mieten und effektiv auf die n\u00e4chste Langlauf-Saison vorbereiten!\" \/>\n<meta name=\"robots\" content=\"index, follow, max-snippet:-1, max-image-preview:large, max-video-preview:-1\" \/>\n<link rel=\"canonical\" href=\"https:\/\/rntl.ch\/fitness\/produkt\/concept2-skierg-mit-pm5-effektives-oberkoerpertraining-fuer-langlaeufer\/\" \/>\n<meta property=\"og:locale\" content=\"de_DE\" \/>\n<meta property=\"og:type\" content=\"article\" \/>\n<meta property=\"og:title\" content=\"Concept2 SkiErg mit PM5 \u2013 Effektives Oberk\u00f6rpertraining f\u00fcr Langl\u00e4ufer - RNTL Fitness\" \/>\n<meta property=\"og:description\" content=\"Entdecken Sie den Concept2 SkiErg mit PM5 bei RNTL Fitness. Ideal f\u00fcr Langlauf-Profis und Einsteiger gleichermassen. Hochwertiger PM5 Monitor mit Bluetooth, vielf\u00e4ltige Trainingsm\u00f6glichkeiten und langlebige Konstruktion. Jetzt mieten und effektiv auf die n\u00e4chste Langlauf-Saison vorbereiten!\" \/>\n<meta property=\"og:url\" content=\"https:\/\/rntl.ch\/fitness\/produkt\/concept2-skierg-mit-pm5-effektives-oberkoerpertraining-fuer-langlaeufer\/\" \/>\n<meta property=\"og:site_name\" content=\"RNTL Fitness\" \/>\n<meta property=\"article:modified_time\" content=\"2024-07-16T08:50:47+00:00\" \/>\n<meta name=\"twitter:card\" content=\"summary_large_image\" \/>\n<meta name=\"twitter:label1\" content=\"Gesch\u00e4tzte Lesezeit\" \/>\n\t<meta name=\"twitter:data1\" content=\"2\u00a0Minuten\" \/>\n<script type=\"application\/ld+json\" class=\"yoast-schema-graph\">{\"@context\":\"https:\/\/schema.org\",\"@graph\":[{\"@type\":\"WebPage\",\"@id\":\"https:\/\/rntl.ch\/fitness\/produkt\/concept2-skierg-mit-pm5-effektives-oberkoerpertraining-fuer-langlaeufer\/\",\"url\":\"https:\/\/rntl.ch\/fitness\/produkt\/concept2-skierg-mit-pm5-effektives-oberkoerpertraining-fuer-langlaeufer\/\",\"name\":\"Concept2 SkiErg mit PM5 \u2013 Effektives Oberk\u00f6rpertraining f\u00fcr Langl\u00e4ufer - RNTL Fitness\",\"isPartOf\":{\"@id\":\"https:\/\/rntl.ch\/fitness\/#website\"},\"primaryImageOfPage\":{\"@id\":\"https:\/\/rntl.ch\/fitness\/produkt\/concept2-skierg-mit-pm5-effektives-oberkoerpertraining-fuer-langlaeufer\/#primaryimage\"},\"image\":{\"@id\":\"https:\/\/rntl.ch\/fitness\/produkt\/concept2-skierg-mit-pm5-effektives-oberkoerpertraining-fuer-langlaeufer\/#primaryimage\"},\"thumbnailUrl\":\"https:\/\/rntl.ch\/fitness\/wp-content\/uploads\/sites\/3\/2024\/07\/3-14.png\",\"datePublished\":\"2024-07-15T08:07:16+00:00\",\"dateModified\":\"2024-07-16T08:50:47+00:00\",\"description\":\"Entdecken Sie den Concept2 SkiErg mit PM5 bei RNTL Fitness. Ideal f\u00fcr Langlauf-Profis und Einsteiger gleichermassen. Hochwertiger PM5 Monitor mit Bluetooth, vielf\u00e4ltige Trainingsm\u00f6glichkeiten und langlebige Konstruktion. Jetzt mieten und effektiv auf die n\u00e4chste Langlauf-Saison vorbereiten!\",\"breadcrumb\":{\"@id\":\"https:\/\/rntl.ch\/fitness\/produkt\/concept2-skierg-mit-pm5-effektives-oberkoerpertraining-fuer-langlaeufer\/#breadcrumb\"},\"inLanguage\":\"de\",\"potentialAction\":[{\"@type\":\"ReadAction\",\"target\":[\"https:\/\/rntl.ch\/fitness\/produkt\/concept2-skierg-mit-pm5-effektives-oberkoerpertraining-fuer-langlaeufer\/\"]}]},{\"@type\":\"ImageObject\",\"inLanguage\":\"de\",\"@id\":\"https:\/\/rntl.ch\/fitness\/produkt\/concept2-skierg-mit-pm5-effektives-oberkoerpertraining-fuer-langlaeufer\/#primaryimage\",\"url\":\"https:\/\/rntl.ch\/fitness\/wp-content\/uploads\/sites\/3\/2024\/07\/3-14.png\",\"contentUrl\":\"https:\/\/rntl.ch\/fitness\/wp-content\/uploads\/sites\/3\/2024\/07\/3-14.png\",\"width\":800,\"height\":800},{\"@type\":\"BreadcrumbList\",\"@id\":\"https:\/\/rntl.ch\/fitness\/produkt\/concept2-skierg-mit-pm5-effektives-oberkoerpertraining-fuer-langlaeufer\/#breadcrumb\",\"itemListElement\":[{\"@type\":\"ListItem\",\"position\":1,\"name\":\"Startseite\",\"item\":\"https:\/\/rntl.ch\/fitness\/\"},{\"@type\":\"ListItem\",\"position\":2,\"name\":\"Shop\",\"item\":\"https:\/\/rntl.ch\/fitness\/shop\/\"},{\"@type\":\"ListItem\",\"position\":3,\"name\":\"Concept2 SkiErg mit PM5 \u2013 Effektives Oberk\u00f6rpertraining f\u00fcr Langl\u00e4ufer\"}]},{\"@type\":\"WebSite\",\"@id\":\"https:\/\/rntl.ch\/fitness\/#website\",\"url\":\"https:\/\/rntl.ch\/fitness\/\",\"name\":\"RNTL Fitness\",\"description\":\"Mieten Einfach Anders\",\"publisher\":{\"@id\":\"https:\/\/rntl.ch\/fitness\/#organization\"},\"potentialAction\":[{\"@type\":\"SearchAction\",\"target\":{\"@type\":\"EntryPoint\",\"urlTemplate\":\"https:\/\/rntl.ch\/fitness\/?s={search_term_string}\"},\"query-input\":{\"@type\":\"PropertyValueSpecification\",\"valueRequired\":true,\"valueName\":\"search_term_string\"}}],\"inLanguage\":\"de\"},{\"@type\":\"Organization\",\"@id\":\"https:\/\/rntl.ch\/fitness\/#organization\",\"name\":\"RNTL Fitness\",\"url\":\"https:\/\/rntl.ch\/fitness\/\",\"logo\":{\"@type\":\"ImageObject\",\"inLanguage\":\"de\",\"@id\":\"https:\/\/rntl.ch\/fitness\/#\/schema\/logo\/image\/\",\"url\":\"https:\/\/rntl.ch\/fitness\/wp-content\/uploads\/sites\/3\/2020\/11\/cropped-rntl_logo_white_530x150.png\",\"contentUrl\":\"https:\/\/rntl.ch\/fitness\/wp-content\/uploads\/sites\/3\/2020\/11\/cropped-rntl_logo_white_530x150.png\",\"width\":530,\"height\":150,\"caption\":\"RNTL Fitness\"},\"image\":{\"@id\":\"https:\/\/rntl.ch\/fitness\/#\/schema\/logo\/image\/\"}}]}<\/script>\n<!-- \/ Yoast SEO plugin. -->","yoast_head_json":{"title":"Concept2 SkiErg mit PM5 \u2013 Effektives Oberk\u00f6rpertraining f\u00fcr Langl\u00e4ufer - RNTL Fitness","description":"Entdecken Sie den Concept2 SkiErg mit PM5 bei RNTL Fitness. Ideal f\u00fcr Langlauf-Profis und Einsteiger gleichermassen. Hochwertiger PM5 Monitor mit Bluetooth, vielf\u00e4ltige Trainingsm\u00f6glichkeiten und langlebige Konstruktion. Jetzt mieten und effektiv auf die n\u00e4chste Langlauf-Saison vorbereiten!","robots":{"index":"index","follow":"follow","max-snippet":"max-snippet:-1","max-image-preview":"max-image-preview:large","max-video-preview":"max-video-preview:-1"},"canonical":"https:\/\/rntl.ch\/fitness\/produkt\/concept2-skierg-mit-pm5-effektives-oberkoerpertraining-fuer-langlaeufer\/","og_locale":"de_DE","og_type":"article","og_title":"Concept2 SkiErg mit PM5 \u2013 Effektives Oberk\u00f6rpertraining f\u00fcr Langl\u00e4ufer - RNTL Fitness","og_description":"Entdecken Sie den Concept2 SkiErg mit PM5 bei RNTL Fitness. Ideal f\u00fcr Langlauf-Profis und Einsteiger gleichermassen. Hochwertiger PM5 Monitor mit Bluetooth, vielf\u00e4ltige Trainingsm\u00f6glichkeiten und langlebige Konstruktion. Jetzt mieten und effektiv auf die n\u00e4chste Langlauf-Saison vorbereiten!","og_url":"https:\/\/rntl.ch\/fitness\/produkt\/concept2-skierg-mit-pm5-effektives-oberkoerpertraining-fuer-langlaeufer\/","og_site_name":"RNTL Fitness","article_modified_time":"2024-07-16T08:50:47+00:00","twitter_card":"summary_large_image","twitter_misc":{"Gesch\u00e4tzte Lesezeit":"2\u00a0Minuten"},"schema":{"@context":"https:\/\/schema.org","@graph":[{"@type":"WebPage","@id":"https:\/\/rntl.ch\/fitness\/produkt\/concept2-skierg-mit-pm5-effektives-oberkoerpertraining-fuer-langlaeufer\/","url":"https:\/\/rntl.ch\/fitness\/produkt\/concept2-skierg-mit-pm5-effektives-oberkoerpertraining-fuer-langlaeufer\/","name":"Concept2 SkiErg mit PM5 \u2013 Effektives Oberk\u00f6rpertraining f\u00fcr Langl\u00e4ufer - RNTL Fitness","isPartOf":{"@id":"https:\/\/rntl.ch\/fitness\/#website"},"primaryImageOfPage":{"@id":"https:\/\/rntl.ch\/fitness\/produkt\/concept2-skierg-mit-pm5-effektives-oberkoerpertraining-fuer-langlaeufer\/#primaryimage"},"image":{"@id":"https:\/\/rntl.ch\/fitness\/produkt\/concept2-skierg-mit-pm5-effektives-oberkoerpertraining-fuer-langlaeufer\/#primaryimage"},"thumbnailUrl":"https:\/\/rntl.ch\/fitness\/wp-content\/uploads\/sites\/3\/2024\/07\/3-14.png","datePublished":"2024-07-15T08:07:16+00:00","dateModified":"2024-07-16T08:50:47+00:00","description":"Entdecken Sie den Concept2 SkiErg mit PM5 bei RNTL Fitness. Ideal f\u00fcr Langlauf-Profis und Einsteiger gleichermassen. Hochwertiger PM5 Monitor mit Bluetooth, vielf\u00e4ltige Trainingsm\u00f6glichkeiten und langlebige Konstruktion. Jetzt mieten und effektiv auf die n\u00e4chste Langlauf-Saison vorbereiten!","breadcrumb":{"@id":"https:\/\/rntl.ch\/fitness\/produkt\/concept2-skierg-mit-pm5-effektives-oberkoerpertraining-fuer-langlaeufer\/#breadcrumb"},"inLanguage":"de","potentialAction":[{"@type":"ReadAction","target":["https:\/\/rntl.ch\/fitness\/produkt\/concept2-skierg-mit-pm5-effektives-oberkoerpertraining-fuer-langlaeufer\/"]}]},{"@type":"ImageObject","inLanguage":"de","@id":"https:\/\/rntl.ch\/fitness\/produkt\/concept2-skierg-mit-pm5-effektives-oberkoerpertraining-fuer-langlaeufer\/#primaryimage","url":"https:\/\/rntl.ch\/fitness\/wp-content\/uploads\/sites\/3\/2024\/07\/3-14.png","contentUrl":"https:\/\/rntl.ch\/fitness\/wp-content\/uploads\/sites\/3\/2024\/07\/3-14.png","width":800,"height":800},{"@type":"BreadcrumbList","@id":"https:\/\/rntl.ch\/fitness\/produkt\/concept2-skierg-mit-pm5-effektives-oberkoerpertraining-fuer-langlaeufer\/#breadcrumb","itemListElement":[{"@type":"ListItem","position":1,"name":"Startseite","item":"https:\/\/rntl.ch\/fitness\/"},{"@type":"ListItem","position":2,"name":"Shop","item":"https:\/\/rntl.ch\/fitness\/shop\/"},{"@type":"ListItem","position":3,"name":"Concept2 SkiErg mit PM5 \u2013 Effektives Oberk\u00f6rpertraining f\u00fcr Langl\u00e4ufer"}]},{"@type":"WebSite","@id":"https:\/\/rntl.ch\/fitness\/#website","url":"https:\/\/rntl.ch\/fitness\/","name":"RNTL Fitness","description":"Mieten Einfach Anders","publisher":{"@id":"https:\/\/rntl.ch\/fitness\/#organization"},"potentialAction":[{"@type":"SearchAction","target":{"@type":"EntryPoint","urlTemplate":"https:\/\/rntl.ch\/fitness\/?s={search_term_string}"},"query-input":{"@type":"PropertyValueSpecification","valueRequired":true,"valueName":"search_term_string"}}],"inLanguage":"de"},{"@type":"Organization","@id":"https:\/\/rntl.ch\/fitness\/#organization","name":"RNTL Fitness","url":"https:\/\/rntl.ch\/fitness\/","logo":{"@type":"ImageObject","inLanguage":"de","@id":"https:\/\/rntl.ch\/fitness\/#\/schema\/logo\/image\/","url":"https:\/\/rntl.ch\/fitness\/wp-content\/uploads\/sites\/3\/2020\/11\/cropped-rntl_logo_white_530x150.png","contentUrl":"https:\/\/rntl.ch\/fitness\/wp-content\/uploads\/sites\/3\/2020\/11\/cropped-rntl_logo_white_530x150.png","width":530,"height":150,"caption":"RNTL Fitness"},"image":{"@id":"https:\/\/rntl.ch\/fitness\/#\/schema\/logo\/image\/"}}]}},"_links":{"self":[{"href":"https:\/\/rntl.ch\/fitness\/wp-json\/wp\/v2\/product\/29281","targetHints":{"allow":["GET"]}}],"collection":[{"href":"https:\/\/rntl.ch\/fitness\/wp-json\/wp\/v2\/product"}],"about":[{"href":"https:\/\/rntl.ch\/fitness\/wp-json\/wp\/v2\/types\/product"}],"version-history":[{"count":1,"href":"https:\/\/rntl.ch\/fitness\/wp-json\/wp\/v2\/product\/29281\/revisions"}],"predecessor-version":[{"id":29288,"href":"https:\/\/rntl.ch\/fitness\/wp-json\/wp\/v2\/product\/29281\/revisions\/29288"}],"wp:featuredmedia":[{"embeddable":true,"href":"https:\/\/rntl.ch\/fitness\/wp-json\/wp\/v2\/media\/29324"}],"wp:attachment":[{"href":"https:\/\/rntl.ch\/fitness\/wp-json\/wp\/v2\/media?parent=29281"}],"wp:term":[{"taxonomy":"product_brand","embeddable":true,"href":"https:\/\/rntl.ch\/fitness\/wp-json\/wp\/v2\/product_brand?post=29281"},{"taxonomy":"product_cat","embeddable":true,"href":"https:\/\/rntl.ch\/fitness\/wp-json\/wp\/v2\/product_cat?post=29281"},{"taxonomy":"product_tag","embeddable":true,"href":"https:\/\/rntl.ch\/fitness\/wp-json\/wp\/v2\/product_tag?post=29281"}],"curies":[{"name":"wp","href":"https:\/\/api.w.org\/{rel}","templated":true}]}}