{"id":29293,"date":"2024-07-15T10:28:48","date_gmt":"2024-07-15T08:28:48","guid":{"rendered":"https:\/\/rntl.ch\/fitness\/?post_type=product&#038;p=29293"},"modified":"2024-07-15T10:36:30","modified_gmt":"2024-07-15T08:36:30","slug":"concept2-skierg-floorstand","status":"publish","type":"product","link":"https:\/\/rntl.ch\/fitness\/produkt\/concept2-skierg-floorstand\/","title":{"rendered":"Concept2 SkiErg FloorStand"},"content":{"rendered":"<p>Der Concept2 SkiErg FloorStand bietet eine Alternative, Ihren SkiErg zu montieren, wenn eine Wandmontage nicht in Frage kommt. Der FloorStand verwandelt den SkiErg in ein freistehendes Ger\u00e4t, das Sie \u00fcberall aufstellen k\u00f6nnen. Der SkiErg FloorStand ist aus stabilem Stahl gebaut und kommt mit eingebauten Transportrollen, damit Sie ihn auch mitsamt eines montierten SkiErgs leicht bewegen k\u00f6nnen. Der Boden vom SkiErg FloorStand hat eine rutschfeste und verschlei\u00dfarme Oberfl\u00e4che.<\/p>\n<p>Der SkiErg FloorStand l\u00e4sst sich mit den meisten Rollst\u00fchlen verwenden.<\/p>\n<h3>Ma\u00dfe<\/h3>\n<p>Bodenplatte: 61 cm x 132 cm FloorStand samt Ski-Erg: 61 cm x 132 cm x 215,9 cm<\/p>\n","protected":false},"excerpt":{"rendered":"<p>Der Concept2 SkiErg FloorStand bietet eine Alternative, Ihren SkiErg zu montieren, wenn eine Wandmontage nicht in Frage kommt.<\/p>\n<p><strong>Kaufpreis [woo_custom_field id=\"rntl_retail_price_field\"].-<\/strong><\/p>\n[rntl_page_content id=\"14687\"]\n<div class=\"woocommerce-product-details__short-description\">\n<p>&nbsp;<\/p>\n<\/div>\n","protected":false},"featured_media":29298,"template":"","meta":{"content-type":""},"product_brand":[],"product_cat":[32],"product_tag":[112],"class_list":{"0":"post-29293","1":"product","2":"type-product","3":"status-publish","4":"has-post-thumbnail","6":"product_cat-zusatzausruestung","7":"product_tag-mieten","8":"product_shipping_class-leicht","9":"tm-no-options","11":"first","12":"instock","13":"taxable","14":"shipping-taxable","15":"purchasable","16":"product-type-variable-subscription","17":"has-default-attributes"},"yoast_head":"<!-- This site is optimized with the Yoast SEO plugin v26.3 - https:\/\/yoast.com\/wordpress\/plugins\/seo\/ -->\n<title>Concept2 SkiErg FloorStand - RNTL Fitness<\/title>\n<meta name=\"description\" content=\"Entdecken Sie den Concept2 SkiErg mit PM5 bei RNTL Fitness. Ideal f\u00fcr Langlauf-Profis und Einsteiger gleichermassen. Hochwertiger PM5 Monitor mit Bluetooth, vielf\u00e4ltige Trainingsm\u00f6glichkeiten und langlebige Konstruktion. Jetzt mieten und effektiv auf die n\u00e4chste Langlauf-Saison vorbereiten!\" \/>\n<meta name=\"robots\" content=\"index, follow, max-snippet:-1, max-image-preview:large, max-video-preview:-1\" \/>\n<link rel=\"canonical\" href=\"https:\/\/rntl.ch\/fitness\/produkt\/concept2-skierg-floorstand\/\" \/>\n<meta property=\"og:locale\" content=\"de_DE\" \/>\n<meta property=\"og:type\" content=\"article\" \/>\n<meta property=\"og:title\" content=\"Concept2 SkiErg FloorStand - RNTL Fitness\" \/>\n<meta property=\"og:description\" content=\"Entdecken Sie den Concept2 SkiErg mit PM5 bei RNTL Fitness. Ideal f\u00fcr Langlauf-Profis und Einsteiger gleichermassen. Hochwertiger PM5 Monitor mit Bluetooth, vielf\u00e4ltige Trainingsm\u00f6glichkeiten und langlebige Konstruktion. Jetzt mieten und effektiv auf die n\u00e4chste Langlauf-Saison vorbereiten!\" \/>\n<meta property=\"og:url\" content=\"https:\/\/rntl.ch\/fitness\/produkt\/concept2-skierg-floorstand\/\" \/>\n<meta property=\"og:site_name\" content=\"RNTL Fitness\" \/>\n<meta property=\"article:modified_time\" content=\"2024-07-15T08:36:30+00:00\" \/>\n<meta property=\"og:image\" content=\"https:\/\/rntl.ch\/fitness\/wp-content\/uploads\/sites\/3\/2024\/07\/THIS-3.png\" \/>\n\t<meta property=\"og:image:width\" content=\"800\" \/>\n\t<meta property=\"og:image:height\" content=\"800\" \/>\n\t<meta property=\"og:image:type\" content=\"image\/png\" \/>\n<meta name=\"twitter:card\" content=\"summary_large_image\" \/>\n<meta name=\"twitter:label1\" content=\"Gesch\u00e4tzte Lesezeit\" \/>\n\t<meta name=\"twitter:data1\" content=\"1\u00a0Minute\" \/>\n<script type=\"application\/ld+json\" class=\"yoast-schema-graph\">{\"@context\":\"https:\/\/schema.org\",\"@graph\":[{\"@type\":\"WebPage\",\"@id\":\"https:\/\/rntl.ch\/fitness\/produkt\/concept2-skierg-floorstand\/\",\"url\":\"https:\/\/rntl.ch\/fitness\/produkt\/concept2-skierg-floorstand\/\",\"name\":\"Concept2 SkiErg FloorStand - RNTL Fitness\",\"isPartOf\":{\"@id\":\"https:\/\/rntl.ch\/fitness\/#website\"},\"primaryImageOfPage\":{\"@id\":\"https:\/\/rntl.ch\/fitness\/produkt\/concept2-skierg-floorstand\/#primaryimage\"},\"image\":{\"@id\":\"https:\/\/rntl.ch\/fitness\/produkt\/concept2-skierg-floorstand\/#primaryimage\"},\"thumbnailUrl\":\"https:\/\/rntl.ch\/fitness\/wp-content\/uploads\/sites\/3\/2024\/07\/THIS-3.png\",\"datePublished\":\"2024-07-15T08:28:48+00:00\",\"dateModified\":\"2024-07-15T08:36:30+00:00\",\"description\":\"Entdecken Sie den Concept2 SkiErg mit PM5 bei RNTL Fitness. Ideal f\u00fcr Langlauf-Profis und Einsteiger gleichermassen. Hochwertiger PM5 Monitor mit Bluetooth, vielf\u00e4ltige Trainingsm\u00f6glichkeiten und langlebige Konstruktion. Jetzt mieten und effektiv auf die n\u00e4chste Langlauf-Saison vorbereiten!\",\"breadcrumb\":{\"@id\":\"https:\/\/rntl.ch\/fitness\/produkt\/concept2-skierg-floorstand\/#breadcrumb\"},\"inLanguage\":\"de\",\"potentialAction\":[{\"@type\":\"ReadAction\",\"target\":[\"https:\/\/rntl.ch\/fitness\/produkt\/concept2-skierg-floorstand\/\"]}]},{\"@type\":\"ImageObject\",\"inLanguage\":\"de\",\"@id\":\"https:\/\/rntl.ch\/fitness\/produkt\/concept2-skierg-floorstand\/#primaryimage\",\"url\":\"https:\/\/rntl.ch\/fitness\/wp-content\/uploads\/sites\/3\/2024\/07\/THIS-3.png\",\"contentUrl\":\"https:\/\/rntl.ch\/fitness\/wp-content\/uploads\/sites\/3\/2024\/07\/THIS-3.png\",\"width\":800,\"height\":800},{\"@type\":\"BreadcrumbList\",\"@id\":\"https:\/\/rntl.ch\/fitness\/produkt\/concept2-skierg-floorstand\/#breadcrumb\",\"itemListElement\":[{\"@type\":\"ListItem\",\"position\":1,\"name\":\"Startseite\",\"item\":\"https:\/\/rntl.ch\/fitness\/\"},{\"@type\":\"ListItem\",\"position\":2,\"name\":\"Shop\",\"item\":\"https:\/\/rntl.ch\/fitness\/shop\/\"},{\"@type\":\"ListItem\",\"position\":3,\"name\":\"Concept2 SkiErg FloorStand\"}]},{\"@type\":\"WebSite\",\"@id\":\"https:\/\/rntl.ch\/fitness\/#website\",\"url\":\"https:\/\/rntl.ch\/fitness\/\",\"name\":\"RNTL Fitness\",\"description\":\"Mieten Einfach Anders\",\"publisher\":{\"@id\":\"https:\/\/rntl.ch\/fitness\/#organization\"},\"potentialAction\":[{\"@type\":\"SearchAction\",\"target\":{\"@type\":\"EntryPoint\",\"urlTemplate\":\"https:\/\/rntl.ch\/fitness\/?s={search_term_string}\"},\"query-input\":{\"@type\":\"PropertyValueSpecification\",\"valueRequired\":true,\"valueName\":\"search_term_string\"}}],\"inLanguage\":\"de\"},{\"@type\":\"Organization\",\"@id\":\"https:\/\/rntl.ch\/fitness\/#organization\",\"name\":\"RNTL Fitness\",\"url\":\"https:\/\/rntl.ch\/fitness\/\",\"logo\":{\"@type\":\"ImageObject\",\"inLanguage\":\"de\",\"@id\":\"https:\/\/rntl.ch\/fitness\/#\/schema\/logo\/image\/\",\"url\":\"https:\/\/rntl.ch\/fitness\/wp-content\/uploads\/sites\/3\/2020\/11\/cropped-rntl_logo_white_530x150.png\",\"contentUrl\":\"https:\/\/rntl.ch\/fitness\/wp-content\/uploads\/sites\/3\/2020\/11\/cropped-rntl_logo_white_530x150.png\",\"width\":530,\"height\":150,\"caption\":\"RNTL Fitness\"},\"image\":{\"@id\":\"https:\/\/rntl.ch\/fitness\/#\/schema\/logo\/image\/\"}}]}<\/script>\n<!-- \/ Yoast SEO plugin. -->","yoast_head_json":{"title":"Concept2 SkiErg FloorStand - RNTL Fitness","description":"Entdecken Sie den Concept2 SkiErg mit PM5 bei RNTL Fitness. Ideal f\u00fcr Langlauf-Profis und Einsteiger gleichermassen. Hochwertiger PM5 Monitor mit Bluetooth, vielf\u00e4ltige Trainingsm\u00f6glichkeiten und langlebige Konstruktion. Jetzt mieten und effektiv auf die n\u00e4chste Langlauf-Saison vorbereiten!","robots":{"index":"index","follow":"follow","max-snippet":"max-snippet:-1","max-image-preview":"max-image-preview:large","max-video-preview":"max-video-preview:-1"},"canonical":"https:\/\/rntl.ch\/fitness\/produkt\/concept2-skierg-floorstand\/","og_locale":"de_DE","og_type":"article","og_title":"Concept2 SkiErg FloorStand - RNTL Fitness","og_description":"Entdecken Sie den Concept2 SkiErg mit PM5 bei RNTL Fitness. Ideal f\u00fcr Langlauf-Profis und Einsteiger gleichermassen. Hochwertiger PM5 Monitor mit Bluetooth, vielf\u00e4ltige Trainingsm\u00f6glichkeiten und langlebige Konstruktion. Jetzt mieten und effektiv auf die n\u00e4chste Langlauf-Saison vorbereiten!","og_url":"https:\/\/rntl.ch\/fitness\/produkt\/concept2-skierg-floorstand\/","og_site_name":"RNTL Fitness","article_modified_time":"2024-07-15T08:36:30+00:00","og_image":[{"width":800,"height":800,"url":"https:\/\/rntl.ch\/fitness\/wp-content\/uploads\/sites\/3\/2024\/07\/THIS-3.png","type":"image\/png"}],"twitter_card":"summary_large_image","twitter_misc":{"Gesch\u00e4tzte Lesezeit":"1\u00a0Minute"},"schema":{"@context":"https:\/\/schema.org","@graph":[{"@type":"WebPage","@id":"https:\/\/rntl.ch\/fitness\/produkt\/concept2-skierg-floorstand\/","url":"https:\/\/rntl.ch\/fitness\/produkt\/concept2-skierg-floorstand\/","name":"Concept2 SkiErg FloorStand - RNTL Fitness","isPartOf":{"@id":"https:\/\/rntl.ch\/fitness\/#website"},"primaryImageOfPage":{"@id":"https:\/\/rntl.ch\/fitness\/produkt\/concept2-skierg-floorstand\/#primaryimage"},"image":{"@id":"https:\/\/rntl.ch\/fitness\/produkt\/concept2-skierg-floorstand\/#primaryimage"},"thumbnailUrl":"https:\/\/rntl.ch\/fitness\/wp-content\/uploads\/sites\/3\/2024\/07\/THIS-3.png","datePublished":"2024-07-15T08:28:48+00:00","dateModified":"2024-07-15T08:36:30+00:00","description":"Entdecken Sie den Concept2 SkiErg mit PM5 bei RNTL Fitness. Ideal f\u00fcr Langlauf-Profis und Einsteiger gleichermassen. Hochwertiger PM5 Monitor mit Bluetooth, vielf\u00e4ltige Trainingsm\u00f6glichkeiten und langlebige Konstruktion. Jetzt mieten und effektiv auf die n\u00e4chste Langlauf-Saison vorbereiten!","breadcrumb":{"@id":"https:\/\/rntl.ch\/fitness\/produkt\/concept2-skierg-floorstand\/#breadcrumb"},"inLanguage":"de","potentialAction":[{"@type":"ReadAction","target":["https:\/\/rntl.ch\/fitness\/produkt\/concept2-skierg-floorstand\/"]}]},{"@type":"ImageObject","inLanguage":"de","@id":"https:\/\/rntl.ch\/fitness\/produkt\/concept2-skierg-floorstand\/#primaryimage","url":"https:\/\/rntl.ch\/fitness\/wp-content\/uploads\/sites\/3\/2024\/07\/THIS-3.png","contentUrl":"https:\/\/rntl.ch\/fitness\/wp-content\/uploads\/sites\/3\/2024\/07\/THIS-3.png","width":800,"height":800},{"@type":"BreadcrumbList","@id":"https:\/\/rntl.ch\/fitness\/produkt\/concept2-skierg-floorstand\/#breadcrumb","itemListElement":[{"@type":"ListItem","position":1,"name":"Startseite","item":"https:\/\/rntl.ch\/fitness\/"},{"@type":"ListItem","position":2,"name":"Shop","item":"https:\/\/rntl.ch\/fitness\/shop\/"},{"@type":"ListItem","position":3,"name":"Concept2 SkiErg FloorStand"}]},{"@type":"WebSite","@id":"https:\/\/rntl.ch\/fitness\/#website","url":"https:\/\/rntl.ch\/fitness\/","name":"RNTL Fitness","description":"Mieten Einfach Anders","publisher":{"@id":"https:\/\/rntl.ch\/fitness\/#organization"},"potentialAction":[{"@type":"SearchAction","target":{"@type":"EntryPoint","urlTemplate":"https:\/\/rntl.ch\/fitness\/?s={search_term_string}"},"query-input":{"@type":"PropertyValueSpecification","valueRequired":true,"valueName":"search_term_string"}}],"inLanguage":"de"},{"@type":"Organization","@id":"https:\/\/rntl.ch\/fitness\/#organization","name":"RNTL Fitness","url":"https:\/\/rntl.ch\/fitness\/","logo":{"@type":"ImageObject","inLanguage":"de","@id":"https:\/\/rntl.ch\/fitness\/#\/schema\/logo\/image\/","url":"https:\/\/rntl.ch\/fitness\/wp-content\/uploads\/sites\/3\/2020\/11\/cropped-rntl_logo_white_530x150.png","contentUrl":"https:\/\/rntl.ch\/fitness\/wp-content\/uploads\/sites\/3\/2020\/11\/cropped-rntl_logo_white_530x150.png","width":530,"height":150,"caption":"RNTL Fitness"},"image":{"@id":"https:\/\/rntl.ch\/fitness\/#\/schema\/logo\/image\/"}}]}},"_links":{"self":[{"href":"https:\/\/rntl.ch\/fitness\/wp-json\/wp\/v2\/product\/29293","targetHints":{"allow":["GET"]}}],"collection":[{"href":"https:\/\/rntl.ch\/fitness\/wp-json\/wp\/v2\/product"}],"about":[{"href":"https:\/\/rntl.ch\/fitness\/wp-json\/wp\/v2\/types\/product"}],"version-history":[{"count":1,"href":"https:\/\/rntl.ch\/fitness\/wp-json\/wp\/v2\/product\/29293\/revisions"}],"predecessor-version":[{"id":29299,"href":"https:\/\/rntl.ch\/fitness\/wp-json\/wp\/v2\/product\/29293\/revisions\/29299"}],"wp:featuredmedia":[{"embeddable":true,"href":"https:\/\/rntl.ch\/fitness\/wp-json\/wp\/v2\/media\/29298"}],"wp:attachment":[{"href":"https:\/\/rntl.ch\/fitness\/wp-json\/wp\/v2\/media?parent=29293"}],"wp:term":[{"taxonomy":"product_brand","embeddable":true,"href":"https:\/\/rntl.ch\/fitness\/wp-json\/wp\/v2\/product_brand?post=29293"},{"taxonomy":"product_cat","embeddable":true,"href":"https:\/\/rntl.ch\/fitness\/wp-json\/wp\/v2\/product_cat?post=29293"},{"taxonomy":"product_tag","embeddable":true,"href":"https:\/\/rntl.ch\/fitness\/wp-json\/wp\/v2\/product_tag?post=29293"}],"curies":[{"name":"wp","href":"https:\/\/api.w.org\/{rel}","templated":true}]}}