{"id":29300,"date":"2024-07-15T10:37:49","date_gmt":"2024-07-15T08:37:49","guid":{"rendered":"https:\/\/rntl.ch\/fitness\/?post_type=product&#038;p=29300"},"modified":"2024-07-16T11:29:49","modified_gmt":"2024-07-16T09:29:49","slug":"concept2-bikeerg-das-ultimative-ergometer-bike-fuer-dein-zuhause","status":"publish","type":"product","link":"https:\/\/rntl.ch\/fitness\/produkt\/concept2-bikeerg-das-ultimative-ergometer-bike-fuer-dein-zuhause\/","title":{"rendered":"Concept2 BikeErg \u2013 Das Ultimative Ergometer Bike f\u00fcr Dein Zuhause"},"content":{"rendered":"<p><span style=\"font-weight: 400;\">Warum das Concept2 BikeErg?<\/span><\/p>\n<p><span style=\"font-weight: 400;\">&#8211; Realistisches Fahrgef\u00fchl: Dank Luftwiderstandstechnologie passt sich der Widerstand deinem Krafteinsatz an.<\/span><\/p>\n<p><span style=\"font-weight: 400;\">&#8211; Hochwertiger Performance Monitor (PM5): Steigere deine Trainingsqualit\u00e4t mit pr\u00e4zisen Daten und zahlreichen Funktionen.<\/span><\/p>\n<p><span style=\"font-weight: 400;\">&#8211; Leicht und Stabil: Der Alu-Rahmen macht das BikeErg leicht, stabil und ideal f\u00fcr das Training zu Hause.<\/span><\/p>\n<p><span style=\"font-weight: 400;\">&#8211; Individuell Anpassbar: H\u00f6henverstellbarer Sattel und Lenker sowie anpassbare Sattelneigung f\u00fcr maximalen Komfort.<\/span><\/p>\n<p><span style=\"font-weight: 400;\">&#8211; Freilauf: Das Windrad dreht sich weiter, auch wenn du aufh\u00f6rst zu treten \u2013 f\u00fcr ein realistisches Fahrgef\u00fchl.<\/span><\/p>\n<p><span style=\"font-weight: 400;\">Realistisches und Effizientes Training<\/span><\/p>\n<p><span style=\"font-weight: 400;\">Das Concept2 BikeErg \u00fcberzeugt durch seine Luftwiderstandstechnologie. Je intensiver du in die Pedale trittst, desto h\u00f6her wird der Widerstand \u2013 genau wie bei einem normalen Fahrrad. Der Grundwiderstand l\u00e4sst sich flexibel \u00fcber eine Verschlusskappe am Schwungradgeh\u00e4use in 10 Stufen einstellen.<\/span><\/p>\n<p><span style=\"font-weight: 400;\">Der selbstspannende Riemenantrieb erm\u00f6glicht ein leises und gleichm\u00e4\u00dfiges Fahren und ist dabei \u00e4u\u00dferst wartungsarm.\u00a0<\/span><\/p>\n<p><span style=\"font-weight: 400;\">Ideal f\u00fcr das Training zu Hause<\/span><\/p>\n<p><span style=\"font-weight: 400;\">Mit seinem leichten Alu-Rahmen l\u00e4sst sich das BikeErg platzsparend lagern. Es ist mit handels\u00fcblichen Fahrradteilen kompatibel, und sowohl Lenker als auch Sattel sind individuell h\u00f6henverstellbar. Auch die Sattelneigung kann angepasst werden.<\/span><\/p>\n<p><span style=\"font-weight: 400;\">Leistungsstarker PM5 Monitor<\/span><\/p>\n<p><span style=\"font-weight: 400;\">Der Performance Monitor PM5 bietet dir pr\u00e4zise Leistungsdaten und eine Vielzahl an Trainingsm\u00f6glichkeiten. Du kannst Leistungsmerkmale wie Trittfrequenz, Herzfrequenz und Durchschnittszeiten \u00fcberwachen. Der PM5 zeigt dir deine Leistung in Metern, 500m-Schnitt, Watt oder Kalorien an und unterst\u00fctzt die drahtlose Herzfrequenzmessung via ANT+ und Bluetooth. Speichere deine Daten auf einem USB-Stick und vergleiche deine Fortschritte kontinuierlich.<\/span><\/p>\n<p><span style=\"font-weight: 400;\">Motivationssteigerung und Kompatibilit\u00e4t<\/span><\/p>\n<p><span style=\"font-weight: 400;\">Der PM5 ist mit vielen Apps kompatibel und bietet verschiedene Workouts und Spiele, um dein Tempo und Krafteinsatz zu steuern. Trainiere gegen deine Trainingspartner und steigere deine Motivation durch interaktive Challenges.<\/span><\/p>\n<p><span style=\"font-weight: 400;\">Lieferumfang<\/span><\/p>\n<p><span style=\"font-weight: 400;\">&#8211; BikeErg Benutzerhandbuch und PM5 Kurzanleitung<\/span><\/p>\n<p><span style=\"font-weight: 400;\">&#8211; Werkzeug und Anleitung zur Montage<\/span><\/p>\n<p><span style=\"font-weight: 400;\">Technische Details<\/span><\/p>\n<p><span style=\"font-weight: 400;\">&#8211; Bremssystem: Luftwiderstand<\/span><\/p>\n<p><span style=\"font-weight: 400;\">&#8211; Antriebssystem: Selbstspannende Zahnriemen<\/span><\/p>\n<p><span style=\"font-weight: 400;\">&#8211; Leistungsbandbreite: 1-10<\/span><\/p>\n<p><span style=\"font-weight: 400;\">&#8211; Pedale: Metall, \u00e4hnlich einem Stadtfahrrad<\/span><\/p>\n<p><span style=\"font-weight: 400;\">&#8211; Maximale Belastung: 136 kg<\/span><\/p>\n<p><span style=\"font-weight: 400;\">&#8211; Eigengewich: 26 kg<\/span><\/p>\n<p><span style=\"font-weight: 400;\">&#8211; Konstruktion: Geschwei\u00dfter Alu-Rahmen<\/span><\/p>\n<p><span style=\"font-weight: 400;\">&#8211; Standf\u00fc\u00dfe: Stahl<\/span><\/p>\n<p><span style=\"font-weight: 400;\">&#8211; Ma\u00dfe: L=122 cm, B=61 cm<\/span><\/p>\n<p><span style=\"font-weight: 400;\">&#8211; Sattelh\u00f6he: 79-103 cm<\/span><\/p>\n<p><span style=\"font-weight: 400;\">&#8211; Kurbelarml\u00e4nge: 17 cm<\/span><\/p>\n<p><span style=\"font-weight: 400;\">Hersteller-Garantie<\/span><\/p>\n<p><span style=\"font-weight: 400;\">&#8211; Rahmen: 5 Jahre<\/span><\/p>\n<p><span style=\"font-weight: 400;\">&#8211; Bewegliche Teile: 2 Jahre<\/span><\/p>\n<p><iframe title=\"Introducing the Concept2 BikeErg Exercise Bike\" width=\"980\" height=\"551\" src=\"https:\/\/www.youtube.com\/embed\/LmVrw5JcKoc?feature=oembed&#038;enablejsapi=1&#038;origin=https:\/\/rntl.ch\" frameborder=\"0\" allow=\"accelerometer; autoplay; clipboard-write; encrypted-media; gyroscope; picture-in-picture; web-share\" referrerpolicy=\"strict-origin-when-cross-origin\" allowfullscreen><\/iframe><\/p>\n<p>&nbsp;<\/p>\n","protected":false},"excerpt":{"rendered":"<p><span style=\"font-weight: 400;\">Concept2 BikeErg \u2013 Das Ultimative Ergometer Bike f\u00fcr Dein Zuhause<\/span><\/p>\n<p><strong>Kaufpreis [woo_custom_field id=\"rntl_retail_price_field\"].-<\/strong><\/p>\n[rntl_page_content id=\"14687\"]\n<div class=\"woocommerce-product-details__short-description\">\n<p>&nbsp;<\/p>\n<\/div>\n","protected":false},"featured_media":29307,"template":"","meta":{"content-type":""},"product_brand":[],"product_cat":[25],"product_tag":[112],"class_list":{"0":"post-29300","1":"product","2":"type-product","3":"status-publish","4":"has-post-thumbnail","6":"product_cat-hometrainer","7":"product_tag-mieten","8":"product_shipping_class-leicht","9":"tm-no-options","11":"first","12":"instock","13":"taxable","14":"shipping-taxable","15":"purchasable","16":"product-type-variable-subscription","17":"has-default-attributes"},"yoast_head":"<!-- This site is optimized with the Yoast SEO plugin v26.3 - https:\/\/yoast.com\/wordpress\/plugins\/seo\/ -->\n<title>Concept2 BikeErg \u2013 Das Ultimative Ergometer Bike f\u00fcr Dein Zuhause - RNTL Fitness<\/title>\n<meta name=\"description\" content=\"Geniesse deine happy Watts mit dem Concept2 BikeErg. Die innovative Luftwiderstandstechnologie erm\u00f6glicht dir ein realistisches Fahrgef\u00fchl. Du bestimmst den Widerstand ganz einfach \u00fcber die Luftklappeneinstellung, \u00e4hnlich wie bei der Gangschaltung eines normalen Fahrrads.\" \/>\n<meta name=\"robots\" content=\"index, follow, max-snippet:-1, max-image-preview:large, max-video-preview:-1\" \/>\n<link rel=\"canonical\" href=\"https:\/\/rntl.ch\/fitness\/produkt\/concept2-bikeerg-das-ultimative-ergometer-bike-fuer-dein-zuhause\/\" \/>\n<meta property=\"og:locale\" content=\"de_DE\" \/>\n<meta property=\"og:type\" content=\"article\" \/>\n<meta property=\"og:title\" content=\"Concept2 BikeErg \u2013 Das Ultimative Ergometer Bike f\u00fcr Dein Zuhause - RNTL Fitness\" \/>\n<meta property=\"og:description\" content=\"Geniesse deine happy Watts mit dem Concept2 BikeErg. Die innovative Luftwiderstandstechnologie erm\u00f6glicht dir ein realistisches Fahrgef\u00fchl. Du bestimmst den Widerstand ganz einfach \u00fcber die Luftklappeneinstellung, \u00e4hnlich wie bei der Gangschaltung eines normalen Fahrrads.\" \/>\n<meta property=\"og:url\" content=\"https:\/\/rntl.ch\/fitness\/produkt\/concept2-bikeerg-das-ultimative-ergometer-bike-fuer-dein-zuhause\/\" \/>\n<meta property=\"og:site_name\" content=\"RNTL Fitness\" \/>\n<meta property=\"article:modified_time\" content=\"2024-07-16T09:29:49+00:00\" \/>\n<meta property=\"og:image\" content=\"https:\/\/rntl.ch\/fitness\/wp-content\/uploads\/sites\/3\/2024\/07\/1-14.png\" \/>\n\t<meta property=\"og:image:width\" content=\"800\" \/>\n\t<meta property=\"og:image:height\" content=\"800\" \/>\n\t<meta property=\"og:image:type\" content=\"image\/png\" \/>\n<meta name=\"twitter:card\" content=\"summary_large_image\" \/>\n<meta name=\"twitter:label1\" content=\"Gesch\u00e4tzte Lesezeit\" \/>\n\t<meta name=\"twitter:data1\" content=\"2\u00a0Minuten\" \/>\n<script type=\"application\/ld+json\" class=\"yoast-schema-graph\">{\"@context\":\"https:\/\/schema.org\",\"@graph\":[{\"@type\":\"WebPage\",\"@id\":\"https:\/\/rntl.ch\/fitness\/produkt\/concept2-bikeerg-das-ultimative-ergometer-bike-fuer-dein-zuhause\/\",\"url\":\"https:\/\/rntl.ch\/fitness\/produkt\/concept2-bikeerg-das-ultimative-ergometer-bike-fuer-dein-zuhause\/\",\"name\":\"Concept2 BikeErg \u2013 Das Ultimative Ergometer Bike f\u00fcr Dein Zuhause - RNTL Fitness\",\"isPartOf\":{\"@id\":\"https:\/\/rntl.ch\/fitness\/#website\"},\"primaryImageOfPage\":{\"@id\":\"https:\/\/rntl.ch\/fitness\/produkt\/concept2-bikeerg-das-ultimative-ergometer-bike-fuer-dein-zuhause\/#primaryimage\"},\"image\":{\"@id\":\"https:\/\/rntl.ch\/fitness\/produkt\/concept2-bikeerg-das-ultimative-ergometer-bike-fuer-dein-zuhause\/#primaryimage\"},\"thumbnailUrl\":\"https:\/\/rntl.ch\/fitness\/wp-content\/uploads\/sites\/3\/2024\/07\/1-14.png\",\"datePublished\":\"2024-07-15T08:37:49+00:00\",\"dateModified\":\"2024-07-16T09:29:49+00:00\",\"description\":\"Geniesse deine happy Watts mit dem Concept2 BikeErg. Die innovative Luftwiderstandstechnologie erm\u00f6glicht dir ein realistisches Fahrgef\u00fchl. Du bestimmst den Widerstand ganz einfach \u00fcber die Luftklappeneinstellung, \u00e4hnlich wie bei der Gangschaltung eines normalen Fahrrads.\",\"breadcrumb\":{\"@id\":\"https:\/\/rntl.ch\/fitness\/produkt\/concept2-bikeerg-das-ultimative-ergometer-bike-fuer-dein-zuhause\/#breadcrumb\"},\"inLanguage\":\"de\",\"potentialAction\":[{\"@type\":\"ReadAction\",\"target\":[\"https:\/\/rntl.ch\/fitness\/produkt\/concept2-bikeerg-das-ultimative-ergometer-bike-fuer-dein-zuhause\/\"]}]},{\"@type\":\"ImageObject\",\"inLanguage\":\"de\",\"@id\":\"https:\/\/rntl.ch\/fitness\/produkt\/concept2-bikeerg-das-ultimative-ergometer-bike-fuer-dein-zuhause\/#primaryimage\",\"url\":\"https:\/\/rntl.ch\/fitness\/wp-content\/uploads\/sites\/3\/2024\/07\/1-14.png\",\"contentUrl\":\"https:\/\/rntl.ch\/fitness\/wp-content\/uploads\/sites\/3\/2024\/07\/1-14.png\",\"width\":800,\"height\":800},{\"@type\":\"BreadcrumbList\",\"@id\":\"https:\/\/rntl.ch\/fitness\/produkt\/concept2-bikeerg-das-ultimative-ergometer-bike-fuer-dein-zuhause\/#breadcrumb\",\"itemListElement\":[{\"@type\":\"ListItem\",\"position\":1,\"name\":\"Startseite\",\"item\":\"https:\/\/rntl.ch\/fitness\/\"},{\"@type\":\"ListItem\",\"position\":2,\"name\":\"Shop\",\"item\":\"https:\/\/rntl.ch\/fitness\/shop\/\"},{\"@type\":\"ListItem\",\"position\":3,\"name\":\"Concept2 BikeErg \u2013 Das Ultimative Ergometer Bike f\u00fcr Dein Zuhause\"}]},{\"@type\":\"WebSite\",\"@id\":\"https:\/\/rntl.ch\/fitness\/#website\",\"url\":\"https:\/\/rntl.ch\/fitness\/\",\"name\":\"RNTL Fitness\",\"description\":\"Mieten Einfach Anders\",\"publisher\":{\"@id\":\"https:\/\/rntl.ch\/fitness\/#organization\"},\"potentialAction\":[{\"@type\":\"SearchAction\",\"target\":{\"@type\":\"EntryPoint\",\"urlTemplate\":\"https:\/\/rntl.ch\/fitness\/?s={search_term_string}\"},\"query-input\":{\"@type\":\"PropertyValueSpecification\",\"valueRequired\":true,\"valueName\":\"search_term_string\"}}],\"inLanguage\":\"de\"},{\"@type\":\"Organization\",\"@id\":\"https:\/\/rntl.ch\/fitness\/#organization\",\"name\":\"RNTL Fitness\",\"url\":\"https:\/\/rntl.ch\/fitness\/\",\"logo\":{\"@type\":\"ImageObject\",\"inLanguage\":\"de\",\"@id\":\"https:\/\/rntl.ch\/fitness\/#\/schema\/logo\/image\/\",\"url\":\"https:\/\/rntl.ch\/fitness\/wp-content\/uploads\/sites\/3\/2020\/11\/cropped-rntl_logo_white_530x150.png\",\"contentUrl\":\"https:\/\/rntl.ch\/fitness\/wp-content\/uploads\/sites\/3\/2020\/11\/cropped-rntl_logo_white_530x150.png\",\"width\":530,\"height\":150,\"caption\":\"RNTL Fitness\"},\"image\":{\"@id\":\"https:\/\/rntl.ch\/fitness\/#\/schema\/logo\/image\/\"}}]}<\/script>\n<!-- \/ Yoast SEO plugin. -->","yoast_head_json":{"title":"Concept2 BikeErg \u2013 Das Ultimative Ergometer Bike f\u00fcr Dein Zuhause - RNTL Fitness","description":"Geniesse deine happy Watts mit dem Concept2 BikeErg. Die innovative Luftwiderstandstechnologie erm\u00f6glicht dir ein realistisches Fahrgef\u00fchl. Du bestimmst den Widerstand ganz einfach \u00fcber die Luftklappeneinstellung, \u00e4hnlich wie bei der Gangschaltung eines normalen Fahrrads.","robots":{"index":"index","follow":"follow","max-snippet":"max-snippet:-1","max-image-preview":"max-image-preview:large","max-video-preview":"max-video-preview:-1"},"canonical":"https:\/\/rntl.ch\/fitness\/produkt\/concept2-bikeerg-das-ultimative-ergometer-bike-fuer-dein-zuhause\/","og_locale":"de_DE","og_type":"article","og_title":"Concept2 BikeErg \u2013 Das Ultimative Ergometer Bike f\u00fcr Dein Zuhause - RNTL Fitness","og_description":"Geniesse deine happy Watts mit dem Concept2 BikeErg. Die innovative Luftwiderstandstechnologie erm\u00f6glicht dir ein realistisches Fahrgef\u00fchl. Du bestimmst den Widerstand ganz einfach \u00fcber die Luftklappeneinstellung, \u00e4hnlich wie bei der Gangschaltung eines normalen Fahrrads.","og_url":"https:\/\/rntl.ch\/fitness\/produkt\/concept2-bikeerg-das-ultimative-ergometer-bike-fuer-dein-zuhause\/","og_site_name":"RNTL Fitness","article_modified_time":"2024-07-16T09:29:49+00:00","og_image":[{"width":800,"height":800,"url":"https:\/\/rntl.ch\/fitness\/wp-content\/uploads\/sites\/3\/2024\/07\/1-14.png","type":"image\/png"}],"twitter_card":"summary_large_image","twitter_misc":{"Gesch\u00e4tzte Lesezeit":"2\u00a0Minuten"},"schema":{"@context":"https:\/\/schema.org","@graph":[{"@type":"WebPage","@id":"https:\/\/rntl.ch\/fitness\/produkt\/concept2-bikeerg-das-ultimative-ergometer-bike-fuer-dein-zuhause\/","url":"https:\/\/rntl.ch\/fitness\/produkt\/concept2-bikeerg-das-ultimative-ergometer-bike-fuer-dein-zuhause\/","name":"Concept2 BikeErg \u2013 Das Ultimative Ergometer Bike f\u00fcr Dein Zuhause - RNTL Fitness","isPartOf":{"@id":"https:\/\/rntl.ch\/fitness\/#website"},"primaryImageOfPage":{"@id":"https:\/\/rntl.ch\/fitness\/produkt\/concept2-bikeerg-das-ultimative-ergometer-bike-fuer-dein-zuhause\/#primaryimage"},"image":{"@id":"https:\/\/rntl.ch\/fitness\/produkt\/concept2-bikeerg-das-ultimative-ergometer-bike-fuer-dein-zuhause\/#primaryimage"},"thumbnailUrl":"https:\/\/rntl.ch\/fitness\/wp-content\/uploads\/sites\/3\/2024\/07\/1-14.png","datePublished":"2024-07-15T08:37:49+00:00","dateModified":"2024-07-16T09:29:49+00:00","description":"Geniesse deine happy Watts mit dem Concept2 BikeErg. Die innovative Luftwiderstandstechnologie erm\u00f6glicht dir ein realistisches Fahrgef\u00fchl. Du bestimmst den Widerstand ganz einfach \u00fcber die Luftklappeneinstellung, \u00e4hnlich wie bei der Gangschaltung eines normalen Fahrrads.","breadcrumb":{"@id":"https:\/\/rntl.ch\/fitness\/produkt\/concept2-bikeerg-das-ultimative-ergometer-bike-fuer-dein-zuhause\/#breadcrumb"},"inLanguage":"de","potentialAction":[{"@type":"ReadAction","target":["https:\/\/rntl.ch\/fitness\/produkt\/concept2-bikeerg-das-ultimative-ergometer-bike-fuer-dein-zuhause\/"]}]},{"@type":"ImageObject","inLanguage":"de","@id":"https:\/\/rntl.ch\/fitness\/produkt\/concept2-bikeerg-das-ultimative-ergometer-bike-fuer-dein-zuhause\/#primaryimage","url":"https:\/\/rntl.ch\/fitness\/wp-content\/uploads\/sites\/3\/2024\/07\/1-14.png","contentUrl":"https:\/\/rntl.ch\/fitness\/wp-content\/uploads\/sites\/3\/2024\/07\/1-14.png","width":800,"height":800},{"@type":"BreadcrumbList","@id":"https:\/\/rntl.ch\/fitness\/produkt\/concept2-bikeerg-das-ultimative-ergometer-bike-fuer-dein-zuhause\/#breadcrumb","itemListElement":[{"@type":"ListItem","position":1,"name":"Startseite","item":"https:\/\/rntl.ch\/fitness\/"},{"@type":"ListItem","position":2,"name":"Shop","item":"https:\/\/rntl.ch\/fitness\/shop\/"},{"@type":"ListItem","position":3,"name":"Concept2 BikeErg \u2013 Das Ultimative Ergometer Bike f\u00fcr Dein Zuhause"}]},{"@type":"WebSite","@id":"https:\/\/rntl.ch\/fitness\/#website","url":"https:\/\/rntl.ch\/fitness\/","name":"RNTL Fitness","description":"Mieten Einfach Anders","publisher":{"@id":"https:\/\/rntl.ch\/fitness\/#organization"},"potentialAction":[{"@type":"SearchAction","target":{"@type":"EntryPoint","urlTemplate":"https:\/\/rntl.ch\/fitness\/?s={search_term_string}"},"query-input":{"@type":"PropertyValueSpecification","valueRequired":true,"valueName":"search_term_string"}}],"inLanguage":"de"},{"@type":"Organization","@id":"https:\/\/rntl.ch\/fitness\/#organization","name":"RNTL Fitness","url":"https:\/\/rntl.ch\/fitness\/","logo":{"@type":"ImageObject","inLanguage":"de","@id":"https:\/\/rntl.ch\/fitness\/#\/schema\/logo\/image\/","url":"https:\/\/rntl.ch\/fitness\/wp-content\/uploads\/sites\/3\/2020\/11\/cropped-rntl_logo_white_530x150.png","contentUrl":"https:\/\/rntl.ch\/fitness\/wp-content\/uploads\/sites\/3\/2020\/11\/cropped-rntl_logo_white_530x150.png","width":530,"height":150,"caption":"RNTL Fitness"},"image":{"@id":"https:\/\/rntl.ch\/fitness\/#\/schema\/logo\/image\/"}}]}},"_links":{"self":[{"href":"https:\/\/rntl.ch\/fitness\/wp-json\/wp\/v2\/product\/29300","targetHints":{"allow":["GET"]}}],"collection":[{"href":"https:\/\/rntl.ch\/fitness\/wp-json\/wp\/v2\/product"}],"about":[{"href":"https:\/\/rntl.ch\/fitness\/wp-json\/wp\/v2\/types\/product"}],"version-history":[{"count":2,"href":"https:\/\/rntl.ch\/fitness\/wp-json\/wp\/v2\/product\/29300\/revisions"}],"predecessor-version":[{"id":35321,"href":"https:\/\/rntl.ch\/fitness\/wp-json\/wp\/v2\/product\/29300\/revisions\/35321"}],"wp:featuredmedia":[{"embeddable":true,"href":"https:\/\/rntl.ch\/fitness\/wp-json\/wp\/v2\/media\/29307"}],"wp:attachment":[{"href":"https:\/\/rntl.ch\/fitness\/wp-json\/wp\/v2\/media?parent=29300"}],"wp:term":[{"taxonomy":"product_brand","embeddable":true,"href":"https:\/\/rntl.ch\/fitness\/wp-json\/wp\/v2\/product_brand?post=29300"},{"taxonomy":"product_cat","embeddable":true,"href":"https:\/\/rntl.ch\/fitness\/wp-json\/wp\/v2\/product_cat?post=29300"},{"taxonomy":"product_tag","embeddable":true,"href":"https:\/\/rntl.ch\/fitness\/wp-json\/wp\/v2\/product_tag?post=29300"}],"curies":[{"name":"wp","href":"https:\/\/api.w.org\/{rel}","templated":true}]}}