{"id":29338,"date":"2024-07-16T14:46:24","date_gmt":"2024-07-16T12:46:24","guid":{"rendered":"https:\/\/rntl.ch\/fitness\/?post_type=product&#038;p=29338"},"modified":"2024-08-20T10:57:41","modified_gmt":"2024-08-20T08:57:41","slug":"crossfly-xtr-bt-dein-innovativer-crosstrainer-fuer-gezieltes-po-training","status":"publish","type":"product","link":"https:\/\/rntl.ch\/fitness\/produkt\/crossfly-xtr-bt-dein-innovativer-crosstrainer-fuer-gezieltes-po-training\/","title":{"rendered":"Hammer Crossfly XTR BT \u2013 Dein innovativer Crosstrainer f\u00fcr gezieltes Po-Training"},"content":{"rendered":"<p><b>Verstellbarer Glute Shaper und digitale Leistungsampel<\/b><\/p>\n<p><span style=\"font-weight: 400;\">Egal ob Einsteiger oder ambitionierter Freizeitsportler, der Crossfly XTR BT passt in jedes Zuhause. Der Glute Shaper f\u00fcr optimales Po-Training, sowie eine Leistungsampel f\u00fcr perfekte Trainingskontrolle und einzigartige Griffvarianten machen ihn zu einem Must-Have. Mit 24 Fitnessprogrammen und einfacher Bedienung des Push &amp; Turn Computers \u00fcberzeugt er durch das optimale Fatburn-Workout.<\/span><\/p>\n<p><b>Alles im Blick<\/b><\/p>\n<p><span style=\"font-weight: 400;\">Der Computer mit Push &amp; Turn und kristallklarem LCD-Display erm\u00f6glicht dir eine perfekte Trainingskontrolle. Die Leistungsampel sorgt daf\u00fcr, dass du stets im optimalen Bereich trainierst.<\/span><\/p>\n<p><b>Flexibles Training<\/b><\/p>\n<p><span style=\"font-weight: 400;\">Dank der Transportrollen kannst du den Crosstrainer kinderleicht bewegen. Dein Home Workout wird dadurch noch flexibler, da du deinen Lieblings-Trainingsplatz frei w\u00e4hlen kannst, ganz ohne Kratzer.<\/span><\/p>\n<p><b>Intensives Po-Training<\/b><\/p>\n<p><span style=\"font-weight: 400;\">Mit dem patentierten und innovativen Glute Shaper kannst du dein Training perfekt auf dich abstimmen. Durch die verstellbaren Trittplatten erzielst du einen optimalen Trainingswinkel und trainierst gezielt deinen Po.<\/span><\/p>\n<p><b>Perfekt abgestimmter Widerstand<\/b><\/p>\n<p><span style=\"font-weight: 400;\">Die 18 kg Schwungmasse und hochwertige Qualit\u00e4tskugellager machen den Crossfly XTR BT zu einem kompakten und hochfunktionellen Crosstrainer, der dein Home Gym perfekt erg\u00e4nzt. Genie\u00dfe ein fl\u00fcsterleises Trainingserlebnis!<\/span><\/p>\n<p><b>Gesteigerter Kalorienverbrauch<\/b><\/p>\n<p><span style=\"font-weight: 400;\">Das Training mit dem Crosstrainer ist ideal, um deine Fettverbrennung anzukurbeln, den gesamten K\u00f6rper zu kr\u00e4ftigen und dein Herz-Kreislauf-System zu st\u00e4rken. W\u00e4hle aus verschiedenen vorprogrammierten Programmen deinen Favoriten oder lege ein eigenes Programm fest. Mit der Recovery-Funktion kannst du deine Erholungspulsmessung \u00fcberpr\u00fcfen und sehen, wie schnell sich dein K\u00f6rper von der Belastung erholt. Zus\u00e4tzlich bietet das \u201eBody Fat Program\u201c Informationen zu deinem K\u00f6rperfettanteil, Body Mass Index (BMI) und Grundumsatz (BMR).<\/span><\/p>\n<p><b>Technische Details<\/b><\/p>\n<p><span style=\"font-weight: 400;\">\u00a0\u00a0&#8211; SKU: 4111<\/span><\/p>\n<p><span style=\"font-weight: 400;\">\u00a0\u00a0&#8211; Marke: HAMMER<\/span><\/p>\n<p><span style=\"font-weight: 400;\">\u00a0\u00a0&#8211; Farbe: schwarz\/anthrazit<\/span><\/p>\n<p><span style=\"font-weight: 400;\">\u00a0\u00a0&#8211; Material: Stahl<\/span><\/p>\n<p><span style=\"font-weight: 400;\">\u00a0\u00a0&#8211; Gewicht: 43 kg<\/span><\/p>\n<p><b>Computer<\/b><\/p>\n<p><span style=\"font-weight: 400;\">\u00a0\u00a0&#8211; Wattgesteuert: Ja<\/span><\/p>\n<p><span style=\"font-weight: 400;\">\u00a0\u00a0&#8211; Display: LCD Blue Backlight<\/span><\/p>\n<p><span style=\"font-weight: 400;\">\u00a0\u00a0&#8211; Multimedia: Bluetooth, Tablethalterung<\/span><\/p>\n<p><span style=\"font-weight: 400;\">\u00a0\u00a0&#8211; Pulsart: Handpuls<\/span><\/p>\n<p><span style=\"font-weight: 400;\">\u00a0\u00a0&#8211; Apps: Kinomap, Zwift<\/span><\/p>\n<p><span style=\"font-weight: 400;\">\u00a0\u00a0&#8211; Bedienung: Push &amp; Turn und Tasten<\/span><\/p>\n<p><span style=\"font-weight: 400;\">\u00a0\u00a0&#8211; Brustgurt-Empf\u00e4nger: Ja<\/span><\/p>\n<p><b>Anzeige<\/b><\/p>\n<p><span style=\"font-weight: 400;\">\u00a0\u00a0&#8211; Angezeigte Werte: Distanz, Geschwindigkeit, Herzfrequenz, Kalorienverbrauch, Umdrehungen pro Minute, Watt, Widerstandsstufe, Zeit<\/span><\/p>\n<p><span style=\"font-weight: 400;\">\u00a0\u00a0&#8211; Permanentanzeige: 6<\/span><\/p>\n<p><b>Programme und Profile<\/b><\/p>\n<p><span style=\"font-weight: 400;\">\u00a0\u00a0&#8211; Trainingsprogramme: 12<\/span><\/p>\n<p><span style=\"font-weight: 400;\">\u00a0\u00a0&#8211; Herzfrequenzprogramme: 5<\/span><\/p>\n<p><span style=\"font-weight: 400;\">\u00a0\u00a0&#8211; Einstellbare Pulsgrenze: Pulsobergrenze<\/span><\/p>\n<p><span style=\"font-weight: 400;\">\u00a0\u00a0&#8211; Manuelle Programme: 1<\/span><\/p>\n<p><span style=\"font-weight: 400;\">\u00a0\u00a0&#8211; User: 4<\/span><\/p>\n<p><b>Antriebs-\/Bremssystem<\/b><\/p>\n<p><span style=\"font-weight: 400;\">\u00a0\u00a0&#8211; Antriebssystem: Riemen<\/span><\/p>\n<p><span style=\"font-weight: 400;\">\u00a0\u00a0&#8211; Belastungsbandbreite: 16 Stufen<\/span><\/p>\n<p><span style=\"font-weight: 400;\">\u00a0\u00a0&#8211; Belastungsregelung: Drehzahlabh\u00e4ngig<\/span><\/p>\n<p><span style=\"font-weight: 400;\">\u00a0\u00a0&#8211; Bremssystem: Permanentmagnet<\/span><\/p>\n<p><span style=\"font-weight: 400;\">\u00a0\u00a0&#8211; Widerstandseinstellung: Computergesteuert<\/span><\/p>\n<p><span style=\"font-weight: 400;\">\u00a0\u00a0&#8211; Schwungmasse: 18 kg<\/span><\/p>\n<p><b>Ma\u00dfe und Gewicht<\/b><\/p>\n<p><span style=\"font-weight: 400;\">\u00a0\u00a0&#8211; Aufstellma\u00df (L x B x H): 150 x 56 x 166 cm<\/span><\/p>\n<p><span style=\"font-weight: 400;\">\u00a0\u00a0&#8211; Max. K\u00f6rpergewicht: 130 kg<\/span><\/p>\n<p><b>Sonstige Features<\/b><\/p>\n<p><span style=\"font-weight: 400;\">\u00a0\u00a0&#8211; Transportrollen: Ja<\/span><\/p>\n<p><span style=\"font-weight: 400;\">\u00a0\u00a0&#8211; Schrittl\u00e4nge: 40 cm<\/span><\/p>\n<p><span style=\"font-weight: 400;\">\u00a0\u00a0&#8211; Hubh\u00f6he: 38 cm<\/span><\/p>\n<p><span style=\"font-weight: 400;\">\u00a0\u00a0&#8211; Trittplattenabstand: 17 cm<\/span><\/p>\n<p><span style=\"font-weight: 400;\">\u00a0\u00a0&#8211; Leistung: 25 &#8211; 350 Watt<\/span><\/p>\n<p><span style=\"font-weight: 400;\">\u00a0\u00a0&#8211; Stromversorgung: 230V, 50Hz<\/span><\/p>\n<p><span style=\"font-weight: 400;\">\u00a0\u00a0&#8211; DIN Norm: DIN EN ISO 20957-1\/9<\/span><\/p>\n<p><span style=\"font-weight: 400;\">\u00a0\u00a0&#8211; WEEE-Reg.-Nr.: Hinweise nach dem Elektrogesetz<\/span><\/p>\n<p><span style=\"font-weight: 400;\">Garantie<\/span><\/p>\n<p><span style=\"font-weight: 400;\">\u00a0\u00a0&#8211; Private Nutzung<\/span><\/p>\n<p><span style=\"font-weight: 400;\">\u00a0\u00a0\u00a0\u00a0&#8211; auf das Produkt: 2 Jahre<\/span><\/p>\n<p><span style=\"font-weight: 400;\">\u00a0\u00a0\u00a0\u00a0&#8211; auf den Hauptrahmen: 10 Jahre<\/span><\/p>\n","protected":false},"excerpt":{"rendered":"<p><span style=\"font-weight: 400;\">Das Highlight des Crossfly XTR BT sind die mehrfach verstellbaren Glute Shaper und Trittplatten. Trainiere deine Beinmuskulatur, speziell deinen Po, noch gezielter.\u00a0<\/span><\/p>\n<ul>\n<li style=\"font-weight: 400;\" aria-level=\"1\"><span style=\"font-weight: 400;\">Digitale Ampel f\u00fcr Herzfrequenz &amp; RPM<\/span><\/li>\n<li style=\"font-weight: 400;\" aria-level=\"1\"><span style=\"font-weight: 400;\">Glute Former f\u00fcr gezieltes Po-Training<\/span><\/li>\n<li style=\"font-weight: 400;\" aria-level=\"1\"><span style=\"font-weight: 400;\">Ger\u00e4uschloses Magnetbremssystem<\/span><\/li>\n<\/ul>\n<p><strong>Kaufpreis [woo_custom_field id=\"rntl_retail_price_field\"].-<\/strong><\/p>\n[rntl_page_content id=\"14687\"]\n<div class=\"woocommerce-product-details__short-description\">\n<p>&nbsp;<\/p>\n<\/div>\n","protected":false},"featured_media":29343,"template":"","meta":{"content-type":""},"product_brand":[],"product_cat":[23],"product_tag":[112],"class_list":{"0":"post-29338","1":"product","2":"type-product","3":"status-publish","4":"has-post-thumbnail","6":"product_cat-crosstrainer","7":"product_tag-mieten","8":"product_shipping_class-mittel","9":"tm-no-options","11":"first","12":"instock","13":"taxable","14":"shipping-taxable","15":"purchasable","16":"product-type-variable-subscription","17":"has-default-attributes"},"yoast_head":"<!-- This site is optimized with the Yoast SEO plugin v26.3 - https:\/\/yoast.com\/wordpress\/plugins\/seo\/ -->\n<title>Hammer Crossfly XTR BT \u2013 Dein innovativer Crosstrainer f\u00fcr gezieltes Po-Training - RNTL Fitness<\/title>\n<meta name=\"description\" content=\"Entdecke den Crossfly XTR BT Crosstrainer mit verstellbarem Glute Shaper und digitaler Leistungsampel. Perfekt f\u00fcr dein Home Gym: fl\u00fcsterleises Training, vielf\u00e4ltige Griffvarianten und kompatibel mit Zwift &amp; Kinomap. Jetzt mehr erfahren!\" \/>\n<meta name=\"robots\" content=\"index, follow, max-snippet:-1, max-image-preview:large, max-video-preview:-1\" \/>\n<link rel=\"canonical\" href=\"https:\/\/rntl.ch\/fitness\/produkt\/crossfly-xtr-bt-dein-innovativer-crosstrainer-fuer-gezieltes-po-training\/\" \/>\n<meta property=\"og:locale\" content=\"de_DE\" \/>\n<meta property=\"og:type\" content=\"article\" \/>\n<meta property=\"og:title\" content=\"Hammer Crossfly XTR BT \u2013 Dein innovativer Crosstrainer f\u00fcr gezieltes Po-Training - RNTL Fitness\" \/>\n<meta property=\"og:description\" content=\"Entdecke den Crossfly XTR BT Crosstrainer mit verstellbarem Glute Shaper und digitaler Leistungsampel. Perfekt f\u00fcr dein Home Gym: fl\u00fcsterleises Training, vielf\u00e4ltige Griffvarianten und kompatibel mit Zwift &amp; Kinomap. Jetzt mehr erfahren!\" \/>\n<meta property=\"og:url\" content=\"https:\/\/rntl.ch\/fitness\/produkt\/crossfly-xtr-bt-dein-innovativer-crosstrainer-fuer-gezieltes-po-training\/\" \/>\n<meta property=\"og:site_name\" content=\"RNTL Fitness\" \/>\n<meta property=\"article:modified_time\" content=\"2024-08-20T08:57:41+00:00\" \/>\n<meta property=\"og:image\" content=\"https:\/\/rntl.ch\/fitness\/wp-content\/uploads\/sites\/3\/2024\/07\/1-17.png\" \/>\n\t<meta property=\"og:image:width\" content=\"800\" \/>\n\t<meta property=\"og:image:height\" content=\"800\" \/>\n\t<meta property=\"og:image:type\" content=\"image\/png\" \/>\n<meta name=\"twitter:card\" content=\"summary_large_image\" \/>\n<meta name=\"twitter:label1\" content=\"Gesch\u00e4tzte Lesezeit\" \/>\n\t<meta name=\"twitter:data1\" content=\"3\u00a0Minuten\" \/>\n<script type=\"application\/ld+json\" class=\"yoast-schema-graph\">{\"@context\":\"https:\/\/schema.org\",\"@graph\":[{\"@type\":\"WebPage\",\"@id\":\"https:\/\/rntl.ch\/fitness\/produkt\/crossfly-xtr-bt-dein-innovativer-crosstrainer-fuer-gezieltes-po-training\/\",\"url\":\"https:\/\/rntl.ch\/fitness\/produkt\/crossfly-xtr-bt-dein-innovativer-crosstrainer-fuer-gezieltes-po-training\/\",\"name\":\"Hammer Crossfly XTR BT \u2013 Dein innovativer Crosstrainer f\u00fcr gezieltes Po-Training - RNTL Fitness\",\"isPartOf\":{\"@id\":\"https:\/\/rntl.ch\/fitness\/#website\"},\"primaryImageOfPage\":{\"@id\":\"https:\/\/rntl.ch\/fitness\/produkt\/crossfly-xtr-bt-dein-innovativer-crosstrainer-fuer-gezieltes-po-training\/#primaryimage\"},\"image\":{\"@id\":\"https:\/\/rntl.ch\/fitness\/produkt\/crossfly-xtr-bt-dein-innovativer-crosstrainer-fuer-gezieltes-po-training\/#primaryimage\"},\"thumbnailUrl\":\"https:\/\/rntl.ch\/fitness\/wp-content\/uploads\/sites\/3\/2024\/07\/1-17.png\",\"datePublished\":\"2024-07-16T12:46:24+00:00\",\"dateModified\":\"2024-08-20T08:57:41+00:00\",\"description\":\"Entdecke den Crossfly XTR BT Crosstrainer mit verstellbarem Glute Shaper und digitaler Leistungsampel. Perfekt f\u00fcr dein Home Gym: fl\u00fcsterleises Training, vielf\u00e4ltige Griffvarianten und kompatibel mit Zwift & Kinomap. Jetzt mehr erfahren!\",\"breadcrumb\":{\"@id\":\"https:\/\/rntl.ch\/fitness\/produkt\/crossfly-xtr-bt-dein-innovativer-crosstrainer-fuer-gezieltes-po-training\/#breadcrumb\"},\"inLanguage\":\"de\",\"potentialAction\":[{\"@type\":\"ReadAction\",\"target\":[\"https:\/\/rntl.ch\/fitness\/produkt\/crossfly-xtr-bt-dein-innovativer-crosstrainer-fuer-gezieltes-po-training\/\"]}]},{\"@type\":\"ImageObject\",\"inLanguage\":\"de\",\"@id\":\"https:\/\/rntl.ch\/fitness\/produkt\/crossfly-xtr-bt-dein-innovativer-crosstrainer-fuer-gezieltes-po-training\/#primaryimage\",\"url\":\"https:\/\/rntl.ch\/fitness\/wp-content\/uploads\/sites\/3\/2024\/07\/1-17.png\",\"contentUrl\":\"https:\/\/rntl.ch\/fitness\/wp-content\/uploads\/sites\/3\/2024\/07\/1-17.png\",\"width\":800,\"height\":800},{\"@type\":\"BreadcrumbList\",\"@id\":\"https:\/\/rntl.ch\/fitness\/produkt\/crossfly-xtr-bt-dein-innovativer-crosstrainer-fuer-gezieltes-po-training\/#breadcrumb\",\"itemListElement\":[{\"@type\":\"ListItem\",\"position\":1,\"name\":\"Startseite\",\"item\":\"https:\/\/rntl.ch\/fitness\/\"},{\"@type\":\"ListItem\",\"position\":2,\"name\":\"Shop\",\"item\":\"https:\/\/rntl.ch\/fitness\/shop\/\"},{\"@type\":\"ListItem\",\"position\":3,\"name\":\"Crossfly XTR BT \u2013 Dein innovativer Crosstrainer f\u00fcr gezieltes Po-Training\"}]},{\"@type\":\"WebSite\",\"@id\":\"https:\/\/rntl.ch\/fitness\/#website\",\"url\":\"https:\/\/rntl.ch\/fitness\/\",\"name\":\"RNTL Fitness\",\"description\":\"Mieten Einfach Anders\",\"publisher\":{\"@id\":\"https:\/\/rntl.ch\/fitness\/#organization\"},\"potentialAction\":[{\"@type\":\"SearchAction\",\"target\":{\"@type\":\"EntryPoint\",\"urlTemplate\":\"https:\/\/rntl.ch\/fitness\/?s={search_term_string}\"},\"query-input\":{\"@type\":\"PropertyValueSpecification\",\"valueRequired\":true,\"valueName\":\"search_term_string\"}}],\"inLanguage\":\"de\"},{\"@type\":\"Organization\",\"@id\":\"https:\/\/rntl.ch\/fitness\/#organization\",\"name\":\"RNTL Fitness\",\"url\":\"https:\/\/rntl.ch\/fitness\/\",\"logo\":{\"@type\":\"ImageObject\",\"inLanguage\":\"de\",\"@id\":\"https:\/\/rntl.ch\/fitness\/#\/schema\/logo\/image\/\",\"url\":\"https:\/\/rntl.ch\/fitness\/wp-content\/uploads\/sites\/3\/2020\/11\/cropped-rntl_logo_white_530x150.png\",\"contentUrl\":\"https:\/\/rntl.ch\/fitness\/wp-content\/uploads\/sites\/3\/2020\/11\/cropped-rntl_logo_white_530x150.png\",\"width\":530,\"height\":150,\"caption\":\"RNTL Fitness\"},\"image\":{\"@id\":\"https:\/\/rntl.ch\/fitness\/#\/schema\/logo\/image\/\"}}]}<\/script>\n<!-- \/ Yoast SEO plugin. -->","yoast_head_json":{"title":"Hammer Crossfly XTR BT \u2013 Dein innovativer Crosstrainer f\u00fcr gezieltes Po-Training - RNTL Fitness","description":"Entdecke den Crossfly XTR BT Crosstrainer mit verstellbarem Glute Shaper und digitaler Leistungsampel. Perfekt f\u00fcr dein Home Gym: fl\u00fcsterleises Training, vielf\u00e4ltige Griffvarianten und kompatibel mit Zwift & Kinomap. Jetzt mehr erfahren!","robots":{"index":"index","follow":"follow","max-snippet":"max-snippet:-1","max-image-preview":"max-image-preview:large","max-video-preview":"max-video-preview:-1"},"canonical":"https:\/\/rntl.ch\/fitness\/produkt\/crossfly-xtr-bt-dein-innovativer-crosstrainer-fuer-gezieltes-po-training\/","og_locale":"de_DE","og_type":"article","og_title":"Hammer Crossfly XTR BT \u2013 Dein innovativer Crosstrainer f\u00fcr gezieltes Po-Training - RNTL Fitness","og_description":"Entdecke den Crossfly XTR BT Crosstrainer mit verstellbarem Glute Shaper und digitaler Leistungsampel. Perfekt f\u00fcr dein Home Gym: fl\u00fcsterleises Training, vielf\u00e4ltige Griffvarianten und kompatibel mit Zwift & Kinomap. Jetzt mehr erfahren!","og_url":"https:\/\/rntl.ch\/fitness\/produkt\/crossfly-xtr-bt-dein-innovativer-crosstrainer-fuer-gezieltes-po-training\/","og_site_name":"RNTL Fitness","article_modified_time":"2024-08-20T08:57:41+00:00","og_image":[{"width":800,"height":800,"url":"https:\/\/rntl.ch\/fitness\/wp-content\/uploads\/sites\/3\/2024\/07\/1-17.png","type":"image\/png"}],"twitter_card":"summary_large_image","twitter_misc":{"Gesch\u00e4tzte Lesezeit":"3\u00a0Minuten"},"schema":{"@context":"https:\/\/schema.org","@graph":[{"@type":"WebPage","@id":"https:\/\/rntl.ch\/fitness\/produkt\/crossfly-xtr-bt-dein-innovativer-crosstrainer-fuer-gezieltes-po-training\/","url":"https:\/\/rntl.ch\/fitness\/produkt\/crossfly-xtr-bt-dein-innovativer-crosstrainer-fuer-gezieltes-po-training\/","name":"Hammer Crossfly XTR BT \u2013 Dein innovativer Crosstrainer f\u00fcr gezieltes Po-Training - RNTL Fitness","isPartOf":{"@id":"https:\/\/rntl.ch\/fitness\/#website"},"primaryImageOfPage":{"@id":"https:\/\/rntl.ch\/fitness\/produkt\/crossfly-xtr-bt-dein-innovativer-crosstrainer-fuer-gezieltes-po-training\/#primaryimage"},"image":{"@id":"https:\/\/rntl.ch\/fitness\/produkt\/crossfly-xtr-bt-dein-innovativer-crosstrainer-fuer-gezieltes-po-training\/#primaryimage"},"thumbnailUrl":"https:\/\/rntl.ch\/fitness\/wp-content\/uploads\/sites\/3\/2024\/07\/1-17.png","datePublished":"2024-07-16T12:46:24+00:00","dateModified":"2024-08-20T08:57:41+00:00","description":"Entdecke den Crossfly XTR BT Crosstrainer mit verstellbarem Glute Shaper und digitaler Leistungsampel. Perfekt f\u00fcr dein Home Gym: fl\u00fcsterleises Training, vielf\u00e4ltige Griffvarianten und kompatibel mit Zwift & Kinomap. Jetzt mehr erfahren!","breadcrumb":{"@id":"https:\/\/rntl.ch\/fitness\/produkt\/crossfly-xtr-bt-dein-innovativer-crosstrainer-fuer-gezieltes-po-training\/#breadcrumb"},"inLanguage":"de","potentialAction":[{"@type":"ReadAction","target":["https:\/\/rntl.ch\/fitness\/produkt\/crossfly-xtr-bt-dein-innovativer-crosstrainer-fuer-gezieltes-po-training\/"]}]},{"@type":"ImageObject","inLanguage":"de","@id":"https:\/\/rntl.ch\/fitness\/produkt\/crossfly-xtr-bt-dein-innovativer-crosstrainer-fuer-gezieltes-po-training\/#primaryimage","url":"https:\/\/rntl.ch\/fitness\/wp-content\/uploads\/sites\/3\/2024\/07\/1-17.png","contentUrl":"https:\/\/rntl.ch\/fitness\/wp-content\/uploads\/sites\/3\/2024\/07\/1-17.png","width":800,"height":800},{"@type":"BreadcrumbList","@id":"https:\/\/rntl.ch\/fitness\/produkt\/crossfly-xtr-bt-dein-innovativer-crosstrainer-fuer-gezieltes-po-training\/#breadcrumb","itemListElement":[{"@type":"ListItem","position":1,"name":"Startseite","item":"https:\/\/rntl.ch\/fitness\/"},{"@type":"ListItem","position":2,"name":"Shop","item":"https:\/\/rntl.ch\/fitness\/shop\/"},{"@type":"ListItem","position":3,"name":"Crossfly XTR BT \u2013 Dein innovativer Crosstrainer f\u00fcr gezieltes Po-Training"}]},{"@type":"WebSite","@id":"https:\/\/rntl.ch\/fitness\/#website","url":"https:\/\/rntl.ch\/fitness\/","name":"RNTL Fitness","description":"Mieten Einfach Anders","publisher":{"@id":"https:\/\/rntl.ch\/fitness\/#organization"},"potentialAction":[{"@type":"SearchAction","target":{"@type":"EntryPoint","urlTemplate":"https:\/\/rntl.ch\/fitness\/?s={search_term_string}"},"query-input":{"@type":"PropertyValueSpecification","valueRequired":true,"valueName":"search_term_string"}}],"inLanguage":"de"},{"@type":"Organization","@id":"https:\/\/rntl.ch\/fitness\/#organization","name":"RNTL Fitness","url":"https:\/\/rntl.ch\/fitness\/","logo":{"@type":"ImageObject","inLanguage":"de","@id":"https:\/\/rntl.ch\/fitness\/#\/schema\/logo\/image\/","url":"https:\/\/rntl.ch\/fitness\/wp-content\/uploads\/sites\/3\/2020\/11\/cropped-rntl_logo_white_530x150.png","contentUrl":"https:\/\/rntl.ch\/fitness\/wp-content\/uploads\/sites\/3\/2020\/11\/cropped-rntl_logo_white_530x150.png","width":530,"height":150,"caption":"RNTL Fitness"},"image":{"@id":"https:\/\/rntl.ch\/fitness\/#\/schema\/logo\/image\/"}}]}},"_links":{"self":[{"href":"https:\/\/rntl.ch\/fitness\/wp-json\/wp\/v2\/product\/29338","targetHints":{"allow":["GET"]}}],"collection":[{"href":"https:\/\/rntl.ch\/fitness\/wp-json\/wp\/v2\/product"}],"about":[{"href":"https:\/\/rntl.ch\/fitness\/wp-json\/wp\/v2\/types\/product"}],"version-history":[{"count":1,"href":"https:\/\/rntl.ch\/fitness\/wp-json\/wp\/v2\/product\/29338\/revisions"}],"predecessor-version":[{"id":29349,"href":"https:\/\/rntl.ch\/fitness\/wp-json\/wp\/v2\/product\/29338\/revisions\/29349"}],"wp:featuredmedia":[{"embeddable":true,"href":"https:\/\/rntl.ch\/fitness\/wp-json\/wp\/v2\/media\/29343"}],"wp:attachment":[{"href":"https:\/\/rntl.ch\/fitness\/wp-json\/wp\/v2\/media?parent=29338"}],"wp:term":[{"taxonomy":"product_brand","embeddable":true,"href":"https:\/\/rntl.ch\/fitness\/wp-json\/wp\/v2\/product_brand?post=29338"},{"taxonomy":"product_cat","embeddable":true,"href":"https:\/\/rntl.ch\/fitness\/wp-json\/wp\/v2\/product_cat?post=29338"},{"taxonomy":"product_tag","embeddable":true,"href":"https:\/\/rntl.ch\/fitness\/wp-json\/wp\/v2\/product_tag?post=29338"}],"curies":[{"name":"wp","href":"https:\/\/api.w.org\/{rel}","templated":true}]}}