{"id":29350,"date":"2024-07-16T15:07:52","date_gmt":"2024-07-16T13:07:52","guid":{"rendered":"https:\/\/rntl.ch\/fitness\/?post_type=product&#038;p=29350"},"modified":"2024-07-16T15:40:06","modified_gmt":"2024-07-16T13:40:06","slug":"speedmotion-ii-vielseitiger-ellipsentrainer-fuer-effektives-home-workout","status":"publish","type":"product","link":"https:\/\/rntl.ch\/fitness\/produkt\/speedmotion-ii-vielseitiger-ellipsentrainer-fuer-effektives-home-workout\/","title":{"rendered":"Hammer SpeedMotion II \u2013 Vielseitiger Ellipsentrainer f\u00fcr effektives Home-Workout"},"content":{"rendered":"<p><b>Deine Fitnessreise beginnt hier: Erlebe die Innovation des SpeedMotion II<\/b><\/p>\n<p><span style=\"font-weight: 400;\">Entdecke eine neue Dimension des Trainings mit unserem Ellipsentrainer &#8222;SpeedMotion II&#8220;. Die perfekte Kombination aus Innovation und Bewegungsfreiheit f\u00fcr ein effektives und angenehmes Workout.\u00a0<\/span><\/p>\n<p><b>Steigungsanpassung<\/b><\/p>\n<p><span style=\"font-weight: 400;\">Passe deine Workouts ganz nach deinen W\u00fcnschen an. Lege deinen Fokus gezielt auf Beine und Po.<\/span><\/p>\n<p><b>Black-Backlight LCD<\/b><\/p>\n<p><span style=\"font-weight: 400;\">Das Display des SpeedMotion II ist nicht nur ein Fenster zu deinem Training, sondern auch eine Quelle der Motivation.<\/span><\/p>\n<p><b>Dynamische und runde Laufbewegung<\/b><\/p>\n<p><span style=\"font-weight: 400;\">Mit einer idealen Schwungmasse von 18 kg erlebst du kein Wackeln und keine Unsicherheit, sondern nur absolute Stille und volle Konzentration auf deine Fitnessziele.<\/span><\/p>\n<p><b>Entdecke dein Lieblings-Workout<\/b><\/p>\n<p><span style=\"font-weight: 400;\">Mit HAMMER Workouts bieten wir dir st\u00e4ndig neue und motivierende Kurse mit deinem Ellipsentrainer. Power dich gemeinsam mit unseren kompetenten Trainern aus und erreiche in 10 bis 50-min\u00fctigen Workouts deine individuellen Fitnessziele. Egal ob auf Smartphone, Tablet oder Laptop \u2013 ohne zus\u00e4tzliches Abo.<\/span><\/p>\n<p><b>Noch intensiveres Po-Training<\/b><\/p>\n<p><span style=\"font-weight: 400;\">Durch die Anpassung der Steigung erzeugst du unterschiedliche Bewegungsmuster und beanspruchst verschiedene Muskelgruppen. Bei einer erh\u00f6hten Steigung konzentriert sich das Training auf die Ges\u00e4\u00dfmuskulatur und die hintere Oberschenkelmuskulatur, w\u00e4hrend eine niedrigere Steigung die vordere Oberschenkelmuskulatur st\u00e4rker beansprucht.<\/span><\/p>\n<p><b>Optimale Fettverbrennung<\/b><\/p>\n<p><span style=\"font-weight: 400;\">Bringe deine Fettverbrennung auf Hochtouren mit unserem neuen SpeedMotion II. Die Kombination aus dynamischer Bewegung, individueller Intensit\u00e4tssteuerung und nat\u00fcrlicher Ergonomie macht dein Training zu einem effektiven Weg, \u00fcbersch\u00fcssige Kalorien zu verbrennen. Verabschiede dich von l\u00e4stigen Fettp\u00f6lsterchen und begr\u00fc\u00dfe ein fitteres, ges\u00fcnderes Ich.<\/span><\/p>\n<p><b>Revolutioniere dein Training<\/b><\/p>\n<p><span style=\"font-weight: 400;\">Erlebe ein vielseitiges Trainingserlebnis dank einer breiten Palette an Griffvarianten. Von breiten Griffen bis hin zu schmalen Griffen \u2013 du hast die Freiheit, deine Handpositionen anzupassen und verschiedene Muskelgruppen gezielt anzusprechen. Ob du deine Arme, Schultern oder den Oberk\u00f6rper trainieren m\u00f6chtest, unsere Griffvielfalt erm\u00f6glicht es dir, dein Workout individuell zu gestalten.<\/span><\/p>\n<p><b>Verschlei\u00dffreies und ger\u00e4uschloses Magnetbremssystem<\/b><\/p>\n<p><span style=\"font-weight: 400;\">Unser SpeedMotion II ist mit einem hochmodernen magnetischen Bremssystem ausgestattet, das einen gleichm\u00e4\u00dfigen und effizienten Widerstand gew\u00e4hrleistet. Das verschlei\u00dffreie System bedeutet, dass du dir keine Gedanken mehr \u00fcber den Austausch von Ersatzteilen machen musst. Genie\u00dfe dein Workout in Ruhe, dank ger\u00e4uschlosem Magnetbremssystem.<\/span><\/p>\n<p><b>Technische Details<\/b><\/p>\n<p><span style=\"font-weight: 400;\">\u00a0\u00a0&#8211; SKU: 11000<\/span><\/p>\n<p><span style=\"font-weight: 400;\">\u00a0\u00a0&#8211; Marke: HAMMER<\/span><\/p>\n<p><span style=\"font-weight: 400;\">\u00a0\u00a0&#8211; Farbe: Schwarz<\/span><\/p>\n<p><span style=\"font-weight: 400;\">\u00a0\u00a0&#8211; Material: Stahl\/Kunststoff<\/span><\/p>\n<p><span style=\"font-weight: 400;\">\u00a0\u00a0&#8211; Gewicht: 62 kg<\/span><\/p>\n<p><b>Computer<\/b><\/p>\n<p><span style=\"font-weight: 400;\">\u00a0\u00a0&#8211; Wattgesteuert: Ja<\/span><\/p>\n<p><span style=\"font-weight: 400;\">\u00a0\u00a0&#8211; Display: LCD Push&amp;Turn &#8211; Black Backlight<\/span><\/p>\n<p><span style=\"font-weight: 400;\">\u00a0\u00a0&#8211; Multimedia: App, Bluetooth, Tablethalterung<\/span><\/p>\n<p><span style=\"font-weight: 400;\">\u00a0\u00a0&#8211; WLAN: Nein<\/span><\/p>\n<p><span style=\"font-weight: 400;\">\u00a0\u00a0&#8211; Pulsart: Handpuls<\/span><\/p>\n<p><span style=\"font-weight: 400;\">\u00a0\u00a0&#8211; Apps: Kinomap, Zwift<\/span><\/p>\n<p><span style=\"font-weight: 400;\">\u00a0\u00a0&#8211; Bedienung: Push &amp; Turn und Tasten<\/span><\/p>\n<p><span style=\"font-weight: 400;\">\u00a0\u00a0&#8211; Brustgurt-Empf\u00e4nger: 5 kHz<\/span><\/p>\n<p><b>Anzeige<\/b><\/p>\n<p><b>Umdrehungen pro Minute, Widerstandsstufe, Zeit<\/b><span style=\"font-weight: 400;\">\u00a0\u00a0<\/span><\/p>\n<p><span style=\"font-weight: 400;\">&#8211; Angezeigte Werte: Distanz, Geschwindigkeit, Herzfrequenz, Kalorienverbrauch,<\/span><\/p>\n<p><span style=\"font-weight: 400;\">&#8211; Permanentanzeige: 7<\/span><\/p>\n<p><b>Programme und Profile<\/b><\/p>\n<p><span style=\"font-weight: 400;\">\u00a0\u00a0&#8211; Trainingsprogramme: 24<\/span><\/p>\n<p><span style=\"font-weight: 400;\">\u00a0\u00a0&#8211; Herzfrequenzprogramme: 5<\/span><\/p>\n<p><span style=\"font-weight: 400;\">\u00a0\u00a0&#8211; Einstellbare Pulsgrenze: Pulsobergrenze<\/span><\/p>\n<p><span style=\"font-weight: 400;\">\u00a0\u00a0&#8211; Individual Programme: 1<\/span><\/p>\n<p><span style=\"font-weight: 400;\">\u00a0\u00a0&#8211; Manuelle Programme: 1<\/span><\/p>\n<p><span style=\"font-weight: 400;\">\u00a0\u00a0&#8211; User: 4<\/span><\/p>\n<p><b>Antriebs-\/Bremssystem<\/b><\/p>\n<p><span style=\"font-weight: 400;\">\u00a0\u00a0&#8211; Antriebssystem: Rillenriemen<\/span><\/p>\n<p><span style=\"font-weight: 400;\">\u00a0\u00a0&#8211; Belastungsbandbreite: 16 Stufen<\/span><\/p>\n<p><span style=\"font-weight: 400;\">\u00a0\u00a0&#8211; Belastungsregelung: Drehzahlabh\u00e4ngig<\/span><\/p>\n<p><span style=\"font-weight: 400;\">\u00a0\u00a0&#8211; Bremssystem: Permanentmagnet<\/span><\/p>\n<p><span style=\"font-weight: 400;\">\u00a0\u00a0&#8211; Widerstandseinstellung: Computergesteuert<\/span><\/p>\n<p><span style=\"font-weight: 400;\">\u00a0\u00a0&#8211; Schwungmasse: 18 kg<\/span><\/p>\n<p><span style=\"font-weight: 400;\">\u00a0\u00a0&#8211; Freilauf: Ja<\/span><\/p>\n<p><b>Ma\u00dfe und Gewicht<\/b><\/p>\n<p><span style=\"font-weight: 400;\">\u00a0\u00a0&#8211; Aufstellma\u00df (L x B x H): 160 x 60 x 177 cm<\/span><\/p>\n<p><span style=\"font-weight: 400;\">\u00a0\u00a0&#8211; Max. K\u00f6rpergewicht: 130 kg<\/span><\/p>\n<p><b>Sonstige Features<\/b><\/p>\n<p><span style=\"font-weight: 400;\">\u00a0\u00a0&#8211; Steigung: 3-fach (2\u00b0, 6\u00b0 &amp; 12\u00b0), manuell verstellbar<\/span><\/p>\n<p><span style=\"font-weight: 400;\">\u00a0\u00a0&#8211; Transportrollen: Ja<\/span><\/p>\n<p><span style=\"font-weight: 400;\">\u00a0\u00a0&#8211; Schrittl\u00e4nge: 50 cm<\/span><\/p>\n<p><span style=\"font-weight: 400;\">\u00a0\u00a0&#8211; Trittplattenabstand: 14 cm<\/span><\/p>\n<p><span style=\"font-weight: 400;\">\u00a0\u00a0&#8211; Leistung: 25 &#8211; 350 Watt<\/span><\/p>\n<p><span style=\"font-weight: 400;\">\u00a0\u00a0&#8211; Stromversorgung: 230V, 50Hz<\/span><\/p>\n<p><span style=\"font-weight: 400;\">\u00a0\u00a0&#8211; DIN Norm: DIN EN ISO 20957-1\/9<\/span><\/p>\n<p><span style=\"font-weight: 400;\">\u00a0\u00a0&#8211; WEEE-Reg.-Nr.: Hinweise nach dem Elektrogesetz<\/span><\/p>\n<p><b>Versand<\/b><\/p>\n<p><span style=\"font-weight: 400;\">\u00a0\u00a0&#8211; Lieferzeit: 4-8 Werktage<\/span><\/p>\n<p><span style=\"font-weight: 400;\">\u00a0\u00a0&#8211; Lieferumfang: SpeedMotion II<\/span><\/p>\n<p><span style=\"font-weight: 400;\">\u00a0\u00a0&#8211; Lieferinformationen: Lieferung bis Bordsteinkante (Bitte hinterlasse bei der Bestellung deine Telefonnummer, damit wir einen geeigneten Liefertermin f\u00fcr dich vereinbaren k\u00f6nnen)<\/span><\/p>\n<p><b>Garantie<\/b><span style=\"font-weight: 400;\">\u00a0\u00a0<\/span><\/p>\n<p><span style=\"font-weight: 400;\">Private Nutzung<\/span><\/p>\n<p><span style=\"font-weight: 400;\">\u00a0\u00a0\u00a0\u00a0&#8211; auf das Produkt: 2 Jahre<\/span><\/p>\n<p><span style=\"font-weight: 400;\">\u00a0\u00a0\u00a0\u00a0&#8211; auf den Hauptrahmen: 10 Jahre<\/span><\/p>\n","protected":false},"excerpt":{"rendered":"<p><span style=\"font-weight: 400;\">Die zus\u00e4tzliche Steigungsverstellung in 3 Stufen erlaubt dir ein vielseitiges Training, welches unterschiedliche Muskelgruppen anspricht und so maximale Trainingsvariation erm\u00f6glicht.<\/span><\/p>\n<ul>\n<li style=\"font-weight: 400;\" aria-level=\"1\"><span style=\"font-weight: 400;\">Steigungsverstellung in 3 Stufen<\/span><\/li>\n<li style=\"font-weight: 400;\" aria-level=\"1\"><span style=\"font-weight: 400;\">Kompatibel mit Kinomap &amp; Zwift<\/span><\/li>\n<li style=\"font-weight: 400;\" aria-level=\"1\"><span style=\"font-weight: 400;\">Minimalistisches Design<\/span><\/li>\n<\/ul>\n<p><strong>Kaufpreis [woo_custom_field id=\"rntl_retail_price_field\"].-<\/strong><\/p>\n[rntl_page_content id=\"14687\"]\n<div class=\"woocommerce-product-details__short-description\">\n<p>&nbsp;<\/p>\n<\/div>\n","protected":false},"featured_media":29355,"template":"","meta":{"content-type":""},"product_brand":[],"product_cat":[23],"product_tag":[112],"class_list":{"0":"post-29350","1":"product","2":"type-product","3":"status-publish","4":"has-post-thumbnail","6":"product_cat-crosstrainer","7":"product_tag-mieten","8":"product_shipping_class-mittel","9":"tm-no-options","11":"first","12":"instock","13":"taxable","14":"shipping-taxable","15":"purchasable","16":"product-type-variable-subscription","17":"has-default-attributes"},"yoast_head":"<!-- This site is optimized with the Yoast SEO plugin v26.3 - https:\/\/yoast.com\/wordpress\/plugins\/seo\/ -->\n<title>Hammer SpeedMotion II \u2013 Vielseitiger Ellipsentrainer f\u00fcr effektives Home-Workout - RNTL Fitness<\/title>\n<meta name=\"description\" content=\"Entdecke den SpeedMotion II Ellipsentrainer mit 3-facher Steigungsverstellung und Black-Backlight LCD. Genie\u00dfe gelenkschonendes Training, kompatibel mit Kinomap &amp; Zwift. Perfekt f\u00fcr dein Home Gym. Jetzt mehr erfahren!\" \/>\n<meta name=\"robots\" content=\"index, follow, max-snippet:-1, max-image-preview:large, max-video-preview:-1\" \/>\n<link rel=\"canonical\" href=\"https:\/\/rntl.ch\/fitness\/produkt\/speedmotion-ii-vielseitiger-ellipsentrainer-fuer-effektives-home-workout\/\" \/>\n<meta property=\"og:locale\" content=\"de_DE\" \/>\n<meta property=\"og:type\" content=\"article\" \/>\n<meta property=\"og:title\" content=\"Hammer SpeedMotion II \u2013 Vielseitiger Ellipsentrainer f\u00fcr effektives Home-Workout - RNTL Fitness\" \/>\n<meta property=\"og:description\" content=\"Entdecke den SpeedMotion II Ellipsentrainer mit 3-facher Steigungsverstellung und Black-Backlight LCD. Genie\u00dfe gelenkschonendes Training, kompatibel mit Kinomap &amp; Zwift. Perfekt f\u00fcr dein Home Gym. Jetzt mehr erfahren!\" \/>\n<meta property=\"og:url\" content=\"https:\/\/rntl.ch\/fitness\/produkt\/speedmotion-ii-vielseitiger-ellipsentrainer-fuer-effektives-home-workout\/\" \/>\n<meta property=\"og:site_name\" content=\"RNTL Fitness\" \/>\n<meta property=\"article:modified_time\" content=\"2024-07-16T13:40:06+00:00\" \/>\n<meta property=\"og:image\" content=\"https:\/\/rntl.ch\/fitness\/wp-content\/uploads\/sites\/3\/2024\/07\/1-18.png\" \/>\n\t<meta property=\"og:image:width\" content=\"800\" \/>\n\t<meta property=\"og:image:height\" content=\"800\" \/>\n\t<meta property=\"og:image:type\" content=\"image\/png\" \/>\n<meta name=\"twitter:card\" content=\"summary_large_image\" \/>\n<meta name=\"twitter:label1\" content=\"Gesch\u00e4tzte Lesezeit\" \/>\n\t<meta name=\"twitter:data1\" content=\"4\u00a0Minuten\" \/>\n<script type=\"application\/ld+json\" class=\"yoast-schema-graph\">{\"@context\":\"https:\/\/schema.org\",\"@graph\":[{\"@type\":\"WebPage\",\"@id\":\"https:\/\/rntl.ch\/fitness\/produkt\/speedmotion-ii-vielseitiger-ellipsentrainer-fuer-effektives-home-workout\/\",\"url\":\"https:\/\/rntl.ch\/fitness\/produkt\/speedmotion-ii-vielseitiger-ellipsentrainer-fuer-effektives-home-workout\/\",\"name\":\"Hammer SpeedMotion II \u2013 Vielseitiger Ellipsentrainer f\u00fcr effektives Home-Workout - RNTL Fitness\",\"isPartOf\":{\"@id\":\"https:\/\/rntl.ch\/fitness\/#website\"},\"primaryImageOfPage\":{\"@id\":\"https:\/\/rntl.ch\/fitness\/produkt\/speedmotion-ii-vielseitiger-ellipsentrainer-fuer-effektives-home-workout\/#primaryimage\"},\"image\":{\"@id\":\"https:\/\/rntl.ch\/fitness\/produkt\/speedmotion-ii-vielseitiger-ellipsentrainer-fuer-effektives-home-workout\/#primaryimage\"},\"thumbnailUrl\":\"https:\/\/rntl.ch\/fitness\/wp-content\/uploads\/sites\/3\/2024\/07\/1-18.png\",\"datePublished\":\"2024-07-16T13:07:52+00:00\",\"dateModified\":\"2024-07-16T13:40:06+00:00\",\"description\":\"Entdecke den SpeedMotion II Ellipsentrainer mit 3-facher Steigungsverstellung und Black-Backlight LCD. Genie\u00dfe gelenkschonendes Training, kompatibel mit Kinomap & Zwift. Perfekt f\u00fcr dein Home Gym. Jetzt mehr erfahren!\",\"breadcrumb\":{\"@id\":\"https:\/\/rntl.ch\/fitness\/produkt\/speedmotion-ii-vielseitiger-ellipsentrainer-fuer-effektives-home-workout\/#breadcrumb\"},\"inLanguage\":\"de\",\"potentialAction\":[{\"@type\":\"ReadAction\",\"target\":[\"https:\/\/rntl.ch\/fitness\/produkt\/speedmotion-ii-vielseitiger-ellipsentrainer-fuer-effektives-home-workout\/\"]}]},{\"@type\":\"ImageObject\",\"inLanguage\":\"de\",\"@id\":\"https:\/\/rntl.ch\/fitness\/produkt\/speedmotion-ii-vielseitiger-ellipsentrainer-fuer-effektives-home-workout\/#primaryimage\",\"url\":\"https:\/\/rntl.ch\/fitness\/wp-content\/uploads\/sites\/3\/2024\/07\/1-18.png\",\"contentUrl\":\"https:\/\/rntl.ch\/fitness\/wp-content\/uploads\/sites\/3\/2024\/07\/1-18.png\",\"width\":800,\"height\":800},{\"@type\":\"BreadcrumbList\",\"@id\":\"https:\/\/rntl.ch\/fitness\/produkt\/speedmotion-ii-vielseitiger-ellipsentrainer-fuer-effektives-home-workout\/#breadcrumb\",\"itemListElement\":[{\"@type\":\"ListItem\",\"position\":1,\"name\":\"Startseite\",\"item\":\"https:\/\/rntl.ch\/fitness\/\"},{\"@type\":\"ListItem\",\"position\":2,\"name\":\"Shop\",\"item\":\"https:\/\/rntl.ch\/fitness\/shop\/\"},{\"@type\":\"ListItem\",\"position\":3,\"name\":\"SpeedMotion II \u2013 Vielseitiger Ellipsentrainer f\u00fcr effektives Home-Workout\"}]},{\"@type\":\"WebSite\",\"@id\":\"https:\/\/rntl.ch\/fitness\/#website\",\"url\":\"https:\/\/rntl.ch\/fitness\/\",\"name\":\"RNTL Fitness\",\"description\":\"Mieten Einfach Anders\",\"publisher\":{\"@id\":\"https:\/\/rntl.ch\/fitness\/#organization\"},\"potentialAction\":[{\"@type\":\"SearchAction\",\"target\":{\"@type\":\"EntryPoint\",\"urlTemplate\":\"https:\/\/rntl.ch\/fitness\/?s={search_term_string}\"},\"query-input\":{\"@type\":\"PropertyValueSpecification\",\"valueRequired\":true,\"valueName\":\"search_term_string\"}}],\"inLanguage\":\"de\"},{\"@type\":\"Organization\",\"@id\":\"https:\/\/rntl.ch\/fitness\/#organization\",\"name\":\"RNTL Fitness\",\"url\":\"https:\/\/rntl.ch\/fitness\/\",\"logo\":{\"@type\":\"ImageObject\",\"inLanguage\":\"de\",\"@id\":\"https:\/\/rntl.ch\/fitness\/#\/schema\/logo\/image\/\",\"url\":\"https:\/\/rntl.ch\/fitness\/wp-content\/uploads\/sites\/3\/2020\/11\/cropped-rntl_logo_white_530x150.png\",\"contentUrl\":\"https:\/\/rntl.ch\/fitness\/wp-content\/uploads\/sites\/3\/2020\/11\/cropped-rntl_logo_white_530x150.png\",\"width\":530,\"height\":150,\"caption\":\"RNTL Fitness\"},\"image\":{\"@id\":\"https:\/\/rntl.ch\/fitness\/#\/schema\/logo\/image\/\"}}]}<\/script>\n<!-- \/ Yoast SEO plugin. -->","yoast_head_json":{"title":"Hammer SpeedMotion II \u2013 Vielseitiger Ellipsentrainer f\u00fcr effektives Home-Workout - RNTL Fitness","description":"Entdecke den SpeedMotion II Ellipsentrainer mit 3-facher Steigungsverstellung und Black-Backlight LCD. Genie\u00dfe gelenkschonendes Training, kompatibel mit Kinomap & Zwift. Perfekt f\u00fcr dein Home Gym. Jetzt mehr erfahren!","robots":{"index":"index","follow":"follow","max-snippet":"max-snippet:-1","max-image-preview":"max-image-preview:large","max-video-preview":"max-video-preview:-1"},"canonical":"https:\/\/rntl.ch\/fitness\/produkt\/speedmotion-ii-vielseitiger-ellipsentrainer-fuer-effektives-home-workout\/","og_locale":"de_DE","og_type":"article","og_title":"Hammer SpeedMotion II \u2013 Vielseitiger Ellipsentrainer f\u00fcr effektives Home-Workout - RNTL Fitness","og_description":"Entdecke den SpeedMotion II Ellipsentrainer mit 3-facher Steigungsverstellung und Black-Backlight LCD. Genie\u00dfe gelenkschonendes Training, kompatibel mit Kinomap & Zwift. Perfekt f\u00fcr dein Home Gym. Jetzt mehr erfahren!","og_url":"https:\/\/rntl.ch\/fitness\/produkt\/speedmotion-ii-vielseitiger-ellipsentrainer-fuer-effektives-home-workout\/","og_site_name":"RNTL Fitness","article_modified_time":"2024-07-16T13:40:06+00:00","og_image":[{"width":800,"height":800,"url":"https:\/\/rntl.ch\/fitness\/wp-content\/uploads\/sites\/3\/2024\/07\/1-18.png","type":"image\/png"}],"twitter_card":"summary_large_image","twitter_misc":{"Gesch\u00e4tzte Lesezeit":"4\u00a0Minuten"},"schema":{"@context":"https:\/\/schema.org","@graph":[{"@type":"WebPage","@id":"https:\/\/rntl.ch\/fitness\/produkt\/speedmotion-ii-vielseitiger-ellipsentrainer-fuer-effektives-home-workout\/","url":"https:\/\/rntl.ch\/fitness\/produkt\/speedmotion-ii-vielseitiger-ellipsentrainer-fuer-effektives-home-workout\/","name":"Hammer SpeedMotion II \u2013 Vielseitiger Ellipsentrainer f\u00fcr effektives Home-Workout - RNTL Fitness","isPartOf":{"@id":"https:\/\/rntl.ch\/fitness\/#website"},"primaryImageOfPage":{"@id":"https:\/\/rntl.ch\/fitness\/produkt\/speedmotion-ii-vielseitiger-ellipsentrainer-fuer-effektives-home-workout\/#primaryimage"},"image":{"@id":"https:\/\/rntl.ch\/fitness\/produkt\/speedmotion-ii-vielseitiger-ellipsentrainer-fuer-effektives-home-workout\/#primaryimage"},"thumbnailUrl":"https:\/\/rntl.ch\/fitness\/wp-content\/uploads\/sites\/3\/2024\/07\/1-18.png","datePublished":"2024-07-16T13:07:52+00:00","dateModified":"2024-07-16T13:40:06+00:00","description":"Entdecke den SpeedMotion II Ellipsentrainer mit 3-facher Steigungsverstellung und Black-Backlight LCD. Genie\u00dfe gelenkschonendes Training, kompatibel mit Kinomap & Zwift. Perfekt f\u00fcr dein Home Gym. Jetzt mehr erfahren!","breadcrumb":{"@id":"https:\/\/rntl.ch\/fitness\/produkt\/speedmotion-ii-vielseitiger-ellipsentrainer-fuer-effektives-home-workout\/#breadcrumb"},"inLanguage":"de","potentialAction":[{"@type":"ReadAction","target":["https:\/\/rntl.ch\/fitness\/produkt\/speedmotion-ii-vielseitiger-ellipsentrainer-fuer-effektives-home-workout\/"]}]},{"@type":"ImageObject","inLanguage":"de","@id":"https:\/\/rntl.ch\/fitness\/produkt\/speedmotion-ii-vielseitiger-ellipsentrainer-fuer-effektives-home-workout\/#primaryimage","url":"https:\/\/rntl.ch\/fitness\/wp-content\/uploads\/sites\/3\/2024\/07\/1-18.png","contentUrl":"https:\/\/rntl.ch\/fitness\/wp-content\/uploads\/sites\/3\/2024\/07\/1-18.png","width":800,"height":800},{"@type":"BreadcrumbList","@id":"https:\/\/rntl.ch\/fitness\/produkt\/speedmotion-ii-vielseitiger-ellipsentrainer-fuer-effektives-home-workout\/#breadcrumb","itemListElement":[{"@type":"ListItem","position":1,"name":"Startseite","item":"https:\/\/rntl.ch\/fitness\/"},{"@type":"ListItem","position":2,"name":"Shop","item":"https:\/\/rntl.ch\/fitness\/shop\/"},{"@type":"ListItem","position":3,"name":"SpeedMotion II \u2013 Vielseitiger Ellipsentrainer f\u00fcr effektives Home-Workout"}]},{"@type":"WebSite","@id":"https:\/\/rntl.ch\/fitness\/#website","url":"https:\/\/rntl.ch\/fitness\/","name":"RNTL Fitness","description":"Mieten Einfach Anders","publisher":{"@id":"https:\/\/rntl.ch\/fitness\/#organization"},"potentialAction":[{"@type":"SearchAction","target":{"@type":"EntryPoint","urlTemplate":"https:\/\/rntl.ch\/fitness\/?s={search_term_string}"},"query-input":{"@type":"PropertyValueSpecification","valueRequired":true,"valueName":"search_term_string"}}],"inLanguage":"de"},{"@type":"Organization","@id":"https:\/\/rntl.ch\/fitness\/#organization","name":"RNTL Fitness","url":"https:\/\/rntl.ch\/fitness\/","logo":{"@type":"ImageObject","inLanguage":"de","@id":"https:\/\/rntl.ch\/fitness\/#\/schema\/logo\/image\/","url":"https:\/\/rntl.ch\/fitness\/wp-content\/uploads\/sites\/3\/2020\/11\/cropped-rntl_logo_white_530x150.png","contentUrl":"https:\/\/rntl.ch\/fitness\/wp-content\/uploads\/sites\/3\/2020\/11\/cropped-rntl_logo_white_530x150.png","width":530,"height":150,"caption":"RNTL Fitness"},"image":{"@id":"https:\/\/rntl.ch\/fitness\/#\/schema\/logo\/image\/"}}]}},"_links":{"self":[{"href":"https:\/\/rntl.ch\/fitness\/wp-json\/wp\/v2\/product\/29350","targetHints":{"allow":["GET"]}}],"collection":[{"href":"https:\/\/rntl.ch\/fitness\/wp-json\/wp\/v2\/product"}],"about":[{"href":"https:\/\/rntl.ch\/fitness\/wp-json\/wp\/v2\/types\/product"}],"version-history":[{"count":1,"href":"https:\/\/rntl.ch\/fitness\/wp-json\/wp\/v2\/product\/29350\/revisions"}],"predecessor-version":[{"id":29367,"href":"https:\/\/rntl.ch\/fitness\/wp-json\/wp\/v2\/product\/29350\/revisions\/29367"}],"wp:featuredmedia":[{"embeddable":true,"href":"https:\/\/rntl.ch\/fitness\/wp-json\/wp\/v2\/media\/29355"}],"wp:attachment":[{"href":"https:\/\/rntl.ch\/fitness\/wp-json\/wp\/v2\/media?parent=29350"}],"wp:term":[{"taxonomy":"product_brand","embeddable":true,"href":"https:\/\/rntl.ch\/fitness\/wp-json\/wp\/v2\/product_brand?post=29350"},{"taxonomy":"product_cat","embeddable":true,"href":"https:\/\/rntl.ch\/fitness\/wp-json\/wp\/v2\/product_cat?post=29350"},{"taxonomy":"product_tag","embeddable":true,"href":"https:\/\/rntl.ch\/fitness\/wp-json\/wp\/v2\/product_tag?post=29350"}],"curies":[{"name":"wp","href":"https:\/\/api.w.org\/{rel}","templated":true}]}}