{"id":29368,"date":"2024-07-16T15:42:00","date_gmt":"2024-07-16T13:42:00","guid":{"rendered":"https:\/\/rntl.ch\/fitness\/?post_type=product&#038;p=29368"},"modified":"2024-08-20T10:52:24","modified_gmt":"2024-08-20T08:52:24","slug":"crosspace-5-0-norsk-stilvoller-ellipsentrainer-mit-edlem-holz-design","status":"publish","type":"product","link":"https:\/\/rntl.ch\/fitness\/produkt\/crosspace-5-0-norsk-stilvoller-ellipsentrainer-mit-edlem-holz-design\/","title":{"rendered":"Hammer CrossPace 5.0 NorsK \u2013 Stilvoller Ellipsentrainer mit edlem Holz-Design"},"content":{"rendered":"<p>Verwandle dein Zuhause in einen Ort, wo Fitness und Stil Hand in Hand gehen. Der CrossPace 5.0 NorsK \u00fcberzeugt durch Stabilit\u00e4t und sein atemberaubendes, nat\u00fcrliches Holz-Design. Der Ellipsentrainer ist nicht nur ein hochfunktionales Trainingsger\u00e4t, sondern auch ein echter Blickfang, der deine R\u00e4ume mit einer W\u00e4rme und Eleganz bereichert, die nur nat\u00fcrliche Materialien bieten k\u00f6nnen. Mit seiner Steigungsverstellung in 3 Stufen kannst du das Training individuell anpassen und intensivieren.<\/p>\n<p>W\u00e4hle deine Steigung<br \/>\nPasse deine Workouts nach deinen W\u00fcnschen an. Lege deinen Fokus gezielt auf Beine und Po.<\/p>\n<p>Nat\u00fcrliche Harmoni<br \/>\nUnser NorsK-Ellipsentrainer beeindruckt nicht nur durch seine Funktionalit\u00e4t, sondern auch durch seine edle Holz\u00e4sthetik!<\/p>\n<p>Entdecke dein Lieblings-Workout<br \/>\nMit HAMMER Workouts bieten wir dir st\u00e4ndig neue und motivierende Kurse mit deinem Ellipsentrainer. Power dich gemeinsam mit unseren kompetenten Trainern aus und erreiche in 10 bis 50-min\u00fctigen Workouts deine individuellen Fitnessziele. Egal ob auf Smartphone, Tablet oder Laptop \u2013 ohne zus\u00e4tzliches Abo.<\/p>\n<p>NorsK &#8211; Fitness Nature Made<br \/>\nDas nat\u00fcrliche Holz-Design f\u00fcgt sich harmonisch in jeden Raum ein und verleiht ihm eine warme und einladende Atmosph\u00e4re. Der CrossPace 5.0 NorsK ist nicht nur ein Trainingsger\u00e4t, sondern auch ein Design-Element. Durch unser nat\u00fcrliches Holz-Design reduzieren wir den Kunststoffanteil um 68 % im Vergleich zu einem konventionellen Ellipsentrainer.<\/p>\n<p>Booty-Shaping inklusive<br \/>\nDurch die Anpassung der Steigung erzeugst du unterschiedliche Bewegungsmuster und beanspruchst verschiedene Muskelgruppen. Bei einer erh\u00f6hten Steigung konzentriert sich das Training auf die Ges\u00e4\u00dfmuskulatur und die hintere Oberschenkelmuskulatur, w\u00e4hrend eine niedrigere Steigung die vordere Oberschenkelmuskulatur st\u00e4rker beansprucht.<\/p>\n<p>Dein pers\u00f6nlicher Trainer<br \/>\nDer multifunktionale Push &amp; Turn Computer mit farbigem LCD-Display bietet eine klare \u00dcbersicht deiner Trainingsdaten. Integrierte Anzeigen f\u00fcr Puls und RPM erm\u00f6glichen es dir, deine Intensit\u00e4t auf einen Blick zu \u00fcberpr\u00fcfen. Genie\u00dfe insgesamt 36 Trainings- und 5 Herzfrequenzprogramme.<\/p>\n<p>Gelenkschonende Workouts<br \/>\nDie gro\u00dfz\u00fcgige Schrittl\u00e4nge von 50 cm und der ergonomische Pedalabstand von 13 cm schaffen eine sanfte, runde und gelenkschonende Laufbewegung. Dein Komfort, unsere Priorit\u00e4t. Investiere in deine Gesundheit und dein Wohlbefinden.<\/p>\n<p>Dynamisch und leise<br \/>\nMit der 20 kg schweren Schwungmasse und dem fl\u00fcsterleisen, verschlei\u00dffreien Magnetbremssystem bieten wir dir die Grundlage f\u00fcr ein erstklassiges Trainingserlebnis. Erlebe jetzt das reale und intensive Trainingsgef\u00fchl mit optimalem Widerstand von 25 &#8211; 350 Watt und absoluter Ruhe.<\/p>\n<p>Hochwertige Laufrollen auf Aluschienen<br \/>\nDie pr\u00e4zisionsgefertigten Laufrollen sorgen f\u00fcr eine gleichm\u00e4\u00dfige und ger\u00e4uscharme Bewegung, w\u00e4hrend die robusten Schienen eine stabile und langlebige Trainingsplattform bieten. Die Kombination aus hochwertigen Laufrollen und Schienen gew\u00e4hrleistet eine herausragende Leistung und Langlebigkeit unseres Ellipsentrainers.<\/p>\n<p>Effizienter Fatburn<br \/>\nDer CrossPace 5.0 NorsK bietet dir ein intensives Training, das gezielt deine Fettreserven angreift. Die flie\u00dfenden Bewegungen fordern deine Muskulatur heraus und bringen dein Herz-Kreislauf-System auf Hochtouren. Erlebe eine optimale Fettverbrennung und arbeite an deinem Traumk\u00f6rper \u2013 ganz bequem von zu Hause aus.<\/p>\n<p>Technische Details<\/p>\n<p>&#8211; SKU: 11002<br \/>\n&#8211; Marke: HAMMER<br \/>\n&#8211; Farbe: Braun<br \/>\n&#8211; Material: Holzfaserplatte<br \/>\n&#8211; Gewicht: 71 kg<\/p>\n<p>Computer<br \/>\n&#8211; Wattgesteuert: Ja<br \/>\n&#8211; Display: LCD Blue Backlight<br \/>\n&#8211; Multimedia: App, Aux, Bluetooth, Tablethalterung, USB<br \/>\n&#8211; WLAN: Nein<br \/>\n&#8211; Pulsart: Handpuls<br \/>\n&#8211; Apps: Kinomap, Zwift<br \/>\n&#8211; Bedienung: Push &amp; Turn und Tasten<br \/>\n&#8211; Brustgurt-Empf\u00e4nger: 5 kHz<br \/>\nAnzeige<br \/>\n&#8211; Angezeigte Werte: Belastungsprofile, Distanz, Geschwindigkeit, Herzfrequenz, Kalorienverbrauch, Umdrehungen pro Minute, Watt, Zeit<br \/>\n&#8211; Permanentanzeige: 7<\/p>\n<p>Programme und Profile<br \/>\n&#8211; Trainingsprogramme: 24<br \/>\n&#8211; Herzfrequenzprogramme: 5<br \/>\n&#8211; Einstellbare Pulsgrenze: Pulsobergrenze<br \/>\n&#8211; Manuelle Programme: 1<br \/>\n&#8211; User: 4<\/p>\n<p>Antriebs-\/Bremssystem<br \/>\n&#8211; Antriebssystem: Rillenriemen<br \/>\n&#8211; Belastungsbandbreite: 16 Stufen<br \/>\n&#8211; Belastungsregelung: Drehzahlabh\u00e4ngig<br \/>\n&#8211; Bremssystem: Permanentmagnet<br \/>\n&#8211; Widerstandseinstellung: Computergesteuert<br \/>\n&#8211; Schwungmasse: 20 kg<br \/>\n&#8211; Freilauf: Ja<\/p>\n<p>Ma\u00dfe und Gewicht<br \/>\n&#8211; Aufstellma\u00df (L x B x H): 162 x 64 x 180 cm<br \/>\n&#8211; Max. K\u00f6rpergewicht: 130 kg<\/p>\n<p>Sonstige Features<br \/>\n&#8211; Steigung: 3-fach (2\u00b0, 6\u00b0 &amp; 12\u00b0), manuell verstellbar<br \/>\n&#8211; Transportrollen: Ja<br \/>\n&#8211; Schrittl\u00e4nge: 50 cm<br \/>\n&#8211; Hubh\u00f6he: 42 cm<br \/>\n&#8211; Trittplattenabstand: 13 cm<br \/>\n&#8211; Leistung: 25 &#8211; 350 Watt<br \/>\n&#8211; Stromversorgung: 230V, 50Hz<br \/>\n&#8211; DIN Norm: DIN EN ISO 20957-1\/9<br \/>\n&#8211; WEEE-Reg.-Nr.: Hinweise nach dem Elektrogesetz<\/p>\n<p>Garantie<br \/>\n&#8211; Private Nutzung<br \/>\n&#8211; auf das Produkt: 2 Jahre<br \/>\n&#8211; auf den Hauptrahmen: 10 Jahre<\/p>\n<p>&nbsp;<\/p>\n","protected":false},"excerpt":{"rendered":"<p><span style=\"font-weight: 400;\">Edles Holz-Design, Connectivity &amp; Booty-Shaping in Einem!\u00a0<\/span><\/p>\n<ul>\n<li style=\"font-weight: 400;\" aria-level=\"1\"><span style=\"font-weight: 400;\">Edles Holz-Design<\/span><\/li>\n<li style=\"font-weight: 400;\" aria-level=\"1\"><span style=\"font-weight: 400;\">Kunststoffreduktion um 68 %<\/span><\/li>\n<li style=\"font-weight: 400;\" aria-level=\"1\"><span style=\"font-weight: 400;\">Ger\u00e4uschloses Magnetbremssystem<\/span><\/li>\n<\/ul>\n<p><strong>Kaufpreis [woo_custom_field id=\"rntl_retail_price_field\"].-<\/strong><\/p>\n[rntl_page_content id=\"14687\"]\n<div class=\"woocommerce-product-details__short-description\">\n<p>&nbsp;<\/p>\n<\/div>\n","protected":false},"featured_media":29380,"template":"","meta":{"content-type":""},"product_brand":[],"product_cat":[23],"product_tag":[112],"class_list":{"0":"post-29368","1":"product","2":"type-product","3":"status-publish","4":"has-post-thumbnail","6":"product_cat-crosstrainer","7":"product_tag-mieten","8":"product_shipping_class-mittel","9":"tm-no-options","11":"first","12":"instock","13":"taxable","14":"shipping-taxable","15":"purchasable","16":"product-type-variable-subscription","17":"has-default-attributes"},"yoast_head":"<!-- This site is optimized with the Yoast SEO plugin v26.3 - https:\/\/yoast.com\/wordpress\/plugins\/seo\/ -->\n<title>Hammer CrossPace 5.0 NorsK \u2013 Stilvoller Ellipsentrainer mit edlem Holz-Design - RNTL Fitness<\/title>\n<meta name=\"robots\" content=\"index, follow, max-snippet:-1, max-image-preview:large, max-video-preview:-1\" \/>\n<link rel=\"canonical\" href=\"https:\/\/rntl.ch\/fitness\/produkt\/crosspace-5-0-norsk-stilvoller-ellipsentrainer-mit-edlem-holz-design\/\" \/>\n<meta property=\"og:locale\" content=\"de_DE\" \/>\n<meta property=\"og:type\" content=\"article\" \/>\n<meta property=\"og:title\" content=\"Hammer CrossPace 5.0 NorsK \u2013 Stilvoller Ellipsentrainer mit edlem Holz-Design - RNTL Fitness\" \/>\n<meta property=\"og:description\" content=\"Edles Holz-Design, Connectivity &amp; Booty-Shaping in Einem!\u00a0   Edles Holz-Design  Kunststoffreduktion um 68 %  Ger\u00e4uschloses Magnetbremssystem  Kaufpreis .-     &nbsp;\" \/>\n<meta property=\"og:url\" content=\"https:\/\/rntl.ch\/fitness\/produkt\/crosspace-5-0-norsk-stilvoller-ellipsentrainer-mit-edlem-holz-design\/\" \/>\n<meta property=\"og:site_name\" content=\"RNTL Fitness\" \/>\n<meta property=\"article:modified_time\" content=\"2024-08-20T08:52:24+00:00\" \/>\n<meta property=\"og:image\" content=\"https:\/\/rntl.ch\/fitness\/wp-content\/uploads\/sites\/3\/2024\/07\/1-16.png\" \/>\n\t<meta property=\"og:image:width\" content=\"800\" \/>\n\t<meta property=\"og:image:height\" content=\"800\" \/>\n\t<meta property=\"og:image:type\" content=\"image\/png\" \/>\n<meta name=\"twitter:card\" content=\"summary_large_image\" \/>\n<meta name=\"twitter:label1\" content=\"Gesch\u00e4tzte Lesezeit\" \/>\n\t<meta name=\"twitter:data1\" content=\"4\u00a0Minuten\" \/>\n<script type=\"application\/ld+json\" class=\"yoast-schema-graph\">{\"@context\":\"https:\/\/schema.org\",\"@graph\":[{\"@type\":\"WebPage\",\"@id\":\"https:\/\/rntl.ch\/fitness\/produkt\/crosspace-5-0-norsk-stilvoller-ellipsentrainer-mit-edlem-holz-design\/\",\"url\":\"https:\/\/rntl.ch\/fitness\/produkt\/crosspace-5-0-norsk-stilvoller-ellipsentrainer-mit-edlem-holz-design\/\",\"name\":\"Hammer CrossPace 5.0 NorsK \u2013 Stilvoller Ellipsentrainer mit edlem Holz-Design - RNTL Fitness\",\"isPartOf\":{\"@id\":\"https:\/\/rntl.ch\/fitness\/#website\"},\"primaryImageOfPage\":{\"@id\":\"https:\/\/rntl.ch\/fitness\/produkt\/crosspace-5-0-norsk-stilvoller-ellipsentrainer-mit-edlem-holz-design\/#primaryimage\"},\"image\":{\"@id\":\"https:\/\/rntl.ch\/fitness\/produkt\/crosspace-5-0-norsk-stilvoller-ellipsentrainer-mit-edlem-holz-design\/#primaryimage\"},\"thumbnailUrl\":\"https:\/\/rntl.ch\/fitness\/wp-content\/uploads\/sites\/3\/2024\/07\/1-19.png\",\"datePublished\":\"2024-07-16T13:42:00+00:00\",\"dateModified\":\"2024-08-20T08:52:24+00:00\",\"breadcrumb\":{\"@id\":\"https:\/\/rntl.ch\/fitness\/produkt\/crosspace-5-0-norsk-stilvoller-ellipsentrainer-mit-edlem-holz-design\/#breadcrumb\"},\"inLanguage\":\"de\",\"potentialAction\":[{\"@type\":\"ReadAction\",\"target\":[\"https:\/\/rntl.ch\/fitness\/produkt\/crosspace-5-0-norsk-stilvoller-ellipsentrainer-mit-edlem-holz-design\/\"]}]},{\"@type\":\"ImageObject\",\"inLanguage\":\"de\",\"@id\":\"https:\/\/rntl.ch\/fitness\/produkt\/crosspace-5-0-norsk-stilvoller-ellipsentrainer-mit-edlem-holz-design\/#primaryimage\",\"url\":\"https:\/\/rntl.ch\/fitness\/wp-content\/uploads\/sites\/3\/2024\/07\/1-19.png\",\"contentUrl\":\"https:\/\/rntl.ch\/fitness\/wp-content\/uploads\/sites\/3\/2024\/07\/1-19.png\",\"width\":800,\"height\":800},{\"@type\":\"BreadcrumbList\",\"@id\":\"https:\/\/rntl.ch\/fitness\/produkt\/crosspace-5-0-norsk-stilvoller-ellipsentrainer-mit-edlem-holz-design\/#breadcrumb\",\"itemListElement\":[{\"@type\":\"ListItem\",\"position\":1,\"name\":\"Startseite\",\"item\":\"https:\/\/rntl.ch\/fitness\/\"},{\"@type\":\"ListItem\",\"position\":2,\"name\":\"Shop\",\"item\":\"https:\/\/rntl.ch\/fitness\/shop\/\"},{\"@type\":\"ListItem\",\"position\":3,\"name\":\"CrossPace 5.0 NorsK \u2013 Stilvoller Ellipsentrainer mit edlem Holz-Design\"}]},{\"@type\":\"WebSite\",\"@id\":\"https:\/\/rntl.ch\/fitness\/#website\",\"url\":\"https:\/\/rntl.ch\/fitness\/\",\"name\":\"RNTL Fitness\",\"description\":\"Mieten Einfach Anders\",\"publisher\":{\"@id\":\"https:\/\/rntl.ch\/fitness\/#organization\"},\"potentialAction\":[{\"@type\":\"SearchAction\",\"target\":{\"@type\":\"EntryPoint\",\"urlTemplate\":\"https:\/\/rntl.ch\/fitness\/?s={search_term_string}\"},\"query-input\":{\"@type\":\"PropertyValueSpecification\",\"valueRequired\":true,\"valueName\":\"search_term_string\"}}],\"inLanguage\":\"de\"},{\"@type\":\"Organization\",\"@id\":\"https:\/\/rntl.ch\/fitness\/#organization\",\"name\":\"RNTL Fitness\",\"url\":\"https:\/\/rntl.ch\/fitness\/\",\"logo\":{\"@type\":\"ImageObject\",\"inLanguage\":\"de\",\"@id\":\"https:\/\/rntl.ch\/fitness\/#\/schema\/logo\/image\/\",\"url\":\"https:\/\/rntl.ch\/fitness\/wp-content\/uploads\/sites\/3\/2020\/11\/cropped-rntl_logo_white_530x150.png\",\"contentUrl\":\"https:\/\/rntl.ch\/fitness\/wp-content\/uploads\/sites\/3\/2020\/11\/cropped-rntl_logo_white_530x150.png\",\"width\":530,\"height\":150,\"caption\":\"RNTL Fitness\"},\"image\":{\"@id\":\"https:\/\/rntl.ch\/fitness\/#\/schema\/logo\/image\/\"}}]}<\/script>\n<!-- \/ Yoast SEO plugin. -->","yoast_head_json":{"title":"Hammer CrossPace 5.0 NorsK \u2013 Stilvoller Ellipsentrainer mit edlem Holz-Design - RNTL Fitness","robots":{"index":"index","follow":"follow","max-snippet":"max-snippet:-1","max-image-preview":"max-image-preview:large","max-video-preview":"max-video-preview:-1"},"canonical":"https:\/\/rntl.ch\/fitness\/produkt\/crosspace-5-0-norsk-stilvoller-ellipsentrainer-mit-edlem-holz-design\/","og_locale":"de_DE","og_type":"article","og_title":"Hammer CrossPace 5.0 NorsK \u2013 Stilvoller Ellipsentrainer mit edlem Holz-Design - RNTL Fitness","og_description":"Edles Holz-Design, Connectivity &amp; Booty-Shaping in Einem!\u00a0   Edles Holz-Design  Kunststoffreduktion um 68 %  Ger\u00e4uschloses Magnetbremssystem  Kaufpreis .-     &nbsp;","og_url":"https:\/\/rntl.ch\/fitness\/produkt\/crosspace-5-0-norsk-stilvoller-ellipsentrainer-mit-edlem-holz-design\/","og_site_name":"RNTL Fitness","article_modified_time":"2024-08-20T08:52:24+00:00","og_image":[{"width":800,"height":800,"url":"https:\/\/rntl.ch\/fitness\/wp-content\/uploads\/sites\/3\/2024\/07\/1-16.png","type":"image\/png"}],"twitter_card":"summary_large_image","twitter_misc":{"Gesch\u00e4tzte Lesezeit":"4\u00a0Minuten"},"schema":{"@context":"https:\/\/schema.org","@graph":[{"@type":"WebPage","@id":"https:\/\/rntl.ch\/fitness\/produkt\/crosspace-5-0-norsk-stilvoller-ellipsentrainer-mit-edlem-holz-design\/","url":"https:\/\/rntl.ch\/fitness\/produkt\/crosspace-5-0-norsk-stilvoller-ellipsentrainer-mit-edlem-holz-design\/","name":"Hammer CrossPace 5.0 NorsK \u2013 Stilvoller Ellipsentrainer mit edlem Holz-Design - RNTL Fitness","isPartOf":{"@id":"https:\/\/rntl.ch\/fitness\/#website"},"primaryImageOfPage":{"@id":"https:\/\/rntl.ch\/fitness\/produkt\/crosspace-5-0-norsk-stilvoller-ellipsentrainer-mit-edlem-holz-design\/#primaryimage"},"image":{"@id":"https:\/\/rntl.ch\/fitness\/produkt\/crosspace-5-0-norsk-stilvoller-ellipsentrainer-mit-edlem-holz-design\/#primaryimage"},"thumbnailUrl":"https:\/\/rntl.ch\/fitness\/wp-content\/uploads\/sites\/3\/2024\/07\/1-19.png","datePublished":"2024-07-16T13:42:00+00:00","dateModified":"2024-08-20T08:52:24+00:00","breadcrumb":{"@id":"https:\/\/rntl.ch\/fitness\/produkt\/crosspace-5-0-norsk-stilvoller-ellipsentrainer-mit-edlem-holz-design\/#breadcrumb"},"inLanguage":"de","potentialAction":[{"@type":"ReadAction","target":["https:\/\/rntl.ch\/fitness\/produkt\/crosspace-5-0-norsk-stilvoller-ellipsentrainer-mit-edlem-holz-design\/"]}]},{"@type":"ImageObject","inLanguage":"de","@id":"https:\/\/rntl.ch\/fitness\/produkt\/crosspace-5-0-norsk-stilvoller-ellipsentrainer-mit-edlem-holz-design\/#primaryimage","url":"https:\/\/rntl.ch\/fitness\/wp-content\/uploads\/sites\/3\/2024\/07\/1-19.png","contentUrl":"https:\/\/rntl.ch\/fitness\/wp-content\/uploads\/sites\/3\/2024\/07\/1-19.png","width":800,"height":800},{"@type":"BreadcrumbList","@id":"https:\/\/rntl.ch\/fitness\/produkt\/crosspace-5-0-norsk-stilvoller-ellipsentrainer-mit-edlem-holz-design\/#breadcrumb","itemListElement":[{"@type":"ListItem","position":1,"name":"Startseite","item":"https:\/\/rntl.ch\/fitness\/"},{"@type":"ListItem","position":2,"name":"Shop","item":"https:\/\/rntl.ch\/fitness\/shop\/"},{"@type":"ListItem","position":3,"name":"CrossPace 5.0 NorsK \u2013 Stilvoller Ellipsentrainer mit edlem Holz-Design"}]},{"@type":"WebSite","@id":"https:\/\/rntl.ch\/fitness\/#website","url":"https:\/\/rntl.ch\/fitness\/","name":"RNTL Fitness","description":"Mieten Einfach Anders","publisher":{"@id":"https:\/\/rntl.ch\/fitness\/#organization"},"potentialAction":[{"@type":"SearchAction","target":{"@type":"EntryPoint","urlTemplate":"https:\/\/rntl.ch\/fitness\/?s={search_term_string}"},"query-input":{"@type":"PropertyValueSpecification","valueRequired":true,"valueName":"search_term_string"}}],"inLanguage":"de"},{"@type":"Organization","@id":"https:\/\/rntl.ch\/fitness\/#organization","name":"RNTL Fitness","url":"https:\/\/rntl.ch\/fitness\/","logo":{"@type":"ImageObject","inLanguage":"de","@id":"https:\/\/rntl.ch\/fitness\/#\/schema\/logo\/image\/","url":"https:\/\/rntl.ch\/fitness\/wp-content\/uploads\/sites\/3\/2020\/11\/cropped-rntl_logo_white_530x150.png","contentUrl":"https:\/\/rntl.ch\/fitness\/wp-content\/uploads\/sites\/3\/2020\/11\/cropped-rntl_logo_white_530x150.png","width":530,"height":150,"caption":"RNTL Fitness"},"image":{"@id":"https:\/\/rntl.ch\/fitness\/#\/schema\/logo\/image\/"}}]}},"_links":{"self":[{"href":"https:\/\/rntl.ch\/fitness\/wp-json\/wp\/v2\/product\/29368","targetHints":{"allow":["GET"]}}],"collection":[{"href":"https:\/\/rntl.ch\/fitness\/wp-json\/wp\/v2\/product"}],"about":[{"href":"https:\/\/rntl.ch\/fitness\/wp-json\/wp\/v2\/types\/product"}],"version-history":[{"count":2,"href":"https:\/\/rntl.ch\/fitness\/wp-json\/wp\/v2\/product\/29368\/revisions"}],"predecessor-version":[{"id":29376,"href":"https:\/\/rntl.ch\/fitness\/wp-json\/wp\/v2\/product\/29368\/revisions\/29376"}],"wp:featuredmedia":[{"embeddable":true,"href":"https:\/\/rntl.ch\/fitness\/wp-json\/wp\/v2\/media\/29380"}],"wp:attachment":[{"href":"https:\/\/rntl.ch\/fitness\/wp-json\/wp\/v2\/media?parent=29368"}],"wp:term":[{"taxonomy":"product_brand","embeddable":true,"href":"https:\/\/rntl.ch\/fitness\/wp-json\/wp\/v2\/product_brand?post=29368"},{"taxonomy":"product_cat","embeddable":true,"href":"https:\/\/rntl.ch\/fitness\/wp-json\/wp\/v2\/product_cat?post=29368"},{"taxonomy":"product_tag","embeddable":true,"href":"https:\/\/rntl.ch\/fitness\/wp-json\/wp\/v2\/product_tag?post=29368"}],"curies":[{"name":"wp","href":"https:\/\/api.w.org\/{rel}","templated":true}]}}