{"id":29387,"date":"2024-07-17T15:06:58","date_gmt":"2024-07-17T13:06:58","guid":{"rendered":"https:\/\/rntl.ch\/fitness\/?post_type=product&#038;p=29387"},"modified":"2024-07-17T15:21:33","modified_gmt":"2024-07-17T13:21:33","slug":"hammer-flyrun-4-0-laufband-dein-perfektes-lauftraining-zu-hause","status":"publish","type":"product","link":"https:\/\/rntl.ch\/fitness\/produkt\/hammer-flyrun-4-0-laufband-dein-perfektes-lauftraining-zu-hause\/","title":{"rendered":"Hammer FlyRun 4.0 Laufband \u2013 Dein perfektes Lauftraining zu Hause"},"content":{"rendered":"<p><b>Hochaufl\u00f6sendes Slim-Display<\/b><\/p>\n<p><span style=\"font-weight: 400;\">Das neigbare Display verf\u00fcgt \u00fcber eine integrierte Pulsampel und zeigt alle wichtigen Trainingsdaten \u00fcbersichtlich an.<\/span><\/p>\n<p><b>Design trifft Funktion<\/b><\/p>\n<p><span style=\"font-weight: 400;\">Ergonomische Handablagen erm\u00f6glichen eine bequeme Pulskontrolle sowie die Anpassung von Steigung und Geschwindigkeit.<\/span><\/p>\n<p><b>Motivierende Workouts<\/b><\/p>\n<p><span style=\"font-weight: 400;\">HAMMER Workouts bieten st\u00e4ndig neue Kurse f\u00fcr dein Laufband. Erreiche deine Fitnessziele mit unseren kompetenten Trainern.<\/span><\/p>\n<p><b>Innovative Pulsampel<\/b><\/p>\n<p><span style=\"font-weight: 400;\">Das LED-Display zeigt Trainingsdaten und die innovative Pulsampel, die eine schnelle \u00dcberwachung deiner Herzfrequenz erm\u00f6glicht.<\/span><\/p>\n<p><b>Perfekte D\u00e4mpfungstechnologie<\/b><\/p>\n<p><span style=\"font-weight: 400;\">Die Anti-Rutsch-Oberfl\u00e4che und die perfekte D\u00e4mpfungstechnologie sorgen f\u00fcr ein gelenkschonendes Training.<\/span><\/p>\n<p><b>Einfache Pulskontrolle &amp; Schnellwahltasten<\/b><\/p>\n<p><span style=\"font-weight: 400;\">\u00dcberwache deine Herzfrequenz mit den Handpulssensoren oder einem optionalen Brustgurt. Die Schnellwahltasten erm\u00f6glichen eine einfache Anpassung von Geschwindigkeit und Steigung.<\/span><\/p>\n<p><b>Steigung bis zu 12%<\/b><\/p>\n<p><span style=\"font-weight: 400;\">Mit der 15-Stufen-Incline-Funktion kannst du die Intensit\u00e4t deines Trainings individuell anpassen und ein authentisches Lauferlebnis genie\u00dfen.<\/span><\/p>\n<p><b>Technische Details<\/b><\/p>\n<p><span style=\"font-weight: 400;\">\u00a0\u00a0&#8211; SKU: 13001<\/span><\/p>\n<p><span style=\"font-weight: 400;\">\u00a0\u00a0&#8211; Marke: HAMMER<\/span><\/p>\n<p><span style=\"font-weight: 400;\">\u00a0\u00a0&#8211; Farbe: Schwarz<\/span><\/p>\n<p><span style=\"font-weight: 400;\">\u00a0\u00a0&#8211; Material: Stahl<\/span><\/p>\n<p><span style=\"font-weight: 400;\">\u00a0\u00a0&#8211; Gewicht: 82 kg<\/span><\/p>\n<p><span style=\"font-weight: 400;\">Computer<\/span><\/p>\n<p><span style=\"font-weight: 400;\">\u00a0\u00a0&#8211; Display: LED\/LCD-Display<\/span><\/p>\n<p><span style=\"font-weight: 400;\">\u00a0\u00a0&#8211; Multimedia: App, Bluetooth, Tablethalterung<\/span><\/p>\n<p><span style=\"font-weight: 400;\">\u00a0\u00a0&#8211; Pulsart: Handpuls<\/span><\/p>\n<p><span style=\"font-weight: 400;\">\u00a0\u00a0&#8211; Apps: Kinomap, Zwift<\/span><\/p>\n<p><span style=\"font-weight: 400;\">\u00a0\u00a0&#8211; Bedienung: Tasten<\/span><\/p>\n<p><span style=\"font-weight: 400;\">\u00a0\u00a0&#8211; Brustgurt-Empf\u00e4nger: 5 kHz<\/span><\/p>\n<p><span style=\"font-weight: 400;\">Anzeige<\/span><\/p>\n<p><span style=\"font-weight: 400;\">\u00a0\u00a0&#8211; Angezeigte Werte: Distanz, Geschwindigkeit, Herzfrequenz, Kalorienverbrauch, Steigung, Zeit, 400 m Runde, Pulsampel<\/span><\/p>\n<p><span style=\"font-weight: 400;\">\u00a0\u00a0&#8211; Permanentanzeige: 6<\/span><\/p>\n<p><span style=\"font-weight: 400;\">Programme und Profile<\/span><\/p>\n<p><span style=\"font-weight: 400;\">\u00a0\u00a0&#8211; Trainingsprogramme: 31<\/span><\/p>\n<p><span style=\"font-weight: 400;\">\u00a0\u00a0&#8211; Herzfrequenzprogramme: 3<\/span><\/p>\n<p><span style=\"font-weight: 400;\">\u00a0\u00a0&#8211; Individual Programme: 4<\/span><\/p>\n<p><span style=\"font-weight: 400;\">\u00a0\u00a0&#8211; Manuelle Programme: 1<\/span><\/p>\n<p><span style=\"font-weight: 400;\">\u00a0\u00a0&#8211; User: 3<\/span><\/p>\n<p><span style=\"font-weight: 400;\">Ma\u00dfe und Gewicht<\/span><\/p>\n<p><span style=\"font-weight: 400;\">\u00a0\u00a0&#8211; Aufstellma\u00df (L x B x H): 181 x 83 x 130 cm<\/span><\/p>\n<p><span style=\"font-weight: 400;\">\u00a0\u00a0&#8211; Klappma\u00df (L x B x H): 124 x 83 x 154 cm<\/span><\/p>\n<p><span style=\"font-weight: 400;\">\u00a0\u00a0&#8211; Max. K\u00f6rpergewicht: 150 kg<\/span><\/p>\n<p><span style=\"font-weight: 400;\">\u00a0\u00a0&#8211; Lauffl\u00e4che: 152 x 50 cm<\/span><\/p>\n<p><span style=\"font-weight: 400;\">Sonstige Features<\/span><\/p>\n<p><span style=\"font-weight: 400;\">\u00a0\u00a0&#8211; Geschwindigkeit: 1 &#8211; 24 km\/h<\/span><\/p>\n<p><span style=\"font-weight: 400;\">\u00a0\u00a0&#8211; Steigung: 0-12% in 15 Stufen automatisch verstellbar<\/span><\/p>\n<p><span style=\"font-weight: 400;\">\u00a0\u00a0&#8211; Transportrollen: Ja<\/span><\/p>\n<p><span style=\"font-weight: 400;\">\u00a0\u00a0&#8211; Leistung: DC 2,75 PS (Dauerleistung) \/ 5,5 PS (max. Leistung)<\/span><\/p>\n<p><span style=\"font-weight: 400;\">\u00a0\u00a0&#8211; Stromversorgung: 230V, 50Hz<\/span><\/p>\n<p><span style=\"font-weight: 400;\">\u00a0\u00a0&#8211; DIN Norm: DIN EN ISO 20957 -1\/6<\/span><\/p>\n<p><span style=\"font-weight: 400;\">\u00a0\u00a0&#8211; WEEE-Reg.-Nr.: Hinweise nach dem Elektrogesetz<\/span><\/p>\n<p><span style=\"font-weight: 400;\">Garantie<\/span><\/p>\n<p><span style=\"font-weight: 400;\">\u00a0\u00a0&#8211; Private Nutzung: 2 Jahre auf das Produkt, 10 Jahre auf den Hauptrahmen<\/span><\/p>\n<p>&nbsp;<\/p>\n","protected":false},"excerpt":{"rendered":"<p><span style=\"font-weight: 400;\">Erlebe ein leises und leistungsstarkes Lauftraining!<\/span><\/p>\n<p><span style=\"font-weight: 400;\">Mit dem FlyRun 4.0 erlebst du eine neue Dimension des Lauftrainings. Der Endurance-Motor mit einer Spitzenleistung von 5,5 PS erm\u00f6glicht eine Geschwindigkeit von bis zu 24 km\/h.<\/span><\/p>\n<ul>\n<li style=\"font-weight: 400;\" aria-level=\"1\"><span style=\"font-weight: 400;\">Fl\u00fcsterleiser Endurance-Motor<\/span><\/li>\n<li style=\"font-weight: 400;\" aria-level=\"1\"><span style=\"font-weight: 400;\">LCD Black Backlight-Display<\/span><\/li>\n<li style=\"font-weight: 400;\" aria-level=\"1\"><span style=\"font-weight: 400;\">Extra breite Laufbandfl\u00e4che<\/span><\/li>\n<\/ul>\n<p><strong>Kaufpreis [woo_custom_field id=\"rntl_retail_price_field\"].-<\/strong><\/p>\n[rntl_page_content id=\"14687\"]\n<div class=\"woocommerce-product-details__short-description\">\n<p>&nbsp;<\/p>\n<\/div>\n","protected":false},"featured_media":29392,"template":"","meta":{"content-type":""},"product_brand":[],"product_cat":[28],"product_tag":[112],"class_list":{"0":"post-29387","1":"product","2":"type-product","3":"status-publish","4":"has-post-thumbnail","6":"product_cat-laufbaender","7":"product_tag-mieten","8":"product_shipping_class-schwer","9":"tm-no-options","11":"first","12":"instock","13":"taxable","14":"shipping-taxable","15":"purchasable","16":"product-type-variable-subscription","17":"has-default-attributes"},"yoast_head":"<!-- This site is optimized with the Yoast SEO plugin v26.3 - https:\/\/yoast.com\/wordpress\/plugins\/seo\/ -->\n<title>Hammer FlyRun 4.0 Laufband \u2013 Dein perfektes Lauftraining zu Hause - RNTL Fitness<\/title>\n<meta name=\"description\" content=\"Erlebe das Hammer FlyRun 4.0 Laufband mit fl\u00fcsterleisem Endurance-Motor, extra breiter Laufbandfl\u00e4che und digitaler Konnektivit\u00e4t. Perfekt f\u00fcr interaktives und gelenkschonendes Lauftraining. Jetzt entdecken!\" \/>\n<meta name=\"robots\" content=\"index, follow, max-snippet:-1, max-image-preview:large, max-video-preview:-1\" \/>\n<link rel=\"canonical\" href=\"https:\/\/rntl.ch\/fitness\/produkt\/hammer-flyrun-4-0-laufband-dein-perfektes-lauftraining-zu-hause\/\" \/>\n<meta property=\"og:locale\" content=\"de_DE\" \/>\n<meta property=\"og:type\" content=\"article\" \/>\n<meta property=\"og:title\" content=\"Hammer FlyRun 4.0 Laufband \u2013 Dein perfektes Lauftraining zu Hause - RNTL Fitness\" \/>\n<meta property=\"og:description\" content=\"Erlebe das Hammer FlyRun 4.0 Laufband mit fl\u00fcsterleisem Endurance-Motor, extra breiter Laufbandfl\u00e4che und digitaler Konnektivit\u00e4t. Perfekt f\u00fcr interaktives und gelenkschonendes Lauftraining. Jetzt entdecken!\" \/>\n<meta property=\"og:url\" content=\"https:\/\/rntl.ch\/fitness\/produkt\/hammer-flyrun-4-0-laufband-dein-perfektes-lauftraining-zu-hause\/\" \/>\n<meta property=\"og:site_name\" content=\"RNTL Fitness\" \/>\n<meta property=\"article:modified_time\" content=\"2024-07-17T13:21:33+00:00\" \/>\n<meta property=\"og:image\" content=\"https:\/\/rntl.ch\/fitness\/wp-content\/uploads\/sites\/3\/2024\/07\/1-20.png\" \/>\n\t<meta property=\"og:image:width\" content=\"800\" \/>\n\t<meta property=\"og:image:height\" content=\"800\" \/>\n\t<meta property=\"og:image:type\" content=\"image\/png\" \/>\n<meta name=\"twitter:card\" content=\"summary_large_image\" \/>\n<meta name=\"twitter:label1\" content=\"Gesch\u00e4tzte Lesezeit\" \/>\n\t<meta name=\"twitter:data1\" content=\"2\u00a0Minuten\" \/>\n<script type=\"application\/ld+json\" class=\"yoast-schema-graph\">{\"@context\":\"https:\/\/schema.org\",\"@graph\":[{\"@type\":\"WebPage\",\"@id\":\"https:\/\/rntl.ch\/fitness\/produkt\/hammer-flyrun-4-0-laufband-dein-perfektes-lauftraining-zu-hause\/\",\"url\":\"https:\/\/rntl.ch\/fitness\/produkt\/hammer-flyrun-4-0-laufband-dein-perfektes-lauftraining-zu-hause\/\",\"name\":\"Hammer FlyRun 4.0 Laufband \u2013 Dein perfektes Lauftraining zu Hause - RNTL Fitness\",\"isPartOf\":{\"@id\":\"https:\/\/rntl.ch\/fitness\/#website\"},\"primaryImageOfPage\":{\"@id\":\"https:\/\/rntl.ch\/fitness\/produkt\/hammer-flyrun-4-0-laufband-dein-perfektes-lauftraining-zu-hause\/#primaryimage\"},\"image\":{\"@id\":\"https:\/\/rntl.ch\/fitness\/produkt\/hammer-flyrun-4-0-laufband-dein-perfektes-lauftraining-zu-hause\/#primaryimage\"},\"thumbnailUrl\":\"https:\/\/rntl.ch\/fitness\/wp-content\/uploads\/sites\/3\/2024\/07\/1-20.png\",\"datePublished\":\"2024-07-17T13:06:58+00:00\",\"dateModified\":\"2024-07-17T13:21:33+00:00\",\"description\":\"Erlebe das Hammer FlyRun 4.0 Laufband mit fl\u00fcsterleisem Endurance-Motor, extra breiter Laufbandfl\u00e4che und digitaler Konnektivit\u00e4t. Perfekt f\u00fcr interaktives und gelenkschonendes Lauftraining. Jetzt entdecken!\",\"breadcrumb\":{\"@id\":\"https:\/\/rntl.ch\/fitness\/produkt\/hammer-flyrun-4-0-laufband-dein-perfektes-lauftraining-zu-hause\/#breadcrumb\"},\"inLanguage\":\"de\",\"potentialAction\":[{\"@type\":\"ReadAction\",\"target\":[\"https:\/\/rntl.ch\/fitness\/produkt\/hammer-flyrun-4-0-laufband-dein-perfektes-lauftraining-zu-hause\/\"]}]},{\"@type\":\"ImageObject\",\"inLanguage\":\"de\",\"@id\":\"https:\/\/rntl.ch\/fitness\/produkt\/hammer-flyrun-4-0-laufband-dein-perfektes-lauftraining-zu-hause\/#primaryimage\",\"url\":\"https:\/\/rntl.ch\/fitness\/wp-content\/uploads\/sites\/3\/2024\/07\/1-20.png\",\"contentUrl\":\"https:\/\/rntl.ch\/fitness\/wp-content\/uploads\/sites\/3\/2024\/07\/1-20.png\",\"width\":800,\"height\":800},{\"@type\":\"BreadcrumbList\",\"@id\":\"https:\/\/rntl.ch\/fitness\/produkt\/hammer-flyrun-4-0-laufband-dein-perfektes-lauftraining-zu-hause\/#breadcrumb\",\"itemListElement\":[{\"@type\":\"ListItem\",\"position\":1,\"name\":\"Startseite\",\"item\":\"https:\/\/rntl.ch\/fitness\/\"},{\"@type\":\"ListItem\",\"position\":2,\"name\":\"Shop\",\"item\":\"https:\/\/rntl.ch\/fitness\/shop\/\"},{\"@type\":\"ListItem\",\"position\":3,\"name\":\"Hammer FlyRun 4.0 Laufband \u2013 Dein perfektes Lauftraining zu Hause\"}]},{\"@type\":\"WebSite\",\"@id\":\"https:\/\/rntl.ch\/fitness\/#website\",\"url\":\"https:\/\/rntl.ch\/fitness\/\",\"name\":\"RNTL Fitness\",\"description\":\"Mieten Einfach Anders\",\"publisher\":{\"@id\":\"https:\/\/rntl.ch\/fitness\/#organization\"},\"potentialAction\":[{\"@type\":\"SearchAction\",\"target\":{\"@type\":\"EntryPoint\",\"urlTemplate\":\"https:\/\/rntl.ch\/fitness\/?s={search_term_string}\"},\"query-input\":{\"@type\":\"PropertyValueSpecification\",\"valueRequired\":true,\"valueName\":\"search_term_string\"}}],\"inLanguage\":\"de\"},{\"@type\":\"Organization\",\"@id\":\"https:\/\/rntl.ch\/fitness\/#organization\",\"name\":\"RNTL Fitness\",\"url\":\"https:\/\/rntl.ch\/fitness\/\",\"logo\":{\"@type\":\"ImageObject\",\"inLanguage\":\"de\",\"@id\":\"https:\/\/rntl.ch\/fitness\/#\/schema\/logo\/image\/\",\"url\":\"https:\/\/rntl.ch\/fitness\/wp-content\/uploads\/sites\/3\/2020\/11\/cropped-rntl_logo_white_530x150.png\",\"contentUrl\":\"https:\/\/rntl.ch\/fitness\/wp-content\/uploads\/sites\/3\/2020\/11\/cropped-rntl_logo_white_530x150.png\",\"width\":530,\"height\":150,\"caption\":\"RNTL Fitness\"},\"image\":{\"@id\":\"https:\/\/rntl.ch\/fitness\/#\/schema\/logo\/image\/\"}}]}<\/script>\n<!-- \/ Yoast SEO plugin. -->","yoast_head_json":{"title":"Hammer FlyRun 4.0 Laufband \u2013 Dein perfektes Lauftraining zu Hause - RNTL Fitness","description":"Erlebe das Hammer FlyRun 4.0 Laufband mit fl\u00fcsterleisem Endurance-Motor, extra breiter Laufbandfl\u00e4che und digitaler Konnektivit\u00e4t. Perfekt f\u00fcr interaktives und gelenkschonendes Lauftraining. Jetzt entdecken!","robots":{"index":"index","follow":"follow","max-snippet":"max-snippet:-1","max-image-preview":"max-image-preview:large","max-video-preview":"max-video-preview:-1"},"canonical":"https:\/\/rntl.ch\/fitness\/produkt\/hammer-flyrun-4-0-laufband-dein-perfektes-lauftraining-zu-hause\/","og_locale":"de_DE","og_type":"article","og_title":"Hammer FlyRun 4.0 Laufband \u2013 Dein perfektes Lauftraining zu Hause - RNTL Fitness","og_description":"Erlebe das Hammer FlyRun 4.0 Laufband mit fl\u00fcsterleisem Endurance-Motor, extra breiter Laufbandfl\u00e4che und digitaler Konnektivit\u00e4t. Perfekt f\u00fcr interaktives und gelenkschonendes Lauftraining. Jetzt entdecken!","og_url":"https:\/\/rntl.ch\/fitness\/produkt\/hammer-flyrun-4-0-laufband-dein-perfektes-lauftraining-zu-hause\/","og_site_name":"RNTL Fitness","article_modified_time":"2024-07-17T13:21:33+00:00","og_image":[{"width":800,"height":800,"url":"https:\/\/rntl.ch\/fitness\/wp-content\/uploads\/sites\/3\/2024\/07\/1-20.png","type":"image\/png"}],"twitter_card":"summary_large_image","twitter_misc":{"Gesch\u00e4tzte Lesezeit":"2\u00a0Minuten"},"schema":{"@context":"https:\/\/schema.org","@graph":[{"@type":"WebPage","@id":"https:\/\/rntl.ch\/fitness\/produkt\/hammer-flyrun-4-0-laufband-dein-perfektes-lauftraining-zu-hause\/","url":"https:\/\/rntl.ch\/fitness\/produkt\/hammer-flyrun-4-0-laufband-dein-perfektes-lauftraining-zu-hause\/","name":"Hammer FlyRun 4.0 Laufband \u2013 Dein perfektes Lauftraining zu Hause - RNTL Fitness","isPartOf":{"@id":"https:\/\/rntl.ch\/fitness\/#website"},"primaryImageOfPage":{"@id":"https:\/\/rntl.ch\/fitness\/produkt\/hammer-flyrun-4-0-laufband-dein-perfektes-lauftraining-zu-hause\/#primaryimage"},"image":{"@id":"https:\/\/rntl.ch\/fitness\/produkt\/hammer-flyrun-4-0-laufband-dein-perfektes-lauftraining-zu-hause\/#primaryimage"},"thumbnailUrl":"https:\/\/rntl.ch\/fitness\/wp-content\/uploads\/sites\/3\/2024\/07\/1-20.png","datePublished":"2024-07-17T13:06:58+00:00","dateModified":"2024-07-17T13:21:33+00:00","description":"Erlebe das Hammer FlyRun 4.0 Laufband mit fl\u00fcsterleisem Endurance-Motor, extra breiter Laufbandfl\u00e4che und digitaler Konnektivit\u00e4t. Perfekt f\u00fcr interaktives und gelenkschonendes Lauftraining. Jetzt entdecken!","breadcrumb":{"@id":"https:\/\/rntl.ch\/fitness\/produkt\/hammer-flyrun-4-0-laufband-dein-perfektes-lauftraining-zu-hause\/#breadcrumb"},"inLanguage":"de","potentialAction":[{"@type":"ReadAction","target":["https:\/\/rntl.ch\/fitness\/produkt\/hammer-flyrun-4-0-laufband-dein-perfektes-lauftraining-zu-hause\/"]}]},{"@type":"ImageObject","inLanguage":"de","@id":"https:\/\/rntl.ch\/fitness\/produkt\/hammer-flyrun-4-0-laufband-dein-perfektes-lauftraining-zu-hause\/#primaryimage","url":"https:\/\/rntl.ch\/fitness\/wp-content\/uploads\/sites\/3\/2024\/07\/1-20.png","contentUrl":"https:\/\/rntl.ch\/fitness\/wp-content\/uploads\/sites\/3\/2024\/07\/1-20.png","width":800,"height":800},{"@type":"BreadcrumbList","@id":"https:\/\/rntl.ch\/fitness\/produkt\/hammer-flyrun-4-0-laufband-dein-perfektes-lauftraining-zu-hause\/#breadcrumb","itemListElement":[{"@type":"ListItem","position":1,"name":"Startseite","item":"https:\/\/rntl.ch\/fitness\/"},{"@type":"ListItem","position":2,"name":"Shop","item":"https:\/\/rntl.ch\/fitness\/shop\/"},{"@type":"ListItem","position":3,"name":"Hammer FlyRun 4.0 Laufband \u2013 Dein perfektes Lauftraining zu Hause"}]},{"@type":"WebSite","@id":"https:\/\/rntl.ch\/fitness\/#website","url":"https:\/\/rntl.ch\/fitness\/","name":"RNTL Fitness","description":"Mieten Einfach Anders","publisher":{"@id":"https:\/\/rntl.ch\/fitness\/#organization"},"potentialAction":[{"@type":"SearchAction","target":{"@type":"EntryPoint","urlTemplate":"https:\/\/rntl.ch\/fitness\/?s={search_term_string}"},"query-input":{"@type":"PropertyValueSpecification","valueRequired":true,"valueName":"search_term_string"}}],"inLanguage":"de"},{"@type":"Organization","@id":"https:\/\/rntl.ch\/fitness\/#organization","name":"RNTL Fitness","url":"https:\/\/rntl.ch\/fitness\/","logo":{"@type":"ImageObject","inLanguage":"de","@id":"https:\/\/rntl.ch\/fitness\/#\/schema\/logo\/image\/","url":"https:\/\/rntl.ch\/fitness\/wp-content\/uploads\/sites\/3\/2020\/11\/cropped-rntl_logo_white_530x150.png","contentUrl":"https:\/\/rntl.ch\/fitness\/wp-content\/uploads\/sites\/3\/2020\/11\/cropped-rntl_logo_white_530x150.png","width":530,"height":150,"caption":"RNTL Fitness"},"image":{"@id":"https:\/\/rntl.ch\/fitness\/#\/schema\/logo\/image\/"}}]}},"_links":{"self":[{"href":"https:\/\/rntl.ch\/fitness\/wp-json\/wp\/v2\/product\/29387","targetHints":{"allow":["GET"]}}],"collection":[{"href":"https:\/\/rntl.ch\/fitness\/wp-json\/wp\/v2\/product"}],"about":[{"href":"https:\/\/rntl.ch\/fitness\/wp-json\/wp\/v2\/types\/product"}],"version-history":[{"count":1,"href":"https:\/\/rntl.ch\/fitness\/wp-json\/wp\/v2\/product\/29387\/revisions"}],"predecessor-version":[{"id":29397,"href":"https:\/\/rntl.ch\/fitness\/wp-json\/wp\/v2\/product\/29387\/revisions\/29397"}],"wp:featuredmedia":[{"embeddable":true,"href":"https:\/\/rntl.ch\/fitness\/wp-json\/wp\/v2\/media\/29392"}],"wp:attachment":[{"href":"https:\/\/rntl.ch\/fitness\/wp-json\/wp\/v2\/media?parent=29387"}],"wp:term":[{"taxonomy":"product_brand","embeddable":true,"href":"https:\/\/rntl.ch\/fitness\/wp-json\/wp\/v2\/product_brand?post=29387"},{"taxonomy":"product_cat","embeddable":true,"href":"https:\/\/rntl.ch\/fitness\/wp-json\/wp\/v2\/product_cat?post=29387"},{"taxonomy":"product_tag","embeddable":true,"href":"https:\/\/rntl.ch\/fitness\/wp-json\/wp\/v2\/product_tag?post=29387"}],"curies":[{"name":"wp","href":"https:\/\/api.w.org\/{rel}","templated":true}]}}