{"id":30171,"date":"2024-09-25T10:55:47","date_gmt":"2024-09-25T08:55:47","guid":{"rendered":"https:\/\/rntl.ch\/fitness\/?post_type=product&#038;p=30171"},"modified":"2024-09-25T11:09:37","modified_gmt":"2024-09-25T09:09:37","slug":"tunturi-rc20-cross-training-rack-das-perfekte-base-rack-fuer-ihr-individuelles-training","status":"publish","type":"product","link":"https:\/\/rntl.ch\/fitness\/produkt\/tunturi-rc20-cross-training-rack-das-perfekte-base-rack-fuer-ihr-individuelles-training\/","title":{"rendered":"Tunturi RC20 Cross Training Rack \u2013 Das perfekte Base Rack f\u00fcr Ihr individuelles Training"},"content":{"rendered":"<p>Das <strong>Tunturi RC20 Cross Training Rack<\/strong> bietet die ultimative Grundlage f\u00fcr ein personalisiertes Training. Mit dem <strong>robusten Grundger\u00fcst<\/strong> (18TSRC2010) aus hochwertigem Stahl k\u00f6nnen Sie Ihre Workouts zu Hause, in der Physiotherapie oder im Fitnessstudio individuell gestalten. Dank der stabilen Konstruktion und einer H\u00f6he von 220 cm ist es ideal f\u00fcr eine Vielzahl von <strong>Functional Training<\/strong>-\u00dcbungen.<\/p>\n<h4>Maximale Flexibilit\u00e4t und Vielseitigkeit<\/h4>\n<p>Das <strong>RC20 Base Rack<\/strong> ist mit anpassbaren <strong>Pull-Up Bars<\/strong> und <strong>Monkey Bars<\/strong> ausgestattet, um Ihre Schultern und Arme effektiv zu trainieren. Zus\u00e4tzlich bieten spezielle <strong>Widerstandsbandhalter<\/strong> und <strong>Halterungen f\u00fcr Trainingsseile<\/strong> die M\u00f6glichkeit, Ihr Workout ganz nach Ihren Bed\u00fcrfnissen zu gestalten. Egal ob K\u00f6rpergewichts\u00fcbungen oder Hanteltraining \u2013 das RC20 ist die perfekte Basis f\u00fcr ein intensives Training.<\/p>\n<h4>Erweiterbar f\u00fcr noch mehr Trainingsm\u00f6glichkeiten<\/h4>\n<p>Das Rack kann mit verschiedenem <strong>Zubeh\u00f6r<\/strong> wie einem <strong>Seiltrainer<\/strong>, <strong>Klimmzuggriffen<\/strong> oder einer <strong>Langhantelhalterung<\/strong> erweitert werden, um Ihr Workout noch effektiver zu gestalten. Die Erweiterungsm\u00f6glichkeiten machen das <strong>Tunturi RC20<\/strong> zu einem flexiblen und zukunftssicheren Trainingsger\u00e4t.<\/p>\n<h4>Merkmale:<\/h4>\n<ul>\n<li>Ma\u00dfe: 138.5 x 221 x 138.5 cm<\/li>\n<li>Material: Stahl<\/li>\n<li>Gewicht: 170 kg<\/li>\n<li>Max. Nutzergewicht: 350 kg<\/li>\n<li>Erweiterbar mit Zubeh\u00f6rteilen<\/li>\n<\/ul>\n<p>Mit dem <strong>Tunturi RC20 Cross Training Rack<\/strong> optimieren Sie Ihr Training \u2013 langlebig, platzsparend und perfekt anpassbar.<\/p>\n","protected":false},"excerpt":{"rendered":"<p>&nbsp;<\/p>\n<p><strong>Kaufpreis [woo_custom_field id=\"rntl_retail_price_field\"].-<\/strong><\/p>\n[rntl_page_content id=\"14687\"]\n<div class=\"woocommerce-product-details__short-description\">\n<p>&nbsp;<\/p>\n<\/div>\n","protected":false},"featured_media":30176,"template":"","meta":{"content-type":""},"product_brand":[],"product_cat":[27],"product_tag":[112],"class_list":{"0":"post-30171","1":"product","2":"type-product","3":"status-publish","4":"has-post-thumbnail","6":"product_cat-krafttraining","7":"product_tag-mieten","8":"product_shipping_class-schwer","9":"tm-no-options","11":"first","12":"instock","13":"taxable","14":"shipping-taxable","15":"purchasable","16":"product-type-variable-subscription","17":"has-default-attributes"},"yoast_head":"<!-- This site is optimized with the Yoast SEO plugin v26.3 - https:\/\/yoast.com\/wordpress\/plugins\/seo\/ -->\n<title>Tunturi RC20 Cross Training Rack \u2013 Das perfekte Base Rack f\u00fcr Ihr individuelles Training - RNTL Fitness<\/title>\n<meta name=\"description\" content=\"Das Tunturi RC20 Cross Training Rack ist die flexible und robuste Basis f\u00fcr individuelle Workouts. Ideal f\u00fcr zu Hause, Fitnessstudios oder Physiotherapie. Erweitern Sie es mit Zubeh\u00f6r f\u00fcr maximale Effizienz.\" \/>\n<meta name=\"robots\" content=\"index, follow, max-snippet:-1, max-image-preview:large, max-video-preview:-1\" \/>\n<link rel=\"canonical\" href=\"https:\/\/rntl.ch\/fitness\/produkt\/tunturi-rc20-cross-training-rack-das-perfekte-base-rack-fuer-ihr-individuelles-training\/\" \/>\n<meta property=\"og:locale\" content=\"de_DE\" \/>\n<meta property=\"og:type\" content=\"article\" \/>\n<meta property=\"og:title\" content=\"Tunturi RC20 Cross Training Rack \u2013 Das perfekte Base Rack f\u00fcr Ihr individuelles Training - RNTL Fitness\" \/>\n<meta property=\"og:description\" content=\"Das Tunturi RC20 Cross Training Rack ist die flexible und robuste Basis f\u00fcr individuelle Workouts. Ideal f\u00fcr zu Hause, Fitnessstudios oder Physiotherapie. Erweitern Sie es mit Zubeh\u00f6r f\u00fcr maximale Effizienz.\" \/>\n<meta property=\"og:url\" content=\"https:\/\/rntl.ch\/fitness\/produkt\/tunturi-rc20-cross-training-rack-das-perfekte-base-rack-fuer-ihr-individuelles-training\/\" \/>\n<meta property=\"og:site_name\" content=\"RNTL Fitness\" \/>\n<meta property=\"article:modified_time\" content=\"2024-09-25T09:09:37+00:00\" \/>\n<meta property=\"og:image\" content=\"https:\/\/rntl.ch\/fitness\/wp-content\/uploads\/sites\/3\/2024\/09\/1-4.png\" \/>\n\t<meta property=\"og:image:width\" content=\"800\" \/>\n\t<meta property=\"og:image:height\" content=\"800\" \/>\n\t<meta property=\"og:image:type\" content=\"image\/png\" \/>\n<meta name=\"twitter:card\" content=\"summary_large_image\" \/>\n<meta name=\"twitter:label1\" content=\"Gesch\u00e4tzte Lesezeit\" \/>\n\t<meta name=\"twitter:data1\" content=\"2\u00a0Minuten\" \/>\n<script type=\"application\/ld+json\" class=\"yoast-schema-graph\">{\"@context\":\"https:\/\/schema.org\",\"@graph\":[{\"@type\":\"WebPage\",\"@id\":\"https:\/\/rntl.ch\/fitness\/produkt\/tunturi-rc20-cross-training-rack-das-perfekte-base-rack-fuer-ihr-individuelles-training\/\",\"url\":\"https:\/\/rntl.ch\/fitness\/produkt\/tunturi-rc20-cross-training-rack-das-perfekte-base-rack-fuer-ihr-individuelles-training\/\",\"name\":\"Tunturi RC20 Cross Training Rack \u2013 Das perfekte Base Rack f\u00fcr Ihr individuelles Training - RNTL Fitness\",\"isPartOf\":{\"@id\":\"https:\/\/rntl.ch\/fitness\/#website\"},\"primaryImageOfPage\":{\"@id\":\"https:\/\/rntl.ch\/fitness\/produkt\/tunturi-rc20-cross-training-rack-das-perfekte-base-rack-fuer-ihr-individuelles-training\/#primaryimage\"},\"image\":{\"@id\":\"https:\/\/rntl.ch\/fitness\/produkt\/tunturi-rc20-cross-training-rack-das-perfekte-base-rack-fuer-ihr-individuelles-training\/#primaryimage\"},\"thumbnailUrl\":\"https:\/\/rntl.ch\/fitness\/wp-content\/uploads\/sites\/3\/2024\/09\/1-4.png\",\"datePublished\":\"2024-09-25T08:55:47+00:00\",\"dateModified\":\"2024-09-25T09:09:37+00:00\",\"description\":\"Das Tunturi RC20 Cross Training Rack ist die flexible und robuste Basis f\u00fcr individuelle Workouts. Ideal f\u00fcr zu Hause, Fitnessstudios oder Physiotherapie. Erweitern Sie es mit Zubeh\u00f6r f\u00fcr maximale Effizienz.\",\"breadcrumb\":{\"@id\":\"https:\/\/rntl.ch\/fitness\/produkt\/tunturi-rc20-cross-training-rack-das-perfekte-base-rack-fuer-ihr-individuelles-training\/#breadcrumb\"},\"inLanguage\":\"de\",\"potentialAction\":[{\"@type\":\"ReadAction\",\"target\":[\"https:\/\/rntl.ch\/fitness\/produkt\/tunturi-rc20-cross-training-rack-das-perfekte-base-rack-fuer-ihr-individuelles-training\/\"]}]},{\"@type\":\"ImageObject\",\"inLanguage\":\"de\",\"@id\":\"https:\/\/rntl.ch\/fitness\/produkt\/tunturi-rc20-cross-training-rack-das-perfekte-base-rack-fuer-ihr-individuelles-training\/#primaryimage\",\"url\":\"https:\/\/rntl.ch\/fitness\/wp-content\/uploads\/sites\/3\/2024\/09\/1-4.png\",\"contentUrl\":\"https:\/\/rntl.ch\/fitness\/wp-content\/uploads\/sites\/3\/2024\/09\/1-4.png\",\"width\":800,\"height\":800},{\"@type\":\"BreadcrumbList\",\"@id\":\"https:\/\/rntl.ch\/fitness\/produkt\/tunturi-rc20-cross-training-rack-das-perfekte-base-rack-fuer-ihr-individuelles-training\/#breadcrumb\",\"itemListElement\":[{\"@type\":\"ListItem\",\"position\":1,\"name\":\"Startseite\",\"item\":\"https:\/\/rntl.ch\/fitness\/\"},{\"@type\":\"ListItem\",\"position\":2,\"name\":\"Shop\",\"item\":\"https:\/\/rntl.ch\/fitness\/shop\/\"},{\"@type\":\"ListItem\",\"position\":3,\"name\":\"Tunturi RC20 Cross Training Rack \u2013 Das perfekte Base Rack f\u00fcr Ihr individuelles Training\"}]},{\"@type\":\"WebSite\",\"@id\":\"https:\/\/rntl.ch\/fitness\/#website\",\"url\":\"https:\/\/rntl.ch\/fitness\/\",\"name\":\"RNTL Fitness\",\"description\":\"Mieten Einfach Anders\",\"publisher\":{\"@id\":\"https:\/\/rntl.ch\/fitness\/#organization\"},\"potentialAction\":[{\"@type\":\"SearchAction\",\"target\":{\"@type\":\"EntryPoint\",\"urlTemplate\":\"https:\/\/rntl.ch\/fitness\/?s={search_term_string}\"},\"query-input\":{\"@type\":\"PropertyValueSpecification\",\"valueRequired\":true,\"valueName\":\"search_term_string\"}}],\"inLanguage\":\"de\"},{\"@type\":\"Organization\",\"@id\":\"https:\/\/rntl.ch\/fitness\/#organization\",\"name\":\"RNTL Fitness\",\"url\":\"https:\/\/rntl.ch\/fitness\/\",\"logo\":{\"@type\":\"ImageObject\",\"inLanguage\":\"de\",\"@id\":\"https:\/\/rntl.ch\/fitness\/#\/schema\/logo\/image\/\",\"url\":\"https:\/\/rntl.ch\/fitness\/wp-content\/uploads\/sites\/3\/2020\/11\/cropped-rntl_logo_white_530x150.png\",\"contentUrl\":\"https:\/\/rntl.ch\/fitness\/wp-content\/uploads\/sites\/3\/2020\/11\/cropped-rntl_logo_white_530x150.png\",\"width\":530,\"height\":150,\"caption\":\"RNTL Fitness\"},\"image\":{\"@id\":\"https:\/\/rntl.ch\/fitness\/#\/schema\/logo\/image\/\"}}]}<\/script>\n<!-- \/ Yoast SEO plugin. -->","yoast_head_json":{"title":"Tunturi RC20 Cross Training Rack \u2013 Das perfekte Base Rack f\u00fcr Ihr individuelles Training - RNTL Fitness","description":"Das Tunturi RC20 Cross Training Rack ist die flexible und robuste Basis f\u00fcr individuelle Workouts. Ideal f\u00fcr zu Hause, Fitnessstudios oder Physiotherapie. Erweitern Sie es mit Zubeh\u00f6r f\u00fcr maximale Effizienz.","robots":{"index":"index","follow":"follow","max-snippet":"max-snippet:-1","max-image-preview":"max-image-preview:large","max-video-preview":"max-video-preview:-1"},"canonical":"https:\/\/rntl.ch\/fitness\/produkt\/tunturi-rc20-cross-training-rack-das-perfekte-base-rack-fuer-ihr-individuelles-training\/","og_locale":"de_DE","og_type":"article","og_title":"Tunturi RC20 Cross Training Rack \u2013 Das perfekte Base Rack f\u00fcr Ihr individuelles Training - RNTL Fitness","og_description":"Das Tunturi RC20 Cross Training Rack ist die flexible und robuste Basis f\u00fcr individuelle Workouts. Ideal f\u00fcr zu Hause, Fitnessstudios oder Physiotherapie. Erweitern Sie es mit Zubeh\u00f6r f\u00fcr maximale Effizienz.","og_url":"https:\/\/rntl.ch\/fitness\/produkt\/tunturi-rc20-cross-training-rack-das-perfekte-base-rack-fuer-ihr-individuelles-training\/","og_site_name":"RNTL Fitness","article_modified_time":"2024-09-25T09:09:37+00:00","og_image":[{"width":800,"height":800,"url":"https:\/\/rntl.ch\/fitness\/wp-content\/uploads\/sites\/3\/2024\/09\/1-4.png","type":"image\/png"}],"twitter_card":"summary_large_image","twitter_misc":{"Gesch\u00e4tzte Lesezeit":"2\u00a0Minuten"},"schema":{"@context":"https:\/\/schema.org","@graph":[{"@type":"WebPage","@id":"https:\/\/rntl.ch\/fitness\/produkt\/tunturi-rc20-cross-training-rack-das-perfekte-base-rack-fuer-ihr-individuelles-training\/","url":"https:\/\/rntl.ch\/fitness\/produkt\/tunturi-rc20-cross-training-rack-das-perfekte-base-rack-fuer-ihr-individuelles-training\/","name":"Tunturi RC20 Cross Training Rack \u2013 Das perfekte Base Rack f\u00fcr Ihr individuelles Training - RNTL Fitness","isPartOf":{"@id":"https:\/\/rntl.ch\/fitness\/#website"},"primaryImageOfPage":{"@id":"https:\/\/rntl.ch\/fitness\/produkt\/tunturi-rc20-cross-training-rack-das-perfekte-base-rack-fuer-ihr-individuelles-training\/#primaryimage"},"image":{"@id":"https:\/\/rntl.ch\/fitness\/produkt\/tunturi-rc20-cross-training-rack-das-perfekte-base-rack-fuer-ihr-individuelles-training\/#primaryimage"},"thumbnailUrl":"https:\/\/rntl.ch\/fitness\/wp-content\/uploads\/sites\/3\/2024\/09\/1-4.png","datePublished":"2024-09-25T08:55:47+00:00","dateModified":"2024-09-25T09:09:37+00:00","description":"Das Tunturi RC20 Cross Training Rack ist die flexible und robuste Basis f\u00fcr individuelle Workouts. Ideal f\u00fcr zu Hause, Fitnessstudios oder Physiotherapie. Erweitern Sie es mit Zubeh\u00f6r f\u00fcr maximale Effizienz.","breadcrumb":{"@id":"https:\/\/rntl.ch\/fitness\/produkt\/tunturi-rc20-cross-training-rack-das-perfekte-base-rack-fuer-ihr-individuelles-training\/#breadcrumb"},"inLanguage":"de","potentialAction":[{"@type":"ReadAction","target":["https:\/\/rntl.ch\/fitness\/produkt\/tunturi-rc20-cross-training-rack-das-perfekte-base-rack-fuer-ihr-individuelles-training\/"]}]},{"@type":"ImageObject","inLanguage":"de","@id":"https:\/\/rntl.ch\/fitness\/produkt\/tunturi-rc20-cross-training-rack-das-perfekte-base-rack-fuer-ihr-individuelles-training\/#primaryimage","url":"https:\/\/rntl.ch\/fitness\/wp-content\/uploads\/sites\/3\/2024\/09\/1-4.png","contentUrl":"https:\/\/rntl.ch\/fitness\/wp-content\/uploads\/sites\/3\/2024\/09\/1-4.png","width":800,"height":800},{"@type":"BreadcrumbList","@id":"https:\/\/rntl.ch\/fitness\/produkt\/tunturi-rc20-cross-training-rack-das-perfekte-base-rack-fuer-ihr-individuelles-training\/#breadcrumb","itemListElement":[{"@type":"ListItem","position":1,"name":"Startseite","item":"https:\/\/rntl.ch\/fitness\/"},{"@type":"ListItem","position":2,"name":"Shop","item":"https:\/\/rntl.ch\/fitness\/shop\/"},{"@type":"ListItem","position":3,"name":"Tunturi RC20 Cross Training Rack \u2013 Das perfekte Base Rack f\u00fcr Ihr individuelles Training"}]},{"@type":"WebSite","@id":"https:\/\/rntl.ch\/fitness\/#website","url":"https:\/\/rntl.ch\/fitness\/","name":"RNTL Fitness","description":"Mieten Einfach Anders","publisher":{"@id":"https:\/\/rntl.ch\/fitness\/#organization"},"potentialAction":[{"@type":"SearchAction","target":{"@type":"EntryPoint","urlTemplate":"https:\/\/rntl.ch\/fitness\/?s={search_term_string}"},"query-input":{"@type":"PropertyValueSpecification","valueRequired":true,"valueName":"search_term_string"}}],"inLanguage":"de"},{"@type":"Organization","@id":"https:\/\/rntl.ch\/fitness\/#organization","name":"RNTL Fitness","url":"https:\/\/rntl.ch\/fitness\/","logo":{"@type":"ImageObject","inLanguage":"de","@id":"https:\/\/rntl.ch\/fitness\/#\/schema\/logo\/image\/","url":"https:\/\/rntl.ch\/fitness\/wp-content\/uploads\/sites\/3\/2020\/11\/cropped-rntl_logo_white_530x150.png","contentUrl":"https:\/\/rntl.ch\/fitness\/wp-content\/uploads\/sites\/3\/2020\/11\/cropped-rntl_logo_white_530x150.png","width":530,"height":150,"caption":"RNTL Fitness"},"image":{"@id":"https:\/\/rntl.ch\/fitness\/#\/schema\/logo\/image\/"}}]}},"_links":{"self":[{"href":"https:\/\/rntl.ch\/fitness\/wp-json\/wp\/v2\/product\/30171","targetHints":{"allow":["GET"]}}],"collection":[{"href":"https:\/\/rntl.ch\/fitness\/wp-json\/wp\/v2\/product"}],"about":[{"href":"https:\/\/rntl.ch\/fitness\/wp-json\/wp\/v2\/types\/product"}],"version-history":[{"count":1,"href":"https:\/\/rntl.ch\/fitness\/wp-json\/wp\/v2\/product\/30171\/revisions"}],"predecessor-version":[{"id":30181,"href":"https:\/\/rntl.ch\/fitness\/wp-json\/wp\/v2\/product\/30171\/revisions\/30181"}],"wp:featuredmedia":[{"embeddable":true,"href":"https:\/\/rntl.ch\/fitness\/wp-json\/wp\/v2\/media\/30176"}],"wp:attachment":[{"href":"https:\/\/rntl.ch\/fitness\/wp-json\/wp\/v2\/media?parent=30171"}],"wp:term":[{"taxonomy":"product_brand","embeddable":true,"href":"https:\/\/rntl.ch\/fitness\/wp-json\/wp\/v2\/product_brand?post=30171"},{"taxonomy":"product_cat","embeddable":true,"href":"https:\/\/rntl.ch\/fitness\/wp-json\/wp\/v2\/product_cat?post=30171"},{"taxonomy":"product_tag","embeddable":true,"href":"https:\/\/rntl.ch\/fitness\/wp-json\/wp\/v2\/product_tag?post=30171"}],"curies":[{"name":"wp","href":"https:\/\/api.w.org\/{rel}","templated":true}]}}