{"id":30495,"date":"2024-10-15T10:24:42","date_gmt":"2024-10-15T08:24:42","guid":{"rendered":"https:\/\/rntl.ch\/fitness\/?post_type=product&#038;p=30495"},"modified":"2024-10-15T11:04:01","modified_gmt":"2024-10-15T09:04:01","slug":"horizon-fitness-bench-intelligentes-krafttraining-fuer-zuhause-mit-verstellbaren-hanteln-und-kettlebell","status":"publish","type":"product","link":"https:\/\/rntl.ch\/fitness\/produkt\/horizon-fitness-bench-intelligentes-krafttraining-fuer-zuhause-mit-verstellbaren-hanteln-und-kettlebell\/","title":{"rendered":"Horizon Fitness Bench &#8211; Intelligentes Krafttraining f\u00fcr Zuhause | Mit verstellbaren Hanteln und Kettlebell"},"content":{"rendered":"<p>Horizon Fitness Bench \u2013 Smarte Fitness-L\u00f6sungen f\u00fcr dein Krafttraining Zuhause<\/p>\n<p>Erlebe Fitness auf einem neuen Level mit der Horizon Fitness Bench. Diese vielseitige Kraftstation bietet dir alles, was du f\u00fcr dein Heimtraining brauchst: verstellbare Kurzhanteln, eine Kettlebell, sowie cleveres Zubeh\u00f6r, das nahtlos in der Bench verstaut werden kann. Egal, ob du Muskeln aufbauen, Fett verbrennen oder deine Ausdauer steigern m\u00f6chtest \u2013 mit der kostenlosen @Zone-App* hast du die volle Kontrolle \u00fcber dein Training.<\/p>\n<p>Intelligentes Training mit der @Zone-App<br \/>\nVerbinde die Bank mit der @Zone-App*, um ma\u00dfgeschneiderte Workouts zu erstellen. Profitiere von progressiven Trainingspl\u00e4nen und zielorientierten Programmen wie Sprint 8 f\u00fcr effizientes HIIT-Training. Tracke deine Fortschritte und vergleiche deine Ergebnisse mit Nutzern weltweit.<\/p>\n<p>Smarte Features und Zubeh\u00f6r<br \/>\n&#8211; Verstellbare Kurzhanteln (2-20 kg) und Kettlebell (6-16 kg) \u2013 einfach per Klicksystem einstellbar.<br \/>\n&#8211; Die R\u00fcckenlehne ist in 5 Winkeln verstellbar f\u00fcr dynamische Workouts.<br \/>\n&#8211; Widerstandsb\u00e4nder-Halterungen \u2013 f\u00fcr noch mehr \u00dcbungsvielfalt.<br \/>\n&#8211; Alles an seinem Platz \u2013 Integrierte Staurauml\u00f6sung f\u00fcr Hanteln, Kettlebell und Zubeh\u00f6r.<\/p>\n<p>Komfortabel und sicher<br \/>\n&#8211; Robuste Metallkonstruktion in mattschwarz\/anthrazit.<br \/>\n&#8211; Maximales Benutzergewicht von 159 kg.<br \/>\n&#8211; Einfacher Transport dank integrierter Rollen.<\/p>\n<p>Technische Details:<br \/>\n&#8211; Einstellbares Hantelgewicht: 2-20 kg in 10 Stufen.<br \/>\n&#8211; Kettlebell Gewicht: 6-16 kg in 6 Stufen.<br \/>\n&#8211; Abmessungen: L133,6 x B37 x H47 cm.<br \/>\n&#8211; Gesamtgewicht inkl. Zubeh\u00f6r: 108,3 kg.<\/p>\n<p>Erreiche deine Fitnessziele mit der Horizon Fitness Bench \u2013 dein smartes Trainingsger\u00e4t f\u00fcr Zuhause.<\/p>\n<p>&nbsp;<\/p>\n","protected":false},"excerpt":{"rendered":"<p>Horizon Fitness Bench \u2013 Smarte Fitness-L\u00f6sungen f\u00fcr dein Krafttraining Zuhause<\/p>\n<p><strong>Kaufpreis [woo_custom_field id=\"rntl_retail_price_field\"].-<\/strong><\/p>\n[rntl_page_content id=\"14687\"]\n<div class=\"woocommerce-product-details__short-description\">\n<p>&nbsp;<\/p>\n<\/div>\n","protected":false},"featured_media":30505,"template":"","meta":{"content-type":""},"product_brand":[],"product_cat":[27],"product_tag":[112],"class_list":{"0":"post-30495","1":"product","2":"type-product","3":"status-publish","4":"has-post-thumbnail","6":"product_cat-krafttraining","7":"product_tag-mieten","8":"product_shipping_class-schwer","9":"tm-no-options","11":"first","12":"instock","13":"taxable","14":"shipping-taxable","15":"purchasable","16":"product-type-variable-subscription","17":"has-default-attributes"},"yoast_head":"<!-- This site is optimized with the Yoast SEO plugin v26.3 - https:\/\/yoast.com\/wordpress\/plugins\/seo\/ -->\n<title>Horizon Fitness Bench - Intelligentes Krafttraining f\u00fcr Zuhause | Mit verstellbaren Hanteln und Kettlebell - RNTL Fitness<\/title>\n<meta name=\"description\" content=\"Die Horizon Fitness Bench revolutioniert das Heimtraining. Mit der exklusiven @Zone-App und integriertem Zubeh\u00f6r wie verstellbaren Kurzhanteln und Kettlebell bietet sie ein personalisiertes, progressives Workout. Kompakte Lagerung, smartes Design und maximaler Komfort \u2013 alles f\u00fcr dein perfektes Fitnesserlebnis.\" \/>\n<meta name=\"robots\" content=\"index, follow, max-snippet:-1, max-image-preview:large, max-video-preview:-1\" \/>\n<link rel=\"canonical\" href=\"https:\/\/rntl.ch\/fitness\/produkt\/horizon-fitness-bench-intelligentes-krafttraining-fuer-zuhause-mit-verstellbaren-hanteln-und-kettlebell\/\" \/>\n<meta property=\"og:locale\" content=\"de_DE\" \/>\n<meta property=\"og:type\" content=\"article\" \/>\n<meta property=\"og:title\" content=\"Horizon Fitness Bench - Intelligentes Krafttraining f\u00fcr Zuhause | Mit verstellbaren Hanteln und Kettlebell - RNTL Fitness\" \/>\n<meta property=\"og:description\" content=\"Die Horizon Fitness Bench revolutioniert das Heimtraining. Mit der exklusiven @Zone-App und integriertem Zubeh\u00f6r wie verstellbaren Kurzhanteln und Kettlebell bietet sie ein personalisiertes, progressives Workout. Kompakte Lagerung, smartes Design und maximaler Komfort \u2013 alles f\u00fcr dein perfektes Fitnesserlebnis.\" \/>\n<meta property=\"og:url\" content=\"https:\/\/rntl.ch\/fitness\/produkt\/horizon-fitness-bench-intelligentes-krafttraining-fuer-zuhause-mit-verstellbaren-hanteln-und-kettlebell\/\" \/>\n<meta property=\"og:site_name\" content=\"RNTL Fitness\" \/>\n<meta property=\"article:modified_time\" content=\"2024-10-15T09:04:01+00:00\" \/>\n<meta property=\"og:image\" content=\"https:\/\/rntl.ch\/fitness\/wp-content\/uploads\/sites\/3\/2024\/10\/6.jpg\" \/>\n\t<meta property=\"og:image:width\" content=\"800\" \/>\n\t<meta property=\"og:image:height\" content=\"800\" \/>\n\t<meta property=\"og:image:type\" content=\"image\/jpeg\" \/>\n<meta name=\"twitter:card\" content=\"summary_large_image\" \/>\n<meta name=\"twitter:label1\" content=\"Gesch\u00e4tzte Lesezeit\" \/>\n\t<meta name=\"twitter:data1\" content=\"2\u00a0Minuten\" \/>\n<script type=\"application\/ld+json\" class=\"yoast-schema-graph\">{\"@context\":\"https:\/\/schema.org\",\"@graph\":[{\"@type\":\"WebPage\",\"@id\":\"https:\/\/rntl.ch\/fitness\/produkt\/horizon-fitness-bench-intelligentes-krafttraining-fuer-zuhause-mit-verstellbaren-hanteln-und-kettlebell\/\",\"url\":\"https:\/\/rntl.ch\/fitness\/produkt\/horizon-fitness-bench-intelligentes-krafttraining-fuer-zuhause-mit-verstellbaren-hanteln-und-kettlebell\/\",\"name\":\"Horizon Fitness Bench - Intelligentes Krafttraining f\u00fcr Zuhause | Mit verstellbaren Hanteln und Kettlebell - RNTL Fitness\",\"isPartOf\":{\"@id\":\"https:\/\/rntl.ch\/fitness\/#website\"},\"primaryImageOfPage\":{\"@id\":\"https:\/\/rntl.ch\/fitness\/produkt\/horizon-fitness-bench-intelligentes-krafttraining-fuer-zuhause-mit-verstellbaren-hanteln-und-kettlebell\/#primaryimage\"},\"image\":{\"@id\":\"https:\/\/rntl.ch\/fitness\/produkt\/horizon-fitness-bench-intelligentes-krafttraining-fuer-zuhause-mit-verstellbaren-hanteln-und-kettlebell\/#primaryimage\"},\"thumbnailUrl\":\"https:\/\/rntl.ch\/fitness\/wp-content\/uploads\/sites\/3\/2024\/10\/6.jpg\",\"datePublished\":\"2024-10-15T08:24:42+00:00\",\"dateModified\":\"2024-10-15T09:04:01+00:00\",\"description\":\"Die Horizon Fitness Bench revolutioniert das Heimtraining. Mit der exklusiven @Zone-App und integriertem Zubeh\u00f6r wie verstellbaren Kurzhanteln und Kettlebell bietet sie ein personalisiertes, progressives Workout. Kompakte Lagerung, smartes Design und maximaler Komfort \u2013 alles f\u00fcr dein perfektes Fitnesserlebnis.\",\"breadcrumb\":{\"@id\":\"https:\/\/rntl.ch\/fitness\/produkt\/horizon-fitness-bench-intelligentes-krafttraining-fuer-zuhause-mit-verstellbaren-hanteln-und-kettlebell\/#breadcrumb\"},\"inLanguage\":\"de\",\"potentialAction\":[{\"@type\":\"ReadAction\",\"target\":[\"https:\/\/rntl.ch\/fitness\/produkt\/horizon-fitness-bench-intelligentes-krafttraining-fuer-zuhause-mit-verstellbaren-hanteln-und-kettlebell\/\"]}]},{\"@type\":\"ImageObject\",\"inLanguage\":\"de\",\"@id\":\"https:\/\/rntl.ch\/fitness\/produkt\/horizon-fitness-bench-intelligentes-krafttraining-fuer-zuhause-mit-verstellbaren-hanteln-und-kettlebell\/#primaryimage\",\"url\":\"https:\/\/rntl.ch\/fitness\/wp-content\/uploads\/sites\/3\/2024\/10\/6.jpg\",\"contentUrl\":\"https:\/\/rntl.ch\/fitness\/wp-content\/uploads\/sites\/3\/2024\/10\/6.jpg\",\"width\":800,\"height\":800},{\"@type\":\"BreadcrumbList\",\"@id\":\"https:\/\/rntl.ch\/fitness\/produkt\/horizon-fitness-bench-intelligentes-krafttraining-fuer-zuhause-mit-verstellbaren-hanteln-und-kettlebell\/#breadcrumb\",\"itemListElement\":[{\"@type\":\"ListItem\",\"position\":1,\"name\":\"Startseite\",\"item\":\"https:\/\/rntl.ch\/fitness\/\"},{\"@type\":\"ListItem\",\"position\":2,\"name\":\"Shop\",\"item\":\"https:\/\/rntl.ch\/fitness\/shop\/\"},{\"@type\":\"ListItem\",\"position\":3,\"name\":\"Horizon Fitness Bench &#8211; Intelligentes Krafttraining f\u00fcr Zuhause | Mit verstellbaren Hanteln und Kettlebell\"}]},{\"@type\":\"WebSite\",\"@id\":\"https:\/\/rntl.ch\/fitness\/#website\",\"url\":\"https:\/\/rntl.ch\/fitness\/\",\"name\":\"RNTL Fitness\",\"description\":\"Mieten Einfach Anders\",\"publisher\":{\"@id\":\"https:\/\/rntl.ch\/fitness\/#organization\"},\"potentialAction\":[{\"@type\":\"SearchAction\",\"target\":{\"@type\":\"EntryPoint\",\"urlTemplate\":\"https:\/\/rntl.ch\/fitness\/?s={search_term_string}\"},\"query-input\":{\"@type\":\"PropertyValueSpecification\",\"valueRequired\":true,\"valueName\":\"search_term_string\"}}],\"inLanguage\":\"de\"},{\"@type\":\"Organization\",\"@id\":\"https:\/\/rntl.ch\/fitness\/#organization\",\"name\":\"RNTL Fitness\",\"url\":\"https:\/\/rntl.ch\/fitness\/\",\"logo\":{\"@type\":\"ImageObject\",\"inLanguage\":\"de\",\"@id\":\"https:\/\/rntl.ch\/fitness\/#\/schema\/logo\/image\/\",\"url\":\"https:\/\/rntl.ch\/fitness\/wp-content\/uploads\/sites\/3\/2020\/11\/cropped-rntl_logo_white_530x150.png\",\"contentUrl\":\"https:\/\/rntl.ch\/fitness\/wp-content\/uploads\/sites\/3\/2020\/11\/cropped-rntl_logo_white_530x150.png\",\"width\":530,\"height\":150,\"caption\":\"RNTL Fitness\"},\"image\":{\"@id\":\"https:\/\/rntl.ch\/fitness\/#\/schema\/logo\/image\/\"}}]}<\/script>\n<!-- \/ Yoast SEO plugin. -->","yoast_head_json":{"title":"Horizon Fitness Bench - Intelligentes Krafttraining f\u00fcr Zuhause | Mit verstellbaren Hanteln und Kettlebell - RNTL Fitness","description":"Die Horizon Fitness Bench revolutioniert das Heimtraining. Mit der exklusiven @Zone-App und integriertem Zubeh\u00f6r wie verstellbaren Kurzhanteln und Kettlebell bietet sie ein personalisiertes, progressives Workout. Kompakte Lagerung, smartes Design und maximaler Komfort \u2013 alles f\u00fcr dein perfektes Fitnesserlebnis.","robots":{"index":"index","follow":"follow","max-snippet":"max-snippet:-1","max-image-preview":"max-image-preview:large","max-video-preview":"max-video-preview:-1"},"canonical":"https:\/\/rntl.ch\/fitness\/produkt\/horizon-fitness-bench-intelligentes-krafttraining-fuer-zuhause-mit-verstellbaren-hanteln-und-kettlebell\/","og_locale":"de_DE","og_type":"article","og_title":"Horizon Fitness Bench - Intelligentes Krafttraining f\u00fcr Zuhause | Mit verstellbaren Hanteln und Kettlebell - RNTL Fitness","og_description":"Die Horizon Fitness Bench revolutioniert das Heimtraining. Mit der exklusiven @Zone-App und integriertem Zubeh\u00f6r wie verstellbaren Kurzhanteln und Kettlebell bietet sie ein personalisiertes, progressives Workout. Kompakte Lagerung, smartes Design und maximaler Komfort \u2013 alles f\u00fcr dein perfektes Fitnesserlebnis.","og_url":"https:\/\/rntl.ch\/fitness\/produkt\/horizon-fitness-bench-intelligentes-krafttraining-fuer-zuhause-mit-verstellbaren-hanteln-und-kettlebell\/","og_site_name":"RNTL Fitness","article_modified_time":"2024-10-15T09:04:01+00:00","og_image":[{"width":800,"height":800,"url":"https:\/\/rntl.ch\/fitness\/wp-content\/uploads\/sites\/3\/2024\/10\/6.jpg","type":"image\/jpeg"}],"twitter_card":"summary_large_image","twitter_misc":{"Gesch\u00e4tzte Lesezeit":"2\u00a0Minuten"},"schema":{"@context":"https:\/\/schema.org","@graph":[{"@type":"WebPage","@id":"https:\/\/rntl.ch\/fitness\/produkt\/horizon-fitness-bench-intelligentes-krafttraining-fuer-zuhause-mit-verstellbaren-hanteln-und-kettlebell\/","url":"https:\/\/rntl.ch\/fitness\/produkt\/horizon-fitness-bench-intelligentes-krafttraining-fuer-zuhause-mit-verstellbaren-hanteln-und-kettlebell\/","name":"Horizon Fitness Bench - Intelligentes Krafttraining f\u00fcr Zuhause | Mit verstellbaren Hanteln und Kettlebell - RNTL Fitness","isPartOf":{"@id":"https:\/\/rntl.ch\/fitness\/#website"},"primaryImageOfPage":{"@id":"https:\/\/rntl.ch\/fitness\/produkt\/horizon-fitness-bench-intelligentes-krafttraining-fuer-zuhause-mit-verstellbaren-hanteln-und-kettlebell\/#primaryimage"},"image":{"@id":"https:\/\/rntl.ch\/fitness\/produkt\/horizon-fitness-bench-intelligentes-krafttraining-fuer-zuhause-mit-verstellbaren-hanteln-und-kettlebell\/#primaryimage"},"thumbnailUrl":"https:\/\/rntl.ch\/fitness\/wp-content\/uploads\/sites\/3\/2024\/10\/6.jpg","datePublished":"2024-10-15T08:24:42+00:00","dateModified":"2024-10-15T09:04:01+00:00","description":"Die Horizon Fitness Bench revolutioniert das Heimtraining. Mit der exklusiven @Zone-App und integriertem Zubeh\u00f6r wie verstellbaren Kurzhanteln und Kettlebell bietet sie ein personalisiertes, progressives Workout. Kompakte Lagerung, smartes Design und maximaler Komfort \u2013 alles f\u00fcr dein perfektes Fitnesserlebnis.","breadcrumb":{"@id":"https:\/\/rntl.ch\/fitness\/produkt\/horizon-fitness-bench-intelligentes-krafttraining-fuer-zuhause-mit-verstellbaren-hanteln-und-kettlebell\/#breadcrumb"},"inLanguage":"de","potentialAction":[{"@type":"ReadAction","target":["https:\/\/rntl.ch\/fitness\/produkt\/horizon-fitness-bench-intelligentes-krafttraining-fuer-zuhause-mit-verstellbaren-hanteln-und-kettlebell\/"]}]},{"@type":"ImageObject","inLanguage":"de","@id":"https:\/\/rntl.ch\/fitness\/produkt\/horizon-fitness-bench-intelligentes-krafttraining-fuer-zuhause-mit-verstellbaren-hanteln-und-kettlebell\/#primaryimage","url":"https:\/\/rntl.ch\/fitness\/wp-content\/uploads\/sites\/3\/2024\/10\/6.jpg","contentUrl":"https:\/\/rntl.ch\/fitness\/wp-content\/uploads\/sites\/3\/2024\/10\/6.jpg","width":800,"height":800},{"@type":"BreadcrumbList","@id":"https:\/\/rntl.ch\/fitness\/produkt\/horizon-fitness-bench-intelligentes-krafttraining-fuer-zuhause-mit-verstellbaren-hanteln-und-kettlebell\/#breadcrumb","itemListElement":[{"@type":"ListItem","position":1,"name":"Startseite","item":"https:\/\/rntl.ch\/fitness\/"},{"@type":"ListItem","position":2,"name":"Shop","item":"https:\/\/rntl.ch\/fitness\/shop\/"},{"@type":"ListItem","position":3,"name":"Horizon Fitness Bench &#8211; Intelligentes Krafttraining f\u00fcr Zuhause | Mit verstellbaren Hanteln und Kettlebell"}]},{"@type":"WebSite","@id":"https:\/\/rntl.ch\/fitness\/#website","url":"https:\/\/rntl.ch\/fitness\/","name":"RNTL Fitness","description":"Mieten Einfach Anders","publisher":{"@id":"https:\/\/rntl.ch\/fitness\/#organization"},"potentialAction":[{"@type":"SearchAction","target":{"@type":"EntryPoint","urlTemplate":"https:\/\/rntl.ch\/fitness\/?s={search_term_string}"},"query-input":{"@type":"PropertyValueSpecification","valueRequired":true,"valueName":"search_term_string"}}],"inLanguage":"de"},{"@type":"Organization","@id":"https:\/\/rntl.ch\/fitness\/#organization","name":"RNTL Fitness","url":"https:\/\/rntl.ch\/fitness\/","logo":{"@type":"ImageObject","inLanguage":"de","@id":"https:\/\/rntl.ch\/fitness\/#\/schema\/logo\/image\/","url":"https:\/\/rntl.ch\/fitness\/wp-content\/uploads\/sites\/3\/2020\/11\/cropped-rntl_logo_white_530x150.png","contentUrl":"https:\/\/rntl.ch\/fitness\/wp-content\/uploads\/sites\/3\/2020\/11\/cropped-rntl_logo_white_530x150.png","width":530,"height":150,"caption":"RNTL Fitness"},"image":{"@id":"https:\/\/rntl.ch\/fitness\/#\/schema\/logo\/image\/"}}]}},"_links":{"self":[{"href":"https:\/\/rntl.ch\/fitness\/wp-json\/wp\/v2\/product\/30495","targetHints":{"allow":["GET"]}}],"collection":[{"href":"https:\/\/rntl.ch\/fitness\/wp-json\/wp\/v2\/product"}],"about":[{"href":"https:\/\/rntl.ch\/fitness\/wp-json\/wp\/v2\/types\/product"}],"version-history":[{"count":1,"href":"https:\/\/rntl.ch\/fitness\/wp-json\/wp\/v2\/product\/30495\/revisions"}],"predecessor-version":[{"id":30506,"href":"https:\/\/rntl.ch\/fitness\/wp-json\/wp\/v2\/product\/30495\/revisions\/30506"}],"wp:featuredmedia":[{"embeddable":true,"href":"https:\/\/rntl.ch\/fitness\/wp-json\/wp\/v2\/media\/30505"}],"wp:attachment":[{"href":"https:\/\/rntl.ch\/fitness\/wp-json\/wp\/v2\/media?parent=30495"}],"wp:term":[{"taxonomy":"product_brand","embeddable":true,"href":"https:\/\/rntl.ch\/fitness\/wp-json\/wp\/v2\/product_brand?post=30495"},{"taxonomy":"product_cat","embeddable":true,"href":"https:\/\/rntl.ch\/fitness\/wp-json\/wp\/v2\/product_cat?post=30495"},{"taxonomy":"product_tag","embeddable":true,"href":"https:\/\/rntl.ch\/fitness\/wp-json\/wp\/v2\/product_tag?post=30495"}],"curies":[{"name":"wp","href":"https:\/\/api.w.org\/{rel}","templated":true}]}}