{"id":30556,"date":"2024-10-18T11:47:21","date_gmt":"2024-10-18T09:47:21","guid":{"rendered":"https:\/\/rntl.ch\/fitness\/?post_type=product&#038;p=30556"},"modified":"2024-10-23T10:40:44","modified_gmt":"2024-10-23T08:40:44","slug":"tunturi-platinum-tr30-core-pro-laufband-professionelles-lauf-kraft-und-rehabilitationsgeraet-bis-20-km-h-57-programme","status":"publish","type":"product","link":"https:\/\/rntl.ch\/fitness\/produkt\/tunturi-platinum-tr30-core-pro-laufband-professionelles-lauf-kraft-und-rehabilitationsgeraet-bis-20-km-h-57-programme\/","title":{"rendered":"Tunturi Platinum TR30 Core Pro Laufband \u2013 Professionelles Lauf-, Kraft- und Rehabilitationsger\u00e4t | Bis 20 km\/h &#038; 57 Programme"},"content":{"rendered":"<p>Leistungsstarkes Laufband f\u00fcr jedes Trainingsniveau<br \/>\nMit einer maximalen Geschwindigkeit von 20 km\/h und einer verstellbaren Steigung bis 15% bietet das TR30 Core Pro Laufband ein abwechslungsreiches Trainingserlebnis. Der leistungsstarke 3-PS-Wechselstrommotor und die gro\u00dfe Lauffl\u00e4che (156 x 56 cm) sorgen f\u00fcr ein komfortables und intensives Training. W\u00e4hlen Sie aus 57 Trainingsprogrammen f\u00fcr individuelle Workouts.<\/p>\n<p>Kraft- und Rehabilitationstraining mit Power Sled &amp; R\u00fcckw\u00e4rtslaufen<br \/>\nNutzen Sie die Core-Bar f\u00fcr ein intensives Power Sled Training und kombinieren Sie Kraft- und Ausdauertraining. Der Widerstand ist von 1 bis 100% einstellbar. F\u00fcr ein innovatives Physiotherapie-Training verf\u00fcgt das TR30 \u00fcber einen speziellen R\u00fcckw\u00e4rtslaufmodus (0,1 bis 2,5 km\/h), der f\u00fcr pr\u00e4zise Rehabilitation und Bergab-Training ideal ist.<\/p>\n<p>Tunturi Routes App \u2013 Outdoor-Training f\u00fcr drinnen<br \/>\nVerbinden Sie Ihr Laufband per Bluetooth mit der Tunturi Routes App oder Zwift und joggen Sie durch \u00fcber 50.000 Standorte weltweit. Die Steigungswinkel passen sich automatisch den Videostrecken an, um ein realistisches Outdoor-Erlebnis zu simulieren.<\/p>\n<p>Limit-Modus f\u00fcr pr\u00e4zises Reha-Training<br \/>\nDer Limit-Modus startet ab 0,1 km\/h und geht bis 2,5 km\/h, ideal f\u00fcr exakte Rehabilitation und kontrolliertes Training. Der Monitor zeigt die Distanz in Metern an, um pr\u00e4zise Trainingsdaten zu erfassen.<\/p>\n<p>Zus\u00e4tzliche Funktionen und Kompatibilit\u00e4t<br \/>\n&#8211; Herzfrequenzmessung \u00fcber Handpulssensoren oder optionalen Brustgurt (5.4 kHz).<br \/>\n&#8211; App-kompatibel: Tunturi Routes, Kinomap &amp; Zwift.<br \/>\n&#8211; Innovatives Stossd\u00e4mpfersystem: T-Flex Comfort Top f\u00fcr gelenkschonendes Training.<\/p>\n<p>Technische Daten:<br \/>\n&#8211; Ma\u00dfe (B\/H\/L): 88 x 149 x 196 cm<br \/>\n&#8211; Max. Benutzergewicht: 150 kg<br \/>\n&#8211; Gewicht: 142 kg<br \/>\n&#8211; Motorleistung: 3 PS<br \/>\n&#8211; Lauffl\u00e4che: 156 x 56 cm<br \/>\n&#8211; Max. Geschwindigkeit: 20 km\/h<br \/>\n&#8211; Steigung: bis 15%<\/p>\n<p>Lieferumfang:<br \/>\n&#8211; 1 x Tunturi Platinum TR30 Core Pro Laufband<\/p>\n<p><iframe title=\"Tunturi Platinum TR30 Core Treadmill | Tunturi New Fitness\" width=\"980\" height=\"551\" src=\"https:\/\/www.youtube.com\/embed\/5s8T-I-d6M4?feature=oembed&#038;enablejsapi=1&#038;origin=https:\/\/rntl.ch\" frameborder=\"0\" allow=\"accelerometer; autoplay; clipboard-write; encrypted-media; gyroscope; picture-in-picture; web-share\" referrerpolicy=\"strict-origin-when-cross-origin\" allowfullscreen><\/iframe><\/p>\n","protected":false},"excerpt":{"rendered":"<p>Tunturi Platinum TR30 Core Pro Laufband \u2013 Dein Trainingspartner f\u00fcr Lauf-, Kraft- und Rehabilitations\u00fcbungen<\/p>\n<p>Erlebe Training auf h\u00f6chstem Niveau mit dem Tunturi Platinum TR30 Core Pro Laufband. Egal ob f\u00fcr das Heimtraining, in Physiotherapien, Fitnessstudios oder Hotels \u2013 dieses All-in-One-Laufband ist perfekt f\u00fcr ambitionierte L\u00e4ufer, Kraftsportler und f\u00fcr Reha-\u00dcbungen geeignet.<\/p>\n<p><strong>Kaufpreis [woo_custom_field id=\"rntl_retail_price_field\"].-<\/strong><\/p>\n[rntl_page_content id=\"14687\"]\n<div class=\"woocommerce-product-details__short-description\">\n<p>&nbsp;<\/p>\n<\/div>\n","protected":false},"featured_media":30561,"template":"","meta":{"content-type":""},"product_brand":[],"product_cat":[28],"product_tag":[112],"class_list":{"0":"post-30556","1":"product","2":"type-product","3":"status-publish","4":"has-post-thumbnail","6":"product_cat-laufbaender","7":"product_tag-mieten","8":"product_shipping_class-schwer","9":"tm-no-options","11":"first","12":"instock","13":"taxable","14":"shipping-taxable","15":"purchasable","16":"product-type-variable-subscription","17":"has-default-attributes"},"yoast_head":"<!-- This site is optimized with the Yoast SEO plugin v26.3 - https:\/\/yoast.com\/wordpress\/plugins\/seo\/ -->\n<title>Tunturi Platinum TR30 Core Pro Laufband \u2013 Professionelles Lauf-, Kraft- und Rehabilitationsger\u00e4t | Bis 20 km\/h &amp; 57 Programme - RNTL Fitness<\/title>\n<meta name=\"description\" content=\"Das Tunturi Platinum TR30 Core Pro Laufband bietet vielseitiges Training f\u00fcr zu Hause oder professionelle Einrichtungen. Mit 57 Programmen, einer Geschwindigkeit von bis zu 20 km\/h und Steigungswinkeln bis zu 15% bietet es optimale Trainingsbedingungen f\u00fcr Anf\u00e4nger und Profis. Kompatibel mit Apps wie Tunturi Routes und Zwift \u2013 erleben Sie interaktives Training in \u00fcber 50.000 Locations weltweit.\" \/>\n<meta name=\"robots\" content=\"index, follow, max-snippet:-1, max-image-preview:large, max-video-preview:-1\" \/>\n<link rel=\"canonical\" href=\"https:\/\/rntl.ch\/fitness\/produkt\/tunturi-platinum-tr30-core-pro-laufband-professionelles-lauf-kraft-und-rehabilitationsgeraet-bis-20-km-h-57-programme\/\" \/>\n<meta property=\"og:locale\" content=\"de_DE\" \/>\n<meta property=\"og:type\" content=\"article\" \/>\n<meta property=\"og:title\" content=\"Tunturi Platinum TR30 Core Pro Laufband \u2013 Professionelles Lauf-, Kraft- und Rehabilitationsger\u00e4t | Bis 20 km\/h &amp; 57 Programme - RNTL Fitness\" \/>\n<meta property=\"og:description\" content=\"Das Tunturi Platinum TR30 Core Pro Laufband bietet vielseitiges Training f\u00fcr zu Hause oder professionelle Einrichtungen. Mit 57 Programmen, einer Geschwindigkeit von bis zu 20 km\/h und Steigungswinkeln bis zu 15% bietet es optimale Trainingsbedingungen f\u00fcr Anf\u00e4nger und Profis. Kompatibel mit Apps wie Tunturi Routes und Zwift \u2013 erleben Sie interaktives Training in \u00fcber 50.000 Locations weltweit.\" \/>\n<meta property=\"og:url\" content=\"https:\/\/rntl.ch\/fitness\/produkt\/tunturi-platinum-tr30-core-pro-laufband-professionelles-lauf-kraft-und-rehabilitationsgeraet-bis-20-km-h-57-programme\/\" \/>\n<meta property=\"og:site_name\" content=\"RNTL Fitness\" \/>\n<meta property=\"article:modified_time\" content=\"2024-10-23T08:40:44+00:00\" \/>\n<meta property=\"og:image\" content=\"https:\/\/rntl.ch\/fitness\/wp-content\/uploads\/sites\/3\/2024\/10\/1-1.jpg\" \/>\n\t<meta property=\"og:image:width\" content=\"800\" \/>\n\t<meta property=\"og:image:height\" content=\"800\" \/>\n\t<meta property=\"og:image:type\" content=\"image\/jpeg\" \/>\n<meta name=\"twitter:card\" content=\"summary_large_image\" \/>\n<meta name=\"twitter:label1\" content=\"Gesch\u00e4tzte Lesezeit\" \/>\n\t<meta name=\"twitter:data1\" content=\"2\u00a0Minuten\" \/>\n<script type=\"application\/ld+json\" class=\"yoast-schema-graph\">{\"@context\":\"https:\/\/schema.org\",\"@graph\":[{\"@type\":\"WebPage\",\"@id\":\"https:\/\/rntl.ch\/fitness\/produkt\/tunturi-platinum-tr30-core-pro-laufband-professionelles-lauf-kraft-und-rehabilitationsgeraet-bis-20-km-h-57-programme\/\",\"url\":\"https:\/\/rntl.ch\/fitness\/produkt\/tunturi-platinum-tr30-core-pro-laufband-professionelles-lauf-kraft-und-rehabilitationsgeraet-bis-20-km-h-57-programme\/\",\"name\":\"Tunturi Platinum TR30 Core Pro Laufband \u2013 Professionelles Lauf-, Kraft- und Rehabilitationsger\u00e4t | Bis 20 km\/h & 57 Programme - RNTL Fitness\",\"isPartOf\":{\"@id\":\"https:\/\/rntl.ch\/fitness\/#website\"},\"primaryImageOfPage\":{\"@id\":\"https:\/\/rntl.ch\/fitness\/produkt\/tunturi-platinum-tr30-core-pro-laufband-professionelles-lauf-kraft-und-rehabilitationsgeraet-bis-20-km-h-57-programme\/#primaryimage\"},\"image\":{\"@id\":\"https:\/\/rntl.ch\/fitness\/produkt\/tunturi-platinum-tr30-core-pro-laufband-professionelles-lauf-kraft-und-rehabilitationsgeraet-bis-20-km-h-57-programme\/#primaryimage\"},\"thumbnailUrl\":\"https:\/\/rntl.ch\/fitness\/wp-content\/uploads\/sites\/3\/2024\/10\/1-1.jpg\",\"datePublished\":\"2024-10-18T09:47:21+00:00\",\"dateModified\":\"2024-10-23T08:40:44+00:00\",\"description\":\"Das Tunturi Platinum TR30 Core Pro Laufband bietet vielseitiges Training f\u00fcr zu Hause oder professionelle Einrichtungen. Mit 57 Programmen, einer Geschwindigkeit von bis zu 20 km\/h und Steigungswinkeln bis zu 15% bietet es optimale Trainingsbedingungen f\u00fcr Anf\u00e4nger und Profis. Kompatibel mit Apps wie Tunturi Routes und Zwift \u2013 erleben Sie interaktives Training in \u00fcber 50.000 Locations weltweit.\",\"breadcrumb\":{\"@id\":\"https:\/\/rntl.ch\/fitness\/produkt\/tunturi-platinum-tr30-core-pro-laufband-professionelles-lauf-kraft-und-rehabilitationsgeraet-bis-20-km-h-57-programme\/#breadcrumb\"},\"inLanguage\":\"de\",\"potentialAction\":[{\"@type\":\"ReadAction\",\"target\":[\"https:\/\/rntl.ch\/fitness\/produkt\/tunturi-platinum-tr30-core-pro-laufband-professionelles-lauf-kraft-und-rehabilitationsgeraet-bis-20-km-h-57-programme\/\"]}]},{\"@type\":\"ImageObject\",\"inLanguage\":\"de\",\"@id\":\"https:\/\/rntl.ch\/fitness\/produkt\/tunturi-platinum-tr30-core-pro-laufband-professionelles-lauf-kraft-und-rehabilitationsgeraet-bis-20-km-h-57-programme\/#primaryimage\",\"url\":\"https:\/\/rntl.ch\/fitness\/wp-content\/uploads\/sites\/3\/2024\/10\/1-1.jpg\",\"contentUrl\":\"https:\/\/rntl.ch\/fitness\/wp-content\/uploads\/sites\/3\/2024\/10\/1-1.jpg\",\"width\":800,\"height\":800},{\"@type\":\"BreadcrumbList\",\"@id\":\"https:\/\/rntl.ch\/fitness\/produkt\/tunturi-platinum-tr30-core-pro-laufband-professionelles-lauf-kraft-und-rehabilitationsgeraet-bis-20-km-h-57-programme\/#breadcrumb\",\"itemListElement\":[{\"@type\":\"ListItem\",\"position\":1,\"name\":\"Startseite\",\"item\":\"https:\/\/rntl.ch\/fitness\/\"},{\"@type\":\"ListItem\",\"position\":2,\"name\":\"Shop\",\"item\":\"https:\/\/rntl.ch\/fitness\/shop\/\"},{\"@type\":\"ListItem\",\"position\":3,\"name\":\"Tunturi Platinum TR30 Core Pro Laufband \u2013 Professionelles Lauf-, Kraft- und Rehabilitationsger\u00e4t | Bis 20 km\/h &#038; 57 Programme\"}]},{\"@type\":\"WebSite\",\"@id\":\"https:\/\/rntl.ch\/fitness\/#website\",\"url\":\"https:\/\/rntl.ch\/fitness\/\",\"name\":\"RNTL Fitness\",\"description\":\"Mieten Einfach Anders\",\"publisher\":{\"@id\":\"https:\/\/rntl.ch\/fitness\/#organization\"},\"potentialAction\":[{\"@type\":\"SearchAction\",\"target\":{\"@type\":\"EntryPoint\",\"urlTemplate\":\"https:\/\/rntl.ch\/fitness\/?s={search_term_string}\"},\"query-input\":{\"@type\":\"PropertyValueSpecification\",\"valueRequired\":true,\"valueName\":\"search_term_string\"}}],\"inLanguage\":\"de\"},{\"@type\":\"Organization\",\"@id\":\"https:\/\/rntl.ch\/fitness\/#organization\",\"name\":\"RNTL Fitness\",\"url\":\"https:\/\/rntl.ch\/fitness\/\",\"logo\":{\"@type\":\"ImageObject\",\"inLanguage\":\"de\",\"@id\":\"https:\/\/rntl.ch\/fitness\/#\/schema\/logo\/image\/\",\"url\":\"https:\/\/rntl.ch\/fitness\/wp-content\/uploads\/sites\/3\/2020\/11\/cropped-rntl_logo_white_530x150.png\",\"contentUrl\":\"https:\/\/rntl.ch\/fitness\/wp-content\/uploads\/sites\/3\/2020\/11\/cropped-rntl_logo_white_530x150.png\",\"width\":530,\"height\":150,\"caption\":\"RNTL Fitness\"},\"image\":{\"@id\":\"https:\/\/rntl.ch\/fitness\/#\/schema\/logo\/image\/\"}}]}<\/script>\n<!-- \/ Yoast SEO plugin. -->","yoast_head_json":{"title":"Tunturi Platinum TR30 Core Pro Laufband \u2013 Professionelles Lauf-, Kraft- und Rehabilitationsger\u00e4t | Bis 20 km\/h & 57 Programme - RNTL Fitness","description":"Das Tunturi Platinum TR30 Core Pro Laufband bietet vielseitiges Training f\u00fcr zu Hause oder professionelle Einrichtungen. Mit 57 Programmen, einer Geschwindigkeit von bis zu 20 km\/h und Steigungswinkeln bis zu 15% bietet es optimale Trainingsbedingungen f\u00fcr Anf\u00e4nger und Profis. Kompatibel mit Apps wie Tunturi Routes und Zwift \u2013 erleben Sie interaktives Training in \u00fcber 50.000 Locations weltweit.","robots":{"index":"index","follow":"follow","max-snippet":"max-snippet:-1","max-image-preview":"max-image-preview:large","max-video-preview":"max-video-preview:-1"},"canonical":"https:\/\/rntl.ch\/fitness\/produkt\/tunturi-platinum-tr30-core-pro-laufband-professionelles-lauf-kraft-und-rehabilitationsgeraet-bis-20-km-h-57-programme\/","og_locale":"de_DE","og_type":"article","og_title":"Tunturi Platinum TR30 Core Pro Laufband \u2013 Professionelles Lauf-, Kraft- und Rehabilitationsger\u00e4t | Bis 20 km\/h & 57 Programme - RNTL Fitness","og_description":"Das Tunturi Platinum TR30 Core Pro Laufband bietet vielseitiges Training f\u00fcr zu Hause oder professionelle Einrichtungen. Mit 57 Programmen, einer Geschwindigkeit von bis zu 20 km\/h und Steigungswinkeln bis zu 15% bietet es optimale Trainingsbedingungen f\u00fcr Anf\u00e4nger und Profis. Kompatibel mit Apps wie Tunturi Routes und Zwift \u2013 erleben Sie interaktives Training in \u00fcber 50.000 Locations weltweit.","og_url":"https:\/\/rntl.ch\/fitness\/produkt\/tunturi-platinum-tr30-core-pro-laufband-professionelles-lauf-kraft-und-rehabilitationsgeraet-bis-20-km-h-57-programme\/","og_site_name":"RNTL Fitness","article_modified_time":"2024-10-23T08:40:44+00:00","og_image":[{"width":800,"height":800,"url":"https:\/\/rntl.ch\/fitness\/wp-content\/uploads\/sites\/3\/2024\/10\/1-1.jpg","type":"image\/jpeg"}],"twitter_card":"summary_large_image","twitter_misc":{"Gesch\u00e4tzte Lesezeit":"2\u00a0Minuten"},"schema":{"@context":"https:\/\/schema.org","@graph":[{"@type":"WebPage","@id":"https:\/\/rntl.ch\/fitness\/produkt\/tunturi-platinum-tr30-core-pro-laufband-professionelles-lauf-kraft-und-rehabilitationsgeraet-bis-20-km-h-57-programme\/","url":"https:\/\/rntl.ch\/fitness\/produkt\/tunturi-platinum-tr30-core-pro-laufband-professionelles-lauf-kraft-und-rehabilitationsgeraet-bis-20-km-h-57-programme\/","name":"Tunturi Platinum TR30 Core Pro Laufband \u2013 Professionelles Lauf-, Kraft- und Rehabilitationsger\u00e4t | Bis 20 km\/h & 57 Programme - RNTL Fitness","isPartOf":{"@id":"https:\/\/rntl.ch\/fitness\/#website"},"primaryImageOfPage":{"@id":"https:\/\/rntl.ch\/fitness\/produkt\/tunturi-platinum-tr30-core-pro-laufband-professionelles-lauf-kraft-und-rehabilitationsgeraet-bis-20-km-h-57-programme\/#primaryimage"},"image":{"@id":"https:\/\/rntl.ch\/fitness\/produkt\/tunturi-platinum-tr30-core-pro-laufband-professionelles-lauf-kraft-und-rehabilitationsgeraet-bis-20-km-h-57-programme\/#primaryimage"},"thumbnailUrl":"https:\/\/rntl.ch\/fitness\/wp-content\/uploads\/sites\/3\/2024\/10\/1-1.jpg","datePublished":"2024-10-18T09:47:21+00:00","dateModified":"2024-10-23T08:40:44+00:00","description":"Das Tunturi Platinum TR30 Core Pro Laufband bietet vielseitiges Training f\u00fcr zu Hause oder professionelle Einrichtungen. Mit 57 Programmen, einer Geschwindigkeit von bis zu 20 km\/h und Steigungswinkeln bis zu 15% bietet es optimale Trainingsbedingungen f\u00fcr Anf\u00e4nger und Profis. Kompatibel mit Apps wie Tunturi Routes und Zwift \u2013 erleben Sie interaktives Training in \u00fcber 50.000 Locations weltweit.","breadcrumb":{"@id":"https:\/\/rntl.ch\/fitness\/produkt\/tunturi-platinum-tr30-core-pro-laufband-professionelles-lauf-kraft-und-rehabilitationsgeraet-bis-20-km-h-57-programme\/#breadcrumb"},"inLanguage":"de","potentialAction":[{"@type":"ReadAction","target":["https:\/\/rntl.ch\/fitness\/produkt\/tunturi-platinum-tr30-core-pro-laufband-professionelles-lauf-kraft-und-rehabilitationsgeraet-bis-20-km-h-57-programme\/"]}]},{"@type":"ImageObject","inLanguage":"de","@id":"https:\/\/rntl.ch\/fitness\/produkt\/tunturi-platinum-tr30-core-pro-laufband-professionelles-lauf-kraft-und-rehabilitationsgeraet-bis-20-km-h-57-programme\/#primaryimage","url":"https:\/\/rntl.ch\/fitness\/wp-content\/uploads\/sites\/3\/2024\/10\/1-1.jpg","contentUrl":"https:\/\/rntl.ch\/fitness\/wp-content\/uploads\/sites\/3\/2024\/10\/1-1.jpg","width":800,"height":800},{"@type":"BreadcrumbList","@id":"https:\/\/rntl.ch\/fitness\/produkt\/tunturi-platinum-tr30-core-pro-laufband-professionelles-lauf-kraft-und-rehabilitationsgeraet-bis-20-km-h-57-programme\/#breadcrumb","itemListElement":[{"@type":"ListItem","position":1,"name":"Startseite","item":"https:\/\/rntl.ch\/fitness\/"},{"@type":"ListItem","position":2,"name":"Shop","item":"https:\/\/rntl.ch\/fitness\/shop\/"},{"@type":"ListItem","position":3,"name":"Tunturi Platinum TR30 Core Pro Laufband \u2013 Professionelles Lauf-, Kraft- und Rehabilitationsger\u00e4t | Bis 20 km\/h &#038; 57 Programme"}]},{"@type":"WebSite","@id":"https:\/\/rntl.ch\/fitness\/#website","url":"https:\/\/rntl.ch\/fitness\/","name":"RNTL Fitness","description":"Mieten Einfach Anders","publisher":{"@id":"https:\/\/rntl.ch\/fitness\/#organization"},"potentialAction":[{"@type":"SearchAction","target":{"@type":"EntryPoint","urlTemplate":"https:\/\/rntl.ch\/fitness\/?s={search_term_string}"},"query-input":{"@type":"PropertyValueSpecification","valueRequired":true,"valueName":"search_term_string"}}],"inLanguage":"de"},{"@type":"Organization","@id":"https:\/\/rntl.ch\/fitness\/#organization","name":"RNTL Fitness","url":"https:\/\/rntl.ch\/fitness\/","logo":{"@type":"ImageObject","inLanguage":"de","@id":"https:\/\/rntl.ch\/fitness\/#\/schema\/logo\/image\/","url":"https:\/\/rntl.ch\/fitness\/wp-content\/uploads\/sites\/3\/2020\/11\/cropped-rntl_logo_white_530x150.png","contentUrl":"https:\/\/rntl.ch\/fitness\/wp-content\/uploads\/sites\/3\/2020\/11\/cropped-rntl_logo_white_530x150.png","width":530,"height":150,"caption":"RNTL Fitness"},"image":{"@id":"https:\/\/rntl.ch\/fitness\/#\/schema\/logo\/image\/"}}]}},"_links":{"self":[{"href":"https:\/\/rntl.ch\/fitness\/wp-json\/wp\/v2\/product\/30556","targetHints":{"allow":["GET"]}}],"collection":[{"href":"https:\/\/rntl.ch\/fitness\/wp-json\/wp\/v2\/product"}],"about":[{"href":"https:\/\/rntl.ch\/fitness\/wp-json\/wp\/v2\/types\/product"}],"version-history":[{"count":1,"href":"https:\/\/rntl.ch\/fitness\/wp-json\/wp\/v2\/product\/30556\/revisions"}],"predecessor-version":[{"id":30571,"href":"https:\/\/rntl.ch\/fitness\/wp-json\/wp\/v2\/product\/30556\/revisions\/30571"}],"wp:featuredmedia":[{"embeddable":true,"href":"https:\/\/rntl.ch\/fitness\/wp-json\/wp\/v2\/media\/30561"}],"wp:attachment":[{"href":"https:\/\/rntl.ch\/fitness\/wp-json\/wp\/v2\/media?parent=30556"}],"wp:term":[{"taxonomy":"product_brand","embeddable":true,"href":"https:\/\/rntl.ch\/fitness\/wp-json\/wp\/v2\/product_brand?post=30556"},{"taxonomy":"product_cat","embeddable":true,"href":"https:\/\/rntl.ch\/fitness\/wp-json\/wp\/v2\/product_cat?post=30556"},{"taxonomy":"product_tag","embeddable":true,"href":"https:\/\/rntl.ch\/fitness\/wp-json\/wp\/v2\/product_tag?post=30556"}],"curies":[{"name":"wp","href":"https:\/\/api.w.org\/{rel}","templated":true}]}}