{"id":30639,"date":"2024-10-23T10:14:02","date_gmt":"2024-10-23T08:14:02","guid":{"rendered":"https:\/\/rntl.ch\/fitness\/?post_type=product&#038;p=30639"},"modified":"2024-10-23T10:56:15","modified_gmt":"2024-10-23T08:56:15","slug":"precor-crosstrainer-5-37-halbprofi-geraet-occasion-2","status":"publish","type":"product","link":"https:\/\/rntl.ch\/fitness\/produkt\/precor-crosstrainer-5-37-halbprofi-geraet-occasion-2\/","title":{"rendered":"Precor Crosstrainer 5.37 Halbprofi-Ger\u00e4t Occasion"},"content":{"rendered":"<p>1 Jahr Garantie<\/p>\n<ul>\n<li>Ersatzteile und geschulte Service-Techniker in der Schweiz<\/li>\n<\/ul>\n<p>Der <strong>Precor EFX 5.37 Ellipsentrainer<\/strong> bietet dir vielseitige Trainingsm\u00f6glichkeiten f\u00fcr Zuhause. Dank der <strong>CrossRamp-Technologie<\/strong> kannst du den Neigungswinkel (15 bis 40 Grad) und die Schrittl\u00e4nge (21 bis 24,5 Zoll) individuell anpassen, um gezielt verschiedene Muskelgruppen wie Ges\u00e4\u00df, Oberschenkel und Waden zu trainieren. Die <strong>Convertible Arms<\/strong> erm\u00f6glichen es dir, zwischen Unterk\u00f6rper- und Ganzk\u00f6rper-Training zu wechseln, was f\u00fcr noch mehr Abwechslung sorgt.<\/p>\n<h4><strong>Hauptmerkmale:<\/strong><\/h4>\n<ul>\n<li><strong>Verstellbare CrossRamp<\/strong>: Zielt mit einem Neigungswinkel von 15 bis 40 Grad auf unterschiedliche Muskelgruppen ab.<\/li>\n<li><strong>Herzfrequenz\u00fcberwachung<\/strong>: \u00dcberwache deine Herzfrequenz mit Handpulssensoren oder dem <strong>Polar-Brustgurt<\/strong>.<\/li>\n<li><strong>Convertible Arms<\/strong>: Wechsle einfach zwischen feststehenden oder beweglichen Griffen f\u00fcr Unterk\u00f6rper- oder Ganzk\u00f6rper-Training.<\/li>\n<li><strong>Individuelle Trainingsprogramme<\/strong>: 15 Programme, darunter Gewichtsverlust, Herzfrequenz- und Intervalltraining.<\/li>\n<li><strong>Ergonomische Konsole<\/strong>: Benutzerfreundliches Tap-Control-Display mit Anzeige von Herzfrequenz, Kalorienverbrauch und Trainingsdauer.<\/li>\n<li><strong>R\u00fcckw\u00e4rts- und Vorw\u00e4rtsbewegung<\/strong>: F\u00fcr gezieltes Training verschiedener Muskelgruppen.<\/li>\n<\/ul>\n<h4><strong>Zus\u00e4tzliche Funktionen:<\/strong><\/h4>\n<ul>\n<li><strong>20 Widerstandsstufen<\/strong>: Elektromagnetischer Widerstand von 10 bis 625 Watt.<\/li>\n<li><strong>Praktische Ablagen<\/strong>: Halterungen f\u00fcr Wasserflasche, MP3-Player und Magazine.<\/li>\n<li><strong>Benutzerfreundliches Design<\/strong>: QuickStart-Funktion und vier Benutzerprofile f\u00fcr verschiedene Nutzer.<\/li>\n<li><strong>Sicherheitsverriegelung<\/strong>: Fixiert die Pedale, wenn das Ger\u00e4t nicht in Gebrauch ist.<\/li>\n<\/ul>\n<h4><strong>Technische Daten:<\/strong><\/h4>\n<ul>\n<li><strong>Gewicht<\/strong>: 109 kg<\/li>\n<li><strong>Ma\u00dfe<\/strong>: 213 cm L x 79 cm B x 160 cm H<\/li>\n<li><strong>Schrittl\u00e4nge<\/strong>: 53 bis 62 cm<\/li>\n<li><strong>Widerstandsstufen<\/strong>: 20<\/li>\n<li><strong>Programme<\/strong>: 15 verschiedene Programme<\/li>\n<\/ul>\n<p>Bringe dein Training mit dem <strong>Precor EFX 5.37 Ellipsentrainer<\/strong> auf das n\u00e4chste Level \u2013 die perfekte Kombination aus Funktionalit\u00e4t, Komfort und personalisierten Workouts.<\/p>\n<p>&nbsp;<\/p>\n","protected":false},"excerpt":{"rendered":"<p><strong>Der Precor EFX 5.37 Ellipsentrainer<\/strong> f\u00fcr h\u00f6chsten Komfort entwickelt und bietet <strong>integrierte Herzfrequenzmessung<\/strong> \u00fcber Handpulssensoren oder kabellose Telemetrie. W\u00e4hle aus 15 verschiedenen Trainingsprogrammen, personalisiere dein Workout und verfolge deine Fortschritte dank fortschrittlicher \u00dcberwachungsfunktionen.<\/p>\n<p><strong>Kaufpreis [woo_custom_field id=\"rntl_retail_price_field\"].-<\/strong><\/p>\n[rntl_page_content id=\"14687\"]\n<div class=\"woocommerce-product-details__short-description\">\n<p>&nbsp;<\/p>\n<\/div>\n","protected":false},"featured_media":30633,"template":"","meta":{"content-type":""},"product_brand":[],"product_cat":[23],"product_tag":[26,108],"class_list":{"0":"post-30639","1":"product","2":"type-product","3":"status-publish","4":"has-post-thumbnail","6":"product_cat-crosstrainer","7":"product_tag-kaufen","8":"product_tag-kaufen-gebraucht","9":"product_shipping_class-schwer","10":"tm-no-options","12":"first","13":"instock","14":"sale","15":"taxable","16":"shipping-taxable","17":"purchasable","18":"product-type-simple"},"yoast_head":"<!-- This site is optimized with the Yoast SEO plugin v26.3 - https:\/\/yoast.com\/wordpress\/plugins\/seo\/ -->\n<title>Precor Crosstrainer 5.37 Halbprofi-Ger\u00e4t Occasion - RNTL Fitness<\/title>\n<meta name=\"description\" content=\"Der Precor EFX 5.37 Ellipsentrainer bietet individuelles Heimtraining mit verstellbarem Neigungswinkel, 15 Programmen und Herzfrequenz\u00fcberwachung. Erlebe ein komfortables und effektives Ganzk\u00f6rper-Workout mit dem hochwertigen Precor Ellipsentrainer. Perfekt f\u00fcr Fitness zu Hause!\" \/>\n<meta name=\"robots\" content=\"index, follow, max-snippet:-1, max-image-preview:large, max-video-preview:-1\" \/>\n<link rel=\"canonical\" href=\"https:\/\/rntl.ch\/fitness\/produkt\/precor-crosstrainer-5-37-halbprofi-geraet-occasion-2\/\" \/>\n<meta property=\"og:locale\" content=\"de_DE\" \/>\n<meta property=\"og:type\" content=\"article\" \/>\n<meta property=\"og:title\" content=\"Precor Crosstrainer 5.37 Halbprofi-Ger\u00e4t Occasion - RNTL Fitness\" \/>\n<meta property=\"og:description\" content=\"Der Precor EFX 5.37 Ellipsentrainer bietet individuelles Heimtraining mit verstellbarem Neigungswinkel, 15 Programmen und Herzfrequenz\u00fcberwachung. Erlebe ein komfortables und effektives Ganzk\u00f6rper-Workout mit dem hochwertigen Precor Ellipsentrainer. Perfekt f\u00fcr Fitness zu Hause!\" \/>\n<meta property=\"og:url\" content=\"https:\/\/rntl.ch\/fitness\/produkt\/precor-crosstrainer-5-37-halbprofi-geraet-occasion-2\/\" \/>\n<meta property=\"og:site_name\" content=\"RNTL Fitness\" \/>\n<meta property=\"article:modified_time\" content=\"2024-10-23T08:56:15+00:00\" \/>\n<meta property=\"og:image\" content=\"https:\/\/rntl.ch\/fitness\/wp-content\/uploads\/sites\/3\/2024\/10\/1-2.jpg\" \/>\n\t<meta property=\"og:image:width\" content=\"800\" \/>\n\t<meta property=\"og:image:height\" content=\"800\" \/>\n\t<meta property=\"og:image:type\" content=\"image\/jpeg\" \/>\n<meta name=\"twitter:card\" content=\"summary_large_image\" \/>\n<meta name=\"twitter:label1\" content=\"Gesch\u00e4tzte Lesezeit\" \/>\n\t<meta name=\"twitter:data1\" content=\"2\u00a0Minuten\" \/>\n<script type=\"application\/ld+json\" class=\"yoast-schema-graph\">{\"@context\":\"https:\/\/schema.org\",\"@graph\":[{\"@type\":\"WebPage\",\"@id\":\"https:\/\/rntl.ch\/fitness\/produkt\/precor-crosstrainer-5-37-halbprofi-geraet-occasion-2\/\",\"url\":\"https:\/\/rntl.ch\/fitness\/produkt\/precor-crosstrainer-5-37-halbprofi-geraet-occasion-2\/\",\"name\":\"Precor Crosstrainer 5.37 Halbprofi-Ger\u00e4t Occasion - RNTL Fitness\",\"isPartOf\":{\"@id\":\"https:\/\/rntl.ch\/fitness\/#website\"},\"primaryImageOfPage\":{\"@id\":\"https:\/\/rntl.ch\/fitness\/produkt\/precor-crosstrainer-5-37-halbprofi-geraet-occasion-2\/#primaryimage\"},\"image\":{\"@id\":\"https:\/\/rntl.ch\/fitness\/produkt\/precor-crosstrainer-5-37-halbprofi-geraet-occasion-2\/#primaryimage\"},\"thumbnailUrl\":\"https:\/\/rntl.ch\/fitness\/wp-content\/uploads\/sites\/3\/2024\/10\/1-2.jpg\",\"datePublished\":\"2024-10-23T08:14:02+00:00\",\"dateModified\":\"2024-10-23T08:56:15+00:00\",\"description\":\"Der Precor EFX 5.37 Ellipsentrainer bietet individuelles Heimtraining mit verstellbarem Neigungswinkel, 15 Programmen und Herzfrequenz\u00fcberwachung. Erlebe ein komfortables und effektives Ganzk\u00f6rper-Workout mit dem hochwertigen Precor Ellipsentrainer. Perfekt f\u00fcr Fitness zu Hause!\",\"breadcrumb\":{\"@id\":\"https:\/\/rntl.ch\/fitness\/produkt\/precor-crosstrainer-5-37-halbprofi-geraet-occasion-2\/#breadcrumb\"},\"inLanguage\":\"de\",\"potentialAction\":[{\"@type\":\"ReadAction\",\"target\":[\"https:\/\/rntl.ch\/fitness\/produkt\/precor-crosstrainer-5-37-halbprofi-geraet-occasion-2\/\"]}]},{\"@type\":\"ImageObject\",\"inLanguage\":\"de\",\"@id\":\"https:\/\/rntl.ch\/fitness\/produkt\/precor-crosstrainer-5-37-halbprofi-geraet-occasion-2\/#primaryimage\",\"url\":\"https:\/\/rntl.ch\/fitness\/wp-content\/uploads\/sites\/3\/2024\/10\/1-2.jpg\",\"contentUrl\":\"https:\/\/rntl.ch\/fitness\/wp-content\/uploads\/sites\/3\/2024\/10\/1-2.jpg\",\"width\":800,\"height\":800},{\"@type\":\"BreadcrumbList\",\"@id\":\"https:\/\/rntl.ch\/fitness\/produkt\/precor-crosstrainer-5-37-halbprofi-geraet-occasion-2\/#breadcrumb\",\"itemListElement\":[{\"@type\":\"ListItem\",\"position\":1,\"name\":\"Startseite\",\"item\":\"https:\/\/rntl.ch\/fitness\/\"},{\"@type\":\"ListItem\",\"position\":2,\"name\":\"Shop\",\"item\":\"https:\/\/rntl.ch\/fitness\/shop\/\"},{\"@type\":\"ListItem\",\"position\":3,\"name\":\"Precor Crosstrainer 5.37 Halbprofi-Ger\u00e4t Occasion\"}]},{\"@type\":\"WebSite\",\"@id\":\"https:\/\/rntl.ch\/fitness\/#website\",\"url\":\"https:\/\/rntl.ch\/fitness\/\",\"name\":\"RNTL Fitness\",\"description\":\"Mieten Einfach Anders\",\"publisher\":{\"@id\":\"https:\/\/rntl.ch\/fitness\/#organization\"},\"potentialAction\":[{\"@type\":\"SearchAction\",\"target\":{\"@type\":\"EntryPoint\",\"urlTemplate\":\"https:\/\/rntl.ch\/fitness\/?s={search_term_string}\"},\"query-input\":{\"@type\":\"PropertyValueSpecification\",\"valueRequired\":true,\"valueName\":\"search_term_string\"}}],\"inLanguage\":\"de\"},{\"@type\":\"Organization\",\"@id\":\"https:\/\/rntl.ch\/fitness\/#organization\",\"name\":\"RNTL Fitness\",\"url\":\"https:\/\/rntl.ch\/fitness\/\",\"logo\":{\"@type\":\"ImageObject\",\"inLanguage\":\"de\",\"@id\":\"https:\/\/rntl.ch\/fitness\/#\/schema\/logo\/image\/\",\"url\":\"https:\/\/rntl.ch\/fitness\/wp-content\/uploads\/sites\/3\/2020\/11\/cropped-rntl_logo_white_530x150.png\",\"contentUrl\":\"https:\/\/rntl.ch\/fitness\/wp-content\/uploads\/sites\/3\/2020\/11\/cropped-rntl_logo_white_530x150.png\",\"width\":530,\"height\":150,\"caption\":\"RNTL Fitness\"},\"image\":{\"@id\":\"https:\/\/rntl.ch\/fitness\/#\/schema\/logo\/image\/\"}}]}<\/script>\n<!-- \/ Yoast SEO plugin. -->","yoast_head_json":{"title":"Precor Crosstrainer 5.37 Halbprofi-Ger\u00e4t Occasion - RNTL Fitness","description":"Der Precor EFX 5.37 Ellipsentrainer bietet individuelles Heimtraining mit verstellbarem Neigungswinkel, 15 Programmen und Herzfrequenz\u00fcberwachung. Erlebe ein komfortables und effektives Ganzk\u00f6rper-Workout mit dem hochwertigen Precor Ellipsentrainer. Perfekt f\u00fcr Fitness zu Hause!","robots":{"index":"index","follow":"follow","max-snippet":"max-snippet:-1","max-image-preview":"max-image-preview:large","max-video-preview":"max-video-preview:-1"},"canonical":"https:\/\/rntl.ch\/fitness\/produkt\/precor-crosstrainer-5-37-halbprofi-geraet-occasion-2\/","og_locale":"de_DE","og_type":"article","og_title":"Precor Crosstrainer 5.37 Halbprofi-Ger\u00e4t Occasion - RNTL Fitness","og_description":"Der Precor EFX 5.37 Ellipsentrainer bietet individuelles Heimtraining mit verstellbarem Neigungswinkel, 15 Programmen und Herzfrequenz\u00fcberwachung. Erlebe ein komfortables und effektives Ganzk\u00f6rper-Workout mit dem hochwertigen Precor Ellipsentrainer. Perfekt f\u00fcr Fitness zu Hause!","og_url":"https:\/\/rntl.ch\/fitness\/produkt\/precor-crosstrainer-5-37-halbprofi-geraet-occasion-2\/","og_site_name":"RNTL Fitness","article_modified_time":"2024-10-23T08:56:15+00:00","og_image":[{"width":800,"height":800,"url":"https:\/\/rntl.ch\/fitness\/wp-content\/uploads\/sites\/3\/2024\/10\/1-2.jpg","type":"image\/jpeg"}],"twitter_card":"summary_large_image","twitter_misc":{"Gesch\u00e4tzte Lesezeit":"2\u00a0Minuten"},"schema":{"@context":"https:\/\/schema.org","@graph":[{"@type":"WebPage","@id":"https:\/\/rntl.ch\/fitness\/produkt\/precor-crosstrainer-5-37-halbprofi-geraet-occasion-2\/","url":"https:\/\/rntl.ch\/fitness\/produkt\/precor-crosstrainer-5-37-halbprofi-geraet-occasion-2\/","name":"Precor Crosstrainer 5.37 Halbprofi-Ger\u00e4t Occasion - RNTL Fitness","isPartOf":{"@id":"https:\/\/rntl.ch\/fitness\/#website"},"primaryImageOfPage":{"@id":"https:\/\/rntl.ch\/fitness\/produkt\/precor-crosstrainer-5-37-halbprofi-geraet-occasion-2\/#primaryimage"},"image":{"@id":"https:\/\/rntl.ch\/fitness\/produkt\/precor-crosstrainer-5-37-halbprofi-geraet-occasion-2\/#primaryimage"},"thumbnailUrl":"https:\/\/rntl.ch\/fitness\/wp-content\/uploads\/sites\/3\/2024\/10\/1-2.jpg","datePublished":"2024-10-23T08:14:02+00:00","dateModified":"2024-10-23T08:56:15+00:00","description":"Der Precor EFX 5.37 Ellipsentrainer bietet individuelles Heimtraining mit verstellbarem Neigungswinkel, 15 Programmen und Herzfrequenz\u00fcberwachung. Erlebe ein komfortables und effektives Ganzk\u00f6rper-Workout mit dem hochwertigen Precor Ellipsentrainer. Perfekt f\u00fcr Fitness zu Hause!","breadcrumb":{"@id":"https:\/\/rntl.ch\/fitness\/produkt\/precor-crosstrainer-5-37-halbprofi-geraet-occasion-2\/#breadcrumb"},"inLanguage":"de","potentialAction":[{"@type":"ReadAction","target":["https:\/\/rntl.ch\/fitness\/produkt\/precor-crosstrainer-5-37-halbprofi-geraet-occasion-2\/"]}]},{"@type":"ImageObject","inLanguage":"de","@id":"https:\/\/rntl.ch\/fitness\/produkt\/precor-crosstrainer-5-37-halbprofi-geraet-occasion-2\/#primaryimage","url":"https:\/\/rntl.ch\/fitness\/wp-content\/uploads\/sites\/3\/2024\/10\/1-2.jpg","contentUrl":"https:\/\/rntl.ch\/fitness\/wp-content\/uploads\/sites\/3\/2024\/10\/1-2.jpg","width":800,"height":800},{"@type":"BreadcrumbList","@id":"https:\/\/rntl.ch\/fitness\/produkt\/precor-crosstrainer-5-37-halbprofi-geraet-occasion-2\/#breadcrumb","itemListElement":[{"@type":"ListItem","position":1,"name":"Startseite","item":"https:\/\/rntl.ch\/fitness\/"},{"@type":"ListItem","position":2,"name":"Shop","item":"https:\/\/rntl.ch\/fitness\/shop\/"},{"@type":"ListItem","position":3,"name":"Precor Crosstrainer 5.37 Halbprofi-Ger\u00e4t Occasion"}]},{"@type":"WebSite","@id":"https:\/\/rntl.ch\/fitness\/#website","url":"https:\/\/rntl.ch\/fitness\/","name":"RNTL Fitness","description":"Mieten Einfach Anders","publisher":{"@id":"https:\/\/rntl.ch\/fitness\/#organization"},"potentialAction":[{"@type":"SearchAction","target":{"@type":"EntryPoint","urlTemplate":"https:\/\/rntl.ch\/fitness\/?s={search_term_string}"},"query-input":{"@type":"PropertyValueSpecification","valueRequired":true,"valueName":"search_term_string"}}],"inLanguage":"de"},{"@type":"Organization","@id":"https:\/\/rntl.ch\/fitness\/#organization","name":"RNTL Fitness","url":"https:\/\/rntl.ch\/fitness\/","logo":{"@type":"ImageObject","inLanguage":"de","@id":"https:\/\/rntl.ch\/fitness\/#\/schema\/logo\/image\/","url":"https:\/\/rntl.ch\/fitness\/wp-content\/uploads\/sites\/3\/2020\/11\/cropped-rntl_logo_white_530x150.png","contentUrl":"https:\/\/rntl.ch\/fitness\/wp-content\/uploads\/sites\/3\/2020\/11\/cropped-rntl_logo_white_530x150.png","width":530,"height":150,"caption":"RNTL Fitness"},"image":{"@id":"https:\/\/rntl.ch\/fitness\/#\/schema\/logo\/image\/"}}]}},"_links":{"self":[{"href":"https:\/\/rntl.ch\/fitness\/wp-json\/wp\/v2\/product\/30639","targetHints":{"allow":["GET"]}}],"collection":[{"href":"https:\/\/rntl.ch\/fitness\/wp-json\/wp\/v2\/product"}],"about":[{"href":"https:\/\/rntl.ch\/fitness\/wp-json\/wp\/v2\/types\/product"}],"version-history":[{"count":2,"href":"https:\/\/rntl.ch\/fitness\/wp-json\/wp\/v2\/product\/30639\/revisions"}],"predecessor-version":[{"id":30646,"href":"https:\/\/rntl.ch\/fitness\/wp-json\/wp\/v2\/product\/30639\/revisions\/30646"}],"wp:featuredmedia":[{"embeddable":true,"href":"https:\/\/rntl.ch\/fitness\/wp-json\/wp\/v2\/media\/30633"}],"wp:attachment":[{"href":"https:\/\/rntl.ch\/fitness\/wp-json\/wp\/v2\/media?parent=30639"}],"wp:term":[{"taxonomy":"product_brand","embeddable":true,"href":"https:\/\/rntl.ch\/fitness\/wp-json\/wp\/v2\/product_brand?post=30639"},{"taxonomy":"product_cat","embeddable":true,"href":"https:\/\/rntl.ch\/fitness\/wp-json\/wp\/v2\/product_cat?post=30639"},{"taxonomy":"product_tag","embeddable":true,"href":"https:\/\/rntl.ch\/fitness\/wp-json\/wp\/v2\/product_tag?post=30639"}],"curies":[{"name":"wp","href":"https:\/\/api.w.org\/{rel}","templated":true}]}}