{"id":31219,"date":"2024-12-04T09:20:30","date_gmt":"2024-12-04T08:20:30","guid":{"rendered":"https:\/\/rntl.ch\/fitness\/?post_type=product&#038;p=31219"},"modified":"2025-08-28T16:33:14","modified_gmt":"2025-08-28T14:33:14","slug":"matrix-tf50-laufband-mit-xr-konsole-wir-vermieten-uebrigens-auch-laufbaender","status":"publish","type":"product","link":"https:\/\/rntl.ch\/fitness\/produkt\/matrix-tf50-laufband-mit-xr-konsole-wir-vermieten-uebrigens-auch-laufbaender\/","title":{"rendered":"Matrix TF50 Laufband mit XR-Konsole \u2013 Wir vermieten \u00fcbrigens auch Laufb\u00e4nder!"},"content":{"rendered":"<h3>Ultimate Deck System<\/h3>\n<p>Erleben Sie ein exklusives System mit einem robusten Rahmen, extra dickem Laufdeck und professionellen D\u00e4mpfungseigenschaften f\u00fcr jahrelange, zuverl\u00e4ssige Leistung.<\/p>\n<h3>Johnson Drive System<\/h3>\n<p>Das Johnson Drive System ist ein digitales Antriebssystem, das eine kontinuierlich starke und gleichzeitig ruhige Laufleistung bietet. Das exklusive Responsive Digital Drive System kalibriert sich bei jedem Schritt neu, um optimale Performance zu gew\u00e4hrleisten.<\/p>\n<h3>Ausstattung:<\/h3>\n<ul>\n<li><strong>Leistung<\/strong>: 3,25 PS digitales Johnson-Antriebssystem (Johnson Drive) &#8211; synchronisiert sich bei jedem Schritt neu<\/li>\n<li><strong>Display<\/strong>: 8,5&#8243; (21,6 cm) extra-breites, blau hinterleuchtetes LCD-Display mit Anzeige f\u00fcr verstrichene Zeit, verbleibende Zeit, Distanz, Kalorien, Geschwindigkeit, Tempo, Herzfrequenz und Steigung %<\/li>\n<li><strong>Programme<\/strong>: 5 Programme: Manuell, H\u00fcgel, Intervall (Steigung), Zielherzfrequenz (Geschwindigkeit), Sprint 8 Trainingsprogramm*\n<ul>\n<li><strong>Sprint 8 Trainingsprogramm<\/strong>: Ein anaerobes Trainingsprogramm, das die nat\u00fcrliche Erzeugung von Wachstumshormonen f\u00f6rdert und somit zur Gewichtsreduktion, Muskelaufbau und Alterungsvorbeugung beitr\u00e4gt<\/li>\n<\/ul>\n<\/li>\n<li><strong>Konnektivit\u00e4t<\/strong>: Advanced Bluetooth &#8211; verbinden Sie kabellose Kopfh\u00f6rer oder den optional erh\u00e4ltlichen Bluetooth-Herzfrequenzmesser und nutzen Sie beliebte Trainings-Apps \u00fcber Bluetooth<\/li>\n<li><strong>Funktionen<\/strong>: Quick Start Funktion, Soft-Touch-Tasten<\/li>\n<li><strong>Lauffl\u00e4che<\/strong>: 51 x 152 cm<\/li>\n<li><strong>Geschwindigkeit<\/strong>: 0,8 &#8211; 20 km\/h<\/li>\n<li><strong>Steigung<\/strong>: 0 &#8211; 15 %<\/li>\n<li><strong>Aufbewahrung<\/strong>: Easy Fold klappbarer Rahmen f\u00fcr platzsparende Aufbewahrung &#8211; mit einem dynamischen Klappmechanismus, der das Laufband nahezu senkrecht anhebt und mit vier Transportrollen leicht zu verstauen ist. Zum Laufen einfach entriegeln, und das Deck senkt sich sanft ab.<\/li>\n<li><strong>Transport<\/strong>: Bequemes 4-Rollen-Transportsystem<\/li>\n<li><strong>D\u00e4mpfung<\/strong>: Ultimate Deck System &#8211; sorgt f\u00fcr jahrelange, zuverl\u00e4ssige Leistung<\/li>\n<li><strong>Konstruktion<\/strong>: Aluminium-Seitenschienen<\/li>\n<li><strong>Laufband<\/strong>: 2-lagig, 2,2 mm dick<\/li>\n<li><strong>Deck<\/strong>: 2,5 cm stark<\/li>\n<li><strong>Griffe<\/strong>: Station\u00e4re Griffe mit Quick-Keys zur Widerstands- und Steigungseinstellung<\/li>\n<li><strong>Sensoren<\/strong>: Handpulssensoren<\/li>\n<\/ul>\n","protected":false},"excerpt":{"rendered":"<p>Das exklusives Johnson Drive System mit dem Ultimate Deck System garantieren tausende Kilometer Laufspa\u00df.<\/p>\n<p><span style=\"font-weight: 400;\">[rntl_page_content id=\"19556\"]<\/span><\/p>\n<div class=\"woocommerce-product-details__short-description\">\n<p>&nbsp;<\/p>\n<\/div>\n","protected":false},"featured_media":28668,"template":"","meta":{"content-type":""},"product_brand":[154],"product_cat":[28],"product_tag":[26,107],"class_list":{"0":"post-31219","1":"product","2":"type-product","3":"status-publish","4":"has-post-thumbnail","6":"product_brand-matrix","7":"product_cat-laufbaender","8":"product_tag-kaufen","9":"product_tag-kaufen-neu","10":"product_shipping_class-schwer","11":"tm-no-options","13":"first","14":"instock","15":"sale","16":"taxable","17":"shipping-taxable","18":"purchasable","19":"product-type-simple"},"yoast_head":"<!-- This site is optimized with the Yoast SEO plugin v26.3 - https:\/\/yoast.com\/wordpress\/plugins\/seo\/ -->\n<title>Matrix TF50 Laufband mit XR-Konsole \u2013 Wir vermieten \u00fcbrigens auch Laufb\u00e4nder! - RNTL Fitness<\/title>\n<meta name=\"description\" content=\"Miete, kaufe, oder finanziere f\u00fcr Matrix TF50 Laufband mit XR-Konsole - Hochwertiges Fitnessger\u00e4t sehr langlebige Laufmatte.\" \/>\n<meta name=\"robots\" content=\"index, follow, max-snippet:-1, max-image-preview:large, max-video-preview:-1\" \/>\n<link rel=\"canonical\" href=\"https:\/\/rntl.ch\/fitness\/produkt\/matrix-tf50-laufband-mit-xr-konsole-wir-vermieten-uebrigens-auch-laufbaender\/\" \/>\n<meta property=\"og:locale\" content=\"de_DE\" \/>\n<meta property=\"og:type\" content=\"article\" \/>\n<meta property=\"og:title\" content=\"Matrix TF50 Laufband mit XR-Konsole \u2013 Wir vermieten \u00fcbrigens auch Laufb\u00e4nder! - RNTL Fitness\" \/>\n<meta property=\"og:description\" content=\"Miete, kaufe, oder finanziere f\u00fcr Matrix TF50 Laufband mit XR-Konsole - Hochwertiges Fitnessger\u00e4t sehr langlebige Laufmatte.\" \/>\n<meta property=\"og:url\" content=\"https:\/\/rntl.ch\/fitness\/produkt\/matrix-tf50-laufband-mit-xr-konsole-wir-vermieten-uebrigens-auch-laufbaender\/\" \/>\n<meta property=\"og:site_name\" content=\"RNTL Fitness\" \/>\n<meta property=\"article:modified_time\" content=\"2025-08-28T14:33:14+00:00\" \/>\n<meta property=\"og:image\" content=\"https:\/\/rntl.ch\/fitness\/wp-content\/uploads\/sites\/3\/2024\/06\/1.png\" \/>\n\t<meta property=\"og:image:width\" content=\"800\" \/>\n\t<meta property=\"og:image:height\" content=\"800\" \/>\n\t<meta property=\"og:image:type\" content=\"image\/png\" \/>\n<meta name=\"twitter:card\" content=\"summary_large_image\" \/>\n<meta name=\"twitter:label1\" content=\"Gesch\u00e4tzte Lesezeit\" \/>\n\t<meta name=\"twitter:data1\" content=\"2\u00a0Minuten\" \/>\n<script type=\"application\/ld+json\" class=\"yoast-schema-graph\">{\"@context\":\"https:\/\/schema.org\",\"@graph\":[{\"@type\":\"WebPage\",\"@id\":\"https:\/\/rntl.ch\/fitness\/produkt\/matrix-tf50-laufband-mit-xr-konsole-wir-vermieten-uebrigens-auch-laufbaender\/\",\"url\":\"https:\/\/rntl.ch\/fitness\/produkt\/matrix-tf50-laufband-mit-xr-konsole-wir-vermieten-uebrigens-auch-laufbaender\/\",\"name\":\"Matrix TF50 Laufband mit XR-Konsole \u2013 Wir vermieten \u00fcbrigens auch Laufb\u00e4nder! - RNTL Fitness\",\"isPartOf\":{\"@id\":\"https:\/\/rntl.ch\/fitness\/#website\"},\"primaryImageOfPage\":{\"@id\":\"https:\/\/rntl.ch\/fitness\/produkt\/matrix-tf50-laufband-mit-xr-konsole-wir-vermieten-uebrigens-auch-laufbaender\/#primaryimage\"},\"image\":{\"@id\":\"https:\/\/rntl.ch\/fitness\/produkt\/matrix-tf50-laufband-mit-xr-konsole-wir-vermieten-uebrigens-auch-laufbaender\/#primaryimage\"},\"thumbnailUrl\":\"https:\/\/rntl.ch\/fitness\/wp-content\/uploads\/sites\/3\/2024\/06\/1.png\",\"datePublished\":\"2024-12-04T08:20:30+00:00\",\"dateModified\":\"2025-08-28T14:33:14+00:00\",\"description\":\"Miete, kaufe, oder finanziere f\u00fcr Matrix TF50 Laufband mit XR-Konsole - Hochwertiges Fitnessger\u00e4t sehr langlebige Laufmatte.\",\"breadcrumb\":{\"@id\":\"https:\/\/rntl.ch\/fitness\/produkt\/matrix-tf50-laufband-mit-xr-konsole-wir-vermieten-uebrigens-auch-laufbaender\/#breadcrumb\"},\"inLanguage\":\"de\",\"potentialAction\":[{\"@type\":\"ReadAction\",\"target\":[\"https:\/\/rntl.ch\/fitness\/produkt\/matrix-tf50-laufband-mit-xr-konsole-wir-vermieten-uebrigens-auch-laufbaender\/\"]}]},{\"@type\":\"ImageObject\",\"inLanguage\":\"de\",\"@id\":\"https:\/\/rntl.ch\/fitness\/produkt\/matrix-tf50-laufband-mit-xr-konsole-wir-vermieten-uebrigens-auch-laufbaender\/#primaryimage\",\"url\":\"https:\/\/rntl.ch\/fitness\/wp-content\/uploads\/sites\/3\/2024\/06\/1.png\",\"contentUrl\":\"https:\/\/rntl.ch\/fitness\/wp-content\/uploads\/sites\/3\/2024\/06\/1.png\",\"width\":800,\"height\":800},{\"@type\":\"BreadcrumbList\",\"@id\":\"https:\/\/rntl.ch\/fitness\/produkt\/matrix-tf50-laufband-mit-xr-konsole-wir-vermieten-uebrigens-auch-laufbaender\/#breadcrumb\",\"itemListElement\":[{\"@type\":\"ListItem\",\"position\":1,\"name\":\"Startseite\",\"item\":\"https:\/\/rntl.ch\/fitness\/\"},{\"@type\":\"ListItem\",\"position\":2,\"name\":\"Shop\",\"item\":\"https:\/\/rntl.ch\/fitness\/shop\/\"},{\"@type\":\"ListItem\",\"position\":3,\"name\":\"Matrix TF50 Laufband mit XR-Konsole \u2013 Wir vermieten \u00fcbrigens auch Laufb\u00e4nder!\"}]},{\"@type\":\"WebSite\",\"@id\":\"https:\/\/rntl.ch\/fitness\/#website\",\"url\":\"https:\/\/rntl.ch\/fitness\/\",\"name\":\"RNTL Fitness\",\"description\":\"Mieten Einfach Anders\",\"publisher\":{\"@id\":\"https:\/\/rntl.ch\/fitness\/#organization\"},\"potentialAction\":[{\"@type\":\"SearchAction\",\"target\":{\"@type\":\"EntryPoint\",\"urlTemplate\":\"https:\/\/rntl.ch\/fitness\/?s={search_term_string}\"},\"query-input\":{\"@type\":\"PropertyValueSpecification\",\"valueRequired\":true,\"valueName\":\"search_term_string\"}}],\"inLanguage\":\"de\"},{\"@type\":\"Organization\",\"@id\":\"https:\/\/rntl.ch\/fitness\/#organization\",\"name\":\"RNTL Fitness\",\"url\":\"https:\/\/rntl.ch\/fitness\/\",\"logo\":{\"@type\":\"ImageObject\",\"inLanguage\":\"de\",\"@id\":\"https:\/\/rntl.ch\/fitness\/#\/schema\/logo\/image\/\",\"url\":\"https:\/\/rntl.ch\/fitness\/wp-content\/uploads\/sites\/3\/2020\/11\/cropped-rntl_logo_white_530x150.png\",\"contentUrl\":\"https:\/\/rntl.ch\/fitness\/wp-content\/uploads\/sites\/3\/2020\/11\/cropped-rntl_logo_white_530x150.png\",\"width\":530,\"height\":150,\"caption\":\"RNTL Fitness\"},\"image\":{\"@id\":\"https:\/\/rntl.ch\/fitness\/#\/schema\/logo\/image\/\"}}]}<\/script>\n<!-- \/ Yoast SEO plugin. -->","yoast_head_json":{"title":"Matrix TF50 Laufband mit XR-Konsole \u2013 Wir vermieten \u00fcbrigens auch Laufb\u00e4nder! - RNTL Fitness","description":"Miete, kaufe, oder finanziere f\u00fcr Matrix TF50 Laufband mit XR-Konsole - Hochwertiges Fitnessger\u00e4t sehr langlebige Laufmatte.","robots":{"index":"index","follow":"follow","max-snippet":"max-snippet:-1","max-image-preview":"max-image-preview:large","max-video-preview":"max-video-preview:-1"},"canonical":"https:\/\/rntl.ch\/fitness\/produkt\/matrix-tf50-laufband-mit-xr-konsole-wir-vermieten-uebrigens-auch-laufbaender\/","og_locale":"de_DE","og_type":"article","og_title":"Matrix TF50 Laufband mit XR-Konsole \u2013 Wir vermieten \u00fcbrigens auch Laufb\u00e4nder! - RNTL Fitness","og_description":"Miete, kaufe, oder finanziere f\u00fcr Matrix TF50 Laufband mit XR-Konsole - Hochwertiges Fitnessger\u00e4t sehr langlebige Laufmatte.","og_url":"https:\/\/rntl.ch\/fitness\/produkt\/matrix-tf50-laufband-mit-xr-konsole-wir-vermieten-uebrigens-auch-laufbaender\/","og_site_name":"RNTL Fitness","article_modified_time":"2025-08-28T14:33:14+00:00","og_image":[{"width":800,"height":800,"url":"https:\/\/rntl.ch\/fitness\/wp-content\/uploads\/sites\/3\/2024\/06\/1.png","type":"image\/png"}],"twitter_card":"summary_large_image","twitter_misc":{"Gesch\u00e4tzte Lesezeit":"2\u00a0Minuten"},"schema":{"@context":"https:\/\/schema.org","@graph":[{"@type":"WebPage","@id":"https:\/\/rntl.ch\/fitness\/produkt\/matrix-tf50-laufband-mit-xr-konsole-wir-vermieten-uebrigens-auch-laufbaender\/","url":"https:\/\/rntl.ch\/fitness\/produkt\/matrix-tf50-laufband-mit-xr-konsole-wir-vermieten-uebrigens-auch-laufbaender\/","name":"Matrix TF50 Laufband mit XR-Konsole \u2013 Wir vermieten \u00fcbrigens auch Laufb\u00e4nder! - RNTL Fitness","isPartOf":{"@id":"https:\/\/rntl.ch\/fitness\/#website"},"primaryImageOfPage":{"@id":"https:\/\/rntl.ch\/fitness\/produkt\/matrix-tf50-laufband-mit-xr-konsole-wir-vermieten-uebrigens-auch-laufbaender\/#primaryimage"},"image":{"@id":"https:\/\/rntl.ch\/fitness\/produkt\/matrix-tf50-laufband-mit-xr-konsole-wir-vermieten-uebrigens-auch-laufbaender\/#primaryimage"},"thumbnailUrl":"https:\/\/rntl.ch\/fitness\/wp-content\/uploads\/sites\/3\/2024\/06\/1.png","datePublished":"2024-12-04T08:20:30+00:00","dateModified":"2025-08-28T14:33:14+00:00","description":"Miete, kaufe, oder finanziere f\u00fcr Matrix TF50 Laufband mit XR-Konsole - Hochwertiges Fitnessger\u00e4t sehr langlebige Laufmatte.","breadcrumb":{"@id":"https:\/\/rntl.ch\/fitness\/produkt\/matrix-tf50-laufband-mit-xr-konsole-wir-vermieten-uebrigens-auch-laufbaender\/#breadcrumb"},"inLanguage":"de","potentialAction":[{"@type":"ReadAction","target":["https:\/\/rntl.ch\/fitness\/produkt\/matrix-tf50-laufband-mit-xr-konsole-wir-vermieten-uebrigens-auch-laufbaender\/"]}]},{"@type":"ImageObject","inLanguage":"de","@id":"https:\/\/rntl.ch\/fitness\/produkt\/matrix-tf50-laufband-mit-xr-konsole-wir-vermieten-uebrigens-auch-laufbaender\/#primaryimage","url":"https:\/\/rntl.ch\/fitness\/wp-content\/uploads\/sites\/3\/2024\/06\/1.png","contentUrl":"https:\/\/rntl.ch\/fitness\/wp-content\/uploads\/sites\/3\/2024\/06\/1.png","width":800,"height":800},{"@type":"BreadcrumbList","@id":"https:\/\/rntl.ch\/fitness\/produkt\/matrix-tf50-laufband-mit-xr-konsole-wir-vermieten-uebrigens-auch-laufbaender\/#breadcrumb","itemListElement":[{"@type":"ListItem","position":1,"name":"Startseite","item":"https:\/\/rntl.ch\/fitness\/"},{"@type":"ListItem","position":2,"name":"Shop","item":"https:\/\/rntl.ch\/fitness\/shop\/"},{"@type":"ListItem","position":3,"name":"Matrix TF50 Laufband mit XR-Konsole \u2013 Wir vermieten \u00fcbrigens auch Laufb\u00e4nder!"}]},{"@type":"WebSite","@id":"https:\/\/rntl.ch\/fitness\/#website","url":"https:\/\/rntl.ch\/fitness\/","name":"RNTL Fitness","description":"Mieten Einfach Anders","publisher":{"@id":"https:\/\/rntl.ch\/fitness\/#organization"},"potentialAction":[{"@type":"SearchAction","target":{"@type":"EntryPoint","urlTemplate":"https:\/\/rntl.ch\/fitness\/?s={search_term_string}"},"query-input":{"@type":"PropertyValueSpecification","valueRequired":true,"valueName":"search_term_string"}}],"inLanguage":"de"},{"@type":"Organization","@id":"https:\/\/rntl.ch\/fitness\/#organization","name":"RNTL Fitness","url":"https:\/\/rntl.ch\/fitness\/","logo":{"@type":"ImageObject","inLanguage":"de","@id":"https:\/\/rntl.ch\/fitness\/#\/schema\/logo\/image\/","url":"https:\/\/rntl.ch\/fitness\/wp-content\/uploads\/sites\/3\/2020\/11\/cropped-rntl_logo_white_530x150.png","contentUrl":"https:\/\/rntl.ch\/fitness\/wp-content\/uploads\/sites\/3\/2020\/11\/cropped-rntl_logo_white_530x150.png","width":530,"height":150,"caption":"RNTL Fitness"},"image":{"@id":"https:\/\/rntl.ch\/fitness\/#\/schema\/logo\/image\/"}}]}},"_links":{"self":[{"href":"https:\/\/rntl.ch\/fitness\/wp-json\/wp\/v2\/product\/31219","targetHints":{"allow":["GET"]}}],"collection":[{"href":"https:\/\/rntl.ch\/fitness\/wp-json\/wp\/v2\/product"}],"about":[{"href":"https:\/\/rntl.ch\/fitness\/wp-json\/wp\/v2\/types\/product"}],"version-history":[{"count":4,"href":"https:\/\/rntl.ch\/fitness\/wp-json\/wp\/v2\/product\/31219\/revisions"}],"predecessor-version":[{"id":31225,"href":"https:\/\/rntl.ch\/fitness\/wp-json\/wp\/v2\/product\/31219\/revisions\/31225"}],"wp:featuredmedia":[{"embeddable":true,"href":"https:\/\/rntl.ch\/fitness\/wp-json\/wp\/v2\/media\/28668"}],"wp:attachment":[{"href":"https:\/\/rntl.ch\/fitness\/wp-json\/wp\/v2\/media?parent=31219"}],"wp:term":[{"taxonomy":"product_brand","embeddable":true,"href":"https:\/\/rntl.ch\/fitness\/wp-json\/wp\/v2\/product_brand?post=31219"},{"taxonomy":"product_cat","embeddable":true,"href":"https:\/\/rntl.ch\/fitness\/wp-json\/wp\/v2\/product_cat?post=31219"},{"taxonomy":"product_tag","embeddable":true,"href":"https:\/\/rntl.ch\/fitness\/wp-json\/wp\/v2\/product_tag?post=31219"}],"curies":[{"name":"wp","href":"https:\/\/api.w.org\/{rel}","templated":true}]}}