{"id":31230,"date":"2024-12-04T10:43:27","date_gmt":"2024-12-04T09:43:27","guid":{"rendered":"https:\/\/rntl.ch\/fitness\/?post_type=product&#038;p=31230"},"modified":"2025-10-28T11:58:09","modified_gmt":"2025-10-28T10:58:09","slug":"matrix-fitness-a50xr-ascent-trainer-wir-vermieten-uebrigens-auch-ascent-trainer","status":"publish","type":"product","link":"https:\/\/rntl.ch\/fitness\/produkt\/matrix-fitness-a50xr-ascent-trainer-wir-vermieten-uebrigens-auch-ascent-trainer\/","title":{"rendered":"Matrix Fitness A50XER Ascent Trainer: Aussteller mit 2 Jahre Hersteller-Garantie"},"content":{"rendered":"<p>Der <strong>Matrix Fitness A50XER Ascent Trainer<\/strong> bietet ein au\u00dfergew\u00f6hnlich sanftes und komfortables Trainingserlebnis. Dank der <strong>PerfectStride\u2122-Technologie<\/strong> kombiniert er eine ideale Schrittbewegung mit ergonomisch korrekter Fu\u00dfstellung und einer variablen Schrittl\u00e4nge von 51 bis 61 cm, um ein nat\u00fcrliches Trainingsgef\u00fchl zu gew\u00e4hrleisten. Der Steigungsgrad ist elektronisch von 24 % bis 54 % einstellbar, sodass gezielt Muskelgruppen wie Ges\u00e4\u00df, Oberschenkel und Waden trainiert werden k\u00f6nnen. Die XER Konsole bietet ein 10 Zoll gro\u00dfes Touchscreen-Display mit einer intuitiven Benutzeroberfl\u00e4che, die einfachen Zugriff auf verschiedene Unterhaltungsangebote und Apps liefert. Inklusive WiFi und Bluetooth.<\/p>\n<p><strong>Hauptmerkmale:<\/strong><\/p>\n<ul>\n<li><strong>PerfectStride\u2122-Technologie<\/strong>: Sorgt f\u00fcr eine nat\u00fcrliche und ergonomische Bewegung.<\/li>\n<li><strong>Variable Schrittl\u00e4nge<\/strong>: Einstellbar zwischen 51 und 61 cm f\u00fcr individuellen Komfort.<\/li>\n<li><strong>Elektronische Steigungsverstellung<\/strong>: Anpassbar von 24 % bis 54 % zur gezielten Muskelansprache.<\/li>\n<li><strong>XR-Konsole<\/strong>: 10-Zoll-Touchscreen f\u00fcr klare Anzeige der Trainingsdaten.<\/li>\n<\/ul>\n<p><strong>Technische Daten:<\/strong><\/p>\n<ul>\n<li><strong>Schrittl\u00e4nge<\/strong>: 51\u201361 cm<\/li>\n<li><strong>Steigungsbereich<\/strong>: 24 %\u201354 %<\/li>\n<li><strong>Widerstandsstufen<\/strong>: 30 elektronisch einstellbare Stufen<\/li>\n<li><strong>Maximales Benutzergewicht<\/strong>: 147 kg<\/li>\n<li><strong>Abmessungen (L x B x H)<\/strong>: 191 cm x 86 cm x 174 cm<\/li>\n<li><strong>Gewicht<\/strong>: 133 kg<\/li>\n<\/ul>\n<p>&nbsp;<\/p>\n","protected":false},"excerpt":{"rendered":"<p>Matrix Fitness A50XER Ascent Trainer und heben Sie Ihr Training auf ein neues Level. Mit fortschrittlicher Technologie und durchdachtem Design ist er die ideale Wahl f\u00fcr anspruchsvolle Fitness-Enthusiasten.<\/p>\n<p>Leichte Kratzer am Rahmen, ansonsten neuwertig: 2 Jahre Hersteller-Garantie<\/p>\n<p><span style=\"font-weight: 400;\">[rntl_page_content id=\"24172\"]<\/span><\/p>\n<div class=\"woocommerce-product-details__short-description\">\n<p>&nbsp;<\/p>\n<\/div>\n","protected":false},"featured_media":35576,"template":"","meta":{"content-type":""},"product_brand":[154],"product_cat":[23],"product_tag":[26,108],"class_list":{"0":"post-31230","1":"product","2":"type-product","3":"status-publish","4":"has-post-thumbnail","6":"product_brand-matrix","7":"product_cat-crosstrainer","8":"product_tag-kaufen","9":"product_tag-kaufen-gebraucht","10":"product_shipping_class-schwer","11":"tm-no-options","13":"first","14":"outofstock","15":"sale","16":"taxable","17":"shipping-taxable","18":"purchasable","19":"product-type-simple"},"yoast_head":"<!-- This site is optimized with the Yoast SEO plugin v26.3 - https:\/\/yoast.com\/wordpress\/plugins\/seo\/ -->\n<title>Matrix Fitness A50XER Ascent Trainer: Aussteller mit 2 Jahre Hersteller-Garantie - RNTL Fitness<\/title>\n<meta name=\"description\" content=\"Meta-Beschreibung: Erleben Sie effektive Workouts mit dem Matrix Fitness A50XR Ascent Trainer. Dank PerfectStride\u2122-Technologie, variabler Schrittl\u00e4nge und elektronischer Steigungsverstellung bietet er ein nat\u00fcrliches und komfortables Trainingserlebnis. Jetzt entdecken!\" \/>\n<meta name=\"robots\" content=\"index, follow, max-snippet:-1, max-image-preview:large, max-video-preview:-1\" \/>\n<link rel=\"canonical\" href=\"https:\/\/rntl.ch\/fitness\/produkt\/matrix-fitness-a50xr-ascent-trainer-wir-vermieten-uebrigens-auch-ascent-trainer\/\" \/>\n<meta property=\"og:locale\" content=\"de_DE\" \/>\n<meta property=\"og:type\" content=\"article\" \/>\n<meta property=\"og:title\" content=\"Matrix Fitness A50XER Ascent Trainer: Aussteller mit 2 Jahre Hersteller-Garantie - RNTL Fitness\" \/>\n<meta property=\"og:description\" content=\"Meta-Beschreibung: Erleben Sie effektive Workouts mit dem Matrix Fitness A50XR Ascent Trainer. Dank PerfectStride\u2122-Technologie, variabler Schrittl\u00e4nge und elektronischer Steigungsverstellung bietet er ein nat\u00fcrliches und komfortables Trainingserlebnis. Jetzt entdecken!\" \/>\n<meta property=\"og:url\" content=\"https:\/\/rntl.ch\/fitness\/produkt\/matrix-fitness-a50xr-ascent-trainer-wir-vermieten-uebrigens-auch-ascent-trainer\/\" \/>\n<meta property=\"og:site_name\" content=\"RNTL Fitness\" \/>\n<meta property=\"article:modified_time\" content=\"2025-10-28T10:58:09+00:00\" \/>\n<meta property=\"og:image\" content=\"https:\/\/rntl.ch\/fitness\/wp-content\/uploads\/sites\/3\/2024\/12\/1-1.png\" \/>\n\t<meta property=\"og:image:width\" content=\"800\" \/>\n\t<meta property=\"og:image:height\" content=\"800\" \/>\n\t<meta property=\"og:image:type\" content=\"image\/png\" \/>\n<meta name=\"twitter:card\" content=\"summary_large_image\" \/>\n<meta name=\"twitter:label1\" content=\"Gesch\u00e4tzte Lesezeit\" \/>\n\t<meta name=\"twitter:data1\" content=\"2\u00a0Minuten\" \/>\n<script type=\"application\/ld+json\" class=\"yoast-schema-graph\">{\"@context\":\"https:\/\/schema.org\",\"@graph\":[{\"@type\":\"WebPage\",\"@id\":\"https:\/\/rntl.ch\/fitness\/produkt\/matrix-fitness-a50xr-ascent-trainer-wir-vermieten-uebrigens-auch-ascent-trainer\/\",\"url\":\"https:\/\/rntl.ch\/fitness\/produkt\/matrix-fitness-a50xr-ascent-trainer-wir-vermieten-uebrigens-auch-ascent-trainer\/\",\"name\":\"Matrix Fitness A50XER Ascent Trainer: Aussteller mit 2 Jahre Hersteller-Garantie - RNTL Fitness\",\"isPartOf\":{\"@id\":\"https:\/\/rntl.ch\/fitness\/#website\"},\"primaryImageOfPage\":{\"@id\":\"https:\/\/rntl.ch\/fitness\/produkt\/matrix-fitness-a50xr-ascent-trainer-wir-vermieten-uebrigens-auch-ascent-trainer\/#primaryimage\"},\"image\":{\"@id\":\"https:\/\/rntl.ch\/fitness\/produkt\/matrix-fitness-a50xr-ascent-trainer-wir-vermieten-uebrigens-auch-ascent-trainer\/#primaryimage\"},\"thumbnailUrl\":\"https:\/\/rntl.ch\/fitness\/wp-content\/uploads\/sites\/3\/2024\/12\/1-1.png\",\"datePublished\":\"2024-12-04T09:43:27+00:00\",\"dateModified\":\"2025-10-28T10:58:09+00:00\",\"description\":\"Meta-Beschreibung: Erleben Sie effektive Workouts mit dem Matrix Fitness A50XR Ascent Trainer. Dank PerfectStride\u2122-Technologie, variabler Schrittl\u00e4nge und elektronischer Steigungsverstellung bietet er ein nat\u00fcrliches und komfortables Trainingserlebnis. Jetzt entdecken!\",\"breadcrumb\":{\"@id\":\"https:\/\/rntl.ch\/fitness\/produkt\/matrix-fitness-a50xr-ascent-trainer-wir-vermieten-uebrigens-auch-ascent-trainer\/#breadcrumb\"},\"inLanguage\":\"de\",\"potentialAction\":[{\"@type\":\"ReadAction\",\"target\":[\"https:\/\/rntl.ch\/fitness\/produkt\/matrix-fitness-a50xr-ascent-trainer-wir-vermieten-uebrigens-auch-ascent-trainer\/\"]}]},{\"@type\":\"ImageObject\",\"inLanguage\":\"de\",\"@id\":\"https:\/\/rntl.ch\/fitness\/produkt\/matrix-fitness-a50xr-ascent-trainer-wir-vermieten-uebrigens-auch-ascent-trainer\/#primaryimage\",\"url\":\"https:\/\/rntl.ch\/fitness\/wp-content\/uploads\/sites\/3\/2024\/12\/1-1.png\",\"contentUrl\":\"https:\/\/rntl.ch\/fitness\/wp-content\/uploads\/sites\/3\/2024\/12\/1-1.png\",\"width\":800,\"height\":800},{\"@type\":\"BreadcrumbList\",\"@id\":\"https:\/\/rntl.ch\/fitness\/produkt\/matrix-fitness-a50xr-ascent-trainer-wir-vermieten-uebrigens-auch-ascent-trainer\/#breadcrumb\",\"itemListElement\":[{\"@type\":\"ListItem\",\"position\":1,\"name\":\"Startseite\",\"item\":\"https:\/\/rntl.ch\/fitness\/\"},{\"@type\":\"ListItem\",\"position\":2,\"name\":\"Shop\",\"item\":\"https:\/\/rntl.ch\/fitness\/shop\/\"},{\"@type\":\"ListItem\",\"position\":3,\"name\":\"Matrix Fitness A50XER Ascent Trainer: Aussteller mit 2 Jahre Hersteller-Garantie\"}]},{\"@type\":\"WebSite\",\"@id\":\"https:\/\/rntl.ch\/fitness\/#website\",\"url\":\"https:\/\/rntl.ch\/fitness\/\",\"name\":\"RNTL Fitness\",\"description\":\"Mieten Einfach Anders\",\"publisher\":{\"@id\":\"https:\/\/rntl.ch\/fitness\/#organization\"},\"potentialAction\":[{\"@type\":\"SearchAction\",\"target\":{\"@type\":\"EntryPoint\",\"urlTemplate\":\"https:\/\/rntl.ch\/fitness\/?s={search_term_string}\"},\"query-input\":{\"@type\":\"PropertyValueSpecification\",\"valueRequired\":true,\"valueName\":\"search_term_string\"}}],\"inLanguage\":\"de\"},{\"@type\":\"Organization\",\"@id\":\"https:\/\/rntl.ch\/fitness\/#organization\",\"name\":\"RNTL Fitness\",\"url\":\"https:\/\/rntl.ch\/fitness\/\",\"logo\":{\"@type\":\"ImageObject\",\"inLanguage\":\"de\",\"@id\":\"https:\/\/rntl.ch\/fitness\/#\/schema\/logo\/image\/\",\"url\":\"https:\/\/rntl.ch\/fitness\/wp-content\/uploads\/sites\/3\/2020\/11\/cropped-rntl_logo_white_530x150.png\",\"contentUrl\":\"https:\/\/rntl.ch\/fitness\/wp-content\/uploads\/sites\/3\/2020\/11\/cropped-rntl_logo_white_530x150.png\",\"width\":530,\"height\":150,\"caption\":\"RNTL Fitness\"},\"image\":{\"@id\":\"https:\/\/rntl.ch\/fitness\/#\/schema\/logo\/image\/\"}}]}<\/script>\n<!-- \/ Yoast SEO plugin. -->","yoast_head_json":{"title":"Matrix Fitness A50XER Ascent Trainer: Aussteller mit 2 Jahre Hersteller-Garantie - RNTL Fitness","description":"Meta-Beschreibung: Erleben Sie effektive Workouts mit dem Matrix Fitness A50XR Ascent Trainer. Dank PerfectStride\u2122-Technologie, variabler Schrittl\u00e4nge und elektronischer Steigungsverstellung bietet er ein nat\u00fcrliches und komfortables Trainingserlebnis. Jetzt entdecken!","robots":{"index":"index","follow":"follow","max-snippet":"max-snippet:-1","max-image-preview":"max-image-preview:large","max-video-preview":"max-video-preview:-1"},"canonical":"https:\/\/rntl.ch\/fitness\/produkt\/matrix-fitness-a50xr-ascent-trainer-wir-vermieten-uebrigens-auch-ascent-trainer\/","og_locale":"de_DE","og_type":"article","og_title":"Matrix Fitness A50XER Ascent Trainer: Aussteller mit 2 Jahre Hersteller-Garantie - RNTL Fitness","og_description":"Meta-Beschreibung: Erleben Sie effektive Workouts mit dem Matrix Fitness A50XR Ascent Trainer. Dank PerfectStride\u2122-Technologie, variabler Schrittl\u00e4nge und elektronischer Steigungsverstellung bietet er ein nat\u00fcrliches und komfortables Trainingserlebnis. Jetzt entdecken!","og_url":"https:\/\/rntl.ch\/fitness\/produkt\/matrix-fitness-a50xr-ascent-trainer-wir-vermieten-uebrigens-auch-ascent-trainer\/","og_site_name":"RNTL Fitness","article_modified_time":"2025-10-28T10:58:09+00:00","og_image":[{"width":800,"height":800,"url":"https:\/\/rntl.ch\/fitness\/wp-content\/uploads\/sites\/3\/2024\/12\/1-1.png","type":"image\/png"}],"twitter_card":"summary_large_image","twitter_misc":{"Gesch\u00e4tzte Lesezeit":"2\u00a0Minuten"},"schema":{"@context":"https:\/\/schema.org","@graph":[{"@type":"WebPage","@id":"https:\/\/rntl.ch\/fitness\/produkt\/matrix-fitness-a50xr-ascent-trainer-wir-vermieten-uebrigens-auch-ascent-trainer\/","url":"https:\/\/rntl.ch\/fitness\/produkt\/matrix-fitness-a50xr-ascent-trainer-wir-vermieten-uebrigens-auch-ascent-trainer\/","name":"Matrix Fitness A50XER Ascent Trainer: Aussteller mit 2 Jahre Hersteller-Garantie - RNTL Fitness","isPartOf":{"@id":"https:\/\/rntl.ch\/fitness\/#website"},"primaryImageOfPage":{"@id":"https:\/\/rntl.ch\/fitness\/produkt\/matrix-fitness-a50xr-ascent-trainer-wir-vermieten-uebrigens-auch-ascent-trainer\/#primaryimage"},"image":{"@id":"https:\/\/rntl.ch\/fitness\/produkt\/matrix-fitness-a50xr-ascent-trainer-wir-vermieten-uebrigens-auch-ascent-trainer\/#primaryimage"},"thumbnailUrl":"https:\/\/rntl.ch\/fitness\/wp-content\/uploads\/sites\/3\/2024\/12\/1-1.png","datePublished":"2024-12-04T09:43:27+00:00","dateModified":"2025-10-28T10:58:09+00:00","description":"Meta-Beschreibung: Erleben Sie effektive Workouts mit dem Matrix Fitness A50XR Ascent Trainer. Dank PerfectStride\u2122-Technologie, variabler Schrittl\u00e4nge und elektronischer Steigungsverstellung bietet er ein nat\u00fcrliches und komfortables Trainingserlebnis. Jetzt entdecken!","breadcrumb":{"@id":"https:\/\/rntl.ch\/fitness\/produkt\/matrix-fitness-a50xr-ascent-trainer-wir-vermieten-uebrigens-auch-ascent-trainer\/#breadcrumb"},"inLanguage":"de","potentialAction":[{"@type":"ReadAction","target":["https:\/\/rntl.ch\/fitness\/produkt\/matrix-fitness-a50xr-ascent-trainer-wir-vermieten-uebrigens-auch-ascent-trainer\/"]}]},{"@type":"ImageObject","inLanguage":"de","@id":"https:\/\/rntl.ch\/fitness\/produkt\/matrix-fitness-a50xr-ascent-trainer-wir-vermieten-uebrigens-auch-ascent-trainer\/#primaryimage","url":"https:\/\/rntl.ch\/fitness\/wp-content\/uploads\/sites\/3\/2024\/12\/1-1.png","contentUrl":"https:\/\/rntl.ch\/fitness\/wp-content\/uploads\/sites\/3\/2024\/12\/1-1.png","width":800,"height":800},{"@type":"BreadcrumbList","@id":"https:\/\/rntl.ch\/fitness\/produkt\/matrix-fitness-a50xr-ascent-trainer-wir-vermieten-uebrigens-auch-ascent-trainer\/#breadcrumb","itemListElement":[{"@type":"ListItem","position":1,"name":"Startseite","item":"https:\/\/rntl.ch\/fitness\/"},{"@type":"ListItem","position":2,"name":"Shop","item":"https:\/\/rntl.ch\/fitness\/shop\/"},{"@type":"ListItem","position":3,"name":"Matrix Fitness A50XER Ascent Trainer: Aussteller mit 2 Jahre Hersteller-Garantie"}]},{"@type":"WebSite","@id":"https:\/\/rntl.ch\/fitness\/#website","url":"https:\/\/rntl.ch\/fitness\/","name":"RNTL Fitness","description":"Mieten Einfach Anders","publisher":{"@id":"https:\/\/rntl.ch\/fitness\/#organization"},"potentialAction":[{"@type":"SearchAction","target":{"@type":"EntryPoint","urlTemplate":"https:\/\/rntl.ch\/fitness\/?s={search_term_string}"},"query-input":{"@type":"PropertyValueSpecification","valueRequired":true,"valueName":"search_term_string"}}],"inLanguage":"de"},{"@type":"Organization","@id":"https:\/\/rntl.ch\/fitness\/#organization","name":"RNTL Fitness","url":"https:\/\/rntl.ch\/fitness\/","logo":{"@type":"ImageObject","inLanguage":"de","@id":"https:\/\/rntl.ch\/fitness\/#\/schema\/logo\/image\/","url":"https:\/\/rntl.ch\/fitness\/wp-content\/uploads\/sites\/3\/2020\/11\/cropped-rntl_logo_white_530x150.png","contentUrl":"https:\/\/rntl.ch\/fitness\/wp-content\/uploads\/sites\/3\/2020\/11\/cropped-rntl_logo_white_530x150.png","width":530,"height":150,"caption":"RNTL Fitness"},"image":{"@id":"https:\/\/rntl.ch\/fitness\/#\/schema\/logo\/image\/"}}]}},"_links":{"self":[{"href":"https:\/\/rntl.ch\/fitness\/wp-json\/wp\/v2\/product\/31230","targetHints":{"allow":["GET"]}}],"collection":[{"href":"https:\/\/rntl.ch\/fitness\/wp-json\/wp\/v2\/product"}],"about":[{"href":"https:\/\/rntl.ch\/fitness\/wp-json\/wp\/v2\/types\/product"}],"version-history":[{"count":3,"href":"https:\/\/rntl.ch\/fitness\/wp-json\/wp\/v2\/product\/31230\/revisions"}],"predecessor-version":[{"id":35574,"href":"https:\/\/rntl.ch\/fitness\/wp-json\/wp\/v2\/product\/31230\/revisions\/35574"}],"wp:featuredmedia":[{"embeddable":true,"href":"https:\/\/rntl.ch\/fitness\/wp-json\/wp\/v2\/media\/35576"}],"wp:attachment":[{"href":"https:\/\/rntl.ch\/fitness\/wp-json\/wp\/v2\/media?parent=31230"}],"wp:term":[{"taxonomy":"product_brand","embeddable":true,"href":"https:\/\/rntl.ch\/fitness\/wp-json\/wp\/v2\/product_brand?post=31230"},{"taxonomy":"product_cat","embeddable":true,"href":"https:\/\/rntl.ch\/fitness\/wp-json\/wp\/v2\/product_cat?post=31230"},{"taxonomy":"product_tag","embeddable":true,"href":"https:\/\/rntl.ch\/fitness\/wp-json\/wp\/v2\/product_tag?post=31230"}],"curies":[{"name":"wp","href":"https:\/\/api.w.org\/{rel}","templated":true}]}}