{"id":33122,"date":"2025-03-18T14:22:09","date_gmt":"2025-03-18T13:22:09","guid":{"rendered":"https:\/\/rntl.ch\/fitness\/?post_type=product&#038;p=33122"},"modified":"2025-05-26T19:21:03","modified_gmt":"2025-05-26T17:21:03","slug":"technogym-myrun-laufband-6-monate-vermietet-top-zustand","status":"publish","type":"product","link":"https:\/\/rntl.ch\/fitness\/produkt\/technogym-myrun-laufband-6-monate-vermietet-top-zustand\/","title":{"rendered":"Technogym MyRun Laufband &#8211; 6 Monate Vermietet &#8211;  Top-Zustand!"},"content":{"rendered":"<p><b>TECHNOGYM LIVE TRAINING EXPERIENCE<\/b><b><br \/>\n<\/b>Online-Workouts mit den besten Trainern<\/p>\n<p><b>ECHTZEIT-BIOFEEDBACK<\/b><b><br \/>\n<\/b>Verfolgen Sie Kadenz, Schrittl\u00e4nge und Herzfrequenz<\/p>\n<p><b>ADAPTIVE LAUFFL\u00c4CHE<\/b><b><br \/>\n<\/b>Die perfekte Mischung aus D\u00e4mpfung und R\u00fccksto\u00df<br \/>\nDie innovative Lauffl\u00e4che passt sich Ihrer Laufweise an und absorbiert effizient den Aufprall, sch\u00fctzt Ihre Gelenke bei niedrigeren Geschwindigkeiten und bietet eine elastische Reaktion bei Sprints.<\/p>\n<p><b>Hohe Leistung, niedrige Ger\u00e4usche<\/b><b><br \/>\n<\/b>MyRun ist selbst bei 20 km\/h (12.4 mph) leise, dank des innovativen Antriebssystems und der Gleitf\u00e4higkeit des Gurtes.<\/p>\n<p><b>Technische Spezifikationen\u00a0<\/b><\/p>\n<ul>\n<li aria-level=\"1\">Abmessungen (LxBxH) 1760 x 785 x 1260 mm<\/li>\n<li aria-level=\"1\">Gewicht des Produkts 92 kg<\/li>\n<li aria-level=\"1\">Maximales Benutzergewicht 140 kg<\/li>\n<li aria-level=\"1\">Lauffl\u00e4chenh\u00f6he \u00fcber dem Boden 170 mm<\/li>\n<li aria-level=\"1\">Geschwindigkeit 0.8 \u2013 20 km\/h (0.1 km\/h Steigerungen)<\/li>\n<li aria-level=\"1\">Steigung (%) 0 \u2013 12% (0.5% Steigerungen)<\/li>\n<li aria-level=\"1\">Lauffl\u00e4che (LxB) 1430 x 500 mm<\/li>\n<li aria-level=\"1\">Stromanforderungen 230 VAC \u00b1 10% 50\/60 Hz<\/li>\n<li aria-level=\"1\">Motorleistung (Spitze) 6 PS Motorleistung<\/li>\n<li aria-level=\"1\">Energieverbrauch im Standby weniger als 0.5 W<\/li>\n<li aria-level=\"1\">Apple Watch Kompatibilit\u00e4t durch Technogym App Ja<\/li>\n<\/ul>\n<p>&nbsp;<\/p>\n","protected":false},"excerpt":{"rendered":"<p><b>Technogym MyRun: Kompakt und leise!<\/b><\/p>\n<p>Technogym MyRun ist das Laufband, das ein raffiniertes und kompaktes Design, eine adaptive Lauffl\u00e4che und ma\u00dfgeschneiderte Trainingseinheiten direkt von Ihrem Tablet bietet.<\/p>\n<p><span style=\"font-weight: 400;\">[rntl_page_content id=\"24172\"]<\/span><\/p>\n<div class=\"woocommerce-product-details__short-description\">\n<p>&nbsp;<\/p>\n<\/div>\n","protected":false},"featured_media":29044,"template":"","meta":{"content-type":""},"product_brand":[],"product_cat":[28],"product_tag":[26,108],"class_list":{"0":"post-33122","1":"product","2":"type-product","3":"status-publish","4":"has-post-thumbnail","6":"product_cat-laufbaender","7":"product_tag-kaufen","8":"product_tag-kaufen-gebraucht","9":"tm-no-options","11":"first","12":"outofstock","13":"sale","14":"taxable","15":"shipping-taxable","16":"purchasable","17":"product-type-simple"},"yoast_head":"<!-- This site is optimized with the Yoast SEO plugin v26.3 - https:\/\/yoast.com\/wordpress\/plugins\/seo\/ -->\n<title>Technogym MyRun Laufband - 6 Monate Vermietet - Top-Zustand! - RNTL Fitness<\/title>\n<meta name=\"description\" content=\"Miete, kaufe, oder finanziere f\u00fcr das Spinning Training zu Hause den Technogym MyRun bei RNTL. Perfekt f\u00fcr dein Spinning Training zu Hause.\" \/>\n<meta name=\"robots\" content=\"index, follow, max-snippet:-1, max-image-preview:large, max-video-preview:-1\" \/>\n<link rel=\"canonical\" href=\"https:\/\/rntl.ch\/fitness\/produkt\/technogym-myrun-laufband-6-monate-vermietet-top-zustand\/\" \/>\n<meta property=\"og:locale\" content=\"de_DE\" \/>\n<meta property=\"og:type\" content=\"article\" \/>\n<meta property=\"og:title\" content=\"Technogym MyRun Laufband - 6 Monate Vermietet - Top-Zustand! - RNTL Fitness\" \/>\n<meta property=\"og:description\" content=\"Miete, kaufe, oder finanziere f\u00fcr das Spinning Training zu Hause den Technogym MyRun bei RNTL. Perfekt f\u00fcr dein Spinning Training zu Hause.\" \/>\n<meta property=\"og:url\" content=\"https:\/\/rntl.ch\/fitness\/produkt\/technogym-myrun-laufband-6-monate-vermietet-top-zustand\/\" \/>\n<meta property=\"og:site_name\" content=\"RNTL Fitness\" \/>\n<meta property=\"article:modified_time\" content=\"2025-05-26T17:21:03+00:00\" \/>\n<meta property=\"og:image\" content=\"https:\/\/rntl.ch\/fitness\/wp-content\/uploads\/sites\/3\/2024\/07\/2.webp\" \/>\n\t<meta property=\"og:image:width\" content=\"800\" \/>\n\t<meta property=\"og:image:height\" content=\"800\" \/>\n\t<meta property=\"og:image:type\" content=\"image\/webp\" \/>\n<meta name=\"twitter:card\" content=\"summary_large_image\" \/>\n<meta name=\"twitter:label1\" content=\"Gesch\u00e4tzte Lesezeit\" \/>\n\t<meta name=\"twitter:data1\" content=\"1\u00a0Minute\" \/>\n<script type=\"application\/ld+json\" class=\"yoast-schema-graph\">{\"@context\":\"https:\/\/schema.org\",\"@graph\":[{\"@type\":\"WebPage\",\"@id\":\"https:\/\/rntl.ch\/fitness\/produkt\/technogym-myrun-laufband-6-monate-vermietet-top-zustand\/\",\"url\":\"https:\/\/rntl.ch\/fitness\/produkt\/technogym-myrun-laufband-6-monate-vermietet-top-zustand\/\",\"name\":\"Technogym MyRun Laufband - 6 Monate Vermietet - Top-Zustand! - RNTL Fitness\",\"isPartOf\":{\"@id\":\"https:\/\/rntl.ch\/fitness\/#website\"},\"primaryImageOfPage\":{\"@id\":\"https:\/\/rntl.ch\/fitness\/produkt\/technogym-myrun-laufband-6-monate-vermietet-top-zustand\/#primaryimage\"},\"image\":{\"@id\":\"https:\/\/rntl.ch\/fitness\/produkt\/technogym-myrun-laufband-6-monate-vermietet-top-zustand\/#primaryimage\"},\"thumbnailUrl\":\"https:\/\/rntl.ch\/fitness\/wp-content\/uploads\/sites\/3\/2024\/07\/2.webp\",\"datePublished\":\"2025-03-18T13:22:09+00:00\",\"dateModified\":\"2025-05-26T17:21:03+00:00\",\"description\":\"Miete, kaufe, oder finanziere f\u00fcr das Spinning Training zu Hause den Technogym MyRun bei RNTL. Perfekt f\u00fcr dein Spinning Training zu Hause.\",\"breadcrumb\":{\"@id\":\"https:\/\/rntl.ch\/fitness\/produkt\/technogym-myrun-laufband-6-monate-vermietet-top-zustand\/#breadcrumb\"},\"inLanguage\":\"de\",\"potentialAction\":[{\"@type\":\"ReadAction\",\"target\":[\"https:\/\/rntl.ch\/fitness\/produkt\/technogym-myrun-laufband-6-monate-vermietet-top-zustand\/\"]}]},{\"@type\":\"ImageObject\",\"inLanguage\":\"de\",\"@id\":\"https:\/\/rntl.ch\/fitness\/produkt\/technogym-myrun-laufband-6-monate-vermietet-top-zustand\/#primaryimage\",\"url\":\"https:\/\/rntl.ch\/fitness\/wp-content\/uploads\/sites\/3\/2024\/07\/2.webp\",\"contentUrl\":\"https:\/\/rntl.ch\/fitness\/wp-content\/uploads\/sites\/3\/2024\/07\/2.webp\",\"width\":800,\"height\":800},{\"@type\":\"BreadcrumbList\",\"@id\":\"https:\/\/rntl.ch\/fitness\/produkt\/technogym-myrun-laufband-6-monate-vermietet-top-zustand\/#breadcrumb\",\"itemListElement\":[{\"@type\":\"ListItem\",\"position\":1,\"name\":\"Startseite\",\"item\":\"https:\/\/rntl.ch\/fitness\/\"},{\"@type\":\"ListItem\",\"position\":2,\"name\":\"Shop\",\"item\":\"https:\/\/rntl.ch\/fitness\/shop\/\"},{\"@type\":\"ListItem\",\"position\":3,\"name\":\"Technogym MyRun Laufband &#8211; 6 Monate Vermietet &#8211; Top-Zustand!\"}]},{\"@type\":\"WebSite\",\"@id\":\"https:\/\/rntl.ch\/fitness\/#website\",\"url\":\"https:\/\/rntl.ch\/fitness\/\",\"name\":\"RNTL Fitness\",\"description\":\"Mieten Einfach Anders\",\"publisher\":{\"@id\":\"https:\/\/rntl.ch\/fitness\/#organization\"},\"potentialAction\":[{\"@type\":\"SearchAction\",\"target\":{\"@type\":\"EntryPoint\",\"urlTemplate\":\"https:\/\/rntl.ch\/fitness\/?s={search_term_string}\"},\"query-input\":{\"@type\":\"PropertyValueSpecification\",\"valueRequired\":true,\"valueName\":\"search_term_string\"}}],\"inLanguage\":\"de\"},{\"@type\":\"Organization\",\"@id\":\"https:\/\/rntl.ch\/fitness\/#organization\",\"name\":\"RNTL Fitness\",\"url\":\"https:\/\/rntl.ch\/fitness\/\",\"logo\":{\"@type\":\"ImageObject\",\"inLanguage\":\"de\",\"@id\":\"https:\/\/rntl.ch\/fitness\/#\/schema\/logo\/image\/\",\"url\":\"https:\/\/rntl.ch\/fitness\/wp-content\/uploads\/sites\/3\/2020\/11\/cropped-rntl_logo_white_530x150.png\",\"contentUrl\":\"https:\/\/rntl.ch\/fitness\/wp-content\/uploads\/sites\/3\/2020\/11\/cropped-rntl_logo_white_530x150.png\",\"width\":530,\"height\":150,\"caption\":\"RNTL Fitness\"},\"image\":{\"@id\":\"https:\/\/rntl.ch\/fitness\/#\/schema\/logo\/image\/\"}}]}<\/script>\n<!-- \/ Yoast SEO plugin. -->","yoast_head_json":{"title":"Technogym MyRun Laufband - 6 Monate Vermietet - Top-Zustand! - RNTL Fitness","description":"Miete, kaufe, oder finanziere f\u00fcr das Spinning Training zu Hause den Technogym MyRun bei RNTL. Perfekt f\u00fcr dein Spinning Training zu Hause.","robots":{"index":"index","follow":"follow","max-snippet":"max-snippet:-1","max-image-preview":"max-image-preview:large","max-video-preview":"max-video-preview:-1"},"canonical":"https:\/\/rntl.ch\/fitness\/produkt\/technogym-myrun-laufband-6-monate-vermietet-top-zustand\/","og_locale":"de_DE","og_type":"article","og_title":"Technogym MyRun Laufband - 6 Monate Vermietet - Top-Zustand! - RNTL Fitness","og_description":"Miete, kaufe, oder finanziere f\u00fcr das Spinning Training zu Hause den Technogym MyRun bei RNTL. Perfekt f\u00fcr dein Spinning Training zu Hause.","og_url":"https:\/\/rntl.ch\/fitness\/produkt\/technogym-myrun-laufband-6-monate-vermietet-top-zustand\/","og_site_name":"RNTL Fitness","article_modified_time":"2025-05-26T17:21:03+00:00","og_image":[{"width":800,"height":800,"url":"https:\/\/rntl.ch\/fitness\/wp-content\/uploads\/sites\/3\/2024\/07\/2.webp","type":"image\/webp"}],"twitter_card":"summary_large_image","twitter_misc":{"Gesch\u00e4tzte Lesezeit":"1\u00a0Minute"},"schema":{"@context":"https:\/\/schema.org","@graph":[{"@type":"WebPage","@id":"https:\/\/rntl.ch\/fitness\/produkt\/technogym-myrun-laufband-6-monate-vermietet-top-zustand\/","url":"https:\/\/rntl.ch\/fitness\/produkt\/technogym-myrun-laufband-6-monate-vermietet-top-zustand\/","name":"Technogym MyRun Laufband - 6 Monate Vermietet - Top-Zustand! - RNTL Fitness","isPartOf":{"@id":"https:\/\/rntl.ch\/fitness\/#website"},"primaryImageOfPage":{"@id":"https:\/\/rntl.ch\/fitness\/produkt\/technogym-myrun-laufband-6-monate-vermietet-top-zustand\/#primaryimage"},"image":{"@id":"https:\/\/rntl.ch\/fitness\/produkt\/technogym-myrun-laufband-6-monate-vermietet-top-zustand\/#primaryimage"},"thumbnailUrl":"https:\/\/rntl.ch\/fitness\/wp-content\/uploads\/sites\/3\/2024\/07\/2.webp","datePublished":"2025-03-18T13:22:09+00:00","dateModified":"2025-05-26T17:21:03+00:00","description":"Miete, kaufe, oder finanziere f\u00fcr das Spinning Training zu Hause den Technogym MyRun bei RNTL. Perfekt f\u00fcr dein Spinning Training zu Hause.","breadcrumb":{"@id":"https:\/\/rntl.ch\/fitness\/produkt\/technogym-myrun-laufband-6-monate-vermietet-top-zustand\/#breadcrumb"},"inLanguage":"de","potentialAction":[{"@type":"ReadAction","target":["https:\/\/rntl.ch\/fitness\/produkt\/technogym-myrun-laufband-6-monate-vermietet-top-zustand\/"]}]},{"@type":"ImageObject","inLanguage":"de","@id":"https:\/\/rntl.ch\/fitness\/produkt\/technogym-myrun-laufband-6-monate-vermietet-top-zustand\/#primaryimage","url":"https:\/\/rntl.ch\/fitness\/wp-content\/uploads\/sites\/3\/2024\/07\/2.webp","contentUrl":"https:\/\/rntl.ch\/fitness\/wp-content\/uploads\/sites\/3\/2024\/07\/2.webp","width":800,"height":800},{"@type":"BreadcrumbList","@id":"https:\/\/rntl.ch\/fitness\/produkt\/technogym-myrun-laufband-6-monate-vermietet-top-zustand\/#breadcrumb","itemListElement":[{"@type":"ListItem","position":1,"name":"Startseite","item":"https:\/\/rntl.ch\/fitness\/"},{"@type":"ListItem","position":2,"name":"Shop","item":"https:\/\/rntl.ch\/fitness\/shop\/"},{"@type":"ListItem","position":3,"name":"Technogym MyRun Laufband &#8211; 6 Monate Vermietet &#8211; Top-Zustand!"}]},{"@type":"WebSite","@id":"https:\/\/rntl.ch\/fitness\/#website","url":"https:\/\/rntl.ch\/fitness\/","name":"RNTL Fitness","description":"Mieten Einfach Anders","publisher":{"@id":"https:\/\/rntl.ch\/fitness\/#organization"},"potentialAction":[{"@type":"SearchAction","target":{"@type":"EntryPoint","urlTemplate":"https:\/\/rntl.ch\/fitness\/?s={search_term_string}"},"query-input":{"@type":"PropertyValueSpecification","valueRequired":true,"valueName":"search_term_string"}}],"inLanguage":"de"},{"@type":"Organization","@id":"https:\/\/rntl.ch\/fitness\/#organization","name":"RNTL Fitness","url":"https:\/\/rntl.ch\/fitness\/","logo":{"@type":"ImageObject","inLanguage":"de","@id":"https:\/\/rntl.ch\/fitness\/#\/schema\/logo\/image\/","url":"https:\/\/rntl.ch\/fitness\/wp-content\/uploads\/sites\/3\/2020\/11\/cropped-rntl_logo_white_530x150.png","contentUrl":"https:\/\/rntl.ch\/fitness\/wp-content\/uploads\/sites\/3\/2020\/11\/cropped-rntl_logo_white_530x150.png","width":530,"height":150,"caption":"RNTL Fitness"},"image":{"@id":"https:\/\/rntl.ch\/fitness\/#\/schema\/logo\/image\/"}}]}},"_links":{"self":[{"href":"https:\/\/rntl.ch\/fitness\/wp-json\/wp\/v2\/product\/33122","targetHints":{"allow":["GET"]}}],"collection":[{"href":"https:\/\/rntl.ch\/fitness\/wp-json\/wp\/v2\/product"}],"about":[{"href":"https:\/\/rntl.ch\/fitness\/wp-json\/wp\/v2\/types\/product"}],"version-history":[{"count":1,"href":"https:\/\/rntl.ch\/fitness\/wp-json\/wp\/v2\/product\/33122\/revisions"}],"predecessor-version":[{"id":33130,"href":"https:\/\/rntl.ch\/fitness\/wp-json\/wp\/v2\/product\/33122\/revisions\/33130"}],"wp:featuredmedia":[{"embeddable":true,"href":"https:\/\/rntl.ch\/fitness\/wp-json\/wp\/v2\/media\/29044"}],"wp:attachment":[{"href":"https:\/\/rntl.ch\/fitness\/wp-json\/wp\/v2\/media?parent=33122"}],"wp:term":[{"taxonomy":"product_brand","embeddable":true,"href":"https:\/\/rntl.ch\/fitness\/wp-json\/wp\/v2\/product_brand?post=33122"},{"taxonomy":"product_cat","embeddable":true,"href":"https:\/\/rntl.ch\/fitness\/wp-json\/wp\/v2\/product_cat?post=33122"},{"taxonomy":"product_tag","embeddable":true,"href":"https:\/\/rntl.ch\/fitness\/wp-json\/wp\/v2\/product_tag?post=33122"}],"curies":[{"name":"wp","href":"https:\/\/api.w.org\/{rel}","templated":true}]}}