{"id":33312,"date":"2025-04-01T07:57:58","date_gmt":"2025-04-01T05:57:58","guid":{"rendered":"https:\/\/rntl.ch\/fitness\/?post_type=product&#038;p=33312"},"modified":"2026-04-14T13:50:54","modified_gmt":"2026-04-14T11:50:54","slug":"reha-laufband-mit-handlaeufen","status":"publish","type":"product","link":"https:\/\/rntl.ch\/fitness\/produkt\/reha-laufband-mit-handlaeufen\/","title":{"rendered":"REHA Laufband mit Handl\u00e4ufen"},"content":{"rendered":"<h4 class=\"\" data-start=\"584\" data-end=\"605\"><strong data-start=\"589\" data-end=\"603\">Highlights<\/strong><\/h4>\n<ul data-start=\"606\" data-end=\"1175\">\n<li class=\"\" data-start=\"606\" data-end=\"718\">\n<p class=\"\" data-start=\"608\" data-end=\"718\"><strong data-start=\"608\" data-end=\"638\">\u00c4usserst stabile Handl\u00e4ufe<\/strong> mit integrierten Bedienkn\u00f6pfen f\u00fcr maximale Sicherheit und einfache Steuerung<\/p>\n<\/li>\n<li class=\"\" data-start=\"719\" data-end=\"807\">\n<p class=\"\" data-start=\"721\" data-end=\"807\"><strong data-start=\"721\" data-end=\"754\">Leistungsstarker 5.5 PS Motor<\/strong> f\u00fcr fl\u00fcssige Geschwindigkeiten von 0.8 bis 22 km\/h<\/p>\n<\/li>\n<li class=\"\" data-start=\"808\" data-end=\"880\">\n<p class=\"\" data-start=\"810\" data-end=\"880\"><strong data-start=\"810\" data-end=\"848\">T-Flex Comfort Top D\u00e4mpfungssystem<\/strong> f\u00fcr gelenkschonendes Training<\/p>\n<\/li>\n<li class=\"\" data-start=\"881\" data-end=\"992\">\n<p class=\"\" data-start=\"883\" data-end=\"992\"><strong data-start=\"883\" data-end=\"919\">Professionelle Trainingsvielfalt<\/strong>: 44 Programme inkl. 3 Benutzerprofile und 36 voreingestellte Programme<\/p>\n<\/li>\n<li class=\"\" data-start=\"993\" data-end=\"1087\">\n<p class=\"\" data-start=\"995\" data-end=\"1087\"><strong data-start=\"995\" data-end=\"1046\">Kompatibel mit Tunturi Routes, Anyrun &amp; Kinomap<\/strong> f\u00fcr interaktive Trainingsm\u00f6glichkeiten<\/p>\n<\/li>\n<li class=\"\" data-start=\"1088\" data-end=\"1175\">\n<p class=\"\" data-start=\"1090\" data-end=\"1175\"><strong data-start=\"1090\" data-end=\"1109\">Faltbar &amp; mobil<\/strong> \u2013 mit Transportr\u00e4dern und kompakten Faltma\u00dfen (137 x 93 x 157 cm)<\/p>\n<\/li>\n<\/ul>\n<h4 class=\"\" data-start=\"1177\" data-end=\"1206\"><strong data-start=\"1182\" data-end=\"1204\">Technische Details<\/strong><\/h4>\n<ul data-start=\"1207\" data-end=\"1604\">\n<li class=\"\" data-start=\"1207\" data-end=\"1238\">\n<p class=\"\" data-start=\"1209\" data-end=\"1238\"><strong data-start=\"1209\" data-end=\"1223\">Lauffl\u00e4che<\/strong>: 153 x 55 cm<\/p>\n<\/li>\n<li class=\"\" data-start=\"1239\" data-end=\"1292\">\n<p class=\"\" data-start=\"1241\" data-end=\"1292\"><strong data-start=\"1241\" data-end=\"1253\">Steigung<\/strong>: elektrisch einstellbar von 0 \u2013 15 %<\/p>\n<\/li>\n<li class=\"\" data-start=\"1293\" data-end=\"1329\">\n<p class=\"\" data-start=\"1295\" data-end=\"1329\"><strong data-start=\"1295\" data-end=\"1319\">Max. Benutzergewicht<\/strong>: 150 kg<\/p>\n<\/li>\n<li class=\"\" data-start=\"1330\" data-end=\"1402\">\n<p class=\"\" data-start=\"1332\" data-end=\"1402\"><strong data-start=\"1332\" data-end=\"1347\">Pulsmessung<\/strong>: an den Griffen oder optional \u00fcber 5.4 kHz Brustgurt<\/p>\n<\/li>\n<li class=\"\" data-start=\"1403\" data-end=\"1500\">\n<p class=\"\" data-start=\"1405\" data-end=\"1500\"><strong data-start=\"1405\" data-end=\"1416\">Display<\/strong>: beleuchtetes Color LCD mit Anzeige von Zeit, Distanz, Geschwindigkeit &amp; Kalorien<\/p>\n<\/li>\n<li class=\"\" data-start=\"1501\" data-end=\"1604\">\n<p class=\"\" data-start=\"1503\" data-end=\"1604\"><strong data-start=\"1503\" data-end=\"1523\">Weitere Features<\/strong>: USB-Ladeanschluss, Tablet- und Flaschenhalterung, Bluetooth, App-Kompatibilit\u00e4t<\/p>\n<\/li>\n<\/ul>\n<h4 class=\"\" data-start=\"1606\" data-end=\"1632\"><strong data-start=\"1611\" data-end=\"1630\">Einsatzbereiche<\/strong><\/h4>\n<p class=\"\" data-start=\"1633\" data-end=\"1898\">Entwickelt f\u00fcr den <strong data-start=\"1652\" data-end=\"1668\">Heimgebrauch<\/strong> und den <strong data-start=\"1677\" data-end=\"1704\">professionellen Einsatz<\/strong> in Therapie-, Reha- und Trainingsumgebungen wie z.\u202fB. Spit\u00e4lern, Rehazentren, Schulen, Hotels oder Firmenfitnessr\u00e4umen. Nicht geeignet f\u00fcr den voll kommerziellen Einsatz im \u00f6ffentlichen Studio.<\/p>\n<p>&nbsp;<\/p>\n<div class=\"subproperty\">\n<p class=\"subproperty-content\">\n<\/div>\n","protected":false},"excerpt":{"rendered":"<p class=\"\" data-start=\"207\" data-end=\"244\">Das neue <strong data-start=\"255\" data-end=\"292\">RNTL Reha Laufband mit Handl\u00e4ufen<\/strong> ist die perfekte Wahl f\u00fcr anspruchsvolle Nutzer im Reha- und Gesundheitsbereich \u2013 egal ob zu Hause oder in professionellen Einrichtungen wie Physiotherapien, Spit\u00e4lern oder Hotels. Es \u00fcberzeugt durch h\u00f6chste Stabilit\u00e4t, modernste Technik und eine besonders benutzerfreundliche Ausstattung.<\/p>\n<p><strong>Kaufpreis [woo_custom_field id=\"rntl_retail_price_field\"].-<\/strong><\/p>\n[rntl_page_content id=\"14687\"]\n<div class=\"woocommerce-product-details__short-description\">\n<p>&nbsp;<\/p>\n<\/div>\n","protected":false},"featured_media":33319,"template":"","meta":{"content-type":""},"product_brand":[160],"product_cat":[28],"product_tag":[112],"class_list":{"0":"post-33312","1":"product","2":"type-product","3":"status-publish","4":"has-post-thumbnail","6":"product_brand-tunturi","7":"product_cat-laufbaender","8":"product_tag-mieten","9":"product_shipping_class-schwer","10":"tm-no-options","12":"first","13":"instock","14":"taxable","15":"shipping-taxable","16":"purchasable","17":"product-type-variable-subscription","18":"has-default-attributes"},"yoast_head":"<!-- This site is optimized with the Yoast SEO plugin v26.3 - https:\/\/yoast.com\/wordpress\/plugins\/seo\/ -->\n<title>REHA Laufband mit Handl\u00e4ufen - RNTL Fitness<\/title>\n<meta name=\"description\" content=\"RNTL Reha Laufband mit Handl\u00e4ufen. Zuverl\u00e4ssig. Stabil. Komfortabel. Tunturi Laufband Endurance T80. Laufband f\u00fcr REHA Mieten oder Kaufen.\" \/>\n<meta name=\"robots\" content=\"index, follow, max-snippet:-1, max-image-preview:large, max-video-preview:-1\" \/>\n<link rel=\"canonical\" href=\"https:\/\/rntl.ch\/fitness\/produkt\/reha-laufband-tunturi-laufband-endurance-t80-mit-handlaeufen\/\" \/>\n<meta property=\"og:locale\" content=\"de_DE\" \/>\n<meta property=\"og:type\" content=\"article\" \/>\n<meta property=\"og:title\" content=\"REHA Laufband mit Handl\u00e4ufen - RNTL Fitness\" \/>\n<meta property=\"og:description\" content=\"RNTL Reha Laufband mit Handl\u00e4ufen. Zuverl\u00e4ssig. Stabil. Komfortabel. Tunturi Laufband Endurance T80. Laufband f\u00fcr REHA Mieten oder Kaufen.\" \/>\n<meta property=\"og:url\" content=\"https:\/\/rntl.ch\/fitness\/produkt\/reha-laufband-tunturi-laufband-endurance-t80-mit-handlaeufen\/\" \/>\n<meta property=\"og:site_name\" content=\"RNTL Fitness\" \/>\n<meta property=\"article:modified_time\" content=\"2026-04-14T11:50:54+00:00\" \/>\n<meta property=\"og:image\" content=\"https:\/\/rntl.ch\/fitness\/wp-content\/uploads\/sites\/3\/2025\/04\/3.png\" \/>\n\t<meta property=\"og:image:width\" content=\"800\" \/>\n\t<meta property=\"og:image:height\" content=\"800\" \/>\n\t<meta property=\"og:image:type\" content=\"image\/png\" \/>\n<meta name=\"twitter:card\" content=\"summary_large_image\" \/>\n<meta name=\"twitter:label1\" content=\"Gesch\u00e4tzte Lesezeit\" \/>\n\t<meta name=\"twitter:data1\" content=\"2\u00a0Minuten\" \/>\n<script type=\"application\/ld+json\" class=\"yoast-schema-graph\">{\"@context\":\"https:\/\/schema.org\",\"@graph\":[{\"@type\":\"WebPage\",\"@id\":\"https:\/\/rntl.ch\/fitness\/produkt\/reha-laufband-tunturi-laufband-endurance-t80-mit-handlaeufen\/\",\"url\":\"https:\/\/rntl.ch\/fitness\/produkt\/reha-laufband-tunturi-laufband-endurance-t80-mit-handlaeufen\/\",\"name\":\"REHA Laufband mit Handl\u00e4ufen - RNTL Fitness\",\"isPartOf\":{\"@id\":\"https:\/\/rntl.ch\/fitness\/#website\"},\"primaryImageOfPage\":{\"@id\":\"https:\/\/rntl.ch\/fitness\/produkt\/reha-laufband-tunturi-laufband-endurance-t80-mit-handlaeufen\/#primaryimage\"},\"image\":{\"@id\":\"https:\/\/rntl.ch\/fitness\/produkt\/reha-laufband-tunturi-laufband-endurance-t80-mit-handlaeufen\/#primaryimage\"},\"thumbnailUrl\":\"https:\/\/rntl.ch\/fitness\/wp-content\/uploads\/sites\/3\/2025\/04\/3.png\",\"datePublished\":\"2025-04-01T05:57:58+00:00\",\"dateModified\":\"2026-04-14T11:50:54+00:00\",\"description\":\"RNTL Reha Laufband mit Handl\u00e4ufen. Zuverl\u00e4ssig. Stabil. Komfortabel. Tunturi Laufband Endurance T80. Laufband f\u00fcr REHA Mieten oder Kaufen.\",\"breadcrumb\":{\"@id\":\"https:\/\/rntl.ch\/fitness\/produkt\/reha-laufband-tunturi-laufband-endurance-t80-mit-handlaeufen\/#breadcrumb\"},\"inLanguage\":\"de\",\"potentialAction\":[{\"@type\":\"ReadAction\",\"target\":[\"https:\/\/rntl.ch\/fitness\/produkt\/reha-laufband-tunturi-laufband-endurance-t80-mit-handlaeufen\/\"]}]},{\"@type\":\"ImageObject\",\"inLanguage\":\"de\",\"@id\":\"https:\/\/rntl.ch\/fitness\/produkt\/reha-laufband-tunturi-laufband-endurance-t80-mit-handlaeufen\/#primaryimage\",\"url\":\"https:\/\/rntl.ch\/fitness\/wp-content\/uploads\/sites\/3\/2025\/04\/3.png\",\"contentUrl\":\"https:\/\/rntl.ch\/fitness\/wp-content\/uploads\/sites\/3\/2025\/04\/3.png\",\"width\":800,\"height\":800},{\"@type\":\"BreadcrumbList\",\"@id\":\"https:\/\/rntl.ch\/fitness\/produkt\/reha-laufband-tunturi-laufband-endurance-t80-mit-handlaeufen\/#breadcrumb\",\"itemListElement\":[{\"@type\":\"ListItem\",\"position\":1,\"name\":\"Startseite\",\"item\":\"https:\/\/rntl.ch\/fitness\/\"},{\"@type\":\"ListItem\",\"position\":2,\"name\":\"Shop\",\"item\":\"https:\/\/rntl.ch\/fitness\/shop\/\"},{\"@type\":\"ListItem\",\"position\":3,\"name\":\"REHA Laufband: Tunturi Laufband Endurance T80 mit Handl\u00e4ufen\"}]},{\"@type\":\"WebSite\",\"@id\":\"https:\/\/rntl.ch\/fitness\/#website\",\"url\":\"https:\/\/rntl.ch\/fitness\/\",\"name\":\"RNTL Fitness\",\"description\":\"Mieten Einfach Anders\",\"publisher\":{\"@id\":\"https:\/\/rntl.ch\/fitness\/#organization\"},\"potentialAction\":[{\"@type\":\"SearchAction\",\"target\":{\"@type\":\"EntryPoint\",\"urlTemplate\":\"https:\/\/rntl.ch\/fitness\/?s={search_term_string}\"},\"query-input\":{\"@type\":\"PropertyValueSpecification\",\"valueRequired\":true,\"valueName\":\"search_term_string\"}}],\"inLanguage\":\"de\"},{\"@type\":\"Organization\",\"@id\":\"https:\/\/rntl.ch\/fitness\/#organization\",\"name\":\"RNTL Fitness\",\"url\":\"https:\/\/rntl.ch\/fitness\/\",\"logo\":{\"@type\":\"ImageObject\",\"inLanguage\":\"de\",\"@id\":\"https:\/\/rntl.ch\/fitness\/#\/schema\/logo\/image\/\",\"url\":\"https:\/\/rntl.ch\/fitness\/wp-content\/uploads\/sites\/3\/2020\/11\/cropped-rntl_logo_white_530x150.png\",\"contentUrl\":\"https:\/\/rntl.ch\/fitness\/wp-content\/uploads\/sites\/3\/2020\/11\/cropped-rntl_logo_white_530x150.png\",\"width\":530,\"height\":150,\"caption\":\"RNTL Fitness\"},\"image\":{\"@id\":\"https:\/\/rntl.ch\/fitness\/#\/schema\/logo\/image\/\"}}]}<\/script>\n<!-- \/ Yoast SEO plugin. -->","yoast_head_json":{"title":"REHA Laufband mit Handl\u00e4ufen - RNTL Fitness","description":"RNTL Reha Laufband mit Handl\u00e4ufen. Zuverl\u00e4ssig. Stabil. Komfortabel. Tunturi Laufband Endurance T80. Laufband f\u00fcr REHA Mieten oder Kaufen.","robots":{"index":"index","follow":"follow","max-snippet":"max-snippet:-1","max-image-preview":"max-image-preview:large","max-video-preview":"max-video-preview:-1"},"canonical":"https:\/\/rntl.ch\/fitness\/produkt\/reha-laufband-tunturi-laufband-endurance-t80-mit-handlaeufen\/","og_locale":"de_DE","og_type":"article","og_title":"REHA Laufband mit Handl\u00e4ufen - RNTL Fitness","og_description":"RNTL Reha Laufband mit Handl\u00e4ufen. Zuverl\u00e4ssig. Stabil. Komfortabel. Tunturi Laufband Endurance T80. Laufband f\u00fcr REHA Mieten oder Kaufen.","og_url":"https:\/\/rntl.ch\/fitness\/produkt\/reha-laufband-tunturi-laufband-endurance-t80-mit-handlaeufen\/","og_site_name":"RNTL Fitness","article_modified_time":"2026-04-14T11:50:54+00:00","og_image":[{"width":800,"height":800,"url":"https:\/\/rntl.ch\/fitness\/wp-content\/uploads\/sites\/3\/2025\/04\/3.png","type":"image\/png"}],"twitter_card":"summary_large_image","twitter_misc":{"Gesch\u00e4tzte Lesezeit":"2\u00a0Minuten"},"schema":{"@context":"https:\/\/schema.org","@graph":[{"@type":"WebPage","@id":"https:\/\/rntl.ch\/fitness\/produkt\/reha-laufband-tunturi-laufband-endurance-t80-mit-handlaeufen\/","url":"https:\/\/rntl.ch\/fitness\/produkt\/reha-laufband-tunturi-laufband-endurance-t80-mit-handlaeufen\/","name":"REHA Laufband mit Handl\u00e4ufen - RNTL Fitness","isPartOf":{"@id":"https:\/\/rntl.ch\/fitness\/#website"},"primaryImageOfPage":{"@id":"https:\/\/rntl.ch\/fitness\/produkt\/reha-laufband-tunturi-laufband-endurance-t80-mit-handlaeufen\/#primaryimage"},"image":{"@id":"https:\/\/rntl.ch\/fitness\/produkt\/reha-laufband-tunturi-laufband-endurance-t80-mit-handlaeufen\/#primaryimage"},"thumbnailUrl":"https:\/\/rntl.ch\/fitness\/wp-content\/uploads\/sites\/3\/2025\/04\/3.png","datePublished":"2025-04-01T05:57:58+00:00","dateModified":"2026-04-14T11:50:54+00:00","description":"RNTL Reha Laufband mit Handl\u00e4ufen. Zuverl\u00e4ssig. Stabil. Komfortabel. Tunturi Laufband Endurance T80. Laufband f\u00fcr REHA Mieten oder Kaufen.","breadcrumb":{"@id":"https:\/\/rntl.ch\/fitness\/produkt\/reha-laufband-tunturi-laufband-endurance-t80-mit-handlaeufen\/#breadcrumb"},"inLanguage":"de","potentialAction":[{"@type":"ReadAction","target":["https:\/\/rntl.ch\/fitness\/produkt\/reha-laufband-tunturi-laufband-endurance-t80-mit-handlaeufen\/"]}]},{"@type":"ImageObject","inLanguage":"de","@id":"https:\/\/rntl.ch\/fitness\/produkt\/reha-laufband-tunturi-laufband-endurance-t80-mit-handlaeufen\/#primaryimage","url":"https:\/\/rntl.ch\/fitness\/wp-content\/uploads\/sites\/3\/2025\/04\/3.png","contentUrl":"https:\/\/rntl.ch\/fitness\/wp-content\/uploads\/sites\/3\/2025\/04\/3.png","width":800,"height":800},{"@type":"BreadcrumbList","@id":"https:\/\/rntl.ch\/fitness\/produkt\/reha-laufband-tunturi-laufband-endurance-t80-mit-handlaeufen\/#breadcrumb","itemListElement":[{"@type":"ListItem","position":1,"name":"Startseite","item":"https:\/\/rntl.ch\/fitness\/"},{"@type":"ListItem","position":2,"name":"Shop","item":"https:\/\/rntl.ch\/fitness\/shop\/"},{"@type":"ListItem","position":3,"name":"REHA Laufband: Tunturi Laufband Endurance T80 mit Handl\u00e4ufen"}]},{"@type":"WebSite","@id":"https:\/\/rntl.ch\/fitness\/#website","url":"https:\/\/rntl.ch\/fitness\/","name":"RNTL Fitness","description":"Mieten Einfach Anders","publisher":{"@id":"https:\/\/rntl.ch\/fitness\/#organization"},"potentialAction":[{"@type":"SearchAction","target":{"@type":"EntryPoint","urlTemplate":"https:\/\/rntl.ch\/fitness\/?s={search_term_string}"},"query-input":{"@type":"PropertyValueSpecification","valueRequired":true,"valueName":"search_term_string"}}],"inLanguage":"de"},{"@type":"Organization","@id":"https:\/\/rntl.ch\/fitness\/#organization","name":"RNTL Fitness","url":"https:\/\/rntl.ch\/fitness\/","logo":{"@type":"ImageObject","inLanguage":"de","@id":"https:\/\/rntl.ch\/fitness\/#\/schema\/logo\/image\/","url":"https:\/\/rntl.ch\/fitness\/wp-content\/uploads\/sites\/3\/2020\/11\/cropped-rntl_logo_white_530x150.png","contentUrl":"https:\/\/rntl.ch\/fitness\/wp-content\/uploads\/sites\/3\/2020\/11\/cropped-rntl_logo_white_530x150.png","width":530,"height":150,"caption":"RNTL Fitness"},"image":{"@id":"https:\/\/rntl.ch\/fitness\/#\/schema\/logo\/image\/"}}]}},"_links":{"self":[{"href":"https:\/\/rntl.ch\/fitness\/wp-json\/wp\/v2\/product\/33312","targetHints":{"allow":["GET"]}}],"collection":[{"href":"https:\/\/rntl.ch\/fitness\/wp-json\/wp\/v2\/product"}],"about":[{"href":"https:\/\/rntl.ch\/fitness\/wp-json\/wp\/v2\/types\/product"}],"version-history":[{"count":2,"href":"https:\/\/rntl.ch\/fitness\/wp-json\/wp\/v2\/product\/33312\/revisions"}],"predecessor-version":[{"id":33324,"href":"https:\/\/rntl.ch\/fitness\/wp-json\/wp\/v2\/product\/33312\/revisions\/33324"}],"wp:featuredmedia":[{"embeddable":true,"href":"https:\/\/rntl.ch\/fitness\/wp-json\/wp\/v2\/media\/33319"}],"wp:attachment":[{"href":"https:\/\/rntl.ch\/fitness\/wp-json\/wp\/v2\/media?parent=33312"}],"wp:term":[{"taxonomy":"product_brand","embeddable":true,"href":"https:\/\/rntl.ch\/fitness\/wp-json\/wp\/v2\/product_brand?post=33312"},{"taxonomy":"product_cat","embeddable":true,"href":"https:\/\/rntl.ch\/fitness\/wp-json\/wp\/v2\/product_cat?post=33312"},{"taxonomy":"product_tag","embeddable":true,"href":"https:\/\/rntl.ch\/fitness\/wp-json\/wp\/v2\/product_tag?post=33312"}],"curies":[{"name":"wp","href":"https:\/\/api.w.org\/{rel}","templated":true}]}}