{"id":33384,"date":"2025-04-05T10:13:12","date_gmt":"2025-04-05T08:13:12","guid":{"rendered":"https:\/\/rntl.ch\/fitness\/?post_type=product&#038;p=33384"},"modified":"2025-09-25T15:12:25","modified_gmt":"2025-09-25T13:12:25","slug":"body-solid-t50-reha-laufband-sicheres-training-fuer-zuhause","status":"publish","type":"product","link":"https:\/\/rntl.ch\/fitness\/produkt\/body-solid-t50-reha-laufband-sicheres-training-fuer-zuhause\/","title":{"rendered":"Body Solid T50 Reha Laufband \u2013 Sicheres Training f\u00fcr Zuhause"},"content":{"rendered":"<p class=\"\" data-start=\"505\" data-end=\"804\">Speziell entwickelt f\u00fcr Senioren und Reha-Zwecke, \u00fcberzeugt das T50 durch extra lange, durchgehende Handl\u00e4ufe, eine breite Einstiegsrampe und eine besonders niedrige Startgeschwindigkeit von nur 0,16 km\/h. Das macht den Einstieg besonders einfach \u2013 selbst mit Gehhilfe oder Bewegungseinschr\u00e4nkungen.<\/p>\n<p class=\"\" data-start=\"806\" data-end=\"1150\">Der leistungsstarke 1,5 PS Hochdrehmoment-Motor erm\u00f6glicht eine pr\u00e4zise Geschwindigkeitsregulierung in 0,1-km\/h-Schritten bis 8 km\/h \u2013 ideal f\u00fcr eine fein abgestimmte Trainingsintensit\u00e4t. Die orthop\u00e4dische Lauffl\u00e4che sorgt f\u00fcr gelenkschonendes Gehen und das \u00fcbersichtliche LED-Display mit extra gro\u00dfen Tasten garantiert eine einfache Bedienung.<\/p>\n<h3 class=\"\" data-start=\"1157\" data-end=\"1205\">\u2705 <strong data-start=\"1163\" data-end=\"1205\">Highlights &amp; Ausstattung im \u00dcberblick:<\/strong><\/h3>\n<ul data-start=\"1207\" data-end=\"1886\">\n<li class=\"\" data-start=\"1207\" data-end=\"1276\">\n<p class=\"\" data-start=\"1209\" data-end=\"1276\"><strong data-start=\"1209\" data-end=\"1246\">Startgeschwindigkeit ab 0,16 km\/h<\/strong> \u2013 ideal f\u00fcr Reha &amp; Senioren<\/p>\n<\/li>\n<li class=\"\" data-start=\"1277\" data-end=\"1342\">\n<p class=\"\" data-start=\"1279\" data-end=\"1342\"><strong data-start=\"1279\" data-end=\"1309\">1,5 PS Dauerleistungsmotor<\/strong> \u2013 leistungsstark &amp; zuverl\u00e4ssig<\/p>\n<\/li>\n<li class=\"\" data-start=\"1343\" data-end=\"1415\">\n<p class=\"\" data-start=\"1345\" data-end=\"1415\"><strong data-start=\"1345\" data-end=\"1375\">Extra lange 5 cm Handl\u00e4ufe<\/strong> \u2013 durchgehend f\u00fcr maximale Sicherheit<\/p>\n<\/li>\n<li class=\"\" data-start=\"1416\" data-end=\"1478\">\n<p class=\"\" data-start=\"1418\" data-end=\"1478\"><strong data-start=\"1418\" data-end=\"1445\">Orthop\u00e4discher Laufgurt<\/strong> \u2013 gelenkschonend &amp; komfortabel<\/p>\n<\/li>\n<li class=\"\" data-start=\"1479\" data-end=\"1560\">\n<p class=\"\" data-start=\"1481\" data-end=\"1560\"><strong data-start=\"1481\" data-end=\"1518\">Breite Lauffl\u00e4che (134,5 x 48 cm)<\/strong> \u2013 viel Platz f\u00fcr ein sicheres Gehgef\u00fchl<\/p>\n<\/li>\n<li class=\"\" data-start=\"1561\" data-end=\"1629\">\n<p class=\"\" data-start=\"1563\" data-end=\"1629\"><strong data-start=\"1563\" data-end=\"1585\">Einfache Bedienung<\/strong> \u2013 gro\u00dfe Tasten &amp; gut lesbares LED-Display<\/p>\n<\/li>\n<li class=\"\" data-start=\"1630\" data-end=\"1702\">\n<p class=\"\" data-start=\"1632\" data-end=\"1702\"><strong data-start=\"1632\" data-end=\"1669\">Leicht zug\u00e4ngliche Einstiegsrampe<\/strong> \u2013 komfortabler Trainingsbeginn<\/p>\n<\/li>\n<li class=\"\" data-start=\"1703\" data-end=\"1768\">\n<p class=\"\" data-start=\"1705\" data-end=\"1768\"><strong data-start=\"1705\" data-end=\"1736\">Handpulssensoren integriert<\/strong> \u2013 zur Herzfrequenz\u00fcberwachung<\/p>\n<\/li>\n<li class=\"\" data-start=\"1769\" data-end=\"1830\">\n<p class=\"\" data-start=\"1771\" data-end=\"1830\"><strong data-start=\"1771\" data-end=\"1828\">Feine Geschwindigkeitsanpassung in 0,1-km\/h-Schritten<\/strong><\/p>\n<\/li>\n<li class=\"\" data-start=\"1831\" data-end=\"1886\">\n<p class=\"\" data-start=\"1833\" data-end=\"1886\"><strong data-start=\"1833\" data-end=\"1857\">Tragkraft bis 140 kg<\/strong>, ideal f\u00fcr den Heimbereich<\/p>\n<\/li>\n<\/ul>\n<hr class=\"\" data-start=\"1888\" data-end=\"1891\" \/>\n<h3 class=\"\" data-start=\"1893\" data-end=\"1921\">\ud83d\udd27 <strong data-start=\"1900\" data-end=\"1921\">Technische Daten:<\/strong><\/h3>\n<ul data-start=\"1923\" data-end=\"2108\">\n<li class=\"\" data-start=\"1923\" data-end=\"1957\">\n<p class=\"\" data-start=\"1925\" data-end=\"1957\"><strong data-start=\"1925\" data-end=\"1934\">Ma\u00dfe:<\/strong> L196 x B75 x H136 cm<\/p>\n<\/li>\n<li class=\"\" data-start=\"1958\" data-end=\"1982\">\n<p class=\"\" data-start=\"1960\" data-end=\"1982\"><strong data-start=\"1960\" data-end=\"1972\">Gewicht:<\/strong> 73,4 kg<\/p>\n<\/li>\n<li class=\"\" data-start=\"1983\" data-end=\"2005\">\n<p class=\"\" data-start=\"1985\" data-end=\"2005\"><strong data-start=\"1985\" data-end=\"1995\">Farbe:<\/strong> Schwarz<\/p>\n<\/li>\n<li class=\"\" data-start=\"2006\" data-end=\"2042\">\n<p class=\"\" data-start=\"2008\" data-end=\"2042\"><strong data-start=\"2008\" data-end=\"2033\">Max. Benutzergewicht:<\/strong> 140 kg<\/p>\n<\/li>\n<li class=\"\" data-start=\"2043\" data-end=\"2108\">\n<p class=\"\" data-start=\"2045\" data-end=\"2108\"><strong data-start=\"2045\" data-end=\"2073\">Garantie (Heimgebrauch):<\/strong> 2 Jahre auf Ersatzteile &amp; Arbeit<\/p>\n<\/li>\n<\/ul>\n<hr class=\"\" data-start=\"2110\" data-end=\"2113\" \/>\n<h3 class=\"\" data-start=\"2115\" data-end=\"2136\">\ud83c\udfe0 <strong data-start=\"2122\" data-end=\"2136\">Ideal f\u00fcr:<\/strong><\/h3>\n<ul data-start=\"2138\" data-end=\"2317\">\n<li class=\"\" data-start=\"2138\" data-end=\"2183\">\n<p class=\"\" data-start=\"2140\" data-end=\"2183\">Senioren, die sich sicher bewegen m\u00f6chten<\/p>\n<\/li>\n<li class=\"\" data-start=\"2184\" data-end=\"2243\">\n<p class=\"\" data-start=\"2186\" data-end=\"2243\">Menschen in der Reha oder mit eingeschr\u00e4nkter Mobilit\u00e4t<\/p>\n<\/li>\n<li class=\"\" data-start=\"2244\" data-end=\"2317\">\n<p class=\"\" data-start=\"2246\" data-end=\"2317\">Alle, die ein besonders sicheres &amp; benutzerfreundliches Laufband suchen f\u00fcr das Spazieren in den eigenen vier W\u00e4nden.<\/p>\n<\/li>\n<\/ul>\n<hr class=\"\" data-start=\"2319\" data-end=\"2322\" \/>\n<p class=\"\" data-start=\"2324\" data-end=\"2614\"><strong data-start=\"2324\" data-end=\"2334\">Fazit:<\/strong><br data-start=\"2334\" data-end=\"2337\" \/>Das Body Solid T50 Reha-Laufband kombiniert maximale Sicherheit mit hoher Benutzerfreundlichkeit \u2013 perfekt f\u00fcr ein sicheres Gehtraining zu Hause. Ob f\u00fcr den Aufbau nach einer Verletzung oder f\u00fcr mehr Bewegung im Alltag: Dieses Laufband bringt Sie sanft aber sicher in Bewegung.<\/p>\n","protected":false},"excerpt":{"rendered":"<p class=\"\" data-start=\"277\" data-end=\"503\">Ob f\u00fcr die Rehabilitation, das t\u00e4gliche Bewegungstraining im Alter oder f\u00fcr einen sanften Wiedereinstieg in den Sport: Das Body Solid Endurance T50 ist das perfekte Laufband f\u00fcr sicheres, komfortables und kontrolliertes Gehen.<\/p>\n<p><strong data-start=\"1209\" data-end=\"1246\">Startgeschwindigkeit ab 0,16 km\/h bis 8 km\/h <\/strong>\u2013 ideal f\u00fcr Reha &amp; Senioren<\/p>\n<p><strong>Kaufpreis [woo_custom_field id=\"rntl_retail_price_field\"].-<\/strong><\/p>\n[rntl_page_content id=\"14687\"]\n<div class=\"woocommerce-product-details__short-description\">\n<p>&nbsp;<\/p>\n<\/div>\n","protected":false},"featured_media":33389,"template":"","meta":{"content-type":""},"product_brand":[167],"product_cat":[28],"product_tag":[112],"class_list":{"0":"post-33384","1":"product","2":"type-product","3":"status-publish","4":"has-post-thumbnail","6":"product_brand-body-solid","7":"product_cat-laufbaender","8":"product_tag-mieten","9":"product_shipping_class-schwer","10":"tm-no-options","12":"first","13":"outofstock","14":"taxable","15":"shipping-taxable","16":"purchasable","17":"product-type-variable-subscription","18":"has-default-attributes"},"yoast_head":"<!-- This site is optimized with the Yoast SEO plugin v26.3 - https:\/\/yoast.com\/wordpress\/plugins\/seo\/ -->\n<title>Body Solid T50 Reha Laufband \u2013 Sicheres Training f\u00fcr Zuhause - RNTL Fitness<\/title>\n<meta name=\"description\" content=\"Das Body Solid T50 Reha-Laufband mit extra langen Handl\u00e4ufen &amp; Startgeschwindigkeit ab 0,16 km\/h \u2013 ideal f\u00fcr Senioren &amp; Rehabilitationstraining zu Hause.\" \/>\n<meta name=\"robots\" content=\"index, follow, max-snippet:-1, max-image-preview:large, max-video-preview:-1\" \/>\n<link rel=\"canonical\" href=\"https:\/\/rntl.ch\/fitness\/produkt\/body-solid-t50-reha-laufband-sicheres-training-fuer-zuhause\/\" \/>\n<meta property=\"og:locale\" content=\"de_DE\" \/>\n<meta property=\"og:type\" content=\"article\" \/>\n<meta property=\"og:title\" content=\"Body Solid T50 Reha Laufband \u2013 Sicheres Training f\u00fcr Zuhause - RNTL Fitness\" \/>\n<meta property=\"og:description\" content=\"Das Body Solid T50 Reha-Laufband mit extra langen Handl\u00e4ufen &amp; Startgeschwindigkeit ab 0,16 km\/h \u2013 ideal f\u00fcr Senioren &amp; Rehabilitationstraining zu Hause.\" \/>\n<meta property=\"og:url\" content=\"https:\/\/rntl.ch\/fitness\/produkt\/body-solid-t50-reha-laufband-sicheres-training-fuer-zuhause\/\" \/>\n<meta property=\"og:site_name\" content=\"RNTL Fitness\" \/>\n<meta property=\"article:modified_time\" content=\"2025-09-25T13:12:25+00:00\" \/>\n<meta property=\"og:image\" content=\"https:\/\/rntl.ch\/fitness\/wp-content\/uploads\/sites\/3\/2025\/04\/1-1.png\" \/>\n\t<meta property=\"og:image:width\" content=\"800\" \/>\n\t<meta property=\"og:image:height\" content=\"800\" \/>\n\t<meta property=\"og:image:type\" content=\"image\/png\" \/>\n<meta name=\"twitter:card\" content=\"summary_large_image\" \/>\n<meta name=\"twitter:label1\" content=\"Gesch\u00e4tzte Lesezeit\" \/>\n\t<meta name=\"twitter:data1\" content=\"2\u00a0Minuten\" \/>\n<script type=\"application\/ld+json\" class=\"yoast-schema-graph\">{\"@context\":\"https:\/\/schema.org\",\"@graph\":[{\"@type\":\"WebPage\",\"@id\":\"https:\/\/rntl.ch\/fitness\/produkt\/body-solid-t50-reha-laufband-sicheres-training-fuer-zuhause\/\",\"url\":\"https:\/\/rntl.ch\/fitness\/produkt\/body-solid-t50-reha-laufband-sicheres-training-fuer-zuhause\/\",\"name\":\"Body Solid T50 Reha Laufband \u2013 Sicheres Training f\u00fcr Zuhause - RNTL Fitness\",\"isPartOf\":{\"@id\":\"https:\/\/rntl.ch\/fitness\/#website\"},\"primaryImageOfPage\":{\"@id\":\"https:\/\/rntl.ch\/fitness\/produkt\/body-solid-t50-reha-laufband-sicheres-training-fuer-zuhause\/#primaryimage\"},\"image\":{\"@id\":\"https:\/\/rntl.ch\/fitness\/produkt\/body-solid-t50-reha-laufband-sicheres-training-fuer-zuhause\/#primaryimage\"},\"thumbnailUrl\":\"https:\/\/rntl.ch\/fitness\/wp-content\/uploads\/sites\/3\/2025\/04\/1-1.png\",\"datePublished\":\"2025-04-05T08:13:12+00:00\",\"dateModified\":\"2025-09-25T13:12:25+00:00\",\"description\":\"Das Body Solid T50 Reha-Laufband mit extra langen Handl\u00e4ufen & Startgeschwindigkeit ab 0,16 km\/h \u2013 ideal f\u00fcr Senioren & Rehabilitationstraining zu Hause.\",\"breadcrumb\":{\"@id\":\"https:\/\/rntl.ch\/fitness\/produkt\/body-solid-t50-reha-laufband-sicheres-training-fuer-zuhause\/#breadcrumb\"},\"inLanguage\":\"de\",\"potentialAction\":[{\"@type\":\"ReadAction\",\"target\":[\"https:\/\/rntl.ch\/fitness\/produkt\/body-solid-t50-reha-laufband-sicheres-training-fuer-zuhause\/\"]}]},{\"@type\":\"ImageObject\",\"inLanguage\":\"de\",\"@id\":\"https:\/\/rntl.ch\/fitness\/produkt\/body-solid-t50-reha-laufband-sicheres-training-fuer-zuhause\/#primaryimage\",\"url\":\"https:\/\/rntl.ch\/fitness\/wp-content\/uploads\/sites\/3\/2025\/04\/1-1.png\",\"contentUrl\":\"https:\/\/rntl.ch\/fitness\/wp-content\/uploads\/sites\/3\/2025\/04\/1-1.png\",\"width\":800,\"height\":800},{\"@type\":\"BreadcrumbList\",\"@id\":\"https:\/\/rntl.ch\/fitness\/produkt\/body-solid-t50-reha-laufband-sicheres-training-fuer-zuhause\/#breadcrumb\",\"itemListElement\":[{\"@type\":\"ListItem\",\"position\":1,\"name\":\"Startseite\",\"item\":\"https:\/\/rntl.ch\/fitness\/\"},{\"@type\":\"ListItem\",\"position\":2,\"name\":\"Shop\",\"item\":\"https:\/\/rntl.ch\/fitness\/shop\/\"},{\"@type\":\"ListItem\",\"position\":3,\"name\":\"Body Solid T50 Reha Laufband \u2013 Sicheres Training f\u00fcr Zuhause\"}]},{\"@type\":\"WebSite\",\"@id\":\"https:\/\/rntl.ch\/fitness\/#website\",\"url\":\"https:\/\/rntl.ch\/fitness\/\",\"name\":\"RNTL Fitness\",\"description\":\"Mieten Einfach Anders\",\"publisher\":{\"@id\":\"https:\/\/rntl.ch\/fitness\/#organization\"},\"potentialAction\":[{\"@type\":\"SearchAction\",\"target\":{\"@type\":\"EntryPoint\",\"urlTemplate\":\"https:\/\/rntl.ch\/fitness\/?s={search_term_string}\"},\"query-input\":{\"@type\":\"PropertyValueSpecification\",\"valueRequired\":true,\"valueName\":\"search_term_string\"}}],\"inLanguage\":\"de\"},{\"@type\":\"Organization\",\"@id\":\"https:\/\/rntl.ch\/fitness\/#organization\",\"name\":\"RNTL Fitness\",\"url\":\"https:\/\/rntl.ch\/fitness\/\",\"logo\":{\"@type\":\"ImageObject\",\"inLanguage\":\"de\",\"@id\":\"https:\/\/rntl.ch\/fitness\/#\/schema\/logo\/image\/\",\"url\":\"https:\/\/rntl.ch\/fitness\/wp-content\/uploads\/sites\/3\/2020\/11\/cropped-rntl_logo_white_530x150.png\",\"contentUrl\":\"https:\/\/rntl.ch\/fitness\/wp-content\/uploads\/sites\/3\/2020\/11\/cropped-rntl_logo_white_530x150.png\",\"width\":530,\"height\":150,\"caption\":\"RNTL Fitness\"},\"image\":{\"@id\":\"https:\/\/rntl.ch\/fitness\/#\/schema\/logo\/image\/\"}}]}<\/script>\n<!-- \/ Yoast SEO plugin. -->","yoast_head_json":{"title":"Body Solid T50 Reha Laufband \u2013 Sicheres Training f\u00fcr Zuhause - RNTL Fitness","description":"Das Body Solid T50 Reha-Laufband mit extra langen Handl\u00e4ufen & Startgeschwindigkeit ab 0,16 km\/h \u2013 ideal f\u00fcr Senioren & Rehabilitationstraining zu Hause.","robots":{"index":"index","follow":"follow","max-snippet":"max-snippet:-1","max-image-preview":"max-image-preview:large","max-video-preview":"max-video-preview:-1"},"canonical":"https:\/\/rntl.ch\/fitness\/produkt\/body-solid-t50-reha-laufband-sicheres-training-fuer-zuhause\/","og_locale":"de_DE","og_type":"article","og_title":"Body Solid T50 Reha Laufband \u2013 Sicheres Training f\u00fcr Zuhause - RNTL Fitness","og_description":"Das Body Solid T50 Reha-Laufband mit extra langen Handl\u00e4ufen & Startgeschwindigkeit ab 0,16 km\/h \u2013 ideal f\u00fcr Senioren & Rehabilitationstraining zu Hause.","og_url":"https:\/\/rntl.ch\/fitness\/produkt\/body-solid-t50-reha-laufband-sicheres-training-fuer-zuhause\/","og_site_name":"RNTL Fitness","article_modified_time":"2025-09-25T13:12:25+00:00","og_image":[{"width":800,"height":800,"url":"https:\/\/rntl.ch\/fitness\/wp-content\/uploads\/sites\/3\/2025\/04\/1-1.png","type":"image\/png"}],"twitter_card":"summary_large_image","twitter_misc":{"Gesch\u00e4tzte Lesezeit":"2\u00a0Minuten"},"schema":{"@context":"https:\/\/schema.org","@graph":[{"@type":"WebPage","@id":"https:\/\/rntl.ch\/fitness\/produkt\/body-solid-t50-reha-laufband-sicheres-training-fuer-zuhause\/","url":"https:\/\/rntl.ch\/fitness\/produkt\/body-solid-t50-reha-laufband-sicheres-training-fuer-zuhause\/","name":"Body Solid T50 Reha Laufband \u2013 Sicheres Training f\u00fcr Zuhause - RNTL Fitness","isPartOf":{"@id":"https:\/\/rntl.ch\/fitness\/#website"},"primaryImageOfPage":{"@id":"https:\/\/rntl.ch\/fitness\/produkt\/body-solid-t50-reha-laufband-sicheres-training-fuer-zuhause\/#primaryimage"},"image":{"@id":"https:\/\/rntl.ch\/fitness\/produkt\/body-solid-t50-reha-laufband-sicheres-training-fuer-zuhause\/#primaryimage"},"thumbnailUrl":"https:\/\/rntl.ch\/fitness\/wp-content\/uploads\/sites\/3\/2025\/04\/1-1.png","datePublished":"2025-04-05T08:13:12+00:00","dateModified":"2025-09-25T13:12:25+00:00","description":"Das Body Solid T50 Reha-Laufband mit extra langen Handl\u00e4ufen & Startgeschwindigkeit ab 0,16 km\/h \u2013 ideal f\u00fcr Senioren & Rehabilitationstraining zu Hause.","breadcrumb":{"@id":"https:\/\/rntl.ch\/fitness\/produkt\/body-solid-t50-reha-laufband-sicheres-training-fuer-zuhause\/#breadcrumb"},"inLanguage":"de","potentialAction":[{"@type":"ReadAction","target":["https:\/\/rntl.ch\/fitness\/produkt\/body-solid-t50-reha-laufband-sicheres-training-fuer-zuhause\/"]}]},{"@type":"ImageObject","inLanguage":"de","@id":"https:\/\/rntl.ch\/fitness\/produkt\/body-solid-t50-reha-laufband-sicheres-training-fuer-zuhause\/#primaryimage","url":"https:\/\/rntl.ch\/fitness\/wp-content\/uploads\/sites\/3\/2025\/04\/1-1.png","contentUrl":"https:\/\/rntl.ch\/fitness\/wp-content\/uploads\/sites\/3\/2025\/04\/1-1.png","width":800,"height":800},{"@type":"BreadcrumbList","@id":"https:\/\/rntl.ch\/fitness\/produkt\/body-solid-t50-reha-laufband-sicheres-training-fuer-zuhause\/#breadcrumb","itemListElement":[{"@type":"ListItem","position":1,"name":"Startseite","item":"https:\/\/rntl.ch\/fitness\/"},{"@type":"ListItem","position":2,"name":"Shop","item":"https:\/\/rntl.ch\/fitness\/shop\/"},{"@type":"ListItem","position":3,"name":"Body Solid T50 Reha Laufband \u2013 Sicheres Training f\u00fcr Zuhause"}]},{"@type":"WebSite","@id":"https:\/\/rntl.ch\/fitness\/#website","url":"https:\/\/rntl.ch\/fitness\/","name":"RNTL Fitness","description":"Mieten Einfach Anders","publisher":{"@id":"https:\/\/rntl.ch\/fitness\/#organization"},"potentialAction":[{"@type":"SearchAction","target":{"@type":"EntryPoint","urlTemplate":"https:\/\/rntl.ch\/fitness\/?s={search_term_string}"},"query-input":{"@type":"PropertyValueSpecification","valueRequired":true,"valueName":"search_term_string"}}],"inLanguage":"de"},{"@type":"Organization","@id":"https:\/\/rntl.ch\/fitness\/#organization","name":"RNTL Fitness","url":"https:\/\/rntl.ch\/fitness\/","logo":{"@type":"ImageObject","inLanguage":"de","@id":"https:\/\/rntl.ch\/fitness\/#\/schema\/logo\/image\/","url":"https:\/\/rntl.ch\/fitness\/wp-content\/uploads\/sites\/3\/2020\/11\/cropped-rntl_logo_white_530x150.png","contentUrl":"https:\/\/rntl.ch\/fitness\/wp-content\/uploads\/sites\/3\/2020\/11\/cropped-rntl_logo_white_530x150.png","width":530,"height":150,"caption":"RNTL Fitness"},"image":{"@id":"https:\/\/rntl.ch\/fitness\/#\/schema\/logo\/image\/"}}]}},"_links":{"self":[{"href":"https:\/\/rntl.ch\/fitness\/wp-json\/wp\/v2\/product\/33384","targetHints":{"allow":["GET"]}}],"collection":[{"href":"https:\/\/rntl.ch\/fitness\/wp-json\/wp\/v2\/product"}],"about":[{"href":"https:\/\/rntl.ch\/fitness\/wp-json\/wp\/v2\/types\/product"}],"version-history":[{"count":2,"href":"https:\/\/rntl.ch\/fitness\/wp-json\/wp\/v2\/product\/33384\/revisions"}],"predecessor-version":[{"id":38061,"href":"https:\/\/rntl.ch\/fitness\/wp-json\/wp\/v2\/product\/33384\/revisions\/38061"}],"wp:featuredmedia":[{"embeddable":true,"href":"https:\/\/rntl.ch\/fitness\/wp-json\/wp\/v2\/media\/33389"}],"wp:attachment":[{"href":"https:\/\/rntl.ch\/fitness\/wp-json\/wp\/v2\/media?parent=33384"}],"wp:term":[{"taxonomy":"product_brand","embeddable":true,"href":"https:\/\/rntl.ch\/fitness\/wp-json\/wp\/v2\/product_brand?post=33384"},{"taxonomy":"product_cat","embeddable":true,"href":"https:\/\/rntl.ch\/fitness\/wp-json\/wp\/v2\/product_cat?post=33384"},{"taxonomy":"product_tag","embeddable":true,"href":"https:\/\/rntl.ch\/fitness\/wp-json\/wp\/v2\/product_tag?post=33384"}],"curies":[{"name":"wp","href":"https:\/\/api.w.org\/{rel}","templated":true}]}}