{"id":33951,"date":"2025-05-20T10:45:30","date_gmt":"2025-05-20T08:45:30","guid":{"rendered":"https:\/\/rntl.ch\/fitness\/?post_type=product&#038;p=33951"},"modified":"2026-04-08T20:35:08","modified_gmt":"2026-04-08T18:35:08","slug":"horizon-paragon-x-laufband-cop","status":"publish","type":"product","link":"https:\/\/rntl.ch\/fitness\/produkt\/horizon-paragon-x-laufband-cop\/","title":{"rendered":"Horizon Tread-XP: Zukunft des Heimtrainings mit 24\u201c Touchscreen &#038; @Zone App"},"content":{"rendered":"<h3 class=\"\" data-start=\"157\" data-end=\"186\">\ud83c\udfc3\u200d\u2642\ufe0f Produktbeschreibung<\/h3>\n<p class=\"\" data-start=\"188\" data-end=\"344\"><span class=\"relative -mx-px my-[-0.2rem] rounded px-px py-[0.2rem] transition-colors duration-100 ease-in-out\">Das Horizon Tread-XP \u00fcberzeugt durch sein elegantes Design und eine Vielzahl an Funktionen, die sowohl Anf\u00e4nger als auch erfahrene L\u00e4ufer begeistern werden.<\/span> <span class=\"relative -mx-px my-[-0.2rem] rounded px-px py-[0.2rem] transition-colors duration-100 ease-in-out\">Der leistungsstarke 3,25 PS Motor erm\u00f6glicht Geschwindigkeiten von 0,8 bis 20 km\/h, w\u00e4hrend die elektronische Steigungsverstellung bis zu 15 % f\u00fcr abwechslungsreiche Trainingsintensit\u00e4ten sorgt.<\/span><\/p>\n<p class=\"\" data-start=\"346\" data-end=\"464\"><span class=\"relative -mx-px my-[-0.2rem] rounded px-px py-[0.2rem] transition-colors duration-100 ease-in-out\">Die gro\u00dfz\u00fcgige Lauffl\u00e4che von 153 x 56 cm bietet ausreichend Platz f\u00fcr komfortables Laufen, und das Variable Response Cushioning D\u00e4mpfungssystem schont die Gelenke bei jedem Schritt.<\/span><\/p>\n<hr class=\"\" data-start=\"466\" data-end=\"469\" \/>\n<h3 class=\"\" data-start=\"471\" data-end=\"513\">\ud83d\udcfa Interaktive Konsole &amp; Konnektivit\u00e4t<\/h3>\n<p class=\"\" data-start=\"515\" data-end=\"673\"><span class=\"relative -mx-px my-[-0.2rem] rounded px-px py-[0.2rem] transition-colors duration-100 ease-in-out\">Ein Highlight des Tread-XP ist der 24 Zoll Full HD Touchscreen, der um 90\u00b0 drehbar ist.<\/span> <span class=\"relative -mx-px my-[-0.2rem] rounded px-px py-[0.2rem] transition-colors duration-100 ease-in-out\">Dies erm\u00f6glicht nicht nur ein komfortables Lauftraining, sondern auch die Nutzung von Boden\u00fcbungen wie Yoga oder Krafttraining direkt vor dem Bildschirm.<\/span><\/p>\n<p class=\"\" data-start=\"675\" data-end=\"833\"><span class=\"relative -mx-px my-[-0.2rem] rounded px-px py-[0.2rem] transition-colors duration-100 ease-in-out\">Dank der Mirror Cast Funktion k\u00f6nnen Inhalte von deinem Smart Device direkt auf das Laufband-Display gespiegelt werden.<\/span> <span class=\"relative -mx-px my-[-0.2rem] rounded px-px py-[0.2rem] transition-colors duration-100 ease-in-out\">Zus\u00e4tzlich ist das Laufband kompatibel mit beliebten Fitness-Apps wie Kinomap, Zwift und der Horizon atZone App, was f\u00fcr ein interaktives und motivierendes Trainingserlebnis sorgt.<\/span><\/p>\n<hr class=\"\" data-start=\"835\" data-end=\"838\" \/>\n<h3 class=\"\" data-start=\"840\" data-end=\"863\">\u2699\ufe0f Technische Daten<\/h3>\n<ul data-start=\"865\" data-end=\"1631\">\n<li class=\"\" data-start=\"865\" data-end=\"925\">\n<p class=\"\" data-start=\"867\" data-end=\"925\"><strong data-start=\"867\" data-end=\"884\">Motorleistung<\/strong>: <span class=\"relative -mx-px my-[-0.2rem] rounded px-px py-[0.2rem] transition-colors duration-100 ease-in-out\">3,25 PS<\/span><\/p>\n<\/li>\n<li class=\"\" data-start=\"926\" data-end=\"988\">\n<p class=\"\" data-start=\"928\" data-end=\"988\"><strong data-start=\"928\" data-end=\"947\">Geschwindigkeit<\/strong>: <span class=\"relative -mx-px my-[-0.2rem] rounded px-px py-[0.2rem] transition-colors duration-100 ease-in-out\">0,8 \u2013 20 km\/h<\/span><\/p>\n<\/li>\n<li class=\"\" data-start=\"989\" data-end=\"1044\">\n<p class=\"\" data-start=\"991\" data-end=\"1044\"><strong data-start=\"991\" data-end=\"1003\">Steigung<\/strong>: <span class=\"relative -mx-px my-[-0.2rem] rounded px-px py-[0.2rem] transition-colors duration-100 ease-in-out\">0 \u2013 15 %<\/span><\/p>\n<\/li>\n<li class=\"\" data-start=\"1045\" data-end=\"1102\">\n<p class=\"\" data-start=\"1047\" data-end=\"1102\"><strong data-start=\"1047\" data-end=\"1061\">Lauffl\u00e4che<\/strong>: <span class=\"relative -mx-px my-[-0.2rem] rounded px-px py-[0.2rem] transition-colors duration-100 ease-in-out\">153 x 56 cm<\/span><\/p>\n<\/li>\n<li class=\"\" data-start=\"1103\" data-end=\"1165\">\n<p class=\"\" data-start=\"1105\" data-end=\"1165\"><strong data-start=\"1105\" data-end=\"1124\">D\u00e4mpfungssystem<\/strong>: <span class=\"relative -mx-px my-[-0.2rem] rounded px-px py-[0.2rem] transition-colors duration-100 ease-in-out\">Variable Response Cushioning<\/span><\/p>\n<\/li>\n<li class=\"\" data-start=\"1166\" data-end=\"1222\">\n<p class=\"\" data-start=\"1168\" data-end=\"1222\"><strong data-start=\"1168\" data-end=\"1181\">Programme<\/strong>: <span class=\"relative -mx-px my-[-0.2rem] rounded px-px py-[0.2rem] transition-colors duration-100 ease-in-out\">Training, Sprint 8, Virtual Active, On-Demand Classes<\/span><\/p>\n<\/li>\n<li class=\"\" data-start=\"1223\" data-end=\"1283\">\n<p class=\"\" data-start=\"1225\" data-end=\"1283\"><strong data-start=\"1225\" data-end=\"1242\">Konnektivit\u00e4t<\/strong>: <span class=\"relative -mx-px my-[-0.2rem] rounded px-px py-[0.2rem] transition-colors duration-100 ease-in-out\">Bluetooth FTMS, USB-Ladeanschluss<\/span><\/p>\n<\/li>\n<li class=\"\" data-start=\"1284\" data-end=\"1349\">\n<p class=\"\" data-start=\"1286\" data-end=\"1349\"><strong data-start=\"1286\" data-end=\"1308\">Max. Nutzergewicht<\/strong>: <span class=\"relative -mx-px my-[-0.2rem] rounded px-px py-[0.2rem] transition-colors duration-100 ease-in-out\">159 kg<\/span><\/p>\n<\/li>\n<li class=\"\" data-start=\"1350\" data-end=\"1411\">\n<p class=\"\" data-start=\"1352\" data-end=\"1411\"><strong data-start=\"1352\" data-end=\"1370\">Produktgewicht<\/strong>: <span class=\"relative -mx-px my-[-0.2rem] rounded px-px py-[0.2rem] transition-colors duration-100 ease-in-out\">128 kg<\/span><\/p>\n<\/li>\n<li class=\"\" data-start=\"1412\" data-end=\"1482\">\n<p class=\"\" data-start=\"1414\" data-end=\"1482\"><strong data-start=\"1414\" data-end=\"1441\">Abmessungen (L x B x H)<\/strong>: <span class=\"relative -mx-px my-[-0.2rem] rounded px-px py-[0.2rem] transition-colors duration-100 ease-in-out\">195 x 99 x 161 cm<\/span><\/p>\n<\/li>\n<li class=\"\" data-start=\"1483\" data-end=\"1538\">\n<p class=\"\" data-start=\"1485\" data-end=\"1538\"><strong data-start=\"1485\" data-end=\"1497\">Klappma\u00df<\/strong>: <span class=\"relative -mx-px my-[-0.2rem] rounded px-px py-[0.2rem] transition-colors duration-100 ease-in-out\">106 x 99 x 180 cm<\/span><\/p>\n<\/li>\n<\/ul>\n<hr class=\"\" data-start=\"1633\" data-end=\"1636\" \/>\n<h3 class=\"\" data-start=\"121\" data-end=\"171\">\ud83d\udcf1 @Zone App \u2013 Dein pers\u00f6nlicher Fitness-Coach<\/h3>\n<p class=\"\" data-start=\"173\" data-end=\"287\"><span class=\"relative -mx-px my-[-0.2rem] rounded px-px py-[0.2rem] transition-colors duration-100 ease-in-out\">Die @Zone App wurde speziell f\u00fcr Horizon Fitnessger\u00e4te entwickelt und verbindet sich \u00fcber Bluetooth FTMS mit dem Tread-XP Laufband.<\/span> <span class=\"relative -mx-px my-[-0.2rem] rounded px-px py-[0.2rem] transition-colors duration-100 ease-in-out\">Sie bietet eine Vielzahl an Funktionen, um dein Training individuell und motivierend zu gestalten.\u00a0<\/span><\/p>\n<ul data-start=\"289\" data-end=\"1189\">\n<li class=\"\" data-start=\"289\" data-end=\"433\">\n<p class=\"\" data-start=\"291\" data-end=\"433\"><strong data-start=\"291\" data-end=\"313\">Virtuelle Strecken<\/strong>: <span class=\"relative -mx-px my-[-0.2rem] rounded px-px py-[0.2rem] transition-colors duration-100 ease-in-out\">Erlebe mit \u201eVirtual Active\u201c realistische Laufstrecken aus aller Welt, bei denen sich Geschwindigkeit und Steigung automatisch an dein Training anpassen.<\/span><\/p>\n<\/li>\n<li class=\"\" data-start=\"435\" data-end=\"583\">\n<p class=\"\" data-start=\"437\" data-end=\"583\"><strong data-start=\"437\" data-end=\"463\">Sprint 8 HIIT-Programm<\/strong>: <span class=\"relative -mx-px my-[-0.2rem] rounded px-px py-[0.2rem] transition-colors duration-100 ease-in-out\">Ein wissenschaftlich fundiertes Intervalltraining, das in nur drei 20-min\u00fctigen Einheiten pro Woche hilft, Fett zu verbrennen und Muskeln aufzubauen.<\/span><\/p>\n<\/li>\n<li class=\"\" data-start=\"585\" data-end=\"726\">\n<p class=\"\" data-start=\"587\" data-end=\"726\"><strong data-start=\"587\" data-end=\"606\">On-Demand-Kurse<\/strong>: <span class=\"relative -mx-px my-[-0.2rem] rounded px-px py-[0.2rem] transition-colors duration-100 ease-in-out\">Greife auf eine Vielzahl von Trainingsvideos zu, die von professionellen Trainern geleitet werden \u2013 von Cardio \u00fcber Krafttraining bis hin zu Yoga.<\/span><\/p>\n<\/li>\n<li class=\"\" data-start=\"728\" data-end=\"869\">\n<p class=\"\" data-start=\"730\" data-end=\"869\"><strong data-start=\"730\" data-end=\"749\">Motion Tracking<\/strong>: <span class=\"relative -mx-px my-[-0.2rem] rounded px-px py-[0.2rem] transition-colors duration-100 ease-in-out\">Die App erkennt deine Bewegungen w\u00e4hrend des Krafttrainings und hilft dir, deine Form zu verbessern sowie Wiederholungen und S\u00e4tze zu verfolgen.<\/span><\/p>\n<\/li>\n<li class=\"\" data-start=\"871\" data-end=\"1024\">\n<p class=\"\" data-start=\"873\" data-end=\"1024\"><strong data-start=\"873\" data-end=\"904\">Individuelle Trainingspl\u00e4ne<\/strong>: <span class=\"relative -mx-px my-[-0.2rem] rounded px-px py-[0.2rem] transition-colors duration-100 ease-in-out\">Erstelle personalisierte Trainingsziele basierend auf Zeit, Distanz, Kalorienverbrauch oder Herzfrequenz.<\/span><\/p>\n<\/li>\n<li class=\"\" data-start=\"1026\" data-end=\"1189\">\n<p class=\"\" data-start=\"1028\" data-end=\"1189\"><strong data-start=\"1028\" data-end=\"1069\">Kompatibilit\u00e4t mit Drittanbieter-Apps<\/strong>: <span class=\"relative -mx-px my-[-0.2rem] rounded px-px py-[0.2rem] transition-colors duration-100 ease-in-out\">Synchronisiere deine Trainingsdaten mit Apple Health, Google Fit, Fitbit, Strava und mehr, um deinen Fortschritt umfassend zu verfolgen.<\/span><\/p>\n<\/li>\n<\/ul>\n<p class=\"\" data-start=\"1191\" data-end=\"1269\"><span class=\"relative -mx-px my-[-0.2rem] rounded px-px py-[0.2rem] bg-[#FCECC1] dark:bg-[#64572A] transition-colors duration-100 ease-in-out\">Mit der @Zone App wird dein Heimtraining abwechslungsreich, effektiv und auf deine pers\u00f6nlichen Ziele abgestimmt.<\/span><\/p>\n<p><iframe title=\"Horizon Fitness | Treadmill | TREAD-XP\" width=\"980\" height=\"551\" src=\"https:\/\/www.youtube.com\/embed\/-OTo_4XoMUI?start=49&#038;feature=oembed&#038;enablejsapi=1&#038;origin=https:\/\/rntl.ch\" frameborder=\"0\" allow=\"accelerometer; autoplay; clipboard-write; encrypted-media; gyroscope; picture-in-picture; web-share\" referrerpolicy=\"strict-origin-when-cross-origin\" allowfullscreen><\/iframe><\/p>\n<p>&nbsp;<\/p>\n","protected":false},"excerpt":{"rendered":"<p><span class=\"decoration-token-text-secondary inline align-baseline underline decoration-[4%] underline-offset-[16%] [text-decoration-skip-ink:auto] [text-underline-position:from-font] hover:cursor-pointer\"><span class=\"whitespace-normal\">Horizon Laufband Tread-XP<\/span><\/span> <span class=\"relative -mx-px my-[-0.2rem] rounded px-px py-[0.2rem] transition-colors duration-100 ease-in-out\">ist ein hochmodernes Laufband, das speziell f\u00fcr anspruchsvolle Heimanwender entwickelt wurde.<\/span> <span class=\"relative -mx-px my-[-0.2rem] rounded px-px py-[0.2rem] transition-colors duration-100 ease-in-out\">Mit seiner Kombination aus innovativer Technologie, Komfort und Benutzerfreundlichkeit bietet es ein erstklassiges Trainingserlebnis.<\/span><\/p>\n<p><strong>Kaufpreis [woo_custom_field id=\"rntl_retail_price_field\"].-<\/strong><\/p>\n[rntl_page_content id=\"14687\"]\n<div class=\"woocommerce-product-details__short-description\">\n<p>&nbsp;<\/p>\n<\/div>\n","protected":false},"featured_media":33956,"template":"","meta":{"content-type":""},"product_brand":[171],"product_cat":[28],"product_tag":[112],"class_list":{"0":"post-33951","1":"product","2":"type-product","3":"status-publish","4":"has-post-thumbnail","6":"product_brand-horizon","7":"product_cat-laufbaender","8":"product_tag-mieten","9":"product_shipping_class-schwer","10":"tm-no-options","12":"first","13":"instock","14":"taxable","15":"shipping-taxable","16":"purchasable","17":"product-type-variable-subscription","18":"has-default-attributes"},"yoast_head":"<!-- This site is optimized with the Yoast SEO plugin v26.3 - https:\/\/yoast.com\/wordpress\/plugins\/seo\/ -->\n<title>Horizon Tread-XP: Zukunft des Heimtrainings mit 24\u201c Touchscreen &amp; @Zone App - RNTL Fitness %<\/title>\n<meta name=\"description\" content=\"Miete, kaufe, oder finanziere f\u00fcr das Spinning Training zu Hause den Horizon Paragon X bei RNTL. Perfekt f\u00fcr dein Spinning Training zu Hause.\" \/>\n<meta name=\"robots\" content=\"index, follow, max-snippet:-1, max-image-preview:large, max-video-preview:-1\" \/>\n<link rel=\"canonical\" href=\"https:\/\/rntl.ch\/fitness\/produkt\/horizon-paragon-x-laufband-cop\/\" \/>\n<meta property=\"og:locale\" content=\"de_DE\" \/>\n<meta property=\"og:type\" content=\"article\" \/>\n<meta property=\"og:title\" content=\"Horizon Tread-XP: Zukunft des Heimtrainings mit 24\u201c Touchscreen &amp; @Zone App - RNTL Fitness %\" \/>\n<meta property=\"og:description\" content=\"Miete, kaufe, oder finanziere f\u00fcr das Spinning Training zu Hause den Horizon Paragon X bei RNTL. Perfekt f\u00fcr dein Spinning Training zu Hause.\" \/>\n<meta property=\"og:url\" content=\"https:\/\/rntl.ch\/fitness\/produkt\/horizon-paragon-x-laufband-cop\/\" \/>\n<meta property=\"og:site_name\" content=\"RNTL Fitness\" \/>\n<meta property=\"article:modified_time\" content=\"2026-04-08T18:35:08+00:00\" \/>\n<meta property=\"og:image\" content=\"https:\/\/rntl.ch\/fitness\/wp-content\/uploads\/sites\/3\/2025\/05\/1.png\" \/>\n\t<meta property=\"og:image:width\" content=\"800\" \/>\n\t<meta property=\"og:image:height\" content=\"800\" \/>\n\t<meta property=\"og:image:type\" content=\"image\/png\" \/>\n<meta name=\"twitter:card\" content=\"summary_large_image\" \/>\n<meta name=\"twitter:label1\" content=\"Gesch\u00e4tzte Lesezeit\" \/>\n\t<meta name=\"twitter:data1\" content=\"3\u00a0Minuten\" \/>\n<script type=\"application\/ld+json\" class=\"yoast-schema-graph\">{\"@context\":\"https:\/\/schema.org\",\"@graph\":[{\"@type\":\"WebPage\",\"@id\":\"https:\/\/rntl.ch\/fitness\/produkt\/horizon-paragon-x-laufband-cop\/\",\"url\":\"https:\/\/rntl.ch\/fitness\/produkt\/horizon-paragon-x-laufband-cop\/\",\"name\":\"Horizon Tread-XP: Zukunft des Heimtrainings mit 24\u201c Touchscreen & @Zone App - RNTL Fitness %\",\"isPartOf\":{\"@id\":\"https:\/\/rntl.ch\/fitness\/#website\"},\"primaryImageOfPage\":{\"@id\":\"https:\/\/rntl.ch\/fitness\/produkt\/horizon-paragon-x-laufband-cop\/#primaryimage\"},\"image\":{\"@id\":\"https:\/\/rntl.ch\/fitness\/produkt\/horizon-paragon-x-laufband-cop\/#primaryimage\"},\"thumbnailUrl\":\"https:\/\/rntl.ch\/fitness\/wp-content\/uploads\/sites\/3\/2025\/05\/1.png\",\"datePublished\":\"2025-05-20T08:45:30+00:00\",\"dateModified\":\"2026-04-08T18:35:08+00:00\",\"description\":\"Miete, kaufe, oder finanziere f\u00fcr das Spinning Training zu Hause den Horizon Paragon X bei RNTL. Perfekt f\u00fcr dein Spinning Training zu Hause.\",\"breadcrumb\":{\"@id\":\"https:\/\/rntl.ch\/fitness\/produkt\/horizon-paragon-x-laufband-cop\/#breadcrumb\"},\"inLanguage\":\"de\",\"potentialAction\":[{\"@type\":\"ReadAction\",\"target\":[\"https:\/\/rntl.ch\/fitness\/produkt\/horizon-paragon-x-laufband-cop\/\"]}]},{\"@type\":\"ImageObject\",\"inLanguage\":\"de\",\"@id\":\"https:\/\/rntl.ch\/fitness\/produkt\/horizon-paragon-x-laufband-cop\/#primaryimage\",\"url\":\"https:\/\/rntl.ch\/fitness\/wp-content\/uploads\/sites\/3\/2025\/05\/1.png\",\"contentUrl\":\"https:\/\/rntl.ch\/fitness\/wp-content\/uploads\/sites\/3\/2025\/05\/1.png\",\"width\":800,\"height\":800},{\"@type\":\"BreadcrumbList\",\"@id\":\"https:\/\/rntl.ch\/fitness\/produkt\/horizon-paragon-x-laufband-cop\/#breadcrumb\",\"itemListElement\":[{\"@type\":\"ListItem\",\"position\":1,\"name\":\"Startseite\",\"item\":\"https:\/\/rntl.ch\/fitness\/\"},{\"@type\":\"ListItem\",\"position\":2,\"name\":\"Shop\",\"item\":\"https:\/\/rntl.ch\/fitness\/shop\/\"},{\"@type\":\"ListItem\",\"position\":3,\"name\":\"Horizon Tread-XP: Zukunft des Heimtrainings mit 24\u201c Touchscreen &#038; @Zone App\"}]},{\"@type\":\"WebSite\",\"@id\":\"https:\/\/rntl.ch\/fitness\/#website\",\"url\":\"https:\/\/rntl.ch\/fitness\/\",\"name\":\"RNTL Fitness\",\"description\":\"Mieten Einfach Anders\",\"publisher\":{\"@id\":\"https:\/\/rntl.ch\/fitness\/#organization\"},\"potentialAction\":[{\"@type\":\"SearchAction\",\"target\":{\"@type\":\"EntryPoint\",\"urlTemplate\":\"https:\/\/rntl.ch\/fitness\/?s={search_term_string}\"},\"query-input\":{\"@type\":\"PropertyValueSpecification\",\"valueRequired\":true,\"valueName\":\"search_term_string\"}}],\"inLanguage\":\"de\"},{\"@type\":\"Organization\",\"@id\":\"https:\/\/rntl.ch\/fitness\/#organization\",\"name\":\"RNTL Fitness\",\"url\":\"https:\/\/rntl.ch\/fitness\/\",\"logo\":{\"@type\":\"ImageObject\",\"inLanguage\":\"de\",\"@id\":\"https:\/\/rntl.ch\/fitness\/#\/schema\/logo\/image\/\",\"url\":\"https:\/\/rntl.ch\/fitness\/wp-content\/uploads\/sites\/3\/2020\/11\/cropped-rntl_logo_white_530x150.png\",\"contentUrl\":\"https:\/\/rntl.ch\/fitness\/wp-content\/uploads\/sites\/3\/2020\/11\/cropped-rntl_logo_white_530x150.png\",\"width\":530,\"height\":150,\"caption\":\"RNTL Fitness\"},\"image\":{\"@id\":\"https:\/\/rntl.ch\/fitness\/#\/schema\/logo\/image\/\"}}]}<\/script>\n<!-- \/ Yoast SEO plugin. -->","yoast_head_json":{"title":"Horizon Tread-XP: Zukunft des Heimtrainings mit 24\u201c Touchscreen & @Zone App - RNTL Fitness %","description":"Miete, kaufe, oder finanziere f\u00fcr das Spinning Training zu Hause den Horizon Paragon X bei RNTL. Perfekt f\u00fcr dein Spinning Training zu Hause.","robots":{"index":"index","follow":"follow","max-snippet":"max-snippet:-1","max-image-preview":"max-image-preview:large","max-video-preview":"max-video-preview:-1"},"canonical":"https:\/\/rntl.ch\/fitness\/produkt\/horizon-paragon-x-laufband-cop\/","og_locale":"de_DE","og_type":"article","og_title":"Horizon Tread-XP: Zukunft des Heimtrainings mit 24\u201c Touchscreen & @Zone App - RNTL Fitness %","og_description":"Miete, kaufe, oder finanziere f\u00fcr das Spinning Training zu Hause den Horizon Paragon X bei RNTL. Perfekt f\u00fcr dein Spinning Training zu Hause.","og_url":"https:\/\/rntl.ch\/fitness\/produkt\/horizon-paragon-x-laufband-cop\/","og_site_name":"RNTL Fitness","article_modified_time":"2026-04-08T18:35:08+00:00","og_image":[{"width":800,"height":800,"url":"https:\/\/rntl.ch\/fitness\/wp-content\/uploads\/sites\/3\/2025\/05\/1.png","type":"image\/png"}],"twitter_card":"summary_large_image","twitter_misc":{"Gesch\u00e4tzte Lesezeit":"3\u00a0Minuten"},"schema":{"@context":"https:\/\/schema.org","@graph":[{"@type":"WebPage","@id":"https:\/\/rntl.ch\/fitness\/produkt\/horizon-paragon-x-laufband-cop\/","url":"https:\/\/rntl.ch\/fitness\/produkt\/horizon-paragon-x-laufband-cop\/","name":"Horizon Tread-XP: Zukunft des Heimtrainings mit 24\u201c Touchscreen & @Zone App - RNTL Fitness %","isPartOf":{"@id":"https:\/\/rntl.ch\/fitness\/#website"},"primaryImageOfPage":{"@id":"https:\/\/rntl.ch\/fitness\/produkt\/horizon-paragon-x-laufband-cop\/#primaryimage"},"image":{"@id":"https:\/\/rntl.ch\/fitness\/produkt\/horizon-paragon-x-laufband-cop\/#primaryimage"},"thumbnailUrl":"https:\/\/rntl.ch\/fitness\/wp-content\/uploads\/sites\/3\/2025\/05\/1.png","datePublished":"2025-05-20T08:45:30+00:00","dateModified":"2026-04-08T18:35:08+00:00","description":"Miete, kaufe, oder finanziere f\u00fcr das Spinning Training zu Hause den Horizon Paragon X bei RNTL. Perfekt f\u00fcr dein Spinning Training zu Hause.","breadcrumb":{"@id":"https:\/\/rntl.ch\/fitness\/produkt\/horizon-paragon-x-laufband-cop\/#breadcrumb"},"inLanguage":"de","potentialAction":[{"@type":"ReadAction","target":["https:\/\/rntl.ch\/fitness\/produkt\/horizon-paragon-x-laufband-cop\/"]}]},{"@type":"ImageObject","inLanguage":"de","@id":"https:\/\/rntl.ch\/fitness\/produkt\/horizon-paragon-x-laufband-cop\/#primaryimage","url":"https:\/\/rntl.ch\/fitness\/wp-content\/uploads\/sites\/3\/2025\/05\/1.png","contentUrl":"https:\/\/rntl.ch\/fitness\/wp-content\/uploads\/sites\/3\/2025\/05\/1.png","width":800,"height":800},{"@type":"BreadcrumbList","@id":"https:\/\/rntl.ch\/fitness\/produkt\/horizon-paragon-x-laufband-cop\/#breadcrumb","itemListElement":[{"@type":"ListItem","position":1,"name":"Startseite","item":"https:\/\/rntl.ch\/fitness\/"},{"@type":"ListItem","position":2,"name":"Shop","item":"https:\/\/rntl.ch\/fitness\/shop\/"},{"@type":"ListItem","position":3,"name":"Horizon Tread-XP: Zukunft des Heimtrainings mit 24\u201c Touchscreen &#038; @Zone App"}]},{"@type":"WebSite","@id":"https:\/\/rntl.ch\/fitness\/#website","url":"https:\/\/rntl.ch\/fitness\/","name":"RNTL Fitness","description":"Mieten Einfach Anders","publisher":{"@id":"https:\/\/rntl.ch\/fitness\/#organization"},"potentialAction":[{"@type":"SearchAction","target":{"@type":"EntryPoint","urlTemplate":"https:\/\/rntl.ch\/fitness\/?s={search_term_string}"},"query-input":{"@type":"PropertyValueSpecification","valueRequired":true,"valueName":"search_term_string"}}],"inLanguage":"de"},{"@type":"Organization","@id":"https:\/\/rntl.ch\/fitness\/#organization","name":"RNTL Fitness","url":"https:\/\/rntl.ch\/fitness\/","logo":{"@type":"ImageObject","inLanguage":"de","@id":"https:\/\/rntl.ch\/fitness\/#\/schema\/logo\/image\/","url":"https:\/\/rntl.ch\/fitness\/wp-content\/uploads\/sites\/3\/2020\/11\/cropped-rntl_logo_white_530x150.png","contentUrl":"https:\/\/rntl.ch\/fitness\/wp-content\/uploads\/sites\/3\/2020\/11\/cropped-rntl_logo_white_530x150.png","width":530,"height":150,"caption":"RNTL Fitness"},"image":{"@id":"https:\/\/rntl.ch\/fitness\/#\/schema\/logo\/image\/"}}]}},"_links":{"self":[{"href":"https:\/\/rntl.ch\/fitness\/wp-json\/wp\/v2\/product\/33951","targetHints":{"allow":["GET"]}}],"collection":[{"href":"https:\/\/rntl.ch\/fitness\/wp-json\/wp\/v2\/product"}],"about":[{"href":"https:\/\/rntl.ch\/fitness\/wp-json\/wp\/v2\/types\/product"}],"version-history":[{"count":2,"href":"https:\/\/rntl.ch\/fitness\/wp-json\/wp\/v2\/product\/33951\/revisions"}],"predecessor-version":[{"id":37474,"href":"https:\/\/rntl.ch\/fitness\/wp-json\/wp\/v2\/product\/33951\/revisions\/37474"}],"wp:featuredmedia":[{"embeddable":true,"href":"https:\/\/rntl.ch\/fitness\/wp-json\/wp\/v2\/media\/33956"}],"wp:attachment":[{"href":"https:\/\/rntl.ch\/fitness\/wp-json\/wp\/v2\/media?parent=33951"}],"wp:term":[{"taxonomy":"product_brand","embeddable":true,"href":"https:\/\/rntl.ch\/fitness\/wp-json\/wp\/v2\/product_brand?post=33951"},{"taxonomy":"product_cat","embeddable":true,"href":"https:\/\/rntl.ch\/fitness\/wp-json\/wp\/v2\/product_cat?post=33951"},{"taxonomy":"product_tag","embeddable":true,"href":"https:\/\/rntl.ch\/fitness\/wp-json\/wp\/v2\/product_tag?post=33951"}],"curies":[{"name":"wp","href":"https:\/\/api.w.org\/{rel}","templated":true}]}}