{"id":33964,"date":"2025-05-20T14:26:33","date_gmt":"2025-05-20T12:26:33","guid":{"rendered":"https:\/\/rntl.ch\/fitness\/?post_type=product&#038;p=33964"},"modified":"2026-02-04T13:49:01","modified_gmt":"2026-02-04T12:49:01","slug":"atletica-infinity-stair-climber","status":"publish","type":"product","link":"https:\/\/rntl.ch\/fitness\/produkt\/atletica-infinity-stair-climber\/","title":{"rendered":"Gymost Stair Climber"},"content":{"rendered":"<h3 class=\"\" data-start=\"320\" data-end=\"352\">\ud83d\udd27 <strong data-start=\"327\" data-end=\"352\">Technische Highlights<\/strong><\/h3>\n<ul data-start=\"354\" data-end=\"880\">\n<li class=\"\" data-start=\"354\" data-end=\"461\">\n<p class=\"\" data-start=\"356\" data-end=\"461\"><strong data-start=\"356\" data-end=\"381\">EMS-Widerstandssystem<\/strong>: <span class=\"relative -mx-px my-[-0.2rem] rounded px-px py-[0.2rem] transition-colors duration-100 ease-in-out\">Das elektromagnetische System sorgt f\u00fcr eine fl\u00fcssige, gelenkschonende Bewegung und erm\u00f6glicht eine pr\u00e4zise Kontrolle der Trainingsintensit\u00e4t.<\/span><\/p>\n<\/li>\n<li class=\"\" data-start=\"463\" data-end=\"571\">\n<p class=\"\" data-start=\"465\" data-end=\"571\"><strong data-start=\"465\" data-end=\"491\">Geschwindigkeitsstufen<\/strong>: <span class=\"relative -mx-px my-[-0.2rem] rounded px-px py-[0.2rem] transition-colors duration-100 ease-in-out\">15 Stufen mit einer Bandbreite von 14 bis 160 Schritte pro Minute bieten vielseitige Trainingsm\u00f6glichkeiten.<\/span><\/p>\n<\/li>\n<li class=\"\" data-start=\"573\" data-end=\"677\">\n<p class=\"\" data-start=\"575\" data-end=\"677\"><strong data-start=\"575\" data-end=\"597\">Trainingsprogramme<\/strong>: <span class=\"relative -mx-px my-[-0.2rem] rounded px-px py-[0.2rem] transition-colors duration-100 ease-in-out\">40 voreingestellte Programme, darunter Intervall- und Fettverbrennungsprogramme, erm\u00f6glichen individuelle Workouts.<\/span><\/p>\n<\/li>\n<li class=\"\" data-start=\"679\" data-end=\"780\">\n<p class=\"\" data-start=\"681\" data-end=\"780\"><strong data-start=\"681\" data-end=\"700\">Steigungswinkel<\/strong>: <span class=\"relative -mx-px my-[-0.2rem] rounded px-px py-[0.2rem] transition-colors duration-100 ease-in-out\">Ein ergonomischer Winkel von 35 Grad simuliert realistische Treppensteigungen.<\/span><\/p>\n<\/li>\n<li class=\"\" data-start=\"782\" data-end=\"880\">\n<p class=\"\" data-start=\"784\" data-end=\"880\"><strong data-start=\"784\" data-end=\"800\">Trittfl\u00e4chen<\/strong>: <span class=\"relative -mx-px my-[-0.2rem] rounded px-px py-[0.2rem] transition-colors duration-100 ease-in-out\">Rutschfeste Trittfl\u00e4chen mit Ma\u00dfen von 49,5 x 25 cm gew\u00e4hrleisten Sicherheit und Komfort.<\/span><\/p>\n<\/li>\n<\/ul>\n<hr class=\"\" data-start=\"882\" data-end=\"885\" \/>\n<h3 class=\"\" data-start=\"887\" data-end=\"923\">\ud83d\udcca <strong data-start=\"894\" data-end=\"923\">Umfassende Trainingsdaten<\/strong><\/h3>\n<p class=\"\" data-start=\"925\" data-end=\"1003\"><span class=\"relative -mx-px my-[-0.2rem] rounded px-px py-[0.2rem] transition-colors duration-100 ease-in-out\">Der integrierte LED-Computer liefert pr\u00e4zise Messwerte zu:<\/span><\/p>\n<ul data-start=\"1005\" data-end=\"1507\">\n<li class=\"\" data-start=\"1005\" data-end=\"1085\">\n<p class=\"\" data-start=\"1007\" data-end=\"1085\"><span class=\"relative -mx-px my-[-0.2rem] rounded px-px py-[0.2rem] transition-colors duration-100 ease-in-out\">Geschwindigkeit<\/span><\/p>\n<\/li>\n<li class=\"\" data-start=\"1087\" data-end=\"1167\">\n<p class=\"\" data-start=\"1089\" data-end=\"1167\"><span class=\"relative -mx-px my-[-0.2rem] rounded px-px py-[0.2rem] transition-colors duration-100 ease-in-out\">Stufenanzahl<\/span><\/p>\n<\/li>\n<li class=\"\" data-start=\"1169\" data-end=\"1214\">\n<p class=\"\" data-start=\"1171\" data-end=\"1214\">H\u00f6he<\/p>\n<\/li>\n<li class=\"\" data-start=\"1216\" data-end=\"1261\">\n<p class=\"\" data-start=\"1218\" data-end=\"1261\">Zeit<\/p>\n<\/li>\n<li class=\"\" data-start=\"1263\" data-end=\"1343\">\n<p class=\"\" data-start=\"1265\" data-end=\"1343\"><span class=\"relative -mx-px my-[-0.2rem] rounded px-px py-[0.2rem] transition-colors duration-100 ease-in-out\">Kalorienverbrauch<\/span><\/p>\n<\/li>\n<li class=\"\" data-start=\"1345\" data-end=\"1425\">\n<p class=\"\" data-start=\"1347\" data-end=\"1425\"><span class=\"relative -mx-px my-[-0.2rem] rounded px-px py-[0.2rem] transition-colors duration-100 ease-in-out\">Puls (\u00fcber Handsensoren)<\/span><\/p>\n<\/li>\n<li class=\"\" data-start=\"1427\" data-end=\"1507\">\n<p class=\"\" data-start=\"1429\" data-end=\"1507\"><span class=\"relative -mx-px my-[-0.2rem] rounded px-px py-[0.2rem] transition-colors duration-100 ease-in-out\">K\u00f6rperfettmessung<\/span><\/p>\n<\/li>\n<\/ul>\n<p class=\"\" data-start=\"1509\" data-end=\"1587\"><span class=\"relative -mx-px my-[-0.2rem] rounded px-px py-[0.2rem] transition-colors duration-100 ease-in-out\">Zus\u00e4tzlich verf\u00fcgt das Ger\u00e4t \u00fcber ein kabelloses Ladeger\u00e4t f\u00fcr mobile Ger\u00e4te und eine intuitive Bedienung \u00fcber das Lenker-Cockpit mit Direktwahltasten f\u00fcr Geschwindigkeit und Start\/Stopp.<\/span><\/p>\n<hr class=\"\" data-start=\"1589\" data-end=\"1592\" \/>\n<h3 class=\"\" data-start=\"1594\" data-end=\"1631\">\ud83d\udee1\ufe0f <strong data-start=\"1602\" data-end=\"1631\">Sicherheit und Stabilit\u00e4t<\/strong><\/h3>\n<ul data-start=\"1633\" data-end=\"1959\">\n<li class=\"\" data-start=\"1633\" data-end=\"1744\">\n<p class=\"\" data-start=\"1635\" data-end=\"1744\"><strong data-start=\"1635\" data-end=\"1664\">Maximales Benutzergewicht<\/strong>: <span class=\"relative -mx-px my-[-0.2rem] rounded px-px py-[0.2rem] transition-colors duration-100 ease-in-out\">Bis zu 160 kg.<\/span><\/p>\n<\/li>\n<li class=\"\" data-start=\"1746\" data-end=\"1853\">\n<p class=\"\" data-start=\"1748\" data-end=\"1853\"><strong data-start=\"1748\" data-end=\"1773\">Sicherheitsfunktionen<\/strong>: <span class=\"relative -mx-px my-[-0.2rem] rounded px-px py-[0.2rem] transition-colors duration-100 ease-in-out\">Automatischer Stopp, Rollschutz und Sicherheitsschl\u00fcssel bieten h\u00f6chste Sicherheit w\u00e4hrend des Trainings.<\/span><\/p>\n<\/li>\n<li class=\"\" data-start=\"1855\" data-end=\"1959\">\n<p class=\"\" data-start=\"1857\" data-end=\"1959\"><strong data-start=\"1857\" data-end=\"1879\">Beleuchtungssystem<\/strong>: <span class=\"relative -mx-px my-[-0.2rem] rounded px-px py-[0.2rem] transition-colors duration-100 ease-in-out\">Ein durchdachtes System informiert intuitiv \u00fcber den Ger\u00e4tezustand: Gr\u00fcn signalisiert Betriebsbereitschaft, Rot zeigt aktives Training an. Bei Trennung vom Stromnetz erlischt die Beleuchtung vollst\u00e4ndig.<\/span><\/p>\n<\/li>\n<\/ul>\n<hr class=\"\" data-start=\"1961\" data-end=\"1964\" \/>\n<p>&nbsp;<\/p>\n","protected":false},"excerpt":{"rendered":"<p><span class=\"decoration-token-text-secondary inline align-baseline underline decoration-[4%] underline-offset-[16%] [text-decoration-skip-ink:auto] [text-underline-position:from-font] hover:cursor-pointer\"><span class=\"whitespace-normal\"><span class=\"relative -mx-px my-[-0.2rem] rounded px-px py-[0.2rem] transition-colors duration-100 ease-in-out\">Der Gymost Stair Climber\u00a0st ein hochmodernes Cardioger\u00e4t.<\/span> <span class=\"relative -mx-px my-[-0.2rem] rounded px-px py-[0.2rem] transition-colors duration-100 ease-in-out\">Mit seiner robusten Konstruktion und fortschrittlichen Technologie bietet er ein effektives und sicheres Trainingserlebnis f\u00fcr Nutzer aller Fitnesslevels.<\/span><\/span><\/span><\/p>\n<p><strong>Kaufpreis [woo_custom_field id=\"rntl_retail_price_field\"].-<\/strong><\/p>\n<p><span style=\"font-weight: 400;\">[rntl_page_content id=\"30523\"]<\/span><\/p>\n<div class=\"woocommerce-product-details__short-description\">\n<p>&nbsp;<\/p>\n<\/div>\n","protected":false},"featured_media":36748,"template":"","meta":{"content-type":""},"product_brand":[173],"product_cat":[23,27,28],"product_tag":[112],"class_list":{"0":"post-33964","1":"product","2":"type-product","3":"status-publish","4":"has-post-thumbnail","6":"product_brand-gymost","7":"product_cat-crosstrainer","8":"product_cat-krafttraining","9":"product_cat-laufbaender","10":"product_tag-mieten","11":"product_shipping_class-schwer","12":"tm-no-options","14":"first","15":"instock","16":"taxable","17":"shipping-taxable","18":"purchasable","19":"product-type-variable-subscription","20":"has-default-attributes"},"yoast_head":"<!-- This site is optimized with the Yoast SEO plugin v26.3 - https:\/\/yoast.com\/wordpress\/plugins\/seo\/ -->\n<title>Gymost Stair Climber - RNTL Fitness %<\/title>\n<meta name=\"description\" content=\"Miete, kaufe, oder finanziere f\u00fcr das Spinning Training zu Hause den Horizon Paragon X bei RNTL. Perfekt f\u00fcr dein Spinning Training zu Hause.\" \/>\n<meta name=\"robots\" content=\"index, follow, max-snippet:-1, max-image-preview:large, max-video-preview:-1\" \/>\n<link rel=\"canonical\" href=\"https:\/\/rntl.ch\/fitness\/produkt\/atletica-infinity-stair-climber\/\" \/>\n<meta property=\"og:locale\" content=\"de_DE\" \/>\n<meta property=\"og:type\" content=\"article\" \/>\n<meta property=\"og:title\" content=\"Gymost Stair Climber - RNTL Fitness %\" \/>\n<meta property=\"og:description\" content=\"Miete, kaufe, oder finanziere f\u00fcr das Spinning Training zu Hause den Horizon Paragon X bei RNTL. Perfekt f\u00fcr dein Spinning Training zu Hause.\" \/>\n<meta property=\"og:url\" content=\"https:\/\/rntl.ch\/fitness\/produkt\/atletica-infinity-stair-climber\/\" \/>\n<meta property=\"og:site_name\" content=\"RNTL Fitness\" \/>\n<meta property=\"article:modified_time\" content=\"2026-02-04T12:49:01+00:00\" \/>\n<meta property=\"og:image\" content=\"https:\/\/rntl.ch\/fitness\/wp-content\/uploads\/sites\/3\/2025\/05\/1-1.png\" \/>\n\t<meta property=\"og:image:width\" content=\"800\" \/>\n\t<meta property=\"og:image:height\" content=\"800\" \/>\n\t<meta property=\"og:image:type\" content=\"image\/png\" \/>\n<meta name=\"twitter:card\" content=\"summary_large_image\" \/>\n<meta name=\"twitter:label1\" content=\"Gesch\u00e4tzte Lesezeit\" \/>\n\t<meta name=\"twitter:data1\" content=\"2\u00a0Minuten\" \/>\n<script type=\"application\/ld+json\" class=\"yoast-schema-graph\">{\"@context\":\"https:\/\/schema.org\",\"@graph\":[{\"@type\":\"WebPage\",\"@id\":\"https:\/\/rntl.ch\/fitness\/produkt\/atletica-infinity-stair-climber\/\",\"url\":\"https:\/\/rntl.ch\/fitness\/produkt\/atletica-infinity-stair-climber\/\",\"name\":\"Gymost Stair Climber - RNTL Fitness %\",\"isPartOf\":{\"@id\":\"https:\/\/rntl.ch\/fitness\/#website\"},\"primaryImageOfPage\":{\"@id\":\"https:\/\/rntl.ch\/fitness\/produkt\/atletica-infinity-stair-climber\/#primaryimage\"},\"image\":{\"@id\":\"https:\/\/rntl.ch\/fitness\/produkt\/atletica-infinity-stair-climber\/#primaryimage\"},\"thumbnailUrl\":\"https:\/\/rntl.ch\/fitness\/wp-content\/uploads\/sites\/3\/2025\/05\/1-3.png\",\"datePublished\":\"2025-05-20T12:26:33+00:00\",\"dateModified\":\"2026-02-04T12:49:01+00:00\",\"description\":\"Miete, kaufe, oder finanziere f\u00fcr das Spinning Training zu Hause den Horizon Paragon X bei RNTL. Perfekt f\u00fcr dein Spinning Training zu Hause.\",\"breadcrumb\":{\"@id\":\"https:\/\/rntl.ch\/fitness\/produkt\/atletica-infinity-stair-climber\/#breadcrumb\"},\"inLanguage\":\"de\",\"potentialAction\":[{\"@type\":\"ReadAction\",\"target\":[\"https:\/\/rntl.ch\/fitness\/produkt\/atletica-infinity-stair-climber\/\"]}]},{\"@type\":\"ImageObject\",\"inLanguage\":\"de\",\"@id\":\"https:\/\/rntl.ch\/fitness\/produkt\/atletica-infinity-stair-climber\/#primaryimage\",\"url\":\"https:\/\/rntl.ch\/fitness\/wp-content\/uploads\/sites\/3\/2025\/05\/1-3.png\",\"contentUrl\":\"https:\/\/rntl.ch\/fitness\/wp-content\/uploads\/sites\/3\/2025\/05\/1-3.png\",\"width\":500,\"height\":500},{\"@type\":\"BreadcrumbList\",\"@id\":\"https:\/\/rntl.ch\/fitness\/produkt\/atletica-infinity-stair-climber\/#breadcrumb\",\"itemListElement\":[{\"@type\":\"ListItem\",\"position\":1,\"name\":\"Startseite\",\"item\":\"https:\/\/rntl.ch\/fitness\/\"},{\"@type\":\"ListItem\",\"position\":2,\"name\":\"Shop\",\"item\":\"https:\/\/rntl.ch\/fitness\/shop\/\"},{\"@type\":\"ListItem\",\"position\":3,\"name\":\"Atletica Infinity Stair Climber\"}]},{\"@type\":\"WebSite\",\"@id\":\"https:\/\/rntl.ch\/fitness\/#website\",\"url\":\"https:\/\/rntl.ch\/fitness\/\",\"name\":\"RNTL Fitness\",\"description\":\"Mieten Einfach Anders\",\"publisher\":{\"@id\":\"https:\/\/rntl.ch\/fitness\/#organization\"},\"potentialAction\":[{\"@type\":\"SearchAction\",\"target\":{\"@type\":\"EntryPoint\",\"urlTemplate\":\"https:\/\/rntl.ch\/fitness\/?s={search_term_string}\"},\"query-input\":{\"@type\":\"PropertyValueSpecification\",\"valueRequired\":true,\"valueName\":\"search_term_string\"}}],\"inLanguage\":\"de\"},{\"@type\":\"Organization\",\"@id\":\"https:\/\/rntl.ch\/fitness\/#organization\",\"name\":\"RNTL Fitness\",\"url\":\"https:\/\/rntl.ch\/fitness\/\",\"logo\":{\"@type\":\"ImageObject\",\"inLanguage\":\"de\",\"@id\":\"https:\/\/rntl.ch\/fitness\/#\/schema\/logo\/image\/\",\"url\":\"https:\/\/rntl.ch\/fitness\/wp-content\/uploads\/sites\/3\/2020\/11\/cropped-rntl_logo_white_530x150.png\",\"contentUrl\":\"https:\/\/rntl.ch\/fitness\/wp-content\/uploads\/sites\/3\/2020\/11\/cropped-rntl_logo_white_530x150.png\",\"width\":530,\"height\":150,\"caption\":\"RNTL Fitness\"},\"image\":{\"@id\":\"https:\/\/rntl.ch\/fitness\/#\/schema\/logo\/image\/\"}}]}<\/script>\n<!-- \/ Yoast SEO plugin. -->","yoast_head_json":{"title":"Gymost Stair Climber - RNTL Fitness %","description":"Miete, kaufe, oder finanziere f\u00fcr das Spinning Training zu Hause den Horizon Paragon X bei RNTL. Perfekt f\u00fcr dein Spinning Training zu Hause.","robots":{"index":"index","follow":"follow","max-snippet":"max-snippet:-1","max-image-preview":"max-image-preview:large","max-video-preview":"max-video-preview:-1"},"canonical":"https:\/\/rntl.ch\/fitness\/produkt\/atletica-infinity-stair-climber\/","og_locale":"de_DE","og_type":"article","og_title":"Gymost Stair Climber - RNTL Fitness %","og_description":"Miete, kaufe, oder finanziere f\u00fcr das Spinning Training zu Hause den Horizon Paragon X bei RNTL. Perfekt f\u00fcr dein Spinning Training zu Hause.","og_url":"https:\/\/rntl.ch\/fitness\/produkt\/atletica-infinity-stair-climber\/","og_site_name":"RNTL Fitness","article_modified_time":"2026-02-04T12:49:01+00:00","og_image":[{"width":800,"height":800,"url":"https:\/\/rntl.ch\/fitness\/wp-content\/uploads\/sites\/3\/2025\/05\/1-1.png","type":"image\/png"}],"twitter_card":"summary_large_image","twitter_misc":{"Gesch\u00e4tzte Lesezeit":"2\u00a0Minuten"},"schema":{"@context":"https:\/\/schema.org","@graph":[{"@type":"WebPage","@id":"https:\/\/rntl.ch\/fitness\/produkt\/atletica-infinity-stair-climber\/","url":"https:\/\/rntl.ch\/fitness\/produkt\/atletica-infinity-stair-climber\/","name":"Gymost Stair Climber - RNTL Fitness %","isPartOf":{"@id":"https:\/\/rntl.ch\/fitness\/#website"},"primaryImageOfPage":{"@id":"https:\/\/rntl.ch\/fitness\/produkt\/atletica-infinity-stair-climber\/#primaryimage"},"image":{"@id":"https:\/\/rntl.ch\/fitness\/produkt\/atletica-infinity-stair-climber\/#primaryimage"},"thumbnailUrl":"https:\/\/rntl.ch\/fitness\/wp-content\/uploads\/sites\/3\/2025\/05\/1-3.png","datePublished":"2025-05-20T12:26:33+00:00","dateModified":"2026-02-04T12:49:01+00:00","description":"Miete, kaufe, oder finanziere f\u00fcr das Spinning Training zu Hause den Horizon Paragon X bei RNTL. Perfekt f\u00fcr dein Spinning Training zu Hause.","breadcrumb":{"@id":"https:\/\/rntl.ch\/fitness\/produkt\/atletica-infinity-stair-climber\/#breadcrumb"},"inLanguage":"de","potentialAction":[{"@type":"ReadAction","target":["https:\/\/rntl.ch\/fitness\/produkt\/atletica-infinity-stair-climber\/"]}]},{"@type":"ImageObject","inLanguage":"de","@id":"https:\/\/rntl.ch\/fitness\/produkt\/atletica-infinity-stair-climber\/#primaryimage","url":"https:\/\/rntl.ch\/fitness\/wp-content\/uploads\/sites\/3\/2025\/05\/1-3.png","contentUrl":"https:\/\/rntl.ch\/fitness\/wp-content\/uploads\/sites\/3\/2025\/05\/1-3.png","width":500,"height":500},{"@type":"BreadcrumbList","@id":"https:\/\/rntl.ch\/fitness\/produkt\/atletica-infinity-stair-climber\/#breadcrumb","itemListElement":[{"@type":"ListItem","position":1,"name":"Startseite","item":"https:\/\/rntl.ch\/fitness\/"},{"@type":"ListItem","position":2,"name":"Shop","item":"https:\/\/rntl.ch\/fitness\/shop\/"},{"@type":"ListItem","position":3,"name":"Atletica Infinity Stair Climber"}]},{"@type":"WebSite","@id":"https:\/\/rntl.ch\/fitness\/#website","url":"https:\/\/rntl.ch\/fitness\/","name":"RNTL Fitness","description":"Mieten Einfach Anders","publisher":{"@id":"https:\/\/rntl.ch\/fitness\/#organization"},"potentialAction":[{"@type":"SearchAction","target":{"@type":"EntryPoint","urlTemplate":"https:\/\/rntl.ch\/fitness\/?s={search_term_string}"},"query-input":{"@type":"PropertyValueSpecification","valueRequired":true,"valueName":"search_term_string"}}],"inLanguage":"de"},{"@type":"Organization","@id":"https:\/\/rntl.ch\/fitness\/#organization","name":"RNTL Fitness","url":"https:\/\/rntl.ch\/fitness\/","logo":{"@type":"ImageObject","inLanguage":"de","@id":"https:\/\/rntl.ch\/fitness\/#\/schema\/logo\/image\/","url":"https:\/\/rntl.ch\/fitness\/wp-content\/uploads\/sites\/3\/2020\/11\/cropped-rntl_logo_white_530x150.png","contentUrl":"https:\/\/rntl.ch\/fitness\/wp-content\/uploads\/sites\/3\/2020\/11\/cropped-rntl_logo_white_530x150.png","width":530,"height":150,"caption":"RNTL Fitness"},"image":{"@id":"https:\/\/rntl.ch\/fitness\/#\/schema\/logo\/image\/"}}]}},"_links":{"self":[{"href":"https:\/\/rntl.ch\/fitness\/wp-json\/wp\/v2\/product\/33964","targetHints":{"allow":["GET"]}}],"collection":[{"href":"https:\/\/rntl.ch\/fitness\/wp-json\/wp\/v2\/product"}],"about":[{"href":"https:\/\/rntl.ch\/fitness\/wp-json\/wp\/v2\/types\/product"}],"version-history":[{"count":2,"href":"https:\/\/rntl.ch\/fitness\/wp-json\/wp\/v2\/product\/33964\/revisions"}],"predecessor-version":[{"id":35067,"href":"https:\/\/rntl.ch\/fitness\/wp-json\/wp\/v2\/product\/33964\/revisions\/35067"}],"wp:featuredmedia":[{"embeddable":true,"href":"https:\/\/rntl.ch\/fitness\/wp-json\/wp\/v2\/media\/36748"}],"wp:attachment":[{"href":"https:\/\/rntl.ch\/fitness\/wp-json\/wp\/v2\/media?parent=33964"}],"wp:term":[{"taxonomy":"product_brand","embeddable":true,"href":"https:\/\/rntl.ch\/fitness\/wp-json\/wp\/v2\/product_brand?post=33964"},{"taxonomy":"product_cat","embeddable":true,"href":"https:\/\/rntl.ch\/fitness\/wp-json\/wp\/v2\/product_cat?post=33964"},{"taxonomy":"product_tag","embeddable":true,"href":"https:\/\/rntl.ch\/fitness\/wp-json\/wp\/v2\/product_tag?post=33964"}],"curies":[{"name":"wp","href":"https:\/\/api.w.org\/{rel}","templated":true}]}}