{"id":33973,"date":"2025-05-20T14:49:31","date_gmt":"2025-05-20T12:49:31","guid":{"rendered":"https:\/\/rntl.ch\/fitness\/?post_type=product&#038;p=33973"},"modified":"2025-11-29T09:19:50","modified_gmt":"2025-11-29T08:19:50","slug":"%f0%9f%8f%83%e2%99%82%ef%b8%8f-bowflex-t9-laufband-dein-smarter-trainingspartner-fuer-zuhause","status":"publish","type":"product","link":"https:\/\/rntl.ch\/fitness\/produkt\/%f0%9f%8f%83%e2%99%82%ef%b8%8f-bowflex-t9-laufband-dein-smarter-trainingspartner-fuer-zuhause\/","title":{"rendered":"\ud83c\udfc3\u200d\u2642\ufe0f BowFlex T9 Laufband \u2013 Dein smarter Trainingspartner f\u00fcr Zuhause"},"content":{"rendered":"<h3 class=\"\" data-start=\"320\" data-end=\"352\">\ud83d\udd27 <strong data-start=\"327\" data-end=\"352\">Technische Highlights<\/strong><\/h3>\n<ul data-start=\"354\" data-end=\"1062\">\n<li class=\"\" data-start=\"354\" data-end=\"414\">\n<p class=\"\" data-start=\"356\" data-end=\"414\"><strong data-start=\"356\" data-end=\"373\">Motorleistung<\/strong>: <span class=\"relative -mx-px my-[-0.2rem] rounded px-px py-[0.2rem] transition-colors duration-100 ease-in-out\">3,5 PS<\/span><\/p>\n<\/li>\n<li class=\"\" data-start=\"415\" data-end=\"477\">\n<p class=\"\" data-start=\"417\" data-end=\"477\"><strong data-start=\"417\" data-end=\"436\">Geschwindigkeit<\/strong>: <span class=\"relative -mx-px my-[-0.2rem] rounded px-px py-[0.2rem] transition-colors duration-100 ease-in-out\">0 \u2013 20 km\/h<\/span><\/p>\n<\/li>\n<li class=\"\" data-start=\"478\" data-end=\"533\">\n<p class=\"\" data-start=\"480\" data-end=\"533\"><strong data-start=\"480\" data-end=\"492\">Steigung<\/strong>: <span class=\"relative -mx-px my-[-0.2rem] rounded px-px py-[0.2rem] transition-colors duration-100 ease-in-out\">0 \u2013 15 % motorisiert<\/span><\/p>\n<\/li>\n<li class=\"\" data-start=\"534\" data-end=\"591\">\n<p class=\"\" data-start=\"536\" data-end=\"591\"><strong data-start=\"536\" data-end=\"550\">Lauffl\u00e4che<\/strong>: <span class=\"relative -mx-px my-[-0.2rem] rounded px-px py-[0.2rem] transition-colors duration-100 ease-in-out\">56 x 152 cm (22&#8243; x 60&#8243;)<\/span><\/p>\n<\/li>\n<li class=\"\" data-start=\"592\" data-end=\"654\">\n<p class=\"\" data-start=\"594\" data-end=\"654\"><strong data-start=\"594\" data-end=\"613\">D\u00e4mpfungssystem<\/strong>: <span class=\"relative -mx-px my-[-0.2rem] rounded px-px py-[0.2rem] transition-colors duration-100 ease-in-out\">Flex Zone XL Deck f\u00fcr gelenkschonendes Laufen<\/span><\/p>\n<\/li>\n<li class=\"\" data-start=\"655\" data-end=\"709\">\n<p class=\"\" data-start=\"657\" data-end=\"709\"><strong data-start=\"657\" data-end=\"668\">Konsole<\/strong>: <span class=\"relative -mx-px my-[-0.2rem] rounded px-px py-[0.2rem] transition-colors duration-100 ease-in-out\">7&#8243; (17,8 cm) hintergrundbeleuchtetes LCD-Display<\/span><\/p>\n<\/li>\n<li class=\"\" data-start=\"710\" data-end=\"766\">\n<p class=\"\" data-start=\"712\" data-end=\"766\"><strong data-start=\"712\" data-end=\"725\">Programme<\/strong>: <span class=\"relative -mx-px my-[-0.2rem] rounded px-px py-[0.2rem] transition-colors duration-100 ease-in-out\">10 integrierte Trainingsprogramme<\/span><\/p>\n<\/li>\n<li class=\"\" data-start=\"767\" data-end=\"834\">\n<p class=\"\" data-start=\"769\" data-end=\"834\"><strong data-start=\"769\" data-end=\"793\">Max. Benutzergewicht<\/strong>: <span class=\"relative -mx-px my-[-0.2rem] rounded px-px py-[0.2rem] transition-colors duration-100 ease-in-out\">158,8 kg<\/span><\/p>\n<\/li>\n<li class=\"\" data-start=\"835\" data-end=\"896\">\n<p class=\"\" data-start=\"837\" data-end=\"896\"><strong data-start=\"837\" data-end=\"855\">Produktgewicht<\/strong>: <span class=\"relative -mx-px my-[-0.2rem] rounded px-px py-[0.2rem] transition-colors duration-100 ease-in-out\">128 kg<\/span><\/p>\n<\/li>\n<li class=\"\" data-start=\"897\" data-end=\"967\">\n<p class=\"\" data-start=\"899\" data-end=\"967\"><strong data-start=\"899\" data-end=\"926\">Abmessungen (L x B x H)<\/strong>: <span class=\"relative -mx-px my-[-0.2rem] rounded px-px py-[0.2rem] transition-colors duration-100 ease-in-out\">196 x 94 x 171,6 cm<\/span><\/p>\n<\/li>\n<li class=\"\" data-start=\"968\" data-end=\"1062\">\n<p class=\"\" data-start=\"970\" data-end=\"1062\"><strong data-start=\"970\" data-end=\"982\">Klappma\u00df<\/strong>: <span class=\"relative -mx-px my-[-0.2rem] rounded px-px py-[0.2rem] transition-colors duration-100 ease-in-out\">123,5 x 95 x 171,6 cm<\/span><\/p>\n<\/li>\n<\/ul>\n<hr class=\"\" data-start=\"1064\" data-end=\"1067\" \/>\n<h3 class=\"\" data-start=\"1069\" data-end=\"1111\">\ud83d\udcf1 <strong data-start=\"1076\" data-end=\"1111\">Konnektivit\u00e4t &amp; App-Integration<\/strong><\/h3>\n<p class=\"\" data-start=\"1113\" data-end=\"1191\"><span class=\"relative -mx-px my-[-0.2rem] rounded px-px py-[0.2rem] transition-colors duration-100 ease-in-out\">Das T9 Laufband bietet umfassende Konnektivit\u00e4tsoptionen:<\/span><\/p>\n<ul data-start=\"1193\" data-end=\"1429\">\n<li class=\"\" data-start=\"1193\" data-end=\"1267\">\n<p class=\"\" data-start=\"1195\" data-end=\"1267\"><strong data-start=\"1195\" data-end=\"1226\">Apple Watch\u00ae &amp; Galaxy Watch<\/strong>: <span class=\"relative -mx-px my-[-0.2rem] rounded px-px py-[0.2rem] transition-colors duration-100 ease-in-out\">Einfache Synchronisation deiner Trainingsdaten.<\/span><\/p>\n<\/li>\n<li class=\"\" data-start=\"1268\" data-end=\"1330\">\n<p class=\"\" data-start=\"1270\" data-end=\"1330\"><strong data-start=\"1270\" data-end=\"1289\">Kompatible Apps<\/strong>: <span class=\"relative -mx-px my-[-0.2rem] rounded px-px py-[0.2rem] transition-colors duration-100 ease-in-out\">Unterst\u00fctzt JRNY\u00ae, Peloton\u00ae und Zwift\u00ae f\u00fcr ein interaktives Trainingserlebnis.<\/span><\/p>\n<\/li>\n<li class=\"\" data-start=\"1331\" data-end=\"1429\">\n<p class=\"\" data-start=\"1333\" data-end=\"1429\"><strong data-start=\"1333\" data-end=\"1349\">Medienablage<\/strong>: <span class=\"relative -mx-px my-[-0.2rem] rounded px-px py-[0.2rem] transition-colors duration-100 ease-in-out\">Praktische Ablage f\u00fcr dein Smartphone oder Tablet.<\/span><\/p>\n<\/li>\n<\/ul>\n<p class=\"\" data-start=\"1431\" data-end=\"1509\"><span class=\"relative -mx-px my-[-0.2rem] rounded px-px py-[0.2rem] transition-colors duration-100 ease-in-out\"><em data-start=\"0\" data-end=\"71\" data-is-last-node=\"\" data-is-only-node=\"\">Hinweis: Die Nutzung einiger Apps erfordert ein separates Abonnement.<\/em><\/span><\/p>\n<hr class=\"\" data-start=\"1511\" data-end=\"1514\" \/>\n<h3 class=\"\" data-start=\"1516\" data-end=\"1543\">\ud83d\udca8 <strong data-start=\"1523\" data-end=\"1543\">Komfort &amp; Extras<\/strong><\/h3>\n<ul data-start=\"1545\" data-end=\"1864\">\n<li class=\"\" data-start=\"1545\" data-end=\"1617\">\n<p class=\"\" data-start=\"1547\" data-end=\"1617\"><strong data-start=\"1547\" data-end=\"1576\">Quick Response Technology<\/strong>: <span class=\"relative -mx-px my-[-0.2rem] rounded px-px py-[0.2rem] transition-colors duration-100 ease-in-out\">Schnelle Anpassung von Geschwindigkeit und Steigung.<\/span><\/p>\n<\/li>\n<li class=\"\" data-start=\"1618\" data-end=\"1688\">\n<p class=\"\" data-start=\"1620\" data-end=\"1688\"><strong data-start=\"1620\" data-end=\"1647\">Integrierter Ventilator<\/strong>: <span class=\"relative -mx-px my-[-0.2rem] rounded px-px py-[0.2rem] transition-colors duration-100 ease-in-out\">Drei Geschwindigkeitsstufen f\u00fcr angenehme K\u00fchlung.<\/span><\/p>\n<\/li>\n<li class=\"\" data-start=\"1689\" data-end=\"1756\">\n<p class=\"\" data-start=\"1691\" data-end=\"1756\"><strong data-start=\"1691\" data-end=\"1715\">Wasserflaschenhalter<\/strong>: <span class=\"relative -mx-px my-[-0.2rem] rounded px-px py-[0.2rem] transition-colors duration-100 ease-in-out\">Immer gut hydriert w\u00e4hrend des Trainings.<\/span><\/p>\n<\/li>\n<li class=\"\" data-start=\"1757\" data-end=\"1864\">\n<p class=\"\" data-start=\"1759\" data-end=\"1864\"><strong data-start=\"1759\" data-end=\"1784\">Platzsparendes Design<\/strong>: <span class=\"relative -mx-px my-[-0.2rem] rounded px-px py-[0.2rem] transition-colors duration-100 ease-in-out\">Dank Klappmechanismus einfach zu verstauen.<\/span><\/p>\n<\/li>\n<\/ul>\n<hr class=\"\" data-start=\"1866\" data-end=\"1869\" \/>\n<h3 class=\"\" data-start=\"1871\" data-end=\"1886\">\u2705 <strong data-start=\"1877\" data-end=\"1886\">Fazit<\/strong><\/h3>\n<p class=\"\" data-start=\"1888\" data-end=\"2006\"><span class=\"relative -mx-px my-[-0.2rem] rounded px-px py-[0.2rem] transition-colors duration-100 ease-in-out\">Das <strong data-start=\"4\" data-end=\"27\">BowFlex T9 Laufband<\/strong> ist die ideale Wahl f\u00fcr alle, die ein hochwertiges, interaktives und komfortables Lauftraining zu Hause suchen.<\/span> <span class=\"relative -mx-px my-[-0.2rem] rounded px-px py-[0.2rem] transition-colors duration-100 ease-in-out\">Mit seiner fortschrittlichen Technologie, robusten Bauweise und den vielf\u00e4ltigen Trainingsm\u00f6glichkeiten setzt es neue Ma\u00dfst\u00e4be im Heimfitnessbereich.<\/span><\/p>\n<p><iframe title=\"Don&#039;t Wait. Meet the BowFlex\u00ae T9 Treadmill.\" width=\"980\" height=\"551\" src=\"https:\/\/www.youtube.com\/embed\/1ZqR0YnnWEo?feature=oembed&#038;enablejsapi=1&#038;origin=https:\/\/rntl.ch\" frameborder=\"0\" allow=\"accelerometer; autoplay; clipboard-write; encrypted-media; gyroscope; picture-in-picture; web-share\" referrerpolicy=\"strict-origin-when-cross-origin\" allowfullscreen><\/iframe><\/p>\n","protected":false},"excerpt":{"rendered":"<p><span class=\"relative -mx-px my-[-0.2rem] rounded px-px py-[0.2rem] transition-colors duration-100 ease-in-out\">Das <strong data-start=\"4\" data-end=\"27\">BowFlex T9 Laufband<\/strong> kombiniert leistungsstarke Technik mit moderner Konnektivit\u00e4t und bietet ein interaktives Trainingserlebnis f\u00fcr ambitionierte Heimanwender.<\/span> <span class=\"relative -mx-px my-[-0.2rem] rounded px-px py-[0.2rem] transition-colors duration-100 ease-in-out\">Mit seiner robusten Bauweise und den vielf\u00e4ltigen Funktionen ist es ideal f\u00fcr alle, die ihr Lauftraining auf das n\u00e4chste Level heben m\u00f6chten.<\/span><\/p>\n<p><strong>Kaufpreis [woo_custom_field id=\"rntl_retail_price_field\"].-<\/strong><\/p>\n[rntl_page_content id=\"14687\"]\n<div class=\"woocommerce-product-details__short-description\">\n<p>&nbsp;<\/p>\n<\/div>\n","protected":false},"featured_media":33978,"template":"","meta":{"content-type":""},"product_brand":[153],"product_cat":[28],"product_tag":[112],"class_list":{"0":"post-33973","1":"product","2":"type-product","3":"status-publish","4":"has-post-thumbnail","6":"product_brand-bowflex","7":"product_cat-laufbaender","8":"product_tag-mieten","9":"product_shipping_class-schwer","10":"tm-no-options","12":"first","13":"instock","14":"taxable","15":"shipping-taxable","16":"purchasable","17":"product-type-variable-subscription","18":"has-default-attributes"},"yoast_head":"<!-- This site is optimized with the Yoast SEO plugin v26.3 - https:\/\/yoast.com\/wordpress\/plugins\/seo\/ -->\n<title>\ud83c\udfc3\u200d\u2642\ufe0f BowFlex T9 Laufband \u2013 Dein smarter Trainingspartner f\u00fcr Zuhause - RNTL Fitness %<\/title>\n<meta name=\"description\" content=\"Miete, kaufe, oder finanziere f\u00fcr das Spinning Training zu Hause den Horizon Paragon X bei RNTL. Perfekt f\u00fcr dein Spinning Training zu Hause.\" \/>\n<meta name=\"robots\" content=\"index, follow, max-snippet:-1, max-image-preview:large, max-video-preview:-1\" \/>\n<link rel=\"canonical\" href=\"https:\/\/rntl.ch\/fitness\/produkt\/\ud83c\udfc3\u2642\ufe0f-bowflex-t9-laufband-dein-smarter-trainingspartner-fuer-zuhause\/\" \/>\n<meta property=\"og:locale\" content=\"de_DE\" \/>\n<meta property=\"og:type\" content=\"article\" \/>\n<meta property=\"og:title\" content=\"\ud83c\udfc3\u200d\u2642\ufe0f BowFlex T9 Laufband \u2013 Dein smarter Trainingspartner f\u00fcr Zuhause - RNTL Fitness %\" \/>\n<meta property=\"og:description\" content=\"Miete, kaufe, oder finanziere f\u00fcr das Spinning Training zu Hause den Horizon Paragon X bei RNTL. Perfekt f\u00fcr dein Spinning Training zu Hause.\" \/>\n<meta property=\"og:url\" content=\"https:\/\/rntl.ch\/fitness\/produkt\/\ud83c\udfc3\u2642\ufe0f-bowflex-t9-laufband-dein-smarter-trainingspartner-fuer-zuhause\/\" \/>\n<meta property=\"og:site_name\" content=\"RNTL Fitness\" \/>\n<meta property=\"article:modified_time\" content=\"2025-11-29T08:19:50+00:00\" \/>\n<meta property=\"og:image\" content=\"https:\/\/rntl.ch\/fitness\/wp-content\/uploads\/sites\/3\/2025\/05\/1-2.png\" \/>\n\t<meta property=\"og:image:width\" content=\"800\" \/>\n\t<meta property=\"og:image:height\" content=\"800\" \/>\n\t<meta property=\"og:image:type\" content=\"image\/png\" \/>\n<meta name=\"twitter:card\" content=\"summary_large_image\" \/>\n<meta name=\"twitter:label1\" content=\"Gesch\u00e4tzte Lesezeit\" \/>\n\t<meta name=\"twitter:data1\" content=\"2\u00a0Minuten\" \/>\n<script type=\"application\/ld+json\" class=\"yoast-schema-graph\">{\"@context\":\"https:\/\/schema.org\",\"@graph\":[{\"@type\":\"WebPage\",\"@id\":\"https:\/\/rntl.ch\/fitness\/produkt\/%f0%9f%8f%83%e2%99%82%ef%b8%8f-bowflex-t9-laufband-dein-smarter-trainingspartner-fuer-zuhause\/\",\"url\":\"https:\/\/rntl.ch\/fitness\/produkt\/%f0%9f%8f%83%e2%99%82%ef%b8%8f-bowflex-t9-laufband-dein-smarter-trainingspartner-fuer-zuhause\/\",\"name\":\"\ud83c\udfc3\u200d\u2642\ufe0f BowFlex T9 Laufband \u2013 Dein smarter Trainingspartner f\u00fcr Zuhause - RNTL Fitness %\",\"isPartOf\":{\"@id\":\"https:\/\/rntl.ch\/fitness\/#website\"},\"primaryImageOfPage\":{\"@id\":\"https:\/\/rntl.ch\/fitness\/produkt\/%f0%9f%8f%83%e2%99%82%ef%b8%8f-bowflex-t9-laufband-dein-smarter-trainingspartner-fuer-zuhause\/#primaryimage\"},\"image\":{\"@id\":\"https:\/\/rntl.ch\/fitness\/produkt\/%f0%9f%8f%83%e2%99%82%ef%b8%8f-bowflex-t9-laufband-dein-smarter-trainingspartner-fuer-zuhause\/#primaryimage\"},\"thumbnailUrl\":\"https:\/\/rntl.ch\/fitness\/wp-content\/uploads\/sites\/3\/2025\/05\/1-2.png\",\"datePublished\":\"2025-05-20T12:49:31+00:00\",\"dateModified\":\"2025-11-29T08:19:50+00:00\",\"description\":\"Miete, kaufe, oder finanziere f\u00fcr das Spinning Training zu Hause den Horizon Paragon X bei RNTL. Perfekt f\u00fcr dein Spinning Training zu Hause.\",\"breadcrumb\":{\"@id\":\"https:\/\/rntl.ch\/fitness\/produkt\/%f0%9f%8f%83%e2%99%82%ef%b8%8f-bowflex-t9-laufband-dein-smarter-trainingspartner-fuer-zuhause\/#breadcrumb\"},\"inLanguage\":\"de\",\"potentialAction\":[{\"@type\":\"ReadAction\",\"target\":[\"https:\/\/rntl.ch\/fitness\/produkt\/%f0%9f%8f%83%e2%99%82%ef%b8%8f-bowflex-t9-laufband-dein-smarter-trainingspartner-fuer-zuhause\/\"]}]},{\"@type\":\"ImageObject\",\"inLanguage\":\"de\",\"@id\":\"https:\/\/rntl.ch\/fitness\/produkt\/%f0%9f%8f%83%e2%99%82%ef%b8%8f-bowflex-t9-laufband-dein-smarter-trainingspartner-fuer-zuhause\/#primaryimage\",\"url\":\"https:\/\/rntl.ch\/fitness\/wp-content\/uploads\/sites\/3\/2025\/05\/1-2.png\",\"contentUrl\":\"https:\/\/rntl.ch\/fitness\/wp-content\/uploads\/sites\/3\/2025\/05\/1-2.png\",\"width\":800,\"height\":800},{\"@type\":\"BreadcrumbList\",\"@id\":\"https:\/\/rntl.ch\/fitness\/produkt\/%f0%9f%8f%83%e2%99%82%ef%b8%8f-bowflex-t9-laufband-dein-smarter-trainingspartner-fuer-zuhause\/#breadcrumb\",\"itemListElement\":[{\"@type\":\"ListItem\",\"position\":1,\"name\":\"Startseite\",\"item\":\"https:\/\/rntl.ch\/fitness\/\"},{\"@type\":\"ListItem\",\"position\":2,\"name\":\"Shop\",\"item\":\"https:\/\/rntl.ch\/fitness\/shop\/\"},{\"@type\":\"ListItem\",\"position\":3,\"name\":\"\ud83c\udfc3\u200d\u2642\ufe0f BowFlex T9 Laufband \u2013 Dein smarter Trainingspartner f\u00fcr Zuhause\"}]},{\"@type\":\"WebSite\",\"@id\":\"https:\/\/rntl.ch\/fitness\/#website\",\"url\":\"https:\/\/rntl.ch\/fitness\/\",\"name\":\"RNTL Fitness\",\"description\":\"Mieten Einfach Anders\",\"publisher\":{\"@id\":\"https:\/\/rntl.ch\/fitness\/#organization\"},\"potentialAction\":[{\"@type\":\"SearchAction\",\"target\":{\"@type\":\"EntryPoint\",\"urlTemplate\":\"https:\/\/rntl.ch\/fitness\/?s={search_term_string}\"},\"query-input\":{\"@type\":\"PropertyValueSpecification\",\"valueRequired\":true,\"valueName\":\"search_term_string\"}}],\"inLanguage\":\"de\"},{\"@type\":\"Organization\",\"@id\":\"https:\/\/rntl.ch\/fitness\/#organization\",\"name\":\"RNTL Fitness\",\"url\":\"https:\/\/rntl.ch\/fitness\/\",\"logo\":{\"@type\":\"ImageObject\",\"inLanguage\":\"de\",\"@id\":\"https:\/\/rntl.ch\/fitness\/#\/schema\/logo\/image\/\",\"url\":\"https:\/\/rntl.ch\/fitness\/wp-content\/uploads\/sites\/3\/2020\/11\/cropped-rntl_logo_white_530x150.png\",\"contentUrl\":\"https:\/\/rntl.ch\/fitness\/wp-content\/uploads\/sites\/3\/2020\/11\/cropped-rntl_logo_white_530x150.png\",\"width\":530,\"height\":150,\"caption\":\"RNTL Fitness\"},\"image\":{\"@id\":\"https:\/\/rntl.ch\/fitness\/#\/schema\/logo\/image\/\"}}]}<\/script>\n<!-- \/ Yoast SEO plugin. -->","yoast_head_json":{"title":"\ud83c\udfc3\u200d\u2642\ufe0f BowFlex T9 Laufband \u2013 Dein smarter Trainingspartner f\u00fcr Zuhause - RNTL Fitness %","description":"Miete, kaufe, oder finanziere f\u00fcr das Spinning Training zu Hause den Horizon Paragon X bei RNTL. Perfekt f\u00fcr dein Spinning Training zu Hause.","robots":{"index":"index","follow":"follow","max-snippet":"max-snippet:-1","max-image-preview":"max-image-preview:large","max-video-preview":"max-video-preview:-1"},"canonical":"https:\/\/rntl.ch\/fitness\/produkt\/\ud83c\udfc3\u2642\ufe0f-bowflex-t9-laufband-dein-smarter-trainingspartner-fuer-zuhause\/","og_locale":"de_DE","og_type":"article","og_title":"\ud83c\udfc3\u200d\u2642\ufe0f BowFlex T9 Laufband \u2013 Dein smarter Trainingspartner f\u00fcr Zuhause - RNTL Fitness %","og_description":"Miete, kaufe, oder finanziere f\u00fcr das Spinning Training zu Hause den Horizon Paragon X bei RNTL. Perfekt f\u00fcr dein Spinning Training zu Hause.","og_url":"https:\/\/rntl.ch\/fitness\/produkt\/\ud83c\udfc3\u2642\ufe0f-bowflex-t9-laufband-dein-smarter-trainingspartner-fuer-zuhause\/","og_site_name":"RNTL Fitness","article_modified_time":"2025-11-29T08:19:50+00:00","og_image":[{"width":800,"height":800,"url":"https:\/\/rntl.ch\/fitness\/wp-content\/uploads\/sites\/3\/2025\/05\/1-2.png","type":"image\/png"}],"twitter_card":"summary_large_image","twitter_misc":{"Gesch\u00e4tzte Lesezeit":"2\u00a0Minuten"},"schema":{"@context":"https:\/\/schema.org","@graph":[{"@type":"WebPage","@id":"https:\/\/rntl.ch\/fitness\/produkt\/%f0%9f%8f%83%e2%99%82%ef%b8%8f-bowflex-t9-laufband-dein-smarter-trainingspartner-fuer-zuhause\/","url":"https:\/\/rntl.ch\/fitness\/produkt\/%f0%9f%8f%83%e2%99%82%ef%b8%8f-bowflex-t9-laufband-dein-smarter-trainingspartner-fuer-zuhause\/","name":"\ud83c\udfc3\u200d\u2642\ufe0f BowFlex T9 Laufband \u2013 Dein smarter Trainingspartner f\u00fcr Zuhause - RNTL Fitness %","isPartOf":{"@id":"https:\/\/rntl.ch\/fitness\/#website"},"primaryImageOfPage":{"@id":"https:\/\/rntl.ch\/fitness\/produkt\/%f0%9f%8f%83%e2%99%82%ef%b8%8f-bowflex-t9-laufband-dein-smarter-trainingspartner-fuer-zuhause\/#primaryimage"},"image":{"@id":"https:\/\/rntl.ch\/fitness\/produkt\/%f0%9f%8f%83%e2%99%82%ef%b8%8f-bowflex-t9-laufband-dein-smarter-trainingspartner-fuer-zuhause\/#primaryimage"},"thumbnailUrl":"https:\/\/rntl.ch\/fitness\/wp-content\/uploads\/sites\/3\/2025\/05\/1-2.png","datePublished":"2025-05-20T12:49:31+00:00","dateModified":"2025-11-29T08:19:50+00:00","description":"Miete, kaufe, oder finanziere f\u00fcr das Spinning Training zu Hause den Horizon Paragon X bei RNTL. Perfekt f\u00fcr dein Spinning Training zu Hause.","breadcrumb":{"@id":"https:\/\/rntl.ch\/fitness\/produkt\/%f0%9f%8f%83%e2%99%82%ef%b8%8f-bowflex-t9-laufband-dein-smarter-trainingspartner-fuer-zuhause\/#breadcrumb"},"inLanguage":"de","potentialAction":[{"@type":"ReadAction","target":["https:\/\/rntl.ch\/fitness\/produkt\/%f0%9f%8f%83%e2%99%82%ef%b8%8f-bowflex-t9-laufband-dein-smarter-trainingspartner-fuer-zuhause\/"]}]},{"@type":"ImageObject","inLanguage":"de","@id":"https:\/\/rntl.ch\/fitness\/produkt\/%f0%9f%8f%83%e2%99%82%ef%b8%8f-bowflex-t9-laufband-dein-smarter-trainingspartner-fuer-zuhause\/#primaryimage","url":"https:\/\/rntl.ch\/fitness\/wp-content\/uploads\/sites\/3\/2025\/05\/1-2.png","contentUrl":"https:\/\/rntl.ch\/fitness\/wp-content\/uploads\/sites\/3\/2025\/05\/1-2.png","width":800,"height":800},{"@type":"BreadcrumbList","@id":"https:\/\/rntl.ch\/fitness\/produkt\/%f0%9f%8f%83%e2%99%82%ef%b8%8f-bowflex-t9-laufband-dein-smarter-trainingspartner-fuer-zuhause\/#breadcrumb","itemListElement":[{"@type":"ListItem","position":1,"name":"Startseite","item":"https:\/\/rntl.ch\/fitness\/"},{"@type":"ListItem","position":2,"name":"Shop","item":"https:\/\/rntl.ch\/fitness\/shop\/"},{"@type":"ListItem","position":3,"name":"\ud83c\udfc3\u200d\u2642\ufe0f BowFlex T9 Laufband \u2013 Dein smarter Trainingspartner f\u00fcr Zuhause"}]},{"@type":"WebSite","@id":"https:\/\/rntl.ch\/fitness\/#website","url":"https:\/\/rntl.ch\/fitness\/","name":"RNTL Fitness","description":"Mieten Einfach Anders","publisher":{"@id":"https:\/\/rntl.ch\/fitness\/#organization"},"potentialAction":[{"@type":"SearchAction","target":{"@type":"EntryPoint","urlTemplate":"https:\/\/rntl.ch\/fitness\/?s={search_term_string}"},"query-input":{"@type":"PropertyValueSpecification","valueRequired":true,"valueName":"search_term_string"}}],"inLanguage":"de"},{"@type":"Organization","@id":"https:\/\/rntl.ch\/fitness\/#organization","name":"RNTL Fitness","url":"https:\/\/rntl.ch\/fitness\/","logo":{"@type":"ImageObject","inLanguage":"de","@id":"https:\/\/rntl.ch\/fitness\/#\/schema\/logo\/image\/","url":"https:\/\/rntl.ch\/fitness\/wp-content\/uploads\/sites\/3\/2020\/11\/cropped-rntl_logo_white_530x150.png","contentUrl":"https:\/\/rntl.ch\/fitness\/wp-content\/uploads\/sites\/3\/2020\/11\/cropped-rntl_logo_white_530x150.png","width":530,"height":150,"caption":"RNTL Fitness"},"image":{"@id":"https:\/\/rntl.ch\/fitness\/#\/schema\/logo\/image\/"}}]}},"_links":{"self":[{"href":"https:\/\/rntl.ch\/fitness\/wp-json\/wp\/v2\/product\/33973","targetHints":{"allow":["GET"]}}],"collection":[{"href":"https:\/\/rntl.ch\/fitness\/wp-json\/wp\/v2\/product"}],"about":[{"href":"https:\/\/rntl.ch\/fitness\/wp-json\/wp\/v2\/types\/product"}],"version-history":[{"count":2,"href":"https:\/\/rntl.ch\/fitness\/wp-json\/wp\/v2\/product\/33973\/revisions"}],"predecessor-version":[{"id":33984,"href":"https:\/\/rntl.ch\/fitness\/wp-json\/wp\/v2\/product\/33973\/revisions\/33984"}],"wp:featuredmedia":[{"embeddable":true,"href":"https:\/\/rntl.ch\/fitness\/wp-json\/wp\/v2\/media\/33978"}],"wp:attachment":[{"href":"https:\/\/rntl.ch\/fitness\/wp-json\/wp\/v2\/media?parent=33973"}],"wp:term":[{"taxonomy":"product_brand","embeddable":true,"href":"https:\/\/rntl.ch\/fitness\/wp-json\/wp\/v2\/product_brand?post=33973"},{"taxonomy":"product_cat","embeddable":true,"href":"https:\/\/rntl.ch\/fitness\/wp-json\/wp\/v2\/product_cat?post=33973"},{"taxonomy":"product_tag","embeddable":true,"href":"https:\/\/rntl.ch\/fitness\/wp-json\/wp\/v2\/product_tag?post=33973"}],"curies":[{"name":"wp","href":"https:\/\/api.w.org\/{rel}","templated":true}]}}