{"id":34480,"date":"2025-07-04T15:53:03","date_gmt":"2025-07-04T13:53:03","guid":{"rendered":"https:\/\/rntl.ch\/fitness\/?post_type=product&#038;p=34480"},"modified":"2026-01-07T11:51:14","modified_gmt":"2026-01-07T10:51:14","slug":"hammer-q-vadis-10-0-laufband-top-occasion","status":"publish","type":"product","link":"https:\/\/rntl.ch\/fitness\/produkt\/hammer-q-vadis-10-0-laufband-top-occasion\/","title":{"rendered":"Hammer Q. VADIS 10.0 Laufband \u2013 Top-Occasion"},"content":{"rendered":"<p><b>Sprinte der Konkurrenz davon<\/b><\/p>\n<p><span style=\"font-weight: 400;\">Entdecke das multimediale Lauferlebnis des Q. VADIS 10.0! Mit einer Spitzengeschwindigkeit von 22 km\/h und einem leistungsstarken 3 PS Motor bringt dich dieses Laufband in Bestform. Die gro\u00dfz\u00fcgige Lauffl\u00e4che von 152 x 51 cm und der 15,6 Zoll Farb-TFT Touch Screen sorgen f\u00fcr ein komfortables und interaktives Trainingserlebnis. Das Q. VADIS 10.0 wurde zum ETM TESTSIEGER 11\/2021 gekr\u00f6nt und erf\u00fcllt alle W\u00fcnsche eines ambitionierten L\u00e4ufers.<\/span><\/p>\n<p><b>Innovative Fitness-Apps<\/b><\/p>\n<p><span style=\"font-weight: 400;\">Nutze innovative Fitness-Apps wie ZWIFT und Kinomap, um dein Training abwechslungsreich und spannend zu gestalten. Die vorinstallierte Kinomap-App erm\u00f6glicht Live-Strecken, die dich auf eine virtuelle Reise mitnehmen. Mit der senkrechten Klappfunktion sparst du Platz und kannst dein Laufband nach dem Training einfach verstauen.<\/span><\/p>\n<p><b>Deine Steuereinheit mit Farb-TFT Touch Display<\/b><\/p>\n<p><span style=\"font-weight: 400;\">Steuere Geschwindigkeit und Steigung \u00fcber die Schnellwahltasten an der Konsole. Die Tablethalterung bietet Platz f\u00fcr dein mobiles Ger\u00e4t, und der Bluetooth-f\u00e4hige Computer verbindet sich schnell mit deinem Tablet oder Smartphone. Vorinstallierte Apps und die WLAN-Funktion sorgen f\u00fcr noch mehr Trainingsvielfalt.<\/span><\/p>\n<p><b>Gro\u00dfe Lauffl\u00e4che zum Durchstarten<\/b><\/p>\n<p><span style=\"font-weight: 400;\">Die gro\u00dfz\u00fcgige Lauffl\u00e4che von 152 x 51 cm bietet ein authentisches Laufgef\u00fchl und ist f\u00fcr L\u00e4ufer bis 150 kg geeignet. Die stabile Bauweise und die schwingungsged\u00e4mpfte Super Soft-Laufbandoberfl\u00e4che sorgen f\u00fcr ein realistisches Laufgef\u00fchl wie auf einem Waldboden.<\/span><\/p>\n<p><b>Ein Laufgef\u00fchl wie auf einem Waldboden<\/b><\/p>\n<p><span style=\"font-weight: 400;\">Das 6-Punkt D\u00e4mpfungssystem und die Super Soft-Laufbandoberfl\u00e4che bieten ein gelenkschonendes Trainingserlebnis. Genie\u00dfe l\u00e4ngere Trainingseinheiten komfortabel und effektiv.<\/span><\/p>\n<p><b>Technische Details<\/b><\/p>\n<p><span style=\"font-weight: 400;\">\u00a0\u00a0&#8211; SKU: 5163<\/span><\/p>\n<p><span style=\"font-weight: 400;\">\u00a0\u00a0&#8211; Marke: HAMMER<\/span><\/p>\n<p><span style=\"font-weight: 400;\">\u00a0\u00a0&#8211; Farbe: Schwarz<\/span><\/p>\n<p><span style=\"font-weight: 400;\">\u00a0\u00a0&#8211; Material: Stahl<\/span><\/p>\n<p><span style=\"font-weight: 400;\">\u00a0\u00a0&#8211; Gewicht: 95 kg<\/span><\/p>\n<p><b>Computer<\/b><\/p>\n<p><span style=\"font-weight: 400;\">\u00a0\u00a0&#8211; Display: 15.6&#8243; TFT Touch Display<\/span><\/p>\n<p><span style=\"font-weight: 400;\">\u00a0\u00a0&#8211; Multimedia: App, Bluetooth, Tablethalterung, USB<\/span><\/p>\n<p><span style=\"font-weight: 400;\">\u00a0\u00a0&#8211; WLAN: Ja<\/span><\/p>\n<p><span style=\"font-weight: 400;\">\u00a0\u00a0&#8211; Pulsart: Handpuls<\/span><\/p>\n<p><span style=\"font-weight: 400;\">\u00a0\u00a0&#8211; Apps: Kinomap, Zwift<\/span><\/p>\n<p><span style=\"font-weight: 400;\">\u00a0\u00a0&#8211; Bedienung: Touch<\/span><\/p>\n<p><span style=\"font-weight: 400;\">\u00a0\u00a0&#8211; Brustgurt-Empf\u00e4nger: 5 kHz<\/span><\/p>\n<p><b>Anzeige<\/b><\/p>\n<p><span style=\"font-weight: 400;\">\u00a0\u00a0&#8211; Angezeigte Werte: Distanz, Geschwindigkeit, Herzfrequenz, Kalorienverbrauch, Steigung, Widerstandsstufe, Zeit<\/span><\/p>\n<p><span style=\"font-weight: 400;\">\u00a0\u00a0&#8211; Permanentanzeige: 5<\/span><\/p>\n<p><b>Programme und Profile<\/b><\/p>\n<p><span style=\"font-weight: 400;\">\u00a0\u00a0&#8211; Trainingsprogramme: 44<\/span><\/p>\n<p><span style=\"font-weight: 400;\">\u00a0\u00a0&#8211; Herzfrequenzprogramme: 1<\/span><\/p>\n<p><span style=\"font-weight: 400;\">\u00a0\u00a0&#8211; Einstellbare Pulsgrenze: Pulsobergrenze<\/span><\/p>\n<p><span style=\"font-weight: 400;\">\u00a0\u00a0&#8211; Manuelle Programme: 1<\/span><\/p>\n<p><span style=\"font-weight: 400;\">\u00a0\u00a0&#8211; User: 12<\/span><\/p>\n<p><b>Ma\u00dfe und Gewicht<\/b><\/p>\n<p><span style=\"font-weight: 400;\">\u00a0\u00a0&#8211; Aufstellma\u00df (L x B x H): 181 x 83 x 143 cm<\/span><\/p>\n<p><span style=\"font-weight: 400;\">\u00a0\u00a0&#8211; Klapph\u00f6he: 170 cm<\/span><\/p>\n<p><span style=\"font-weight: 400;\">\u00a0\u00a0&#8211; Klappma\u00df (L x B x H): 74 x 83 x 170 cm<\/span><\/p>\n<p><span style=\"font-weight: 400;\">\u00a0\u00a0&#8211; Max. K\u00f6rpergewicht: 150 kg<\/span><\/p>\n<p><span style=\"font-weight: 400;\">\u00a0\u00a0&#8211; Lauffl\u00e4che: 152 x 51 cm<\/span><\/p>\n<p><b>Sonstige Features<\/b><\/p>\n<p><span style=\"font-weight: 400;\">\u00a0\u00a0&#8211; Geschwindigkeit: 22 km\/h<\/span><\/p>\n<p><span style=\"font-weight: 400;\">\u00a0\u00a0&#8211; Steigung: 0-12% in 1% Schritten, motorisch verstellbar<\/span><\/p>\n<p><span style=\"font-weight: 400;\">\u00a0\u00a0&#8211; Transportrollen: Ja<\/span><\/p>\n<p><span style=\"font-weight: 400;\">\u00a0\u00a0&#8211; Leistung: DC-Motor 3,0 PS (Dauerleistung) \/ 7,5 PS (max. Leistung)<\/span><\/p>\n<p><span style=\"font-weight: 400;\">\u00a0\u00a0&#8211; Stromversorgung: 230V, 50Hz<\/span><\/p>\n<p><span style=\"font-weight: 400;\">\u00a0\u00a0&#8211; DIN Norm: DIN EN ISO 20957 -1\/6<\/span><\/p>\n<p><span style=\"font-weight: 400;\">\u00a0\u00a0&#8211; WEEE-Reg.-Nr.: Hinweise nach dem Elektrogesetz<\/span><\/p>\n<p>&nbsp;<\/p>\n","protected":false},"excerpt":{"rendered":"<p><span style=\"font-weight: 400;\">Das revolution\u00e4re Klappsystem bietet dir trotz knappen Wohnraums gen\u00fcgend Platz. Nach dem Training kannst du die Lauffl\u00e4che in eine senkrechte Position klappen und dank der Transportrollen sicher im Raum verstauen.<\/span><\/p>\n<ul>\n<li style=\"font-weight: 400;\" aria-level=\"1\"><span style=\"font-weight: 400;\">Lauffl\u00e4che mit senkrechter Klappfunktion<\/span><\/li>\n<li style=\"font-weight: 400;\" aria-level=\"1\"><span style=\"font-weight: 400;\">15,6&#8243; Touchscreen-Display<\/span><\/li>\n<li style=\"font-weight: 400;\" aria-level=\"1\"><span style=\"font-weight: 400;\">Vorinstallierte Live-Routen<\/span><\/li>\n<\/ul>\n<p><span style=\"font-weight: 400;\">[rntl_page_content id=\"24172\"]<\/span><\/p>\n<div class=\"woocommerce-product-details__short-description\">\n<p>&nbsp;<\/p>\n<\/div>\n","protected":false},"featured_media":29407,"template":"","meta":{"content-type":""},"product_brand":[],"product_cat":[28],"product_tag":[26,108],"class_list":{"0":"post-34480","1":"product","2":"type-product","3":"status-publish","4":"has-post-thumbnail","6":"product_cat-laufbaender","7":"product_tag-kaufen","8":"product_tag-kaufen-gebraucht","9":"product_shipping_class-schwer","10":"tm-no-options","12":"first","13":"outofstock","14":"sale","15":"taxable","16":"shipping-taxable","17":"purchasable","18":"product-type-simple"},"yoast_head":"<!-- This site is optimized with the Yoast SEO plugin v26.3 - https:\/\/yoast.com\/wordpress\/plugins\/seo\/ -->\n<title>Hammer Q. VADIS 10.0 Laufband \u2013 Top-Occasion - RNTL Fitness<\/title>\n<meta name=\"description\" content=\"Entdecke das Hammer Q. VADIS 10.0 Laufband mit 15,6&quot; Touchscreen, vorinstallierten Live-Routen und innovativer Klappfunktion. Perfekt f\u00fcr intensives Training zu Hause. Jetzt informieren!\" \/>\n<meta name=\"robots\" content=\"index, follow, max-snippet:-1, max-image-preview:large, max-video-preview:-1\" \/>\n<link rel=\"canonical\" href=\"https:\/\/rntl.ch\/fitness\/produkt\/hammer-q-vadis-10-0-laufband-top-occasion\/\" \/>\n<meta property=\"og:locale\" content=\"de_DE\" \/>\n<meta property=\"og:type\" content=\"article\" \/>\n<meta property=\"og:title\" content=\"Hammer Q. VADIS 10.0 Laufband \u2013 Top-Occasion - RNTL Fitness\" \/>\n<meta property=\"og:description\" content=\"Entdecke das Hammer Q. VADIS 10.0 Laufband mit 15,6&quot; Touchscreen, vorinstallierten Live-Routen und innovativer Klappfunktion. Perfekt f\u00fcr intensives Training zu Hause. Jetzt informieren!\" \/>\n<meta property=\"og:url\" content=\"https:\/\/rntl.ch\/fitness\/produkt\/hammer-q-vadis-10-0-laufband-top-occasion\/\" \/>\n<meta property=\"og:site_name\" content=\"RNTL Fitness\" \/>\n<meta property=\"article:modified_time\" content=\"2026-01-07T10:51:14+00:00\" \/>\n<meta property=\"og:image\" content=\"https:\/\/rntl.ch\/fitness\/wp-content\/uploads\/sites\/3\/2024\/07\/1-21.png\" \/>\n\t<meta property=\"og:image:width\" content=\"800\" \/>\n\t<meta property=\"og:image:height\" content=\"800\" \/>\n\t<meta property=\"og:image:type\" content=\"image\/png\" \/>\n<meta name=\"twitter:card\" content=\"summary_large_image\" \/>\n<meta name=\"twitter:label1\" content=\"Gesch\u00e4tzte Lesezeit\" \/>\n\t<meta name=\"twitter:data1\" content=\"3\u00a0Minuten\" \/>\n<script type=\"application\/ld+json\" class=\"yoast-schema-graph\">{\"@context\":\"https:\/\/schema.org\",\"@graph\":[{\"@type\":\"WebPage\",\"@id\":\"https:\/\/rntl.ch\/fitness\/produkt\/hammer-q-vadis-10-0-laufband-top-occasion\/\",\"url\":\"https:\/\/rntl.ch\/fitness\/produkt\/hammer-q-vadis-10-0-laufband-top-occasion\/\",\"name\":\"Hammer Q. VADIS 10.0 Laufband \u2013 Top-Occasion - RNTL Fitness\",\"isPartOf\":{\"@id\":\"https:\/\/rntl.ch\/fitness\/#website\"},\"primaryImageOfPage\":{\"@id\":\"https:\/\/rntl.ch\/fitness\/produkt\/hammer-q-vadis-10-0-laufband-top-occasion\/#primaryimage\"},\"image\":{\"@id\":\"https:\/\/rntl.ch\/fitness\/produkt\/hammer-q-vadis-10-0-laufband-top-occasion\/#primaryimage\"},\"thumbnailUrl\":\"https:\/\/rntl.ch\/fitness\/wp-content\/uploads\/sites\/3\/2024\/07\/1-21.png\",\"datePublished\":\"2025-07-04T13:53:03+00:00\",\"dateModified\":\"2026-01-07T10:51:14+00:00\",\"description\":\"Entdecke das Hammer Q. VADIS 10.0 Laufband mit 15,6\\\" Touchscreen, vorinstallierten Live-Routen und innovativer Klappfunktion. Perfekt f\u00fcr intensives Training zu Hause. Jetzt informieren!\",\"breadcrumb\":{\"@id\":\"https:\/\/rntl.ch\/fitness\/produkt\/hammer-q-vadis-10-0-laufband-top-occasion\/#breadcrumb\"},\"inLanguage\":\"de\",\"potentialAction\":[{\"@type\":\"ReadAction\",\"target\":[\"https:\/\/rntl.ch\/fitness\/produkt\/hammer-q-vadis-10-0-laufband-top-occasion\/\"]}]},{\"@type\":\"ImageObject\",\"inLanguage\":\"de\",\"@id\":\"https:\/\/rntl.ch\/fitness\/produkt\/hammer-q-vadis-10-0-laufband-top-occasion\/#primaryimage\",\"url\":\"https:\/\/rntl.ch\/fitness\/wp-content\/uploads\/sites\/3\/2024\/07\/1-21.png\",\"contentUrl\":\"https:\/\/rntl.ch\/fitness\/wp-content\/uploads\/sites\/3\/2024\/07\/1-21.png\",\"width\":800,\"height\":800},{\"@type\":\"BreadcrumbList\",\"@id\":\"https:\/\/rntl.ch\/fitness\/produkt\/hammer-q-vadis-10-0-laufband-top-occasion\/#breadcrumb\",\"itemListElement\":[{\"@type\":\"ListItem\",\"position\":1,\"name\":\"Startseite\",\"item\":\"https:\/\/rntl.ch\/fitness\/\"},{\"@type\":\"ListItem\",\"position\":2,\"name\":\"Shop\",\"item\":\"https:\/\/rntl.ch\/fitness\/shop\/\"},{\"@type\":\"ListItem\",\"position\":3,\"name\":\"Hammer Q. VADIS 10.0 Laufband \u2013 Top-Occasion\"}]},{\"@type\":\"WebSite\",\"@id\":\"https:\/\/rntl.ch\/fitness\/#website\",\"url\":\"https:\/\/rntl.ch\/fitness\/\",\"name\":\"RNTL Fitness\",\"description\":\"Mieten Einfach Anders\",\"publisher\":{\"@id\":\"https:\/\/rntl.ch\/fitness\/#organization\"},\"potentialAction\":[{\"@type\":\"SearchAction\",\"target\":{\"@type\":\"EntryPoint\",\"urlTemplate\":\"https:\/\/rntl.ch\/fitness\/?s={search_term_string}\"},\"query-input\":{\"@type\":\"PropertyValueSpecification\",\"valueRequired\":true,\"valueName\":\"search_term_string\"}}],\"inLanguage\":\"de\"},{\"@type\":\"Organization\",\"@id\":\"https:\/\/rntl.ch\/fitness\/#organization\",\"name\":\"RNTL Fitness\",\"url\":\"https:\/\/rntl.ch\/fitness\/\",\"logo\":{\"@type\":\"ImageObject\",\"inLanguage\":\"de\",\"@id\":\"https:\/\/rntl.ch\/fitness\/#\/schema\/logo\/image\/\",\"url\":\"https:\/\/rntl.ch\/fitness\/wp-content\/uploads\/sites\/3\/2020\/11\/cropped-rntl_logo_white_530x150.png\",\"contentUrl\":\"https:\/\/rntl.ch\/fitness\/wp-content\/uploads\/sites\/3\/2020\/11\/cropped-rntl_logo_white_530x150.png\",\"width\":530,\"height\":150,\"caption\":\"RNTL Fitness\"},\"image\":{\"@id\":\"https:\/\/rntl.ch\/fitness\/#\/schema\/logo\/image\/\"}}]}<\/script>\n<!-- \/ Yoast SEO plugin. -->","yoast_head_json":{"title":"Hammer Q. VADIS 10.0 Laufband \u2013 Top-Occasion - RNTL Fitness","description":"Entdecke das Hammer Q. VADIS 10.0 Laufband mit 15,6\" Touchscreen, vorinstallierten Live-Routen und innovativer Klappfunktion. Perfekt f\u00fcr intensives Training zu Hause. Jetzt informieren!","robots":{"index":"index","follow":"follow","max-snippet":"max-snippet:-1","max-image-preview":"max-image-preview:large","max-video-preview":"max-video-preview:-1"},"canonical":"https:\/\/rntl.ch\/fitness\/produkt\/hammer-q-vadis-10-0-laufband-top-occasion\/","og_locale":"de_DE","og_type":"article","og_title":"Hammer Q. VADIS 10.0 Laufband \u2013 Top-Occasion - RNTL Fitness","og_description":"Entdecke das Hammer Q. VADIS 10.0 Laufband mit 15,6\" Touchscreen, vorinstallierten Live-Routen und innovativer Klappfunktion. Perfekt f\u00fcr intensives Training zu Hause. Jetzt informieren!","og_url":"https:\/\/rntl.ch\/fitness\/produkt\/hammer-q-vadis-10-0-laufband-top-occasion\/","og_site_name":"RNTL Fitness","article_modified_time":"2026-01-07T10:51:14+00:00","og_image":[{"width":800,"height":800,"url":"https:\/\/rntl.ch\/fitness\/wp-content\/uploads\/sites\/3\/2024\/07\/1-21.png","type":"image\/png"}],"twitter_card":"summary_large_image","twitter_misc":{"Gesch\u00e4tzte Lesezeit":"3\u00a0Minuten"},"schema":{"@context":"https:\/\/schema.org","@graph":[{"@type":"WebPage","@id":"https:\/\/rntl.ch\/fitness\/produkt\/hammer-q-vadis-10-0-laufband-top-occasion\/","url":"https:\/\/rntl.ch\/fitness\/produkt\/hammer-q-vadis-10-0-laufband-top-occasion\/","name":"Hammer Q. VADIS 10.0 Laufband \u2013 Top-Occasion - RNTL Fitness","isPartOf":{"@id":"https:\/\/rntl.ch\/fitness\/#website"},"primaryImageOfPage":{"@id":"https:\/\/rntl.ch\/fitness\/produkt\/hammer-q-vadis-10-0-laufband-top-occasion\/#primaryimage"},"image":{"@id":"https:\/\/rntl.ch\/fitness\/produkt\/hammer-q-vadis-10-0-laufband-top-occasion\/#primaryimage"},"thumbnailUrl":"https:\/\/rntl.ch\/fitness\/wp-content\/uploads\/sites\/3\/2024\/07\/1-21.png","datePublished":"2025-07-04T13:53:03+00:00","dateModified":"2026-01-07T10:51:14+00:00","description":"Entdecke das Hammer Q. VADIS 10.0 Laufband mit 15,6\" Touchscreen, vorinstallierten Live-Routen und innovativer Klappfunktion. Perfekt f\u00fcr intensives Training zu Hause. Jetzt informieren!","breadcrumb":{"@id":"https:\/\/rntl.ch\/fitness\/produkt\/hammer-q-vadis-10-0-laufband-top-occasion\/#breadcrumb"},"inLanguage":"de","potentialAction":[{"@type":"ReadAction","target":["https:\/\/rntl.ch\/fitness\/produkt\/hammer-q-vadis-10-0-laufband-top-occasion\/"]}]},{"@type":"ImageObject","inLanguage":"de","@id":"https:\/\/rntl.ch\/fitness\/produkt\/hammer-q-vadis-10-0-laufband-top-occasion\/#primaryimage","url":"https:\/\/rntl.ch\/fitness\/wp-content\/uploads\/sites\/3\/2024\/07\/1-21.png","contentUrl":"https:\/\/rntl.ch\/fitness\/wp-content\/uploads\/sites\/3\/2024\/07\/1-21.png","width":800,"height":800},{"@type":"BreadcrumbList","@id":"https:\/\/rntl.ch\/fitness\/produkt\/hammer-q-vadis-10-0-laufband-top-occasion\/#breadcrumb","itemListElement":[{"@type":"ListItem","position":1,"name":"Startseite","item":"https:\/\/rntl.ch\/fitness\/"},{"@type":"ListItem","position":2,"name":"Shop","item":"https:\/\/rntl.ch\/fitness\/shop\/"},{"@type":"ListItem","position":3,"name":"Hammer Q. VADIS 10.0 Laufband \u2013 Top-Occasion"}]},{"@type":"WebSite","@id":"https:\/\/rntl.ch\/fitness\/#website","url":"https:\/\/rntl.ch\/fitness\/","name":"RNTL Fitness","description":"Mieten Einfach Anders","publisher":{"@id":"https:\/\/rntl.ch\/fitness\/#organization"},"potentialAction":[{"@type":"SearchAction","target":{"@type":"EntryPoint","urlTemplate":"https:\/\/rntl.ch\/fitness\/?s={search_term_string}"},"query-input":{"@type":"PropertyValueSpecification","valueRequired":true,"valueName":"search_term_string"}}],"inLanguage":"de"},{"@type":"Organization","@id":"https:\/\/rntl.ch\/fitness\/#organization","name":"RNTL Fitness","url":"https:\/\/rntl.ch\/fitness\/","logo":{"@type":"ImageObject","inLanguage":"de","@id":"https:\/\/rntl.ch\/fitness\/#\/schema\/logo\/image\/","url":"https:\/\/rntl.ch\/fitness\/wp-content\/uploads\/sites\/3\/2020\/11\/cropped-rntl_logo_white_530x150.png","contentUrl":"https:\/\/rntl.ch\/fitness\/wp-content\/uploads\/sites\/3\/2020\/11\/cropped-rntl_logo_white_530x150.png","width":530,"height":150,"caption":"RNTL Fitness"},"image":{"@id":"https:\/\/rntl.ch\/fitness\/#\/schema\/logo\/image\/"}}]}},"_links":{"self":[{"href":"https:\/\/rntl.ch\/fitness\/wp-json\/wp\/v2\/product\/34480","targetHints":{"allow":["GET"]}}],"collection":[{"href":"https:\/\/rntl.ch\/fitness\/wp-json\/wp\/v2\/product"}],"about":[{"href":"https:\/\/rntl.ch\/fitness\/wp-json\/wp\/v2\/types\/product"}],"version-history":[{"count":3,"href":"https:\/\/rntl.ch\/fitness\/wp-json\/wp\/v2\/product\/34480\/revisions"}],"predecessor-version":[{"id":34487,"href":"https:\/\/rntl.ch\/fitness\/wp-json\/wp\/v2\/product\/34480\/revisions\/34487"}],"wp:featuredmedia":[{"embeddable":true,"href":"https:\/\/rntl.ch\/fitness\/wp-json\/wp\/v2\/media\/29407"}],"wp:attachment":[{"href":"https:\/\/rntl.ch\/fitness\/wp-json\/wp\/v2\/media?parent=34480"}],"wp:term":[{"taxonomy":"product_brand","embeddable":true,"href":"https:\/\/rntl.ch\/fitness\/wp-json\/wp\/v2\/product_brand?post=34480"},{"taxonomy":"product_cat","embeddable":true,"href":"https:\/\/rntl.ch\/fitness\/wp-json\/wp\/v2\/product_cat?post=34480"},{"taxonomy":"product_tag","embeddable":true,"href":"https:\/\/rntl.ch\/fitness\/wp-json\/wp\/v2\/product_tag?post=34480"}],"curies":[{"name":"wp","href":"https:\/\/api.w.org\/{rel}","templated":true}]}}