{"id":34616,"date":"2025-07-15T17:15:20","date_gmt":"2025-07-15T15:15:20","guid":{"rendered":"https:\/\/rntl.ch\/fitness\/?post_type=product&#038;p=34616"},"modified":"2025-07-17T10:03:03","modified_gmt":"2025-07-17T08:03:03","slug":"nordic-track-fusion-cst-2","status":"publish","type":"product","link":"https:\/\/rntl.ch\/fitness\/produkt\/nordic-track-fusion-cst-2\/","title":{"rendered":"Nordic Track Fusion CST"},"content":{"rendered":"<h5>Hochintensive Kardio- und Kraftintervalle!<\/h5>\n<p>Die Fitness der Zukunft \u00f6ffnet Ihnen die T\u00fcren mit diesem revolution\u00e4ren Ger\u00e4t, das Kraft und Cardio f\u00fcr ein optimiertes Training kombiniert. iFit Coach vereinfacht Ihre Fitnessreise. Ein Personal Trainer f\u00fchrt Sie durch ein schnelles und kraftvolles Cardio-Training und macht Fusion CST zu einem der besten Fitnessger\u00e4te der Welt. Mit dem Fusion CST haben wir die perfekte Kombination von Krafttraining und Cardio gefunden. Die Fitness der Zukunft \u00f6ffnet Ihnen ihre T\u00fcren mit diesem revolution\u00e4ren Ger\u00e4t, das Krafttraining und Cardio f\u00fcr ein optimiertes Training kombiniert. Der fl\u00fcssige und variable Widerstand erm\u00f6glicht es Ihnen, Ihre Kraft reibungslos zu entwickeln, Ihr Training ist produktiver. Mit seinem eleganten und modernen Design integriert sich das Fusion CST perfekt in Ihr Zuhause. Vier Rollenpaare, die oben, in der Mitte und unten positioniert sind, sowie 2.40m Kabel schaffen unbegrenzte Trainingsm\u00f6glichkeiten, damit Sie ihre Ziele erreichen k\u00f6nnen. Das Fusion CST wurde entwickelt, um Muskelschmerzen und die Erholungszeit beim Muskelaufbau zu reduzieren.<\/p>\n<h5>Seilzug-System<\/h5>\n<p>Ausgestattet mit 4 Paar Umlenkrollen und 2 zus\u00e4tzlichen Kniebeugegriffen, die oben, in der Mitte und unten positioniert sind, sowie 2.40m Kabel schafft das Fusion CST unbegrenzte Trainingsm\u00f6glichkeiten, damit Sie Ihre Ziele erreichen k\u00f6nnen.<\/p>\n<h5>Inklusive Touchpad<\/h5>\n<p>Im Lieferumfang des Fusion CST NordicTrack\u00ae Portals 10i\u2122 ist das NordicTrack\u00ae 10&#8243; Touchpad enthalten, welches Ihnen ein noch komfortableres Training erm\u00f6glicht..<\/p>\n<h5>20 Leistungsstufen<\/h5>\n<p>Der fl\u00fcssige und variable Widerstand erm\u00f6glicht es Ihnen, Ihre Kraft reibungslos zu entwickeln und Ihre Trainingseinheiten produktiver zu gestalten.<\/p>\n<h5>iFit-Bluetooth-Kompatibel<\/h5>\n<p>Nach Abschluss eines iFit-Abonnements f\u00fchrt Sie ein Personal Trainer durch ein schnelles und leistungsstarkes Cardio-Training, das das iFit Fusion CST zu einem der besten Fitnessger\u00e4te der Welt macht.<\/p>\n<h5>SMR &#8211; Leiser magnetischer Widerstand<\/h5>\n<p>Oeliminieren Sie das Ger\u00e4usch von Gewichten und die manuelle Einstellung des Widerstands bei einem herk\u00f6mmlichen Ger\u00e4t. Unsere SMR\u2122 Silent Magnetic Resistance-Technologie und die effektive Tr\u00e4gheit bieten Ihnen ein sanftes und leises Training.<\/p>\n<ul>\n<li>iFit\u00ae-Kompatibilit\u00e4t: iFit\u00ae-Bluetooth-Kompatibel<\/li>\n<li>Thorax-Herzg\u00fcrtel: eingeschlossen<\/li>\n<li>Faltbares Modell: Nein<\/li>\n<li>Produktabmessungen in cm (lxbxh): 154 x 105 x 187<\/li>\n<li>Anzahl der Widerstandsstufen: 20<\/li>\n<li>Gewicht des Pakets: 174 kg<\/li>\n<li>Abmessungen des Pakets in cm (LxBxH) : 36 x 88 x 195<\/li>\n<li>Referenz: NTEVSY22917<\/li>\n<\/ul>\n<p><iframe title=\"Trainer-led Strength Training - Fusion CST\" width=\"980\" height=\"551\" src=\"https:\/\/www.youtube.com\/embed\/K0dIscC28Ok?feature=oembed&#038;enablejsapi=1&#038;origin=https:\/\/rntl.ch\" frameborder=\"0\" allow=\"accelerometer; autoplay; clipboard-write; encrypted-media; gyroscope; picture-in-picture; web-share\" referrerpolicy=\"strict-origin-when-cross-origin\" allowfullscreen><\/iframe><\/p>\n<p>&nbsp;<\/p>\n","protected":false},"excerpt":{"rendered":"<p>Die Fitness der Zukunft \u00f6ffnet dir mit dieser revolution\u00e4ren Maschine ihre T\u00fcren \u2013 sie vereint Kraft- und Cardiotraining f\u00fcr ein optimiertes Workout. Geliefert mit deinem Nordictrack-Tablet und einer 1-j\u00e4hrigen iFit-Mitgliedschaft, sind deine Trainings abwechslungsreich und effektiv!<\/p>\n<p><strong>Kaufpreis [woo_custom_field id=\"rntl_retail_price_field\"].-<\/strong><\/p>\n[rntl_page_content id=\"14687\"]\n","protected":false},"featured_media":34611,"template":"","meta":{"content-type":""},"product_brand":[151],"product_cat":[27],"product_tag":[112],"class_list":{"0":"post-34616","1":"product","2":"type-product","3":"status-publish","4":"has-post-thumbnail","6":"product_brand-nordic-track","7":"product_cat-krafttraining","8":"product_tag-mieten","9":"product_shipping_class-schwer","10":"tm-no-options","12":"first","13":"instock","14":"taxable","15":"shipping-taxable","16":"purchasable","17":"product-type-variable-subscription","18":"has-default-attributes"},"yoast_head":"<!-- This site is optimized with the Yoast SEO plugin v26.3 - https:\/\/yoast.com\/wordpress\/plugins\/seo\/ -->\n<title>Nordic Track Fusion CST - RNTL Fitness<\/title>\n<meta name=\"robots\" content=\"index, follow, max-snippet:-1, max-image-preview:large, max-video-preview:-1\" \/>\n<link rel=\"canonical\" href=\"https:\/\/rntl.ch\/fitness\/produkt\/nordic-track-fusion-cst-2\/\" \/>\n<meta property=\"og:locale\" content=\"de_DE\" \/>\n<meta property=\"og:type\" content=\"article\" \/>\n<meta property=\"og:title\" content=\"Nordic Track Fusion CST - RNTL Fitness\" \/>\n<meta property=\"og:description\" content=\"Die Fitness der Zukunft \u00f6ffnet dir mit dieser revolution\u00e4ren Maschine ihre T\u00fcren \u2013 sie vereint Kraft- und Cardiotraining f\u00fcr ein optimiertes Workout. Geliefert mit deinem Nordictrack-Tablet und einer 1-j\u00e4hrigen iFit-Mitgliedschaft, sind deine Trainings abwechslungsreich und effektiv!  Kaufpreis .-\" \/>\n<meta property=\"og:url\" content=\"https:\/\/rntl.ch\/fitness\/produkt\/nordic-track-fusion-cst-2\/\" \/>\n<meta property=\"og:site_name\" content=\"RNTL Fitness\" \/>\n<meta property=\"article:modified_time\" content=\"2025-07-17T08:03:03+00:00\" \/>\n<meta property=\"og:image\" content=\"https:\/\/rntl.ch\/fitness\/wp-content\/uploads\/sites\/3\/2025\/07\/FusionCST_-_NTEVSY22917_white.png\" \/>\n\t<meta property=\"og:image:width\" content=\"800\" \/>\n\t<meta property=\"og:image:height\" content=\"800\" \/>\n\t<meta property=\"og:image:type\" content=\"image\/png\" \/>\n<meta name=\"twitter:card\" content=\"summary_large_image\" \/>\n<meta name=\"twitter:label1\" content=\"Gesch\u00e4tzte Lesezeit\" \/>\n\t<meta name=\"twitter:data1\" content=\"3\u00a0Minuten\" \/>\n<script type=\"application\/ld+json\" class=\"yoast-schema-graph\">{\"@context\":\"https:\/\/schema.org\",\"@graph\":[{\"@type\":\"WebPage\",\"@id\":\"https:\/\/rntl.ch\/fitness\/produkt\/nordic-track-fusion-cst-2\/\",\"url\":\"https:\/\/rntl.ch\/fitness\/produkt\/nordic-track-fusion-cst-2\/\",\"name\":\"Nordic Track Fusion CST - RNTL Fitness\",\"isPartOf\":{\"@id\":\"https:\/\/rntl.ch\/fitness\/#website\"},\"primaryImageOfPage\":{\"@id\":\"https:\/\/rntl.ch\/fitness\/produkt\/nordic-track-fusion-cst-2\/#primaryimage\"},\"image\":{\"@id\":\"https:\/\/rntl.ch\/fitness\/produkt\/nordic-track-fusion-cst-2\/#primaryimage\"},\"thumbnailUrl\":\"https:\/\/rntl.ch\/fitness\/wp-content\/uploads\/sites\/3\/2025\/07\/FusionCST_-_NTEVSY22917_white.png\",\"datePublished\":\"2025-07-15T15:15:20+00:00\",\"dateModified\":\"2025-07-17T08:03:03+00:00\",\"breadcrumb\":{\"@id\":\"https:\/\/rntl.ch\/fitness\/produkt\/nordic-track-fusion-cst-2\/#breadcrumb\"},\"inLanguage\":\"de\",\"potentialAction\":[{\"@type\":\"ReadAction\",\"target\":[\"https:\/\/rntl.ch\/fitness\/produkt\/nordic-track-fusion-cst-2\/\"]}]},{\"@type\":\"ImageObject\",\"inLanguage\":\"de\",\"@id\":\"https:\/\/rntl.ch\/fitness\/produkt\/nordic-track-fusion-cst-2\/#primaryimage\",\"url\":\"https:\/\/rntl.ch\/fitness\/wp-content\/uploads\/sites\/3\/2025\/07\/FusionCST_-_NTEVSY22917_white.png\",\"contentUrl\":\"https:\/\/rntl.ch\/fitness\/wp-content\/uploads\/sites\/3\/2025\/07\/FusionCST_-_NTEVSY22917_white.png\",\"width\":800,\"height\":800},{\"@type\":\"BreadcrumbList\",\"@id\":\"https:\/\/rntl.ch\/fitness\/produkt\/nordic-track-fusion-cst-2\/#breadcrumb\",\"itemListElement\":[{\"@type\":\"ListItem\",\"position\":1,\"name\":\"Startseite\",\"item\":\"https:\/\/rntl.ch\/fitness\/\"},{\"@type\":\"ListItem\",\"position\":2,\"name\":\"Shop\",\"item\":\"https:\/\/rntl.ch\/fitness\/shop\/\"},{\"@type\":\"ListItem\",\"position\":3,\"name\":\"Nordic Track Fusion CST\"}]},{\"@type\":\"WebSite\",\"@id\":\"https:\/\/rntl.ch\/fitness\/#website\",\"url\":\"https:\/\/rntl.ch\/fitness\/\",\"name\":\"RNTL Fitness\",\"description\":\"Mieten Einfach Anders\",\"publisher\":{\"@id\":\"https:\/\/rntl.ch\/fitness\/#organization\"},\"potentialAction\":[{\"@type\":\"SearchAction\",\"target\":{\"@type\":\"EntryPoint\",\"urlTemplate\":\"https:\/\/rntl.ch\/fitness\/?s={search_term_string}\"},\"query-input\":{\"@type\":\"PropertyValueSpecification\",\"valueRequired\":true,\"valueName\":\"search_term_string\"}}],\"inLanguage\":\"de\"},{\"@type\":\"Organization\",\"@id\":\"https:\/\/rntl.ch\/fitness\/#organization\",\"name\":\"RNTL Fitness\",\"url\":\"https:\/\/rntl.ch\/fitness\/\",\"logo\":{\"@type\":\"ImageObject\",\"inLanguage\":\"de\",\"@id\":\"https:\/\/rntl.ch\/fitness\/#\/schema\/logo\/image\/\",\"url\":\"https:\/\/rntl.ch\/fitness\/wp-content\/uploads\/sites\/3\/2020\/11\/cropped-rntl_logo_white_530x150.png\",\"contentUrl\":\"https:\/\/rntl.ch\/fitness\/wp-content\/uploads\/sites\/3\/2020\/11\/cropped-rntl_logo_white_530x150.png\",\"width\":530,\"height\":150,\"caption\":\"RNTL Fitness\"},\"image\":{\"@id\":\"https:\/\/rntl.ch\/fitness\/#\/schema\/logo\/image\/\"}}]}<\/script>\n<!-- \/ Yoast SEO plugin. -->","yoast_head_json":{"title":"Nordic Track Fusion CST - RNTL Fitness","robots":{"index":"index","follow":"follow","max-snippet":"max-snippet:-1","max-image-preview":"max-image-preview:large","max-video-preview":"max-video-preview:-1"},"canonical":"https:\/\/rntl.ch\/fitness\/produkt\/nordic-track-fusion-cst-2\/","og_locale":"de_DE","og_type":"article","og_title":"Nordic Track Fusion CST - RNTL Fitness","og_description":"Die Fitness der Zukunft \u00f6ffnet dir mit dieser revolution\u00e4ren Maschine ihre T\u00fcren \u2013 sie vereint Kraft- und Cardiotraining f\u00fcr ein optimiertes Workout. Geliefert mit deinem Nordictrack-Tablet und einer 1-j\u00e4hrigen iFit-Mitgliedschaft, sind deine Trainings abwechslungsreich und effektiv!  Kaufpreis .-","og_url":"https:\/\/rntl.ch\/fitness\/produkt\/nordic-track-fusion-cst-2\/","og_site_name":"RNTL Fitness","article_modified_time":"2025-07-17T08:03:03+00:00","og_image":[{"width":800,"height":800,"url":"https:\/\/rntl.ch\/fitness\/wp-content\/uploads\/sites\/3\/2025\/07\/FusionCST_-_NTEVSY22917_white.png","type":"image\/png"}],"twitter_card":"summary_large_image","twitter_misc":{"Gesch\u00e4tzte Lesezeit":"3\u00a0Minuten"},"schema":{"@context":"https:\/\/schema.org","@graph":[{"@type":"WebPage","@id":"https:\/\/rntl.ch\/fitness\/produkt\/nordic-track-fusion-cst-2\/","url":"https:\/\/rntl.ch\/fitness\/produkt\/nordic-track-fusion-cst-2\/","name":"Nordic Track Fusion CST - RNTL Fitness","isPartOf":{"@id":"https:\/\/rntl.ch\/fitness\/#website"},"primaryImageOfPage":{"@id":"https:\/\/rntl.ch\/fitness\/produkt\/nordic-track-fusion-cst-2\/#primaryimage"},"image":{"@id":"https:\/\/rntl.ch\/fitness\/produkt\/nordic-track-fusion-cst-2\/#primaryimage"},"thumbnailUrl":"https:\/\/rntl.ch\/fitness\/wp-content\/uploads\/sites\/3\/2025\/07\/FusionCST_-_NTEVSY22917_white.png","datePublished":"2025-07-15T15:15:20+00:00","dateModified":"2025-07-17T08:03:03+00:00","breadcrumb":{"@id":"https:\/\/rntl.ch\/fitness\/produkt\/nordic-track-fusion-cst-2\/#breadcrumb"},"inLanguage":"de","potentialAction":[{"@type":"ReadAction","target":["https:\/\/rntl.ch\/fitness\/produkt\/nordic-track-fusion-cst-2\/"]}]},{"@type":"ImageObject","inLanguage":"de","@id":"https:\/\/rntl.ch\/fitness\/produkt\/nordic-track-fusion-cst-2\/#primaryimage","url":"https:\/\/rntl.ch\/fitness\/wp-content\/uploads\/sites\/3\/2025\/07\/FusionCST_-_NTEVSY22917_white.png","contentUrl":"https:\/\/rntl.ch\/fitness\/wp-content\/uploads\/sites\/3\/2025\/07\/FusionCST_-_NTEVSY22917_white.png","width":800,"height":800},{"@type":"BreadcrumbList","@id":"https:\/\/rntl.ch\/fitness\/produkt\/nordic-track-fusion-cst-2\/#breadcrumb","itemListElement":[{"@type":"ListItem","position":1,"name":"Startseite","item":"https:\/\/rntl.ch\/fitness\/"},{"@type":"ListItem","position":2,"name":"Shop","item":"https:\/\/rntl.ch\/fitness\/shop\/"},{"@type":"ListItem","position":3,"name":"Nordic Track Fusion CST"}]},{"@type":"WebSite","@id":"https:\/\/rntl.ch\/fitness\/#website","url":"https:\/\/rntl.ch\/fitness\/","name":"RNTL Fitness","description":"Mieten Einfach Anders","publisher":{"@id":"https:\/\/rntl.ch\/fitness\/#organization"},"potentialAction":[{"@type":"SearchAction","target":{"@type":"EntryPoint","urlTemplate":"https:\/\/rntl.ch\/fitness\/?s={search_term_string}"},"query-input":{"@type":"PropertyValueSpecification","valueRequired":true,"valueName":"search_term_string"}}],"inLanguage":"de"},{"@type":"Organization","@id":"https:\/\/rntl.ch\/fitness\/#organization","name":"RNTL Fitness","url":"https:\/\/rntl.ch\/fitness\/","logo":{"@type":"ImageObject","inLanguage":"de","@id":"https:\/\/rntl.ch\/fitness\/#\/schema\/logo\/image\/","url":"https:\/\/rntl.ch\/fitness\/wp-content\/uploads\/sites\/3\/2020\/11\/cropped-rntl_logo_white_530x150.png","contentUrl":"https:\/\/rntl.ch\/fitness\/wp-content\/uploads\/sites\/3\/2020\/11\/cropped-rntl_logo_white_530x150.png","width":530,"height":150,"caption":"RNTL Fitness"},"image":{"@id":"https:\/\/rntl.ch\/fitness\/#\/schema\/logo\/image\/"}}]}},"_links":{"self":[{"href":"https:\/\/rntl.ch\/fitness\/wp-json\/wp\/v2\/product\/34616","targetHints":{"allow":["GET"]}}],"collection":[{"href":"https:\/\/rntl.ch\/fitness\/wp-json\/wp\/v2\/product"}],"about":[{"href":"https:\/\/rntl.ch\/fitness\/wp-json\/wp\/v2\/types\/product"}],"version-history":[{"count":6,"href":"https:\/\/rntl.ch\/fitness\/wp-json\/wp\/v2\/product\/34616\/revisions"}],"predecessor-version":[{"id":34625,"href":"https:\/\/rntl.ch\/fitness\/wp-json\/wp\/v2\/product\/34616\/revisions\/34625"}],"wp:featuredmedia":[{"embeddable":true,"href":"https:\/\/rntl.ch\/fitness\/wp-json\/wp\/v2\/media\/34611"}],"wp:attachment":[{"href":"https:\/\/rntl.ch\/fitness\/wp-json\/wp\/v2\/media?parent=34616"}],"wp:term":[{"taxonomy":"product_brand","embeddable":true,"href":"https:\/\/rntl.ch\/fitness\/wp-json\/wp\/v2\/product_brand?post=34616"},{"taxonomy":"product_cat","embeddable":true,"href":"https:\/\/rntl.ch\/fitness\/wp-json\/wp\/v2\/product_cat?post=34616"},{"taxonomy":"product_tag","embeddable":true,"href":"https:\/\/rntl.ch\/fitness\/wp-json\/wp\/v2\/product_tag?post=34616"}],"curies":[{"name":"wp","href":"https:\/\/api.w.org\/{rel}","templated":true}]}}