{"id":34880,"date":"2025-08-06T14:54:08","date_gmt":"2025-08-06T12:54:08","guid":{"rendered":"https:\/\/rntl.ch\/fitness\/?post_type=product&#038;p=34880"},"modified":"2025-10-16T11:04:32","modified_gmt":"2025-10-16T09:04:32","slug":"technogym-run","status":"publish","type":"product","link":"https:\/\/rntl.ch\/fitness\/produkt\/technogym-run\/","title":{"rendered":"Technogym Run"},"content":{"rendered":"<p data-start=\"270\" data-end=\"535\"><span data-start=\"308\" data-end=\"325\">Das <\/span><strong data-start=\"308\" data-end=\"325\">Technogym Run<\/strong>, dem weltweit ersten Laufband, das <strong data-start=\"361\" data-end=\"390\">Cardio- und Krafttraining<\/strong> in einem Ger\u00e4t vereint. Dieses Premium-Fitnessger\u00e4t wurde f\u00fcr <strong data-start=\"453\" data-end=\"482\">High Performance zu Hause<\/strong> entwickelt \u2013 leise, leistungsstark, voll vernetzt.<\/p>\n<p data-start=\"537\" data-end=\"853\">Ob Sprints, Bootcamps oder Schlittenz\u00fcge \u2013 das Technogym Run bringt dein Workout auf Profi-Niveau. Mit seiner gro\u00dfz\u00fcgigen Slat-Belt-Lauffl\u00e4che, der intuitiven 27\u2033 Touchscreen-Konsole und der einzigartigen <strong data-start=\"742\" data-end=\"768\">Multidrive-Technologie<\/strong> ist es das mit Abstand <strong data-start=\"792\" data-end=\"852\">intelligenteste und vielseitigste Laufband seiner Klasse<\/strong>.<\/p>\n<hr data-start=\"855\" data-end=\"858\" \/>\n<h2 data-start=\"860\" data-end=\"896\">\ud83d\udca1 <strong data-start=\"866\" data-end=\"896\">Top-Features im \u00dcberblick:<\/strong><\/h2>\n<div class=\"_tableContainer_16hzy_1\">\n<div class=\"_tableWrapper_16hzy_14 group flex w-fit flex-col-reverse\" tabindex=\"-1\">\n<table class=\"w-fit min-w-(--thread-content-width)\" data-start=\"898\" data-end=\"1401\">\n<thead data-start=\"898\" data-end=\"919\">\n<tr data-start=\"898\" data-end=\"919\">\n<th data-start=\"898\" data-end=\"908\" data-col-size=\"sm\">Feature<\/th>\n<th data-start=\"908\" data-end=\"919\" data-col-size=\"md\">Vorteil<\/th>\n<\/tr>\n<\/thead>\n<tbody data-start=\"941\" data-end=\"1401\">\n<tr data-start=\"941\" data-end=\"1029\">\n<td data-start=\"941\" data-end=\"982\" data-col-size=\"sm\">\ud83c\udfc3\u200d\u2642\ufe0f <strong data-start=\"949\" data-end=\"981\">Max. 25 km\/h &amp; 15 % Steigung<\/strong><\/td>\n<td data-start=\"982\" data-end=\"1029\" data-col-size=\"md\">F\u00fcr intensives Intervall- und Tempotraining<\/td>\n<\/tr>\n<tr data-start=\"1030\" data-end=\"1135\">\n<td data-start=\"1030\" data-end=\"1071\" data-col-size=\"sm\">\ud83d\udef7 <strong data-start=\"1035\" data-end=\"1070\">Multidrive-Widerstand bis 55 kg<\/strong><\/td>\n<td data-start=\"1071\" data-end=\"1135\" data-col-size=\"md\">F\u00fcr Sled Pushes &amp; Kraftausdauer-Workouts direkt auf dem Band<\/td>\n<\/tr>\n<tr data-start=\"1136\" data-end=\"1225\">\n<td data-start=\"1136\" data-end=\"1169\" data-col-size=\"sm\">\ud83d\udcfa <strong data-start=\"1141\" data-end=\"1168\">27\u2033 Full-HD Touchscreen<\/strong><\/td>\n<td data-start=\"1169\" data-end=\"1225\" data-col-size=\"md\">Live- &amp; On-Demand-Trainings, Netflix, Spotify u.v.m.<\/td>\n<\/tr>\n<tr data-start=\"1226\" data-end=\"1315\">\n<td data-start=\"1226\" data-end=\"1271\" data-col-size=\"sm\">\ud83d\udd08 <strong data-start=\"1231\" data-end=\"1270\">Ultra-Leise &amp; Slat-Belt-Technologie<\/strong><\/td>\n<td data-start=\"1271\" data-end=\"1315\" data-col-size=\"md\">Gelenkschonend, laufruhig, studio\u00e4hnlich<\/td>\n<\/tr>\n<tr data-start=\"1316\" data-end=\"1401\">\n<td data-start=\"1316\" data-end=\"1340\" data-col-size=\"sm\">\ud83d\udd01 <strong data-start=\"1321\" data-end=\"1339\">Bootcamp-Modus<\/strong><\/td>\n<td data-start=\"1340\" data-end=\"1401\" data-col-size=\"md\">Kombiniert Cardio mit funktionellem Training \u2013 ohne Pause<\/td>\n<\/tr>\n<\/tbody>\n<\/table>\n<div class=\"sticky end-(--thread-content-margin) h-0 self-end select-none\">\n<div class=\"absolute end-0 flex items-end\"><\/div>\n<\/div>\n<\/div>\n<\/div>\n<hr data-start=\"1403\" data-end=\"1406\" \/>\n<h2 data-start=\"1408\" data-end=\"1436\">\ud83d\udcd0 <strong data-start=\"1414\" data-end=\"1436\">Technische Details<\/strong><\/h2>\n<ul data-start=\"1438\" data-end=\"1725\">\n<li data-start=\"1438\" data-end=\"1482\">\n<p data-start=\"1440\" data-end=\"1482\"><strong data-start=\"1440\" data-end=\"1457\">Ma\u00dfe (L\u00d7B\u00d7H):<\/strong> 1\u2019970 \u00d7 835 \u00d7 1\u2019750 mm<\/p>\n<\/li>\n<li data-start=\"1483\" data-end=\"1517\">\n<p data-start=\"1485\" data-end=\"1517\"><strong data-start=\"1485\" data-end=\"1500\">Lauffl\u00e4che:<\/strong> 1\u2019730 \u00d7 510 mm<\/p>\n<\/li>\n<li data-start=\"1518\" data-end=\"1545\">\n<p data-start=\"1520\" data-end=\"1545\"><strong data-start=\"1520\" data-end=\"1532\">Gewicht:<\/strong> ca. 207 kg<\/p>\n<\/li>\n<li data-start=\"1546\" data-end=\"1583\">\n<p data-start=\"1548\" data-end=\"1583\"><strong data-start=\"1548\" data-end=\"1573\">Max. Geschwindigkeit:<\/strong> 25 km\/h<\/p>\n<\/li>\n<li data-start=\"1584\" data-end=\"1610\">\n<p data-start=\"1586\" data-end=\"1610\"><strong data-start=\"1586\" data-end=\"1599\">Steigung:<\/strong> bis 15 %<\/p>\n<\/li>\n<li data-start=\"1611\" data-end=\"1651\">\n<p data-start=\"1613\" data-end=\"1651\"><strong data-start=\"1613\" data-end=\"1639\">Multidrive-Widerstand:<\/strong> bis 55 kg<\/p>\n<\/li>\n<li data-start=\"1652\" data-end=\"1725\">\n<p data-start=\"1654\" data-end=\"1725\"><strong data-start=\"1654\" data-end=\"1666\">Konsole:<\/strong> 27\u2033 Touchscreen inkl. Entertainment &amp; Trainings-Coaching<\/p>\n<\/li>\n<\/ul>\n<hr data-start=\"1727\" data-end=\"1730\" \/>\n<h2 data-start=\"1732\" data-end=\"1780\">\ud83c\udfe1 <strong data-start=\"1738\" data-end=\"1780\">F\u00fcr wen ist das Technogym Run gemacht?<\/strong><\/h2>\n<ul data-start=\"1782\" data-end=\"2001\">\n<li data-start=\"1782\" data-end=\"1848\">\n<p data-start=\"1784\" data-end=\"1848\"><strong data-start=\"1784\" data-end=\"1803\">Laufbegeisterte<\/strong>, die echte Studioqualit\u00e4t zu Hause m\u00f6chten<\/p>\n<\/li>\n<li data-start=\"1849\" data-end=\"1919\">\n<p data-start=\"1851\" data-end=\"1919\"><strong data-start=\"1851\" data-end=\"1864\">HIIT-Fans<\/strong>, die Intervall- und Krafttraining kombinieren wollen<\/p>\n<\/li>\n<li data-start=\"1920\" data-end=\"2001\">\n<p data-start=\"1922\" data-end=\"2001\"><strong data-start=\"1922\" data-end=\"1952\">Personal Training zu Hause<\/strong> \u2013 mit App-Coaching, Auswertung &amp; Entertainment<\/p>\n<\/li>\n<\/ul>\n<hr data-start=\"2003\" data-end=\"2006\" \/>\n<h2 data-start=\"2008\" data-end=\"2041\">\ud83d\udee0\ufe0f <strong data-start=\"2015\" data-end=\"2041\">Lieferumfang &amp; Zubeh\u00f6r<\/strong><\/h2>\n<ul data-start=\"2043\" data-end=\"2187\">\n<li data-start=\"2043\" data-end=\"2069\">\n<p data-start=\"2045\" data-end=\"2069\">Technogym Run Laufband<\/p>\n<\/li>\n<li data-start=\"2070\" data-end=\"2118\">\n<p data-start=\"2072\" data-end=\"2118\">Integrierter 27\u2033 Screen mit WLAN &amp; Bluetooth<\/p>\n<\/li>\n<\/ul>\n<hr data-start=\"2189\" data-end=\"2192\" \/>\n<h2 data-start=\"2194\" data-end=\"2237\">\ud83d\ude80 <strong data-start=\"2200\" data-end=\"2237\">Fazit: Dein All-in-One-Laufstudio<\/strong><\/h2>\n<p data-start=\"2239\" data-end=\"2492\">Das <strong data-start=\"2243\" data-end=\"2260\">Technogym Run<\/strong> ist mehr als ein Laufband \u2013 es ist ein vernetzter Fitness-Hub f\u00fcr dein Zuhause. Egal ob du schneller, st\u00e4rker oder einfach konstanter trainieren willst: Dieses Ger\u00e4t bietet alles, was du brauchst \u2013 und sieht dabei verdammt gut aus.<\/p>\n","protected":false},"excerpt":{"rendered":"<h2 data-start=\"197\" data-end=\"268\">\ud83c\udfc1 <strong data-start=\"203\" data-end=\"268\">\u201eRUN REDEFINED \u2013 Das smarte Laufband f\u00fcr dein n\u00e4chstes Level\u201c<\/strong><\/h2>\n<p><strong>Kaufpreis [woo_custom_field id=\"rntl_retail_price_field\"].-<\/strong><\/p>\n[rntl_page_content id=\"14687\"]\n<div class=\"woocommerce-product-details__short-description\">\n<p>&nbsp;<\/p>\n<\/div>\n","protected":false},"featured_media":34886,"template":"","meta":{"content-type":""},"product_brand":[152],"product_cat":[28],"product_tag":[112],"class_list":{"0":"post-34880","1":"product","2":"type-product","3":"status-publish","4":"has-post-thumbnail","6":"product_brand-technogym","7":"product_cat-laufbaender","8":"product_tag-mieten","9":"product_shipping_class-schwer","10":"tm-no-options","12":"first","13":"outofstock","14":"taxable","15":"shipping-taxable","16":"purchasable","17":"product-type-variable-subscription","18":"has-default-attributes"},"yoast_head":"<!-- This site is optimized with the Yoast SEO plugin v26.3 - https:\/\/yoast.com\/wordpress\/plugins\/seo\/ -->\n<title>Technogym Run - RNTL Fitness<\/title>\n<meta name=\"description\" content=\"Entdecken Sie die Technogym Bench \u2013 die vielseitige Trainingsbank f\u00fcr \u00fcber 200 \u00dcbungen. Nutzen Sie Hexagon-Hanteln, Widerstandsb\u00e4nder, Kn\u00f6chelgewichte und eine Trainingsmatte f\u00fcr ein vollst\u00e4ndiges Workout. Lassen Sie sich von unseren Trainingsprogrammen inspirieren und erreichen Sie Ihre Fitnessziele schneller. Dank integrierter Rollen ist die Bank leicht zu bewegen und zu verstauen. Perfekt f\u00fcr ein intensives und flexibles Training zu Hause.\" \/>\n<meta name=\"robots\" content=\"index, follow, max-snippet:-1, max-image-preview:large, max-video-preview:-1\" \/>\n<link rel=\"canonical\" href=\"https:\/\/rntl.ch\/fitness\/produkt\/technogym-run\/\" \/>\n<meta property=\"og:locale\" content=\"de_DE\" \/>\n<meta property=\"og:type\" content=\"article\" \/>\n<meta property=\"og:title\" content=\"Technogym Run - RNTL Fitness\" \/>\n<meta property=\"og:description\" content=\"Entdecken Sie die Technogym Bench \u2013 die vielseitige Trainingsbank f\u00fcr \u00fcber 200 \u00dcbungen. Nutzen Sie Hexagon-Hanteln, Widerstandsb\u00e4nder, Kn\u00f6chelgewichte und eine Trainingsmatte f\u00fcr ein vollst\u00e4ndiges Workout. Lassen Sie sich von unseren Trainingsprogrammen inspirieren und erreichen Sie Ihre Fitnessziele schneller. Dank integrierter Rollen ist die Bank leicht zu bewegen und zu verstauen. Perfekt f\u00fcr ein intensives und flexibles Training zu Hause.\" \/>\n<meta property=\"og:url\" content=\"https:\/\/rntl.ch\/fitness\/produkt\/technogym-run\/\" \/>\n<meta property=\"og:site_name\" content=\"RNTL Fitness\" \/>\n<meta property=\"article:modified_time\" content=\"2025-10-16T09:04:32+00:00\" \/>\n<meta property=\"og:image\" content=\"https:\/\/rntl.ch\/fitness\/wp-content\/uploads\/sites\/3\/2025\/08\/1-2.png\" \/>\n\t<meta property=\"og:image:width\" content=\"800\" \/>\n\t<meta property=\"og:image:height\" content=\"800\" \/>\n\t<meta property=\"og:image:type\" content=\"image\/png\" \/>\n<meta name=\"twitter:card\" content=\"summary_large_image\" \/>\n<meta name=\"twitter:label1\" content=\"Gesch\u00e4tzte Lesezeit\" \/>\n\t<meta name=\"twitter:data1\" content=\"2\u00a0Minuten\" \/>\n<script type=\"application\/ld+json\" class=\"yoast-schema-graph\">{\"@context\":\"https:\/\/schema.org\",\"@graph\":[{\"@type\":\"WebPage\",\"@id\":\"https:\/\/rntl.ch\/fitness\/produkt\/technogym-run\/\",\"url\":\"https:\/\/rntl.ch\/fitness\/produkt\/technogym-run\/\",\"name\":\"Technogym Run - RNTL Fitness\",\"isPartOf\":{\"@id\":\"https:\/\/rntl.ch\/fitness\/#website\"},\"primaryImageOfPage\":{\"@id\":\"https:\/\/rntl.ch\/fitness\/produkt\/technogym-run\/#primaryimage\"},\"image\":{\"@id\":\"https:\/\/rntl.ch\/fitness\/produkt\/technogym-run\/#primaryimage\"},\"thumbnailUrl\":\"https:\/\/rntl.ch\/fitness\/wp-content\/uploads\/sites\/3\/2025\/08\/1-2.png\",\"datePublished\":\"2025-08-06T12:54:08+00:00\",\"dateModified\":\"2025-10-16T09:04:32+00:00\",\"description\":\"Entdecken Sie die Technogym Bench \u2013 die vielseitige Trainingsbank f\u00fcr \u00fcber 200 \u00dcbungen. Nutzen Sie Hexagon-Hanteln, Widerstandsb\u00e4nder, Kn\u00f6chelgewichte und eine Trainingsmatte f\u00fcr ein vollst\u00e4ndiges Workout. Lassen Sie sich von unseren Trainingsprogrammen inspirieren und erreichen Sie Ihre Fitnessziele schneller. Dank integrierter Rollen ist die Bank leicht zu bewegen und zu verstauen. Perfekt f\u00fcr ein intensives und flexibles Training zu Hause.\",\"breadcrumb\":{\"@id\":\"https:\/\/rntl.ch\/fitness\/produkt\/technogym-run\/#breadcrumb\"},\"inLanguage\":\"de\",\"potentialAction\":[{\"@type\":\"ReadAction\",\"target\":[\"https:\/\/rntl.ch\/fitness\/produkt\/technogym-run\/\"]}]},{\"@type\":\"ImageObject\",\"inLanguage\":\"de\",\"@id\":\"https:\/\/rntl.ch\/fitness\/produkt\/technogym-run\/#primaryimage\",\"url\":\"https:\/\/rntl.ch\/fitness\/wp-content\/uploads\/sites\/3\/2025\/08\/1-2.png\",\"contentUrl\":\"https:\/\/rntl.ch\/fitness\/wp-content\/uploads\/sites\/3\/2025\/08\/1-2.png\",\"width\":800,\"height\":800},{\"@type\":\"BreadcrumbList\",\"@id\":\"https:\/\/rntl.ch\/fitness\/produkt\/technogym-run\/#breadcrumb\",\"itemListElement\":[{\"@type\":\"ListItem\",\"position\":1,\"name\":\"Startseite\",\"item\":\"https:\/\/rntl.ch\/fitness\/\"},{\"@type\":\"ListItem\",\"position\":2,\"name\":\"Shop\",\"item\":\"https:\/\/rntl.ch\/fitness\/shop\/\"},{\"@type\":\"ListItem\",\"position\":3,\"name\":\"Technogym Run\"}]},{\"@type\":\"WebSite\",\"@id\":\"https:\/\/rntl.ch\/fitness\/#website\",\"url\":\"https:\/\/rntl.ch\/fitness\/\",\"name\":\"RNTL Fitness\",\"description\":\"Mieten Einfach Anders\",\"publisher\":{\"@id\":\"https:\/\/rntl.ch\/fitness\/#organization\"},\"potentialAction\":[{\"@type\":\"SearchAction\",\"target\":{\"@type\":\"EntryPoint\",\"urlTemplate\":\"https:\/\/rntl.ch\/fitness\/?s={search_term_string}\"},\"query-input\":{\"@type\":\"PropertyValueSpecification\",\"valueRequired\":true,\"valueName\":\"search_term_string\"}}],\"inLanguage\":\"de\"},{\"@type\":\"Organization\",\"@id\":\"https:\/\/rntl.ch\/fitness\/#organization\",\"name\":\"RNTL Fitness\",\"url\":\"https:\/\/rntl.ch\/fitness\/\",\"logo\":{\"@type\":\"ImageObject\",\"inLanguage\":\"de\",\"@id\":\"https:\/\/rntl.ch\/fitness\/#\/schema\/logo\/image\/\",\"url\":\"https:\/\/rntl.ch\/fitness\/wp-content\/uploads\/sites\/3\/2020\/11\/cropped-rntl_logo_white_530x150.png\",\"contentUrl\":\"https:\/\/rntl.ch\/fitness\/wp-content\/uploads\/sites\/3\/2020\/11\/cropped-rntl_logo_white_530x150.png\",\"width\":530,\"height\":150,\"caption\":\"RNTL Fitness\"},\"image\":{\"@id\":\"https:\/\/rntl.ch\/fitness\/#\/schema\/logo\/image\/\"}}]}<\/script>\n<!-- \/ Yoast SEO plugin. -->","yoast_head_json":{"title":"Technogym Run - RNTL Fitness","description":"Entdecken Sie die Technogym Bench \u2013 die vielseitige Trainingsbank f\u00fcr \u00fcber 200 \u00dcbungen. Nutzen Sie Hexagon-Hanteln, Widerstandsb\u00e4nder, Kn\u00f6chelgewichte und eine Trainingsmatte f\u00fcr ein vollst\u00e4ndiges Workout. Lassen Sie sich von unseren Trainingsprogrammen inspirieren und erreichen Sie Ihre Fitnessziele schneller. Dank integrierter Rollen ist die Bank leicht zu bewegen und zu verstauen. Perfekt f\u00fcr ein intensives und flexibles Training zu Hause.","robots":{"index":"index","follow":"follow","max-snippet":"max-snippet:-1","max-image-preview":"max-image-preview:large","max-video-preview":"max-video-preview:-1"},"canonical":"https:\/\/rntl.ch\/fitness\/produkt\/technogym-run\/","og_locale":"de_DE","og_type":"article","og_title":"Technogym Run - RNTL Fitness","og_description":"Entdecken Sie die Technogym Bench \u2013 die vielseitige Trainingsbank f\u00fcr \u00fcber 200 \u00dcbungen. Nutzen Sie Hexagon-Hanteln, Widerstandsb\u00e4nder, Kn\u00f6chelgewichte und eine Trainingsmatte f\u00fcr ein vollst\u00e4ndiges Workout. Lassen Sie sich von unseren Trainingsprogrammen inspirieren und erreichen Sie Ihre Fitnessziele schneller. Dank integrierter Rollen ist die Bank leicht zu bewegen und zu verstauen. Perfekt f\u00fcr ein intensives und flexibles Training zu Hause.","og_url":"https:\/\/rntl.ch\/fitness\/produkt\/technogym-run\/","og_site_name":"RNTL Fitness","article_modified_time":"2025-10-16T09:04:32+00:00","og_image":[{"width":800,"height":800,"url":"https:\/\/rntl.ch\/fitness\/wp-content\/uploads\/sites\/3\/2025\/08\/1-2.png","type":"image\/png"}],"twitter_card":"summary_large_image","twitter_misc":{"Gesch\u00e4tzte Lesezeit":"2\u00a0Minuten"},"schema":{"@context":"https:\/\/schema.org","@graph":[{"@type":"WebPage","@id":"https:\/\/rntl.ch\/fitness\/produkt\/technogym-run\/","url":"https:\/\/rntl.ch\/fitness\/produkt\/technogym-run\/","name":"Technogym Run - RNTL Fitness","isPartOf":{"@id":"https:\/\/rntl.ch\/fitness\/#website"},"primaryImageOfPage":{"@id":"https:\/\/rntl.ch\/fitness\/produkt\/technogym-run\/#primaryimage"},"image":{"@id":"https:\/\/rntl.ch\/fitness\/produkt\/technogym-run\/#primaryimage"},"thumbnailUrl":"https:\/\/rntl.ch\/fitness\/wp-content\/uploads\/sites\/3\/2025\/08\/1-2.png","datePublished":"2025-08-06T12:54:08+00:00","dateModified":"2025-10-16T09:04:32+00:00","description":"Entdecken Sie die Technogym Bench \u2013 die vielseitige Trainingsbank f\u00fcr \u00fcber 200 \u00dcbungen. Nutzen Sie Hexagon-Hanteln, Widerstandsb\u00e4nder, Kn\u00f6chelgewichte und eine Trainingsmatte f\u00fcr ein vollst\u00e4ndiges Workout. Lassen Sie sich von unseren Trainingsprogrammen inspirieren und erreichen Sie Ihre Fitnessziele schneller. Dank integrierter Rollen ist die Bank leicht zu bewegen und zu verstauen. Perfekt f\u00fcr ein intensives und flexibles Training zu Hause.","breadcrumb":{"@id":"https:\/\/rntl.ch\/fitness\/produkt\/technogym-run\/#breadcrumb"},"inLanguage":"de","potentialAction":[{"@type":"ReadAction","target":["https:\/\/rntl.ch\/fitness\/produkt\/technogym-run\/"]}]},{"@type":"ImageObject","inLanguage":"de","@id":"https:\/\/rntl.ch\/fitness\/produkt\/technogym-run\/#primaryimage","url":"https:\/\/rntl.ch\/fitness\/wp-content\/uploads\/sites\/3\/2025\/08\/1-2.png","contentUrl":"https:\/\/rntl.ch\/fitness\/wp-content\/uploads\/sites\/3\/2025\/08\/1-2.png","width":800,"height":800},{"@type":"BreadcrumbList","@id":"https:\/\/rntl.ch\/fitness\/produkt\/technogym-run\/#breadcrumb","itemListElement":[{"@type":"ListItem","position":1,"name":"Startseite","item":"https:\/\/rntl.ch\/fitness\/"},{"@type":"ListItem","position":2,"name":"Shop","item":"https:\/\/rntl.ch\/fitness\/shop\/"},{"@type":"ListItem","position":3,"name":"Technogym Run"}]},{"@type":"WebSite","@id":"https:\/\/rntl.ch\/fitness\/#website","url":"https:\/\/rntl.ch\/fitness\/","name":"RNTL Fitness","description":"Mieten Einfach Anders","publisher":{"@id":"https:\/\/rntl.ch\/fitness\/#organization"},"potentialAction":[{"@type":"SearchAction","target":{"@type":"EntryPoint","urlTemplate":"https:\/\/rntl.ch\/fitness\/?s={search_term_string}"},"query-input":{"@type":"PropertyValueSpecification","valueRequired":true,"valueName":"search_term_string"}}],"inLanguage":"de"},{"@type":"Organization","@id":"https:\/\/rntl.ch\/fitness\/#organization","name":"RNTL Fitness","url":"https:\/\/rntl.ch\/fitness\/","logo":{"@type":"ImageObject","inLanguage":"de","@id":"https:\/\/rntl.ch\/fitness\/#\/schema\/logo\/image\/","url":"https:\/\/rntl.ch\/fitness\/wp-content\/uploads\/sites\/3\/2020\/11\/cropped-rntl_logo_white_530x150.png","contentUrl":"https:\/\/rntl.ch\/fitness\/wp-content\/uploads\/sites\/3\/2020\/11\/cropped-rntl_logo_white_530x150.png","width":530,"height":150,"caption":"RNTL Fitness"},"image":{"@id":"https:\/\/rntl.ch\/fitness\/#\/schema\/logo\/image\/"}}]}},"_links":{"self":[{"href":"https:\/\/rntl.ch\/fitness\/wp-json\/wp\/v2\/product\/34880","targetHints":{"allow":["GET"]}}],"collection":[{"href":"https:\/\/rntl.ch\/fitness\/wp-json\/wp\/v2\/product"}],"about":[{"href":"https:\/\/rntl.ch\/fitness\/wp-json\/wp\/v2\/types\/product"}],"version-history":[{"count":1,"href":"https:\/\/rntl.ch\/fitness\/wp-json\/wp\/v2\/product\/34880\/revisions"}],"predecessor-version":[{"id":34890,"href":"https:\/\/rntl.ch\/fitness\/wp-json\/wp\/v2\/product\/34880\/revisions\/34890"}],"wp:featuredmedia":[{"embeddable":true,"href":"https:\/\/rntl.ch\/fitness\/wp-json\/wp\/v2\/media\/34886"}],"wp:attachment":[{"href":"https:\/\/rntl.ch\/fitness\/wp-json\/wp\/v2\/media?parent=34880"}],"wp:term":[{"taxonomy":"product_brand","embeddable":true,"href":"https:\/\/rntl.ch\/fitness\/wp-json\/wp\/v2\/product_brand?post=34880"},{"taxonomy":"product_cat","embeddable":true,"href":"https:\/\/rntl.ch\/fitness\/wp-json\/wp\/v2\/product_cat?post=34880"},{"taxonomy":"product_tag","embeddable":true,"href":"https:\/\/rntl.ch\/fitness\/wp-json\/wp\/v2\/product_tag?post=34880"}],"curies":[{"name":"wp","href":"https:\/\/api.w.org\/{rel}","templated":true}]}}