{"id":35582,"date":"2025-09-23T14:13:59","date_gmt":"2025-09-23T12:13:59","guid":{"rendered":"https:\/\/rntl.ch\/fitness\/?post_type=product&#038;p=35582"},"modified":"2025-09-23T14:26:10","modified_gmt":"2025-09-23T12:26:10","slug":"matrix-u50-upright-bike-ergometer-fuer-hoechste-ansprueche-aussteller-mit-2-jahre-hersteller-garantie","status":"publish","type":"product","link":"https:\/\/rntl.ch\/fitness\/produkt\/matrix-u50-upright-bike-ergometer-fuer-hoechste-ansprueche-aussteller-mit-2-jahre-hersteller-garantie\/","title":{"rendered":"Matrix U50 Upright Bike \u2013 Ergometer f\u00fcr h\u00f6chste Anspr\u00fcche &#8211; Aussteller mit 2 Jahre Hersteller-Garantie"},"content":{"rendered":"<h3 data-start=\"427\" data-end=\"455\">\ud83d\udd27 Highlights &amp; Vorteile<\/h3>\n<ul data-start=\"457\" data-end=\"1738\">\n<li data-start=\"457\" data-end=\"660\">\n<p data-start=\"459\" data-end=\"660\"><strong data-start=\"459\" data-end=\"484\">Ergonomischer Komfort<\/strong>: Der Comfort-Arc-Sitz und der tiefere Einstieg sorgen f\u00fcr gelenkschonendes Einsteigen und angenehmes Sitzen \u2013 auch bei langen Workouts.<\/p>\n<\/li>\n<li data-start=\"661\" data-end=\"845\">\n<p data-start=\"663\" data-end=\"845\"><strong data-start=\"663\" data-end=\"682\">Stabil &amp; robust<\/strong>: Der Dual-Form Rahmen bietet h\u00f6chste Stabilit\u00e4t und reduziert Vibrationen \u2013 ideal f\u00fcr kr\u00e4ftigere Nutzer bis zu <strong data-start=\"794\" data-end=\"804\">159 kg<\/strong>.<\/p>\n<\/li>\n<li data-start=\"846\" data-end=\"1066\">\n<p data-start=\"848\" data-end=\"1066\"><strong data-start=\"848\" data-end=\"879\">Pr\u00e4zise Widerstandsregelung<\/strong>: Mit der Exact Force Induktionsbremse und 30 elektronisch verstellbaren Widerstandsstufen erreichst du schnell und zuverl\u00e4ssig dein Trainingsziel.<\/p>\n<\/li>\n<li data-start=\"1067\" data-end=\"1317\">\n<p data-start=\"1069\" data-end=\"1317\"><strong data-start=\"1069\" data-end=\"1091\">Innovative Konsole<\/strong>: Die XR-Konsole pr\u00e4sentiert \u00fcber ein 8,5\u2033 (21,6 cm) LCD-Display alle wichtigen Daten wie Zeit, Strecke, Watt, Kalorien, Herzfrequenz etc. Kompatibel mit Virtual Active und Fitness-Apps.<\/p>\n<\/li>\n<li data-start=\"1318\" data-end=\"1506\">\n<p data-start=\"1320\" data-end=\"1506\"><strong data-start=\"1320\" data-end=\"1346\">Individuelle Anpassung<\/strong>: Sattel, Lenker &amp; Pedale sind austauschbar \u2013 so kannst du das Bike perfekt auf deine K\u00f6rpergr\u00f6\u00dfe &amp; Fahrstil einstellen.<\/p>\n<\/li>\n<li data-start=\"1507\" data-end=\"1738\">\n<p data-start=\"1509\" data-end=\"1738\"><strong data-start=\"1509\" data-end=\"1540\">Komfortfunktionen inklusive<\/strong>: Verstellbare Multipositionsgriffe mit Schnellwahltasten, integrierte Herzfrequenzsensoren, Bluetooth-HR-Konnektivit\u00e4t, Trinkflaschenhalter, und vieles mehr.<\/p>\n<\/li>\n<\/ul>\n<hr data-start=\"1740\" data-end=\"1743\" \/>\n<h3 data-start=\"1745\" data-end=\"1784\">\ud83d\udccf Technische Daten auf einen Blick<\/h3>\n<div class=\"_tableContainer_1rjym_1\">\n<div class=\"group _tableWrapper_1rjym_13 flex w-fit flex-col-reverse\" tabindex=\"-1\">\n<table class=\"w-fit min-w-(--thread-content-width)\" data-start=\"1786\" data-end=\"2261\">\n<thead data-start=\"1786\" data-end=\"1813\">\n<tr data-start=\"1786\" data-end=\"1813\">\n<th data-start=\"1786\" data-end=\"1796\" data-col-size=\"sm\">Merkmal<\/th>\n<th data-start=\"1796\" data-end=\"1813\" data-col-size=\"md\">Spezifikation<\/th>\n<\/tr>\n<\/thead>\n<tbody data-start=\"1824\" data-end=\"2261\">\n<tr data-start=\"1824\" data-end=\"1902\">\n<td data-start=\"1824\" data-end=\"1850\" data-col-size=\"sm\">Maximales Nutzergewicht<\/td>\n<td data-start=\"1850\" data-end=\"1902\" data-col-size=\"md\"><strong data-start=\"1852\" data-end=\"1862\">159 kg<\/strong><\/td>\n<\/tr>\n<tr data-start=\"1903\" data-end=\"1994\">\n<td data-start=\"1903\" data-end=\"1929\" data-col-size=\"sm\">Stellfl\u00e4che (L \u00d7 B \u00d7 H)<\/td>\n<td data-start=\"1929\" data-end=\"1994\" data-col-size=\"md\"><strong data-start=\"1931\" data-end=\"1954\">122 \u00d7 62,5 \u00d7 143 cm<\/strong><\/td>\n<\/tr>\n<tr data-start=\"1995\" data-end=\"2061\">\n<td data-start=\"1995\" data-end=\"2010\" data-col-size=\"sm\">Ger\u00e4tgewicht<\/td>\n<td data-start=\"2010\" data-end=\"2061\" data-col-size=\"md\"><strong data-start=\"2012\" data-end=\"2021\">60 kg<\/strong><\/td>\n<\/tr>\n<tr data-start=\"2062\" data-end=\"2137\">\n<td data-start=\"2062\" data-end=\"2080\" data-col-size=\"sm\">Stromversorgung<\/td>\n<td data-start=\"2080\" data-end=\"2137\" data-col-size=\"md\">220-240 V~, 3 A<\/td>\n<\/tr>\n<tr data-start=\"2138\" data-end=\"2261\">\n<td data-start=\"2138\" data-end=\"2150\" data-col-size=\"sm\">Programme<\/td>\n<td data-start=\"2150\" data-end=\"2261\" data-col-size=\"md\">Manuell \u00b7 Intervalle \u00b7 Konstant-Watt \u00b7 Ziel-Herzfrequenz \u00b7 Sprint 8<\/td>\n<\/tr>\n<\/tbody>\n<\/table>\n<\/div>\n<\/div>\n<hr data-start=\"2263\" data-end=\"2266\" \/>\n<h3 data-start=\"2268\" data-end=\"2309\">\u2705 Warum das U50 die richtige Wahl ist<\/h3>\n<p data-start=\"2311\" data-end=\"2686\">Wenn du ein Heim-Ergometer suchst, das <strong data-start=\"2350\" data-end=\"2382\">einzigartige Komfortmerkmale<\/strong>, <strong data-start=\"2384\" data-end=\"2403\">pr\u00e4zise Technik<\/strong> und <strong data-start=\"2408\" data-end=\"2444\">maximale Anpassungsm\u00f6glichkeiten<\/strong> vereint, dann ist das Matrix U50 eine exzellente Investition. Es eignet sich sowohl f\u00fcr Einsteiger als auch f\u00fcr ambitionierte Nutzer und bietet durch seinen stabilen Rahmen und die gro\u00dfe Nutzergewichtsspanne echten Mehrwert \u00fcber viele Jahre.<\/p>\n","protected":false},"excerpt":{"rendered":"<p>Steig ein in die n\u00e4chste Generation des Heimtrainings mit dem <strong data-start=\"183\" data-end=\"210\">Matrix U50 Upright Bike<\/strong> \u2013 entwickelt f\u00fcr alle, die Wert auf Ergonomie, Stabilit\u00e4t und Vielseitigkeit legen. Ob intensives Intervalltraining oder gem\u00fctliche Runden zur Fettverbrennung \u2013 dieses Bike liefert Leistung auf Premium-Niveau.<\/p>\n<p>Wird montiert geliefert, 2 Jahre Hersteller-Garantie!<\/p>\n<p><span style=\"font-weight: 400;\">[rntl_page_content id=\"24172\"]<\/span><\/p>\n<div class=\"woocommerce-product-details__short-description\">\n<p>&nbsp;<\/p>\n<\/div>\n","protected":false},"featured_media":35584,"template":"","meta":{"content-type":""},"product_brand":[154],"product_cat":[23],"product_tag":[26,108],"class_list":{"0":"post-35582","1":"product","2":"type-product","3":"status-publish","4":"has-post-thumbnail","6":"product_brand-matrix","7":"product_cat-crosstrainer","8":"product_tag-kaufen","9":"product_tag-kaufen-gebraucht","10":"product_shipping_class-leicht","11":"tm-no-options","13":"first","14":"instock","15":"sale","16":"taxable","17":"shipping-taxable","18":"purchasable","19":"product-type-simple"},"yoast_head":"<!-- This site is optimized with the Yoast SEO plugin v26.3 - https:\/\/yoast.com\/wordpress\/plugins\/seo\/ -->\n<title>Matrix U50 Upright Bike \u2013 Ergometer f\u00fcr h\u00f6chste Anspr\u00fcche - Aussteller mit 2 Jahre Hersteller-Garantie - RNTL Fitness<\/title>\n<meta name=\"description\" content=\"Meta-Beschreibung: Erleben Sie effektive Workouts mit dem Matrix Fitness A50XR Ascent Trainer. Dank PerfectStride\u2122-Technologie, variabler Schrittl\u00e4nge und elektronischer Steigungsverstellung bietet er ein nat\u00fcrliches und komfortables Trainingserlebnis. Jetzt entdecken!\" \/>\n<meta name=\"robots\" content=\"index, follow, max-snippet:-1, max-image-preview:large, max-video-preview:-1\" \/>\n<link rel=\"canonical\" href=\"https:\/\/rntl.ch\/fitness\/produkt\/matrix-u50-upright-bike-ergometer-fuer-hoechste-ansprueche-aussteller-mit-2-jahre-hersteller-garantie\/\" \/>\n<meta property=\"og:locale\" content=\"de_DE\" \/>\n<meta property=\"og:type\" content=\"article\" \/>\n<meta property=\"og:title\" content=\"Matrix U50 Upright Bike \u2013 Ergometer f\u00fcr h\u00f6chste Anspr\u00fcche - Aussteller mit 2 Jahre Hersteller-Garantie - RNTL Fitness\" \/>\n<meta property=\"og:description\" content=\"Meta-Beschreibung: Erleben Sie effektive Workouts mit dem Matrix Fitness A50XR Ascent Trainer. Dank PerfectStride\u2122-Technologie, variabler Schrittl\u00e4nge und elektronischer Steigungsverstellung bietet er ein nat\u00fcrliches und komfortables Trainingserlebnis. Jetzt entdecken!\" \/>\n<meta property=\"og:url\" content=\"https:\/\/rntl.ch\/fitness\/produkt\/matrix-u50-upright-bike-ergometer-fuer-hoechste-ansprueche-aussteller-mit-2-jahre-hersteller-garantie\/\" \/>\n<meta property=\"og:site_name\" content=\"RNTL Fitness\" \/>\n<meta property=\"article:modified_time\" content=\"2025-09-23T12:26:10+00:00\" \/>\n<meta property=\"og:image\" content=\"https:\/\/rntl.ch\/fitness\/wp-content\/uploads\/sites\/3\/2025\/09\/2-1.png\" \/>\n\t<meta property=\"og:image:width\" content=\"800\" \/>\n\t<meta property=\"og:image:height\" content=\"800\" \/>\n\t<meta property=\"og:image:type\" content=\"image\/png\" \/>\n<meta name=\"twitter:card\" content=\"summary_large_image\" \/>\n<meta name=\"twitter:label1\" content=\"Gesch\u00e4tzte Lesezeit\" \/>\n\t<meta name=\"twitter:data1\" content=\"2\u00a0Minuten\" \/>\n<script type=\"application\/ld+json\" class=\"yoast-schema-graph\">{\"@context\":\"https:\/\/schema.org\",\"@graph\":[{\"@type\":\"WebPage\",\"@id\":\"https:\/\/rntl.ch\/fitness\/produkt\/matrix-u50-upright-bike-ergometer-fuer-hoechste-ansprueche-aussteller-mit-2-jahre-hersteller-garantie\/\",\"url\":\"https:\/\/rntl.ch\/fitness\/produkt\/matrix-u50-upright-bike-ergometer-fuer-hoechste-ansprueche-aussteller-mit-2-jahre-hersteller-garantie\/\",\"name\":\"Matrix U50 Upright Bike \u2013 Ergometer f\u00fcr h\u00f6chste Anspr\u00fcche - Aussteller mit 2 Jahre Hersteller-Garantie - RNTL Fitness\",\"isPartOf\":{\"@id\":\"https:\/\/rntl.ch\/fitness\/#website\"},\"primaryImageOfPage\":{\"@id\":\"https:\/\/rntl.ch\/fitness\/produkt\/matrix-u50-upright-bike-ergometer-fuer-hoechste-ansprueche-aussteller-mit-2-jahre-hersteller-garantie\/#primaryimage\"},\"image\":{\"@id\":\"https:\/\/rntl.ch\/fitness\/produkt\/matrix-u50-upright-bike-ergometer-fuer-hoechste-ansprueche-aussteller-mit-2-jahre-hersteller-garantie\/#primaryimage\"},\"thumbnailUrl\":\"https:\/\/rntl.ch\/fitness\/wp-content\/uploads\/sites\/3\/2025\/09\/2-1.png\",\"datePublished\":\"2025-09-23T12:13:59+00:00\",\"dateModified\":\"2025-09-23T12:26:10+00:00\",\"description\":\"Meta-Beschreibung: Erleben Sie effektive Workouts mit dem Matrix Fitness A50XR Ascent Trainer. Dank PerfectStride\u2122-Technologie, variabler Schrittl\u00e4nge und elektronischer Steigungsverstellung bietet er ein nat\u00fcrliches und komfortables Trainingserlebnis. Jetzt entdecken!\",\"breadcrumb\":{\"@id\":\"https:\/\/rntl.ch\/fitness\/produkt\/matrix-u50-upright-bike-ergometer-fuer-hoechste-ansprueche-aussteller-mit-2-jahre-hersteller-garantie\/#breadcrumb\"},\"inLanguage\":\"de\",\"potentialAction\":[{\"@type\":\"ReadAction\",\"target\":[\"https:\/\/rntl.ch\/fitness\/produkt\/matrix-u50-upright-bike-ergometer-fuer-hoechste-ansprueche-aussteller-mit-2-jahre-hersteller-garantie\/\"]}]},{\"@type\":\"ImageObject\",\"inLanguage\":\"de\",\"@id\":\"https:\/\/rntl.ch\/fitness\/produkt\/matrix-u50-upright-bike-ergometer-fuer-hoechste-ansprueche-aussteller-mit-2-jahre-hersteller-garantie\/#primaryimage\",\"url\":\"https:\/\/rntl.ch\/fitness\/wp-content\/uploads\/sites\/3\/2025\/09\/2-1.png\",\"contentUrl\":\"https:\/\/rntl.ch\/fitness\/wp-content\/uploads\/sites\/3\/2025\/09\/2-1.png\",\"width\":800,\"height\":800},{\"@type\":\"BreadcrumbList\",\"@id\":\"https:\/\/rntl.ch\/fitness\/produkt\/matrix-u50-upright-bike-ergometer-fuer-hoechste-ansprueche-aussteller-mit-2-jahre-hersteller-garantie\/#breadcrumb\",\"itemListElement\":[{\"@type\":\"ListItem\",\"position\":1,\"name\":\"Startseite\",\"item\":\"https:\/\/rntl.ch\/fitness\/\"},{\"@type\":\"ListItem\",\"position\":2,\"name\":\"Shop\",\"item\":\"https:\/\/rntl.ch\/fitness\/shop\/\"},{\"@type\":\"ListItem\",\"position\":3,\"name\":\"Matrix U50 Upright Bike \u2013 Ergometer f\u00fcr h\u00f6chste Anspr\u00fcche &#8211; Aussteller mit 2 Jahre Hersteller-Garantie\"}]},{\"@type\":\"WebSite\",\"@id\":\"https:\/\/rntl.ch\/fitness\/#website\",\"url\":\"https:\/\/rntl.ch\/fitness\/\",\"name\":\"RNTL Fitness\",\"description\":\"Mieten Einfach Anders\",\"publisher\":{\"@id\":\"https:\/\/rntl.ch\/fitness\/#organization\"},\"potentialAction\":[{\"@type\":\"SearchAction\",\"target\":{\"@type\":\"EntryPoint\",\"urlTemplate\":\"https:\/\/rntl.ch\/fitness\/?s={search_term_string}\"},\"query-input\":{\"@type\":\"PropertyValueSpecification\",\"valueRequired\":true,\"valueName\":\"search_term_string\"}}],\"inLanguage\":\"de\"},{\"@type\":\"Organization\",\"@id\":\"https:\/\/rntl.ch\/fitness\/#organization\",\"name\":\"RNTL Fitness\",\"url\":\"https:\/\/rntl.ch\/fitness\/\",\"logo\":{\"@type\":\"ImageObject\",\"inLanguage\":\"de\",\"@id\":\"https:\/\/rntl.ch\/fitness\/#\/schema\/logo\/image\/\",\"url\":\"https:\/\/rntl.ch\/fitness\/wp-content\/uploads\/sites\/3\/2020\/11\/cropped-rntl_logo_white_530x150.png\",\"contentUrl\":\"https:\/\/rntl.ch\/fitness\/wp-content\/uploads\/sites\/3\/2020\/11\/cropped-rntl_logo_white_530x150.png\",\"width\":530,\"height\":150,\"caption\":\"RNTL Fitness\"},\"image\":{\"@id\":\"https:\/\/rntl.ch\/fitness\/#\/schema\/logo\/image\/\"}}]}<\/script>\n<!-- \/ Yoast SEO plugin. -->","yoast_head_json":{"title":"Matrix U50 Upright Bike \u2013 Ergometer f\u00fcr h\u00f6chste Anspr\u00fcche - Aussteller mit 2 Jahre Hersteller-Garantie - RNTL Fitness","description":"Meta-Beschreibung: Erleben Sie effektive Workouts mit dem Matrix Fitness A50XR Ascent Trainer. Dank PerfectStride\u2122-Technologie, variabler Schrittl\u00e4nge und elektronischer Steigungsverstellung bietet er ein nat\u00fcrliches und komfortables Trainingserlebnis. Jetzt entdecken!","robots":{"index":"index","follow":"follow","max-snippet":"max-snippet:-1","max-image-preview":"max-image-preview:large","max-video-preview":"max-video-preview:-1"},"canonical":"https:\/\/rntl.ch\/fitness\/produkt\/matrix-u50-upright-bike-ergometer-fuer-hoechste-ansprueche-aussteller-mit-2-jahre-hersteller-garantie\/","og_locale":"de_DE","og_type":"article","og_title":"Matrix U50 Upright Bike \u2013 Ergometer f\u00fcr h\u00f6chste Anspr\u00fcche - Aussteller mit 2 Jahre Hersteller-Garantie - RNTL Fitness","og_description":"Meta-Beschreibung: Erleben Sie effektive Workouts mit dem Matrix Fitness A50XR Ascent Trainer. Dank PerfectStride\u2122-Technologie, variabler Schrittl\u00e4nge und elektronischer Steigungsverstellung bietet er ein nat\u00fcrliches und komfortables Trainingserlebnis. Jetzt entdecken!","og_url":"https:\/\/rntl.ch\/fitness\/produkt\/matrix-u50-upright-bike-ergometer-fuer-hoechste-ansprueche-aussteller-mit-2-jahre-hersteller-garantie\/","og_site_name":"RNTL Fitness","article_modified_time":"2025-09-23T12:26:10+00:00","og_image":[{"width":800,"height":800,"url":"https:\/\/rntl.ch\/fitness\/wp-content\/uploads\/sites\/3\/2025\/09\/2-1.png","type":"image\/png"}],"twitter_card":"summary_large_image","twitter_misc":{"Gesch\u00e4tzte Lesezeit":"2\u00a0Minuten"},"schema":{"@context":"https:\/\/schema.org","@graph":[{"@type":"WebPage","@id":"https:\/\/rntl.ch\/fitness\/produkt\/matrix-u50-upright-bike-ergometer-fuer-hoechste-ansprueche-aussteller-mit-2-jahre-hersteller-garantie\/","url":"https:\/\/rntl.ch\/fitness\/produkt\/matrix-u50-upright-bike-ergometer-fuer-hoechste-ansprueche-aussteller-mit-2-jahre-hersteller-garantie\/","name":"Matrix U50 Upright Bike \u2013 Ergometer f\u00fcr h\u00f6chste Anspr\u00fcche - Aussteller mit 2 Jahre Hersteller-Garantie - RNTL Fitness","isPartOf":{"@id":"https:\/\/rntl.ch\/fitness\/#website"},"primaryImageOfPage":{"@id":"https:\/\/rntl.ch\/fitness\/produkt\/matrix-u50-upright-bike-ergometer-fuer-hoechste-ansprueche-aussteller-mit-2-jahre-hersteller-garantie\/#primaryimage"},"image":{"@id":"https:\/\/rntl.ch\/fitness\/produkt\/matrix-u50-upright-bike-ergometer-fuer-hoechste-ansprueche-aussteller-mit-2-jahre-hersteller-garantie\/#primaryimage"},"thumbnailUrl":"https:\/\/rntl.ch\/fitness\/wp-content\/uploads\/sites\/3\/2025\/09\/2-1.png","datePublished":"2025-09-23T12:13:59+00:00","dateModified":"2025-09-23T12:26:10+00:00","description":"Meta-Beschreibung: Erleben Sie effektive Workouts mit dem Matrix Fitness A50XR Ascent Trainer. Dank PerfectStride\u2122-Technologie, variabler Schrittl\u00e4nge und elektronischer Steigungsverstellung bietet er ein nat\u00fcrliches und komfortables Trainingserlebnis. Jetzt entdecken!","breadcrumb":{"@id":"https:\/\/rntl.ch\/fitness\/produkt\/matrix-u50-upright-bike-ergometer-fuer-hoechste-ansprueche-aussteller-mit-2-jahre-hersteller-garantie\/#breadcrumb"},"inLanguage":"de","potentialAction":[{"@type":"ReadAction","target":["https:\/\/rntl.ch\/fitness\/produkt\/matrix-u50-upright-bike-ergometer-fuer-hoechste-ansprueche-aussteller-mit-2-jahre-hersteller-garantie\/"]}]},{"@type":"ImageObject","inLanguage":"de","@id":"https:\/\/rntl.ch\/fitness\/produkt\/matrix-u50-upright-bike-ergometer-fuer-hoechste-ansprueche-aussteller-mit-2-jahre-hersteller-garantie\/#primaryimage","url":"https:\/\/rntl.ch\/fitness\/wp-content\/uploads\/sites\/3\/2025\/09\/2-1.png","contentUrl":"https:\/\/rntl.ch\/fitness\/wp-content\/uploads\/sites\/3\/2025\/09\/2-1.png","width":800,"height":800},{"@type":"BreadcrumbList","@id":"https:\/\/rntl.ch\/fitness\/produkt\/matrix-u50-upright-bike-ergometer-fuer-hoechste-ansprueche-aussteller-mit-2-jahre-hersteller-garantie\/#breadcrumb","itemListElement":[{"@type":"ListItem","position":1,"name":"Startseite","item":"https:\/\/rntl.ch\/fitness\/"},{"@type":"ListItem","position":2,"name":"Shop","item":"https:\/\/rntl.ch\/fitness\/shop\/"},{"@type":"ListItem","position":3,"name":"Matrix U50 Upright Bike \u2013 Ergometer f\u00fcr h\u00f6chste Anspr\u00fcche &#8211; Aussteller mit 2 Jahre Hersteller-Garantie"}]},{"@type":"WebSite","@id":"https:\/\/rntl.ch\/fitness\/#website","url":"https:\/\/rntl.ch\/fitness\/","name":"RNTL Fitness","description":"Mieten Einfach Anders","publisher":{"@id":"https:\/\/rntl.ch\/fitness\/#organization"},"potentialAction":[{"@type":"SearchAction","target":{"@type":"EntryPoint","urlTemplate":"https:\/\/rntl.ch\/fitness\/?s={search_term_string}"},"query-input":{"@type":"PropertyValueSpecification","valueRequired":true,"valueName":"search_term_string"}}],"inLanguage":"de"},{"@type":"Organization","@id":"https:\/\/rntl.ch\/fitness\/#organization","name":"RNTL Fitness","url":"https:\/\/rntl.ch\/fitness\/","logo":{"@type":"ImageObject","inLanguage":"de","@id":"https:\/\/rntl.ch\/fitness\/#\/schema\/logo\/image\/","url":"https:\/\/rntl.ch\/fitness\/wp-content\/uploads\/sites\/3\/2020\/11\/cropped-rntl_logo_white_530x150.png","contentUrl":"https:\/\/rntl.ch\/fitness\/wp-content\/uploads\/sites\/3\/2020\/11\/cropped-rntl_logo_white_530x150.png","width":530,"height":150,"caption":"RNTL Fitness"},"image":{"@id":"https:\/\/rntl.ch\/fitness\/#\/schema\/logo\/image\/"}}]}},"_links":{"self":[{"href":"https:\/\/rntl.ch\/fitness\/wp-json\/wp\/v2\/product\/35582","targetHints":{"allow":["GET"]}}],"collection":[{"href":"https:\/\/rntl.ch\/fitness\/wp-json\/wp\/v2\/product"}],"about":[{"href":"https:\/\/rntl.ch\/fitness\/wp-json\/wp\/v2\/types\/product"}],"version-history":[{"count":3,"href":"https:\/\/rntl.ch\/fitness\/wp-json\/wp\/v2\/product\/35582\/revisions"}],"predecessor-version":[{"id":35597,"href":"https:\/\/rntl.ch\/fitness\/wp-json\/wp\/v2\/product\/35582\/revisions\/35597"}],"wp:featuredmedia":[{"embeddable":true,"href":"https:\/\/rntl.ch\/fitness\/wp-json\/wp\/v2\/media\/35584"}],"wp:attachment":[{"href":"https:\/\/rntl.ch\/fitness\/wp-json\/wp\/v2\/media?parent=35582"}],"wp:term":[{"taxonomy":"product_brand","embeddable":true,"href":"https:\/\/rntl.ch\/fitness\/wp-json\/wp\/v2\/product_brand?post=35582"},{"taxonomy":"product_cat","embeddable":true,"href":"https:\/\/rntl.ch\/fitness\/wp-json\/wp\/v2\/product_cat?post=35582"},{"taxonomy":"product_tag","embeddable":true,"href":"https:\/\/rntl.ch\/fitness\/wp-json\/wp\/v2\/product_tag?post=35582"}],"curies":[{"name":"wp","href":"https:\/\/api.w.org\/{rel}","templated":true}]}}