{"id":35590,"date":"2025-09-23T14:27:45","date_gmt":"2025-09-23T12:27:45","guid":{"rendered":"https:\/\/rntl.ch\/fitness\/?post_type=product&#038;p=35590"},"modified":"2026-02-18T11:31:49","modified_gmt":"2026-02-18T10:31:49","slug":"matrix-r50-recumbent-bike-halbliegendes-premium-ergometer-fuer-komfort-entertainment-aussteller-mit-2-jahre-hersteller-garantie-copy","status":"publish","type":"product","link":"https:\/\/rntl.ch\/fitness\/produkt\/matrix-r50-recumbent-bike-halbliegendes-premium-ergometer-fuer-komfort-entertainment-aussteller-mit-2-jahre-hersteller-garantie-copy\/","title":{"rendered":"Matrix R50 Halbliegendes Premium-Ergometer mit XIR Konsole: Aussteller mit 2 Jahre Hersteller-Garantie"},"content":{"rendered":"<h3 data-start=\"402\" data-end=\"430\">\ud83d\udd27 Highlights &amp; Vorteile<\/h3>\n<ul data-start=\"432\" data-end=\"1573\">\n<li data-start=\"432\" data-end=\"699\">\n<p data-start=\"434\" data-end=\"699\"><strong data-start=\"434\" data-end=\"463\">Liegekomfort &amp; Ergonomie:<\/strong> Tiefer Einstieg, halbliegende Position und atmungsaktive R\u00fcckenlehne mit Lendenst\u00fctze erm\u00f6glichen ein besonders gelenkschonendes Training \u2013 ideal auch bei R\u00fcckenproblemen oder l\u00e4ngeren Einheiten.<\/p>\n<\/li>\n<li data-start=\"700\" data-end=\"898\">\n<p data-start=\"702\" data-end=\"898\"><strong data-start=\"702\" data-end=\"743\">Stabiler Rahmen &amp; hohe Belastbarkeit:<\/strong> Dual Form Rahmen + Easy-Lift Hebel machen den Einstieg und die Sitzanpassung leicht. Nutzergewicht bis <strong data-start=\"847\" data-end=\"857\">159 kg<\/strong>.<\/p>\n<\/li>\n<li data-start=\"899\" data-end=\"1130\">\n<p data-start=\"901\" data-end=\"1130\"><strong data-start=\"901\" data-end=\"948\">Gro\u00dfes Entertainment &amp; Connectivity-System:<\/strong> 25,4 cm HD-Touchscreen Konsole (XER-Version), mit Virtual Active Szenarien, Apps, HDMI, WiFi &amp; Bluetooth \u2013 hier wirst du bestens unterhalten.<\/p>\n<\/li>\n<li data-start=\"1131\" data-end=\"1349\">\n<p data-start=\"1133\" data-end=\"1349\"><strong data-start=\"1133\" data-end=\"1217\">30 elektronisch einstellbare Widerstandsstufen und Exact Force Induktionsbremse:<\/strong> Pr\u00e4zise Steuerung, wattgenaues Training \u2013 ideal f\u00fcr Intervall- oder Herzfrequenz-Programme. <a target=\"_blank\" href=\"https:\/\/www.johnsonfitness-shop.eu\/matrix-retail\/products\/r50-recumbent-bike?variant=24165\" rel=\"noopener\" class=\"flex h-4.5 overflow-hidden rounded-xl px-2 text-[9px] font-medium transition-colors duration-150 ease-in-out text-token-text-secondary! bg-[#F4F4F4]! dark:bg-[#303030]!\"><\/a><\/p>\n<\/li>\n<li data-start=\"1131\" data-end=\"1349\">\n<p data-start=\"1133\" data-end=\"1349\"><a target=\"_blank\" href=\"https:\/\/www.johnsonfitness-shop.eu\/matrix-retail\/products\/r50-recumbent-bike?variant=24165\" rel=\"noopener\" class=\"flex h-4.5 overflow-hidden rounded-xl px-2 text-[9px] font-medium transition-colors duration-150 ease-in-out text-token-text-secondary! bg-[#F4F4F4]! dark:bg-[#303030]!\"><\/a><strong data-start=\"1352\" data-end=\"1380\">Programme &amp; Pulsmessung:<\/strong> 11 Programme inkl. Zielzeit, Zieldistanz, Zielkalorien, Zielherzfrequenz, Sprint-Modus etc. Pulssensoren an den Griffen + Bluetooth-Brustgurt inklusive.<\/p>\n<\/li>\n<\/ul>\n<hr data-start=\"1575\" data-end=\"1578\" \/>\n<h3 data-start=\"1580\" data-end=\"1603\">\ud83d\udccf Technische Daten<\/h3>\n<div class=\"_tableContainer_1rjym_1\">\n<div class=\"group _tableWrapper_1rjym_13 flex w-fit flex-col-reverse\" tabindex=\"-1\">\n<table class=\"w-fit min-w-(--thread-content-width)\" data-start=\"1605\" data-end=\"2210\">\n<thead data-start=\"1605\" data-end=\"1632\">\n<tr data-start=\"1605\" data-end=\"1632\">\n<th data-start=\"1605\" data-end=\"1615\" data-col-size=\"sm\">Merkmal<\/th>\n<th data-start=\"1615\" data-end=\"1632\" data-col-size=\"md\">Spezifikation<\/th>\n<\/tr>\n<\/thead>\n<tbody data-start=\"1643\" data-end=\"2210\">\n<tr data-start=\"1643\" data-end=\"1721\">\n<td data-start=\"1643\" data-end=\"1669\" data-col-size=\"sm\">Maximales Nutzergewicht<\/td>\n<td data-start=\"1669\" data-end=\"1721\" data-col-size=\"md\"><strong data-start=\"1671\" data-end=\"1681\">159 kg<\/strong><\/td>\n<\/tr>\n<tr data-start=\"1722\" data-end=\"1811\">\n<td data-start=\"1722\" data-end=\"1748\" data-col-size=\"sm\">Stellfl\u00e4che (L \u00d7 B \u00d7 H)<\/td>\n<td data-start=\"1748\" data-end=\"1811\" data-col-size=\"md\"><strong data-start=\"1750\" data-end=\"1771\">163 \u00d7 64 \u00d7 136 cm<\/strong><\/td>\n<\/tr>\n<tr data-start=\"1812\" data-end=\"1880\">\n<td data-start=\"1812\" data-end=\"1829\" data-col-size=\"sm\">Produktgewicht<\/td>\n<td data-start=\"1829\" data-end=\"1880\" data-col-size=\"md\"><strong data-start=\"1831\" data-end=\"1840\">78 kg<\/strong><\/td>\n<\/tr>\n<tr data-start=\"1881\" data-end=\"1957\">\n<td data-start=\"1881\" data-end=\"1899\" data-col-size=\"sm\">Stromversorgung<\/td>\n<td data-col-size=\"md\" data-start=\"1899\" data-end=\"1957\">220-240 V ~, 3 A<\/td>\n<\/tr>\n<tr data-start=\"1958\" data-end=\"2076\">\n<td data-start=\"1958\" data-end=\"1978\" data-col-size=\"sm\">Widerstandsstufen<\/td>\n<td data-start=\"1978\" data-end=\"2076\" data-col-size=\"md\">30 elektronische Levels via Exact Force Induktionsbremse <a target=\"_blank\" href=\"https:\/\/www.johnsonfitness-shop.eu\/matrix-retail\/products\/r50-recumbent-bike?variant=24165\" rel=\"noopener\" class=\"flex h-4.5 overflow-hidden rounded-xl px-2 text-[9px] font-medium transition-colors duration-150 ease-in-out text-token-text-secondary! bg-[#F4F4F4]! dark:bg-[#303030]!\"><\/a><\/td>\n<\/tr>\n<tr data-start=\"2077\" data-end=\"2210\">\n<td data-start=\"2077\" data-end=\"2089\" data-col-size=\"sm\">Programme<\/td>\n<td data-start=\"2089\" data-end=\"2210\" data-col-size=\"md\">11 (u.a. Manuell \u00b7 Intervalle \u00b7 Virtual Active \u00b7 Sprint 8 \u00b7 Herzfrequenzziel)<\/td>\n<\/tr>\n<\/tbody>\n<\/table>\n<\/div>\n<\/div>\n<hr data-start=\"2212\" data-end=\"2215\" \/>\n<h3 data-start=\"2217\" data-end=\"2256\">\u2705 Warum das R50 die ideale Wahl ist<\/h3>\n<ul data-start=\"2258\" data-end=\"2634\">\n<li data-start=\"2258\" data-end=\"2397\">\n<p data-start=\"2260\" data-end=\"2397\">F\u00fcr alle, die <em data-start=\"2274\" data-end=\"2315\">komfortables, gelenkschonendes Training<\/em> suchen, z. B. bei R\u00fcckenproblemen oder wenn man lange Trainingseinheiten plant.<\/p>\n<\/li>\n<li data-start=\"2398\" data-end=\"2516\">\n<p data-start=\"2400\" data-end=\"2516\">F\u00fcr Nutzer, die Wert auf <em data-start=\"2425\" data-end=\"2457\">Unterhaltung und Konnektivit\u00e4t<\/em> legen \u2013 Streaming, Apps, soziale Medien sind integriert.<\/p>\n<\/li>\n<li data-start=\"2517\" data-end=\"2634\">\n<p data-start=\"2519\" data-end=\"2634\">F\u00fcr diejenigen, die <em data-start=\"2539\" data-end=\"2579\">pr\u00e4zise Leistungsmessung und Steuerung<\/em> m\u00f6chten \u2013 ideal f\u00fcr ambitioniertes Ausdauertraining.<\/p>\n<\/li>\n<\/ul>\n","protected":false},"excerpt":{"rendered":"<p>Erlebe Training, das sich wie Wellness anf\u00fchlt: Das <strong data-start=\"187\" data-end=\"216\">Matrix R50 Recumbent Bike<\/strong> verbindet ergonomische Liegeposition, modernes Entertainment und pr\u00e4zise Fitnessfeatures \u2013 ideal f\u00fcr alle, die gelenkschonend trainieren wollen, ohne auf High-Tech zu verzichten.<\/p>\n<p>Wird montiert geliefert, 2 Jahre Hersteller-Garantie!<\/p>\n<p><span style=\"font-weight: 400;\">[rntl_page_content id=\"24172\"]<\/span><\/p>\n<div class=\"woocommerce-product-details__short-description\">\n<p>&nbsp;<\/p>\n<\/div>\n","protected":false},"featured_media":35592,"template":"","meta":{"content-type":""},"product_brand":[154],"product_cat":[25],"product_tag":[26,108],"class_list":{"0":"post-35590","1":"product","2":"type-product","3":"status-publish","4":"has-post-thumbnail","6":"product_brand-matrix","7":"product_cat-hometrainer","8":"product_tag-kaufen","9":"product_tag-kaufen-gebraucht","10":"product_shipping_class-mittel","11":"tm-no-options","13":"first","14":"instock","15":"sale","16":"taxable","17":"shipping-taxable","18":"purchasable","19":"product-type-simple"},"yoast_head":"<!-- This site is optimized with the Yoast SEO plugin v26.3 - https:\/\/yoast.com\/wordpress\/plugins\/seo\/ -->\n<title>Matrix R50 Halbliegendes Premium-Ergometer mit XIR Konsole: Aussteller mit 2 Jahre Hersteller-Garantie - RNTL Fitness<\/title>\n<meta name=\"description\" content=\"Meta-Beschreibung: Erleben Sie effektive Workouts mit dem Matrix Fitness A50XR Ascent Trainer. Dank PerfectStride\u2122-Technologie, variabler Schrittl\u00e4nge und elektronischer Steigungsverstellung bietet er ein nat\u00fcrliches und komfortables Trainingserlebnis. Jetzt entdecken!\" \/>\n<meta name=\"robots\" content=\"index, follow, max-snippet:-1, max-image-preview:large, max-video-preview:-1\" \/>\n<link rel=\"canonical\" href=\"https:\/\/rntl.ch\/fitness\/produkt\/matrix-r50-recumbent-bike-halbliegendes-premium-ergometer-fuer-komfort-entertainment-aussteller-mit-2-jahre-hersteller-garantie-copy\/\" \/>\n<meta property=\"og:locale\" content=\"de_DE\" \/>\n<meta property=\"og:type\" content=\"article\" \/>\n<meta property=\"og:title\" content=\"Matrix R50 Halbliegendes Premium-Ergometer mit XIR Konsole: Aussteller mit 2 Jahre Hersteller-Garantie - RNTL Fitness\" \/>\n<meta property=\"og:description\" content=\"Meta-Beschreibung: Erleben Sie effektive Workouts mit dem Matrix Fitness A50XR Ascent Trainer. Dank PerfectStride\u2122-Technologie, variabler Schrittl\u00e4nge und elektronischer Steigungsverstellung bietet er ein nat\u00fcrliches und komfortables Trainingserlebnis. Jetzt entdecken!\" \/>\n<meta property=\"og:url\" content=\"https:\/\/rntl.ch\/fitness\/produkt\/matrix-r50-recumbent-bike-halbliegendes-premium-ergometer-fuer-komfort-entertainment-aussteller-mit-2-jahre-hersteller-garantie-copy\/\" \/>\n<meta property=\"og:site_name\" content=\"RNTL Fitness\" \/>\n<meta property=\"article:modified_time\" content=\"2026-02-18T10:31:49+00:00\" \/>\n<meta property=\"og:image\" content=\"https:\/\/rntl.ch\/fitness\/wp-content\/uploads\/sites\/3\/2025\/09\/2-2.png\" \/>\n\t<meta property=\"og:image:width\" content=\"800\" \/>\n\t<meta property=\"og:image:height\" content=\"800\" \/>\n\t<meta property=\"og:image:type\" content=\"image\/png\" \/>\n<meta name=\"twitter:card\" content=\"summary_large_image\" \/>\n<meta name=\"twitter:label1\" content=\"Gesch\u00e4tzte Lesezeit\" \/>\n\t<meta name=\"twitter:data1\" content=\"2\u00a0Minuten\" \/>\n<script type=\"application\/ld+json\" class=\"yoast-schema-graph\">{\"@context\":\"https:\/\/schema.org\",\"@graph\":[{\"@type\":\"WebPage\",\"@id\":\"https:\/\/rntl.ch\/fitness\/produkt\/matrix-r50-recumbent-bike-halbliegendes-premium-ergometer-fuer-komfort-entertainment-aussteller-mit-2-jahre-hersteller-garantie-copy\/\",\"url\":\"https:\/\/rntl.ch\/fitness\/produkt\/matrix-r50-recumbent-bike-halbliegendes-premium-ergometer-fuer-komfort-entertainment-aussteller-mit-2-jahre-hersteller-garantie-copy\/\",\"name\":\"Matrix R50 Halbliegendes Premium-Ergometer mit XIR Konsole: Aussteller mit 2 Jahre Hersteller-Garantie - RNTL Fitness\",\"isPartOf\":{\"@id\":\"https:\/\/rntl.ch\/fitness\/#website\"},\"primaryImageOfPage\":{\"@id\":\"https:\/\/rntl.ch\/fitness\/produkt\/matrix-r50-recumbent-bike-halbliegendes-premium-ergometer-fuer-komfort-entertainment-aussteller-mit-2-jahre-hersteller-garantie-copy\/#primaryimage\"},\"image\":{\"@id\":\"https:\/\/rntl.ch\/fitness\/produkt\/matrix-r50-recumbent-bike-halbliegendes-premium-ergometer-fuer-komfort-entertainment-aussteller-mit-2-jahre-hersteller-garantie-copy\/#primaryimage\"},\"thumbnailUrl\":\"https:\/\/rntl.ch\/fitness\/wp-content\/uploads\/sites\/3\/2025\/09\/2-2.png\",\"datePublished\":\"2025-09-23T12:27:45+00:00\",\"dateModified\":\"2026-02-18T10:31:49+00:00\",\"description\":\"Meta-Beschreibung: Erleben Sie effektive Workouts mit dem Matrix Fitness A50XR Ascent Trainer. Dank PerfectStride\u2122-Technologie, variabler Schrittl\u00e4nge und elektronischer Steigungsverstellung bietet er ein nat\u00fcrliches und komfortables Trainingserlebnis. Jetzt entdecken!\",\"breadcrumb\":{\"@id\":\"https:\/\/rntl.ch\/fitness\/produkt\/matrix-r50-recumbent-bike-halbliegendes-premium-ergometer-fuer-komfort-entertainment-aussteller-mit-2-jahre-hersteller-garantie-copy\/#breadcrumb\"},\"inLanguage\":\"de\",\"potentialAction\":[{\"@type\":\"ReadAction\",\"target\":[\"https:\/\/rntl.ch\/fitness\/produkt\/matrix-r50-recumbent-bike-halbliegendes-premium-ergometer-fuer-komfort-entertainment-aussteller-mit-2-jahre-hersteller-garantie-copy\/\"]}]},{\"@type\":\"ImageObject\",\"inLanguage\":\"de\",\"@id\":\"https:\/\/rntl.ch\/fitness\/produkt\/matrix-r50-recumbent-bike-halbliegendes-premium-ergometer-fuer-komfort-entertainment-aussteller-mit-2-jahre-hersteller-garantie-copy\/#primaryimage\",\"url\":\"https:\/\/rntl.ch\/fitness\/wp-content\/uploads\/sites\/3\/2025\/09\/2-2.png\",\"contentUrl\":\"https:\/\/rntl.ch\/fitness\/wp-content\/uploads\/sites\/3\/2025\/09\/2-2.png\",\"width\":800,\"height\":800},{\"@type\":\"BreadcrumbList\",\"@id\":\"https:\/\/rntl.ch\/fitness\/produkt\/matrix-r50-recumbent-bike-halbliegendes-premium-ergometer-fuer-komfort-entertainment-aussteller-mit-2-jahre-hersteller-garantie-copy\/#breadcrumb\",\"itemListElement\":[{\"@type\":\"ListItem\",\"position\":1,\"name\":\"Startseite\",\"item\":\"https:\/\/rntl.ch\/fitness\/\"},{\"@type\":\"ListItem\",\"position\":2,\"name\":\"Shop\",\"item\":\"https:\/\/rntl.ch\/fitness\/shop\/\"},{\"@type\":\"ListItem\",\"position\":3,\"name\":\"Matrix R50 Halbliegendes Premium-Ergometer mit XIR Konsole: Aussteller mit 2 Jahre Hersteller-Garantie\"}]},{\"@type\":\"WebSite\",\"@id\":\"https:\/\/rntl.ch\/fitness\/#website\",\"url\":\"https:\/\/rntl.ch\/fitness\/\",\"name\":\"RNTL Fitness\",\"description\":\"Mieten Einfach Anders\",\"publisher\":{\"@id\":\"https:\/\/rntl.ch\/fitness\/#organization\"},\"potentialAction\":[{\"@type\":\"SearchAction\",\"target\":{\"@type\":\"EntryPoint\",\"urlTemplate\":\"https:\/\/rntl.ch\/fitness\/?s={search_term_string}\"},\"query-input\":{\"@type\":\"PropertyValueSpecification\",\"valueRequired\":true,\"valueName\":\"search_term_string\"}}],\"inLanguage\":\"de\"},{\"@type\":\"Organization\",\"@id\":\"https:\/\/rntl.ch\/fitness\/#organization\",\"name\":\"RNTL Fitness\",\"url\":\"https:\/\/rntl.ch\/fitness\/\",\"logo\":{\"@type\":\"ImageObject\",\"inLanguage\":\"de\",\"@id\":\"https:\/\/rntl.ch\/fitness\/#\/schema\/logo\/image\/\",\"url\":\"https:\/\/rntl.ch\/fitness\/wp-content\/uploads\/sites\/3\/2020\/11\/cropped-rntl_logo_white_530x150.png\",\"contentUrl\":\"https:\/\/rntl.ch\/fitness\/wp-content\/uploads\/sites\/3\/2020\/11\/cropped-rntl_logo_white_530x150.png\",\"width\":530,\"height\":150,\"caption\":\"RNTL Fitness\"},\"image\":{\"@id\":\"https:\/\/rntl.ch\/fitness\/#\/schema\/logo\/image\/\"}}]}<\/script>\n<!-- \/ Yoast SEO plugin. -->","yoast_head_json":{"title":"Matrix R50 Halbliegendes Premium-Ergometer mit XIR Konsole: Aussteller mit 2 Jahre Hersteller-Garantie - RNTL Fitness","description":"Meta-Beschreibung: Erleben Sie effektive Workouts mit dem Matrix Fitness A50XR Ascent Trainer. Dank PerfectStride\u2122-Technologie, variabler Schrittl\u00e4nge und elektronischer Steigungsverstellung bietet er ein nat\u00fcrliches und komfortables Trainingserlebnis. Jetzt entdecken!","robots":{"index":"index","follow":"follow","max-snippet":"max-snippet:-1","max-image-preview":"max-image-preview:large","max-video-preview":"max-video-preview:-1"},"canonical":"https:\/\/rntl.ch\/fitness\/produkt\/matrix-r50-recumbent-bike-halbliegendes-premium-ergometer-fuer-komfort-entertainment-aussteller-mit-2-jahre-hersteller-garantie-copy\/","og_locale":"de_DE","og_type":"article","og_title":"Matrix R50 Halbliegendes Premium-Ergometer mit XIR Konsole: Aussteller mit 2 Jahre Hersteller-Garantie - RNTL Fitness","og_description":"Meta-Beschreibung: Erleben Sie effektive Workouts mit dem Matrix Fitness A50XR Ascent Trainer. Dank PerfectStride\u2122-Technologie, variabler Schrittl\u00e4nge und elektronischer Steigungsverstellung bietet er ein nat\u00fcrliches und komfortables Trainingserlebnis. Jetzt entdecken!","og_url":"https:\/\/rntl.ch\/fitness\/produkt\/matrix-r50-recumbent-bike-halbliegendes-premium-ergometer-fuer-komfort-entertainment-aussteller-mit-2-jahre-hersteller-garantie-copy\/","og_site_name":"RNTL Fitness","article_modified_time":"2026-02-18T10:31:49+00:00","og_image":[{"width":800,"height":800,"url":"https:\/\/rntl.ch\/fitness\/wp-content\/uploads\/sites\/3\/2025\/09\/2-2.png","type":"image\/png"}],"twitter_card":"summary_large_image","twitter_misc":{"Gesch\u00e4tzte Lesezeit":"2\u00a0Minuten"},"schema":{"@context":"https:\/\/schema.org","@graph":[{"@type":"WebPage","@id":"https:\/\/rntl.ch\/fitness\/produkt\/matrix-r50-recumbent-bike-halbliegendes-premium-ergometer-fuer-komfort-entertainment-aussteller-mit-2-jahre-hersteller-garantie-copy\/","url":"https:\/\/rntl.ch\/fitness\/produkt\/matrix-r50-recumbent-bike-halbliegendes-premium-ergometer-fuer-komfort-entertainment-aussteller-mit-2-jahre-hersteller-garantie-copy\/","name":"Matrix R50 Halbliegendes Premium-Ergometer mit XIR Konsole: Aussteller mit 2 Jahre Hersteller-Garantie - RNTL Fitness","isPartOf":{"@id":"https:\/\/rntl.ch\/fitness\/#website"},"primaryImageOfPage":{"@id":"https:\/\/rntl.ch\/fitness\/produkt\/matrix-r50-recumbent-bike-halbliegendes-premium-ergometer-fuer-komfort-entertainment-aussteller-mit-2-jahre-hersteller-garantie-copy\/#primaryimage"},"image":{"@id":"https:\/\/rntl.ch\/fitness\/produkt\/matrix-r50-recumbent-bike-halbliegendes-premium-ergometer-fuer-komfort-entertainment-aussteller-mit-2-jahre-hersteller-garantie-copy\/#primaryimage"},"thumbnailUrl":"https:\/\/rntl.ch\/fitness\/wp-content\/uploads\/sites\/3\/2025\/09\/2-2.png","datePublished":"2025-09-23T12:27:45+00:00","dateModified":"2026-02-18T10:31:49+00:00","description":"Meta-Beschreibung: Erleben Sie effektive Workouts mit dem Matrix Fitness A50XR Ascent Trainer. Dank PerfectStride\u2122-Technologie, variabler Schrittl\u00e4nge und elektronischer Steigungsverstellung bietet er ein nat\u00fcrliches und komfortables Trainingserlebnis. Jetzt entdecken!","breadcrumb":{"@id":"https:\/\/rntl.ch\/fitness\/produkt\/matrix-r50-recumbent-bike-halbliegendes-premium-ergometer-fuer-komfort-entertainment-aussteller-mit-2-jahre-hersteller-garantie-copy\/#breadcrumb"},"inLanguage":"de","potentialAction":[{"@type":"ReadAction","target":["https:\/\/rntl.ch\/fitness\/produkt\/matrix-r50-recumbent-bike-halbliegendes-premium-ergometer-fuer-komfort-entertainment-aussteller-mit-2-jahre-hersteller-garantie-copy\/"]}]},{"@type":"ImageObject","inLanguage":"de","@id":"https:\/\/rntl.ch\/fitness\/produkt\/matrix-r50-recumbent-bike-halbliegendes-premium-ergometer-fuer-komfort-entertainment-aussteller-mit-2-jahre-hersteller-garantie-copy\/#primaryimage","url":"https:\/\/rntl.ch\/fitness\/wp-content\/uploads\/sites\/3\/2025\/09\/2-2.png","contentUrl":"https:\/\/rntl.ch\/fitness\/wp-content\/uploads\/sites\/3\/2025\/09\/2-2.png","width":800,"height":800},{"@type":"BreadcrumbList","@id":"https:\/\/rntl.ch\/fitness\/produkt\/matrix-r50-recumbent-bike-halbliegendes-premium-ergometer-fuer-komfort-entertainment-aussteller-mit-2-jahre-hersteller-garantie-copy\/#breadcrumb","itemListElement":[{"@type":"ListItem","position":1,"name":"Startseite","item":"https:\/\/rntl.ch\/fitness\/"},{"@type":"ListItem","position":2,"name":"Shop","item":"https:\/\/rntl.ch\/fitness\/shop\/"},{"@type":"ListItem","position":3,"name":"Matrix R50 Halbliegendes Premium-Ergometer mit XIR Konsole: Aussteller mit 2 Jahre Hersteller-Garantie"}]},{"@type":"WebSite","@id":"https:\/\/rntl.ch\/fitness\/#website","url":"https:\/\/rntl.ch\/fitness\/","name":"RNTL Fitness","description":"Mieten Einfach Anders","publisher":{"@id":"https:\/\/rntl.ch\/fitness\/#organization"},"potentialAction":[{"@type":"SearchAction","target":{"@type":"EntryPoint","urlTemplate":"https:\/\/rntl.ch\/fitness\/?s={search_term_string}"},"query-input":{"@type":"PropertyValueSpecification","valueRequired":true,"valueName":"search_term_string"}}],"inLanguage":"de"},{"@type":"Organization","@id":"https:\/\/rntl.ch\/fitness\/#organization","name":"RNTL Fitness","url":"https:\/\/rntl.ch\/fitness\/","logo":{"@type":"ImageObject","inLanguage":"de","@id":"https:\/\/rntl.ch\/fitness\/#\/schema\/logo\/image\/","url":"https:\/\/rntl.ch\/fitness\/wp-content\/uploads\/sites\/3\/2020\/11\/cropped-rntl_logo_white_530x150.png","contentUrl":"https:\/\/rntl.ch\/fitness\/wp-content\/uploads\/sites\/3\/2020\/11\/cropped-rntl_logo_white_530x150.png","width":530,"height":150,"caption":"RNTL Fitness"},"image":{"@id":"https:\/\/rntl.ch\/fitness\/#\/schema\/logo\/image\/"}}]}},"_links":{"self":[{"href":"https:\/\/rntl.ch\/fitness\/wp-json\/wp\/v2\/product\/35590","targetHints":{"allow":["GET"]}}],"collection":[{"href":"https:\/\/rntl.ch\/fitness\/wp-json\/wp\/v2\/product"}],"about":[{"href":"https:\/\/rntl.ch\/fitness\/wp-json\/wp\/v2\/types\/product"}],"version-history":[{"count":4,"href":"https:\/\/rntl.ch\/fitness\/wp-json\/wp\/v2\/product\/35590\/revisions"}],"predecessor-version":[{"id":39083,"href":"https:\/\/rntl.ch\/fitness\/wp-json\/wp\/v2\/product\/35590\/revisions\/39083"}],"wp:featuredmedia":[{"embeddable":true,"href":"https:\/\/rntl.ch\/fitness\/wp-json\/wp\/v2\/media\/35592"}],"wp:attachment":[{"href":"https:\/\/rntl.ch\/fitness\/wp-json\/wp\/v2\/media?parent=35590"}],"wp:term":[{"taxonomy":"product_brand","embeddable":true,"href":"https:\/\/rntl.ch\/fitness\/wp-json\/wp\/v2\/product_brand?post=35590"},{"taxonomy":"product_cat","embeddable":true,"href":"https:\/\/rntl.ch\/fitness\/wp-json\/wp\/v2\/product_cat?post=35590"},{"taxonomy":"product_tag","embeddable":true,"href":"https:\/\/rntl.ch\/fitness\/wp-json\/wp\/v2\/product_tag?post=35590"}],"curies":[{"name":"wp","href":"https:\/\/api.w.org\/{rel}","templated":true}]}}