{"id":35632,"date":"2025-09-24T16:11:20","date_gmt":"2025-09-24T14:11:20","guid":{"rendered":"https:\/\/rntl.ch\/fitness\/?post_type=product&#038;p=35632"},"modified":"2025-09-25T10:52:57","modified_gmt":"2025-09-25T08:52:57","slug":"flowin-physio-board-made-in-sweden-%f0%9f%87%b8%f0%9f%87%aa","status":"publish","type":"product","link":"https:\/\/rntl.ch\/fitness\/produkt\/flowin-physio-board-made-in-sweden-%f0%9f%87%b8%f0%9f%87%aa\/","title":{"rendered":"FLOWIN\u00ae Physio Board: Made in Sweden \ud83c\uddf8\ud83c\uddea"},"content":{"rendered":"<h2 data-start=\"472\" data-end=\"504\">Haupteigenschaften &amp; Vorteile<\/h2>\n<div class=\"_tableContainer_1rjym_1\">\n<div class=\"group _tableWrapper_1rjym_13 flex w-fit flex-col-reverse\" tabindex=\"-1\">\n<table class=\"w-fit min-w-(--thread-content-width)\" data-start=\"506\" data-end=\"2073\">\n<thead data-start=\"506\" data-end=\"541\">\n<tr data-start=\"506\" data-end=\"541\">\n<th data-start=\"506\" data-end=\"516\" data-col-size=\"sm\">Merkmal<\/th>\n<th data-start=\"516\" data-end=\"541\" data-col-size=\"xl\">Beschreibung \/ Nutzen<\/th>\n<\/tr>\n<\/thead>\n<tbody data-start=\"552\" data-end=\"2073\">\n<tr data-start=\"552\" data-end=\"783\">\n<td data-start=\"552\" data-end=\"579\" data-col-size=\"sm\"><strong data-start=\"554\" data-end=\"578\">Kompakte Abmessungen<\/strong><\/td>\n<td data-col-size=\"xl\" data-start=\"579\" data-end=\"783\">Mit <strong data-start=\"585\" data-end=\"599\">98 \u00d7 68 cm<\/strong> ist es deutlich kleiner als das FLOWIN Pro Board, wodurch es problemlos auf Therapie\u00adliegen, B\u00e4nke oder in engen R\u00e4umen eingesetzt werden kann.<\/td>\n<\/tr>\n<tr data-start=\"784\" data-end=\"1034\">\n<td data-start=\"784\" data-end=\"826\" data-col-size=\"sm\"><strong data-start=\"786\" data-end=\"825\">Niedrige Belastung \/ gelenkschonend<\/strong><\/td>\n<td data-start=\"826\" data-end=\"1034\" data-col-size=\"xl\">Durch das Reibungstraining (\u201eFriction Training\u201c) entstehen kontrollierte Kr\u00e4fte \u2013 ideal f\u00fcr Rehabilitation, da Bewegungen dosiert und sicher ausgef\u00fchrt werden k\u00f6nnen.<\/td>\n<\/tr>\n<tr data-start=\"1035\" data-end=\"1214\">\n<td data-start=\"1035\" data-end=\"1069\" data-col-size=\"sm\"><strong data-start=\"1037\" data-end=\"1068\">Mobil &amp; flexibel einsetzbar<\/strong><\/td>\n<td data-col-size=\"xl\" data-start=\"1069\" data-end=\"1214\">Kein fester Einbau n\u00f6tig \u2013 das Board kann einfach auf dem Boden platziert und bei Bedarf bewegt werden.<\/td>\n<\/tr>\n<tr data-start=\"1215\" data-end=\"1429\">\n<td data-start=\"1215\" data-end=\"1254\" data-col-size=\"sm\"><strong data-start=\"1217\" data-end=\"1253\">Vielseitige Trainingsanwendungen<\/strong><\/td>\n<td data-start=\"1254\" data-end=\"1429\" data-col-size=\"xl\">Erm\u00f6glicht \u00dcbungen zur Stabilit\u00e4t, Mobilit\u00e4t, Kraft, Koordination und Rumpftraining, sowohl in offenen als auch geschlossenen Ketten.<\/td>\n<\/tr>\n<tr data-start=\"1430\" data-end=\"1621\">\n<td data-start=\"1430\" data-end=\"1458\" data-col-size=\"sm\"><strong data-start=\"1432\" data-end=\"1457\">Material \/ Oberfl\u00e4che<\/strong><\/td>\n<td data-start=\"1458\" data-end=\"1621\" data-col-size=\"xl\">Patentierte, reibungsarme Oberfl\u00e4che, die kontrolliertes Gleiten erm\u00f6glicht und zugleich das Verletzungsrisiko minimiert.<\/td>\n<\/tr>\n<tr data-start=\"1622\" data-end=\"1669\">\n<td data-start=\"1622\" data-end=\"1641\" data-col-size=\"sm\"><strong data-start=\"1624\" data-end=\"1640\">Lieferumfang<\/strong><\/td>\n<td data-col-size=\"xl\" data-start=\"1641\" data-end=\"1669\">Im Paket enthalten sind:<\/td>\n<\/tr>\n<tr data-start=\"1670\" data-end=\"1739\">\n<td data-start=\"1670\" data-end=\"1672\" data-col-size=\"sm\"><\/td>\n<td data-start=\"1672\" data-end=\"1739\" data-col-size=\"xl\">\u2022 1 \u00d7 FLOWIN Physio Board<\/td>\n<\/tr>\n<tr data-start=\"1740\" data-end=\"1819\">\n<td data-start=\"1740\" data-end=\"1742\" data-col-size=\"sm\"><\/td>\n<td data-start=\"1742\" data-end=\"1819\" data-col-size=\"xl\">\u2022 Pads (als Kontaktpunkte \/ Griffe)<\/td>\n<\/tr>\n<tr data-start=\"1820\" data-end=\"1913\">\n<td data-start=\"1820\" data-end=\"1822\" data-col-size=\"sm\"><\/td>\n<td data-start=\"1822\" data-end=\"1913\" data-col-size=\"xl\">\u2022 Zugang zu Online-Workouts \/ Trainingsprogrammen<\/td>\n<\/tr>\n<tr data-start=\"1914\" data-end=\"2073\">\n<td data-start=\"1914\" data-end=\"1939\" data-col-size=\"sm\"><strong data-start=\"1916\" data-end=\"1938\">Garantie \/ Support<\/strong><\/td>\n<td data-start=\"1939\" data-end=\"2073\" data-col-size=\"xl\">2 Jahre<\/td>\n<\/tr>\n<\/tbody>\n<\/table>\n<\/div>\n<\/div>\n<hr data-start=\"2075\" data-end=\"2078\" \/>\n<h2 data-start=\"2080\" data-end=\"2099\">Technische Daten<\/h2>\n<ul data-start=\"2101\" data-end=\"2459\">\n<li data-start=\"2101\" data-end=\"2163\">\n<p data-start=\"2103\" data-end=\"2163\"><strong data-start=\"2103\" data-end=\"2111\">Ma\u00dfe<\/strong>: 98 \u00d7 68 cm<\/p>\n<\/li>\n<li data-start=\"2164\" data-end=\"2297\">\n<p data-start=\"2166\" data-end=\"2297\"><strong data-start=\"2166\" data-end=\"2184\">Einsatzbereich<\/strong>: Reha, Physiotherapie, individuelle Trainingseinheiten im kleinen Raum<\/p>\n<\/li>\n<li data-start=\"2298\" data-end=\"2459\">\n<p data-start=\"2300\" data-end=\"2459\"><strong data-start=\"2300\" data-end=\"2316\">Geeignet f\u00fcr<\/strong>: Patienten mit Gelenkbeschwerden, Athleten in der Rehabilitation, allgemeines funktionelles Training<\/p>\n<\/li>\n<\/ul>\n<hr data-start=\"2461\" data-end=\"2464\" \/>\n<h2 data-start=\"2466\" data-end=\"2497\">Zielgruppen \/ Einsatzgebiete<\/h2>\n<ul data-start=\"2499\" data-end=\"2794\">\n<li data-start=\"2499\" data-end=\"2546\">\n<p data-start=\"2501\" data-end=\"2546\">Physiotherapie- und Rehabilitationskliniken<\/p>\n<\/li>\n<li data-start=\"2547\" data-end=\"2580\">\n<p data-start=\"2549\" data-end=\"2580\">Sporttherapeuten und -trainer<\/p>\n<\/li>\n<li data-start=\"2581\" data-end=\"2639\">\n<p data-start=\"2583\" data-end=\"2639\">Privatpersonen mit Bedarf an gelenkschonendem Training<\/p>\n<\/li>\n<li data-start=\"2640\" data-end=\"2705\">\n<p data-start=\"2642\" data-end=\"2705\">\u00c4rzte oder Spezialisten, die aktive Therapieans\u00e4tze einsetzen<\/p>\n<\/li>\n<li data-start=\"2706\" data-end=\"2794\">\n<p data-start=\"2708\" data-end=\"2794\">Einrichtungen mit begrenztem Platz (z. B. Therapie\u00adzimmer, Studios mit wenig Fl\u00e4che)<\/p>\n<\/li>\n<\/ul>\n","protected":false},"excerpt":{"rendered":"<p>Ein kompaktes, hochfunktionales Rehabilitations- und Trainingsger\u00e4t f\u00fcr Therapeuten, das K\u00f6rpergewichts\u00fcbungen mit kontrollierter Reibung (Friction Training) erm\u00f6glicht \u2013 ideal f\u00fcr Einsatz auf Liegen, B\u00e4nken oder in beengten R\u00e4umen.<\/p>\n<p><span style=\"font-weight: 400;\">[rntl_page_content id=\"19556\"]<\/span><\/p>\n<div class=\"woocommerce-product-details__short-description\">\n<p>&nbsp;<\/p>\n<\/div>\n","protected":false},"featured_media":35638,"template":"","meta":{"content-type":""},"product_brand":[166],"product_cat":[27,32],"product_tag":[26,107],"class_list":{"0":"post-35632","1":"product","2":"type-product","3":"status-publish","4":"has-post-thumbnail","6":"product_brand-flowin","7":"product_cat-krafttraining","8":"product_cat-zusatzausruestung","9":"product_tag-kaufen","10":"product_tag-kaufen-neu","11":"product_shipping_class-paket","12":"tm-no-options","14":"first","15":"instock","16":"sale","17":"taxable","18":"shipping-taxable","19":"purchasable","20":"product-type-simple"},"yoast_head":"<!-- This site is optimized with the Yoast SEO plugin v26.3 - https:\/\/yoast.com\/wordpress\/plugins\/seo\/ -->\n<title>FLOWIN\u00ae Physio Board: Made in Sweden \ud83c\uddf8\ud83c\uddea - RNTL Fitness %<\/title>\n<meta name=\"description\" content=\"Miete, kaufe, oder finanziere f\u00fcr das Spinning Training zu Hause den Horizon Paragon X bei RNTL. Perfekt f\u00fcr dein Spinning Training zu Hause.\" \/>\n<meta name=\"robots\" content=\"index, follow, max-snippet:-1, max-image-preview:large, max-video-preview:-1\" \/>\n<link rel=\"canonical\" href=\"https:\/\/rntl.ch\/fitness\/produkt\/flowin-physio-board-made-in-sweden-\ud83c\uddf8\ud83c\uddea\/\" \/>\n<meta property=\"og:locale\" content=\"de_DE\" \/>\n<meta property=\"og:type\" content=\"article\" \/>\n<meta property=\"og:title\" content=\"FLOWIN\u00ae Physio Board: Made in Sweden \ud83c\uddf8\ud83c\uddea - RNTL Fitness %\" \/>\n<meta property=\"og:description\" content=\"Miete, kaufe, oder finanziere f\u00fcr das Spinning Training zu Hause den Horizon Paragon X bei RNTL. Perfekt f\u00fcr dein Spinning Training zu Hause.\" \/>\n<meta property=\"og:url\" content=\"https:\/\/rntl.ch\/fitness\/produkt\/flowin-physio-board-made-in-sweden-\ud83c\uddf8\ud83c\uddea\/\" \/>\n<meta property=\"og:site_name\" content=\"RNTL Fitness\" \/>\n<meta property=\"article:modified_time\" content=\"2025-09-25T08:52:57+00:00\" \/>\n<meta property=\"og:image\" content=\"https:\/\/rntl.ch\/fitness\/wp-content\/uploads\/sites\/3\/2025\/09\/Untitled-design-16.png\" \/>\n\t<meta property=\"og:image:width\" content=\"800\" \/>\n\t<meta property=\"og:image:height\" content=\"800\" \/>\n\t<meta property=\"og:image:type\" content=\"image\/png\" \/>\n<meta name=\"twitter:card\" content=\"summary_large_image\" \/>\n<meta name=\"twitter:label1\" content=\"Gesch\u00e4tzte Lesezeit\" \/>\n\t<meta name=\"twitter:data1\" content=\"2\u00a0Minuten\" \/>\n<script type=\"application\/ld+json\" class=\"yoast-schema-graph\">{\"@context\":\"https:\/\/schema.org\",\"@graph\":[{\"@type\":\"WebPage\",\"@id\":\"https:\/\/rntl.ch\/fitness\/produkt\/flowin-physio-board-made-in-sweden-%f0%9f%87%b8%f0%9f%87%aa\/\",\"url\":\"https:\/\/rntl.ch\/fitness\/produkt\/flowin-physio-board-made-in-sweden-%f0%9f%87%b8%f0%9f%87%aa\/\",\"name\":\"FLOWIN\u00ae Physio Board: Made in Sweden \ud83c\uddf8\ud83c\uddea - RNTL Fitness %\",\"isPartOf\":{\"@id\":\"https:\/\/rntl.ch\/fitness\/#website\"},\"primaryImageOfPage\":{\"@id\":\"https:\/\/rntl.ch\/fitness\/produkt\/flowin-physio-board-made-in-sweden-%f0%9f%87%b8%f0%9f%87%aa\/#primaryimage\"},\"image\":{\"@id\":\"https:\/\/rntl.ch\/fitness\/produkt\/flowin-physio-board-made-in-sweden-%f0%9f%87%b8%f0%9f%87%aa\/#primaryimage\"},\"thumbnailUrl\":\"https:\/\/rntl.ch\/fitness\/wp-content\/uploads\/sites\/3\/2025\/09\/Untitled-design-16.png\",\"datePublished\":\"2025-09-24T14:11:20+00:00\",\"dateModified\":\"2025-09-25T08:52:57+00:00\",\"description\":\"Miete, kaufe, oder finanziere f\u00fcr das Spinning Training zu Hause den Horizon Paragon X bei RNTL. Perfekt f\u00fcr dein Spinning Training zu Hause.\",\"breadcrumb\":{\"@id\":\"https:\/\/rntl.ch\/fitness\/produkt\/flowin-physio-board-made-in-sweden-%f0%9f%87%b8%f0%9f%87%aa\/#breadcrumb\"},\"inLanguage\":\"de\",\"potentialAction\":[{\"@type\":\"ReadAction\",\"target\":[\"https:\/\/rntl.ch\/fitness\/produkt\/flowin-physio-board-made-in-sweden-%f0%9f%87%b8%f0%9f%87%aa\/\"]}]},{\"@type\":\"ImageObject\",\"inLanguage\":\"de\",\"@id\":\"https:\/\/rntl.ch\/fitness\/produkt\/flowin-physio-board-made-in-sweden-%f0%9f%87%b8%f0%9f%87%aa\/#primaryimage\",\"url\":\"https:\/\/rntl.ch\/fitness\/wp-content\/uploads\/sites\/3\/2025\/09\/Untitled-design-16.png\",\"contentUrl\":\"https:\/\/rntl.ch\/fitness\/wp-content\/uploads\/sites\/3\/2025\/09\/Untitled-design-16.png\",\"width\":800,\"height\":800},{\"@type\":\"BreadcrumbList\",\"@id\":\"https:\/\/rntl.ch\/fitness\/produkt\/flowin-physio-board-made-in-sweden-%f0%9f%87%b8%f0%9f%87%aa\/#breadcrumb\",\"itemListElement\":[{\"@type\":\"ListItem\",\"position\":1,\"name\":\"Startseite\",\"item\":\"https:\/\/rntl.ch\/fitness\/\"},{\"@type\":\"ListItem\",\"position\":2,\"name\":\"Shop\",\"item\":\"https:\/\/rntl.ch\/fitness\/shop\/\"},{\"@type\":\"ListItem\",\"position\":3,\"name\":\"FLOWIN\u00ae Physio Board: Made in Sweden \ud83c\uddf8\ud83c\uddea\"}]},{\"@type\":\"WebSite\",\"@id\":\"https:\/\/rntl.ch\/fitness\/#website\",\"url\":\"https:\/\/rntl.ch\/fitness\/\",\"name\":\"RNTL Fitness\",\"description\":\"Mieten Einfach Anders\",\"publisher\":{\"@id\":\"https:\/\/rntl.ch\/fitness\/#organization\"},\"potentialAction\":[{\"@type\":\"SearchAction\",\"target\":{\"@type\":\"EntryPoint\",\"urlTemplate\":\"https:\/\/rntl.ch\/fitness\/?s={search_term_string}\"},\"query-input\":{\"@type\":\"PropertyValueSpecification\",\"valueRequired\":true,\"valueName\":\"search_term_string\"}}],\"inLanguage\":\"de\"},{\"@type\":\"Organization\",\"@id\":\"https:\/\/rntl.ch\/fitness\/#organization\",\"name\":\"RNTL Fitness\",\"url\":\"https:\/\/rntl.ch\/fitness\/\",\"logo\":{\"@type\":\"ImageObject\",\"inLanguage\":\"de\",\"@id\":\"https:\/\/rntl.ch\/fitness\/#\/schema\/logo\/image\/\",\"url\":\"https:\/\/rntl.ch\/fitness\/wp-content\/uploads\/sites\/3\/2020\/11\/cropped-rntl_logo_white_530x150.png\",\"contentUrl\":\"https:\/\/rntl.ch\/fitness\/wp-content\/uploads\/sites\/3\/2020\/11\/cropped-rntl_logo_white_530x150.png\",\"width\":530,\"height\":150,\"caption\":\"RNTL Fitness\"},\"image\":{\"@id\":\"https:\/\/rntl.ch\/fitness\/#\/schema\/logo\/image\/\"}}]}<\/script>\n<!-- \/ Yoast SEO plugin. -->","yoast_head_json":{"title":"FLOWIN\u00ae Physio Board: Made in Sweden \ud83c\uddf8\ud83c\uddea - RNTL Fitness %","description":"Miete, kaufe, oder finanziere f\u00fcr das Spinning Training zu Hause den Horizon Paragon X bei RNTL. Perfekt f\u00fcr dein Spinning Training zu Hause.","robots":{"index":"index","follow":"follow","max-snippet":"max-snippet:-1","max-image-preview":"max-image-preview:large","max-video-preview":"max-video-preview:-1"},"canonical":"https:\/\/rntl.ch\/fitness\/produkt\/flowin-physio-board-made-in-sweden-\ud83c\uddf8\ud83c\uddea\/","og_locale":"de_DE","og_type":"article","og_title":"FLOWIN\u00ae Physio Board: Made in Sweden \ud83c\uddf8\ud83c\uddea - RNTL Fitness %","og_description":"Miete, kaufe, oder finanziere f\u00fcr das Spinning Training zu Hause den Horizon Paragon X bei RNTL. Perfekt f\u00fcr dein Spinning Training zu Hause.","og_url":"https:\/\/rntl.ch\/fitness\/produkt\/flowin-physio-board-made-in-sweden-\ud83c\uddf8\ud83c\uddea\/","og_site_name":"RNTL Fitness","article_modified_time":"2025-09-25T08:52:57+00:00","og_image":[{"width":800,"height":800,"url":"https:\/\/rntl.ch\/fitness\/wp-content\/uploads\/sites\/3\/2025\/09\/Untitled-design-16.png","type":"image\/png"}],"twitter_card":"summary_large_image","twitter_misc":{"Gesch\u00e4tzte Lesezeit":"2\u00a0Minuten"},"schema":{"@context":"https:\/\/schema.org","@graph":[{"@type":"WebPage","@id":"https:\/\/rntl.ch\/fitness\/produkt\/flowin-physio-board-made-in-sweden-%f0%9f%87%b8%f0%9f%87%aa\/","url":"https:\/\/rntl.ch\/fitness\/produkt\/flowin-physio-board-made-in-sweden-%f0%9f%87%b8%f0%9f%87%aa\/","name":"FLOWIN\u00ae Physio Board: Made in Sweden \ud83c\uddf8\ud83c\uddea - RNTL Fitness %","isPartOf":{"@id":"https:\/\/rntl.ch\/fitness\/#website"},"primaryImageOfPage":{"@id":"https:\/\/rntl.ch\/fitness\/produkt\/flowin-physio-board-made-in-sweden-%f0%9f%87%b8%f0%9f%87%aa\/#primaryimage"},"image":{"@id":"https:\/\/rntl.ch\/fitness\/produkt\/flowin-physio-board-made-in-sweden-%f0%9f%87%b8%f0%9f%87%aa\/#primaryimage"},"thumbnailUrl":"https:\/\/rntl.ch\/fitness\/wp-content\/uploads\/sites\/3\/2025\/09\/Untitled-design-16.png","datePublished":"2025-09-24T14:11:20+00:00","dateModified":"2025-09-25T08:52:57+00:00","description":"Miete, kaufe, oder finanziere f\u00fcr das Spinning Training zu Hause den Horizon Paragon X bei RNTL. Perfekt f\u00fcr dein Spinning Training zu Hause.","breadcrumb":{"@id":"https:\/\/rntl.ch\/fitness\/produkt\/flowin-physio-board-made-in-sweden-%f0%9f%87%b8%f0%9f%87%aa\/#breadcrumb"},"inLanguage":"de","potentialAction":[{"@type":"ReadAction","target":["https:\/\/rntl.ch\/fitness\/produkt\/flowin-physio-board-made-in-sweden-%f0%9f%87%b8%f0%9f%87%aa\/"]}]},{"@type":"ImageObject","inLanguage":"de","@id":"https:\/\/rntl.ch\/fitness\/produkt\/flowin-physio-board-made-in-sweden-%f0%9f%87%b8%f0%9f%87%aa\/#primaryimage","url":"https:\/\/rntl.ch\/fitness\/wp-content\/uploads\/sites\/3\/2025\/09\/Untitled-design-16.png","contentUrl":"https:\/\/rntl.ch\/fitness\/wp-content\/uploads\/sites\/3\/2025\/09\/Untitled-design-16.png","width":800,"height":800},{"@type":"BreadcrumbList","@id":"https:\/\/rntl.ch\/fitness\/produkt\/flowin-physio-board-made-in-sweden-%f0%9f%87%b8%f0%9f%87%aa\/#breadcrumb","itemListElement":[{"@type":"ListItem","position":1,"name":"Startseite","item":"https:\/\/rntl.ch\/fitness\/"},{"@type":"ListItem","position":2,"name":"Shop","item":"https:\/\/rntl.ch\/fitness\/shop\/"},{"@type":"ListItem","position":3,"name":"FLOWIN\u00ae Physio Board: Made in Sweden \ud83c\uddf8\ud83c\uddea"}]},{"@type":"WebSite","@id":"https:\/\/rntl.ch\/fitness\/#website","url":"https:\/\/rntl.ch\/fitness\/","name":"RNTL Fitness","description":"Mieten Einfach Anders","publisher":{"@id":"https:\/\/rntl.ch\/fitness\/#organization"},"potentialAction":[{"@type":"SearchAction","target":{"@type":"EntryPoint","urlTemplate":"https:\/\/rntl.ch\/fitness\/?s={search_term_string}"},"query-input":{"@type":"PropertyValueSpecification","valueRequired":true,"valueName":"search_term_string"}}],"inLanguage":"de"},{"@type":"Organization","@id":"https:\/\/rntl.ch\/fitness\/#organization","name":"RNTL Fitness","url":"https:\/\/rntl.ch\/fitness\/","logo":{"@type":"ImageObject","inLanguage":"de","@id":"https:\/\/rntl.ch\/fitness\/#\/schema\/logo\/image\/","url":"https:\/\/rntl.ch\/fitness\/wp-content\/uploads\/sites\/3\/2020\/11\/cropped-rntl_logo_white_530x150.png","contentUrl":"https:\/\/rntl.ch\/fitness\/wp-content\/uploads\/sites\/3\/2020\/11\/cropped-rntl_logo_white_530x150.png","width":530,"height":150,"caption":"RNTL Fitness"},"image":{"@id":"https:\/\/rntl.ch\/fitness\/#\/schema\/logo\/image\/"}}]}},"_links":{"self":[{"href":"https:\/\/rntl.ch\/fitness\/wp-json\/wp\/v2\/product\/35632","targetHints":{"allow":["GET"]}}],"collection":[{"href":"https:\/\/rntl.ch\/fitness\/wp-json\/wp\/v2\/product"}],"about":[{"href":"https:\/\/rntl.ch\/fitness\/wp-json\/wp\/v2\/types\/product"}],"version-history":[{"count":1,"href":"https:\/\/rntl.ch\/fitness\/wp-json\/wp\/v2\/product\/35632\/revisions"}],"predecessor-version":[{"id":35639,"href":"https:\/\/rntl.ch\/fitness\/wp-json\/wp\/v2\/product\/35632\/revisions\/35639"}],"wp:featuredmedia":[{"embeddable":true,"href":"https:\/\/rntl.ch\/fitness\/wp-json\/wp\/v2\/media\/35638"}],"wp:attachment":[{"href":"https:\/\/rntl.ch\/fitness\/wp-json\/wp\/v2\/media?parent=35632"}],"wp:term":[{"taxonomy":"product_brand","embeddable":true,"href":"https:\/\/rntl.ch\/fitness\/wp-json\/wp\/v2\/product_brand?post=35632"},{"taxonomy":"product_cat","embeddable":true,"href":"https:\/\/rntl.ch\/fitness\/wp-json\/wp\/v2\/product_cat?post=35632"},{"taxonomy":"product_tag","embeddable":true,"href":"https:\/\/rntl.ch\/fitness\/wp-json\/wp\/v2\/product_tag?post=35632"}],"curies":[{"name":"wp","href":"https:\/\/api.w.org\/{rel}","templated":true}]}}