{"id":36122,"date":"2025-10-20T16:40:32","date_gmt":"2025-10-20T14:40:32","guid":{"rendered":"https:\/\/rntl.ch\/fitness\/?post_type=product&#038;p=36122"},"modified":"2025-10-20T16:46:58","modified_gmt":"2025-10-20T14:46:58","slug":"technogym-reform","status":"publish","type":"product","link":"https:\/\/rntl.ch\/fitness\/produkt\/technogym-reform\/","title":{"rendered":"Technogym Reform"},"content":{"rendered":"<h3 data-start=\"180\" data-end=\"215\">Beschreibung &amp; Positionierung<\/h3>\n<p data-start=\"216\" data-end=\"760\">Die Technogym Reform ist ein Premium-Reformer-Ger\u00e4t f\u00fcr die Pilates-Praxis, das sich sowohl an Trainingsstudios als auch an gehobene Heiminstallationen richtet.<\/p>\n<hr data-start=\"762\" data-end=\"765\" \/>\n<h3 data-start=\"767\" data-end=\"786\">Hauptmerkmale<\/h3>\n<ul data-start=\"787\" data-end=\"1779\">\n<li data-start=\"787\" data-end=\"1060\">\n<p data-start=\"789\" data-end=\"1060\"><strong data-start=\"789\" data-end=\"825\">Intuitive und schnelle Anpassung<\/strong>: Kopfst\u00fctze, Schulterpolster, Fu\u00dfstange (Footbar) und Federmechanismen sind so gestaltet, dass Einstellungen z\u00fcgig durchgef\u00fchrt werden k\u00f6nnen, wodurch Trainings-Unterbrechungen minimiert werden.<\/p>\n<\/li>\n<li data-start=\"1061\" data-end=\"1268\">\n<p data-start=\"1063\" data-end=\"1268\"><strong data-start=\"1063\" data-end=\"1088\">Materialwahl &amp; Design<\/strong>: Gefertigt aus Materialien wie Holz, Aluminium und veganem Leder; auch \u201eSchiffsseile\u201c (marine ropes) sorgen f\u00fcr Stabilit\u00e4t und Haltbarkeit.<\/p>\n<\/li>\n<li data-start=\"1269\" data-end=\"1403\">\n<p data-start=\"1271\" data-end=\"1403\"><strong data-start=\"1271\" data-end=\"1288\">Farbvarianten<\/strong>: Erh\u00e4ltlich in drei Stilrichtungen: Sandstone, Carbon Grey, Diamond Black.<\/p>\n<\/li>\n<li data-start=\"1404\" data-end=\"1598\">\n<p data-start=\"1406\" data-end=\"1598\"><strong data-start=\"1406\" data-end=\"1445\">App-Integration &amp; On-Demand Inhalte<\/strong>: Unterst\u00fctzt Trainings mit gef\u00fchrten Pilates Videos \u00fcber die Technogym App, f\u00fcr Nutzer unterschiedlicher Levels.<\/p>\n<\/li>\n<li data-start=\"1599\" data-end=\"1779\">\n<p data-start=\"1601\" data-end=\"1779\"><strong data-start=\"1601\" data-end=\"1659\">Benutzerfreundlich f\u00fcr Einsteiger und Fortgeschrittene<\/strong>: Auch v\u00f6llig neue Pilates-Anwender sollen mit diesem Ger\u00e4t gut arbeiten k\u00f6nnen.<\/p>\n<\/li>\n<\/ul>\n<hr data-start=\"1781\" data-end=\"1784\" \/>\n<h3 data-start=\"1786\" data-end=\"1809\">Nutzen &amp; Vorteile<\/h3>\n<ul data-start=\"1810\" data-end=\"2414\">\n<li data-start=\"1810\" data-end=\"2029\">\n<p data-start=\"1812\" data-end=\"2029\">Durch die hochwertige Verarbeitung und Materialien entsteht ein Ger\u00e4t, das sowohl funktional als auch \u00e4sthetisch hochwertig ist \u2013 \u201emehr ein M\u00f6belst\u00fcck als nur Trainingsger\u00e4t\u201c.<\/p>\n<\/li>\n<li data-start=\"2030\" data-end=\"2204\">\n<p data-start=\"2032\" data-end=\"2204\">Die intuitive Bedienung erlaubt flexibles Training \u2013 sowohl f\u00fcr Studiobetrieb als auch Heimgebrauch \u2013 und f\u00f6rdert dabei Kraft, Beweglichkeit, K\u00f6rperhaltung und Kontrolle.<\/p>\n<\/li>\n<li data-start=\"2205\" data-end=\"2414\">\n<p data-start=\"2207\" data-end=\"2414\">Die Kombination aus Design, Materialqualit\u00e4t und Funktion macht den Reform besonders geeignet f\u00fcr Umgebungen mit Anspruch an Stil &amp; Equipment-Qualit\u00e4t (z. B. Boutique-Studios, Hotels, hochwertige Heim-Gyms).<\/p>\n<\/li>\n<\/ul>\n<hr data-start=\"2416\" data-end=\"2419\" \/>\n<h3 data-start=\"2421\" data-end=\"2446\">M\u00f6gliche Zielgruppe<\/h3>\n<ul data-start=\"2447\" data-end=\"2702\">\n<li data-start=\"2447\" data-end=\"2529\">\n<p data-start=\"2449\" data-end=\"2529\">Pilates-Studios oder Fitness-Studios, die eine Premium-Reformer-L\u00f6sung suchen.<\/p>\n<\/li>\n<li data-start=\"2530\" data-end=\"2601\">\n<p data-start=\"2532\" data-end=\"2601\">Hochwertige Heimr\u00e4ume (Home Gyms) mit Anspruch auf Design-\u00c4sthetik.<\/p>\n<\/li>\n<li data-start=\"2602\" data-end=\"2702\">\n<p data-start=\"2604\" data-end=\"2702\">Hotel-Wellnessbereiche oder Corporate Wellness-Installationen, die auf Stil und Funktion setzen.<\/p>\n<\/li>\n<\/ul>\n<p>&nbsp;<\/p>\n","protected":false},"excerpt":{"rendered":"<p data-start=\"208\" data-end=\"410\">Das Ger\u00e4t verbindet hochwertiges Design mit Funktionalit\u00e4t und Usability f\u00fcr Anwender aller Erfahrungs-Level.\u00a0<br data-start=\"564\" data-end=\"567\" \/>Technogym hebt hervor, dass der Reform \u201eoptimale K\u00f6rperkontrolle\u201c erm\u00f6gliche, Konzentration f\u00f6rdere und fl\u00fcssige \u00dcberg\u00e4nge zwischen den \u00dcbungen erm\u00f6gliche.<\/p>\n<p><strong>Kaufpreis [woo_custom_field id=\"rntl_retail_price_field\"].-<\/strong><\/p>\n[rntl_page_content id=\"14687\"]\n<p>&nbsp;<\/p>\n","protected":false},"featured_media":36127,"template":"","meta":{"content-type":""},"product_brand":[152],"product_cat":[27,105,32],"product_tag":[112],"class_list":{"0":"post-36122","1":"product","2":"type-product","3":"status-publish","4":"has-post-thumbnail","6":"product_brand-technogym","7":"product_cat-krafttraining","8":"product_cat-wellness","9":"product_cat-zusatzausruestung","10":"product_tag-mieten","11":"product_shipping_class-mittel","12":"tm-no-options","14":"first","15":"onbackorder","16":"taxable","17":"shipping-taxable","18":"purchasable","19":"product-type-variable-subscription","20":"has-default-attributes"},"yoast_head":"<!-- This site is optimized with the Yoast SEO plugin v26.3 - https:\/\/yoast.com\/wordpress\/plugins\/seo\/ -->\n<title>Technogym Reform - RNTL Fitness<\/title>\n<meta name=\"robots\" content=\"index, follow, max-snippet:-1, max-image-preview:large, max-video-preview:-1\" \/>\n<link rel=\"canonical\" href=\"https:\/\/rntl.ch\/fitness\/produkt\/technogym-reform\/\" \/>\n<meta property=\"og:locale\" content=\"de_DE\" \/>\n<meta property=\"og:type\" content=\"article\" \/>\n<meta property=\"og:title\" content=\"Technogym Reform - RNTL Fitness\" \/>\n<meta property=\"og:description\" content=\"Das Ger\u00e4t verbindet hochwertiges Design mit Funktionalit\u00e4t und Usability f\u00fcr Anwender aller Erfahrungs-Level.\u00a0Technogym hebt hervor, dass der Reform \u201eoptimale K\u00f6rperkontrolle\u201c erm\u00f6gliche, Konzentration f\u00f6rdere und fl\u00fcssige \u00dcberg\u00e4nge zwischen den \u00dcbungen erm\u00f6gliche. Kaufpreis .-    &nbsp;\" \/>\n<meta property=\"og:url\" content=\"https:\/\/rntl.ch\/fitness\/produkt\/technogym-reform\/\" \/>\n<meta property=\"og:site_name\" content=\"RNTL Fitness\" \/>\n<meta property=\"article:modified_time\" content=\"2025-10-20T14:46:58+00:00\" \/>\n<meta property=\"og:image\" content=\"https:\/\/rntl.ch\/fitness\/wp-content\/uploads\/sites\/3\/2025\/10\/1-2.png\" \/>\n\t<meta property=\"og:image:width\" content=\"800\" \/>\n\t<meta property=\"og:image:height\" content=\"800\" \/>\n\t<meta property=\"og:image:type\" content=\"image\/png\" \/>\n<meta name=\"twitter:card\" content=\"summary_large_image\" \/>\n<meta name=\"twitter:label1\" content=\"Gesch\u00e4tzte Lesezeit\" \/>\n\t<meta name=\"twitter:data1\" content=\"2\u00a0Minuten\" \/>\n<script type=\"application\/ld+json\" class=\"yoast-schema-graph\">{\"@context\":\"https:\/\/schema.org\",\"@graph\":[{\"@type\":\"WebPage\",\"@id\":\"https:\/\/rntl.ch\/fitness\/produkt\/technogym-reform\/\",\"url\":\"https:\/\/rntl.ch\/fitness\/produkt\/technogym-reform\/\",\"name\":\"Technogym Reform - RNTL Fitness\",\"isPartOf\":{\"@id\":\"https:\/\/rntl.ch\/fitness\/#website\"},\"primaryImageOfPage\":{\"@id\":\"https:\/\/rntl.ch\/fitness\/produkt\/technogym-reform\/#primaryimage\"},\"image\":{\"@id\":\"https:\/\/rntl.ch\/fitness\/produkt\/technogym-reform\/#primaryimage\"},\"thumbnailUrl\":\"https:\/\/rntl.ch\/fitness\/wp-content\/uploads\/sites\/3\/2025\/10\/1-2.png\",\"datePublished\":\"2025-10-20T14:40:32+00:00\",\"dateModified\":\"2025-10-20T14:46:58+00:00\",\"breadcrumb\":{\"@id\":\"https:\/\/rntl.ch\/fitness\/produkt\/technogym-reform\/#breadcrumb\"},\"inLanguage\":\"de\",\"potentialAction\":[{\"@type\":\"ReadAction\",\"target\":[\"https:\/\/rntl.ch\/fitness\/produkt\/technogym-reform\/\"]}]},{\"@type\":\"ImageObject\",\"inLanguage\":\"de\",\"@id\":\"https:\/\/rntl.ch\/fitness\/produkt\/technogym-reform\/#primaryimage\",\"url\":\"https:\/\/rntl.ch\/fitness\/wp-content\/uploads\/sites\/3\/2025\/10\/1-2.png\",\"contentUrl\":\"https:\/\/rntl.ch\/fitness\/wp-content\/uploads\/sites\/3\/2025\/10\/1-2.png\",\"width\":800,\"height\":800},{\"@type\":\"BreadcrumbList\",\"@id\":\"https:\/\/rntl.ch\/fitness\/produkt\/technogym-reform\/#breadcrumb\",\"itemListElement\":[{\"@type\":\"ListItem\",\"position\":1,\"name\":\"Startseite\",\"item\":\"https:\/\/rntl.ch\/fitness\/\"},{\"@type\":\"ListItem\",\"position\":2,\"name\":\"Shop\",\"item\":\"https:\/\/rntl.ch\/fitness\/shop\/\"},{\"@type\":\"ListItem\",\"position\":3,\"name\":\"Technogym Reform\"}]},{\"@type\":\"WebSite\",\"@id\":\"https:\/\/rntl.ch\/fitness\/#website\",\"url\":\"https:\/\/rntl.ch\/fitness\/\",\"name\":\"RNTL Fitness\",\"description\":\"Mieten Einfach Anders\",\"publisher\":{\"@id\":\"https:\/\/rntl.ch\/fitness\/#organization\"},\"potentialAction\":[{\"@type\":\"SearchAction\",\"target\":{\"@type\":\"EntryPoint\",\"urlTemplate\":\"https:\/\/rntl.ch\/fitness\/?s={search_term_string}\"},\"query-input\":{\"@type\":\"PropertyValueSpecification\",\"valueRequired\":true,\"valueName\":\"search_term_string\"}}],\"inLanguage\":\"de\"},{\"@type\":\"Organization\",\"@id\":\"https:\/\/rntl.ch\/fitness\/#organization\",\"name\":\"RNTL Fitness\",\"url\":\"https:\/\/rntl.ch\/fitness\/\",\"logo\":{\"@type\":\"ImageObject\",\"inLanguage\":\"de\",\"@id\":\"https:\/\/rntl.ch\/fitness\/#\/schema\/logo\/image\/\",\"url\":\"https:\/\/rntl.ch\/fitness\/wp-content\/uploads\/sites\/3\/2020\/11\/cropped-rntl_logo_white_530x150.png\",\"contentUrl\":\"https:\/\/rntl.ch\/fitness\/wp-content\/uploads\/sites\/3\/2020\/11\/cropped-rntl_logo_white_530x150.png\",\"width\":530,\"height\":150,\"caption\":\"RNTL Fitness\"},\"image\":{\"@id\":\"https:\/\/rntl.ch\/fitness\/#\/schema\/logo\/image\/\"}}]}<\/script>\n<!-- \/ Yoast SEO plugin. -->","yoast_head_json":{"title":"Technogym Reform - RNTL Fitness","robots":{"index":"index","follow":"follow","max-snippet":"max-snippet:-1","max-image-preview":"max-image-preview:large","max-video-preview":"max-video-preview:-1"},"canonical":"https:\/\/rntl.ch\/fitness\/produkt\/technogym-reform\/","og_locale":"de_DE","og_type":"article","og_title":"Technogym Reform - RNTL Fitness","og_description":"Das Ger\u00e4t verbindet hochwertiges Design mit Funktionalit\u00e4t und Usability f\u00fcr Anwender aller Erfahrungs-Level.\u00a0Technogym hebt hervor, dass der Reform \u201eoptimale K\u00f6rperkontrolle\u201c erm\u00f6gliche, Konzentration f\u00f6rdere und fl\u00fcssige \u00dcberg\u00e4nge zwischen den \u00dcbungen erm\u00f6gliche. Kaufpreis .-    &nbsp;","og_url":"https:\/\/rntl.ch\/fitness\/produkt\/technogym-reform\/","og_site_name":"RNTL Fitness","article_modified_time":"2025-10-20T14:46:58+00:00","og_image":[{"width":800,"height":800,"url":"https:\/\/rntl.ch\/fitness\/wp-content\/uploads\/sites\/3\/2025\/10\/1-2.png","type":"image\/png"}],"twitter_card":"summary_large_image","twitter_misc":{"Gesch\u00e4tzte Lesezeit":"2\u00a0Minuten"},"schema":{"@context":"https:\/\/schema.org","@graph":[{"@type":"WebPage","@id":"https:\/\/rntl.ch\/fitness\/produkt\/technogym-reform\/","url":"https:\/\/rntl.ch\/fitness\/produkt\/technogym-reform\/","name":"Technogym Reform - RNTL Fitness","isPartOf":{"@id":"https:\/\/rntl.ch\/fitness\/#website"},"primaryImageOfPage":{"@id":"https:\/\/rntl.ch\/fitness\/produkt\/technogym-reform\/#primaryimage"},"image":{"@id":"https:\/\/rntl.ch\/fitness\/produkt\/technogym-reform\/#primaryimage"},"thumbnailUrl":"https:\/\/rntl.ch\/fitness\/wp-content\/uploads\/sites\/3\/2025\/10\/1-2.png","datePublished":"2025-10-20T14:40:32+00:00","dateModified":"2025-10-20T14:46:58+00:00","breadcrumb":{"@id":"https:\/\/rntl.ch\/fitness\/produkt\/technogym-reform\/#breadcrumb"},"inLanguage":"de","potentialAction":[{"@type":"ReadAction","target":["https:\/\/rntl.ch\/fitness\/produkt\/technogym-reform\/"]}]},{"@type":"ImageObject","inLanguage":"de","@id":"https:\/\/rntl.ch\/fitness\/produkt\/technogym-reform\/#primaryimage","url":"https:\/\/rntl.ch\/fitness\/wp-content\/uploads\/sites\/3\/2025\/10\/1-2.png","contentUrl":"https:\/\/rntl.ch\/fitness\/wp-content\/uploads\/sites\/3\/2025\/10\/1-2.png","width":800,"height":800},{"@type":"BreadcrumbList","@id":"https:\/\/rntl.ch\/fitness\/produkt\/technogym-reform\/#breadcrumb","itemListElement":[{"@type":"ListItem","position":1,"name":"Startseite","item":"https:\/\/rntl.ch\/fitness\/"},{"@type":"ListItem","position":2,"name":"Shop","item":"https:\/\/rntl.ch\/fitness\/shop\/"},{"@type":"ListItem","position":3,"name":"Technogym Reform"}]},{"@type":"WebSite","@id":"https:\/\/rntl.ch\/fitness\/#website","url":"https:\/\/rntl.ch\/fitness\/","name":"RNTL Fitness","description":"Mieten Einfach Anders","publisher":{"@id":"https:\/\/rntl.ch\/fitness\/#organization"},"potentialAction":[{"@type":"SearchAction","target":{"@type":"EntryPoint","urlTemplate":"https:\/\/rntl.ch\/fitness\/?s={search_term_string}"},"query-input":{"@type":"PropertyValueSpecification","valueRequired":true,"valueName":"search_term_string"}}],"inLanguage":"de"},{"@type":"Organization","@id":"https:\/\/rntl.ch\/fitness\/#organization","name":"RNTL Fitness","url":"https:\/\/rntl.ch\/fitness\/","logo":{"@type":"ImageObject","inLanguage":"de","@id":"https:\/\/rntl.ch\/fitness\/#\/schema\/logo\/image\/","url":"https:\/\/rntl.ch\/fitness\/wp-content\/uploads\/sites\/3\/2020\/11\/cropped-rntl_logo_white_530x150.png","contentUrl":"https:\/\/rntl.ch\/fitness\/wp-content\/uploads\/sites\/3\/2020\/11\/cropped-rntl_logo_white_530x150.png","width":530,"height":150,"caption":"RNTL Fitness"},"image":{"@id":"https:\/\/rntl.ch\/fitness\/#\/schema\/logo\/image\/"}}]}},"_links":{"self":[{"href":"https:\/\/rntl.ch\/fitness\/wp-json\/wp\/v2\/product\/36122","targetHints":{"allow":["GET"]}}],"collection":[{"href":"https:\/\/rntl.ch\/fitness\/wp-json\/wp\/v2\/product"}],"about":[{"href":"https:\/\/rntl.ch\/fitness\/wp-json\/wp\/v2\/types\/product"}],"version-history":[{"count":2,"href":"https:\/\/rntl.ch\/fitness\/wp-json\/wp\/v2\/product\/36122\/revisions"}],"predecessor-version":[{"id":36136,"href":"https:\/\/rntl.ch\/fitness\/wp-json\/wp\/v2\/product\/36122\/revisions\/36136"}],"wp:featuredmedia":[{"embeddable":true,"href":"https:\/\/rntl.ch\/fitness\/wp-json\/wp\/v2\/media\/36127"}],"wp:attachment":[{"href":"https:\/\/rntl.ch\/fitness\/wp-json\/wp\/v2\/media?parent=36122"}],"wp:term":[{"taxonomy":"product_brand","embeddable":true,"href":"https:\/\/rntl.ch\/fitness\/wp-json\/wp\/v2\/product_brand?post=36122"},{"taxonomy":"product_cat","embeddable":true,"href":"https:\/\/rntl.ch\/fitness\/wp-json\/wp\/v2\/product_cat?post=36122"},{"taxonomy":"product_tag","embeddable":true,"href":"https:\/\/rntl.ch\/fitness\/wp-json\/wp\/v2\/product_tag?post=36122"}],"curies":[{"name":"wp","href":"https:\/\/api.w.org\/{rel}","templated":true}]}}