{"id":36263,"date":"2025-10-27T15:06:09","date_gmt":"2025-10-27T14:06:09","guid":{"rendered":"https:\/\/rntl.ch\/fitness\/?post_type=product&#038;p=36263"},"modified":"2025-10-27T15:18:19","modified_gmt":"2025-10-27T14:18:19","slug":"bowflex-treadmill-t6-21-das-laufband-fuer-dein-trainingsziel","status":"publish","type":"product","link":"https:\/\/rntl.ch\/fitness\/produkt\/bowflex-treadmill-t6-21-das-laufband-fuer-dein-trainingsziel\/","title":{"rendered":"Bowflex Treadmill T6.21 \u2013 Das Laufband f\u00fcr Dein Trainingsziel"},"content":{"rendered":"<p data-start=\"177\" data-end=\"613\">Dank des <strong data-start=\"334\" data-end=\"363\">MaxReact\u2122-Antriebssystems<\/strong> reagiert das Laufband blitzschnell auf Geschwindigkeits- und Steigungs\u00e4nderungen (bis zu <strong data-start=\"453\" data-end=\"464\">20 km\/h<\/strong> und <strong data-start=\"469\" data-end=\"486\">15 % Steigung<\/strong>).<br data-start=\"488\" data-end=\"491\" \/>Die <strong data-start=\"495\" data-end=\"529\">gro\u00dfe Lauffl\u00e4che (152 \u00d7 50 cm)<\/strong> mit <strong data-start=\"534\" data-end=\"557\">Flex Zone\u2122-D\u00e4mpfung<\/strong> sorgt f\u00fcr angenehme Federung und maximale Stabilit\u00e4t.<\/p>\n<p data-start=\"615\" data-end=\"943\">Zwei <strong data-start=\"620\" data-end=\"640\">LED\/LCD-Displays<\/strong> zeigen dir alle wichtigen Trainingsdaten \u2013 Zeit, Distanz, Kalorien, Herzfrequenz u.v.m.<br data-start=\"728\" data-end=\"731\" \/>\u00dcber Bluetooth kannst du deine <strong data-start=\"762\" data-end=\"777\">Apple Watch<\/strong>, <strong data-start=\"779\" data-end=\"803\">Samsung Galaxy Watch<\/strong> oder <strong data-start=\"809\" data-end=\"822\">Brustgurt<\/strong> verbinden.<br data-start=\"833\" data-end=\"836\" \/>Zudem ist das Laufband <strong data-start=\"859\" data-end=\"900\">kompatibel mit beliebten Fitness-Apps<\/strong> wie <strong data-start=\"905\" data-end=\"913\">JRNY<\/strong>, <strong data-start=\"915\" data-end=\"926\">Kinomap<\/strong> und <strong data-start=\"931\" data-end=\"940\">Zwift<\/strong>.<\/p>\n<p data-start=\"945\" data-end=\"1129\">Mit <strong data-start=\"949\" data-end=\"979\">integrierten Lautsprechern<\/strong>, <strong data-start=\"981\" data-end=\"1002\">USB-Ladeanschluss<\/strong>, <strong data-start=\"1004\" data-end=\"1036\">Smartphone-\/Tablet-Halterung<\/strong>, <strong data-start=\"1038\" data-end=\"1052\">Ventilator<\/strong> und <strong data-start=\"1057\" data-end=\"1081\">SoftDrop-Klappsystem<\/strong> bietet das T6.21 h\u00f6chsten Komfort im Homegym.<\/p>\n<p data-start=\"1131\" data-end=\"1159\"><strong data-start=\"1131\" data-end=\"1157\">Technische Highlights:<\/strong><\/p>\n<ul data-start=\"1160\" data-end=\"1383\">\n<li data-start=\"1160\" data-end=\"1190\">\n<p data-start=\"1162\" data-end=\"1190\">Geschwindigkeit: 1\u201320 km\/h<\/p>\n<\/li>\n<li data-start=\"1191\" data-end=\"1226\">\n<p data-start=\"1193\" data-end=\"1226\">Steigung: 0\u201315 % (elektronisch)<\/p>\n<\/li>\n<li data-start=\"1227\" data-end=\"1251\">\n<p data-start=\"1229\" data-end=\"1251\">Motor: 3 PS (2,2 kW)<\/p>\n<\/li>\n<li data-start=\"1252\" data-end=\"1309\">\n<p data-start=\"1254\" data-end=\"1309\">Ma\u00dfe: 194 \u00d7 90 \u00d7 180 cm (Klappma\u00df: 112 \u00d7 90 \u00d7 173 cm)<\/p>\n<\/li>\n<li data-start=\"1310\" data-end=\"1342\">\n<p data-start=\"1312\" data-end=\"1342\">Max. Benutzergewicht: 147 kg<\/p>\n<\/li>\n<li data-start=\"1343\" data-end=\"1362\">\n<p data-start=\"1345\" data-end=\"1362\">Gewicht: 126 kg<\/p>\n<\/li>\n<li data-start=\"1363\" data-end=\"1383\">\n<p data-start=\"1365\" data-end=\"1383\">2 Jahre Garantie<\/p>\n<\/li>\n<\/ul>\n<p>&nbsp;<\/p>\n","protected":false},"excerpt":{"rendered":"<p>Das Bowflex T6.21 bietet dir alles, was du f\u00fcr ein effektives Lauftraining brauchst \u2013 ob gem\u00fctlicher Dauerlauf oder intensives Intervalltraining.<\/p>\n<p><strong>Kaufpreis [woo_custom_field id=\"rntl_retail_price_field\"].-<\/strong><\/p>\n[rntl_page_content id=\"14687\"]\n<div class=\"woocommerce-product-details__short-description\">\n<p>&nbsp;<\/p>\n<\/div>\n","protected":false},"featured_media":36268,"template":"","meta":{"content-type":""},"product_brand":[153],"product_cat":[28],"product_tag":[112],"class_list":{"0":"post-36263","1":"product","2":"type-product","3":"status-publish","4":"has-post-thumbnail","6":"product_brand-bowflex","7":"product_cat-laufbaender","8":"product_tag-mieten","9":"product_shipping_class-schwer","10":"tm-no-options","12":"first","13":"instock","14":"taxable","15":"shipping-taxable","16":"purchasable","17":"product-type-variable-subscription","18":"has-default-attributes"},"yoast_head":"<!-- This site is optimized with the Yoast SEO plugin v26.3 - https:\/\/yoast.com\/wordpress\/plugins\/seo\/ -->\n<title>Bowflex Treadmill T6.21 \u2013 Das Laufband f\u00fcr Dein Trainingsziel - RNTL Fitness %<\/title>\n<meta name=\"description\" content=\"Miete, kaufe, oder finanziere f\u00fcr das Spinning Training zu Hause den Horizon Paragon X bei RNTL. Perfekt f\u00fcr dein Spinning Training zu Hause.\" \/>\n<meta name=\"robots\" content=\"index, follow, max-snippet:-1, max-image-preview:large, max-video-preview:-1\" \/>\n<link rel=\"canonical\" href=\"https:\/\/rntl.ch\/fitness\/produkt\/bowflex-treadmill-t6-21-das-laufband-fuer-dein-trainingsziel\/\" \/>\n<meta property=\"og:locale\" content=\"de_DE\" \/>\n<meta property=\"og:type\" content=\"article\" \/>\n<meta property=\"og:title\" content=\"Bowflex Treadmill T6.21 \u2013 Das Laufband f\u00fcr Dein Trainingsziel - RNTL Fitness %\" \/>\n<meta property=\"og:description\" content=\"Miete, kaufe, oder finanziere f\u00fcr das Spinning Training zu Hause den Horizon Paragon X bei RNTL. Perfekt f\u00fcr dein Spinning Training zu Hause.\" \/>\n<meta property=\"og:url\" content=\"https:\/\/rntl.ch\/fitness\/produkt\/bowflex-treadmill-t6-21-das-laufband-fuer-dein-trainingsziel\/\" \/>\n<meta property=\"og:site_name\" content=\"RNTL Fitness\" \/>\n<meta property=\"article:modified_time\" content=\"2025-10-27T14:18:19+00:00\" \/>\n<meta property=\"og:image\" content=\"https:\/\/rntl.ch\/fitness\/wp-content\/uploads\/sites\/3\/2025\/10\/1-3.png\" \/>\n\t<meta property=\"og:image:width\" content=\"800\" \/>\n\t<meta property=\"og:image:height\" content=\"800\" \/>\n\t<meta property=\"og:image:type\" content=\"image\/png\" \/>\n<meta name=\"twitter:card\" content=\"summary_large_image\" \/>\n<meta name=\"twitter:label1\" content=\"Gesch\u00e4tzte Lesezeit\" \/>\n\t<meta name=\"twitter:data1\" content=\"1\u00a0Minute\" \/>\n<script type=\"application\/ld+json\" class=\"yoast-schema-graph\">{\"@context\":\"https:\/\/schema.org\",\"@graph\":[{\"@type\":\"WebPage\",\"@id\":\"https:\/\/rntl.ch\/fitness\/produkt\/bowflex-treadmill-t6-21-das-laufband-fuer-dein-trainingsziel\/\",\"url\":\"https:\/\/rntl.ch\/fitness\/produkt\/bowflex-treadmill-t6-21-das-laufband-fuer-dein-trainingsziel\/\",\"name\":\"Bowflex Treadmill T6.21 \u2013 Das Laufband f\u00fcr Dein Trainingsziel - RNTL Fitness %\",\"isPartOf\":{\"@id\":\"https:\/\/rntl.ch\/fitness\/#website\"},\"primaryImageOfPage\":{\"@id\":\"https:\/\/rntl.ch\/fitness\/produkt\/bowflex-treadmill-t6-21-das-laufband-fuer-dein-trainingsziel\/#primaryimage\"},\"image\":{\"@id\":\"https:\/\/rntl.ch\/fitness\/produkt\/bowflex-treadmill-t6-21-das-laufband-fuer-dein-trainingsziel\/#primaryimage\"},\"thumbnailUrl\":\"https:\/\/rntl.ch\/fitness\/wp-content\/uploads\/sites\/3\/2025\/10\/1-3.png\",\"datePublished\":\"2025-10-27T14:06:09+00:00\",\"dateModified\":\"2025-10-27T14:18:19+00:00\",\"description\":\"Miete, kaufe, oder finanziere f\u00fcr das Spinning Training zu Hause den Horizon Paragon X bei RNTL. Perfekt f\u00fcr dein Spinning Training zu Hause.\",\"breadcrumb\":{\"@id\":\"https:\/\/rntl.ch\/fitness\/produkt\/bowflex-treadmill-t6-21-das-laufband-fuer-dein-trainingsziel\/#breadcrumb\"},\"inLanguage\":\"de\",\"potentialAction\":[{\"@type\":\"ReadAction\",\"target\":[\"https:\/\/rntl.ch\/fitness\/produkt\/bowflex-treadmill-t6-21-das-laufband-fuer-dein-trainingsziel\/\"]}]},{\"@type\":\"ImageObject\",\"inLanguage\":\"de\",\"@id\":\"https:\/\/rntl.ch\/fitness\/produkt\/bowflex-treadmill-t6-21-das-laufband-fuer-dein-trainingsziel\/#primaryimage\",\"url\":\"https:\/\/rntl.ch\/fitness\/wp-content\/uploads\/sites\/3\/2025\/10\/1-3.png\",\"contentUrl\":\"https:\/\/rntl.ch\/fitness\/wp-content\/uploads\/sites\/3\/2025\/10\/1-3.png\",\"width\":800,\"height\":800},{\"@type\":\"BreadcrumbList\",\"@id\":\"https:\/\/rntl.ch\/fitness\/produkt\/bowflex-treadmill-t6-21-das-laufband-fuer-dein-trainingsziel\/#breadcrumb\",\"itemListElement\":[{\"@type\":\"ListItem\",\"position\":1,\"name\":\"Startseite\",\"item\":\"https:\/\/rntl.ch\/fitness\/\"},{\"@type\":\"ListItem\",\"position\":2,\"name\":\"Shop\",\"item\":\"https:\/\/rntl.ch\/fitness\/shop\/\"},{\"@type\":\"ListItem\",\"position\":3,\"name\":\"Bowflex Treadmill T6.21 \u2013 Das Laufband f\u00fcr Dein Trainingsziel\"}]},{\"@type\":\"WebSite\",\"@id\":\"https:\/\/rntl.ch\/fitness\/#website\",\"url\":\"https:\/\/rntl.ch\/fitness\/\",\"name\":\"RNTL Fitness\",\"description\":\"Mieten Einfach Anders\",\"publisher\":{\"@id\":\"https:\/\/rntl.ch\/fitness\/#organization\"},\"potentialAction\":[{\"@type\":\"SearchAction\",\"target\":{\"@type\":\"EntryPoint\",\"urlTemplate\":\"https:\/\/rntl.ch\/fitness\/?s={search_term_string}\"},\"query-input\":{\"@type\":\"PropertyValueSpecification\",\"valueRequired\":true,\"valueName\":\"search_term_string\"}}],\"inLanguage\":\"de\"},{\"@type\":\"Organization\",\"@id\":\"https:\/\/rntl.ch\/fitness\/#organization\",\"name\":\"RNTL Fitness\",\"url\":\"https:\/\/rntl.ch\/fitness\/\",\"logo\":{\"@type\":\"ImageObject\",\"inLanguage\":\"de\",\"@id\":\"https:\/\/rntl.ch\/fitness\/#\/schema\/logo\/image\/\",\"url\":\"https:\/\/rntl.ch\/fitness\/wp-content\/uploads\/sites\/3\/2020\/11\/cropped-rntl_logo_white_530x150.png\",\"contentUrl\":\"https:\/\/rntl.ch\/fitness\/wp-content\/uploads\/sites\/3\/2020\/11\/cropped-rntl_logo_white_530x150.png\",\"width\":530,\"height\":150,\"caption\":\"RNTL Fitness\"},\"image\":{\"@id\":\"https:\/\/rntl.ch\/fitness\/#\/schema\/logo\/image\/\"}}]}<\/script>\n<!-- \/ Yoast SEO plugin. -->","yoast_head_json":{"title":"Bowflex Treadmill T6.21 \u2013 Das Laufband f\u00fcr Dein Trainingsziel - RNTL Fitness %","description":"Miete, kaufe, oder finanziere f\u00fcr das Spinning Training zu Hause den Horizon Paragon X bei RNTL. Perfekt f\u00fcr dein Spinning Training zu Hause.","robots":{"index":"index","follow":"follow","max-snippet":"max-snippet:-1","max-image-preview":"max-image-preview:large","max-video-preview":"max-video-preview:-1"},"canonical":"https:\/\/rntl.ch\/fitness\/produkt\/bowflex-treadmill-t6-21-das-laufband-fuer-dein-trainingsziel\/","og_locale":"de_DE","og_type":"article","og_title":"Bowflex Treadmill T6.21 \u2013 Das Laufband f\u00fcr Dein Trainingsziel - RNTL Fitness %","og_description":"Miete, kaufe, oder finanziere f\u00fcr das Spinning Training zu Hause den Horizon Paragon X bei RNTL. Perfekt f\u00fcr dein Spinning Training zu Hause.","og_url":"https:\/\/rntl.ch\/fitness\/produkt\/bowflex-treadmill-t6-21-das-laufband-fuer-dein-trainingsziel\/","og_site_name":"RNTL Fitness","article_modified_time":"2025-10-27T14:18:19+00:00","og_image":[{"width":800,"height":800,"url":"https:\/\/rntl.ch\/fitness\/wp-content\/uploads\/sites\/3\/2025\/10\/1-3.png","type":"image\/png"}],"twitter_card":"summary_large_image","twitter_misc":{"Gesch\u00e4tzte Lesezeit":"1\u00a0Minute"},"schema":{"@context":"https:\/\/schema.org","@graph":[{"@type":"WebPage","@id":"https:\/\/rntl.ch\/fitness\/produkt\/bowflex-treadmill-t6-21-das-laufband-fuer-dein-trainingsziel\/","url":"https:\/\/rntl.ch\/fitness\/produkt\/bowflex-treadmill-t6-21-das-laufband-fuer-dein-trainingsziel\/","name":"Bowflex Treadmill T6.21 \u2013 Das Laufband f\u00fcr Dein Trainingsziel - RNTL Fitness %","isPartOf":{"@id":"https:\/\/rntl.ch\/fitness\/#website"},"primaryImageOfPage":{"@id":"https:\/\/rntl.ch\/fitness\/produkt\/bowflex-treadmill-t6-21-das-laufband-fuer-dein-trainingsziel\/#primaryimage"},"image":{"@id":"https:\/\/rntl.ch\/fitness\/produkt\/bowflex-treadmill-t6-21-das-laufband-fuer-dein-trainingsziel\/#primaryimage"},"thumbnailUrl":"https:\/\/rntl.ch\/fitness\/wp-content\/uploads\/sites\/3\/2025\/10\/1-3.png","datePublished":"2025-10-27T14:06:09+00:00","dateModified":"2025-10-27T14:18:19+00:00","description":"Miete, kaufe, oder finanziere f\u00fcr das Spinning Training zu Hause den Horizon Paragon X bei RNTL. Perfekt f\u00fcr dein Spinning Training zu Hause.","breadcrumb":{"@id":"https:\/\/rntl.ch\/fitness\/produkt\/bowflex-treadmill-t6-21-das-laufband-fuer-dein-trainingsziel\/#breadcrumb"},"inLanguage":"de","potentialAction":[{"@type":"ReadAction","target":["https:\/\/rntl.ch\/fitness\/produkt\/bowflex-treadmill-t6-21-das-laufband-fuer-dein-trainingsziel\/"]}]},{"@type":"ImageObject","inLanguage":"de","@id":"https:\/\/rntl.ch\/fitness\/produkt\/bowflex-treadmill-t6-21-das-laufband-fuer-dein-trainingsziel\/#primaryimage","url":"https:\/\/rntl.ch\/fitness\/wp-content\/uploads\/sites\/3\/2025\/10\/1-3.png","contentUrl":"https:\/\/rntl.ch\/fitness\/wp-content\/uploads\/sites\/3\/2025\/10\/1-3.png","width":800,"height":800},{"@type":"BreadcrumbList","@id":"https:\/\/rntl.ch\/fitness\/produkt\/bowflex-treadmill-t6-21-das-laufband-fuer-dein-trainingsziel\/#breadcrumb","itemListElement":[{"@type":"ListItem","position":1,"name":"Startseite","item":"https:\/\/rntl.ch\/fitness\/"},{"@type":"ListItem","position":2,"name":"Shop","item":"https:\/\/rntl.ch\/fitness\/shop\/"},{"@type":"ListItem","position":3,"name":"Bowflex Treadmill T6.21 \u2013 Das Laufband f\u00fcr Dein Trainingsziel"}]},{"@type":"WebSite","@id":"https:\/\/rntl.ch\/fitness\/#website","url":"https:\/\/rntl.ch\/fitness\/","name":"RNTL Fitness","description":"Mieten Einfach Anders","publisher":{"@id":"https:\/\/rntl.ch\/fitness\/#organization"},"potentialAction":[{"@type":"SearchAction","target":{"@type":"EntryPoint","urlTemplate":"https:\/\/rntl.ch\/fitness\/?s={search_term_string}"},"query-input":{"@type":"PropertyValueSpecification","valueRequired":true,"valueName":"search_term_string"}}],"inLanguage":"de"},{"@type":"Organization","@id":"https:\/\/rntl.ch\/fitness\/#organization","name":"RNTL Fitness","url":"https:\/\/rntl.ch\/fitness\/","logo":{"@type":"ImageObject","inLanguage":"de","@id":"https:\/\/rntl.ch\/fitness\/#\/schema\/logo\/image\/","url":"https:\/\/rntl.ch\/fitness\/wp-content\/uploads\/sites\/3\/2020\/11\/cropped-rntl_logo_white_530x150.png","contentUrl":"https:\/\/rntl.ch\/fitness\/wp-content\/uploads\/sites\/3\/2020\/11\/cropped-rntl_logo_white_530x150.png","width":530,"height":150,"caption":"RNTL Fitness"},"image":{"@id":"https:\/\/rntl.ch\/fitness\/#\/schema\/logo\/image\/"}}]}},"_links":{"self":[{"href":"https:\/\/rntl.ch\/fitness\/wp-json\/wp\/v2\/product\/36263","targetHints":{"allow":["GET"]}}],"collection":[{"href":"https:\/\/rntl.ch\/fitness\/wp-json\/wp\/v2\/product"}],"about":[{"href":"https:\/\/rntl.ch\/fitness\/wp-json\/wp\/v2\/types\/product"}],"version-history":[{"count":2,"href":"https:\/\/rntl.ch\/fitness\/wp-json\/wp\/v2\/product\/36263\/revisions"}],"predecessor-version":[{"id":36325,"href":"https:\/\/rntl.ch\/fitness\/wp-json\/wp\/v2\/product\/36263\/revisions\/36325"}],"wp:featuredmedia":[{"embeddable":true,"href":"https:\/\/rntl.ch\/fitness\/wp-json\/wp\/v2\/media\/36268"}],"wp:attachment":[{"href":"https:\/\/rntl.ch\/fitness\/wp-json\/wp\/v2\/media?parent=36263"}],"wp:term":[{"taxonomy":"product_brand","embeddable":true,"href":"https:\/\/rntl.ch\/fitness\/wp-json\/wp\/v2\/product_brand?post=36263"},{"taxonomy":"product_cat","embeddable":true,"href":"https:\/\/rntl.ch\/fitness\/wp-json\/wp\/v2\/product_cat?post=36263"},{"taxonomy":"product_tag","embeddable":true,"href":"https:\/\/rntl.ch\/fitness\/wp-json\/wp\/v2\/product_tag?post=36263"}],"curies":[{"name":"wp","href":"https:\/\/api.w.org\/{rel}","templated":true}]}}