{"id":36446,"date":"2025-11-03T15:13:55","date_gmt":"2025-11-03T14:13:55","guid":{"rendered":"https:\/\/rntl.ch\/fitness\/?post_type=product&#038;p=36446"},"modified":"2025-12-01T03:01:18","modified_gmt":"2025-12-01T02:01:18","slug":"kettler-ergometer-c6-premium-occasion","status":"publish","type":"product","link":"https:\/\/rntl.ch\/fitness\/produkt\/kettler-ergometer-c6-premium-occasion\/","title":{"rendered":"Kettler Ergometer C6 &#8211; Premium Occasion"},"content":{"rendered":"<h2>C6 &#8211; Das Einstiegsmodell der C-Serie<\/h2>\n<p>Der C6 der Comfort Linie von Kettler ist ideal geeignet f\u00fcr Fitnesseinsteiger, die in ihren eigenen vier W\u00e4nden mit dem Home-Training beginnen m\u00f6chten. Der Name ist bei der &#8222;Comfort-Linie&#8220; Programm. Das Ergo C6 hat eine gute Ergonomie und einfache Verstellm\u00f6glichkeiten von Sattel und Lenker, um das Training so komfortabel wie m\u00f6glich zu gestalten. Die tiefe Einstiegsh\u00f6he erm\u00f6glicht einfaches und schnelles Aufsitzen, um direkt durchzustarten.<\/p>\n<h2>Edles und funktionelles Advanced Display<\/h2>\n<p>Der LCD Trainingscomputer des C6 verf\u00fcgt \u00fcber insgesamt 6 Trainingsprogramme. W\u00e4hrend des Trainings lassen sich alle trainingsrelevanten Daten gut und \u00fcbersichtlich ablesen. Die einfache und verst\u00e4ndliche Men\u00fcf\u00fchrung hilft Ihnen dabei schnell zu Ihrem gew\u00fcnschten Trainingsprogramm zu gelangen, oder den Trainingswiderstand zu verstellen. Das Induktionsbremssystem, mit maximaler Leistung von 250 Watt, bietet ausreichend Widerstand f\u00fcr Einsteiger und Fortgeschrittene.<br \/>\nDen Puls misst das Ergometer \u00fcber Handpulssensoren oder \u00fcber einen optional erh\u00e4ltlichen Brustgurt. Das integrierte HRC Trainingsprogramm (Heart-rate-control), l\u00e4sst Sie innerhalb einer gew\u00fcnschten Pulsfrequenz trainieren.<\/p>\n<h2>Guter Komfort<\/h2>\n<p>Die Konstruktion des C6 ist eine sehr stabile, daher ist das Ergometer f\u00fcr Gewichtsbelastungen von bis zu 130kg geeignet. Der Trainingswiderstand kann auf zwei unterschiedliche Weisen eingestellt werden. Das Bike verf\u00fcgt \u00fcber einen MANU-Modus und \u00fcber einen AUTO-Modus. Im MANU-Modus verf\u00fcgen Sie \u00fcber eine Gangschaltung mit 20 einzelnen Stufen. Der AUTO-Modus l\u00e4sst den Tretwiderstand von 5 bis 250 Watt in 5-Watt-Schritten einstellen. Dank der Transportrollen am Vorderfu\u00df l\u00e4sst sich das Ergometer einfach bewegen.<\/p>\n","protected":false},"excerpt":{"rendered":"<p>Professionel gepr\u00fcfter Premium Occasion Heimtrainer.<\/p>\n<p>Ideal f\u00fcrs Homeoffice! So wirst Du nicht mehr aufh\u00f6ren wollen mit dem Workout! Trainiere zu Hause fast wie im Fitnessstudio! Made in Germany!<\/p>\n<p><span style=\"font-weight: 400;\">[rntl_page_content id=\"24172\"]<\/span><\/p>\n","protected":false},"featured_media":8457,"template":"","meta":{"content-type":""},"product_brand":[155],"product_cat":[25],"product_tag":[26,108],"class_list":{"0":"post-36446","1":"product","2":"type-product","3":"status-publish","4":"has-post-thumbnail","6":"product_brand-kettler","7":"product_cat-hometrainer","8":"product_tag-kaufen","9":"product_tag-kaufen-gebraucht","10":"product_shipping_class-leicht","11":"tm-no-options","13":"first","14":"onbackorder","15":"taxable","16":"shipping-taxable","17":"purchasable","18":"product-type-simple"},"yoast_head":"<!-- This site is optimized with the Yoast SEO plugin v26.3 - https:\/\/yoast.com\/wordpress\/plugins\/seo\/ -->\n<title>Kettler Ergometer C6 - Premium Occasion - RNTL Fitness<\/title>\n<meta name=\"description\" content=\"Miete, kaufe, oder finanziere f\u00fcr das Ausdauertraining zu Hause den Kettler Ergometer C6 bei RNTL.\" \/>\n<meta name=\"robots\" content=\"index, follow, max-snippet:-1, max-image-preview:large, max-video-preview:-1\" \/>\n<link rel=\"canonical\" href=\"https:\/\/rntl.ch\/fitness\/produkt\/kettler-ergometer-c6-premium-occasion\/\" \/>\n<meta property=\"og:locale\" content=\"de_DE\" \/>\n<meta property=\"og:type\" content=\"article\" \/>\n<meta property=\"og:title\" content=\"Kettler Ergometer C6 - Premium Occasion - RNTL Fitness\" \/>\n<meta property=\"og:description\" content=\"Miete, kaufe, oder finanziere f\u00fcr das Ausdauertraining zu Hause den Kettler Ergometer C6 bei RNTL.\" \/>\n<meta property=\"og:url\" content=\"https:\/\/rntl.ch\/fitness\/produkt\/kettler-ergometer-c6-premium-occasion\/\" \/>\n<meta property=\"og:site_name\" content=\"RNTL Fitness\" \/>\n<meta property=\"article:modified_time\" content=\"2025-12-01T02:01:18+00:00\" \/>\n<meta property=\"og:image\" content=\"https:\/\/rntl.ch\/fitness\/wp-content\/uploads\/sites\/3\/2020\/10\/kettler-ergometer-c6-001.jpg_600.jpg\" \/>\n\t<meta property=\"og:image:width\" content=\"600\" \/>\n\t<meta property=\"og:image:height\" content=\"600\" \/>\n\t<meta property=\"og:image:type\" content=\"image\/jpeg\" \/>\n<meta name=\"twitter:card\" content=\"summary_large_image\" \/>\n<meta name=\"twitter:label1\" content=\"Gesch\u00e4tzte Lesezeit\" \/>\n\t<meta name=\"twitter:data1\" content=\"2\u00a0Minuten\" \/>\n<script type=\"application\/ld+json\" class=\"yoast-schema-graph\">{\"@context\":\"https:\/\/schema.org\",\"@graph\":[{\"@type\":\"WebPage\",\"@id\":\"https:\/\/rntl.ch\/fitness\/produkt\/kettler-ergometer-c6-premium-occasion\/\",\"url\":\"https:\/\/rntl.ch\/fitness\/produkt\/kettler-ergometer-c6-premium-occasion\/\",\"name\":\"Kettler Ergometer C6 - Premium Occasion - RNTL Fitness\",\"isPartOf\":{\"@id\":\"https:\/\/rntl.ch\/fitness\/#website\"},\"primaryImageOfPage\":{\"@id\":\"https:\/\/rntl.ch\/fitness\/produkt\/kettler-ergometer-c6-premium-occasion\/#primaryimage\"},\"image\":{\"@id\":\"https:\/\/rntl.ch\/fitness\/produkt\/kettler-ergometer-c6-premium-occasion\/#primaryimage\"},\"thumbnailUrl\":\"https:\/\/rntl.ch\/fitness\/wp-content\/uploads\/sites\/3\/2020\/10\/kettler-ergometer-c6-001.jpg_600.jpg\",\"datePublished\":\"2025-11-03T14:13:55+00:00\",\"dateModified\":\"2025-12-01T02:01:18+00:00\",\"description\":\"Miete, kaufe, oder finanziere f\u00fcr das Ausdauertraining zu Hause den Kettler Ergometer C6 bei RNTL.\",\"breadcrumb\":{\"@id\":\"https:\/\/rntl.ch\/fitness\/produkt\/kettler-ergometer-c6-premium-occasion\/#breadcrumb\"},\"inLanguage\":\"de\",\"potentialAction\":[{\"@type\":\"ReadAction\",\"target\":[\"https:\/\/rntl.ch\/fitness\/produkt\/kettler-ergometer-c6-premium-occasion\/\"]}]},{\"@type\":\"ImageObject\",\"inLanguage\":\"de\",\"@id\":\"https:\/\/rntl.ch\/fitness\/produkt\/kettler-ergometer-c6-premium-occasion\/#primaryimage\",\"url\":\"https:\/\/rntl.ch\/fitness\/wp-content\/uploads\/sites\/3\/2020\/10\/kettler-ergometer-c6-001.jpg_600.jpg\",\"contentUrl\":\"https:\/\/rntl.ch\/fitness\/wp-content\/uploads\/sites\/3\/2020\/10\/kettler-ergometer-c6-001.jpg_600.jpg\",\"width\":600,\"height\":600},{\"@type\":\"BreadcrumbList\",\"@id\":\"https:\/\/rntl.ch\/fitness\/produkt\/kettler-ergometer-c6-premium-occasion\/#breadcrumb\",\"itemListElement\":[{\"@type\":\"ListItem\",\"position\":1,\"name\":\"Startseite\",\"item\":\"https:\/\/rntl.ch\/fitness\/\"},{\"@type\":\"ListItem\",\"position\":2,\"name\":\"Shop\",\"item\":\"https:\/\/rntl.ch\/fitness\/shop\/\"},{\"@type\":\"ListItem\",\"position\":3,\"name\":\"Kettler Ergometer C6 &#8211; Premium Occasion\"}]},{\"@type\":\"WebSite\",\"@id\":\"https:\/\/rntl.ch\/fitness\/#website\",\"url\":\"https:\/\/rntl.ch\/fitness\/\",\"name\":\"RNTL Fitness\",\"description\":\"Mieten Einfach Anders\",\"publisher\":{\"@id\":\"https:\/\/rntl.ch\/fitness\/#organization\"},\"potentialAction\":[{\"@type\":\"SearchAction\",\"target\":{\"@type\":\"EntryPoint\",\"urlTemplate\":\"https:\/\/rntl.ch\/fitness\/?s={search_term_string}\"},\"query-input\":{\"@type\":\"PropertyValueSpecification\",\"valueRequired\":true,\"valueName\":\"search_term_string\"}}],\"inLanguage\":\"de\"},{\"@type\":\"Organization\",\"@id\":\"https:\/\/rntl.ch\/fitness\/#organization\",\"name\":\"RNTL Fitness\",\"url\":\"https:\/\/rntl.ch\/fitness\/\",\"logo\":{\"@type\":\"ImageObject\",\"inLanguage\":\"de\",\"@id\":\"https:\/\/rntl.ch\/fitness\/#\/schema\/logo\/image\/\",\"url\":\"https:\/\/rntl.ch\/fitness\/wp-content\/uploads\/sites\/3\/2020\/11\/cropped-rntl_logo_white_530x150.png\",\"contentUrl\":\"https:\/\/rntl.ch\/fitness\/wp-content\/uploads\/sites\/3\/2020\/11\/cropped-rntl_logo_white_530x150.png\",\"width\":530,\"height\":150,\"caption\":\"RNTL Fitness\"},\"image\":{\"@id\":\"https:\/\/rntl.ch\/fitness\/#\/schema\/logo\/image\/\"}}]}<\/script>\n<!-- \/ Yoast SEO plugin. -->","yoast_head_json":{"title":"Kettler Ergometer C6 - Premium Occasion - RNTL Fitness","description":"Miete, kaufe, oder finanziere f\u00fcr das Ausdauertraining zu Hause den Kettler Ergometer C6 bei RNTL.","robots":{"index":"index","follow":"follow","max-snippet":"max-snippet:-1","max-image-preview":"max-image-preview:large","max-video-preview":"max-video-preview:-1"},"canonical":"https:\/\/rntl.ch\/fitness\/produkt\/kettler-ergometer-c6-premium-occasion\/","og_locale":"de_DE","og_type":"article","og_title":"Kettler Ergometer C6 - Premium Occasion - RNTL Fitness","og_description":"Miete, kaufe, oder finanziere f\u00fcr das Ausdauertraining zu Hause den Kettler Ergometer C6 bei RNTL.","og_url":"https:\/\/rntl.ch\/fitness\/produkt\/kettler-ergometer-c6-premium-occasion\/","og_site_name":"RNTL Fitness","article_modified_time":"2025-12-01T02:01:18+00:00","og_image":[{"width":600,"height":600,"url":"https:\/\/rntl.ch\/fitness\/wp-content\/uploads\/sites\/3\/2020\/10\/kettler-ergometer-c6-001.jpg_600.jpg","type":"image\/jpeg"}],"twitter_card":"summary_large_image","twitter_misc":{"Gesch\u00e4tzte Lesezeit":"2\u00a0Minuten"},"schema":{"@context":"https:\/\/schema.org","@graph":[{"@type":"WebPage","@id":"https:\/\/rntl.ch\/fitness\/produkt\/kettler-ergometer-c6-premium-occasion\/","url":"https:\/\/rntl.ch\/fitness\/produkt\/kettler-ergometer-c6-premium-occasion\/","name":"Kettler Ergometer C6 - Premium Occasion - RNTL Fitness","isPartOf":{"@id":"https:\/\/rntl.ch\/fitness\/#website"},"primaryImageOfPage":{"@id":"https:\/\/rntl.ch\/fitness\/produkt\/kettler-ergometer-c6-premium-occasion\/#primaryimage"},"image":{"@id":"https:\/\/rntl.ch\/fitness\/produkt\/kettler-ergometer-c6-premium-occasion\/#primaryimage"},"thumbnailUrl":"https:\/\/rntl.ch\/fitness\/wp-content\/uploads\/sites\/3\/2020\/10\/kettler-ergometer-c6-001.jpg_600.jpg","datePublished":"2025-11-03T14:13:55+00:00","dateModified":"2025-12-01T02:01:18+00:00","description":"Miete, kaufe, oder finanziere f\u00fcr das Ausdauertraining zu Hause den Kettler Ergometer C6 bei RNTL.","breadcrumb":{"@id":"https:\/\/rntl.ch\/fitness\/produkt\/kettler-ergometer-c6-premium-occasion\/#breadcrumb"},"inLanguage":"de","potentialAction":[{"@type":"ReadAction","target":["https:\/\/rntl.ch\/fitness\/produkt\/kettler-ergometer-c6-premium-occasion\/"]}]},{"@type":"ImageObject","inLanguage":"de","@id":"https:\/\/rntl.ch\/fitness\/produkt\/kettler-ergometer-c6-premium-occasion\/#primaryimage","url":"https:\/\/rntl.ch\/fitness\/wp-content\/uploads\/sites\/3\/2020\/10\/kettler-ergometer-c6-001.jpg_600.jpg","contentUrl":"https:\/\/rntl.ch\/fitness\/wp-content\/uploads\/sites\/3\/2020\/10\/kettler-ergometer-c6-001.jpg_600.jpg","width":600,"height":600},{"@type":"BreadcrumbList","@id":"https:\/\/rntl.ch\/fitness\/produkt\/kettler-ergometer-c6-premium-occasion\/#breadcrumb","itemListElement":[{"@type":"ListItem","position":1,"name":"Startseite","item":"https:\/\/rntl.ch\/fitness\/"},{"@type":"ListItem","position":2,"name":"Shop","item":"https:\/\/rntl.ch\/fitness\/shop\/"},{"@type":"ListItem","position":3,"name":"Kettler Ergometer C6 &#8211; Premium Occasion"}]},{"@type":"WebSite","@id":"https:\/\/rntl.ch\/fitness\/#website","url":"https:\/\/rntl.ch\/fitness\/","name":"RNTL Fitness","description":"Mieten Einfach Anders","publisher":{"@id":"https:\/\/rntl.ch\/fitness\/#organization"},"potentialAction":[{"@type":"SearchAction","target":{"@type":"EntryPoint","urlTemplate":"https:\/\/rntl.ch\/fitness\/?s={search_term_string}"},"query-input":{"@type":"PropertyValueSpecification","valueRequired":true,"valueName":"search_term_string"}}],"inLanguage":"de"},{"@type":"Organization","@id":"https:\/\/rntl.ch\/fitness\/#organization","name":"RNTL Fitness","url":"https:\/\/rntl.ch\/fitness\/","logo":{"@type":"ImageObject","inLanguage":"de","@id":"https:\/\/rntl.ch\/fitness\/#\/schema\/logo\/image\/","url":"https:\/\/rntl.ch\/fitness\/wp-content\/uploads\/sites\/3\/2020\/11\/cropped-rntl_logo_white_530x150.png","contentUrl":"https:\/\/rntl.ch\/fitness\/wp-content\/uploads\/sites\/3\/2020\/11\/cropped-rntl_logo_white_530x150.png","width":530,"height":150,"caption":"RNTL Fitness"},"image":{"@id":"https:\/\/rntl.ch\/fitness\/#\/schema\/logo\/image\/"}}]}},"_links":{"self":[{"href":"https:\/\/rntl.ch\/fitness\/wp-json\/wp\/v2\/product\/36446","targetHints":{"allow":["GET"]}}],"collection":[{"href":"https:\/\/rntl.ch\/fitness\/wp-json\/wp\/v2\/product"}],"about":[{"href":"https:\/\/rntl.ch\/fitness\/wp-json\/wp\/v2\/types\/product"}],"version-history":[{"count":2,"href":"https:\/\/rntl.ch\/fitness\/wp-json\/wp\/v2\/product\/36446\/revisions"}],"predecessor-version":[{"id":36597,"href":"https:\/\/rntl.ch\/fitness\/wp-json\/wp\/v2\/product\/36446\/revisions\/36597"}],"wp:featuredmedia":[{"embeddable":true,"href":"https:\/\/rntl.ch\/fitness\/wp-json\/wp\/v2\/media\/8457"}],"wp:attachment":[{"href":"https:\/\/rntl.ch\/fitness\/wp-json\/wp\/v2\/media?parent=36446"}],"wp:term":[{"taxonomy":"product_brand","embeddable":true,"href":"https:\/\/rntl.ch\/fitness\/wp-json\/wp\/v2\/product_brand?post=36446"},{"taxonomy":"product_cat","embeddable":true,"href":"https:\/\/rntl.ch\/fitness\/wp-json\/wp\/v2\/product_cat?post=36446"},{"taxonomy":"product_tag","embeddable":true,"href":"https:\/\/rntl.ch\/fitness\/wp-json\/wp\/v2\/product_tag?post=36446"}],"curies":[{"name":"wp","href":"https:\/\/api.w.org\/{rel}","templated":true}]}}