{"id":36464,"date":"2025-11-03T17:04:36","date_gmt":"2025-11-03T16:04:36","guid":{"rendered":"https:\/\/rntl.ch\/fitness\/?post_type=product&#038;p=36464"},"modified":"2025-12-05T13:41:24","modified_gmt":"2025-12-05T12:41:24","slug":"kettler-unix-px-crosstrainer-premium-occasion","status":"publish","type":"product","link":"https:\/\/rntl.ch\/fitness\/produkt\/kettler-unix-px-crosstrainer-premium-occasion\/","title":{"rendered":"Kettler Unix PX Crosstrainer &#8211; Premium Occasion"},"content":{"rendered":"<h2 data-start=\"86\" data-end=\"113\">\ud83c\udfc3\u200d\u2642\ufe0f Bewegung &amp; Technik<\/h2>\n<ul data-start=\"114\" data-end=\"273\">\n<li data-start=\"114\" data-end=\"194\">\n<p data-start=\"116\" data-end=\"194\"><span class=\"relative -mx-px my-[-0.2rem] rounded px-px py-[0.2rem] transition-colors duration-100 ease-in-out\"><strong data-start=\"0\" data-end=\"25\" data-is-only-node=\"\">Extended Motion (EXT)<\/strong>\u2011Technologie mit zus\u00e4tzlichem Gelenk im hinteren Antrieb \u2013 flache, elliptische Bewegungsbahn (14\u202fcm Ellipsenh\u00f6he), Schrittl\u00e4nge 48\u202fcm \u2192 sehr gelenkschonend, vor allem bei Knie\u2011 und R\u00fcckenproblemen<\/span><\/p>\n<\/li>\n<li data-start=\"195\" data-end=\"273\">\n<p data-start=\"197\" data-end=\"273\"><span class=\"relative -mx-px my-[-0.2rem] rounded px-px py-[0.2rem] transition-colors duration-100 ease-in-out\">Schwungmasse rund 20\u202fkg, drehzahlabh\u00e4ngig gesteuert, \u00dcbersetzungsverh\u00e4ltnis 1:11 \u2013 sorgt f\u00fcr ruhigen Rundlauf<\/span><\/p>\n<\/li>\n<\/ul>\n<hr data-start=\"275\" data-end=\"278\" \/>\n<h2 data-start=\"280\" data-end=\"308\">\u2699\ufe0f Widerstand &amp; Programme<\/h2>\n<ul data-start=\"309\" data-end=\"553\">\n<li data-start=\"309\" data-end=\"389\">\n<p data-start=\"311\" data-end=\"389\"><span class=\"relative -mx-px my-[-0.2rem] rounded px-px py-[0.2rem] transition-colors duration-100 ease-in-out\">Elektronisch gesteuerte <strong data-start=\"24\" data-end=\"51\">magnetische Bremsanlage<\/strong> mit 15 Stufen. Automatische Anpassung w\u00e4hrend Programmen\/Herzfrequenztraining<\/span><\/p>\n<\/li>\n<li data-start=\"390\" data-end=\"470\">\n<p data-start=\"392\" data-end=\"470\"><span class=\"relative -mx-px my-[-0.2rem] rounded px-px py-[0.2rem] transition-colors duration-100 ease-in-out\"><strong data-start=\"0\" data-end=\"24\" data-is-only-node=\"\">8 Trainingsprogramme<\/strong>: manuelle (Count\u2011Up\/Down), sechs Profile (Einsteiger bis Profi) sowie zwei pulsgesteuerte HRC\u2011Programme<\/span><\/p>\n<\/li>\n<li data-start=\"471\" data-end=\"553\">\n<p data-start=\"473\" data-end=\"553\"><span class=\"relative -mx-px my-[-0.2rem] rounded px-px py-[0.2rem] transition-colors duration-100 ease-in-out\"><strong data-start=\"0\" data-end=\"17\" data-is-only-node=\"\">Erholungstest<\/strong> inklusive Fitnessnote 1\u20136 nach dem Training<\/span><\/p>\n<\/li>\n<\/ul>\n<hr data-start=\"555\" data-end=\"558\" \/>\n<h2 data-start=\"560\" data-end=\"580\">\ud83d\udc93 Puls &amp; Display<\/h2>\n<ul data-start=\"581\" data-end=\"748\">\n<li data-start=\"581\" data-end=\"665\">\n<p data-start=\"583\" data-end=\"665\"><span class=\"relative -mx-px my-[-0.2rem] rounded px-px py-[0.2rem] transition-colors duration-100 ease-in-out\">Herzfrequenzmessung via Ohrclip, Handpulssensoren (in Griffen) oder optionalem Brustgurt (Polar-kompatibel)<\/span><\/p>\n<\/li>\n<li data-start=\"666\" data-end=\"748\">\n<p data-start=\"668\" data-end=\"748\"><span class=\"relative -mx-px my-[-0.2rem] rounded px-px py-[0.2rem] transition-colors duration-100 ease-in-out\">Klar ablesbares LCD\u2011Display mit Hintergrundbeleuchtung in Blau, Gr\u00fcn, Rot \u2013 zeigt Zeit, Distanz, Kalorien, Geschwindigkeit, Trittfrequenz, Widerstandsstufe, Uhrzeit, Puls und grafisches Belastungsprofil<\/span><\/p>\n<\/li>\n<\/ul>\n<hr data-start=\"750\" data-end=\"753\" \/>\n<h2 data-start=\"755\" data-end=\"785\">\ud83d\udcd0 Abmessungen &amp; Stabilit\u00e4t<\/h2>\n<ul data-start=\"786\" data-end=\"1038\">\n<li data-start=\"786\" data-end=\"870\">\n<p data-start=\"788\" data-end=\"870\"><span class=\"relative -mx-px my-[-0.2rem] rounded px-px py-[0.2rem] transition-colors duration-100 ease-in-out\"><strong data-start=\"0\" data-end=\"13\" data-is-only-node=\"\">Stellma\u00dfe<\/strong>: L\u00e4nge 144\u202fcm, Breite 56\u202fcm, H\u00f6he 152\u2013162\u202fcm (je nach Quelle leicht variierend)<\/span><\/p>\n<\/li>\n<li data-start=\"871\" data-end=\"955\">\n<p data-start=\"873\" data-end=\"955\"><span class=\"relative -mx-px my-[-0.2rem] rounded px-px py-[0.2rem] transition-colors duration-100 ease-in-out\"><strong data-start=\"0\" data-end=\"17\" data-is-only-node=\"\">Gewicht Ger\u00e4t<\/strong>: ca.\u202f68\u202fkg; max. Nutzergewicht 150\u202fkg<\/span><\/p>\n<\/li>\n<li data-start=\"956\" data-end=\"1038\">\n<p data-start=\"958\" data-end=\"1038\"><span class=\"relative -mx-px my-[-0.2rem] rounded px-px py-[0.2rem] transition-colors duration-100 ease-in-out\"><strong data-start=\"0\" data-end=\"11\" data-is-only-node=\"\">Zubeh\u00f6r<\/strong>: Transportrollen, H\u00f6henausgleich, gummierte Trittfl\u00e4chen, solide Lager. Entwickelt f\u00fcr Heimgebrauch (DIN EN 957\u20111\/9 HB)<\/span><\/p>\n<\/li>\n<\/ul>\n<hr data-start=\"1040\" data-end=\"1043\" \/>\n<h2 data-start=\"1045\" data-end=\"1070\">\ud83d\udee0\ufe0f Besondere Features<\/h2>\n<ul data-start=\"1071\" data-end=\"1323\">\n<li data-start=\"1071\" data-end=\"1155\">\n<p data-start=\"1073\" data-end=\"1155\"><span class=\"relative -mx-px my-[-0.2rem] rounded px-px py-[0.2rem] transition-colors duration-100 ease-in-out\">Stabiler, pulverbeschichteter Stahlrahmen \u2013 Qualit\u00e4t \u201eMade\u202fin\u202fGermany\u201c<\/span> <a target=\"_blank\" href=\"https:\/\/www.cardiofitness.de\/products\/kettler-crosstrainer-unix-px?utm_source=chatgpt.com\" rel=\"noopener\" class=\"flex h-4.5 overflow-hidden rounded-xl px-2 text-[9px] font-medium text-token-text-secondary! bg-[#F4F4F4]! dark:bg-[#303030]! transition-colors duration-150 ease-in-out\"><\/a><\/p>\n<\/li>\n<li data-start=\"1071\" data-end=\"1155\">\n<p data-start=\"1073\" data-end=\"1155\"><a target=\"_blank\" href=\"https:\/\/www.cardiofitness.de\/products\/kettler-crosstrainer-unix-px?utm_source=chatgpt.com\" rel=\"noopener\" class=\"flex h-4.5 overflow-hidden rounded-xl px-2 text-[9px] font-medium text-token-text-secondary! bg-[#F4F4F4]! dark:bg-[#303030]! transition-colors duration-150 ease-in-out\"><\/a><span class=\"relative -mx-px my-[-0.2rem] rounded px-px py-[0.2rem] transition-colors duration-100 ease-in-out\">Drehbares Cockpit f\u00fcr bequeme Bedienung, schwei\u00dfresistente Folientastatur<\/span><\/p>\n<\/li>\n<li data-start=\"1241\" data-end=\"1323\">\n<p data-start=\"1243\" data-end=\"1323\"><span class=\"relative -mx-px my-[-0.2rem] rounded px-px py-[0.2rem] transition-colors duration-100 ease-in-out\">Polar-kompatibles Empfangsteil integriert f\u00fcr pr\u00e4zise Herzfrequenzdaten<\/span><\/p>\n<\/li>\n<\/ul>\n<hr data-start=\"1325\" data-end=\"1328\" \/>\n<h2 data-start=\"1330\" data-end=\"1353\">\u2705 Zielgruppe &amp; Fazit<\/h2>\n<p data-start=\"1354\" data-end=\"1434\"><span class=\"relative -mx-px my-[-0.2rem] rounded px-px py-[0.2rem] transition-colors duration-100 ease-in-out\">Ideal f\u00fcr Einsteiger und fortgeschrittene Nutzer, vor allem bei k\u00f6rperlichen Einschr\u00e4nkungen. Die geringe Kniebeugung macht den Trainer besonders r\u00fcckenschonend. Kompakt f\u00fcr kleinere R\u00e4ume und robust gebaut.\u00a0<\/span><\/p>\n<hr data-start=\"1436\" data-end=\"1439\" \/>\n<h3 data-start=\"1441\" data-end=\"1468\">\ud83d\udcca Technische \u00dcbersicht<\/h3>\n<div class=\"_tableContainer_80l1q_1\">\n<div class=\"_tableWrapper_80l1q_14 group flex w-fit flex-col-reverse\" tabindex=\"-1\">\n<table class=\"w-fit min-w-(--thread-content-width)\" data-start=\"1470\" data-end=\"2142\">\n<thead data-start=\"1470\" data-end=\"1508\">\n<tr data-start=\"1470\" data-end=\"1508\">\n<th data-start=\"1470\" data-end=\"1497\" data-col-size=\"sm\">Feature<\/th>\n<th data-start=\"1497\" data-end=\"1508\" data-col-size=\"sm\">Details<\/th>\n<\/tr>\n<\/thead>\n<tbody data-start=\"1547\" data-end=\"2142\">\n<tr data-start=\"1547\" data-end=\"1616\">\n<td data-start=\"1547\" data-end=\"1573\" data-col-size=\"sm\">Schwungmasse<\/td>\n<td data-start=\"1573\" data-end=\"1616\" data-col-size=\"sm\"><span class=\"relative -mx-px my-[-0.2rem] rounded px-px py-[0.2rem] transition-colors duration-100 ease-in-out\">ca.\u202f20\u202fkg<\/span><\/td>\n<\/tr>\n<tr data-start=\"1617\" data-end=\"1686\">\n<td data-start=\"1617\" data-end=\"1643\" data-col-size=\"sm\">Widerstandsstufen<\/td>\n<td data-start=\"1643\" data-end=\"1686\" data-col-size=\"sm\"><span class=\"relative -mx-px my-[-0.2rem] rounded px-px py-[0.2rem] transition-colors duration-100 ease-in-out\">15 (elektronisch steuerbar)<\/span><\/td>\n<\/tr>\n<tr data-start=\"1687\" data-end=\"1756\">\n<td data-start=\"1687\" data-end=\"1713\" data-col-size=\"sm\">Programme<\/td>\n<td data-start=\"1713\" data-end=\"1756\" data-col-size=\"sm\"><span class=\"relative -mx-px my-[-0.2rem] rounded px-px py-[0.2rem] transition-colors duration-100 ease-in-out\">1 manuell, 6 Profile, 2 HRC<\/span><\/td>\n<\/tr>\n<tr data-start=\"1757\" data-end=\"1826\">\n<td data-start=\"1757\" data-end=\"1783\" data-col-size=\"sm\">Puls-Messung<\/td>\n<td data-col-size=\"sm\" data-start=\"1783\" data-end=\"1826\"><span class=\"relative -mx-px my-[-0.2rem] rounded px-px py-[0.2rem] transition-colors duration-100 ease-in-out\">Ohrclip, Handsensor, optionaler Brustgurt<\/span><\/td>\n<\/tr>\n<tr data-start=\"1827\" data-end=\"1916\">\n<td data-start=\"1827\" data-end=\"1873\" data-col-size=\"sm\"><span class=\"relative -mx-px my-[-0.2rem] rounded px-px py-[0.2rem] transition-colors duration-100 ease-in-out\">Abmessungen (L\u00d7B\u00d7H)<\/span><\/td>\n<td data-start=\"1873\" data-end=\"1916\" data-col-size=\"sm\"><span class=\"relative -mx-px my-[-0.2rem] rounded px-px py-[0.2rem] transition-colors duration-100 ease-in-out\">ca.\u202f144\u00d756\u00d7152\u202fcm<\/span><\/td>\n<\/tr>\n<tr data-start=\"1917\" data-end=\"2002\">\n<td data-start=\"1917\" data-end=\"1959\" data-col-size=\"sm\"><span class=\"relative -mx-px my-[-0.2rem] rounded px-px py-[0.2rem] transition-colors duration-100 ease-in-out\">Gewicht (Ger\u00e4t\/Nutzer)<\/span><\/td>\n<td data-col-size=\"sm\" data-start=\"1959\" data-end=\"2002\"><span class=\"relative -mx-px my-[-0.2rem] rounded px-px py-[0.2rem] transition-colors duration-100 ease-in-out\">68\u202fkg \/ 150\u202fkg<\/span><\/td>\n<\/tr>\n<tr data-start=\"2003\" data-end=\"2072\">\n<td data-start=\"2003\" data-end=\"2029\" data-col-size=\"sm\">Display<\/td>\n<td data-start=\"2029\" data-end=\"2072\" data-col-size=\"sm\"><span class=\"relative -mx-px my-[-0.2rem] rounded px-px py-[0.2rem] transition-colors duration-100 ease-in-out\">LCD, mehrfarbig hinterlegt<\/span><\/td>\n<\/tr>\n<tr data-start=\"2073\" data-end=\"2142\">\n<td data-start=\"2073\" data-end=\"2099\" data-col-size=\"sm\">Extras<\/td>\n<td data-start=\"2099\" data-end=\"2142\" data-col-size=\"sm\"><span class=\"relative -mx-px my-[-0.2rem] rounded px-px py-[0.2rem] transition-colors duration-100 ease-in-out\">Transportrollen, Cockpit-Neigung, h\u00f6henausgleich<\/span><\/td>\n<\/tr>\n<\/tbody>\n<\/table>\n<div class=\"sticky end-(--thread-content-margin) h-0 self-end select-none\">\n<div class=\"absolute end-0 flex items-end\"><\/div>\n<\/div>\n<\/div>\n<\/div>\n<hr data-start=\"2354\" data-end=\"2357\" \/>\n<p data-start=\"2359\" data-end=\"2670\">Der Kettler Unix\u202fPX ist ein stabiler, sicherer und bedienfreundlicher Crosstrainer mit flacher, gelenksschonender Bewegung \u2013 ideal f\u00fcr zuhause, vor allem bei R\u00fccken\u2011 oder Knieproblemen. Wenn du Wert auf Komfort, Qualit\u00e4t und Trainingsvielfalt legst, ist dieser Crosstrainer eine empfehlenswerte Wahl.<\/p>\n<p data-start=\"2672\" data-end=\"2806\">Wenn du noch Fragen hast \u2013 z.\u202fB. zur Herzfrequenzmessung, Ersatzteilen oder Vergleich zu anderen Modellen \u2013 helfe ich dir gern weiter!<\/p>\n","protected":false},"excerpt":{"rendered":"<p>Der Kettler Unix\u202fPX ist ein stabiler, sicherer und bedienfreundlicher Crosstrainer mit flacher, gelenksschonender Bewegung \u2013 ideal f\u00fcr zuhause, vor allem bei R\u00fccken\u2011 oder Knieproblemen. Wenn du Wert auf Komfort, Qualit\u00e4t und Trainingsvielfalt legst, ist dieser Crosstrainer eine empfehlenswerte Wahl.<\/p>\n<p><span style=\"font-weight: 400;\">[rntl_page_content id=\"24172\"]<\/span><\/p>\n","protected":false},"featured_media":8526,"template":"","meta":{"content-type":""},"product_brand":[155],"product_cat":[23],"product_tag":[26,108],"class_list":{"0":"post-36464","1":"product","2":"type-product","3":"status-publish","4":"has-post-thumbnail","6":"product_brand-kettler","7":"product_cat-crosstrainer","8":"product_tag-kaufen","9":"product_tag-kaufen-gebraucht","10":"product_shipping_class-mittel","11":"tm-no-options","13":"first","14":"instock","15":"taxable","16":"shipping-taxable","17":"purchasable","18":"product-type-simple"},"yoast_head":"<!-- This site is optimized with the Yoast SEO plugin v26.3 - https:\/\/yoast.com\/wordpress\/plugins\/seo\/ -->\n<title>Kettler Unix PX Crosstrainer - Premium Occasion - RNTL Fitness<\/title>\n<meta name=\"description\" content=\"Miete, kaufe, oder finanziere f\u00fcr das Ausdauertraining zu Hause den Kettler Unix PX Crosstrainer bei RNTL.\" \/>\n<meta name=\"robots\" content=\"index, follow, max-snippet:-1, max-image-preview:large, max-video-preview:-1\" \/>\n<link rel=\"canonical\" href=\"https:\/\/rntl.ch\/fitness\/produkt\/kettler-unix-px-crosstrainer-premium-occasion\/\" \/>\n<meta property=\"og:locale\" content=\"de_DE\" \/>\n<meta property=\"og:type\" content=\"article\" \/>\n<meta property=\"og:title\" content=\"Kettler Unix PX Crosstrainer - Premium Occasion - RNTL Fitness\" \/>\n<meta property=\"og:description\" content=\"Miete, kaufe, oder finanziere f\u00fcr das Ausdauertraining zu Hause den Kettler Unix PX Crosstrainer bei RNTL.\" \/>\n<meta property=\"og:url\" content=\"https:\/\/rntl.ch\/fitness\/produkt\/kettler-unix-px-crosstrainer-premium-occasion\/\" \/>\n<meta property=\"og:site_name\" content=\"RNTL Fitness\" \/>\n<meta property=\"article:modified_time\" content=\"2025-12-05T12:41:24+00:00\" \/>\n<meta property=\"og:image\" content=\"https:\/\/rntl.ch\/fitness\/wp-content\/uploads\/sites\/3\/2020\/04\/Unix-PX-Seite.jpg\" \/>\n\t<meta property=\"og:image:width\" content=\"926\" \/>\n\t<meta property=\"og:image:height\" content=\"1090\" \/>\n\t<meta property=\"og:image:type\" content=\"image\/jpeg\" \/>\n<meta name=\"twitter:card\" content=\"summary_large_image\" \/>\n<meta name=\"twitter:label1\" content=\"Gesch\u00e4tzte Lesezeit\" \/>\n\t<meta name=\"twitter:data1\" content=\"2\u00a0Minuten\" \/>\n<script type=\"application\/ld+json\" class=\"yoast-schema-graph\">{\"@context\":\"https:\/\/schema.org\",\"@graph\":[{\"@type\":\"WebPage\",\"@id\":\"https:\/\/rntl.ch\/fitness\/produkt\/kettler-unix-px-crosstrainer-premium-occasion\/\",\"url\":\"https:\/\/rntl.ch\/fitness\/produkt\/kettler-unix-px-crosstrainer-premium-occasion\/\",\"name\":\"Kettler Unix PX Crosstrainer - Premium Occasion - RNTL Fitness\",\"isPartOf\":{\"@id\":\"https:\/\/rntl.ch\/fitness\/#website\"},\"primaryImageOfPage\":{\"@id\":\"https:\/\/rntl.ch\/fitness\/produkt\/kettler-unix-px-crosstrainer-premium-occasion\/#primaryimage\"},\"image\":{\"@id\":\"https:\/\/rntl.ch\/fitness\/produkt\/kettler-unix-px-crosstrainer-premium-occasion\/#primaryimage\"},\"thumbnailUrl\":\"https:\/\/rntl.ch\/fitness\/wp-content\/uploads\/sites\/3\/2020\/04\/Unix-PX-Seite.jpg\",\"datePublished\":\"2025-11-03T16:04:36+00:00\",\"dateModified\":\"2025-12-05T12:41:24+00:00\",\"description\":\"Miete, kaufe, oder finanziere f\u00fcr das Ausdauertraining zu Hause den Kettler Unix PX Crosstrainer bei RNTL.\",\"breadcrumb\":{\"@id\":\"https:\/\/rntl.ch\/fitness\/produkt\/kettler-unix-px-crosstrainer-premium-occasion\/#breadcrumb\"},\"inLanguage\":\"de\",\"potentialAction\":[{\"@type\":\"ReadAction\",\"target\":[\"https:\/\/rntl.ch\/fitness\/produkt\/kettler-unix-px-crosstrainer-premium-occasion\/\"]}]},{\"@type\":\"ImageObject\",\"inLanguage\":\"de\",\"@id\":\"https:\/\/rntl.ch\/fitness\/produkt\/kettler-unix-px-crosstrainer-premium-occasion\/#primaryimage\",\"url\":\"https:\/\/rntl.ch\/fitness\/wp-content\/uploads\/sites\/3\/2020\/04\/Unix-PX-Seite.jpg\",\"contentUrl\":\"https:\/\/rntl.ch\/fitness\/wp-content\/uploads\/sites\/3\/2020\/04\/Unix-PX-Seite.jpg\",\"width\":926,\"height\":1090},{\"@type\":\"BreadcrumbList\",\"@id\":\"https:\/\/rntl.ch\/fitness\/produkt\/kettler-unix-px-crosstrainer-premium-occasion\/#breadcrumb\",\"itemListElement\":[{\"@type\":\"ListItem\",\"position\":1,\"name\":\"Startseite\",\"item\":\"https:\/\/rntl.ch\/fitness\/\"},{\"@type\":\"ListItem\",\"position\":2,\"name\":\"Shop\",\"item\":\"https:\/\/rntl.ch\/fitness\/shop\/\"},{\"@type\":\"ListItem\",\"position\":3,\"name\":\"Kettler Unix PX Crosstrainer &#8211; Premium Occasion\"}]},{\"@type\":\"WebSite\",\"@id\":\"https:\/\/rntl.ch\/fitness\/#website\",\"url\":\"https:\/\/rntl.ch\/fitness\/\",\"name\":\"RNTL Fitness\",\"description\":\"Mieten Einfach Anders\",\"publisher\":{\"@id\":\"https:\/\/rntl.ch\/fitness\/#organization\"},\"potentialAction\":[{\"@type\":\"SearchAction\",\"target\":{\"@type\":\"EntryPoint\",\"urlTemplate\":\"https:\/\/rntl.ch\/fitness\/?s={search_term_string}\"},\"query-input\":{\"@type\":\"PropertyValueSpecification\",\"valueRequired\":true,\"valueName\":\"search_term_string\"}}],\"inLanguage\":\"de\"},{\"@type\":\"Organization\",\"@id\":\"https:\/\/rntl.ch\/fitness\/#organization\",\"name\":\"RNTL Fitness\",\"url\":\"https:\/\/rntl.ch\/fitness\/\",\"logo\":{\"@type\":\"ImageObject\",\"inLanguage\":\"de\",\"@id\":\"https:\/\/rntl.ch\/fitness\/#\/schema\/logo\/image\/\",\"url\":\"https:\/\/rntl.ch\/fitness\/wp-content\/uploads\/sites\/3\/2020\/11\/cropped-rntl_logo_white_530x150.png\",\"contentUrl\":\"https:\/\/rntl.ch\/fitness\/wp-content\/uploads\/sites\/3\/2020\/11\/cropped-rntl_logo_white_530x150.png\",\"width\":530,\"height\":150,\"caption\":\"RNTL Fitness\"},\"image\":{\"@id\":\"https:\/\/rntl.ch\/fitness\/#\/schema\/logo\/image\/\"}}]}<\/script>\n<!-- \/ Yoast SEO plugin. -->","yoast_head_json":{"title":"Kettler Unix PX Crosstrainer - Premium Occasion - RNTL Fitness","description":"Miete, kaufe, oder finanziere f\u00fcr das Ausdauertraining zu Hause den Kettler Unix PX Crosstrainer bei RNTL.","robots":{"index":"index","follow":"follow","max-snippet":"max-snippet:-1","max-image-preview":"max-image-preview:large","max-video-preview":"max-video-preview:-1"},"canonical":"https:\/\/rntl.ch\/fitness\/produkt\/kettler-unix-px-crosstrainer-premium-occasion\/","og_locale":"de_DE","og_type":"article","og_title":"Kettler Unix PX Crosstrainer - Premium Occasion - RNTL Fitness","og_description":"Miete, kaufe, oder finanziere f\u00fcr das Ausdauertraining zu Hause den Kettler Unix PX Crosstrainer bei RNTL.","og_url":"https:\/\/rntl.ch\/fitness\/produkt\/kettler-unix-px-crosstrainer-premium-occasion\/","og_site_name":"RNTL Fitness","article_modified_time":"2025-12-05T12:41:24+00:00","og_image":[{"width":926,"height":1090,"url":"https:\/\/rntl.ch\/fitness\/wp-content\/uploads\/sites\/3\/2020\/04\/Unix-PX-Seite.jpg","type":"image\/jpeg"}],"twitter_card":"summary_large_image","twitter_misc":{"Gesch\u00e4tzte Lesezeit":"2\u00a0Minuten"},"schema":{"@context":"https:\/\/schema.org","@graph":[{"@type":"WebPage","@id":"https:\/\/rntl.ch\/fitness\/produkt\/kettler-unix-px-crosstrainer-premium-occasion\/","url":"https:\/\/rntl.ch\/fitness\/produkt\/kettler-unix-px-crosstrainer-premium-occasion\/","name":"Kettler Unix PX Crosstrainer - Premium Occasion - RNTL Fitness","isPartOf":{"@id":"https:\/\/rntl.ch\/fitness\/#website"},"primaryImageOfPage":{"@id":"https:\/\/rntl.ch\/fitness\/produkt\/kettler-unix-px-crosstrainer-premium-occasion\/#primaryimage"},"image":{"@id":"https:\/\/rntl.ch\/fitness\/produkt\/kettler-unix-px-crosstrainer-premium-occasion\/#primaryimage"},"thumbnailUrl":"https:\/\/rntl.ch\/fitness\/wp-content\/uploads\/sites\/3\/2020\/04\/Unix-PX-Seite.jpg","datePublished":"2025-11-03T16:04:36+00:00","dateModified":"2025-12-05T12:41:24+00:00","description":"Miete, kaufe, oder finanziere f\u00fcr das Ausdauertraining zu Hause den Kettler Unix PX Crosstrainer bei RNTL.","breadcrumb":{"@id":"https:\/\/rntl.ch\/fitness\/produkt\/kettler-unix-px-crosstrainer-premium-occasion\/#breadcrumb"},"inLanguage":"de","potentialAction":[{"@type":"ReadAction","target":["https:\/\/rntl.ch\/fitness\/produkt\/kettler-unix-px-crosstrainer-premium-occasion\/"]}]},{"@type":"ImageObject","inLanguage":"de","@id":"https:\/\/rntl.ch\/fitness\/produkt\/kettler-unix-px-crosstrainer-premium-occasion\/#primaryimage","url":"https:\/\/rntl.ch\/fitness\/wp-content\/uploads\/sites\/3\/2020\/04\/Unix-PX-Seite.jpg","contentUrl":"https:\/\/rntl.ch\/fitness\/wp-content\/uploads\/sites\/3\/2020\/04\/Unix-PX-Seite.jpg","width":926,"height":1090},{"@type":"BreadcrumbList","@id":"https:\/\/rntl.ch\/fitness\/produkt\/kettler-unix-px-crosstrainer-premium-occasion\/#breadcrumb","itemListElement":[{"@type":"ListItem","position":1,"name":"Startseite","item":"https:\/\/rntl.ch\/fitness\/"},{"@type":"ListItem","position":2,"name":"Shop","item":"https:\/\/rntl.ch\/fitness\/shop\/"},{"@type":"ListItem","position":3,"name":"Kettler Unix PX Crosstrainer &#8211; Premium Occasion"}]},{"@type":"WebSite","@id":"https:\/\/rntl.ch\/fitness\/#website","url":"https:\/\/rntl.ch\/fitness\/","name":"RNTL Fitness","description":"Mieten Einfach Anders","publisher":{"@id":"https:\/\/rntl.ch\/fitness\/#organization"},"potentialAction":[{"@type":"SearchAction","target":{"@type":"EntryPoint","urlTemplate":"https:\/\/rntl.ch\/fitness\/?s={search_term_string}"},"query-input":{"@type":"PropertyValueSpecification","valueRequired":true,"valueName":"search_term_string"}}],"inLanguage":"de"},{"@type":"Organization","@id":"https:\/\/rntl.ch\/fitness\/#organization","name":"RNTL Fitness","url":"https:\/\/rntl.ch\/fitness\/","logo":{"@type":"ImageObject","inLanguage":"de","@id":"https:\/\/rntl.ch\/fitness\/#\/schema\/logo\/image\/","url":"https:\/\/rntl.ch\/fitness\/wp-content\/uploads\/sites\/3\/2020\/11\/cropped-rntl_logo_white_530x150.png","contentUrl":"https:\/\/rntl.ch\/fitness\/wp-content\/uploads\/sites\/3\/2020\/11\/cropped-rntl_logo_white_530x150.png","width":530,"height":150,"caption":"RNTL Fitness"},"image":{"@id":"https:\/\/rntl.ch\/fitness\/#\/schema\/logo\/image\/"}}]}},"_links":{"self":[{"href":"https:\/\/rntl.ch\/fitness\/wp-json\/wp\/v2\/product\/36464","targetHints":{"allow":["GET"]}}],"collection":[{"href":"https:\/\/rntl.ch\/fitness\/wp-json\/wp\/v2\/product"}],"about":[{"href":"https:\/\/rntl.ch\/fitness\/wp-json\/wp\/v2\/types\/product"}],"version-history":[{"count":2,"href":"https:\/\/rntl.ch\/fitness\/wp-json\/wp\/v2\/product\/36464\/revisions"}],"predecessor-version":[{"id":36590,"href":"https:\/\/rntl.ch\/fitness\/wp-json\/wp\/v2\/product\/36464\/revisions\/36590"}],"wp:featuredmedia":[{"embeddable":true,"href":"https:\/\/rntl.ch\/fitness\/wp-json\/wp\/v2\/media\/8526"}],"wp:attachment":[{"href":"https:\/\/rntl.ch\/fitness\/wp-json\/wp\/v2\/media?parent=36464"}],"wp:term":[{"taxonomy":"product_brand","embeddable":true,"href":"https:\/\/rntl.ch\/fitness\/wp-json\/wp\/v2\/product_brand?post=36464"},{"taxonomy":"product_cat","embeddable":true,"href":"https:\/\/rntl.ch\/fitness\/wp-json\/wp\/v2\/product_cat?post=36464"},{"taxonomy":"product_tag","embeddable":true,"href":"https:\/\/rntl.ch\/fitness\/wp-json\/wp\/v2\/product_tag?post=36464"}],"curies":[{"name":"wp","href":"https:\/\/api.w.org\/{rel}","templated":true}]}}