{"id":36801,"date":"2025-11-11T12:13:57","date_gmt":"2025-11-11T11:13:57","guid":{"rendered":"https:\/\/rntl.ch\/fitness\/?post_type=product&#038;p=36801"},"modified":"2025-11-11T12:18:17","modified_gmt":"2025-11-11T11:18:17","slug":"horizon-fitness-xp-indoor-cycle-2","status":"publish","type":"product","link":"https:\/\/rntl.ch\/fitness\/produkt\/horizon-fitness-xp-indoor-cycle-2\/","title":{"rendered":"Horizon Fitness XP Indoor Cycle"},"content":{"rendered":"<h3 data-start=\"677\" data-end=\"709\">Highlights auf einen Blick<\/h3>\n<ul data-start=\"710\" data-end=\"1977\">\n<li data-start=\"710\" data-end=\"909\">\n<p data-start=\"712\" data-end=\"909\">Voll ausgestattete Multimedia-Konsole: 23,8\u2033 (\u2248 60 cm) Full-HD-Touchscreen, ideal nicht nur f\u00fcrs Radtraining sondern auch f\u00fcrs Boden- und Ganzk\u00f6rpertraining.<\/p>\n<\/li>\n<li data-start=\"910\" data-end=\"1147\">\n<p data-start=\"912\" data-end=\"1147\">Smart &amp; vernetzt: Bluetooth FTMS-Konnektivit\u00e4t, Herzfrequenz\u00fcbertragung via Bluetooth, kom\u00adpa\u00adtibel mit Trainings-Apps, so verfolgst Du Leistung, Trittfrequenz, Kalorien und Fortschritt optimal.<\/p>\n<\/li>\n<li data-start=\"1148\" data-end=\"1337\">\n<p data-start=\"1150\" data-end=\"1337\">Hochwertiges Widerstandssystem: ECB (Eddy Current Brake) mit elektrischer Widerstands\u00adverstellung und 25 Stufen, leise, exakt und leistungs\u00adf\u00e4hig.<\/p>\n<\/li>\n<li data-start=\"1338\" data-end=\"1557\">\n<p data-start=\"1340\" data-end=\"1557\">Virtuelle Trainingswelten &amp; On-Demand-Workouts: Ob Sprint-Intervalle (\u201eSprint 8\u201c), virtuelle Strecken-Touren oder gef\u00fchrte Trainings via App, abwechslungsreich und motivierend.<\/p>\n<\/li>\n<li data-start=\"1558\" data-end=\"1789\">\n<p data-start=\"1560\" data-end=\"1789\">Komfort &amp; Anpassung: Stufenlose Verstellung von Sitz (horizontal\/vertikal), Lenker, mehrere Positionen, geeignet f\u00fcr unterschiedliche K\u00f6rpergr\u00f6ssen und Trainingsformen. Payload bis 150 kg.<\/p>\n<\/li>\n<li data-start=\"1790\" data-end=\"1977\">\n<p data-start=\"1792\" data-end=\"1977\">Hochwertige Verarbeitung: Rund 13 kg Schwungrad (Aluminium), Riemenantrieb, solide Rahmenkonstruktion, entwickelt f\u00fcr Heimgebrauch mit Anspruch.<\/p>\n<\/li>\n<\/ul>\n<h3 data-start=\"1979\" data-end=\"2001\">Technische Daten<\/h3>\n<ul data-start=\"2002\" data-end=\"2381\">\n<li data-start=\"2002\" data-end=\"2034\">\n<p data-start=\"2004\" data-end=\"2034\">Einsatzbereich: Heimgebrauch<\/p>\n<\/li>\n<li data-start=\"2035\" data-end=\"2103\">\n<p data-start=\"2037\" data-end=\"2103\">Max. Nutzergewicht: 150 kg<\/p>\n<\/li>\n<li data-start=\"2104\" data-end=\"2201\">\n<p data-start=\"2106\" data-end=\"2201\">Ger\u00e4te\u00admasse: L\u00e4nge 142 cm \u00d7 Breite 57 cm \u00d7 H\u00f6he 150 cm<\/p>\n<\/li>\n<li data-start=\"2202\" data-end=\"2269\">\n<p data-start=\"2204\" data-end=\"2269\">Ger\u00e4tgewicht: ca. 64 kg<\/p>\n<\/li>\n<li data-start=\"2270\" data-end=\"2381\">\n<p data-start=\"2272\" data-end=\"2381\">Garantie: 2 Jahre Komplettgarantie (ausgenommen Verbrauchsmaterial)<\/p>\n<\/li>\n<\/ul>\n<h3 data-start=\"2383\" data-end=\"2408\">Warum RNTL Fitness?<\/h3>\n<p data-start=\"2409\" data-end=\"2766\">Als Ihr Partner im Schweizer Fitness-Equipment bieten wir Dir mit dem Horizon Fitness XP Indoor Cycle ein Trainingsger\u00e4t der Spitzenklasse, perfekt f\u00fcr anspruchsvolle Heimtrainings oder kleine Studio-Setups. Dank unserer Beratung, optionaler Lieferung und Montage-Service machen wir den Einstieg einfach und sorgen daf\u00fcr, dass Sie sofort loslegen k\u00f6nnen.<\/p>\n<h3 data-start=\"2768\" data-end=\"2791\">F\u00fcr wen geeignet?<\/h3>\n<ul data-start=\"2792\" data-end=\"3139\">\n<li data-start=\"2792\" data-end=\"2865\">\n<p data-start=\"2794\" data-end=\"2865\">Heimtrainierende mit Anspruch auf Technik, Komfort und Smart-Features<\/p>\n<\/li>\n<li data-start=\"2866\" data-end=\"2944\">\n<p data-start=\"2868\" data-end=\"2944\">Nutzer, die Spinning-\u00e4hnliches Training ohne externes Studio machen wollen<\/p>\n<\/li>\n<li data-start=\"2945\" data-end=\"3042\">\n<p data-start=\"2947\" data-end=\"3042\">Familien, die ein langlebiges Bike suchen, das sich an unterschiedliche Nutzergr\u00f6ssen anpasst<\/p>\n<\/li>\n<li data-start=\"3043\" data-end=\"3139\">\n<p data-start=\"3045\" data-end=\"3139\">Fitness-Begeisterte, die ihre Daten vernetzt z. B. via App oder Smartwatch auswerten m\u00f6chten<\/p>\n<\/li>\n<\/ul>\n<h3 data-start=\"3141\" data-end=\"3168\">Tipp zur Entscheidung<\/h3>\n<p data-start=\"3169\" data-end=\"3554\">Wenn Du ein Ger\u00e4t m\u00f6chten, das mehr kann als klassische Indoor-Bikes, mit grossem Display, Vernetzung und vielfachen Einsatzm\u00f6glichkeiten (\u201eBike &amp; Bodywork\u201c) , dann ist der Horizon Fitness XP Indoor Cycle eine ausgezeichnete Wahl. Falls Ihr Fokus rein auf einfachem Radtraining liegt, k\u00f6nnte ein Modell mit kleinerem Display und geringerer Ausstattung preislich noch g\u00fcnstiger sein.<\/p>\n","protected":false},"excerpt":{"rendered":"<p>Der grossfl\u00e4chige Touchscreen, vielf\u00e4ltige Programme und smarte Vernetzung sorgen daf\u00fcr, dass jede Fahrt individuell, motivierend und effizient wird.<\/p>\n<p><strong>Kaufpreis [woo_custom_field id=\"rntl_retail_price_field\"].-<\/strong><\/p>\n<p><span style=\"font-weight: 400;\">[rntl_page_content id=\"30523\"]<\/span><\/p>\n","protected":false},"featured_media":36792,"template":"","meta":{"content-type":""},"product_brand":[171],"product_cat":[99],"product_tag":[112],"class_list":{"0":"post-36801","1":"product","2":"type-product","3":"status-publish","4":"has-post-thumbnail","6":"product_brand-horizon","7":"product_cat-indoor-cycling","8":"product_tag-mieten","9":"product_shipping_class-leicht","10":"tm-no-options","12":"first","13":"instock","14":"taxable","15":"shipping-taxable","16":"purchasable","17":"product-type-variable-subscription","18":"has-default-attributes"},"yoast_head":"<!-- This site is optimized with the Yoast SEO plugin v26.3 - https:\/\/yoast.com\/wordpress\/plugins\/seo\/ -->\n<title>Horizon Fitness XP Indoor Cycle - RNTL Fitness<\/title>\n<meta name=\"description\" content=\"Miete, kaufe, oder finanziere f\u00fcr das Ausdauertraining zu Hause den Kettler Crosstrainer bei RNTL.\" \/>\n<meta name=\"robots\" content=\"index, follow, max-snippet:-1, max-image-preview:large, max-video-preview:-1\" \/>\n<link rel=\"canonical\" href=\"https:\/\/rntl.ch\/fitness\/produkt\/horizon-fitness-xp-indoor-cycle-2\/\" \/>\n<meta property=\"og:locale\" content=\"de_DE\" \/>\n<meta property=\"og:type\" content=\"article\" \/>\n<meta property=\"og:title\" content=\"Horizon Fitness XP Indoor Cycle - RNTL Fitness\" \/>\n<meta property=\"og:description\" content=\"Miete, kaufe, oder finanziere f\u00fcr das Ausdauertraining zu Hause den Kettler Crosstrainer bei RNTL.\" \/>\n<meta property=\"og:url\" content=\"https:\/\/rntl.ch\/fitness\/produkt\/horizon-fitness-xp-indoor-cycle-2\/\" \/>\n<meta property=\"og:site_name\" content=\"RNTL Fitness\" \/>\n<meta property=\"article:modified_time\" content=\"2025-11-11T11:18:17+00:00\" \/>\n<meta property=\"og:image\" content=\"https:\/\/rntl.ch\/fitness\/wp-content\/uploads\/sites\/3\/2025\/11\/1-2.png\" \/>\n\t<meta property=\"og:image:width\" content=\"500\" \/>\n\t<meta property=\"og:image:height\" content=\"500\" \/>\n\t<meta property=\"og:image:type\" content=\"image\/png\" \/>\n<meta name=\"twitter:card\" content=\"summary_large_image\" \/>\n<meta name=\"twitter:label1\" content=\"Gesch\u00e4tzte Lesezeit\" \/>\n\t<meta name=\"twitter:data1\" content=\"2\u00a0Minuten\" \/>\n<script type=\"application\/ld+json\" class=\"yoast-schema-graph\">{\"@context\":\"https:\/\/schema.org\",\"@graph\":[{\"@type\":\"WebPage\",\"@id\":\"https:\/\/rntl.ch\/fitness\/produkt\/horizon-fitness-xp-indoor-cycle-2\/\",\"url\":\"https:\/\/rntl.ch\/fitness\/produkt\/horizon-fitness-xp-indoor-cycle-2\/\",\"name\":\"Horizon Fitness XP Indoor Cycle - RNTL Fitness\",\"isPartOf\":{\"@id\":\"https:\/\/rntl.ch\/fitness\/#website\"},\"primaryImageOfPage\":{\"@id\":\"https:\/\/rntl.ch\/fitness\/produkt\/horizon-fitness-xp-indoor-cycle-2\/#primaryimage\"},\"image\":{\"@id\":\"https:\/\/rntl.ch\/fitness\/produkt\/horizon-fitness-xp-indoor-cycle-2\/#primaryimage\"},\"thumbnailUrl\":\"https:\/\/rntl.ch\/fitness\/wp-content\/uploads\/sites\/3\/2025\/11\/1-2.png\",\"datePublished\":\"2025-11-11T11:13:57+00:00\",\"dateModified\":\"2025-11-11T11:18:17+00:00\",\"description\":\"Miete, kaufe, oder finanziere f\u00fcr das Ausdauertraining zu Hause den Kettler Crosstrainer bei RNTL.\",\"breadcrumb\":{\"@id\":\"https:\/\/rntl.ch\/fitness\/produkt\/horizon-fitness-xp-indoor-cycle-2\/#breadcrumb\"},\"inLanguage\":\"de\",\"potentialAction\":[{\"@type\":\"ReadAction\",\"target\":[\"https:\/\/rntl.ch\/fitness\/produkt\/horizon-fitness-xp-indoor-cycle-2\/\"]}]},{\"@type\":\"ImageObject\",\"inLanguage\":\"de\",\"@id\":\"https:\/\/rntl.ch\/fitness\/produkt\/horizon-fitness-xp-indoor-cycle-2\/#primaryimage\",\"url\":\"https:\/\/rntl.ch\/fitness\/wp-content\/uploads\/sites\/3\/2025\/11\/1-2.png\",\"contentUrl\":\"https:\/\/rntl.ch\/fitness\/wp-content\/uploads\/sites\/3\/2025\/11\/1-2.png\",\"width\":500,\"height\":500},{\"@type\":\"BreadcrumbList\",\"@id\":\"https:\/\/rntl.ch\/fitness\/produkt\/horizon-fitness-xp-indoor-cycle-2\/#breadcrumb\",\"itemListElement\":[{\"@type\":\"ListItem\",\"position\":1,\"name\":\"Startseite\",\"item\":\"https:\/\/rntl.ch\/fitness\/\"},{\"@type\":\"ListItem\",\"position\":2,\"name\":\"Shop\",\"item\":\"https:\/\/rntl.ch\/fitness\/shop\/\"},{\"@type\":\"ListItem\",\"position\":3,\"name\":\"Horizon Fitness XP Indoor Cycle\"}]},{\"@type\":\"WebSite\",\"@id\":\"https:\/\/rntl.ch\/fitness\/#website\",\"url\":\"https:\/\/rntl.ch\/fitness\/\",\"name\":\"RNTL Fitness\",\"description\":\"Mieten Einfach Anders\",\"publisher\":{\"@id\":\"https:\/\/rntl.ch\/fitness\/#organization\"},\"potentialAction\":[{\"@type\":\"SearchAction\",\"target\":{\"@type\":\"EntryPoint\",\"urlTemplate\":\"https:\/\/rntl.ch\/fitness\/?s={search_term_string}\"},\"query-input\":{\"@type\":\"PropertyValueSpecification\",\"valueRequired\":true,\"valueName\":\"search_term_string\"}}],\"inLanguage\":\"de\"},{\"@type\":\"Organization\",\"@id\":\"https:\/\/rntl.ch\/fitness\/#organization\",\"name\":\"RNTL Fitness\",\"url\":\"https:\/\/rntl.ch\/fitness\/\",\"logo\":{\"@type\":\"ImageObject\",\"inLanguage\":\"de\",\"@id\":\"https:\/\/rntl.ch\/fitness\/#\/schema\/logo\/image\/\",\"url\":\"https:\/\/rntl.ch\/fitness\/wp-content\/uploads\/sites\/3\/2020\/11\/cropped-rntl_logo_white_530x150.png\",\"contentUrl\":\"https:\/\/rntl.ch\/fitness\/wp-content\/uploads\/sites\/3\/2020\/11\/cropped-rntl_logo_white_530x150.png\",\"width\":530,\"height\":150,\"caption\":\"RNTL Fitness\"},\"image\":{\"@id\":\"https:\/\/rntl.ch\/fitness\/#\/schema\/logo\/image\/\"}}]}<\/script>\n<!-- \/ Yoast SEO plugin. -->","yoast_head_json":{"title":"Horizon Fitness XP Indoor Cycle - RNTL Fitness","description":"Miete, kaufe, oder finanziere f\u00fcr das Ausdauertraining zu Hause den Kettler Crosstrainer bei RNTL.","robots":{"index":"index","follow":"follow","max-snippet":"max-snippet:-1","max-image-preview":"max-image-preview:large","max-video-preview":"max-video-preview:-1"},"canonical":"https:\/\/rntl.ch\/fitness\/produkt\/horizon-fitness-xp-indoor-cycle-2\/","og_locale":"de_DE","og_type":"article","og_title":"Horizon Fitness XP Indoor Cycle - RNTL Fitness","og_description":"Miete, kaufe, oder finanziere f\u00fcr das Ausdauertraining zu Hause den Kettler Crosstrainer bei RNTL.","og_url":"https:\/\/rntl.ch\/fitness\/produkt\/horizon-fitness-xp-indoor-cycle-2\/","og_site_name":"RNTL Fitness","article_modified_time":"2025-11-11T11:18:17+00:00","og_image":[{"width":500,"height":500,"url":"https:\/\/rntl.ch\/fitness\/wp-content\/uploads\/sites\/3\/2025\/11\/1-2.png","type":"image\/png"}],"twitter_card":"summary_large_image","twitter_misc":{"Gesch\u00e4tzte Lesezeit":"2\u00a0Minuten"},"schema":{"@context":"https:\/\/schema.org","@graph":[{"@type":"WebPage","@id":"https:\/\/rntl.ch\/fitness\/produkt\/horizon-fitness-xp-indoor-cycle-2\/","url":"https:\/\/rntl.ch\/fitness\/produkt\/horizon-fitness-xp-indoor-cycle-2\/","name":"Horizon Fitness XP Indoor Cycle - RNTL Fitness","isPartOf":{"@id":"https:\/\/rntl.ch\/fitness\/#website"},"primaryImageOfPage":{"@id":"https:\/\/rntl.ch\/fitness\/produkt\/horizon-fitness-xp-indoor-cycle-2\/#primaryimage"},"image":{"@id":"https:\/\/rntl.ch\/fitness\/produkt\/horizon-fitness-xp-indoor-cycle-2\/#primaryimage"},"thumbnailUrl":"https:\/\/rntl.ch\/fitness\/wp-content\/uploads\/sites\/3\/2025\/11\/1-2.png","datePublished":"2025-11-11T11:13:57+00:00","dateModified":"2025-11-11T11:18:17+00:00","description":"Miete, kaufe, oder finanziere f\u00fcr das Ausdauertraining zu Hause den Kettler Crosstrainer bei RNTL.","breadcrumb":{"@id":"https:\/\/rntl.ch\/fitness\/produkt\/horizon-fitness-xp-indoor-cycle-2\/#breadcrumb"},"inLanguage":"de","potentialAction":[{"@type":"ReadAction","target":["https:\/\/rntl.ch\/fitness\/produkt\/horizon-fitness-xp-indoor-cycle-2\/"]}]},{"@type":"ImageObject","inLanguage":"de","@id":"https:\/\/rntl.ch\/fitness\/produkt\/horizon-fitness-xp-indoor-cycle-2\/#primaryimage","url":"https:\/\/rntl.ch\/fitness\/wp-content\/uploads\/sites\/3\/2025\/11\/1-2.png","contentUrl":"https:\/\/rntl.ch\/fitness\/wp-content\/uploads\/sites\/3\/2025\/11\/1-2.png","width":500,"height":500},{"@type":"BreadcrumbList","@id":"https:\/\/rntl.ch\/fitness\/produkt\/horizon-fitness-xp-indoor-cycle-2\/#breadcrumb","itemListElement":[{"@type":"ListItem","position":1,"name":"Startseite","item":"https:\/\/rntl.ch\/fitness\/"},{"@type":"ListItem","position":2,"name":"Shop","item":"https:\/\/rntl.ch\/fitness\/shop\/"},{"@type":"ListItem","position":3,"name":"Horizon Fitness XP Indoor Cycle"}]},{"@type":"WebSite","@id":"https:\/\/rntl.ch\/fitness\/#website","url":"https:\/\/rntl.ch\/fitness\/","name":"RNTL Fitness","description":"Mieten Einfach Anders","publisher":{"@id":"https:\/\/rntl.ch\/fitness\/#organization"},"potentialAction":[{"@type":"SearchAction","target":{"@type":"EntryPoint","urlTemplate":"https:\/\/rntl.ch\/fitness\/?s={search_term_string}"},"query-input":{"@type":"PropertyValueSpecification","valueRequired":true,"valueName":"search_term_string"}}],"inLanguage":"de"},{"@type":"Organization","@id":"https:\/\/rntl.ch\/fitness\/#organization","name":"RNTL Fitness","url":"https:\/\/rntl.ch\/fitness\/","logo":{"@type":"ImageObject","inLanguage":"de","@id":"https:\/\/rntl.ch\/fitness\/#\/schema\/logo\/image\/","url":"https:\/\/rntl.ch\/fitness\/wp-content\/uploads\/sites\/3\/2020\/11\/cropped-rntl_logo_white_530x150.png","contentUrl":"https:\/\/rntl.ch\/fitness\/wp-content\/uploads\/sites\/3\/2020\/11\/cropped-rntl_logo_white_530x150.png","width":530,"height":150,"caption":"RNTL Fitness"},"image":{"@id":"https:\/\/rntl.ch\/fitness\/#\/schema\/logo\/image\/"}}]}},"_links":{"self":[{"href":"https:\/\/rntl.ch\/fitness\/wp-json\/wp\/v2\/product\/36801","targetHints":{"allow":["GET"]}}],"collection":[{"href":"https:\/\/rntl.ch\/fitness\/wp-json\/wp\/v2\/product"}],"about":[{"href":"https:\/\/rntl.ch\/fitness\/wp-json\/wp\/v2\/types\/product"}],"version-history":[{"count":1,"href":"https:\/\/rntl.ch\/fitness\/wp-json\/wp\/v2\/product\/36801\/revisions"}],"predecessor-version":[{"id":36804,"href":"https:\/\/rntl.ch\/fitness\/wp-json\/wp\/v2\/product\/36801\/revisions\/36804"}],"wp:featuredmedia":[{"embeddable":true,"href":"https:\/\/rntl.ch\/fitness\/wp-json\/wp\/v2\/media\/36792"}],"wp:attachment":[{"href":"https:\/\/rntl.ch\/fitness\/wp-json\/wp\/v2\/media?parent=36801"}],"wp:term":[{"taxonomy":"product_brand","embeddable":true,"href":"https:\/\/rntl.ch\/fitness\/wp-json\/wp\/v2\/product_brand?post=36801"},{"taxonomy":"product_cat","embeddable":true,"href":"https:\/\/rntl.ch\/fitness\/wp-json\/wp\/v2\/product_cat?post=36801"},{"taxonomy":"product_tag","embeddable":true,"href":"https:\/\/rntl.ch\/fitness\/wp-json\/wp\/v2\/product_tag?post=36801"}],"curies":[{"name":"wp","href":"https:\/\/api.w.org\/{rel}","templated":true}]}}