{"id":36858,"date":"2025-11-13T11:48:13","date_gmt":"2025-11-13T10:48:13","guid":{"rendered":"https:\/\/rntl.ch\/fitness\/?post_type=product&#038;p=36858"},"modified":"2025-11-13T13:53:13","modified_gmt":"2025-11-13T12:53:13","slug":"wahoo-kickr-rollr-smart-trainer-2","status":"publish","type":"product","link":"https:\/\/rntl.ch\/fitness\/produkt\/wahoo-kickr-rollr-smart-trainer-2\/","title":{"rendered":"Wahoo KICKR ROLLR Smart Trainer"},"content":{"rendered":"<p data-start=\"419\" data-end=\"436\"><strong data-start=\"419\" data-end=\"434\">Highlights:<\/strong><\/p>\n<ul data-start=\"437\" data-end=\"1352\">\n<li data-start=\"437\" data-end=\"618\">\n<p data-start=\"439\" data-end=\"618\">Freier Rollentrainer mit Vorderradhalterung f\u00fcr sicheren Stand \u2013 perfekt, wenn dein Bike wechseln willst oder mehrere R\u00e4der im Haus stehen.<\/p>\n<\/li>\n<li data-start=\"619\" data-end=\"812\">\n<p data-start=\"621\" data-end=\"812\">Interaktiver Widerstand f\u00fcr ein realistisches Fahrgef\u00fchl: Er nimmt Steuer\u00adsignale von Trainings-Apps entgegen und passt das Fahrgef\u00fchl entsprechend an.<\/p>\n<\/li>\n<li data-start=\"813\" data-end=\"961\">\n<p data-start=\"815\" data-end=\"961\">Maximale Bremsleistung bis <strong data-start=\"842\" data-end=\"853\">1 500 W<\/strong> \u2013 damit bist du auch bei intensiven Einheiten bestens ausgestattet.<\/p>\n<\/li>\n<li data-start=\"962\" data-end=\"1112\">\n<p data-start=\"964\" data-end=\"1112\">Daten\u00fcbertragung via Bluetooth und ANT+ \u2013 zur Nutzung mit deiner bevorzugten Trainings-App oder Steuerger\u00e4t.<\/p>\n<\/li>\n<li data-start=\"1113\" data-end=\"1229\">\n<p data-start=\"1115\" data-end=\"1229\">Kompatibel mit Laufradgr\u00f6ssen 700C\/28\u2033 und Reifenbreiten bis 2,1\u2033 (53 mm).<\/p>\n<\/li>\n<li data-start=\"1230\" data-end=\"1352\">\n<p data-start=\"1232\" data-end=\"1352\">Schwungradgewicht: 4,5 kg \u2013 sorgt f\u00fcr eine stabile und dennoch responsive Fahrt.<\/p>\n<\/li>\n<\/ul>\n<p data-start=\"1354\" data-end=\"1378\"><strong data-start=\"1354\" data-end=\"1376\">Wichtige Hinweise:<\/strong><\/p>\n<ul data-start=\"1379\" data-end=\"2081\">\n<li data-start=\"1379\" data-end=\"1648\">\n<p data-start=\"1381\" data-end=\"1648\">Der KICKR ROLLR <strong data-start=\"1397\" data-end=\"1439\">hat keine integrierte Leistungsmessung<\/strong> \u2013 das heisst, er misst nicht direkt Watt-Output wie ein Powermeter. Stattdessen kann er die Rollgeschwindigkeit \u00fcbertragen und eine virtuelle Leistung berechnen lassen.<\/p>\n<\/li>\n<li data-start=\"1649\" data-end=\"1906\">\n<p data-start=\"1651\" data-end=\"1906\">Falls du die volle Funktion nutzen willst \u2013 insbesondere den ERG-Modus (konstante Leistung) oder H\u00f6henprofile \u2013 empfiehlt sich der Einsatz eines externen Leistungsmessers, z. B. via Pedale wie Wahoos Powerlink Zero.<\/p>\n<\/li>\n<li data-start=\"1907\" data-end=\"2081\">\n<p data-start=\"1909\" data-end=\"2081\">Der Trainer ist prim\u00e4r f\u00fcr Renn- oder Gravel-R\u00e4der ausgelegt; Mountainbikes passen aufgrund Radstand und Reifenbreite weniger gut.<\/p>\n<\/li>\n<\/ul>\n<p data-start=\"2083\" data-end=\"2188\"><strong data-start=\"2083\" data-end=\"2186\">Warum dieser Trainer f\u00fcr dein Home-Gym oder dein Training bei RNTL Fitness eine sehr gute Wahl ist:<\/strong><\/p>\n<ul data-start=\"2189\" data-end=\"2852\">\n<li data-start=\"2189\" data-end=\"2342\">\n<p data-start=\"2191\" data-end=\"2342\">F\u00fcr alle, die regelm\u00e4ssig indoor trainieren wollen oder im Winter auf der Rolle bleiben m\u00f6chten, bietet der KICKR ROLLR ein sehr direktes Fahrgef\u00fchl.<\/p>\n<\/li>\n<li data-start=\"2343\" data-end=\"2490\">\n<p data-start=\"2345\" data-end=\"2490\">Dank Smart-Features l\u00e4sst sich der Trainer mit beliebten Apps wie z. B. Zwift nutzen und damit dein Training spannend und interaktiv gestalten.<\/p>\n<\/li>\n<li data-start=\"2491\" data-end=\"2680\">\n<p data-start=\"2493\" data-end=\"2680\">Da du bei RNTL Fitness die M\u00f6glichkeit bietest, Ger\u00e4te vor dem Kauf zu testen: Der KICKR ROLLR eignet sich hervorragend zum Probieren \u2013 so kann der Kunde das Fahrgef\u00fchl selbst erfahren.<\/p>\n<\/li>\n<li data-start=\"2681\" data-end=\"2852\">\n<p data-start=\"2683\" data-end=\"2852\">Durch die Vorderradhalterung und das freie Rollen-Setup ist auch ein schneller Radwechsel m\u00f6glich \u2013 praktisch, wenn mehrere Nutzer oder R\u00e4der im Haushalt vorhanden sind.<\/p>\n<\/li>\n<\/ul>\n","protected":false},"excerpt":{"rendered":"<p data-start=\"208\" data-end=\"410\">Der <strong data-start=\"221\" data-end=\"256\">Wahoo KICKR ROLLR Smart Trainer<\/strong> verbindet das authentische Fahrgef\u00fchl eines Rollen\u00adtrainers mit der Technik von Wahoos Smart-Trainern \u2013 ideal f\u00fcr ambitionierte Indoor-Cycling-Sessions zuhause.<\/p>\n<p><span style=\"font-weight: 400;\">[rntl_page_content id=\"14687\"]<\/span><\/p>\n<p>&nbsp;<\/p>\n","protected":false},"featured_media":36853,"template":"","meta":{"content-type":""},"product_brand":[164],"product_cat":[99],"product_tag":[112],"class_list":{"0":"post-36858","1":"product","2":"type-product","3":"status-publish","4":"has-post-thumbnail","6":"product_brand-wahoo","7":"product_cat-indoor-cycling","8":"product_tag-mieten","9":"product_shipping_class-paket","10":"tm-no-options","12":"first","13":"instock","14":"taxable","15":"shipping-taxable","16":"purchasable","17":"product-type-variable-subscription","18":"has-default-attributes"},"yoast_head":"<!-- This site is optimized with the Yoast SEO plugin v26.3 - https:\/\/yoast.com\/wordpress\/plugins\/seo\/ -->\n<title>Wahoo KICKR ROLLR Smart Trainer - RNTL Fitness<\/title>\n<meta name=\"description\" content=\"Der Wahoo KICKR ROLLR Smart Trainer ideal f\u00fcr ambitionierte Indoor-Cycling-Sessions zuhause. Mieten, testen, kaufen bei RNTL Fitness.\" \/>\n<meta name=\"robots\" content=\"index, follow, max-snippet:-1, max-image-preview:large, max-video-preview:-1\" \/>\n<link rel=\"canonical\" href=\"https:\/\/rntl.ch\/fitness\/produkt\/wahoo-kickr-rollr-smart-trainer-2\/\" \/>\n<meta property=\"og:locale\" content=\"de_DE\" \/>\n<meta property=\"og:type\" content=\"article\" \/>\n<meta property=\"og:title\" content=\"Wahoo KICKR ROLLR Smart Trainer - RNTL Fitness\" \/>\n<meta property=\"og:description\" content=\"Der Wahoo KICKR ROLLR Smart Trainer ideal f\u00fcr ambitionierte Indoor-Cycling-Sessions zuhause. Mieten, testen, kaufen bei RNTL Fitness.\" \/>\n<meta property=\"og:url\" content=\"https:\/\/rntl.ch\/fitness\/produkt\/wahoo-kickr-rollr-smart-trainer-2\/\" \/>\n<meta property=\"og:site_name\" content=\"RNTL Fitness\" \/>\n<meta property=\"article:modified_time\" content=\"2025-11-13T12:53:13+00:00\" \/>\n<meta property=\"og:image\" content=\"https:\/\/rntl.ch\/fitness\/wp-content\/uploads\/sites\/3\/2025\/11\/1-3.png\" \/>\n\t<meta property=\"og:image:width\" content=\"500\" \/>\n\t<meta property=\"og:image:height\" content=\"500\" \/>\n\t<meta property=\"og:image:type\" content=\"image\/png\" \/>\n<meta name=\"twitter:card\" content=\"summary_large_image\" \/>\n<meta name=\"twitter:label1\" content=\"Gesch\u00e4tzte Lesezeit\" \/>\n\t<meta name=\"twitter:data1\" content=\"2\u00a0Minuten\" \/>\n<script type=\"application\/ld+json\" class=\"yoast-schema-graph\">{\"@context\":\"https:\/\/schema.org\",\"@graph\":[{\"@type\":\"WebPage\",\"@id\":\"https:\/\/rntl.ch\/fitness\/produkt\/wahoo-kickr-rollr-smart-trainer-2\/\",\"url\":\"https:\/\/rntl.ch\/fitness\/produkt\/wahoo-kickr-rollr-smart-trainer-2\/\",\"name\":\"Wahoo KICKR ROLLR Smart Trainer - RNTL Fitness\",\"isPartOf\":{\"@id\":\"https:\/\/rntl.ch\/fitness\/#website\"},\"primaryImageOfPage\":{\"@id\":\"https:\/\/rntl.ch\/fitness\/produkt\/wahoo-kickr-rollr-smart-trainer-2\/#primaryimage\"},\"image\":{\"@id\":\"https:\/\/rntl.ch\/fitness\/produkt\/wahoo-kickr-rollr-smart-trainer-2\/#primaryimage\"},\"thumbnailUrl\":\"https:\/\/rntl.ch\/fitness\/wp-content\/uploads\/sites\/3\/2025\/11\/1-3.png\",\"datePublished\":\"2025-11-13T10:48:13+00:00\",\"dateModified\":\"2025-11-13T12:53:13+00:00\",\"description\":\"Der Wahoo KICKR ROLLR Smart Trainer ideal f\u00fcr ambitionierte Indoor-Cycling-Sessions zuhause. Mieten, testen, kaufen bei RNTL Fitness.\",\"breadcrumb\":{\"@id\":\"https:\/\/rntl.ch\/fitness\/produkt\/wahoo-kickr-rollr-smart-trainer-2\/#breadcrumb\"},\"inLanguage\":\"de\",\"potentialAction\":[{\"@type\":\"ReadAction\",\"target\":[\"https:\/\/rntl.ch\/fitness\/produkt\/wahoo-kickr-rollr-smart-trainer-2\/\"]}]},{\"@type\":\"ImageObject\",\"inLanguage\":\"de\",\"@id\":\"https:\/\/rntl.ch\/fitness\/produkt\/wahoo-kickr-rollr-smart-trainer-2\/#primaryimage\",\"url\":\"https:\/\/rntl.ch\/fitness\/wp-content\/uploads\/sites\/3\/2025\/11\/1-3.png\",\"contentUrl\":\"https:\/\/rntl.ch\/fitness\/wp-content\/uploads\/sites\/3\/2025\/11\/1-3.png\",\"width\":500,\"height\":500},{\"@type\":\"BreadcrumbList\",\"@id\":\"https:\/\/rntl.ch\/fitness\/produkt\/wahoo-kickr-rollr-smart-trainer-2\/#breadcrumb\",\"itemListElement\":[{\"@type\":\"ListItem\",\"position\":1,\"name\":\"Startseite\",\"item\":\"https:\/\/rntl.ch\/fitness\/\"},{\"@type\":\"ListItem\",\"position\":2,\"name\":\"Shop\",\"item\":\"https:\/\/rntl.ch\/fitness\/shop\/\"},{\"@type\":\"ListItem\",\"position\":3,\"name\":\"Wahoo KICKR ROLLR Smart Trainer\"}]},{\"@type\":\"WebSite\",\"@id\":\"https:\/\/rntl.ch\/fitness\/#website\",\"url\":\"https:\/\/rntl.ch\/fitness\/\",\"name\":\"RNTL Fitness\",\"description\":\"Mieten Einfach Anders\",\"publisher\":{\"@id\":\"https:\/\/rntl.ch\/fitness\/#organization\"},\"potentialAction\":[{\"@type\":\"SearchAction\",\"target\":{\"@type\":\"EntryPoint\",\"urlTemplate\":\"https:\/\/rntl.ch\/fitness\/?s={search_term_string}\"},\"query-input\":{\"@type\":\"PropertyValueSpecification\",\"valueRequired\":true,\"valueName\":\"search_term_string\"}}],\"inLanguage\":\"de\"},{\"@type\":\"Organization\",\"@id\":\"https:\/\/rntl.ch\/fitness\/#organization\",\"name\":\"RNTL Fitness\",\"url\":\"https:\/\/rntl.ch\/fitness\/\",\"logo\":{\"@type\":\"ImageObject\",\"inLanguage\":\"de\",\"@id\":\"https:\/\/rntl.ch\/fitness\/#\/schema\/logo\/image\/\",\"url\":\"https:\/\/rntl.ch\/fitness\/wp-content\/uploads\/sites\/3\/2020\/11\/cropped-rntl_logo_white_530x150.png\",\"contentUrl\":\"https:\/\/rntl.ch\/fitness\/wp-content\/uploads\/sites\/3\/2020\/11\/cropped-rntl_logo_white_530x150.png\",\"width\":530,\"height\":150,\"caption\":\"RNTL Fitness\"},\"image\":{\"@id\":\"https:\/\/rntl.ch\/fitness\/#\/schema\/logo\/image\/\"}}]}<\/script>\n<!-- \/ Yoast SEO plugin. -->","yoast_head_json":{"title":"Wahoo KICKR ROLLR Smart Trainer - RNTL Fitness","description":"Der Wahoo KICKR ROLLR Smart Trainer ideal f\u00fcr ambitionierte Indoor-Cycling-Sessions zuhause. Mieten, testen, kaufen bei RNTL Fitness.","robots":{"index":"index","follow":"follow","max-snippet":"max-snippet:-1","max-image-preview":"max-image-preview:large","max-video-preview":"max-video-preview:-1"},"canonical":"https:\/\/rntl.ch\/fitness\/produkt\/wahoo-kickr-rollr-smart-trainer-2\/","og_locale":"de_DE","og_type":"article","og_title":"Wahoo KICKR ROLLR Smart Trainer - RNTL Fitness","og_description":"Der Wahoo KICKR ROLLR Smart Trainer ideal f\u00fcr ambitionierte Indoor-Cycling-Sessions zuhause. Mieten, testen, kaufen bei RNTL Fitness.","og_url":"https:\/\/rntl.ch\/fitness\/produkt\/wahoo-kickr-rollr-smart-trainer-2\/","og_site_name":"RNTL Fitness","article_modified_time":"2025-11-13T12:53:13+00:00","og_image":[{"width":500,"height":500,"url":"https:\/\/rntl.ch\/fitness\/wp-content\/uploads\/sites\/3\/2025\/11\/1-3.png","type":"image\/png"}],"twitter_card":"summary_large_image","twitter_misc":{"Gesch\u00e4tzte Lesezeit":"2\u00a0Minuten"},"schema":{"@context":"https:\/\/schema.org","@graph":[{"@type":"WebPage","@id":"https:\/\/rntl.ch\/fitness\/produkt\/wahoo-kickr-rollr-smart-trainer-2\/","url":"https:\/\/rntl.ch\/fitness\/produkt\/wahoo-kickr-rollr-smart-trainer-2\/","name":"Wahoo KICKR ROLLR Smart Trainer - RNTL Fitness","isPartOf":{"@id":"https:\/\/rntl.ch\/fitness\/#website"},"primaryImageOfPage":{"@id":"https:\/\/rntl.ch\/fitness\/produkt\/wahoo-kickr-rollr-smart-trainer-2\/#primaryimage"},"image":{"@id":"https:\/\/rntl.ch\/fitness\/produkt\/wahoo-kickr-rollr-smart-trainer-2\/#primaryimage"},"thumbnailUrl":"https:\/\/rntl.ch\/fitness\/wp-content\/uploads\/sites\/3\/2025\/11\/1-3.png","datePublished":"2025-11-13T10:48:13+00:00","dateModified":"2025-11-13T12:53:13+00:00","description":"Der Wahoo KICKR ROLLR Smart Trainer ideal f\u00fcr ambitionierte Indoor-Cycling-Sessions zuhause. Mieten, testen, kaufen bei RNTL Fitness.","breadcrumb":{"@id":"https:\/\/rntl.ch\/fitness\/produkt\/wahoo-kickr-rollr-smart-trainer-2\/#breadcrumb"},"inLanguage":"de","potentialAction":[{"@type":"ReadAction","target":["https:\/\/rntl.ch\/fitness\/produkt\/wahoo-kickr-rollr-smart-trainer-2\/"]}]},{"@type":"ImageObject","inLanguage":"de","@id":"https:\/\/rntl.ch\/fitness\/produkt\/wahoo-kickr-rollr-smart-trainer-2\/#primaryimage","url":"https:\/\/rntl.ch\/fitness\/wp-content\/uploads\/sites\/3\/2025\/11\/1-3.png","contentUrl":"https:\/\/rntl.ch\/fitness\/wp-content\/uploads\/sites\/3\/2025\/11\/1-3.png","width":500,"height":500},{"@type":"BreadcrumbList","@id":"https:\/\/rntl.ch\/fitness\/produkt\/wahoo-kickr-rollr-smart-trainer-2\/#breadcrumb","itemListElement":[{"@type":"ListItem","position":1,"name":"Startseite","item":"https:\/\/rntl.ch\/fitness\/"},{"@type":"ListItem","position":2,"name":"Shop","item":"https:\/\/rntl.ch\/fitness\/shop\/"},{"@type":"ListItem","position":3,"name":"Wahoo KICKR ROLLR Smart Trainer"}]},{"@type":"WebSite","@id":"https:\/\/rntl.ch\/fitness\/#website","url":"https:\/\/rntl.ch\/fitness\/","name":"RNTL Fitness","description":"Mieten Einfach Anders","publisher":{"@id":"https:\/\/rntl.ch\/fitness\/#organization"},"potentialAction":[{"@type":"SearchAction","target":{"@type":"EntryPoint","urlTemplate":"https:\/\/rntl.ch\/fitness\/?s={search_term_string}"},"query-input":{"@type":"PropertyValueSpecification","valueRequired":true,"valueName":"search_term_string"}}],"inLanguage":"de"},{"@type":"Organization","@id":"https:\/\/rntl.ch\/fitness\/#organization","name":"RNTL Fitness","url":"https:\/\/rntl.ch\/fitness\/","logo":{"@type":"ImageObject","inLanguage":"de","@id":"https:\/\/rntl.ch\/fitness\/#\/schema\/logo\/image\/","url":"https:\/\/rntl.ch\/fitness\/wp-content\/uploads\/sites\/3\/2020\/11\/cropped-rntl_logo_white_530x150.png","contentUrl":"https:\/\/rntl.ch\/fitness\/wp-content\/uploads\/sites\/3\/2020\/11\/cropped-rntl_logo_white_530x150.png","width":530,"height":150,"caption":"RNTL Fitness"},"image":{"@id":"https:\/\/rntl.ch\/fitness\/#\/schema\/logo\/image\/"}}]}},"_links":{"self":[{"href":"https:\/\/rntl.ch\/fitness\/wp-json\/wp\/v2\/product\/36858","targetHints":{"allow":["GET"]}}],"collection":[{"href":"https:\/\/rntl.ch\/fitness\/wp-json\/wp\/v2\/product"}],"about":[{"href":"https:\/\/rntl.ch\/fitness\/wp-json\/wp\/v2\/types\/product"}],"version-history":[{"count":1,"href":"https:\/\/rntl.ch\/fitness\/wp-json\/wp\/v2\/product\/36858\/revisions"}],"predecessor-version":[{"id":36863,"href":"https:\/\/rntl.ch\/fitness\/wp-json\/wp\/v2\/product\/36858\/revisions\/36863"}],"wp:featuredmedia":[{"embeddable":true,"href":"https:\/\/rntl.ch\/fitness\/wp-json\/wp\/v2\/media\/36853"}],"wp:attachment":[{"href":"https:\/\/rntl.ch\/fitness\/wp-json\/wp\/v2\/media?parent=36858"}],"wp:term":[{"taxonomy":"product_brand","embeddable":true,"href":"https:\/\/rntl.ch\/fitness\/wp-json\/wp\/v2\/product_brand?post=36858"},{"taxonomy":"product_cat","embeddable":true,"href":"https:\/\/rntl.ch\/fitness\/wp-json\/wp\/v2\/product_cat?post=36858"},{"taxonomy":"product_tag","embeddable":true,"href":"https:\/\/rntl.ch\/fitness\/wp-json\/wp\/v2\/product_tag?post=36858"}],"curies":[{"name":"wp","href":"https:\/\/api.w.org\/{rel}","templated":true}]}}