{"id":36864,"date":"2025-11-13T13:30:38","date_gmt":"2025-11-13T12:30:38","guid":{"rendered":"https:\/\/rntl.ch\/fitness\/?post_type=product&#038;p=36864"},"modified":"2025-11-13T13:43:56","modified_gmt":"2025-11-13T12:43:56","slug":"wahoo-kickr-core-2-smart-trainer","status":"publish","type":"product","link":"https:\/\/rntl.ch\/fitness\/produkt\/wahoo-kickr-core-2-smart-trainer\/","title":{"rendered":"Wahoo KICKR CORE 2 Smart Trainer"},"content":{"rendered":"<h3 data-start=\"152\" data-end=\"177\"><strong data-start=\"387\" data-end=\"402\">Highlights:<\/strong><\/h3>\n<ul data-start=\"405\" data-end=\"1401\">\n<li data-start=\"405\" data-end=\"589\">\n<p data-start=\"407\" data-end=\"589\">Direktantrieb: Dein Rad wird ohne Hinterradrollen auf dem Trainer montiert \u2013 das sorgt f\u00fcr ein authentisches Fahrgef\u00fchl und minimalen Schlupf. <a target=\"_blank\" href=\"https:\/\/www.bikeradar.com\/reviews\/training\/indoor-trainers\/wahooo-kickr-core-2-review?utm_source=chatgpt.com\" rel=\"noopener\" class=\"flex h-4.5 overflow-hidden rounded-xl px-2 text-[9px] font-medium transition-colors duration-150 ease-in-out text-token-text-secondary! bg-[#F4F4F4]! dark:bg-[#303030]!\"><\/a>H\u00f6chstleistung bis zu <strong data-start=\"614\" data-end=\"625\">1 800 W<\/strong> und Simulation von Steigungen bis zu <strong data-start=\"663\" data-end=\"672\">+16 %<\/strong> bzw. Gef\u00e4lle bis zu <strong data-start=\"693\" data-end=\"702\">-10 %<\/strong>.<\/p>\n<\/li>\n<li data-start=\"744\" data-end=\"855\">\n<p data-start=\"746\" data-end=\"855\">Sehr pr\u00e4zise Leistungsmessung mit einer Genauigkeit von ca. <strong data-start=\"806\" data-end=\"814\">\u00b12 %<\/strong>.<\/p>\n<\/li>\n<li data-start=\"856\" data-end=\"1043\">\n<p data-start=\"858\" data-end=\"1043\">Moderne Konnektivit\u00e4t: WiFi, ANT+ FE-C, Bluetooth \u2013 damit l\u00e4sst sich der Trainer mit Trainings-Apps wie z. B. Zwift oder der Wahoo App verbinden.<\/p>\n<\/li>\n<li data-start=\"1044\" data-end=\"1258\">\n<p data-start=\"1046\" data-end=\"1258\">Verbesserte Ausstattung gegen\u00fcber Vorg\u00e4ngermodell: z. B. neue Standbeine-Geometrie, Farbcode-LED-Statusanzeige, Sensor-Bridge zur Integration von Herzfrequenz-Sensoren etc.<\/p>\n<\/li>\n<li data-start=\"1259\" data-end=\"1401\">\n<p data-start=\"1261\" data-end=\"1401\">Kompatibel mit 130\/135 mm Schnellspanner und 12\u00d7142 \/ 12\u00d7148 mm Thru-Axle (Adapter im Lieferumfang).<\/p>\n<\/li>\n<\/ul>\n<p data-start=\"1403\" data-end=\"1451\"><strong data-start=\"1403\" data-end=\"1449\">Wichtige Hinweise und Einsatzempfehlungen:<\/strong><\/p>\n<ul data-start=\"1452\" data-end=\"2440\">\n<li data-start=\"1452\" data-end=\"1644\">\n<p data-start=\"1454\" data-end=\"1644\">Da es sich um einen Direktantrieb-Trainer handelt, wird das Hinterrad entfernt und das Rad direkt in den Trainer eingespannt \u2013 das sorgt f\u00fcr ruhiges, sicheres Fahren und weniger Ger\u00e4usche.<\/p>\n<\/li>\n<li data-start=\"1645\" data-end=\"1839\">\n<p data-start=\"1647\" data-end=\"1839\">Wenn du mehrere Bikes (z. B. Rennrad + Gravel + MTB) zuhause hast und h\u00e4ufig wechselst: Achte darauf, dass Achs- und Kassettentypen passen oder mit entsprechenden Adaptern ausgestattet sind.<\/p>\n<\/li>\n<li data-start=\"1840\" data-end=\"2030\">\n<p data-start=\"1842\" data-end=\"2030\">Ideal f\u00fcr Nutzungen wie: intensives Intervalltraining (z. B. ERG-Modus), virtuelle Rennen auf Plattformen wie Zwift oder einfach strukturierte Trainingseinheiten auch in der Nebensaison.<\/p>\n<\/li>\n<li data-start=\"2031\" data-end=\"2225\">\n<p data-start=\"2033\" data-end=\"2225\">Im Heim-Gym Setting von RNTL Fitness kannst du dieses Modell hervorragend zur Vermietung oder zum Test-Setup anbieten \u2013 viele Kunden suchen hochwertige Smart Trainer f\u00fcr das Indoor-Training.<\/p>\n<\/li>\n<li data-start=\"2226\" data-end=\"2440\">\n<p data-start=\"2228\" data-end=\"2440\">Achte bei der Platzierung darauf, dass ausreichend Luftraum vorhanden ist und eventuell eine Matte unter dem Trainer liegt, um Vibration sowie Ger\u00e4uschbel\u00e4stigung zu minimieren \u2013 besonders bei intensiven Sprints.<\/p>\n<\/li>\n<\/ul>\n<p data-start=\"2442\" data-end=\"2494\"><strong data-start=\"2442\" data-end=\"2492\">Warum dieses Modell gut zu RNTL Fitness passt:<\/strong><\/p>\n<ul data-start=\"2495\" data-end=\"3178\">\n<li data-start=\"2495\" data-end=\"2646\">\n<p data-start=\"2497\" data-end=\"2646\">Du kannst deinen Kunden ein sehr gutes Indoor-Trainingserlebnis bieten \u2013 passend zu deinem Home-Gym-Sortiment und zur Vermietung \/ Testm\u00f6glichkeit.<\/p>\n<\/li>\n<li data-start=\"2647\" data-end=\"2808\">\n<p data-start=\"2649\" data-end=\"2808\">Die smarte Konnektivit\u00e4t (WiFi, ANT+, Bluetooth) unterst\u00fctzt moderne Trainingsanspr\u00fcche und Apps \u2013 ein klarer Vorteil gegen\u00fcber herk\u00f6mmlichen Rollentrainern.<\/p>\n<\/li>\n<li data-start=\"2809\" data-end=\"2987\">\n<p data-start=\"2811\" data-end=\"2987\">Die pr\u00e4zise Leistungsmessung (\u00b12 %) macht den Trainer auch f\u00fcr anspruchsvollere Athleten interessant \u2013 also nicht nur f\u00fcr Einsteiger, sondern auch f\u00fcr ambitioniertere Nutzer.<\/p>\n<\/li>\n<li data-start=\"2988\" data-end=\"3178\">\n<p data-start=\"2990\" data-end=\"3178\">Als Anbieter mit Test-M\u00f6glichkeit kannst du diesen Trainer als Premium-Option hervorheben \u2013 w\u00e4hle ihn als \u201eTop-Modell f\u00fcr Indoor-Training zuhause\u201c im Newsletter oder als Vermietungsoption.<\/p>\n<\/li>\n<\/ul>\n","protected":false},"excerpt":{"rendered":"<p data-start=\"208\" data-end=\"410\">Der <strong>Wahoo KICKR CORE 2 Smart Trainer<\/strong> ist ein leistungsf\u00e4higer Direktantrieb-Rollentrainer f\u00fcr Indoor-Training \u2013 ideal f\u00fcr ambitionierte Radfahrer, die zuhause realistisch trainieren m\u00f6chten.<\/p>\n<p><span style=\"font-weight: 400;\">[rntl_page_content id=\"14687\"]<\/span><\/p>\n<p>&nbsp;<\/p>\n","protected":false},"featured_media":36869,"template":"","meta":{"content-type":""},"product_brand":[164],"product_cat":[99],"product_tag":[112],"class_list":{"0":"post-36864","1":"product","2":"type-product","3":"status-publish","4":"has-post-thumbnail","6":"product_brand-wahoo","7":"product_cat-indoor-cycling","8":"product_tag-mieten","9":"product_shipping_class-paket","10":"tm-no-options","12":"first","13":"instock","14":"taxable","15":"shipping-taxable","16":"purchasable","17":"product-type-variable-subscription","18":"has-default-attributes"},"yoast_head":"<!-- This site is optimized with the Yoast SEO plugin v26.3 - https:\/\/yoast.com\/wordpress\/plugins\/seo\/ -->\n<title>Wahoo KICKR CORE 2 Smart Trainer - RNTL Fitness<\/title>\n<meta name=\"description\" content=\"Der Wahoo KICKR ROLLR Smart Trainer ideal f\u00fcr ambitionierte Indoor-Cycling-Sessions zuhause. Mieten, testen, kaufen bei RNTL Fitness.\" \/>\n<meta name=\"robots\" content=\"index, follow, max-snippet:-1, max-image-preview:large, max-video-preview:-1\" \/>\n<link rel=\"canonical\" href=\"https:\/\/rntl.ch\/fitness\/produkt\/wahoo-kickr-core-2-smart-trainer\/\" \/>\n<meta property=\"og:locale\" content=\"de_DE\" \/>\n<meta property=\"og:type\" content=\"article\" \/>\n<meta property=\"og:title\" content=\"Wahoo KICKR CORE 2 Smart Trainer - RNTL Fitness\" \/>\n<meta property=\"og:description\" content=\"Der Wahoo KICKR ROLLR Smart Trainer ideal f\u00fcr ambitionierte Indoor-Cycling-Sessions zuhause. Mieten, testen, kaufen bei RNTL Fitness.\" \/>\n<meta property=\"og:url\" content=\"https:\/\/rntl.ch\/fitness\/produkt\/wahoo-kickr-core-2-smart-trainer\/\" \/>\n<meta property=\"og:site_name\" content=\"RNTL Fitness\" \/>\n<meta property=\"article:modified_time\" content=\"2025-11-13T12:43:56+00:00\" \/>\n<meta property=\"og:image\" content=\"https:\/\/rntl.ch\/fitness\/wp-content\/uploads\/sites\/3\/2025\/11\/1-4.png\" \/>\n\t<meta property=\"og:image:width\" content=\"500\" \/>\n\t<meta property=\"og:image:height\" content=\"500\" \/>\n\t<meta property=\"og:image:type\" content=\"image\/png\" \/>\n<meta name=\"twitter:card\" content=\"summary_large_image\" \/>\n<meta name=\"twitter:label1\" content=\"Gesch\u00e4tzte Lesezeit\" \/>\n\t<meta name=\"twitter:data1\" content=\"3\u00a0Minuten\" \/>\n<script type=\"application\/ld+json\" class=\"yoast-schema-graph\">{\"@context\":\"https:\/\/schema.org\",\"@graph\":[{\"@type\":\"WebPage\",\"@id\":\"https:\/\/rntl.ch\/fitness\/produkt\/wahoo-kickr-core-2-smart-trainer\/\",\"url\":\"https:\/\/rntl.ch\/fitness\/produkt\/wahoo-kickr-core-2-smart-trainer\/\",\"name\":\"Wahoo KICKR CORE 2 Smart Trainer - RNTL Fitness\",\"isPartOf\":{\"@id\":\"https:\/\/rntl.ch\/fitness\/#website\"},\"primaryImageOfPage\":{\"@id\":\"https:\/\/rntl.ch\/fitness\/produkt\/wahoo-kickr-core-2-smart-trainer\/#primaryimage\"},\"image\":{\"@id\":\"https:\/\/rntl.ch\/fitness\/produkt\/wahoo-kickr-core-2-smart-trainer\/#primaryimage\"},\"thumbnailUrl\":\"https:\/\/rntl.ch\/fitness\/wp-content\/uploads\/sites\/3\/2025\/11\/1-4.png\",\"datePublished\":\"2025-11-13T12:30:38+00:00\",\"dateModified\":\"2025-11-13T12:43:56+00:00\",\"description\":\"Der Wahoo KICKR ROLLR Smart Trainer ideal f\u00fcr ambitionierte Indoor-Cycling-Sessions zuhause. Mieten, testen, kaufen bei RNTL Fitness.\",\"breadcrumb\":{\"@id\":\"https:\/\/rntl.ch\/fitness\/produkt\/wahoo-kickr-core-2-smart-trainer\/#breadcrumb\"},\"inLanguage\":\"de\",\"potentialAction\":[{\"@type\":\"ReadAction\",\"target\":[\"https:\/\/rntl.ch\/fitness\/produkt\/wahoo-kickr-core-2-smart-trainer\/\"]}]},{\"@type\":\"ImageObject\",\"inLanguage\":\"de\",\"@id\":\"https:\/\/rntl.ch\/fitness\/produkt\/wahoo-kickr-core-2-smart-trainer\/#primaryimage\",\"url\":\"https:\/\/rntl.ch\/fitness\/wp-content\/uploads\/sites\/3\/2025\/11\/1-4.png\",\"contentUrl\":\"https:\/\/rntl.ch\/fitness\/wp-content\/uploads\/sites\/3\/2025\/11\/1-4.png\",\"width\":500,\"height\":500},{\"@type\":\"BreadcrumbList\",\"@id\":\"https:\/\/rntl.ch\/fitness\/produkt\/wahoo-kickr-core-2-smart-trainer\/#breadcrumb\",\"itemListElement\":[{\"@type\":\"ListItem\",\"position\":1,\"name\":\"Startseite\",\"item\":\"https:\/\/rntl.ch\/fitness\/\"},{\"@type\":\"ListItem\",\"position\":2,\"name\":\"Shop\",\"item\":\"https:\/\/rntl.ch\/fitness\/shop\/\"},{\"@type\":\"ListItem\",\"position\":3,\"name\":\"Wahoo KICKR CORE 2 Smart Trainer\"}]},{\"@type\":\"WebSite\",\"@id\":\"https:\/\/rntl.ch\/fitness\/#website\",\"url\":\"https:\/\/rntl.ch\/fitness\/\",\"name\":\"RNTL Fitness\",\"description\":\"Mieten Einfach Anders\",\"publisher\":{\"@id\":\"https:\/\/rntl.ch\/fitness\/#organization\"},\"potentialAction\":[{\"@type\":\"SearchAction\",\"target\":{\"@type\":\"EntryPoint\",\"urlTemplate\":\"https:\/\/rntl.ch\/fitness\/?s={search_term_string}\"},\"query-input\":{\"@type\":\"PropertyValueSpecification\",\"valueRequired\":true,\"valueName\":\"search_term_string\"}}],\"inLanguage\":\"de\"},{\"@type\":\"Organization\",\"@id\":\"https:\/\/rntl.ch\/fitness\/#organization\",\"name\":\"RNTL Fitness\",\"url\":\"https:\/\/rntl.ch\/fitness\/\",\"logo\":{\"@type\":\"ImageObject\",\"inLanguage\":\"de\",\"@id\":\"https:\/\/rntl.ch\/fitness\/#\/schema\/logo\/image\/\",\"url\":\"https:\/\/rntl.ch\/fitness\/wp-content\/uploads\/sites\/3\/2020\/11\/cropped-rntl_logo_white_530x150.png\",\"contentUrl\":\"https:\/\/rntl.ch\/fitness\/wp-content\/uploads\/sites\/3\/2020\/11\/cropped-rntl_logo_white_530x150.png\",\"width\":530,\"height\":150,\"caption\":\"RNTL Fitness\"},\"image\":{\"@id\":\"https:\/\/rntl.ch\/fitness\/#\/schema\/logo\/image\/\"}}]}<\/script>\n<!-- \/ Yoast SEO plugin. -->","yoast_head_json":{"title":"Wahoo KICKR CORE 2 Smart Trainer - RNTL Fitness","description":"Der Wahoo KICKR ROLLR Smart Trainer ideal f\u00fcr ambitionierte Indoor-Cycling-Sessions zuhause. Mieten, testen, kaufen bei RNTL Fitness.","robots":{"index":"index","follow":"follow","max-snippet":"max-snippet:-1","max-image-preview":"max-image-preview:large","max-video-preview":"max-video-preview:-1"},"canonical":"https:\/\/rntl.ch\/fitness\/produkt\/wahoo-kickr-core-2-smart-trainer\/","og_locale":"de_DE","og_type":"article","og_title":"Wahoo KICKR CORE 2 Smart Trainer - RNTL Fitness","og_description":"Der Wahoo KICKR ROLLR Smart Trainer ideal f\u00fcr ambitionierte Indoor-Cycling-Sessions zuhause. Mieten, testen, kaufen bei RNTL Fitness.","og_url":"https:\/\/rntl.ch\/fitness\/produkt\/wahoo-kickr-core-2-smart-trainer\/","og_site_name":"RNTL Fitness","article_modified_time":"2025-11-13T12:43:56+00:00","og_image":[{"width":500,"height":500,"url":"https:\/\/rntl.ch\/fitness\/wp-content\/uploads\/sites\/3\/2025\/11\/1-4.png","type":"image\/png"}],"twitter_card":"summary_large_image","twitter_misc":{"Gesch\u00e4tzte Lesezeit":"3\u00a0Minuten"},"schema":{"@context":"https:\/\/schema.org","@graph":[{"@type":"WebPage","@id":"https:\/\/rntl.ch\/fitness\/produkt\/wahoo-kickr-core-2-smart-trainer\/","url":"https:\/\/rntl.ch\/fitness\/produkt\/wahoo-kickr-core-2-smart-trainer\/","name":"Wahoo KICKR CORE 2 Smart Trainer - RNTL Fitness","isPartOf":{"@id":"https:\/\/rntl.ch\/fitness\/#website"},"primaryImageOfPage":{"@id":"https:\/\/rntl.ch\/fitness\/produkt\/wahoo-kickr-core-2-smart-trainer\/#primaryimage"},"image":{"@id":"https:\/\/rntl.ch\/fitness\/produkt\/wahoo-kickr-core-2-smart-trainer\/#primaryimage"},"thumbnailUrl":"https:\/\/rntl.ch\/fitness\/wp-content\/uploads\/sites\/3\/2025\/11\/1-4.png","datePublished":"2025-11-13T12:30:38+00:00","dateModified":"2025-11-13T12:43:56+00:00","description":"Der Wahoo KICKR ROLLR Smart Trainer ideal f\u00fcr ambitionierte Indoor-Cycling-Sessions zuhause. Mieten, testen, kaufen bei RNTL Fitness.","breadcrumb":{"@id":"https:\/\/rntl.ch\/fitness\/produkt\/wahoo-kickr-core-2-smart-trainer\/#breadcrumb"},"inLanguage":"de","potentialAction":[{"@type":"ReadAction","target":["https:\/\/rntl.ch\/fitness\/produkt\/wahoo-kickr-core-2-smart-trainer\/"]}]},{"@type":"ImageObject","inLanguage":"de","@id":"https:\/\/rntl.ch\/fitness\/produkt\/wahoo-kickr-core-2-smart-trainer\/#primaryimage","url":"https:\/\/rntl.ch\/fitness\/wp-content\/uploads\/sites\/3\/2025\/11\/1-4.png","contentUrl":"https:\/\/rntl.ch\/fitness\/wp-content\/uploads\/sites\/3\/2025\/11\/1-4.png","width":500,"height":500},{"@type":"BreadcrumbList","@id":"https:\/\/rntl.ch\/fitness\/produkt\/wahoo-kickr-core-2-smart-trainer\/#breadcrumb","itemListElement":[{"@type":"ListItem","position":1,"name":"Startseite","item":"https:\/\/rntl.ch\/fitness\/"},{"@type":"ListItem","position":2,"name":"Shop","item":"https:\/\/rntl.ch\/fitness\/shop\/"},{"@type":"ListItem","position":3,"name":"Wahoo KICKR CORE 2 Smart Trainer"}]},{"@type":"WebSite","@id":"https:\/\/rntl.ch\/fitness\/#website","url":"https:\/\/rntl.ch\/fitness\/","name":"RNTL Fitness","description":"Mieten Einfach Anders","publisher":{"@id":"https:\/\/rntl.ch\/fitness\/#organization"},"potentialAction":[{"@type":"SearchAction","target":{"@type":"EntryPoint","urlTemplate":"https:\/\/rntl.ch\/fitness\/?s={search_term_string}"},"query-input":{"@type":"PropertyValueSpecification","valueRequired":true,"valueName":"search_term_string"}}],"inLanguage":"de"},{"@type":"Organization","@id":"https:\/\/rntl.ch\/fitness\/#organization","name":"RNTL Fitness","url":"https:\/\/rntl.ch\/fitness\/","logo":{"@type":"ImageObject","inLanguage":"de","@id":"https:\/\/rntl.ch\/fitness\/#\/schema\/logo\/image\/","url":"https:\/\/rntl.ch\/fitness\/wp-content\/uploads\/sites\/3\/2020\/11\/cropped-rntl_logo_white_530x150.png","contentUrl":"https:\/\/rntl.ch\/fitness\/wp-content\/uploads\/sites\/3\/2020\/11\/cropped-rntl_logo_white_530x150.png","width":530,"height":150,"caption":"RNTL Fitness"},"image":{"@id":"https:\/\/rntl.ch\/fitness\/#\/schema\/logo\/image\/"}}]}},"_links":{"self":[{"href":"https:\/\/rntl.ch\/fitness\/wp-json\/wp\/v2\/product\/36864","targetHints":{"allow":["GET"]}}],"collection":[{"href":"https:\/\/rntl.ch\/fitness\/wp-json\/wp\/v2\/product"}],"about":[{"href":"https:\/\/rntl.ch\/fitness\/wp-json\/wp\/v2\/types\/product"}],"version-history":[{"count":1,"href":"https:\/\/rntl.ch\/fitness\/wp-json\/wp\/v2\/product\/36864\/revisions"}],"predecessor-version":[{"id":36873,"href":"https:\/\/rntl.ch\/fitness\/wp-json\/wp\/v2\/product\/36864\/revisions\/36873"}],"wp:featuredmedia":[{"embeddable":true,"href":"https:\/\/rntl.ch\/fitness\/wp-json\/wp\/v2\/media\/36869"}],"wp:attachment":[{"href":"https:\/\/rntl.ch\/fitness\/wp-json\/wp\/v2\/media?parent=36864"}],"wp:term":[{"taxonomy":"product_brand","embeddable":true,"href":"https:\/\/rntl.ch\/fitness\/wp-json\/wp\/v2\/product_brand?post=36864"},{"taxonomy":"product_cat","embeddable":true,"href":"https:\/\/rntl.ch\/fitness\/wp-json\/wp\/v2\/product_cat?post=36864"},{"taxonomy":"product_tag","embeddable":true,"href":"https:\/\/rntl.ch\/fitness\/wp-json\/wp\/v2\/product_tag?post=36864"}],"curies":[{"name":"wp","href":"https:\/\/api.w.org\/{rel}","templated":true}]}}