{"id":36894,"date":"2025-11-13T14:03:42","date_gmt":"2025-11-13T13:03:42","guid":{"rendered":"https:\/\/rntl.ch\/fitness\/?post_type=product&#038;p=36894"},"modified":"2025-11-13T14:06:40","modified_gmt":"2025-11-13T13:06:40","slug":"wahoo-kickr-desk-v2-2","status":"publish","type":"product","link":"https:\/\/rntl.ch\/fitness\/produkt\/wahoo-kickr-desk-v2-2\/","title":{"rendered":"Wahoo KICKR Desk V2"},"content":{"rendered":"<h3 data-start=\"152\" data-end=\"177\"><strong data-start=\"468\" data-end=\"483\">Highlights:<\/strong><\/h3>\n<ul data-start=\"486\" data-end=\"1469\">\n<li data-start=\"486\" data-end=\"595\">\n<p data-start=\"488\" data-end=\"595\">Voll h\u00f6henverstellbar: Ideal f\u00fcr Sitz-, Steh- oder Ride-Positionen.<\/p>\n<\/li>\n<li data-start=\"596\" data-end=\"793\">\n<p data-start=\"598\" data-end=\"793\">Robuster Stahlrahmen mit rutschfester Tischfl\u00e4che \u2013 sorgt daf\u00fcr, dass Tablet, Smartphone, Zubeh\u00f6r oder Getr\u00e4nk sicher stehen bleiben \u2013 auch beim Schwitzen.<\/p>\n<\/li>\n<li data-start=\"794\" data-end=\"977\">\n<p data-start=\"796\" data-end=\"977\">Integrierte Halterungen f\u00fcr Tablet und Smartphone sowie \u00d6ffnungen f\u00fcr Kabelmanagement \u2013 perfekt f\u00fcr Trainings-Apps oder Work-from-Home-Setup.<\/p>\n<\/li>\n<li data-start=\"978\" data-end=\"1162\">\n<p data-start=\"980\" data-end=\"1162\">Neue Features (V2): Haken an den Tischbeinen f\u00fcr z. B. Handt\u00fccher oder Zubeh\u00f6r, Vertiefungen f\u00fcr Wasserflaschen und Halterungen f\u00fcr USB-Kabel.<\/p>\n<\/li>\n<li data-start=\"1163\" data-end=\"1301\">\n<p data-start=\"1165\" data-end=\"1301\">Rollen zum einfachen Bewegen: Der Tisch l\u00e4sst sich bei Bedarf leicht verschieben oder umstellen.<\/p>\n<\/li>\n<li data-start=\"1302\" data-end=\"1469\">\n<p data-start=\"1304\" data-end=\"1469\">Flexible Nutzbarkeit: Nicht nur als Trainings-Desk mit dem Trainer nutzbar, sondern auch als Stehschreibtisch im Home-Office.<\/p>\n<\/li>\n<\/ul>\n<p data-start=\"1471\" data-end=\"1503\"><strong data-start=\"1471\" data-end=\"1501\">Technische Daten (Auszug):<\/strong><\/p>\n<ul data-start=\"1504\" data-end=\"1819\">\n<li data-start=\"1504\" data-end=\"1600\">\n<p data-start=\"1506\" data-end=\"1600\">Tischplatte Breite \u00d7 Tiefe: ca. 71 \u00d7 36 cm (28\u2033 \u00d7 14\u2033)<\/p>\n<\/li>\n<li data-start=\"1601\" data-end=\"1705\">\n<p data-start=\"1603\" data-end=\"1705\">Grundfl\u00e4che Basis (Breite \u00d7 Tiefe): ca. 71 \u00d7 76 cm (28\u2033 \u00d7 30\u2033)<\/p>\n<\/li>\n<li data-start=\"1706\" data-end=\"1819\">\n<p data-start=\"1708\" data-end=\"1819\">H\u00f6henverstellung: ca. 88 \u2013 119 cm (bei V2) vom Boden bis Tischplatte.<\/p>\n<\/li>\n<\/ul>\n<p data-start=\"1821\" data-end=\"1873\"><strong data-start=\"1821\" data-end=\"1871\">Warum dieses Modell gut zu RNTL Fitness passt:<\/strong><\/p>\n<ul data-start=\"1874\" data-end=\"2429\">\n<li data-start=\"1874\" data-end=\"2092\">\n<p data-start=\"1876\" data-end=\"2092\">In deinem Home-Gym-Sortiment bei RNTL Fitness erg\u00e4nzt der KICKR Desk V2 perfekt die Trainer-Umgebung \u2013 Kunden k\u00f6nnen mit dem Trainer fahren und gleichzeitig Zugriff auf ihre Trainings-Apps oder Arbeitsger\u00e4te haben.<\/p>\n<\/li>\n<li data-start=\"2093\" data-end=\"2268\">\n<p data-start=\"2095\" data-end=\"2268\">Ideal, wenn du Ger\u00e4te auch vermietest oder zur Probe anbietest: Der Schreibtisch l\u00e4sst sich schnell zwischen \u201eTraining\u201c und \u201eOffice\u201c umstellen \u2013 flexibel und platzsparend.<\/p>\n<\/li>\n<li data-start=\"2269\" data-end=\"2429\">\n<p data-start=\"2271\" data-end=\"2429\">Durch das hochwertige Branding (\u201eWahoo\u201c) positionierst du dich in deinem Shop mit einem Premium-Zubeh\u00f6rteil, was das Gesamt-Erlebnis f\u00fcr den Kunden aufwertet.<\/p>\n<\/li>\n<\/ul>\n","protected":false},"excerpt":{"rendered":"<p data-start=\"208\" data-end=\"410\">Der <strong>Wahoo KICKR Desk V2<\/strong> ist ein vielseitiger Indoor-Cycling-Schreibtisch \u2013 der ideale Begleiter f\u00fcr dein Heim-Gym oder Trainingsraum. Ob du gerade mit dem Bike auf dem Trainer sitzt oder im Stand arbeitest \u2013 dieses Tischsystem passt sich flexibel an.<\/p>\n<p><span style=\"font-weight: 400;\">[rntl_page_content id=\"19556\"]<\/span><\/p>\n<p>&nbsp;<\/p>\n","protected":false},"featured_media":36892,"template":"","meta":{"content-type":""},"product_brand":[164],"product_cat":[99,32],"product_tag":[26,107],"class_list":{"0":"post-36894","1":"product","2":"type-product","3":"status-publish","4":"has-post-thumbnail","6":"product_brand-wahoo","7":"product_cat-indoor-cycling","8":"product_cat-zusatzausruestung","9":"product_tag-kaufen","10":"product_tag-kaufen-neu","11":"product_shipping_class-paket","12":"tm-no-options","14":"first","15":"instock","16":"taxable","17":"shipping-taxable","18":"purchasable","19":"product-type-simple"},"yoast_head":"<!-- This site is optimized with the Yoast SEO plugin v26.3 - https:\/\/yoast.com\/wordpress\/plugins\/seo\/ -->\n<title>Wahoo KICKR Desk V2 - RNTL Fitness<\/title>\n<meta name=\"description\" content=\"Der Wahoo KICKR Desk V2 ideal f\u00fcr ambitionierte Indoor-Cycling-Sessions zuhause. Mieten, testen, kaufen bei RNTL Fitness.\" \/>\n<meta name=\"robots\" content=\"index, follow, max-snippet:-1, max-image-preview:large, max-video-preview:-1\" \/>\n<link rel=\"canonical\" href=\"https:\/\/rntl.ch\/fitness\/produkt\/wahoo-kickr-desk-v2-2\/\" \/>\n<meta property=\"og:locale\" content=\"de_DE\" \/>\n<meta property=\"og:type\" content=\"article\" \/>\n<meta property=\"og:title\" content=\"Wahoo KICKR Desk V2 - RNTL Fitness\" \/>\n<meta property=\"og:description\" content=\"Der Wahoo KICKR Desk V2 ideal f\u00fcr ambitionierte Indoor-Cycling-Sessions zuhause. Mieten, testen, kaufen bei RNTL Fitness.\" \/>\n<meta property=\"og:url\" content=\"https:\/\/rntl.ch\/fitness\/produkt\/wahoo-kickr-desk-v2-2\/\" \/>\n<meta property=\"og:site_name\" content=\"RNTL Fitness\" \/>\n<meta property=\"article:modified_time\" content=\"2025-11-13T13:06:40+00:00\" \/>\n<meta property=\"og:image\" content=\"https:\/\/rntl.ch\/fitness\/wp-content\/uploads\/sites\/3\/2025\/11\/wahoo_wfdesk2_05.jpg\" \/>\n\t<meta property=\"og:image:width\" content=\"700\" \/>\n\t<meta property=\"og:image:height\" content=\"700\" \/>\n\t<meta property=\"og:image:type\" content=\"image\/jpeg\" \/>\n<meta name=\"twitter:card\" content=\"summary_large_image\" \/>\n<meta name=\"twitter:label1\" content=\"Gesch\u00e4tzte Lesezeit\" \/>\n\t<meta name=\"twitter:data1\" content=\"2\u00a0Minuten\" \/>\n<script type=\"application\/ld+json\" class=\"yoast-schema-graph\">{\"@context\":\"https:\/\/schema.org\",\"@graph\":[{\"@type\":\"WebPage\",\"@id\":\"https:\/\/rntl.ch\/fitness\/produkt\/wahoo-kickr-desk-v2-2\/\",\"url\":\"https:\/\/rntl.ch\/fitness\/produkt\/wahoo-kickr-desk-v2-2\/\",\"name\":\"Wahoo KICKR Desk V2 - RNTL Fitness\",\"isPartOf\":{\"@id\":\"https:\/\/rntl.ch\/fitness\/#website\"},\"primaryImageOfPage\":{\"@id\":\"https:\/\/rntl.ch\/fitness\/produkt\/wahoo-kickr-desk-v2-2\/#primaryimage\"},\"image\":{\"@id\":\"https:\/\/rntl.ch\/fitness\/produkt\/wahoo-kickr-desk-v2-2\/#primaryimage\"},\"thumbnailUrl\":\"https:\/\/rntl.ch\/fitness\/wp-content\/uploads\/sites\/3\/2025\/11\/wahoo_wfdesk2_05.jpg\",\"datePublished\":\"2025-11-13T13:03:42+00:00\",\"dateModified\":\"2025-11-13T13:06:40+00:00\",\"description\":\"Der Wahoo KICKR Desk V2 ideal f\u00fcr ambitionierte Indoor-Cycling-Sessions zuhause. Mieten, testen, kaufen bei RNTL Fitness.\",\"breadcrumb\":{\"@id\":\"https:\/\/rntl.ch\/fitness\/produkt\/wahoo-kickr-desk-v2-2\/#breadcrumb\"},\"inLanguage\":\"de\",\"potentialAction\":[{\"@type\":\"ReadAction\",\"target\":[\"https:\/\/rntl.ch\/fitness\/produkt\/wahoo-kickr-desk-v2-2\/\"]}]},{\"@type\":\"ImageObject\",\"inLanguage\":\"de\",\"@id\":\"https:\/\/rntl.ch\/fitness\/produkt\/wahoo-kickr-desk-v2-2\/#primaryimage\",\"url\":\"https:\/\/rntl.ch\/fitness\/wp-content\/uploads\/sites\/3\/2025\/11\/wahoo_wfdesk2_05.jpg\",\"contentUrl\":\"https:\/\/rntl.ch\/fitness\/wp-content\/uploads\/sites\/3\/2025\/11\/wahoo_wfdesk2_05.jpg\",\"width\":700,\"height\":700},{\"@type\":\"BreadcrumbList\",\"@id\":\"https:\/\/rntl.ch\/fitness\/produkt\/wahoo-kickr-desk-v2-2\/#breadcrumb\",\"itemListElement\":[{\"@type\":\"ListItem\",\"position\":1,\"name\":\"Startseite\",\"item\":\"https:\/\/rntl.ch\/fitness\/\"},{\"@type\":\"ListItem\",\"position\":2,\"name\":\"Shop\",\"item\":\"https:\/\/rntl.ch\/fitness\/shop\/\"},{\"@type\":\"ListItem\",\"position\":3,\"name\":\"Wahoo KICKR Desk V2\"}]},{\"@type\":\"WebSite\",\"@id\":\"https:\/\/rntl.ch\/fitness\/#website\",\"url\":\"https:\/\/rntl.ch\/fitness\/\",\"name\":\"RNTL Fitness\",\"description\":\"Mieten Einfach Anders\",\"publisher\":{\"@id\":\"https:\/\/rntl.ch\/fitness\/#organization\"},\"potentialAction\":[{\"@type\":\"SearchAction\",\"target\":{\"@type\":\"EntryPoint\",\"urlTemplate\":\"https:\/\/rntl.ch\/fitness\/?s={search_term_string}\"},\"query-input\":{\"@type\":\"PropertyValueSpecification\",\"valueRequired\":true,\"valueName\":\"search_term_string\"}}],\"inLanguage\":\"de\"},{\"@type\":\"Organization\",\"@id\":\"https:\/\/rntl.ch\/fitness\/#organization\",\"name\":\"RNTL Fitness\",\"url\":\"https:\/\/rntl.ch\/fitness\/\",\"logo\":{\"@type\":\"ImageObject\",\"inLanguage\":\"de\",\"@id\":\"https:\/\/rntl.ch\/fitness\/#\/schema\/logo\/image\/\",\"url\":\"https:\/\/rntl.ch\/fitness\/wp-content\/uploads\/sites\/3\/2020\/11\/cropped-rntl_logo_white_530x150.png\",\"contentUrl\":\"https:\/\/rntl.ch\/fitness\/wp-content\/uploads\/sites\/3\/2020\/11\/cropped-rntl_logo_white_530x150.png\",\"width\":530,\"height\":150,\"caption\":\"RNTL Fitness\"},\"image\":{\"@id\":\"https:\/\/rntl.ch\/fitness\/#\/schema\/logo\/image\/\"}}]}<\/script>\n<!-- \/ Yoast SEO plugin. -->","yoast_head_json":{"title":"Wahoo KICKR Desk V2 - RNTL Fitness","description":"Der Wahoo KICKR Desk V2 ideal f\u00fcr ambitionierte Indoor-Cycling-Sessions zuhause. Mieten, testen, kaufen bei RNTL Fitness.","robots":{"index":"index","follow":"follow","max-snippet":"max-snippet:-1","max-image-preview":"max-image-preview:large","max-video-preview":"max-video-preview:-1"},"canonical":"https:\/\/rntl.ch\/fitness\/produkt\/wahoo-kickr-desk-v2-2\/","og_locale":"de_DE","og_type":"article","og_title":"Wahoo KICKR Desk V2 - RNTL Fitness","og_description":"Der Wahoo KICKR Desk V2 ideal f\u00fcr ambitionierte Indoor-Cycling-Sessions zuhause. Mieten, testen, kaufen bei RNTL Fitness.","og_url":"https:\/\/rntl.ch\/fitness\/produkt\/wahoo-kickr-desk-v2-2\/","og_site_name":"RNTL Fitness","article_modified_time":"2025-11-13T13:06:40+00:00","og_image":[{"width":700,"height":700,"url":"https:\/\/rntl.ch\/fitness\/wp-content\/uploads\/sites\/3\/2025\/11\/wahoo_wfdesk2_05.jpg","type":"image\/jpeg"}],"twitter_card":"summary_large_image","twitter_misc":{"Gesch\u00e4tzte Lesezeit":"2\u00a0Minuten"},"schema":{"@context":"https:\/\/schema.org","@graph":[{"@type":"WebPage","@id":"https:\/\/rntl.ch\/fitness\/produkt\/wahoo-kickr-desk-v2-2\/","url":"https:\/\/rntl.ch\/fitness\/produkt\/wahoo-kickr-desk-v2-2\/","name":"Wahoo KICKR Desk V2 - RNTL Fitness","isPartOf":{"@id":"https:\/\/rntl.ch\/fitness\/#website"},"primaryImageOfPage":{"@id":"https:\/\/rntl.ch\/fitness\/produkt\/wahoo-kickr-desk-v2-2\/#primaryimage"},"image":{"@id":"https:\/\/rntl.ch\/fitness\/produkt\/wahoo-kickr-desk-v2-2\/#primaryimage"},"thumbnailUrl":"https:\/\/rntl.ch\/fitness\/wp-content\/uploads\/sites\/3\/2025\/11\/wahoo_wfdesk2_05.jpg","datePublished":"2025-11-13T13:03:42+00:00","dateModified":"2025-11-13T13:06:40+00:00","description":"Der Wahoo KICKR Desk V2 ideal f\u00fcr ambitionierte Indoor-Cycling-Sessions zuhause. Mieten, testen, kaufen bei RNTL Fitness.","breadcrumb":{"@id":"https:\/\/rntl.ch\/fitness\/produkt\/wahoo-kickr-desk-v2-2\/#breadcrumb"},"inLanguage":"de","potentialAction":[{"@type":"ReadAction","target":["https:\/\/rntl.ch\/fitness\/produkt\/wahoo-kickr-desk-v2-2\/"]}]},{"@type":"ImageObject","inLanguage":"de","@id":"https:\/\/rntl.ch\/fitness\/produkt\/wahoo-kickr-desk-v2-2\/#primaryimage","url":"https:\/\/rntl.ch\/fitness\/wp-content\/uploads\/sites\/3\/2025\/11\/wahoo_wfdesk2_05.jpg","contentUrl":"https:\/\/rntl.ch\/fitness\/wp-content\/uploads\/sites\/3\/2025\/11\/wahoo_wfdesk2_05.jpg","width":700,"height":700},{"@type":"BreadcrumbList","@id":"https:\/\/rntl.ch\/fitness\/produkt\/wahoo-kickr-desk-v2-2\/#breadcrumb","itemListElement":[{"@type":"ListItem","position":1,"name":"Startseite","item":"https:\/\/rntl.ch\/fitness\/"},{"@type":"ListItem","position":2,"name":"Shop","item":"https:\/\/rntl.ch\/fitness\/shop\/"},{"@type":"ListItem","position":3,"name":"Wahoo KICKR Desk V2"}]},{"@type":"WebSite","@id":"https:\/\/rntl.ch\/fitness\/#website","url":"https:\/\/rntl.ch\/fitness\/","name":"RNTL Fitness","description":"Mieten Einfach Anders","publisher":{"@id":"https:\/\/rntl.ch\/fitness\/#organization"},"potentialAction":[{"@type":"SearchAction","target":{"@type":"EntryPoint","urlTemplate":"https:\/\/rntl.ch\/fitness\/?s={search_term_string}"},"query-input":{"@type":"PropertyValueSpecification","valueRequired":true,"valueName":"search_term_string"}}],"inLanguage":"de"},{"@type":"Organization","@id":"https:\/\/rntl.ch\/fitness\/#organization","name":"RNTL Fitness","url":"https:\/\/rntl.ch\/fitness\/","logo":{"@type":"ImageObject","inLanguage":"de","@id":"https:\/\/rntl.ch\/fitness\/#\/schema\/logo\/image\/","url":"https:\/\/rntl.ch\/fitness\/wp-content\/uploads\/sites\/3\/2020\/11\/cropped-rntl_logo_white_530x150.png","contentUrl":"https:\/\/rntl.ch\/fitness\/wp-content\/uploads\/sites\/3\/2020\/11\/cropped-rntl_logo_white_530x150.png","width":530,"height":150,"caption":"RNTL Fitness"},"image":{"@id":"https:\/\/rntl.ch\/fitness\/#\/schema\/logo\/image\/"}}]}},"_links":{"self":[{"href":"https:\/\/rntl.ch\/fitness\/wp-json\/wp\/v2\/product\/36894","targetHints":{"allow":["GET"]}}],"collection":[{"href":"https:\/\/rntl.ch\/fitness\/wp-json\/wp\/v2\/product"}],"about":[{"href":"https:\/\/rntl.ch\/fitness\/wp-json\/wp\/v2\/types\/product"}],"version-history":[{"count":2,"href":"https:\/\/rntl.ch\/fitness\/wp-json\/wp\/v2\/product\/36894\/revisions"}],"predecessor-version":[{"id":36900,"href":"https:\/\/rntl.ch\/fitness\/wp-json\/wp\/v2\/product\/36894\/revisions\/36900"}],"wp:featuredmedia":[{"embeddable":true,"href":"https:\/\/rntl.ch\/fitness\/wp-json\/wp\/v2\/media\/36892"}],"wp:attachment":[{"href":"https:\/\/rntl.ch\/fitness\/wp-json\/wp\/v2\/media?parent=36894"}],"wp:term":[{"taxonomy":"product_brand","embeddable":true,"href":"https:\/\/rntl.ch\/fitness\/wp-json\/wp\/v2\/product_brand?post=36894"},{"taxonomy":"product_cat","embeddable":true,"href":"https:\/\/rntl.ch\/fitness\/wp-json\/wp\/v2\/product_cat?post=36894"},{"taxonomy":"product_tag","embeddable":true,"href":"https:\/\/rntl.ch\/fitness\/wp-json\/wp\/v2\/product_tag?post=36894"}],"curies":[{"name":"wp","href":"https:\/\/api.w.org\/{rel}","templated":true}]}}