{"id":36995,"date":"2025-11-17T09:57:12","date_gmt":"2025-11-17T08:57:12","guid":{"rendered":"https:\/\/rntl.ch\/fitness\/?post_type=product&#038;p=36995"},"modified":"2025-11-17T10:14:54","modified_gmt":"2025-11-17T09:14:54","slug":"horizon-oxford-6-rudergeraet","status":"publish","type":"product","link":"https:\/\/rntl.ch\/fitness\/produkt\/horizon-oxford-6-rudergeraet\/","title":{"rendered":"Horizon Ruderger\u00e4t Oxford 6"},"content":{"rendered":"<p data-start=\"134\" data-end=\"149\">Ob Ausdauer- oder Kraftkomponente: Mit diesem Ger\u00e4t trainieren Sie gelenkschonend nahezu alle Hauptmuskelgruppen und st\u00e4rken gleichzeitig Ihr Herz-Kreislauf-System. Die Kombination aus hochwertiger Gleitschiene, ergonomischem Sitz und modernem Widerstandssystem macht es zu einem zuverl\u00e4ssigen Trainingspartner.<\/p>\n<h3 data-start=\"593\" data-end=\"619\">Highlights im Detail<\/h3>\n<ul data-start=\"620\" data-end=\"1842\">\n<li data-start=\"620\" data-end=\"854\">\n<p data-start=\"622\" data-end=\"854\"><strong data-start=\"622\" data-end=\"652\">Pr\u00e4zises Widerstandssystem<\/strong>: Das Ger\u00e4t verf\u00fcgt \u00fcber ein Wirbelstrom- bzw. Induktionsbrems-System (\u201eeddy current\u201c), das eine sehr gleichm\u00e4\u00dfige und leise Widerstandscharakteristik erm\u00f6glicht.<\/p>\n<\/li>\n<li data-start=\"855\" data-end=\"1049\">\n<p data-start=\"857\" data-end=\"1049\"><strong data-start=\"857\" data-end=\"879\">Trainingsprogramme<\/strong>: Insgesamt 12 Trainingsprogramme sind integriert \u2013 z. B. manuell, Fettverbrennung, Distanz, Intervall, Herzfrequenzsteuerung usw.<\/p>\n<\/li>\n<li data-start=\"1050\" data-end=\"1285\">\n<p data-start=\"1052\" data-end=\"1285\"><strong data-start=\"1052\" data-end=\"1099\">Gro\u00dfz\u00fcgige Gleitschiene &amp; komfortabler Sitz<\/strong>: Die Aluminiumgleitschiene sorgt f\u00fcr eine stabile, gleitende Bewegung; der ERGO COMFORT Sitz bietet Komfort auch bei l\u00e4ngeren Trainingseinheiten.<\/p>\n<\/li>\n<li data-start=\"1286\" data-end=\"1482\">\n<p data-start=\"1288\" data-end=\"1482\"><strong data-start=\"1288\" data-end=\"1309\">Flexible Lagerung<\/strong>: Das Ger\u00e4t kann nach dem Training platzsparend aufgestellt werden (vertikal) und besitzt Transportrollen zur leichteren Verlagerung.<\/p>\n<\/li>\n<li data-start=\"1483\" data-end=\"1708\">\n<p data-start=\"1485\" data-end=\"1708\"><strong data-start=\"1485\" data-end=\"1522\">Gro\u00dfes Display mit vielen Angaben<\/strong>: Das 5,4\u2033-LCD-Display zeigt Zeit, Ruderschl\u00e4ge pro Minute (SPM), Strecke, Zeit\/500 m, Herzfrequenz, Wattzahl, Kalorien, Geschwindigkeit und mehr.<\/p>\n<\/li>\n<li data-start=\"1709\" data-end=\"1842\">\n<p data-start=\"1711\" data-end=\"1842\"><strong data-start=\"1711\" data-end=\"1742\">F\u00fcr starke Nutzer ausgelegt<\/strong>: Maximal zul\u00e4ssiges Nutzergewicht bis <strong data-start=\"1781\" data-end=\"1791\">159 kg<\/strong> angegeben.<\/p>\n<\/li>\n<\/ul>\n<h3 data-start=\"1844\" data-end=\"1876\">Technische Daten (Auswahl)<\/h3>\n<div class=\"_tableContainer_1rjym_1\">\n<div class=\"group _tableWrapper_1rjym_13 flex w-fit flex-col-reverse\" tabindex=\"-1\">\n<table class=\"w-fit min-w-(--thread-content-width)\" data-start=\"1877\" data-end=\"2502\">\n<thead data-start=\"1877\" data-end=\"1938\">\n<tr data-start=\"1877\" data-end=\"1938\">\n<th data-start=\"1877\" data-end=\"1901\" data-col-size=\"sm\">Merkmal<\/th>\n<th data-start=\"1901\" data-end=\"1938\" data-col-size=\"md\">Wert<\/th>\n<\/tr>\n<\/thead>\n<tbody data-start=\"2002\" data-end=\"2502\">\n<tr data-start=\"2002\" data-end=\"2114\">\n<td data-start=\"2002\" data-end=\"2027\" data-col-size=\"sm\">Ma\u00dfe (L \u00d7 B \u00d7 H)<\/td>\n<td data-col-size=\"md\" data-start=\"2027\" data-end=\"2114\">ca. 211 \u00d7 62 \u00d7 110 cm (L\u00e4nge x Breite x H\u00f6he)<\/td>\n<\/tr>\n<tr data-start=\"2115\" data-end=\"2240\">\n<td data-start=\"2115\" data-end=\"2140\" data-col-size=\"sm\">Aufgestellt \/ Lagerung<\/td>\n<td data-start=\"2140\" data-end=\"2240\" data-col-size=\"md\">Kurzma\u00df beim senkrechten Aufstellen: ca. 110 \u00d7 62 \u00d7 211 cm<\/td>\n<\/tr>\n<tr data-start=\"2241\" data-end=\"2319\">\n<td data-start=\"2241\" data-end=\"2266\" data-col-size=\"sm\">Gewicht<\/td>\n<td data-start=\"2266\" data-end=\"2319\" data-col-size=\"md\">ca. 41 kg<\/td>\n<\/tr>\n<tr data-start=\"2320\" data-end=\"2422\">\n<td data-start=\"2320\" data-end=\"2346\" data-col-size=\"sm\">Widerstandslevel<\/td>\n<td data-start=\"2346\" data-end=\"2422\" data-col-size=\"md\">20 elektronisch regelbare Stufen<\/td>\n<\/tr>\n<tr data-start=\"2423\" data-end=\"2502\">\n<td data-start=\"2423\" data-end=\"2448\" data-col-size=\"sm\">Nutzer-Maximalgewicht<\/td>\n<td data-start=\"2448\" data-end=\"2502\" data-col-size=\"md\">ca. 159 kg<\/td>\n<\/tr>\n<\/tbody>\n<\/table>\n<\/div>\n<\/div>\n<p data-start=\"3344\" data-end=\"3503\">\n<blockquote data-start=\"3545\" data-end=\"4452\">\n<p data-start=\"4275\" data-end=\"4452\">\n<\/blockquote>\n","protected":false},"excerpt":{"rendered":"<p data-start=\"208\" data-end=\"410\">Das Horizon Oxford 6 Ruderger\u00e4t verbindet elegantes Design mit solider Technik \u2013 ideal f\u00fcr das anspruchsvolle Heimtraining.<\/p>\n<p><span style=\"font-weight: 400;\">[rntl_page_content id=\"14687\"]<\/span><\/p>\n<p>&nbsp;<\/p>\n","protected":false},"featured_media":37000,"template":"","meta":{"content-type":""},"product_brand":[171],"product_cat":[29],"product_tag":[112],"class_list":{"0":"post-36995","1":"product","2":"type-product","3":"status-publish","4":"has-post-thumbnail","6":"product_brand-horizon","7":"product_cat-rudergeraete","8":"product_tag-mieten","9":"product_shipping_class-leicht","10":"tm-no-options","12":"first","13":"instock","14":"taxable","15":"shipping-taxable","16":"purchasable","17":"product-type-variable-subscription","18":"has-default-attributes"},"yoast_head":"<!-- This site is optimized with the Yoast SEO plugin v26.3 - https:\/\/yoast.com\/wordpress\/plugins\/seo\/ -->\n<title>Horizon Ruderger\u00e4t Oxford 6 - RNTL Fitness<\/title>\n<meta name=\"description\" content=\"Der Wahoo KICKR Desk V2 ideal f\u00fcr ambitionierte Indoor-Cycling-Sessions zuhause. Mieten, testen, kaufen bei RNTL Fitness.\" \/>\n<meta name=\"robots\" content=\"index, follow, max-snippet:-1, max-image-preview:large, max-video-preview:-1\" \/>\n<link rel=\"canonical\" href=\"https:\/\/rntl.ch\/fitness\/produkt\/horizon-oxford-6-rudergeraet\/\" \/>\n<meta property=\"og:locale\" content=\"de_DE\" \/>\n<meta property=\"og:type\" content=\"article\" \/>\n<meta property=\"og:title\" content=\"Horizon Ruderger\u00e4t Oxford 6 - RNTL Fitness\" \/>\n<meta property=\"og:description\" content=\"Der Wahoo KICKR Desk V2 ideal f\u00fcr ambitionierte Indoor-Cycling-Sessions zuhause. Mieten, testen, kaufen bei RNTL Fitness.\" \/>\n<meta property=\"og:url\" content=\"https:\/\/rntl.ch\/fitness\/produkt\/horizon-oxford-6-rudergeraet\/\" \/>\n<meta property=\"og:site_name\" content=\"RNTL Fitness\" \/>\n<meta property=\"article:modified_time\" content=\"2025-11-17T09:14:54+00:00\" \/>\n<meta property=\"og:image\" content=\"https:\/\/rntl.ch\/fitness\/wp-content\/uploads\/sites\/3\/2025\/11\/1-6.png\" \/>\n\t<meta property=\"og:image:width\" content=\"500\" \/>\n\t<meta property=\"og:image:height\" content=\"500\" \/>\n\t<meta property=\"og:image:type\" content=\"image\/png\" \/>\n<meta name=\"twitter:card\" content=\"summary_large_image\" \/>\n<meta name=\"twitter:label1\" content=\"Gesch\u00e4tzte Lesezeit\" \/>\n\t<meta name=\"twitter:data1\" content=\"2\u00a0Minuten\" \/>\n<script type=\"application\/ld+json\" class=\"yoast-schema-graph\">{\"@context\":\"https:\/\/schema.org\",\"@graph\":[{\"@type\":\"WebPage\",\"@id\":\"https:\/\/rntl.ch\/fitness\/produkt\/horizon-oxford-6-rudergeraet\/\",\"url\":\"https:\/\/rntl.ch\/fitness\/produkt\/horizon-oxford-6-rudergeraet\/\",\"name\":\"Horizon Ruderger\u00e4t Oxford 6 - RNTL Fitness\",\"isPartOf\":{\"@id\":\"https:\/\/rntl.ch\/fitness\/#website\"},\"primaryImageOfPage\":{\"@id\":\"https:\/\/rntl.ch\/fitness\/produkt\/horizon-oxford-6-rudergeraet\/#primaryimage\"},\"image\":{\"@id\":\"https:\/\/rntl.ch\/fitness\/produkt\/horizon-oxford-6-rudergeraet\/#primaryimage\"},\"thumbnailUrl\":\"https:\/\/rntl.ch\/fitness\/wp-content\/uploads\/sites\/3\/2025\/11\/1-6.png\",\"datePublished\":\"2025-11-17T08:57:12+00:00\",\"dateModified\":\"2025-11-17T09:14:54+00:00\",\"description\":\"Der Wahoo KICKR Desk V2 ideal f\u00fcr ambitionierte Indoor-Cycling-Sessions zuhause. Mieten, testen, kaufen bei RNTL Fitness.\",\"breadcrumb\":{\"@id\":\"https:\/\/rntl.ch\/fitness\/produkt\/horizon-oxford-6-rudergeraet\/#breadcrumb\"},\"inLanguage\":\"de\",\"potentialAction\":[{\"@type\":\"ReadAction\",\"target\":[\"https:\/\/rntl.ch\/fitness\/produkt\/horizon-oxford-6-rudergeraet\/\"]}]},{\"@type\":\"ImageObject\",\"inLanguage\":\"de\",\"@id\":\"https:\/\/rntl.ch\/fitness\/produkt\/horizon-oxford-6-rudergeraet\/#primaryimage\",\"url\":\"https:\/\/rntl.ch\/fitness\/wp-content\/uploads\/sites\/3\/2025\/11\/1-6.png\",\"contentUrl\":\"https:\/\/rntl.ch\/fitness\/wp-content\/uploads\/sites\/3\/2025\/11\/1-6.png\",\"width\":500,\"height\":500},{\"@type\":\"BreadcrumbList\",\"@id\":\"https:\/\/rntl.ch\/fitness\/produkt\/horizon-oxford-6-rudergeraet\/#breadcrumb\",\"itemListElement\":[{\"@type\":\"ListItem\",\"position\":1,\"name\":\"Startseite\",\"item\":\"https:\/\/rntl.ch\/fitness\/\"},{\"@type\":\"ListItem\",\"position\":2,\"name\":\"Shop\",\"item\":\"https:\/\/rntl.ch\/fitness\/shop\/\"},{\"@type\":\"ListItem\",\"position\":3,\"name\":\"Horizon Ruderger\u00e4t Oxford 6\"}]},{\"@type\":\"WebSite\",\"@id\":\"https:\/\/rntl.ch\/fitness\/#website\",\"url\":\"https:\/\/rntl.ch\/fitness\/\",\"name\":\"RNTL Fitness\",\"description\":\"Mieten Einfach Anders\",\"publisher\":{\"@id\":\"https:\/\/rntl.ch\/fitness\/#organization\"},\"potentialAction\":[{\"@type\":\"SearchAction\",\"target\":{\"@type\":\"EntryPoint\",\"urlTemplate\":\"https:\/\/rntl.ch\/fitness\/?s={search_term_string}\"},\"query-input\":{\"@type\":\"PropertyValueSpecification\",\"valueRequired\":true,\"valueName\":\"search_term_string\"}}],\"inLanguage\":\"de\"},{\"@type\":\"Organization\",\"@id\":\"https:\/\/rntl.ch\/fitness\/#organization\",\"name\":\"RNTL Fitness\",\"url\":\"https:\/\/rntl.ch\/fitness\/\",\"logo\":{\"@type\":\"ImageObject\",\"inLanguage\":\"de\",\"@id\":\"https:\/\/rntl.ch\/fitness\/#\/schema\/logo\/image\/\",\"url\":\"https:\/\/rntl.ch\/fitness\/wp-content\/uploads\/sites\/3\/2020\/11\/cropped-rntl_logo_white_530x150.png\",\"contentUrl\":\"https:\/\/rntl.ch\/fitness\/wp-content\/uploads\/sites\/3\/2020\/11\/cropped-rntl_logo_white_530x150.png\",\"width\":530,\"height\":150,\"caption\":\"RNTL Fitness\"},\"image\":{\"@id\":\"https:\/\/rntl.ch\/fitness\/#\/schema\/logo\/image\/\"}}]}<\/script>\n<!-- \/ Yoast SEO plugin. -->","yoast_head_json":{"title":"Horizon Ruderger\u00e4t Oxford 6 - RNTL Fitness","description":"Der Wahoo KICKR Desk V2 ideal f\u00fcr ambitionierte Indoor-Cycling-Sessions zuhause. Mieten, testen, kaufen bei RNTL Fitness.","robots":{"index":"index","follow":"follow","max-snippet":"max-snippet:-1","max-image-preview":"max-image-preview:large","max-video-preview":"max-video-preview:-1"},"canonical":"https:\/\/rntl.ch\/fitness\/produkt\/horizon-oxford-6-rudergeraet\/","og_locale":"de_DE","og_type":"article","og_title":"Horizon Ruderger\u00e4t Oxford 6 - RNTL Fitness","og_description":"Der Wahoo KICKR Desk V2 ideal f\u00fcr ambitionierte Indoor-Cycling-Sessions zuhause. Mieten, testen, kaufen bei RNTL Fitness.","og_url":"https:\/\/rntl.ch\/fitness\/produkt\/horizon-oxford-6-rudergeraet\/","og_site_name":"RNTL Fitness","article_modified_time":"2025-11-17T09:14:54+00:00","og_image":[{"width":500,"height":500,"url":"https:\/\/rntl.ch\/fitness\/wp-content\/uploads\/sites\/3\/2025\/11\/1-6.png","type":"image\/png"}],"twitter_card":"summary_large_image","twitter_misc":{"Gesch\u00e4tzte Lesezeit":"2\u00a0Minuten"},"schema":{"@context":"https:\/\/schema.org","@graph":[{"@type":"WebPage","@id":"https:\/\/rntl.ch\/fitness\/produkt\/horizon-oxford-6-rudergeraet\/","url":"https:\/\/rntl.ch\/fitness\/produkt\/horizon-oxford-6-rudergeraet\/","name":"Horizon Ruderger\u00e4t Oxford 6 - RNTL Fitness","isPartOf":{"@id":"https:\/\/rntl.ch\/fitness\/#website"},"primaryImageOfPage":{"@id":"https:\/\/rntl.ch\/fitness\/produkt\/horizon-oxford-6-rudergeraet\/#primaryimage"},"image":{"@id":"https:\/\/rntl.ch\/fitness\/produkt\/horizon-oxford-6-rudergeraet\/#primaryimage"},"thumbnailUrl":"https:\/\/rntl.ch\/fitness\/wp-content\/uploads\/sites\/3\/2025\/11\/1-6.png","datePublished":"2025-11-17T08:57:12+00:00","dateModified":"2025-11-17T09:14:54+00:00","description":"Der Wahoo KICKR Desk V2 ideal f\u00fcr ambitionierte Indoor-Cycling-Sessions zuhause. Mieten, testen, kaufen bei RNTL Fitness.","breadcrumb":{"@id":"https:\/\/rntl.ch\/fitness\/produkt\/horizon-oxford-6-rudergeraet\/#breadcrumb"},"inLanguage":"de","potentialAction":[{"@type":"ReadAction","target":["https:\/\/rntl.ch\/fitness\/produkt\/horizon-oxford-6-rudergeraet\/"]}]},{"@type":"ImageObject","inLanguage":"de","@id":"https:\/\/rntl.ch\/fitness\/produkt\/horizon-oxford-6-rudergeraet\/#primaryimage","url":"https:\/\/rntl.ch\/fitness\/wp-content\/uploads\/sites\/3\/2025\/11\/1-6.png","contentUrl":"https:\/\/rntl.ch\/fitness\/wp-content\/uploads\/sites\/3\/2025\/11\/1-6.png","width":500,"height":500},{"@type":"BreadcrumbList","@id":"https:\/\/rntl.ch\/fitness\/produkt\/horizon-oxford-6-rudergeraet\/#breadcrumb","itemListElement":[{"@type":"ListItem","position":1,"name":"Startseite","item":"https:\/\/rntl.ch\/fitness\/"},{"@type":"ListItem","position":2,"name":"Shop","item":"https:\/\/rntl.ch\/fitness\/shop\/"},{"@type":"ListItem","position":3,"name":"Horizon Ruderger\u00e4t Oxford 6"}]},{"@type":"WebSite","@id":"https:\/\/rntl.ch\/fitness\/#website","url":"https:\/\/rntl.ch\/fitness\/","name":"RNTL Fitness","description":"Mieten Einfach Anders","publisher":{"@id":"https:\/\/rntl.ch\/fitness\/#organization"},"potentialAction":[{"@type":"SearchAction","target":{"@type":"EntryPoint","urlTemplate":"https:\/\/rntl.ch\/fitness\/?s={search_term_string}"},"query-input":{"@type":"PropertyValueSpecification","valueRequired":true,"valueName":"search_term_string"}}],"inLanguage":"de"},{"@type":"Organization","@id":"https:\/\/rntl.ch\/fitness\/#organization","name":"RNTL Fitness","url":"https:\/\/rntl.ch\/fitness\/","logo":{"@type":"ImageObject","inLanguage":"de","@id":"https:\/\/rntl.ch\/fitness\/#\/schema\/logo\/image\/","url":"https:\/\/rntl.ch\/fitness\/wp-content\/uploads\/sites\/3\/2020\/11\/cropped-rntl_logo_white_530x150.png","contentUrl":"https:\/\/rntl.ch\/fitness\/wp-content\/uploads\/sites\/3\/2020\/11\/cropped-rntl_logo_white_530x150.png","width":530,"height":150,"caption":"RNTL Fitness"},"image":{"@id":"https:\/\/rntl.ch\/fitness\/#\/schema\/logo\/image\/"}}]}},"_links":{"self":[{"href":"https:\/\/rntl.ch\/fitness\/wp-json\/wp\/v2\/product\/36995","targetHints":{"allow":["GET"]}}],"collection":[{"href":"https:\/\/rntl.ch\/fitness\/wp-json\/wp\/v2\/product"}],"about":[{"href":"https:\/\/rntl.ch\/fitness\/wp-json\/wp\/v2\/types\/product"}],"version-history":[{"count":1,"href":"https:\/\/rntl.ch\/fitness\/wp-json\/wp\/v2\/product\/36995\/revisions"}],"predecessor-version":[{"id":37007,"href":"https:\/\/rntl.ch\/fitness\/wp-json\/wp\/v2\/product\/36995\/revisions\/37007"}],"wp:featuredmedia":[{"embeddable":true,"href":"https:\/\/rntl.ch\/fitness\/wp-json\/wp\/v2\/media\/37000"}],"wp:attachment":[{"href":"https:\/\/rntl.ch\/fitness\/wp-json\/wp\/v2\/media?parent=36995"}],"wp:term":[{"taxonomy":"product_brand","embeddable":true,"href":"https:\/\/rntl.ch\/fitness\/wp-json\/wp\/v2\/product_brand?post=36995"},{"taxonomy":"product_cat","embeddable":true,"href":"https:\/\/rntl.ch\/fitness\/wp-json\/wp\/v2\/product_cat?post=36995"},{"taxonomy":"product_tag","embeddable":true,"href":"https:\/\/rntl.ch\/fitness\/wp-json\/wp\/v2\/product_tag?post=36995"}],"curies":[{"name":"wp","href":"https:\/\/api.w.org\/{rel}","templated":true}]}}