{"id":37286,"date":"2025-11-26T20:37:34","date_gmt":"2025-11-26T19:37:34","guid":{"rendered":"https:\/\/rntl.ch\/fitness\/?post_type=product&#038;p=37286"},"modified":"2025-11-26T20:52:37","modified_gmt":"2025-11-26T19:52:37","slug":"wahoo-kickr-bike-wifi-v2","status":"publish","type":"product","link":"https:\/\/rntl.ch\/fitness\/produkt\/wahoo-kickr-bike-wifi-v2\/","title":{"rendered":"Wahoo KICKR Bike WiFi V2"},"content":{"rendered":"<h3 data-start=\"626\" data-end=\"653\">\u2705 Highlights &amp; Vorteile<\/h3>\n<ul data-start=\"655\" data-end=\"2223\">\n<li data-start=\"655\" data-end=\"907\">\n<p data-start=\"657\" data-end=\"907\"><strong data-start=\"657\" data-end=\"716\">Realistisches Fahrgef\u00fchl &amp; Steigungs-\/Gef\u00e4llesimulation<\/strong><br data-start=\"716\" data-end=\"719\" \/>Das KICKR Bike ahmt sowohl Widerstand als auch Steigungen und Gef\u00e4lle realit\u00e4tsnah nach \u2014 so sp\u00fcrst du Anstiege und Abfahrten wie auf der Strasse. <a target=\"_blank\" href=\"https:\/\/nordic.wahoofitness.com\/products\/wahoo-kickr-bike-v2?srsltid=AfmBOorQHxVCVih9HA0bJYHDdaChp2b1a4-2-NCh-Rc3jGYQCabR8J8K&amp;utm_source=chatgpt.com\" rel=\"noopener\" class=\"flex h-4.5 overflow-hidden rounded-xl px-2 text-[9px] font-medium transition-colors duration-150 ease-in-out text-token-text-secondary! bg-[#F4F4F4]! dark:bg-[#303030]!\"><\/a><\/p>\n<\/li>\n<li data-start=\"655\" data-end=\"907\">\n<p data-start=\"657\" data-end=\"907\"><a target=\"_blank\" href=\"https:\/\/nordic.wahoofitness.com\/products\/wahoo-kickr-bike-v2?srsltid=AfmBOorQHxVCVih9HA0bJYHDdaChp2b1a4-2-NCh-Rc3jGYQCabR8J8K&amp;utm_source=chatgpt.com\" rel=\"noopener\" class=\"flex h-4.5 overflow-hidden rounded-xl px-2 text-[9px] font-medium transition-colors duration-150 ease-in-out text-token-text-secondary! bg-[#F4F4F4]! dark:bg-[#303030]!\"><\/a><strong data-start=\"911\" data-end=\"950\">Volle Smartphone-\/App-Konnektivit\u00e4t<\/strong><br data-start=\"950\" data-end=\"953\" \/>Mit WLAN, ANT+, Bluetooth und ANT+ FE-C ist das Bike mit iOS, Android oder PC (Mac\/Windows) kompatibel \u2014 ideal f\u00fcr Trainings-Apps wie Zwift, SYSTM, Rouvy oder Strava.<\/p>\n<\/li>\n<li data-start=\"1163\" data-end=\"1413\">\n<p data-start=\"1165\" data-end=\"1413\"><strong data-start=\"1165\" data-end=\"1205\">Top-Genauigkeit &amp; Leistungsf\u00e4higkeit<\/strong><br data-start=\"1205\" data-end=\"1208\" \/>Widerstand per elektromagnetischem Motor, mit Leistungsmessung auf \u00b11 % genau \u2014 so bist du auch bei intensiven Workouts oder Watt-Tests auf Profi-Niveau unterwegs.<\/p>\n<\/li>\n<li data-start=\"1415\" data-end=\"1748\">\n<p data-start=\"1417\" data-end=\"1748\"><strong data-start=\"1417\" data-end=\"1451\">Anpassbar wie dein Outdoor-Rad<\/strong><br data-start=\"1451\" data-end=\"1454\" \/>F\u00fcnf Einstellpunkte (Sattel\u00adh\u00f6he, Rahmenh\u00f6he, Reach, Stack, Versatz) und wechselbare Kurbel\u00adl\u00e4ngen erm\u00f6glichen, das Bike perfekt an deine K\u00f6rper\u00admasse und Fahr\u00adweise anzupassen. Auch Lenker, Sattel und Pedale deines Stra\u00dfenrades k\u00f6nnen montiert werden.<\/p>\n<\/li>\n<li data-start=\"1750\" data-end=\"1986\">\n<p data-start=\"1752\" data-end=\"1986\"><strong data-start=\"1752\" data-end=\"1785\">Komfort &amp; Alltagstauglichkeit<\/strong><br data-start=\"1785\" data-end=\"1788\" \/>Das Bike verf\u00fcgt \u00fcber einen eingebauten Kilometerz\u00e4hler (Odometer), automatische Software-Updates \u00fcber WLAN und ist sofort einsatzbereit \u2013 \u201eout of the box\u201c.<\/p>\n<\/li>\n<li data-start=\"1988\" data-end=\"2223\">\n<p data-start=\"1990\" data-end=\"2223\"><strong data-start=\"1990\" data-end=\"2018\">Gro\u00dfe Nutzerflexibilit\u00e4t<\/strong><br data-start=\"2018\" data-end=\"2021\" \/>Geeignet f\u00fcr Personen von ca. 152 cm bis 193 cm K\u00f6rpergr\u00f6sse und bis ca. 113 kg Gewicht. Damit passt es f\u00fcr Freizeitfahrer genauso wie ambitionierte Sportler.<\/p>\n<\/li>\n<\/ul>\n<hr data-start=\"2225\" data-end=\"2228\" \/>\n<h3 data-start=\"2230\" data-end=\"2270\">\ud83c\udfe1 F\u00fcr wen ist das KICKR Bike ideal?<\/h3>\n<ul data-start=\"2272\" data-end=\"2675\">\n<li data-start=\"2272\" data-end=\"2359\">\n<p data-start=\"2274\" data-end=\"2359\">F\u00fcr alle, die auch bei schlechtem Wetter oder im Winter flexibel trainieren wollen.<\/p>\n<\/li>\n<li data-start=\"2360\" data-end=\"2480\">\n<p data-start=\"2362\" data-end=\"2480\">F\u00fcr ambitionierte Radsportler, die Watt-basiertes Training, Intervalle oder Simulation von Steigungen nutzen wollen.<\/p>\n<\/li>\n<li data-start=\"2481\" data-end=\"2562\">\n<p data-start=\"2483\" data-end=\"2562\">F\u00fcr Nutzer, die Wert auf Komfort, Langlebigkeit und einfache Bedienung legen.<\/p>\n<\/li>\n<li data-start=\"2563\" data-end=\"2675\">\n<p data-start=\"2565\" data-end=\"2675\">Ideal auch f\u00fcr Personen, die ihr Indoor-Training mit digitalen Plattformen und Smart-Apps vernetzen m\u00f6chten.<\/p>\n<\/li>\n<\/ul>\n<p><iframe title=\"Wahoo KICKR Indoor Bike Trainers - Ride The Revolution\" width=\"980\" height=\"551\" src=\"https:\/\/www.youtube.com\/embed\/qOkVJryTbck?feature=oembed&#038;enablejsapi=1&#038;origin=https:\/\/rntl.ch\" frameborder=\"0\" allow=\"accelerometer; autoplay; clipboard-write; encrypted-media; gyroscope; picture-in-picture; web-share\" referrerpolicy=\"strict-origin-when-cross-origin\" allowfullscreen><\/iframe><\/p>\n<p>&nbsp;<\/p>\n","protected":false},"excerpt":{"rendered":"<p>Mit modernster Technologie verwandelt es dein Wohnzimmer in ein professionelles Fahrrad-Studio.<\/p>\n<p><span style=\"font-weight: 400;\">[rntl_page_content id=\"14687\"]<\/span><\/p>\n<div class=\"woocommerce-product-details__short-description\">\n<p>&nbsp;<\/p>\n<\/div>\n","protected":false},"featured_media":37291,"template":"","meta":{"content-type":""},"product_brand":[164],"product_cat":[99],"product_tag":[112],"class_list":{"0":"post-37286","1":"product","2":"type-product","3":"status-publish","4":"has-post-thumbnail","6":"product_brand-wahoo","7":"product_cat-indoor-cycling","8":"product_tag-mieten","9":"product_shipping_class-leicht","10":"tm-no-options","12":"first","13":"instock","14":"taxable","15":"shipping-taxable","16":"purchasable","17":"product-type-variable-subscription","18":"has-default-attributes"},"yoast_head":"<!-- This site is optimized with the Yoast SEO plugin v26.3 - https:\/\/yoast.com\/wordpress\/plugins\/seo\/ -->\n<title>Wahoo KICKR Bike WiFi V2 - RNTL Fitness<\/title>\n<meta name=\"description\" content=\"Meta-Beschreibung: Erleben Sie effektive Workouts mit dem Matrix Fitness A50XR Ascent Trainer. Dank PerfectStride\u2122-Technologie, variabler Schrittl\u00e4nge und elektronischer Steigungsverstellung bietet er ein nat\u00fcrliches und komfortables Trainingserlebnis. Jetzt entdecken!\" \/>\n<meta name=\"robots\" content=\"index, follow, max-snippet:-1, max-image-preview:large, max-video-preview:-1\" \/>\n<link rel=\"canonical\" href=\"https:\/\/rntl.ch\/fitness\/produkt\/wahoo-kickr-bike-wifi-v2\/\" \/>\n<meta property=\"og:locale\" content=\"de_DE\" \/>\n<meta property=\"og:type\" content=\"article\" \/>\n<meta property=\"og:title\" content=\"Wahoo KICKR Bike WiFi V2 - RNTL Fitness\" \/>\n<meta property=\"og:description\" content=\"Meta-Beschreibung: Erleben Sie effektive Workouts mit dem Matrix Fitness A50XR Ascent Trainer. Dank PerfectStride\u2122-Technologie, variabler Schrittl\u00e4nge und elektronischer Steigungsverstellung bietet er ein nat\u00fcrliches und komfortables Trainingserlebnis. Jetzt entdecken!\" \/>\n<meta property=\"og:url\" content=\"https:\/\/rntl.ch\/fitness\/produkt\/wahoo-kickr-bike-wifi-v2\/\" \/>\n<meta property=\"og:site_name\" content=\"RNTL Fitness\" \/>\n<meta property=\"article:modified_time\" content=\"2025-11-26T19:52:37+00:00\" \/>\n<meta property=\"og:image\" content=\"https:\/\/rntl.ch\/fitness\/wp-content\/uploads\/sites\/3\/2025\/11\/1-10.png\" \/>\n\t<meta property=\"og:image:width\" content=\"500\" \/>\n\t<meta property=\"og:image:height\" content=\"500\" \/>\n\t<meta property=\"og:image:type\" content=\"image\/png\" \/>\n<meta name=\"twitter:card\" content=\"summary_large_image\" \/>\n<meta name=\"twitter:label1\" content=\"Gesch\u00e4tzte Lesezeit\" \/>\n\t<meta name=\"twitter:data1\" content=\"2\u00a0Minuten\" \/>\n<script type=\"application\/ld+json\" class=\"yoast-schema-graph\">{\"@context\":\"https:\/\/schema.org\",\"@graph\":[{\"@type\":\"WebPage\",\"@id\":\"https:\/\/rntl.ch\/fitness\/produkt\/wahoo-kickr-bike-wifi-v2\/\",\"url\":\"https:\/\/rntl.ch\/fitness\/produkt\/wahoo-kickr-bike-wifi-v2\/\",\"name\":\"Wahoo KICKR Bike WiFi V2 - RNTL Fitness\",\"isPartOf\":{\"@id\":\"https:\/\/rntl.ch\/fitness\/#website\"},\"primaryImageOfPage\":{\"@id\":\"https:\/\/rntl.ch\/fitness\/produkt\/wahoo-kickr-bike-wifi-v2\/#primaryimage\"},\"image\":{\"@id\":\"https:\/\/rntl.ch\/fitness\/produkt\/wahoo-kickr-bike-wifi-v2\/#primaryimage\"},\"thumbnailUrl\":\"https:\/\/rntl.ch\/fitness\/wp-content\/uploads\/sites\/3\/2025\/11\/1-10.png\",\"datePublished\":\"2025-11-26T19:37:34+00:00\",\"dateModified\":\"2025-11-26T19:52:37+00:00\",\"description\":\"Meta-Beschreibung: Erleben Sie effektive Workouts mit dem Matrix Fitness A50XR Ascent Trainer. Dank PerfectStride\u2122-Technologie, variabler Schrittl\u00e4nge und elektronischer Steigungsverstellung bietet er ein nat\u00fcrliches und komfortables Trainingserlebnis. Jetzt entdecken!\",\"breadcrumb\":{\"@id\":\"https:\/\/rntl.ch\/fitness\/produkt\/wahoo-kickr-bike-wifi-v2\/#breadcrumb\"},\"inLanguage\":\"de\",\"potentialAction\":[{\"@type\":\"ReadAction\",\"target\":[\"https:\/\/rntl.ch\/fitness\/produkt\/wahoo-kickr-bike-wifi-v2\/\"]}]},{\"@type\":\"ImageObject\",\"inLanguage\":\"de\",\"@id\":\"https:\/\/rntl.ch\/fitness\/produkt\/wahoo-kickr-bike-wifi-v2\/#primaryimage\",\"url\":\"https:\/\/rntl.ch\/fitness\/wp-content\/uploads\/sites\/3\/2025\/11\/1-10.png\",\"contentUrl\":\"https:\/\/rntl.ch\/fitness\/wp-content\/uploads\/sites\/3\/2025\/11\/1-10.png\",\"width\":500,\"height\":500},{\"@type\":\"BreadcrumbList\",\"@id\":\"https:\/\/rntl.ch\/fitness\/produkt\/wahoo-kickr-bike-wifi-v2\/#breadcrumb\",\"itemListElement\":[{\"@type\":\"ListItem\",\"position\":1,\"name\":\"Startseite\",\"item\":\"https:\/\/rntl.ch\/fitness\/\"},{\"@type\":\"ListItem\",\"position\":2,\"name\":\"Shop\",\"item\":\"https:\/\/rntl.ch\/fitness\/shop\/\"},{\"@type\":\"ListItem\",\"position\":3,\"name\":\"Wahoo KICKR Bike WiFi V2\"}]},{\"@type\":\"WebSite\",\"@id\":\"https:\/\/rntl.ch\/fitness\/#website\",\"url\":\"https:\/\/rntl.ch\/fitness\/\",\"name\":\"RNTL Fitness\",\"description\":\"Mieten Einfach Anders\",\"publisher\":{\"@id\":\"https:\/\/rntl.ch\/fitness\/#organization\"},\"potentialAction\":[{\"@type\":\"SearchAction\",\"target\":{\"@type\":\"EntryPoint\",\"urlTemplate\":\"https:\/\/rntl.ch\/fitness\/?s={search_term_string}\"},\"query-input\":{\"@type\":\"PropertyValueSpecification\",\"valueRequired\":true,\"valueName\":\"search_term_string\"}}],\"inLanguage\":\"de\"},{\"@type\":\"Organization\",\"@id\":\"https:\/\/rntl.ch\/fitness\/#organization\",\"name\":\"RNTL Fitness\",\"url\":\"https:\/\/rntl.ch\/fitness\/\",\"logo\":{\"@type\":\"ImageObject\",\"inLanguage\":\"de\",\"@id\":\"https:\/\/rntl.ch\/fitness\/#\/schema\/logo\/image\/\",\"url\":\"https:\/\/rntl.ch\/fitness\/wp-content\/uploads\/sites\/3\/2020\/11\/cropped-rntl_logo_white_530x150.png\",\"contentUrl\":\"https:\/\/rntl.ch\/fitness\/wp-content\/uploads\/sites\/3\/2020\/11\/cropped-rntl_logo_white_530x150.png\",\"width\":530,\"height\":150,\"caption\":\"RNTL Fitness\"},\"image\":{\"@id\":\"https:\/\/rntl.ch\/fitness\/#\/schema\/logo\/image\/\"}}]}<\/script>\n<!-- \/ Yoast SEO plugin. -->","yoast_head_json":{"title":"Wahoo KICKR Bike WiFi V2 - RNTL Fitness","description":"Meta-Beschreibung: Erleben Sie effektive Workouts mit dem Matrix Fitness A50XR Ascent Trainer. Dank PerfectStride\u2122-Technologie, variabler Schrittl\u00e4nge und elektronischer Steigungsverstellung bietet er ein nat\u00fcrliches und komfortables Trainingserlebnis. Jetzt entdecken!","robots":{"index":"index","follow":"follow","max-snippet":"max-snippet:-1","max-image-preview":"max-image-preview:large","max-video-preview":"max-video-preview:-1"},"canonical":"https:\/\/rntl.ch\/fitness\/produkt\/wahoo-kickr-bike-wifi-v2\/","og_locale":"de_DE","og_type":"article","og_title":"Wahoo KICKR Bike WiFi V2 - RNTL Fitness","og_description":"Meta-Beschreibung: Erleben Sie effektive Workouts mit dem Matrix Fitness A50XR Ascent Trainer. Dank PerfectStride\u2122-Technologie, variabler Schrittl\u00e4nge und elektronischer Steigungsverstellung bietet er ein nat\u00fcrliches und komfortables Trainingserlebnis. Jetzt entdecken!","og_url":"https:\/\/rntl.ch\/fitness\/produkt\/wahoo-kickr-bike-wifi-v2\/","og_site_name":"RNTL Fitness","article_modified_time":"2025-11-26T19:52:37+00:00","og_image":[{"width":500,"height":500,"url":"https:\/\/rntl.ch\/fitness\/wp-content\/uploads\/sites\/3\/2025\/11\/1-10.png","type":"image\/png"}],"twitter_card":"summary_large_image","twitter_misc":{"Gesch\u00e4tzte Lesezeit":"2\u00a0Minuten"},"schema":{"@context":"https:\/\/schema.org","@graph":[{"@type":"WebPage","@id":"https:\/\/rntl.ch\/fitness\/produkt\/wahoo-kickr-bike-wifi-v2\/","url":"https:\/\/rntl.ch\/fitness\/produkt\/wahoo-kickr-bike-wifi-v2\/","name":"Wahoo KICKR Bike WiFi V2 - RNTL Fitness","isPartOf":{"@id":"https:\/\/rntl.ch\/fitness\/#website"},"primaryImageOfPage":{"@id":"https:\/\/rntl.ch\/fitness\/produkt\/wahoo-kickr-bike-wifi-v2\/#primaryimage"},"image":{"@id":"https:\/\/rntl.ch\/fitness\/produkt\/wahoo-kickr-bike-wifi-v2\/#primaryimage"},"thumbnailUrl":"https:\/\/rntl.ch\/fitness\/wp-content\/uploads\/sites\/3\/2025\/11\/1-10.png","datePublished":"2025-11-26T19:37:34+00:00","dateModified":"2025-11-26T19:52:37+00:00","description":"Meta-Beschreibung: Erleben Sie effektive Workouts mit dem Matrix Fitness A50XR Ascent Trainer. Dank PerfectStride\u2122-Technologie, variabler Schrittl\u00e4nge und elektronischer Steigungsverstellung bietet er ein nat\u00fcrliches und komfortables Trainingserlebnis. Jetzt entdecken!","breadcrumb":{"@id":"https:\/\/rntl.ch\/fitness\/produkt\/wahoo-kickr-bike-wifi-v2\/#breadcrumb"},"inLanguage":"de","potentialAction":[{"@type":"ReadAction","target":["https:\/\/rntl.ch\/fitness\/produkt\/wahoo-kickr-bike-wifi-v2\/"]}]},{"@type":"ImageObject","inLanguage":"de","@id":"https:\/\/rntl.ch\/fitness\/produkt\/wahoo-kickr-bike-wifi-v2\/#primaryimage","url":"https:\/\/rntl.ch\/fitness\/wp-content\/uploads\/sites\/3\/2025\/11\/1-10.png","contentUrl":"https:\/\/rntl.ch\/fitness\/wp-content\/uploads\/sites\/3\/2025\/11\/1-10.png","width":500,"height":500},{"@type":"BreadcrumbList","@id":"https:\/\/rntl.ch\/fitness\/produkt\/wahoo-kickr-bike-wifi-v2\/#breadcrumb","itemListElement":[{"@type":"ListItem","position":1,"name":"Startseite","item":"https:\/\/rntl.ch\/fitness\/"},{"@type":"ListItem","position":2,"name":"Shop","item":"https:\/\/rntl.ch\/fitness\/shop\/"},{"@type":"ListItem","position":3,"name":"Wahoo KICKR Bike WiFi V2"}]},{"@type":"WebSite","@id":"https:\/\/rntl.ch\/fitness\/#website","url":"https:\/\/rntl.ch\/fitness\/","name":"RNTL Fitness","description":"Mieten Einfach Anders","publisher":{"@id":"https:\/\/rntl.ch\/fitness\/#organization"},"potentialAction":[{"@type":"SearchAction","target":{"@type":"EntryPoint","urlTemplate":"https:\/\/rntl.ch\/fitness\/?s={search_term_string}"},"query-input":{"@type":"PropertyValueSpecification","valueRequired":true,"valueName":"search_term_string"}}],"inLanguage":"de"},{"@type":"Organization","@id":"https:\/\/rntl.ch\/fitness\/#organization","name":"RNTL Fitness","url":"https:\/\/rntl.ch\/fitness\/","logo":{"@type":"ImageObject","inLanguage":"de","@id":"https:\/\/rntl.ch\/fitness\/#\/schema\/logo\/image\/","url":"https:\/\/rntl.ch\/fitness\/wp-content\/uploads\/sites\/3\/2020\/11\/cropped-rntl_logo_white_530x150.png","contentUrl":"https:\/\/rntl.ch\/fitness\/wp-content\/uploads\/sites\/3\/2020\/11\/cropped-rntl_logo_white_530x150.png","width":530,"height":150,"caption":"RNTL Fitness"},"image":{"@id":"https:\/\/rntl.ch\/fitness\/#\/schema\/logo\/image\/"}}]}},"_links":{"self":[{"href":"https:\/\/rntl.ch\/fitness\/wp-json\/wp\/v2\/product\/37286","targetHints":{"allow":["GET"]}}],"collection":[{"href":"https:\/\/rntl.ch\/fitness\/wp-json\/wp\/v2\/product"}],"about":[{"href":"https:\/\/rntl.ch\/fitness\/wp-json\/wp\/v2\/types\/product"}],"version-history":[{"count":2,"href":"https:\/\/rntl.ch\/fitness\/wp-json\/wp\/v2\/product\/37286\/revisions"}],"predecessor-version":[{"id":37294,"href":"https:\/\/rntl.ch\/fitness\/wp-json\/wp\/v2\/product\/37286\/revisions\/37294"}],"wp:featuredmedia":[{"embeddable":true,"href":"https:\/\/rntl.ch\/fitness\/wp-json\/wp\/v2\/media\/37291"}],"wp:attachment":[{"href":"https:\/\/rntl.ch\/fitness\/wp-json\/wp\/v2\/media?parent=37286"}],"wp:term":[{"taxonomy":"product_brand","embeddable":true,"href":"https:\/\/rntl.ch\/fitness\/wp-json\/wp\/v2\/product_brand?post=37286"},{"taxonomy":"product_cat","embeddable":true,"href":"https:\/\/rntl.ch\/fitness\/wp-json\/wp\/v2\/product_cat?post=37286"},{"taxonomy":"product_tag","embeddable":true,"href":"https:\/\/rntl.ch\/fitness\/wp-json\/wp\/v2\/product_tag?post=37286"}],"curies":[{"name":"wp","href":"https:\/\/api.w.org\/{rel}","templated":true}]}}