{"id":37422,"date":"2025-12-01T16:42:11","date_gmt":"2025-12-01T15:42:11","guid":{"rendered":"https:\/\/rntl.ch\/fitness\/?post_type=product&#038;p=37422"},"modified":"2025-12-01T16:49:15","modified_gmt":"2025-12-01T15:49:15","slug":"bonpilates-aluminium-reformer-premium-pack","status":"publish","type":"product","link":"https:\/\/rntl.ch\/fitness\/produkt\/bonpilates-aluminium-reformer-premium-pack\/","title":{"rendered":"Bonpilates Aluminium Reformer Premium Pack"},"content":{"rendered":"<p>Dank der enthaltenen Zusatzmodule (Jumpboard, Standing Board und Spade) ist das Set besonders vielseitig und deckt s\u00e4mtliche Pilates-Trainingsformen von Kraftaufbau bis Mobilisation ab.<\/p>\n<ul>\n<li data-start=\"607\" data-end=\"696\">Aluminiumrahmen, modernes Design (\u201eModern\u201c Linie)<\/li>\n<li data-start=\"697\" data-end=\"762\">\n<p data-start=\"699\" data-end=\"762\">Ma\u00dfe: 248 \u00d7 77 \u00d7 204 cm<\/p>\n<\/li>\n<li data-start=\"763\" data-end=\"1173\">\n<p data-start=\"765\" data-end=\"788\">Standard-Ausstattung:<\/p>\n<ul data-start=\"791\" data-end=\"1173\">\n<li data-start=\"791\" data-end=\"903\">\n<p data-start=\"793\" data-end=\"903\">Vollst\u00e4ndiger Feder-Satz (5 Federn mit unterschiedlichen Widerst\u00e4nden)<\/p>\n<\/li>\n<li data-start=\"906\" data-end=\"998\">\n<p data-start=\"908\" data-end=\"998\">Griffe, Seil-Set, Fu\u00dfriemen, Box und Mat-Converter<\/p>\n<\/li>\n<\/ul>\n<\/li>\n<li data-start=\"1174\" data-end=\"1306\">\n<p data-start=\"1176\" data-end=\"1306\">Kopf- und Schulterst\u00fctze verstellbar: Headrest in 3 Positionen, Schulterpolster wechselbar<\/p>\n<\/li>\n<li data-start=\"1307\" data-end=\"1418\">\n<p data-start=\"1309\" data-end=\"1418\">H\u00f6henverstellbare Rollen\/Pulley, Laufwagen mit R\u00e4dern inkl. F\u00fchrungen<\/p>\n<\/li>\n<li data-start=\"1419\" data-end=\"1545\">\n<p data-start=\"1421\" data-end=\"1545\">Farboptionen bei Polsterung: Taupe, Ivory, Khaki, Black, Cement, Light-Grey, Pearl<\/p>\n<\/li>\n<\/ul>\n<p data-start=\"2803\" data-end=\"2836\"><strong data-start=\"2803\" data-end=\"2834\">Hinweise zur Wartung:<\/strong><\/p>\n<ul data-start=\"2837\" data-end=\"3253\">\n<li data-start=\"2837\" data-end=\"2984\">\n<p data-start=\"2839\" data-end=\"2984\">Polsterung mit Wasser und Mikrofasertuch reinigen; bei Flecken evtl. mildes Reinigungsmittel verwenden.<\/p>\n<\/li>\n<li data-start=\"2985\" data-end=\"3108\">\n<p data-start=\"2987\" data-end=\"3108\">Federn alle zwei Jahre ersetzen, um Sicherheit und Spannkraft zu gew\u00e4hrleisten.<\/p>\n<\/li>\n<li data-start=\"3109\" data-end=\"3253\">\n<p data-start=\"3111\" data-end=\"3253\">Rollen, Schienen und F\u00fchrungen regelm\u00e4\u00dfig reinigen und leicht schmieren, um Laufruhe zu garantieren.<\/p>\n<\/li>\n<\/ul>\n","protected":false},"excerpt":{"rendered":"<p>Ein vielseitiger Pilates-Reformer aus Aluminium | Ideal f\u00fcr Studios oder hochwertiges Home-Gym.<\/p>\n<p><strong>Kaufpreis [woo_custom_field id=\"rntl_retail_price_field\"].-<\/strong><\/p>\n<p><span style=\"font-weight: 400;\">[rntl_page_content id=\"30523\"]<\/span><\/p>\n","protected":false},"featured_media":37427,"template":"","meta":{"content-type":""},"product_brand":[174],"product_cat":[27],"product_tag":[112],"class_list":{"0":"post-37422","1":"product","2":"type-product","3":"status-publish","4":"has-post-thumbnail","6":"product_brand-bon-pilates","7":"product_cat-krafttraining","8":"product_tag-mieten","9":"product_shipping_class-schwer","10":"tm-no-options","12":"first","13":"instock","14":"taxable","15":"shipping-taxable","16":"purchasable","17":"product-type-variable-subscription","18":"has-default-attributes"},"yoast_head":"<!-- This site is optimized with the Yoast SEO plugin v26.3 - https:\/\/yoast.com\/wordpress\/plugins\/seo\/ -->\n<title>Bonpilates Aluminium Reformer Premium Pack - RNTL Fitness<\/title>\n<meta name=\"description\" content=\"Miete, kaufe, oder finanziere f\u00fcr das Ausdauertraining zu Hause den Kettler Crosstrainer bei RNTL.\" \/>\n<meta name=\"robots\" content=\"index, follow, max-snippet:-1, max-image-preview:large, max-video-preview:-1\" \/>\n<link rel=\"canonical\" href=\"https:\/\/rntl.ch\/fitness\/produkt\/bonpilates-aluminium-reformer-premium-pack\/\" \/>\n<meta property=\"og:locale\" content=\"de_DE\" \/>\n<meta property=\"og:type\" content=\"article\" \/>\n<meta property=\"og:title\" content=\"Bonpilates Aluminium Reformer Premium Pack - RNTL Fitness\" \/>\n<meta property=\"og:description\" content=\"Miete, kaufe, oder finanziere f\u00fcr das Ausdauertraining zu Hause den Kettler Crosstrainer bei RNTL.\" \/>\n<meta property=\"og:url\" content=\"https:\/\/rntl.ch\/fitness\/produkt\/bonpilates-aluminium-reformer-premium-pack\/\" \/>\n<meta property=\"og:site_name\" content=\"RNTL Fitness\" \/>\n<meta property=\"article:modified_time\" content=\"2025-12-01T15:49:15+00:00\" \/>\n<meta property=\"og:image\" content=\"https:\/\/rntl.ch\/fitness\/wp-content\/uploads\/sites\/3\/2025\/12\/Gold-Black-Modern-Handmade-Badge-Logo-13.png\" \/>\n\t<meta property=\"og:image:width\" content=\"500\" \/>\n\t<meta property=\"og:image:height\" content=\"500\" \/>\n\t<meta property=\"og:image:type\" content=\"image\/png\" \/>\n<meta name=\"twitter:card\" content=\"summary_large_image\" \/>\n<meta name=\"twitter:label1\" content=\"Gesch\u00e4tzte Lesezeit\" \/>\n\t<meta name=\"twitter:data1\" content=\"1\u00a0Minute\" \/>\n<script type=\"application\/ld+json\" class=\"yoast-schema-graph\">{\"@context\":\"https:\/\/schema.org\",\"@graph\":[{\"@type\":\"WebPage\",\"@id\":\"https:\/\/rntl.ch\/fitness\/produkt\/bonpilates-aluminium-reformer-premium-pack\/\",\"url\":\"https:\/\/rntl.ch\/fitness\/produkt\/bonpilates-aluminium-reformer-premium-pack\/\",\"name\":\"Bonpilates Aluminium Reformer Premium Pack - RNTL Fitness\",\"isPartOf\":{\"@id\":\"https:\/\/rntl.ch\/fitness\/#website\"},\"primaryImageOfPage\":{\"@id\":\"https:\/\/rntl.ch\/fitness\/produkt\/bonpilates-aluminium-reformer-premium-pack\/#primaryimage\"},\"image\":{\"@id\":\"https:\/\/rntl.ch\/fitness\/produkt\/bonpilates-aluminium-reformer-premium-pack\/#primaryimage\"},\"thumbnailUrl\":\"https:\/\/rntl.ch\/fitness\/wp-content\/uploads\/sites\/3\/2025\/12\/Gold-Black-Modern-Handmade-Badge-Logo-13.png\",\"datePublished\":\"2025-12-01T15:42:11+00:00\",\"dateModified\":\"2025-12-01T15:49:15+00:00\",\"description\":\"Miete, kaufe, oder finanziere f\u00fcr das Ausdauertraining zu Hause den Kettler Crosstrainer bei RNTL.\",\"breadcrumb\":{\"@id\":\"https:\/\/rntl.ch\/fitness\/produkt\/bonpilates-aluminium-reformer-premium-pack\/#breadcrumb\"},\"inLanguage\":\"de\",\"potentialAction\":[{\"@type\":\"ReadAction\",\"target\":[\"https:\/\/rntl.ch\/fitness\/produkt\/bonpilates-aluminium-reformer-premium-pack\/\"]}]},{\"@type\":\"ImageObject\",\"inLanguage\":\"de\",\"@id\":\"https:\/\/rntl.ch\/fitness\/produkt\/bonpilates-aluminium-reformer-premium-pack\/#primaryimage\",\"url\":\"https:\/\/rntl.ch\/fitness\/wp-content\/uploads\/sites\/3\/2025\/12\/Gold-Black-Modern-Handmade-Badge-Logo-13.png\",\"contentUrl\":\"https:\/\/rntl.ch\/fitness\/wp-content\/uploads\/sites\/3\/2025\/12\/Gold-Black-Modern-Handmade-Badge-Logo-13.png\",\"width\":500,\"height\":500},{\"@type\":\"BreadcrumbList\",\"@id\":\"https:\/\/rntl.ch\/fitness\/produkt\/bonpilates-aluminium-reformer-premium-pack\/#breadcrumb\",\"itemListElement\":[{\"@type\":\"ListItem\",\"position\":1,\"name\":\"Startseite\",\"item\":\"https:\/\/rntl.ch\/fitness\/\"},{\"@type\":\"ListItem\",\"position\":2,\"name\":\"Shop\",\"item\":\"https:\/\/rntl.ch\/fitness\/shop\/\"},{\"@type\":\"ListItem\",\"position\":3,\"name\":\"Bonpilates Aluminium Reformer Premium Pack\"}]},{\"@type\":\"WebSite\",\"@id\":\"https:\/\/rntl.ch\/fitness\/#website\",\"url\":\"https:\/\/rntl.ch\/fitness\/\",\"name\":\"RNTL Fitness\",\"description\":\"Mieten Einfach Anders\",\"publisher\":{\"@id\":\"https:\/\/rntl.ch\/fitness\/#organization\"},\"potentialAction\":[{\"@type\":\"SearchAction\",\"target\":{\"@type\":\"EntryPoint\",\"urlTemplate\":\"https:\/\/rntl.ch\/fitness\/?s={search_term_string}\"},\"query-input\":{\"@type\":\"PropertyValueSpecification\",\"valueRequired\":true,\"valueName\":\"search_term_string\"}}],\"inLanguage\":\"de\"},{\"@type\":\"Organization\",\"@id\":\"https:\/\/rntl.ch\/fitness\/#organization\",\"name\":\"RNTL Fitness\",\"url\":\"https:\/\/rntl.ch\/fitness\/\",\"logo\":{\"@type\":\"ImageObject\",\"inLanguage\":\"de\",\"@id\":\"https:\/\/rntl.ch\/fitness\/#\/schema\/logo\/image\/\",\"url\":\"https:\/\/rntl.ch\/fitness\/wp-content\/uploads\/sites\/3\/2020\/11\/cropped-rntl_logo_white_530x150.png\",\"contentUrl\":\"https:\/\/rntl.ch\/fitness\/wp-content\/uploads\/sites\/3\/2020\/11\/cropped-rntl_logo_white_530x150.png\",\"width\":530,\"height\":150,\"caption\":\"RNTL Fitness\"},\"image\":{\"@id\":\"https:\/\/rntl.ch\/fitness\/#\/schema\/logo\/image\/\"}}]}<\/script>\n<!-- \/ Yoast SEO plugin. -->","yoast_head_json":{"title":"Bonpilates Aluminium Reformer Premium Pack - RNTL Fitness","description":"Miete, kaufe, oder finanziere f\u00fcr das Ausdauertraining zu Hause den Kettler Crosstrainer bei RNTL.","robots":{"index":"index","follow":"follow","max-snippet":"max-snippet:-1","max-image-preview":"max-image-preview:large","max-video-preview":"max-video-preview:-1"},"canonical":"https:\/\/rntl.ch\/fitness\/produkt\/bonpilates-aluminium-reformer-premium-pack\/","og_locale":"de_DE","og_type":"article","og_title":"Bonpilates Aluminium Reformer Premium Pack - RNTL Fitness","og_description":"Miete, kaufe, oder finanziere f\u00fcr das Ausdauertraining zu Hause den Kettler Crosstrainer bei RNTL.","og_url":"https:\/\/rntl.ch\/fitness\/produkt\/bonpilates-aluminium-reformer-premium-pack\/","og_site_name":"RNTL Fitness","article_modified_time":"2025-12-01T15:49:15+00:00","og_image":[{"width":500,"height":500,"url":"https:\/\/rntl.ch\/fitness\/wp-content\/uploads\/sites\/3\/2025\/12\/Gold-Black-Modern-Handmade-Badge-Logo-13.png","type":"image\/png"}],"twitter_card":"summary_large_image","twitter_misc":{"Gesch\u00e4tzte Lesezeit":"1\u00a0Minute"},"schema":{"@context":"https:\/\/schema.org","@graph":[{"@type":"WebPage","@id":"https:\/\/rntl.ch\/fitness\/produkt\/bonpilates-aluminium-reformer-premium-pack\/","url":"https:\/\/rntl.ch\/fitness\/produkt\/bonpilates-aluminium-reformer-premium-pack\/","name":"Bonpilates Aluminium Reformer Premium Pack - RNTL Fitness","isPartOf":{"@id":"https:\/\/rntl.ch\/fitness\/#website"},"primaryImageOfPage":{"@id":"https:\/\/rntl.ch\/fitness\/produkt\/bonpilates-aluminium-reformer-premium-pack\/#primaryimage"},"image":{"@id":"https:\/\/rntl.ch\/fitness\/produkt\/bonpilates-aluminium-reformer-premium-pack\/#primaryimage"},"thumbnailUrl":"https:\/\/rntl.ch\/fitness\/wp-content\/uploads\/sites\/3\/2025\/12\/Gold-Black-Modern-Handmade-Badge-Logo-13.png","datePublished":"2025-12-01T15:42:11+00:00","dateModified":"2025-12-01T15:49:15+00:00","description":"Miete, kaufe, oder finanziere f\u00fcr das Ausdauertraining zu Hause den Kettler Crosstrainer bei RNTL.","breadcrumb":{"@id":"https:\/\/rntl.ch\/fitness\/produkt\/bonpilates-aluminium-reformer-premium-pack\/#breadcrumb"},"inLanguage":"de","potentialAction":[{"@type":"ReadAction","target":["https:\/\/rntl.ch\/fitness\/produkt\/bonpilates-aluminium-reformer-premium-pack\/"]}]},{"@type":"ImageObject","inLanguage":"de","@id":"https:\/\/rntl.ch\/fitness\/produkt\/bonpilates-aluminium-reformer-premium-pack\/#primaryimage","url":"https:\/\/rntl.ch\/fitness\/wp-content\/uploads\/sites\/3\/2025\/12\/Gold-Black-Modern-Handmade-Badge-Logo-13.png","contentUrl":"https:\/\/rntl.ch\/fitness\/wp-content\/uploads\/sites\/3\/2025\/12\/Gold-Black-Modern-Handmade-Badge-Logo-13.png","width":500,"height":500},{"@type":"BreadcrumbList","@id":"https:\/\/rntl.ch\/fitness\/produkt\/bonpilates-aluminium-reformer-premium-pack\/#breadcrumb","itemListElement":[{"@type":"ListItem","position":1,"name":"Startseite","item":"https:\/\/rntl.ch\/fitness\/"},{"@type":"ListItem","position":2,"name":"Shop","item":"https:\/\/rntl.ch\/fitness\/shop\/"},{"@type":"ListItem","position":3,"name":"Bonpilates Aluminium Reformer Premium Pack"}]},{"@type":"WebSite","@id":"https:\/\/rntl.ch\/fitness\/#website","url":"https:\/\/rntl.ch\/fitness\/","name":"RNTL Fitness","description":"Mieten Einfach Anders","publisher":{"@id":"https:\/\/rntl.ch\/fitness\/#organization"},"potentialAction":[{"@type":"SearchAction","target":{"@type":"EntryPoint","urlTemplate":"https:\/\/rntl.ch\/fitness\/?s={search_term_string}"},"query-input":{"@type":"PropertyValueSpecification","valueRequired":true,"valueName":"search_term_string"}}],"inLanguage":"de"},{"@type":"Organization","@id":"https:\/\/rntl.ch\/fitness\/#organization","name":"RNTL Fitness","url":"https:\/\/rntl.ch\/fitness\/","logo":{"@type":"ImageObject","inLanguage":"de","@id":"https:\/\/rntl.ch\/fitness\/#\/schema\/logo\/image\/","url":"https:\/\/rntl.ch\/fitness\/wp-content\/uploads\/sites\/3\/2020\/11\/cropped-rntl_logo_white_530x150.png","contentUrl":"https:\/\/rntl.ch\/fitness\/wp-content\/uploads\/sites\/3\/2020\/11\/cropped-rntl_logo_white_530x150.png","width":530,"height":150,"caption":"RNTL Fitness"},"image":{"@id":"https:\/\/rntl.ch\/fitness\/#\/schema\/logo\/image\/"}}]}},"_links":{"self":[{"href":"https:\/\/rntl.ch\/fitness\/wp-json\/wp\/v2\/product\/37422","targetHints":{"allow":["GET"]}}],"collection":[{"href":"https:\/\/rntl.ch\/fitness\/wp-json\/wp\/v2\/product"}],"about":[{"href":"https:\/\/rntl.ch\/fitness\/wp-json\/wp\/v2\/types\/product"}],"version-history":[{"count":2,"href":"https:\/\/rntl.ch\/fitness\/wp-json\/wp\/v2\/product\/37422\/revisions"}],"predecessor-version":[{"id":37429,"href":"https:\/\/rntl.ch\/fitness\/wp-json\/wp\/v2\/product\/37422\/revisions\/37429"}],"wp:featuredmedia":[{"embeddable":true,"href":"https:\/\/rntl.ch\/fitness\/wp-json\/wp\/v2\/media\/37427"}],"wp:attachment":[{"href":"https:\/\/rntl.ch\/fitness\/wp-json\/wp\/v2\/media?parent=37422"}],"wp:term":[{"taxonomy":"product_brand","embeddable":true,"href":"https:\/\/rntl.ch\/fitness\/wp-json\/wp\/v2\/product_brand?post=37422"},{"taxonomy":"product_cat","embeddable":true,"href":"https:\/\/rntl.ch\/fitness\/wp-json\/wp\/v2\/product_cat?post=37422"},{"taxonomy":"product_tag","embeddable":true,"href":"https:\/\/rntl.ch\/fitness\/wp-json\/wp\/v2\/product_tag?post=37422"}],"curies":[{"name":"wp","href":"https:\/\/api.w.org\/{rel}","templated":true}]}}