{"id":37684,"date":"2025-12-11T06:34:09","date_gmt":"2025-12-11T05:34:09","guid":{"rendered":"https:\/\/rntl.ch\/fitness\/?post_type=product&#038;p=37684"},"modified":"2025-12-11T06:35:50","modified_gmt":"2025-12-11T05:35:50","slug":"ds-fitness-sprint-laufband-mit-25km-h-und-21-5-zoll-display","status":"publish","type":"product","link":"https:\/\/rntl.ch\/fitness\/produkt\/ds-fitness-sprint-laufband-mit-25km-h-und-21-5-zoll-display\/","title":{"rendered":"DS Fitness Sprint Laufband mit 25km\/h und 21.5 Zoll Display"},"content":{"rendered":"<h2>\ud83d\udcaa Leistungsstark und komfortabel<\/h2>\n<ul data-start=\"357\" data-end=\"1047\">\n<li data-start=\"357\" data-end=\"572\">\n<p data-start=\"359\" data-end=\"572\"><strong data-start=\"359\" data-end=\"377\">Starker Motor:<\/strong> Der langlebige AC-Motor mit 5 PS Leistung sorgt f\u00fcr zuverl\u00e4ssige Performance \u2013 ideal f\u00fcr intensives Lauftraining und auch f\u00fcr semi-professionelle Nutzung.<\/p>\n<\/li>\n<li data-start=\"573\" data-end=\"783\">\n<p data-start=\"575\" data-end=\"783\"><strong data-start=\"575\" data-end=\"596\">Gro\u00dfe Lauffl\u00e4che:<\/strong> Mit einer gro\u00dfz\u00fcgigen Fl\u00e4che von <strong data-start=\"630\" data-end=\"645\">160 \u00d7 60 cm<\/strong> bietet das Band ausreichend Platz f\u00fcr lange Schritte und sicheres Laufen, selbst bei hohem Tempo.<\/p>\n<\/li>\n<li data-start=\"784\" data-end=\"1047\">\n<p data-start=\"786\" data-end=\"1047\"><strong data-start=\"786\" data-end=\"822\">Hohe Geschwindigkeit &amp; Steigung:<\/strong> Geschwindigkeit einstellbar von <strong data-start=\"855\" data-end=\"872\">1 bis 25 km\/h<\/strong> \u2013 perfekt sowohl f\u00fcr Jogging als auch Sprints. Zus\u00e4tzlich <strong data-start=\"931\" data-end=\"952\">20 Neigungsstufen<\/strong> erlauben kraftvolles Berglauf- oder Intervalltraining.<\/p>\n<\/li>\n<\/ul>\n<h2 data-start=\"1049\" data-end=\"1100\">\ud83d\udcfa Modernes Multimedia- und Trainings-Erlebnis<\/h2>\n<ul data-start=\"1102\" data-end=\"1812\">\n<li data-start=\"1102\" data-end=\"1350\">\n<p data-start=\"1104\" data-end=\"1350\"><strong data-start=\"1104\" data-end=\"1133\">Gro\u00dfes 21,5\u2033 TFT-Display:<\/strong> Die Touchscreen-Konsole erlaubt die Nutzung von Apps und Streaming-Diensten wie YouTube, Netflix oder Fitness-Apps \u2013 f\u00fcr maximalen Komfort und Motivation w\u00e4hrend des Trainings.<\/p>\n<\/li>\n<li data-start=\"1351\" data-end=\"1566\">\n<p data-start=\"1353\" data-end=\"1566\"><strong data-start=\"1353\" data-end=\"1380\">Bluetooth &amp; Multimedia:<\/strong> Musik, Videos oder gef\u00fchrte Trainings lassen sich direkt \u00fcber das Laufband abspielen \u2013 mit BT-Audio, USB-Anschluss und eingebauten Lautsprechern.<\/p>\n<\/li>\n<li data-start=\"1567\" data-end=\"1812\">\n<p data-start=\"1569\" data-end=\"1812\"><strong data-start=\"1569\" data-end=\"1604\">Interaktive Trainingsprogramme:<\/strong> Verschiedene Trainingsmodi inkl. HRC (Herzfrequenzkontrolle), Challenge- und Nutzerprogramme sowie virtuelle Laufstrecken definieren ein abwechslungsreiches Workout.<\/p>\n<\/li>\n<\/ul>\n<h2 data-start=\"1814\" data-end=\"1854\">\ud83d\udcd0 Technische Daten auf einen Blick<\/h2>\n<div class=\"TyagGW_tableContainer\">\n<div class=\"group TyagGW_tableWrapper flex w-fit flex-col-reverse\" tabindex=\"-1\">\n<table class=\"w-fit min-w-(--thread-content-width)\" data-start=\"1856\" data-end=\"2397\">\n<thead data-start=\"1856\" data-end=\"1874\">\n<tr data-start=\"1856\" data-end=\"1874\">\n<th data-start=\"1856\" data-end=\"1866\" data-col-size=\"sm\">Merkmal<\/th>\n<th data-start=\"1866\" data-end=\"1874\" data-col-size=\"sm\">Wert<\/th>\n<\/tr>\n<\/thead>\n<tbody data-start=\"1893\" data-end=\"2397\">\n<tr data-start=\"1893\" data-end=\"1952\">\n<td data-start=\"1893\" data-end=\"1901\" data-col-size=\"sm\">Motor<\/td>\n<td data-start=\"1901\" data-end=\"1952\" data-col-size=\"sm\">5 ps<\/td>\n<\/tr>\n<tr data-start=\"1953\" data-end=\"2023\">\n<td data-start=\"1953\" data-end=\"1966\" data-col-size=\"sm\">Lauffl\u00e4che<\/td>\n<td data-start=\"1966\" data-end=\"2023\" data-col-size=\"sm\">1600 \u00d7 600 mm<\/td>\n<\/tr>\n<tr data-start=\"2024\" data-end=\"2097\">\n<td data-start=\"2024\" data-end=\"2042\" data-col-size=\"sm\">Geschwindigkeit<\/td>\n<td data-start=\"2042\" data-end=\"2097\" data-col-size=\"sm\">1 \u2013 25 km\/h<\/td>\n<\/tr>\n<tr data-start=\"2098\" data-end=\"2162\">\n<td data-start=\"2098\" data-end=\"2109\" data-col-size=\"sm\">Steigung<\/td>\n<td data-start=\"2109\" data-end=\"2162\" data-col-size=\"sm\">20 Stufen<\/td>\n<\/tr>\n<tr data-start=\"2163\" data-end=\"2236\">\n<td data-start=\"2163\" data-end=\"2186\" data-col-size=\"sm\">Max. Benutzergewicht<\/td>\n<td data-start=\"2186\" data-end=\"2236\" data-col-size=\"sm\">185 kg<\/td>\n<\/tr>\n<tr data-start=\"2237\" data-end=\"2321\">\n<td data-start=\"2237\" data-end=\"2257\" data-col-size=\"sm\">Abmessungen Ger\u00e4t<\/td>\n<td data-start=\"2257\" data-end=\"2321\" data-col-size=\"sm\">2133 \u00d7 890 \u00d7 1640 mm<\/td>\n<\/tr>\n<tr data-start=\"2322\" data-end=\"2397\">\n<td data-start=\"2322\" data-end=\"2332\" data-col-size=\"sm\">Display<\/td>\n<td data-start=\"2332\" data-end=\"2397\" data-col-size=\"sm\">21,5\u2033 TFT Touchscreen<\/td>\n<\/tr>\n<\/tbody>\n<\/table>\n<\/div>\n<\/div>\n<h2 data-start=\"2399\" data-end=\"2439\">\u2705 F\u00fcr wen ist dieses Laufband ideal<\/h2>\n<p data-start=\"2441\" data-end=\"2908\">Das DS Fitness Sprint TFT 21.5\u2033 AC richtet sich an ambitionierte L\u00e4ufer, Fitness-Enthusiasten oder auch semi-professionelle Nutzer, die ein hochwertiges Laufband f\u00fcr effektives Cardiotraining, Intervallworkouts oder l\u00e4ngere Runs zu Hause suchen. Dank starker Motorleistung, gro\u00dfer Lauffl\u00e4che und multimedialer Ausstattung eignet es sich auch f\u00fcr intensives Training mit hoher Belastung und erm\u00f6glicht gleichzeitig Motivation durch Entertainment und Trainingsvielfalt.<\/p>\n","protected":false},"excerpt":{"rendered":"<p>25km\/h schnell, grosse Lauffl\u00e4che 160x60cm und grosses Display mit 21.5&#8243;<\/p>\n<p><strong>Kaufpreis [woo_custom_field id=\"rntl_retail_price_field\"].-<\/strong><\/p>\n<p><span style=\"font-weight: 400;\">[rntl_page_content id=\"14687\"]<\/span><\/p>\n<p>&nbsp;<\/p>\n","protected":false},"featured_media":37681,"template":"","meta":{"content-type":""},"product_brand":[177],"product_cat":[28],"product_tag":[26,107],"class_list":{"0":"post-37684","1":"product","2":"type-product","3":"status-publish","4":"has-post-thumbnail","6":"product_brand-ds-fitness","7":"product_cat-laufbaender","8":"product_tag-kaufen","9":"product_tag-kaufen-neu","10":"product_shipping_class-schwer","11":"tm-no-options","13":"first","14":"instock","15":"taxable","16":"shipping-taxable","17":"purchasable","18":"product-type-simple"},"yoast_head":"<!-- This site is optimized with the Yoast SEO plugin v26.3 - https:\/\/yoast.com\/wordpress\/plugins\/seo\/ -->\n<title>DS Fitness Sprint Laufband mit 25km\/h und 21.5 Zoll Display - RNTL Fitness<\/title>\n<meta name=\"description\" content=\"Miete, kaufe, oder finanziere f\u00fcr das Ausdauertraining zu Hause den Kettler Crosstrainer bei RNTL.\" \/>\n<meta name=\"robots\" content=\"index, follow, max-snippet:-1, max-image-preview:large, max-video-preview:-1\" \/>\n<link rel=\"canonical\" href=\"https:\/\/rntl.ch\/fitness\/produkt\/ds-fitness-sprint-laufband-mit-25km-h-und-21-5-zoll-display\/\" \/>\n<meta property=\"og:locale\" content=\"de_DE\" \/>\n<meta property=\"og:type\" content=\"article\" \/>\n<meta property=\"og:title\" content=\"DS Fitness Sprint Laufband mit 25km\/h und 21.5 Zoll Display - RNTL Fitness\" \/>\n<meta property=\"og:description\" content=\"Miete, kaufe, oder finanziere f\u00fcr das Ausdauertraining zu Hause den Kettler Crosstrainer bei RNTL.\" \/>\n<meta property=\"og:url\" content=\"https:\/\/rntl.ch\/fitness\/produkt\/ds-fitness-sprint-laufband-mit-25km-h-und-21-5-zoll-display\/\" \/>\n<meta property=\"og:site_name\" content=\"RNTL Fitness\" \/>\n<meta property=\"article:modified_time\" content=\"2025-12-11T05:35:50+00:00\" \/>\n<meta property=\"og:image\" content=\"https:\/\/rntl.ch\/fitness\/wp-content\/uploads\/sites\/3\/2025\/12\/1-3.png\" \/>\n\t<meta property=\"og:image:width\" content=\"500\" \/>\n\t<meta property=\"og:image:height\" content=\"500\" \/>\n\t<meta property=\"og:image:type\" content=\"image\/png\" \/>\n<meta name=\"twitter:card\" content=\"summary_large_image\" \/>\n<meta name=\"twitter:label1\" content=\"Gesch\u00e4tzte Lesezeit\" \/>\n\t<meta name=\"twitter:data1\" content=\"2\u00a0Minuten\" \/>\n<script type=\"application\/ld+json\" class=\"yoast-schema-graph\">{\"@context\":\"https:\/\/schema.org\",\"@graph\":[{\"@type\":\"WebPage\",\"@id\":\"https:\/\/rntl.ch\/fitness\/produkt\/ds-fitness-sprint-laufband-mit-25km-h-und-21-5-zoll-display\/\",\"url\":\"https:\/\/rntl.ch\/fitness\/produkt\/ds-fitness-sprint-laufband-mit-25km-h-und-21-5-zoll-display\/\",\"name\":\"DS Fitness Sprint Laufband mit 25km\/h und 21.5 Zoll Display - RNTL Fitness\",\"isPartOf\":{\"@id\":\"https:\/\/rntl.ch\/fitness\/#website\"},\"primaryImageOfPage\":{\"@id\":\"https:\/\/rntl.ch\/fitness\/produkt\/ds-fitness-sprint-laufband-mit-25km-h-und-21-5-zoll-display\/#primaryimage\"},\"image\":{\"@id\":\"https:\/\/rntl.ch\/fitness\/produkt\/ds-fitness-sprint-laufband-mit-25km-h-und-21-5-zoll-display\/#primaryimage\"},\"thumbnailUrl\":\"https:\/\/rntl.ch\/fitness\/wp-content\/uploads\/sites\/3\/2025\/12\/1-3.png\",\"datePublished\":\"2025-12-11T05:34:09+00:00\",\"dateModified\":\"2025-12-11T05:35:50+00:00\",\"description\":\"Miete, kaufe, oder finanziere f\u00fcr das Ausdauertraining zu Hause den Kettler Crosstrainer bei RNTL.\",\"breadcrumb\":{\"@id\":\"https:\/\/rntl.ch\/fitness\/produkt\/ds-fitness-sprint-laufband-mit-25km-h-und-21-5-zoll-display\/#breadcrumb\"},\"inLanguage\":\"de\",\"potentialAction\":[{\"@type\":\"ReadAction\",\"target\":[\"https:\/\/rntl.ch\/fitness\/produkt\/ds-fitness-sprint-laufband-mit-25km-h-und-21-5-zoll-display\/\"]}]},{\"@type\":\"ImageObject\",\"inLanguage\":\"de\",\"@id\":\"https:\/\/rntl.ch\/fitness\/produkt\/ds-fitness-sprint-laufband-mit-25km-h-und-21-5-zoll-display\/#primaryimage\",\"url\":\"https:\/\/rntl.ch\/fitness\/wp-content\/uploads\/sites\/3\/2025\/12\/1-3.png\",\"contentUrl\":\"https:\/\/rntl.ch\/fitness\/wp-content\/uploads\/sites\/3\/2025\/12\/1-3.png\",\"width\":500,\"height\":500},{\"@type\":\"BreadcrumbList\",\"@id\":\"https:\/\/rntl.ch\/fitness\/produkt\/ds-fitness-sprint-laufband-mit-25km-h-und-21-5-zoll-display\/#breadcrumb\",\"itemListElement\":[{\"@type\":\"ListItem\",\"position\":1,\"name\":\"Startseite\",\"item\":\"https:\/\/rntl.ch\/fitness\/\"},{\"@type\":\"ListItem\",\"position\":2,\"name\":\"Shop\",\"item\":\"https:\/\/rntl.ch\/fitness\/shop\/\"},{\"@type\":\"ListItem\",\"position\":3,\"name\":\"DS Fitness Sprint Laufband mit 25km\/h und 21.5 Zoll Display\"}]},{\"@type\":\"WebSite\",\"@id\":\"https:\/\/rntl.ch\/fitness\/#website\",\"url\":\"https:\/\/rntl.ch\/fitness\/\",\"name\":\"RNTL Fitness\",\"description\":\"Mieten Einfach Anders\",\"publisher\":{\"@id\":\"https:\/\/rntl.ch\/fitness\/#organization\"},\"potentialAction\":[{\"@type\":\"SearchAction\",\"target\":{\"@type\":\"EntryPoint\",\"urlTemplate\":\"https:\/\/rntl.ch\/fitness\/?s={search_term_string}\"},\"query-input\":{\"@type\":\"PropertyValueSpecification\",\"valueRequired\":true,\"valueName\":\"search_term_string\"}}],\"inLanguage\":\"de\"},{\"@type\":\"Organization\",\"@id\":\"https:\/\/rntl.ch\/fitness\/#organization\",\"name\":\"RNTL Fitness\",\"url\":\"https:\/\/rntl.ch\/fitness\/\",\"logo\":{\"@type\":\"ImageObject\",\"inLanguage\":\"de\",\"@id\":\"https:\/\/rntl.ch\/fitness\/#\/schema\/logo\/image\/\",\"url\":\"https:\/\/rntl.ch\/fitness\/wp-content\/uploads\/sites\/3\/2020\/11\/cropped-rntl_logo_white_530x150.png\",\"contentUrl\":\"https:\/\/rntl.ch\/fitness\/wp-content\/uploads\/sites\/3\/2020\/11\/cropped-rntl_logo_white_530x150.png\",\"width\":530,\"height\":150,\"caption\":\"RNTL Fitness\"},\"image\":{\"@id\":\"https:\/\/rntl.ch\/fitness\/#\/schema\/logo\/image\/\"}}]}<\/script>\n<!-- \/ Yoast SEO plugin. -->","yoast_head_json":{"title":"DS Fitness Sprint Laufband mit 25km\/h und 21.5 Zoll Display - RNTL Fitness","description":"Miete, kaufe, oder finanziere f\u00fcr das Ausdauertraining zu Hause den Kettler Crosstrainer bei RNTL.","robots":{"index":"index","follow":"follow","max-snippet":"max-snippet:-1","max-image-preview":"max-image-preview:large","max-video-preview":"max-video-preview:-1"},"canonical":"https:\/\/rntl.ch\/fitness\/produkt\/ds-fitness-sprint-laufband-mit-25km-h-und-21-5-zoll-display\/","og_locale":"de_DE","og_type":"article","og_title":"DS Fitness Sprint Laufband mit 25km\/h und 21.5 Zoll Display - RNTL Fitness","og_description":"Miete, kaufe, oder finanziere f\u00fcr das Ausdauertraining zu Hause den Kettler Crosstrainer bei RNTL.","og_url":"https:\/\/rntl.ch\/fitness\/produkt\/ds-fitness-sprint-laufband-mit-25km-h-und-21-5-zoll-display\/","og_site_name":"RNTL Fitness","article_modified_time":"2025-12-11T05:35:50+00:00","og_image":[{"width":500,"height":500,"url":"https:\/\/rntl.ch\/fitness\/wp-content\/uploads\/sites\/3\/2025\/12\/1-3.png","type":"image\/png"}],"twitter_card":"summary_large_image","twitter_misc":{"Gesch\u00e4tzte Lesezeit":"2\u00a0Minuten"},"schema":{"@context":"https:\/\/schema.org","@graph":[{"@type":"WebPage","@id":"https:\/\/rntl.ch\/fitness\/produkt\/ds-fitness-sprint-laufband-mit-25km-h-und-21-5-zoll-display\/","url":"https:\/\/rntl.ch\/fitness\/produkt\/ds-fitness-sprint-laufband-mit-25km-h-und-21-5-zoll-display\/","name":"DS Fitness Sprint Laufband mit 25km\/h und 21.5 Zoll Display - RNTL Fitness","isPartOf":{"@id":"https:\/\/rntl.ch\/fitness\/#website"},"primaryImageOfPage":{"@id":"https:\/\/rntl.ch\/fitness\/produkt\/ds-fitness-sprint-laufband-mit-25km-h-und-21-5-zoll-display\/#primaryimage"},"image":{"@id":"https:\/\/rntl.ch\/fitness\/produkt\/ds-fitness-sprint-laufband-mit-25km-h-und-21-5-zoll-display\/#primaryimage"},"thumbnailUrl":"https:\/\/rntl.ch\/fitness\/wp-content\/uploads\/sites\/3\/2025\/12\/1-3.png","datePublished":"2025-12-11T05:34:09+00:00","dateModified":"2025-12-11T05:35:50+00:00","description":"Miete, kaufe, oder finanziere f\u00fcr das Ausdauertraining zu Hause den Kettler Crosstrainer bei RNTL.","breadcrumb":{"@id":"https:\/\/rntl.ch\/fitness\/produkt\/ds-fitness-sprint-laufband-mit-25km-h-und-21-5-zoll-display\/#breadcrumb"},"inLanguage":"de","potentialAction":[{"@type":"ReadAction","target":["https:\/\/rntl.ch\/fitness\/produkt\/ds-fitness-sprint-laufband-mit-25km-h-und-21-5-zoll-display\/"]}]},{"@type":"ImageObject","inLanguage":"de","@id":"https:\/\/rntl.ch\/fitness\/produkt\/ds-fitness-sprint-laufband-mit-25km-h-und-21-5-zoll-display\/#primaryimage","url":"https:\/\/rntl.ch\/fitness\/wp-content\/uploads\/sites\/3\/2025\/12\/1-3.png","contentUrl":"https:\/\/rntl.ch\/fitness\/wp-content\/uploads\/sites\/3\/2025\/12\/1-3.png","width":500,"height":500},{"@type":"BreadcrumbList","@id":"https:\/\/rntl.ch\/fitness\/produkt\/ds-fitness-sprint-laufband-mit-25km-h-und-21-5-zoll-display\/#breadcrumb","itemListElement":[{"@type":"ListItem","position":1,"name":"Startseite","item":"https:\/\/rntl.ch\/fitness\/"},{"@type":"ListItem","position":2,"name":"Shop","item":"https:\/\/rntl.ch\/fitness\/shop\/"},{"@type":"ListItem","position":3,"name":"DS Fitness Sprint Laufband mit 25km\/h und 21.5 Zoll Display"}]},{"@type":"WebSite","@id":"https:\/\/rntl.ch\/fitness\/#website","url":"https:\/\/rntl.ch\/fitness\/","name":"RNTL Fitness","description":"Mieten Einfach Anders","publisher":{"@id":"https:\/\/rntl.ch\/fitness\/#organization"},"potentialAction":[{"@type":"SearchAction","target":{"@type":"EntryPoint","urlTemplate":"https:\/\/rntl.ch\/fitness\/?s={search_term_string}"},"query-input":{"@type":"PropertyValueSpecification","valueRequired":true,"valueName":"search_term_string"}}],"inLanguage":"de"},{"@type":"Organization","@id":"https:\/\/rntl.ch\/fitness\/#organization","name":"RNTL Fitness","url":"https:\/\/rntl.ch\/fitness\/","logo":{"@type":"ImageObject","inLanguage":"de","@id":"https:\/\/rntl.ch\/fitness\/#\/schema\/logo\/image\/","url":"https:\/\/rntl.ch\/fitness\/wp-content\/uploads\/sites\/3\/2020\/11\/cropped-rntl_logo_white_530x150.png","contentUrl":"https:\/\/rntl.ch\/fitness\/wp-content\/uploads\/sites\/3\/2020\/11\/cropped-rntl_logo_white_530x150.png","width":530,"height":150,"caption":"RNTL Fitness"},"image":{"@id":"https:\/\/rntl.ch\/fitness\/#\/schema\/logo\/image\/"}}]}},"_links":{"self":[{"href":"https:\/\/rntl.ch\/fitness\/wp-json\/wp\/v2\/product\/37684","targetHints":{"allow":["GET"]}}],"collection":[{"href":"https:\/\/rntl.ch\/fitness\/wp-json\/wp\/v2\/product"}],"about":[{"href":"https:\/\/rntl.ch\/fitness\/wp-json\/wp\/v2\/types\/product"}],"version-history":[{"count":1,"href":"https:\/\/rntl.ch\/fitness\/wp-json\/wp\/v2\/product\/37684\/revisions"}],"predecessor-version":[{"id":37690,"href":"https:\/\/rntl.ch\/fitness\/wp-json\/wp\/v2\/product\/37684\/revisions\/37690"}],"wp:featuredmedia":[{"embeddable":true,"href":"https:\/\/rntl.ch\/fitness\/wp-json\/wp\/v2\/media\/37681"}],"wp:attachment":[{"href":"https:\/\/rntl.ch\/fitness\/wp-json\/wp\/v2\/media?parent=37684"}],"wp:term":[{"taxonomy":"product_brand","embeddable":true,"href":"https:\/\/rntl.ch\/fitness\/wp-json\/wp\/v2\/product_brand?post=37684"},{"taxonomy":"product_cat","embeddable":true,"href":"https:\/\/rntl.ch\/fitness\/wp-json\/wp\/v2\/product_cat?post=37684"},{"taxonomy":"product_tag","embeddable":true,"href":"https:\/\/rntl.ch\/fitness\/wp-json\/wp\/v2\/product_tag?post=37684"}],"curies":[{"name":"wp","href":"https:\/\/api.w.org\/{rel}","templated":true}]}}