{"id":38484,"date":"2026-01-16T15:08:06","date_gmt":"2026-01-16T14:08:06","guid":{"rendered":"https:\/\/rntl.ch\/fitness\/?post_type=product&#038;p=38484"},"modified":"2026-01-16T15:10:31","modified_gmt":"2026-01-16T14:10:31","slug":"wahoo-kickr-headwind-smart-fan-intelligenter-trainingsventilator-fuer-indoor-cycling-2","status":"publish","type":"product","link":"https:\/\/rntl.ch\/fitness\/produkt\/wahoo-kickr-headwind-smart-fan-intelligenter-trainingsventilator-fuer-indoor-cycling-2\/","title":{"rendered":"Wahoo KICKR Headwind Smart Fan | Intelligenter Trainingsventilator f\u00fcr Indoor-Cycling"},"content":{"rendered":"<p data-start=\"386\" data-end=\"496\">Dank seiner <strong data-start=\"398\" data-end=\"493\">intelligenten Steuerung passt sich der Headwind automatisch an deine Trainingsintensit\u00e4t an<\/strong>:<\/p>\n<ul data-start=\"497\" data-end=\"896\">\n<li data-start=\"497\" data-end=\"736\">\n<p data-start=\"499\" data-end=\"736\">Die <strong data-start=\"503\" data-end=\"585\">Ventilatorgeschwindigkeit reagiert auf deine Geschwindigkeit oder Herzfrequenz<\/strong>, wenn er mit einem Smart Trainer, ANT+-Sensor oder Herzfrequenzmesser verbunden ist \u2013 mehr Output = mehr Wind.<\/p>\n<\/li>\n<li data-start=\"737\" data-end=\"896\">\n<p data-start=\"739\" data-end=\"896\">Alternativ stehen <strong data-start=\"757\" data-end=\"785\">vier manuelle Windstufen<\/strong> zur Auswahl, wenn du deine bevorzugte K\u00fchlung selbst bestimmen m\u00f6chtest.<\/p>\n<\/li>\n<\/ul>\n<p data-start=\"898\" data-end=\"1109\">\ud83d\udca8 <strong data-start=\"901\" data-end=\"932\">Leistungsstarker Luftstrom:<\/strong> Mit einer maximalen Windgeschwindigkeit von bis zu <strong data-start=\"984\" data-end=\"995\">48 km\/h<\/strong> sorgt der Headwind auch bei intensiven Trainingssets f\u00fcr effektive K\u00fchlung.<\/p>\n<p data-start=\"1111\" data-end=\"1343\">\ud83e\udde0 <strong data-start=\"1114\" data-end=\"1138\">Gezielter Luftfluss:<\/strong> Die Form des Luftstroms ist so gestaltet, dass sie die typische K\u00f6rperhaltung auf dem Rad optimal trifft \u2013 f\u00fcr effiziente Abk\u00fchlung genau dort, wo sie gebraucht wird.<\/p>\n<p data-start=\"1345\" data-end=\"1373\">\ud83d\udcf1 <strong data-start=\"1348\" data-end=\"1371\">Flexible Steuerung:<\/strong><\/p>\n<ul data-start=\"1374\" data-end=\"1672\">\n<li data-start=\"1374\" data-end=\"1433\">\n<p data-start=\"1376\" data-end=\"1433\"><strong data-start=\"1376\" data-end=\"1403\">Bluetooth-Konnektivit\u00e4t<\/strong> zur Steuerung via Wahoo App<\/p>\n<\/li>\n<li data-start=\"1434\" data-end=\"1672\">\n<p data-start=\"1436\" data-end=\"1672\"><strong data-start=\"1436\" data-end=\"1459\">ANT+-Kompatibilit\u00e4t<\/strong> f\u00fcr nahtlose Verbindung mit Sensoren und Smart Trainern<br data-start=\"1515\" data-end=\"1518\" \/>Dadurch taugt der Headwind perfekt zur Erg\u00e4nzung deines Indoor-Workouts in Verbindung mit Apps wie Zwift oder SYSTM.<\/p>\n<\/li>\n<\/ul>\n<p data-start=\"1674\" data-end=\"1886\">\ud83d\udee0 <strong data-start=\"1677\" data-end=\"1704\">Mobiles Setup &amp; Design:<\/strong> Mit <strong data-start=\"1709\" data-end=\"1767\">rollenf\u00e4higen Standbeinen und verstellbaren Positionen<\/strong> l\u00e4sst sich der Ventilator einfach dort platzieren, wo du den Luftstrom brauchst.<\/p>\n<hr data-start=\"1888\" data-end=\"1891\" \/>\n<p data-start=\"1893\" data-end=\"2130\">\ud83c\udfc1 <strong data-start=\"1896\" data-end=\"1906\">Fazit:<\/strong> Der <strong data-start=\"1911\" data-end=\"1945\">Wahoo KICKR Headwind Smart Fan<\/strong> ist der ideale Trainingspartner f\u00fcr ernste Indoor-Cycling-Sessions \u2013 er sorgt f\u00fcr eine angenehme K\u00fchlung genau dann, wenn du sie brauchst, und macht dein Training sp\u00fcrbar komfortabler.<\/p>\n","protected":false},"excerpt":{"rendered":"<p data-start=\"244\" data-end=\"587\">Der <strong data-start=\"161\" data-end=\"195\">Wahoo KICKR Headwind Smart Fan<\/strong> ist kein gew\u00f6hnlicher Ventilator \u2013 er ist speziell f\u00fcr Radfahrer entwickelt worden, die auch bei harten Indoor-Einheiten angenehm k\u00fchl bleiben wollen.<\/p>\n<p><strong>Kaufpreis [woo_custom_field id=\"rntl_retail_price_field\"].-<\/strong><\/p>\n[rntl_page_content id=\"14687\"]\n","protected":false},"featured_media":38476,"template":"","meta":{"content-type":""},"product_brand":[164],"product_cat":[99,32],"product_tag":[26,107],"class_list":{"0":"post-38484","1":"product","2":"type-product","3":"status-publish","4":"has-post-thumbnail","6":"product_brand-wahoo","7":"product_cat-indoor-cycling","8":"product_cat-zusatzausruestung","9":"product_tag-kaufen","10":"product_tag-kaufen-neu","11":"product_shipping_class-leicht","12":"tm-no-options","14":"first","15":"instock","16":"taxable","17":"shipping-taxable","18":"purchasable","19":"product-type-simple"},"yoast_head":"<!-- This site is optimized with the Yoast SEO plugin v26.3 - https:\/\/yoast.com\/wordpress\/plugins\/seo\/ -->\n<title>Schwinn Spinning 700IC<\/title>\n<meta name=\"description\" content=\"Miete, kaufe, oder finanziere f\u00fcr das Ausdauertraining zu Hause das Schwinn Spinning 700IC bei RNTL. Das beliebte Spinning Bike.\" \/>\n<meta name=\"robots\" content=\"index, follow, max-snippet:-1, max-image-preview:large, max-video-preview:-1\" \/>\n<link rel=\"canonical\" href=\"https:\/\/rntl.ch\/fitness\/produkt\/wahoo-kickr-headwind-smart-fan-intelligenter-trainingsventilator-fuer-indoor-cycling-2\/\" \/>\n<meta property=\"og:locale\" content=\"de_DE\" \/>\n<meta property=\"og:type\" content=\"article\" \/>\n<meta property=\"og:title\" content=\"Schwinn Spinning 700IC\" \/>\n<meta property=\"og:description\" content=\"Miete, kaufe, oder finanziere f\u00fcr das Ausdauertraining zu Hause das Schwinn Spinning 700IC bei RNTL. Das beliebte Spinning Bike.\" \/>\n<meta property=\"og:url\" content=\"https:\/\/rntl.ch\/fitness\/produkt\/wahoo-kickr-headwind-smart-fan-intelligenter-trainingsventilator-fuer-indoor-cycling-2\/\" \/>\n<meta property=\"og:site_name\" content=\"RNTL Fitness\" \/>\n<meta property=\"article:modified_time\" content=\"2026-01-16T14:10:31+00:00\" \/>\n<meta property=\"og:image\" content=\"https:\/\/rntl.ch\/fitness\/wp-content\/uploads\/sites\/3\/2026\/01\/1-1.png\" \/>\n\t<meta property=\"og:image:width\" content=\"500\" \/>\n\t<meta property=\"og:image:height\" content=\"500\" \/>\n\t<meta property=\"og:image:type\" content=\"image\/png\" \/>\n<meta name=\"twitter:card\" content=\"summary_large_image\" \/>\n<meta name=\"twitter:label1\" content=\"Gesch\u00e4tzte Lesezeit\" \/>\n\t<meta name=\"twitter:data1\" content=\"2\u00a0Minuten\" \/>\n<script type=\"application\/ld+json\" class=\"yoast-schema-graph\">{\"@context\":\"https:\/\/schema.org\",\"@graph\":[{\"@type\":\"WebPage\",\"@id\":\"https:\/\/rntl.ch\/fitness\/produkt\/wahoo-kickr-headwind-smart-fan-intelligenter-trainingsventilator-fuer-indoor-cycling-2\/\",\"url\":\"https:\/\/rntl.ch\/fitness\/produkt\/wahoo-kickr-headwind-smart-fan-intelligenter-trainingsventilator-fuer-indoor-cycling-2\/\",\"name\":\"Schwinn Spinning 700IC\",\"isPartOf\":{\"@id\":\"https:\/\/rntl.ch\/fitness\/#website\"},\"primaryImageOfPage\":{\"@id\":\"https:\/\/rntl.ch\/fitness\/produkt\/wahoo-kickr-headwind-smart-fan-intelligenter-trainingsventilator-fuer-indoor-cycling-2\/#primaryimage\"},\"image\":{\"@id\":\"https:\/\/rntl.ch\/fitness\/produkt\/wahoo-kickr-headwind-smart-fan-intelligenter-trainingsventilator-fuer-indoor-cycling-2\/#primaryimage\"},\"thumbnailUrl\":\"https:\/\/rntl.ch\/fitness\/wp-content\/uploads\/sites\/3\/2026\/01\/1-1.png\",\"datePublished\":\"2026-01-16T14:08:06+00:00\",\"dateModified\":\"2026-01-16T14:10:31+00:00\",\"description\":\"Miete, kaufe, oder finanziere f\u00fcr das Ausdauertraining zu Hause das Schwinn Spinning 700IC bei RNTL. Das beliebte Spinning Bike.\",\"breadcrumb\":{\"@id\":\"https:\/\/rntl.ch\/fitness\/produkt\/wahoo-kickr-headwind-smart-fan-intelligenter-trainingsventilator-fuer-indoor-cycling-2\/#breadcrumb\"},\"inLanguage\":\"de\",\"potentialAction\":[{\"@type\":\"ReadAction\",\"target\":[\"https:\/\/rntl.ch\/fitness\/produkt\/wahoo-kickr-headwind-smart-fan-intelligenter-trainingsventilator-fuer-indoor-cycling-2\/\"]}]},{\"@type\":\"ImageObject\",\"inLanguage\":\"de\",\"@id\":\"https:\/\/rntl.ch\/fitness\/produkt\/wahoo-kickr-headwind-smart-fan-intelligenter-trainingsventilator-fuer-indoor-cycling-2\/#primaryimage\",\"url\":\"https:\/\/rntl.ch\/fitness\/wp-content\/uploads\/sites\/3\/2026\/01\/1-1.png\",\"contentUrl\":\"https:\/\/rntl.ch\/fitness\/wp-content\/uploads\/sites\/3\/2026\/01\/1-1.png\",\"width\":500,\"height\":500},{\"@type\":\"BreadcrumbList\",\"@id\":\"https:\/\/rntl.ch\/fitness\/produkt\/wahoo-kickr-headwind-smart-fan-intelligenter-trainingsventilator-fuer-indoor-cycling-2\/#breadcrumb\",\"itemListElement\":[{\"@type\":\"ListItem\",\"position\":1,\"name\":\"Startseite\",\"item\":\"https:\/\/rntl.ch\/fitness\/\"},{\"@type\":\"ListItem\",\"position\":2,\"name\":\"Shop\",\"item\":\"https:\/\/rntl.ch\/fitness\/shop\/\"},{\"@type\":\"ListItem\",\"position\":3,\"name\":\"Wahoo KICKR Headwind Smart Fan | Intelligenter Trainingsventilator f\u00fcr Indoor-Cycling\"}]},{\"@type\":\"WebSite\",\"@id\":\"https:\/\/rntl.ch\/fitness\/#website\",\"url\":\"https:\/\/rntl.ch\/fitness\/\",\"name\":\"RNTL Fitness\",\"description\":\"Mieten Einfach Anders\",\"publisher\":{\"@id\":\"https:\/\/rntl.ch\/fitness\/#organization\"},\"potentialAction\":[{\"@type\":\"SearchAction\",\"target\":{\"@type\":\"EntryPoint\",\"urlTemplate\":\"https:\/\/rntl.ch\/fitness\/?s={search_term_string}\"},\"query-input\":{\"@type\":\"PropertyValueSpecification\",\"valueRequired\":true,\"valueName\":\"search_term_string\"}}],\"inLanguage\":\"de\"},{\"@type\":\"Organization\",\"@id\":\"https:\/\/rntl.ch\/fitness\/#organization\",\"name\":\"RNTL Fitness\",\"url\":\"https:\/\/rntl.ch\/fitness\/\",\"logo\":{\"@type\":\"ImageObject\",\"inLanguage\":\"de\",\"@id\":\"https:\/\/rntl.ch\/fitness\/#\/schema\/logo\/image\/\",\"url\":\"https:\/\/rntl.ch\/fitness\/wp-content\/uploads\/sites\/3\/2020\/11\/cropped-rntl_logo_white_530x150.png\",\"contentUrl\":\"https:\/\/rntl.ch\/fitness\/wp-content\/uploads\/sites\/3\/2020\/11\/cropped-rntl_logo_white_530x150.png\",\"width\":530,\"height\":150,\"caption\":\"RNTL Fitness\"},\"image\":{\"@id\":\"https:\/\/rntl.ch\/fitness\/#\/schema\/logo\/image\/\"}}]}<\/script>\n<!-- \/ Yoast SEO plugin. -->","yoast_head_json":{"title":"Schwinn Spinning 700IC","description":"Miete, kaufe, oder finanziere f\u00fcr das Ausdauertraining zu Hause das Schwinn Spinning 700IC bei RNTL. Das beliebte Spinning Bike.","robots":{"index":"index","follow":"follow","max-snippet":"max-snippet:-1","max-image-preview":"max-image-preview:large","max-video-preview":"max-video-preview:-1"},"canonical":"https:\/\/rntl.ch\/fitness\/produkt\/wahoo-kickr-headwind-smart-fan-intelligenter-trainingsventilator-fuer-indoor-cycling-2\/","og_locale":"de_DE","og_type":"article","og_title":"Schwinn Spinning 700IC","og_description":"Miete, kaufe, oder finanziere f\u00fcr das Ausdauertraining zu Hause das Schwinn Spinning 700IC bei RNTL. Das beliebte Spinning Bike.","og_url":"https:\/\/rntl.ch\/fitness\/produkt\/wahoo-kickr-headwind-smart-fan-intelligenter-trainingsventilator-fuer-indoor-cycling-2\/","og_site_name":"RNTL Fitness","article_modified_time":"2026-01-16T14:10:31+00:00","og_image":[{"width":500,"height":500,"url":"https:\/\/rntl.ch\/fitness\/wp-content\/uploads\/sites\/3\/2026\/01\/1-1.png","type":"image\/png"}],"twitter_card":"summary_large_image","twitter_misc":{"Gesch\u00e4tzte Lesezeit":"2\u00a0Minuten"},"schema":{"@context":"https:\/\/schema.org","@graph":[{"@type":"WebPage","@id":"https:\/\/rntl.ch\/fitness\/produkt\/wahoo-kickr-headwind-smart-fan-intelligenter-trainingsventilator-fuer-indoor-cycling-2\/","url":"https:\/\/rntl.ch\/fitness\/produkt\/wahoo-kickr-headwind-smart-fan-intelligenter-trainingsventilator-fuer-indoor-cycling-2\/","name":"Schwinn Spinning 700IC","isPartOf":{"@id":"https:\/\/rntl.ch\/fitness\/#website"},"primaryImageOfPage":{"@id":"https:\/\/rntl.ch\/fitness\/produkt\/wahoo-kickr-headwind-smart-fan-intelligenter-trainingsventilator-fuer-indoor-cycling-2\/#primaryimage"},"image":{"@id":"https:\/\/rntl.ch\/fitness\/produkt\/wahoo-kickr-headwind-smart-fan-intelligenter-trainingsventilator-fuer-indoor-cycling-2\/#primaryimage"},"thumbnailUrl":"https:\/\/rntl.ch\/fitness\/wp-content\/uploads\/sites\/3\/2026\/01\/1-1.png","datePublished":"2026-01-16T14:08:06+00:00","dateModified":"2026-01-16T14:10:31+00:00","description":"Miete, kaufe, oder finanziere f\u00fcr das Ausdauertraining zu Hause das Schwinn Spinning 700IC bei RNTL. Das beliebte Spinning Bike.","breadcrumb":{"@id":"https:\/\/rntl.ch\/fitness\/produkt\/wahoo-kickr-headwind-smart-fan-intelligenter-trainingsventilator-fuer-indoor-cycling-2\/#breadcrumb"},"inLanguage":"de","potentialAction":[{"@type":"ReadAction","target":["https:\/\/rntl.ch\/fitness\/produkt\/wahoo-kickr-headwind-smart-fan-intelligenter-trainingsventilator-fuer-indoor-cycling-2\/"]}]},{"@type":"ImageObject","inLanguage":"de","@id":"https:\/\/rntl.ch\/fitness\/produkt\/wahoo-kickr-headwind-smart-fan-intelligenter-trainingsventilator-fuer-indoor-cycling-2\/#primaryimage","url":"https:\/\/rntl.ch\/fitness\/wp-content\/uploads\/sites\/3\/2026\/01\/1-1.png","contentUrl":"https:\/\/rntl.ch\/fitness\/wp-content\/uploads\/sites\/3\/2026\/01\/1-1.png","width":500,"height":500},{"@type":"BreadcrumbList","@id":"https:\/\/rntl.ch\/fitness\/produkt\/wahoo-kickr-headwind-smart-fan-intelligenter-trainingsventilator-fuer-indoor-cycling-2\/#breadcrumb","itemListElement":[{"@type":"ListItem","position":1,"name":"Startseite","item":"https:\/\/rntl.ch\/fitness\/"},{"@type":"ListItem","position":2,"name":"Shop","item":"https:\/\/rntl.ch\/fitness\/shop\/"},{"@type":"ListItem","position":3,"name":"Wahoo KICKR Headwind Smart Fan | Intelligenter Trainingsventilator f\u00fcr Indoor-Cycling"}]},{"@type":"WebSite","@id":"https:\/\/rntl.ch\/fitness\/#website","url":"https:\/\/rntl.ch\/fitness\/","name":"RNTL Fitness","description":"Mieten Einfach Anders","publisher":{"@id":"https:\/\/rntl.ch\/fitness\/#organization"},"potentialAction":[{"@type":"SearchAction","target":{"@type":"EntryPoint","urlTemplate":"https:\/\/rntl.ch\/fitness\/?s={search_term_string}"},"query-input":{"@type":"PropertyValueSpecification","valueRequired":true,"valueName":"search_term_string"}}],"inLanguage":"de"},{"@type":"Organization","@id":"https:\/\/rntl.ch\/fitness\/#organization","name":"RNTL Fitness","url":"https:\/\/rntl.ch\/fitness\/","logo":{"@type":"ImageObject","inLanguage":"de","@id":"https:\/\/rntl.ch\/fitness\/#\/schema\/logo\/image\/","url":"https:\/\/rntl.ch\/fitness\/wp-content\/uploads\/sites\/3\/2020\/11\/cropped-rntl_logo_white_530x150.png","contentUrl":"https:\/\/rntl.ch\/fitness\/wp-content\/uploads\/sites\/3\/2020\/11\/cropped-rntl_logo_white_530x150.png","width":530,"height":150,"caption":"RNTL Fitness"},"image":{"@id":"https:\/\/rntl.ch\/fitness\/#\/schema\/logo\/image\/"}}]}},"_links":{"self":[{"href":"https:\/\/rntl.ch\/fitness\/wp-json\/wp\/v2\/product\/38484","targetHints":{"allow":["GET"]}}],"collection":[{"href":"https:\/\/rntl.ch\/fitness\/wp-json\/wp\/v2\/product"}],"about":[{"href":"https:\/\/rntl.ch\/fitness\/wp-json\/wp\/v2\/types\/product"}],"version-history":[{"count":1,"href":"https:\/\/rntl.ch\/fitness\/wp-json\/wp\/v2\/product\/38484\/revisions"}],"predecessor-version":[{"id":38489,"href":"https:\/\/rntl.ch\/fitness\/wp-json\/wp\/v2\/product\/38484\/revisions\/38489"}],"wp:featuredmedia":[{"embeddable":true,"href":"https:\/\/rntl.ch\/fitness\/wp-json\/wp\/v2\/media\/38476"}],"wp:attachment":[{"href":"https:\/\/rntl.ch\/fitness\/wp-json\/wp\/v2\/media?parent=38484"}],"wp:term":[{"taxonomy":"product_brand","embeddable":true,"href":"https:\/\/rntl.ch\/fitness\/wp-json\/wp\/v2\/product_brand?post=38484"},{"taxonomy":"product_cat","embeddable":true,"href":"https:\/\/rntl.ch\/fitness\/wp-json\/wp\/v2\/product_cat?post=38484"},{"taxonomy":"product_tag","embeddable":true,"href":"https:\/\/rntl.ch\/fitness\/wp-json\/wp\/v2\/product_tag?post=38484"}],"curies":[{"name":"wp","href":"https:\/\/api.w.org\/{rel}","templated":true}]}}