{"id":38852,"date":"2026-02-05T11:26:10","date_gmt":"2026-02-05T10:26:10","guid":{"rendered":"https:\/\/rntl.ch\/fitness\/?post_type=product&#038;p=38852"},"modified":"2026-02-05T11:27:49","modified_gmt":"2026-02-05T10:27:49","slug":"leeze-boom-board-pro-2","status":"publish","type":"product","link":"https:\/\/rntl.ch\/fitness\/produkt\/leeze-boom-board-pro-2\/","title":{"rendered":"Leeze Boom Board Pro"},"content":{"rendered":"<p data-start=\"68\" data-end=\"479\">Entwickelt f\u00fcr alle, die Komfort, Realismus und Performance beim Rollentraining vereinen m\u00f6chten. Als hochwertige <strong data-start=\"276\" data-end=\"291\">Rockerplate<\/strong> f\u00fcr Smarttrainer und Rollentrainer bringt dieses Board mehr Dynamik und Nat\u00fcrlichkeit in dein Workout, ganz \u00e4hnlich wie beim echten Stra\u00dfenradfahren.<\/p>\n<h3 data-start=\"481\" data-end=\"541\">\ud83d\udeb4\u200d\u2642\ufe0f <strong data-start=\"491\" data-end=\"541\">Realistisches Fahrgef\u00fchl &amp; dynamische Bewegung<\/strong><\/h3>\n<p data-start=\"542\" data-end=\"1053\">Beim klassischen Indoor-Training steht dein Fahrrad oft starr auf der Stelle. Mit dem Boom Board Pro wird dieses Gef\u00fchl aufgebrochen:<br data-start=\"675\" data-end=\"678\" \/>\u2714 Dank des innovativen <strong data-start=\"701\" data-end=\"724\">Bionic-Flow-Systems<\/strong> mit seitlicher Federbewegung vermittelt das Board ein dynamisches, nachgebendes Fahrgef\u00fchl \u2013 \u00e4hnlich dem auf der Stra\u00dfe. <br data-start=\"883\" data-end=\"886\" \/>\u2714 Durch verstellbare Druckfedern kannst du die <strong data-start=\"933\" data-end=\"977\">Bewegungsintensit\u00e4t individuell anpassen<\/strong> \u2013 je nach Trainingsstil und Vorliebe.<\/p>\n<h3 data-start=\"1055\" data-end=\"1104\">\u2699\ufe0f <strong data-start=\"1062\" data-end=\"1104\">Durchdachte Technik &amp; Materialqualit\u00e4t<\/strong><\/h3>\n<p data-start=\"1105\" data-end=\"1685\">Das Boom Board Pro setzt auf hochwertige Materialien und innovative Technik f\u00fcr Langlebigkeit und Komfort:<br data-start=\"1211\" data-end=\"1214\" \/>\u2022 <strong data-start=\"1216\" data-end=\"1261\">Optimierte Druckfedern statt Ballmechanik<\/strong> f\u00fcr mehr Sicherheit, Langlebigkeit und komfortableres Fahrgef\u00fchl. <br data-start=\"1365\" data-end=\"1368\" \/>\u2022 <strong data-start=\"1370\" data-end=\"1403\">Two-Point-Tension-Technologie<\/strong> f\u00fcr eine stabile und sichere Verbindung zwischen Board und Trainer. <br data-start=\"1509\" data-end=\"1512\" \/>\u2022 Hergestellt aus <strong data-start=\"1530\" data-end=\"1588\">100 % recyceltem Polypropylen mit Glasfaserverst\u00e4rkung<\/strong> \u2013 robust, pflegeleicht und wasser- sowie schwei\u00dfresistent.<\/p>\n<h3 data-start=\"1687\" data-end=\"1737\">\ud83d\udd27 <strong data-start=\"1694\" data-end=\"1737\">Kompatibilit\u00e4t &amp; Individualisierbarkeit<\/strong><\/h3>\n<p data-start=\"1738\" data-end=\"2064\">Das Board ist mit einer Vielzahl g\u00e4ngiger Smart-Trainer und Smartbikes kompatibel, darunter Modelle von Elite, Wahoo, Saris, Tacx und vielen mehr*. <br data-start=\"1923\" data-end=\"1926\" \/>\u2728 Optionales Zubeh\u00f6r wie farbige <strong data-start=\"1959\" data-end=\"1972\">Boom Dots<\/strong> erm\u00f6glicht individuelles Design und Personalisierung.<\/p>\n<h3 data-start=\"2066\" data-end=\"2097\">\ud83e\udde0 <strong data-start=\"2073\" data-end=\"2097\">Vorteile im Training<\/strong><\/h3>\n<p data-start=\"2098\" data-end=\"2546\">\u2714 <strong data-start=\"2100\" data-end=\"2127\">Mehr Bewegungsfreiheit:<\/strong> Entlastet Rahmen und Gelenke durch nat\u00fcrliche seitliche Neigung. <br data-start=\"2230\" data-end=\"2233\" \/>\u2714 <strong data-start=\"2235\" data-end=\"2269\">Komfortableres Indoor Cycling:<\/strong> Reduziert statische Belastungen und macht l\u00e4ngere Sessions angenehmer. <br data-start=\"2380\" data-end=\"2383\" \/>\u2714 <strong data-start=\"2385\" data-end=\"2413\">Bessere Ger\u00e4uschd\u00e4mmung:<\/strong> Durch die federnde Konstruktion sinkt die Ger\u00e4usch- und Vibrations\u00fcbertragung auf den Boden.<\/p>\n<h3 data-start=\"2548\" data-end=\"2591\">\ud83d\udcd0 <strong data-start=\"2555\" data-end=\"2591\">Technische Daten (Kurz\u00fcberblick)<\/strong><\/h3>\n<ul data-start=\"2592\" data-end=\"3114\">\n<li data-start=\"2592\" data-end=\"2698\">\n<p data-start=\"2594\" data-end=\"2698\"><strong data-start=\"2594\" data-end=\"2607\">Material:<\/strong> Recyceltes Polypropylen mit Glasfaserverst\u00e4rkung<\/p>\n<\/li>\n<li data-start=\"2699\" data-end=\"2795\">\n<p data-start=\"2701\" data-end=\"2795\"><strong data-start=\"2701\" data-end=\"2722\">Federmechanismus:<\/strong> Einstellbare Stahl-Druckfedern<\/p>\n<\/li>\n<li data-start=\"2796\" data-end=\"2884\">\n<p data-start=\"2798\" data-end=\"2884\"><strong data-start=\"2798\" data-end=\"2813\">Oberfl\u00e4che:<\/strong> Wasser- und schwei\u00dfresistent<\/p>\n<\/li>\n<li data-start=\"2885\" data-end=\"2992\">\n<p data-start=\"2887\" data-end=\"2992\"><strong data-start=\"2887\" data-end=\"2906\">Kompatibilit\u00e4t:<\/strong> Breite Auswahl an Rollentrainern\/Smartbikes<\/p>\n<\/li>\n<li data-start=\"2993\" data-end=\"3114\">\n<p data-start=\"2995\" data-end=\"3114\"><strong data-start=\"2995\" data-end=\"3023\">Komfort &amp; Komforteffekt:<\/strong> Verbesserte D\u00e4mpfung &amp; realistischere Fahrbewegung<\/p>\n<\/li>\n<\/ul>\n<hr data-start=\"3116\" data-end=\"3119\" \/>\n<h3 data-start=\"3121\" data-end=\"3134\"><strong data-start=\"3125\" data-end=\"3134\">Fazit<\/strong><\/h3>\n<p data-start=\"3135\" data-end=\"3505\">Das <strong data-start=\"3139\" data-end=\"3157\">Boom Board Pro<\/strong> ist mehr als eine Trainingsplattform \u2013 es ist ein <strong data-start=\"3208\" data-end=\"3243\">Upgrade f\u00fcr dein Indoor-Cycling<\/strong>, das Trainingseffizienz, Komfort und Fahrgef\u00fchl auf ein neues Niveau hebt. Ideal f\u00fcr ambitionierte Athleten, regelm\u00e4\u00dfige Zwift-Rider und alle, die ihr Training realistischer, dynamischer und komfortabler gestalten wollen.<\/p>\n","protected":false},"excerpt":{"rendered":"<p data-start=\"244\" data-end=\"587\">Entdecke mit dem <strong data-start=\"85\" data-end=\"109\">Leeze Boom Board Pro<\/strong> die n\u00e4chste Stufe deines Indoor-Cycling-Trainings<\/p>\n<p><strong>Kaufpreis [woo_custom_field id=\"rntl_retail_price_field\"].-<\/strong><\/p>\n[rntl_page_content id=\"14687\"]\n","protected":false},"featured_media":38845,"template":"","meta":{"content-type":""},"product_brand":[181],"product_cat":[99,32],"product_tag":[112],"class_list":{"0":"post-38852","1":"product","2":"type-product","3":"status-publish","4":"has-post-thumbnail","6":"product_brand-leeze","7":"product_cat-indoor-cycling","8":"product_cat-zusatzausruestung","9":"product_tag-mieten","10":"product_shipping_class-paket","11":"tm-no-options","13":"first","14":"instock","15":"taxable","16":"shipping-taxable","17":"purchasable","18":"product-type-simple"},"yoast_head":"<!-- This site is optimized with the Yoast SEO plugin v26.3 - https:\/\/yoast.com\/wordpress\/plugins\/seo\/ -->\n<title>Schwinn Spinning 700IC<\/title>\n<meta name=\"description\" content=\"Miete, kaufe, oder finanziere f\u00fcr das Ausdauertraining zu Hause das Schwinn Spinning 700IC bei RNTL. Das beliebte Spinning Bike.\" \/>\n<meta name=\"robots\" content=\"index, follow, max-snippet:-1, max-image-preview:large, max-video-preview:-1\" \/>\n<link rel=\"canonical\" href=\"https:\/\/rntl.ch\/fitness\/produkt\/leeze-boom-board-pro-2\/\" \/>\n<meta property=\"og:locale\" content=\"de_DE\" \/>\n<meta property=\"og:type\" content=\"article\" \/>\n<meta property=\"og:title\" content=\"Schwinn Spinning 700IC\" \/>\n<meta property=\"og:description\" content=\"Miete, kaufe, oder finanziere f\u00fcr das Ausdauertraining zu Hause das Schwinn Spinning 700IC bei RNTL. Das beliebte Spinning Bike.\" \/>\n<meta property=\"og:url\" content=\"https:\/\/rntl.ch\/fitness\/produkt\/leeze-boom-board-pro-2\/\" \/>\n<meta property=\"og:site_name\" content=\"RNTL Fitness\" \/>\n<meta property=\"article:modified_time\" content=\"2026-02-05T10:27:49+00:00\" \/>\n<meta property=\"og:image\" content=\"https:\/\/rntl.ch\/fitness\/wp-content\/uploads\/sites\/3\/2026\/02\/1.png\" \/>\n\t<meta property=\"og:image:width\" content=\"500\" \/>\n\t<meta property=\"og:image:height\" content=\"500\" \/>\n\t<meta property=\"og:image:type\" content=\"image\/png\" \/>\n<meta name=\"twitter:card\" content=\"summary_large_image\" \/>\n<meta name=\"twitter:label1\" content=\"Gesch\u00e4tzte Lesezeit\" \/>\n\t<meta name=\"twitter:data1\" content=\"2\u00a0Minuten\" \/>\n<script type=\"application\/ld+json\" class=\"yoast-schema-graph\">{\"@context\":\"https:\/\/schema.org\",\"@graph\":[{\"@type\":\"WebPage\",\"@id\":\"https:\/\/rntl.ch\/fitness\/produkt\/leeze-boom-board-pro-2\/\",\"url\":\"https:\/\/rntl.ch\/fitness\/produkt\/leeze-boom-board-pro-2\/\",\"name\":\"Schwinn Spinning 700IC\",\"isPartOf\":{\"@id\":\"https:\/\/rntl.ch\/fitness\/#website\"},\"primaryImageOfPage\":{\"@id\":\"https:\/\/rntl.ch\/fitness\/produkt\/leeze-boom-board-pro-2\/#primaryimage\"},\"image\":{\"@id\":\"https:\/\/rntl.ch\/fitness\/produkt\/leeze-boom-board-pro-2\/#primaryimage\"},\"thumbnailUrl\":\"https:\/\/rntl.ch\/fitness\/wp-content\/uploads\/sites\/3\/2026\/02\/1.png\",\"datePublished\":\"2026-02-05T10:26:10+00:00\",\"dateModified\":\"2026-02-05T10:27:49+00:00\",\"description\":\"Miete, kaufe, oder finanziere f\u00fcr das Ausdauertraining zu Hause das Schwinn Spinning 700IC bei RNTL. Das beliebte Spinning Bike.\",\"breadcrumb\":{\"@id\":\"https:\/\/rntl.ch\/fitness\/produkt\/leeze-boom-board-pro-2\/#breadcrumb\"},\"inLanguage\":\"de\",\"potentialAction\":[{\"@type\":\"ReadAction\",\"target\":[\"https:\/\/rntl.ch\/fitness\/produkt\/leeze-boom-board-pro-2\/\"]}]},{\"@type\":\"ImageObject\",\"inLanguage\":\"de\",\"@id\":\"https:\/\/rntl.ch\/fitness\/produkt\/leeze-boom-board-pro-2\/#primaryimage\",\"url\":\"https:\/\/rntl.ch\/fitness\/wp-content\/uploads\/sites\/3\/2026\/02\/1.png\",\"contentUrl\":\"https:\/\/rntl.ch\/fitness\/wp-content\/uploads\/sites\/3\/2026\/02\/1.png\",\"width\":500,\"height\":500},{\"@type\":\"BreadcrumbList\",\"@id\":\"https:\/\/rntl.ch\/fitness\/produkt\/leeze-boom-board-pro-2\/#breadcrumb\",\"itemListElement\":[{\"@type\":\"ListItem\",\"position\":1,\"name\":\"Startseite\",\"item\":\"https:\/\/rntl.ch\/fitness\/\"},{\"@type\":\"ListItem\",\"position\":2,\"name\":\"Shop\",\"item\":\"https:\/\/rntl.ch\/fitness\/shop\/\"},{\"@type\":\"ListItem\",\"position\":3,\"name\":\"Leeze Boom Board Pro\"}]},{\"@type\":\"WebSite\",\"@id\":\"https:\/\/rntl.ch\/fitness\/#website\",\"url\":\"https:\/\/rntl.ch\/fitness\/\",\"name\":\"RNTL Fitness\",\"description\":\"Mieten Einfach Anders\",\"publisher\":{\"@id\":\"https:\/\/rntl.ch\/fitness\/#organization\"},\"potentialAction\":[{\"@type\":\"SearchAction\",\"target\":{\"@type\":\"EntryPoint\",\"urlTemplate\":\"https:\/\/rntl.ch\/fitness\/?s={search_term_string}\"},\"query-input\":{\"@type\":\"PropertyValueSpecification\",\"valueRequired\":true,\"valueName\":\"search_term_string\"}}],\"inLanguage\":\"de\"},{\"@type\":\"Organization\",\"@id\":\"https:\/\/rntl.ch\/fitness\/#organization\",\"name\":\"RNTL Fitness\",\"url\":\"https:\/\/rntl.ch\/fitness\/\",\"logo\":{\"@type\":\"ImageObject\",\"inLanguage\":\"de\",\"@id\":\"https:\/\/rntl.ch\/fitness\/#\/schema\/logo\/image\/\",\"url\":\"https:\/\/rntl.ch\/fitness\/wp-content\/uploads\/sites\/3\/2020\/11\/cropped-rntl_logo_white_530x150.png\",\"contentUrl\":\"https:\/\/rntl.ch\/fitness\/wp-content\/uploads\/sites\/3\/2020\/11\/cropped-rntl_logo_white_530x150.png\",\"width\":530,\"height\":150,\"caption\":\"RNTL Fitness\"},\"image\":{\"@id\":\"https:\/\/rntl.ch\/fitness\/#\/schema\/logo\/image\/\"}}]}<\/script>\n<!-- \/ Yoast SEO plugin. -->","yoast_head_json":{"title":"Schwinn Spinning 700IC","description":"Miete, kaufe, oder finanziere f\u00fcr das Ausdauertraining zu Hause das Schwinn Spinning 700IC bei RNTL. Das beliebte Spinning Bike.","robots":{"index":"index","follow":"follow","max-snippet":"max-snippet:-1","max-image-preview":"max-image-preview:large","max-video-preview":"max-video-preview:-1"},"canonical":"https:\/\/rntl.ch\/fitness\/produkt\/leeze-boom-board-pro-2\/","og_locale":"de_DE","og_type":"article","og_title":"Schwinn Spinning 700IC","og_description":"Miete, kaufe, oder finanziere f\u00fcr das Ausdauertraining zu Hause das Schwinn Spinning 700IC bei RNTL. Das beliebte Spinning Bike.","og_url":"https:\/\/rntl.ch\/fitness\/produkt\/leeze-boom-board-pro-2\/","og_site_name":"RNTL Fitness","article_modified_time":"2026-02-05T10:27:49+00:00","og_image":[{"width":500,"height":500,"url":"https:\/\/rntl.ch\/fitness\/wp-content\/uploads\/sites\/3\/2026\/02\/1.png","type":"image\/png"}],"twitter_card":"summary_large_image","twitter_misc":{"Gesch\u00e4tzte Lesezeit":"2\u00a0Minuten"},"schema":{"@context":"https:\/\/schema.org","@graph":[{"@type":"WebPage","@id":"https:\/\/rntl.ch\/fitness\/produkt\/leeze-boom-board-pro-2\/","url":"https:\/\/rntl.ch\/fitness\/produkt\/leeze-boom-board-pro-2\/","name":"Schwinn Spinning 700IC","isPartOf":{"@id":"https:\/\/rntl.ch\/fitness\/#website"},"primaryImageOfPage":{"@id":"https:\/\/rntl.ch\/fitness\/produkt\/leeze-boom-board-pro-2\/#primaryimage"},"image":{"@id":"https:\/\/rntl.ch\/fitness\/produkt\/leeze-boom-board-pro-2\/#primaryimage"},"thumbnailUrl":"https:\/\/rntl.ch\/fitness\/wp-content\/uploads\/sites\/3\/2026\/02\/1.png","datePublished":"2026-02-05T10:26:10+00:00","dateModified":"2026-02-05T10:27:49+00:00","description":"Miete, kaufe, oder finanziere f\u00fcr das Ausdauertraining zu Hause das Schwinn Spinning 700IC bei RNTL. Das beliebte Spinning Bike.","breadcrumb":{"@id":"https:\/\/rntl.ch\/fitness\/produkt\/leeze-boom-board-pro-2\/#breadcrumb"},"inLanguage":"de","potentialAction":[{"@type":"ReadAction","target":["https:\/\/rntl.ch\/fitness\/produkt\/leeze-boom-board-pro-2\/"]}]},{"@type":"ImageObject","inLanguage":"de","@id":"https:\/\/rntl.ch\/fitness\/produkt\/leeze-boom-board-pro-2\/#primaryimage","url":"https:\/\/rntl.ch\/fitness\/wp-content\/uploads\/sites\/3\/2026\/02\/1.png","contentUrl":"https:\/\/rntl.ch\/fitness\/wp-content\/uploads\/sites\/3\/2026\/02\/1.png","width":500,"height":500},{"@type":"BreadcrumbList","@id":"https:\/\/rntl.ch\/fitness\/produkt\/leeze-boom-board-pro-2\/#breadcrumb","itemListElement":[{"@type":"ListItem","position":1,"name":"Startseite","item":"https:\/\/rntl.ch\/fitness\/"},{"@type":"ListItem","position":2,"name":"Shop","item":"https:\/\/rntl.ch\/fitness\/shop\/"},{"@type":"ListItem","position":3,"name":"Leeze Boom Board Pro"}]},{"@type":"WebSite","@id":"https:\/\/rntl.ch\/fitness\/#website","url":"https:\/\/rntl.ch\/fitness\/","name":"RNTL Fitness","description":"Mieten Einfach Anders","publisher":{"@id":"https:\/\/rntl.ch\/fitness\/#organization"},"potentialAction":[{"@type":"SearchAction","target":{"@type":"EntryPoint","urlTemplate":"https:\/\/rntl.ch\/fitness\/?s={search_term_string}"},"query-input":{"@type":"PropertyValueSpecification","valueRequired":true,"valueName":"search_term_string"}}],"inLanguage":"de"},{"@type":"Organization","@id":"https:\/\/rntl.ch\/fitness\/#organization","name":"RNTL Fitness","url":"https:\/\/rntl.ch\/fitness\/","logo":{"@type":"ImageObject","inLanguage":"de","@id":"https:\/\/rntl.ch\/fitness\/#\/schema\/logo\/image\/","url":"https:\/\/rntl.ch\/fitness\/wp-content\/uploads\/sites\/3\/2020\/11\/cropped-rntl_logo_white_530x150.png","contentUrl":"https:\/\/rntl.ch\/fitness\/wp-content\/uploads\/sites\/3\/2020\/11\/cropped-rntl_logo_white_530x150.png","width":530,"height":150,"caption":"RNTL Fitness"},"image":{"@id":"https:\/\/rntl.ch\/fitness\/#\/schema\/logo\/image\/"}}]}},"_links":{"self":[{"href":"https:\/\/rntl.ch\/fitness\/wp-json\/wp\/v2\/product\/38852","targetHints":{"allow":["GET"]}}],"collection":[{"href":"https:\/\/rntl.ch\/fitness\/wp-json\/wp\/v2\/product"}],"about":[{"href":"https:\/\/rntl.ch\/fitness\/wp-json\/wp\/v2\/types\/product"}],"version-history":[{"count":1,"href":"https:\/\/rntl.ch\/fitness\/wp-json\/wp\/v2\/product\/38852\/revisions"}],"predecessor-version":[{"id":38857,"href":"https:\/\/rntl.ch\/fitness\/wp-json\/wp\/v2\/product\/38852\/revisions\/38857"}],"wp:featuredmedia":[{"embeddable":true,"href":"https:\/\/rntl.ch\/fitness\/wp-json\/wp\/v2\/media\/38845"}],"wp:attachment":[{"href":"https:\/\/rntl.ch\/fitness\/wp-json\/wp\/v2\/media?parent=38852"}],"wp:term":[{"taxonomy":"product_brand","embeddable":true,"href":"https:\/\/rntl.ch\/fitness\/wp-json\/wp\/v2\/product_brand?post=38852"},{"taxonomy":"product_cat","embeddable":true,"href":"https:\/\/rntl.ch\/fitness\/wp-json\/wp\/v2\/product_cat?post=38852"},{"taxonomy":"product_tag","embeddable":true,"href":"https:\/\/rntl.ch\/fitness\/wp-json\/wp\/v2\/product_tag?post=38852"}],"curies":[{"name":"wp","href":"https:\/\/api.w.org\/{rel}","templated":true}]}}