{"id":39160,"date":"2026-02-19T23:25:36","date_gmt":"2026-02-19T22:25:36","guid":{"rendered":"https:\/\/rntl.ch\/fitness\/?post_type=product&#038;p=39160"},"modified":"2026-03-06T15:28:12","modified_gmt":"2026-03-06T14:28:12","slug":"matrix-r50-liegeergometer-komfort-trifft-leistung","status":"publish","type":"product","link":"https:\/\/rntl.ch\/fitness\/produkt\/matrix-r50-liegeergometer-komfort-trifft-leistung\/","title":{"rendered":"Matrix R50 Liegeergometer | Komfort trifft Leistung"},"content":{"rendered":"<h3 data-start=\"483\" data-end=\"516\">\ud83d\udeb4\u200d\u2642\ufe0f <strong data-start=\"493\" data-end=\"516\">Komfort &amp; Ergonomie<\/strong><\/h3>\n<ul data-start=\"518\" data-end=\"1002\">\n<li data-start=\"518\" data-end=\"690\">\n<p data-start=\"520\" data-end=\"690\"><strong data-start=\"520\" data-end=\"564\">Recumbent-Design mit niedrigem Einstieg:<\/strong> Bequemer Einstieg und eine nat\u00fcrliche Sitzposition, die R\u00fccken und Gelenke entlastet.<\/p>\n<\/li>\n<li data-start=\"691\" data-end=\"861\">\n<p data-start=\"693\" data-end=\"861\"><strong data-start=\"693\" data-end=\"715\">Comfort Arc\u2122 Sitz:<\/strong> Grossz\u00fcgig gepolstertes, neigbares Sitzr\u00fccken-Mesh-Design f\u00fcr optimalen Komfort auch bei langen Sessions.<\/p>\n<\/li>\n<li data-start=\"862\" data-end=\"1002\">\n<p data-start=\"864\" data-end=\"1002\"><strong data-start=\"864\" data-end=\"886\">Dual-Form\u2122 Rahmen:<\/strong> Besonders stabiler Rahmen mit tiefem Schritt-Durchstieg f\u00fcr sicheren Stand.<\/p>\n<\/li>\n<\/ul>\n<h3 data-start=\"1004\" data-end=\"1036\">\u2699\ufe0f <strong data-start=\"1011\" data-end=\"1036\">Technische Highlights<\/strong><\/h3>\n<ul data-start=\"1038\" data-end=\"1730\">\n<li data-start=\"1038\" data-end=\"1215\">\n<p data-start=\"1040\" data-end=\"1215\"><strong data-start=\"1040\" data-end=\"1079\">30 elektronische Widerstandsstufen:<\/strong> Pr\u00e4zise, stufenlose Anpassung deiner Trainingsbelastung \u00fcber die Exact Force\u2122 Induktionsbremse.<\/p>\n<\/li>\n<li data-start=\"1216\" data-end=\"1368\">\n<p data-start=\"1218\" data-end=\"1368\"><strong data-start=\"1218\" data-end=\"1252\">Exact Force\u2122 Induktionsbremse:<\/strong> Leiser, zuverl\u00e4ssiger Widerstandsmechanismus ohne mechanischen Verschleiss.<\/p>\n<\/li>\n<li data-start=\"1369\" data-end=\"1586\">\n<p data-start=\"1371\" data-end=\"1586\"><strong data-start=\"1371\" data-end=\"1405\">Vielf\u00e4ltige Konsolen-Optionen:<\/strong> W\u00e4hle zwischen mehreren Trainingsdisplays \u2013 vom klassischen LCD bis hin zum grossen HD-Touchscreen (je nach Variante XUR, XIR, XER oder XR).<\/p>\n<\/li>\n<li data-start=\"1587\" data-end=\"1730\">\n<p data-start=\"1589\" data-end=\"1730\"><strong data-start=\"1589\" data-end=\"1608\">Kompatibilit\u00e4t:<\/strong> Konsole w\u00e4hlbar mit Wi-Fi, Bluetooth und Multimedia-Funktionen (bei XUR\/XIR\/XER).<\/p>\n<\/li>\n<\/ul>\n<h3 data-start=\"1732\" data-end=\"1775\">\ud83d\udcca <strong data-start=\"1739\" data-end=\"1775\">Trainings- und Komfortfunktionen<\/strong><\/h3>\n<ul data-start=\"1777\" data-end=\"2244\">\n<li data-start=\"1777\" data-end=\"1929\">\n<p data-start=\"1779\" data-end=\"1929\"><strong data-start=\"1779\" data-end=\"1804\">Herzfrequenz-Messung:<\/strong> Puls-Sensoren und kompatible Bluetooth-Sensoren f\u00fcr gezieltes Herzfrequenz-Training.<\/p>\n<\/li>\n<li data-start=\"1930\" data-end=\"2102\">\n<p data-start=\"1932\" data-end=\"2102\"><strong data-start=\"1932\" data-end=\"1967\">Vielseitige Trainingsprogramme:<\/strong> Je nach Konsole stehen zahlreiche Programme zur Verf\u00fcgung (Standard- bis Intervall-Trainings).<\/p>\n<\/li>\n<li data-start=\"2103\" data-end=\"2244\">\n<p data-start=\"2105\" data-end=\"2244\"><strong data-start=\"2105\" data-end=\"2128\">Praktische Details:<\/strong> Wasserflaschenhalter, leicht zug\u00e4ngliche Widerstandstasten am Sitzlenker.<\/p>\n<\/li>\n<\/ul>\n<hr data-start=\"2246\" data-end=\"2249\" \/>\n<h2 data-start=\"2251\" data-end=\"2293\">\ud83d\udcd0 <strong data-start=\"2257\" data-end=\"2293\">Technische Daten auf einen Blick<\/strong><\/h2>\n<div class=\"TyagGW_tableContainer\">\n<div class=\"group TyagGW_tableWrapper flex flex-col-reverse w-fit\" tabindex=\"-1\">\n<table class=\"w-fit min-w-(--thread-content-width)\" data-start=\"2295\" data-end=\"3442\">\n<thead data-start=\"2295\" data-end=\"2342\">\n<tr data-start=\"2295\" data-end=\"2342\">\n<th class=\"\" data-start=\"2295\" data-end=\"2326\" data-col-size=\"sm\">Merkmal<\/th>\n<th class=\"\" data-start=\"2326\" data-end=\"2342\" data-col-size=\"md\">Wert\/Details<\/th>\n<\/tr>\n<\/thead>\n<tbody data-start=\"2390\" data-end=\"3442\">\n<tr data-start=\"2390\" data-end=\"2491\">\n<td data-start=\"2390\" data-end=\"2420\" data-col-size=\"sm\"><strong data-start=\"2392\" data-end=\"2406\">Rahmenform<\/strong><\/td>\n<td data-col-size=\"md\" data-start=\"2420\" data-end=\"2491\">Dual Form \u2122 Recumbent Frame<\/td>\n<\/tr>\n<tr data-start=\"2492\" data-end=\"2593\">\n<td data-start=\"2492\" data-end=\"2522\" data-col-size=\"sm\"><strong data-start=\"2494\" data-end=\"2515\">Widerstandsstufen<\/strong><\/td>\n<td data-col-size=\"md\" data-start=\"2522\" data-end=\"2593\">30 elektronisch einstellbar<\/td>\n<\/tr>\n<tr data-start=\"2594\" data-end=\"2698\">\n<td data-start=\"2594\" data-end=\"2624\" data-col-size=\"sm\"><strong data-start=\"2596\" data-end=\"2617\">Widerstandssystem<\/strong><\/td>\n<td data-col-size=\"md\" data-start=\"2624\" data-end=\"2698\">Exact Force \u2122 Induktionsbremse<\/td>\n<\/tr>\n<tr data-start=\"2699\" data-end=\"2789\">\n<td data-start=\"2699\" data-end=\"2729\" data-col-size=\"sm\"><strong data-start=\"2701\" data-end=\"2725\">Max. Benutzergewicht<\/strong><\/td>\n<td data-col-size=\"md\" data-start=\"2729\" data-end=\"2789\">159 kg \/ 350 lbs<\/td>\n<\/tr>\n<tr data-start=\"2790\" data-end=\"2890\">\n<td data-start=\"2790\" data-end=\"2825\" data-col-size=\"sm\"><strong data-start=\"2792\" data-end=\"2824\">Assembled Dimensions (L\u00d7B\u00d7H)<\/strong><\/td>\n<td data-col-size=\"md\" data-start=\"2825\" data-end=\"2890\">ca. 163 \u00d7 64 \u00d7 136 cm<\/td>\n<\/tr>\n<tr data-start=\"2891\" data-end=\"2984\">\n<td data-start=\"2891\" data-end=\"2921\" data-col-size=\"sm\"><strong data-start=\"2893\" data-end=\"2916\">Gewicht (assembled)<\/strong><\/td>\n<td data-col-size=\"md\" data-start=\"2921\" data-end=\"2984\">ca. 78 kg \/ 172 lbs<\/td>\n<\/tr>\n<tr data-start=\"2985\" data-end=\"3113\">\n<td data-start=\"2985\" data-end=\"3015\" data-col-size=\"sm\"><strong data-start=\"2987\" data-end=\"2999\">Pedaltyp<\/strong><\/td>\n<td data-start=\"3015\" data-end=\"3113\" data-col-size=\"md\">Oversized, selbstbalancierend mit verstellbaren Riemen<\/td>\n<\/tr>\n<tr data-start=\"3114\" data-end=\"3226\">\n<td data-start=\"3114\" data-end=\"3144\" data-col-size=\"sm\"><strong data-start=\"3116\" data-end=\"3124\">Sitz<\/strong><\/td>\n<td data-start=\"3144\" data-end=\"3226\" data-col-size=\"md\">Comfort Arc\u2122 Mesh-Sitz mit R\u00fcckenlehne<\/td>\n<\/tr>\n<tr data-start=\"3227\" data-end=\"3333\">\n<td data-start=\"3227\" data-end=\"3257\" data-col-size=\"sm\"><strong data-start=\"3229\" data-end=\"3249\">Display-Optionen<\/strong><\/td>\n<td data-col-size=\"md\" data-start=\"3257\" data-end=\"3333\">XR, XER, XIR, XUR (LCD\/HD Touch)<\/td>\n<\/tr>\n<tr data-start=\"3334\" data-end=\"3442\">\n<td data-start=\"3334\" data-end=\"3364\" data-col-size=\"sm\"><strong data-start=\"3336\" data-end=\"3352\">Connectivity<\/strong><\/td>\n<td data-start=\"3364\" data-end=\"3442\" data-col-size=\"md\">Bluetooth, Wi-Fi (je nach Konsole)<\/td>\n<\/tr>\n<\/tbody>\n<\/table>\n<\/div>\n<\/div>\n<hr data-start=\"3444\" data-end=\"3447\" \/>\n<h2 data-start=\"3449\" data-end=\"3464\">\ud83d\udcaa <strong data-start=\"3455\" data-end=\"3464\">Fazit<\/strong><\/h2>\n<p data-start=\"3466\" data-end=\"3986\">Das <strong data-start=\"3470\" data-end=\"3499\">Matrix R50 Recumbent Bike<\/strong> ist ein erstklassiger Ergometer f\u00fcr alle, die Wert auf <strong data-start=\"3555\" data-end=\"3611\">Komfort, Stabilit\u00e4t und vielseitiges Cardio-Training<\/strong> legen. Durch das ergonomische Liegedesign eignet es sich besonders f\u00fcr l\u00e4ngere Trainingseinheiten oder f\u00fcr Personen, die ein gelenkschonendes Training bevorzugen. Die hochwertigen Komponenten, vielf\u00e4ltigen Console-Optionen und der leise, pr\u00e4zise Widerstand machen es zur perfekt ausgestatteten Trainingsl\u00f6sung f\u00fcr Zuhause oder Studio.<\/p>\n<p><iframe title=\"Matrix Fitness | R50 Recumbent Bike | Promo\" width=\"980\" height=\"551\" src=\"https:\/\/www.youtube.com\/embed\/9V2EHnQqQe8?feature=oembed&#038;enablejsapi=1&#038;origin=https:\/\/rntl.ch\" frameborder=\"0\" allow=\"accelerometer; autoplay; clipboard-write; encrypted-media; gyroscope; picture-in-picture; web-share\" referrerpolicy=\"strict-origin-when-cross-origin\" allowfullscreen><\/iframe><\/p>\n","protected":false},"excerpt":{"rendered":"<p>Das <strong data-start=\"209\" data-end=\"238\">Matrix R50 Recumbent Bike<\/strong> setzt neue Massst\u00e4be im Ausdauer- und Cardio-Training: dank ergonomischem Liegedesign, hoher Stabilit\u00e4t und durchdachter Technik kannst du l\u00e4ngere Trainingseinheiten komfortabler und effektiver gestalten.<\/p>\n<p><strong>Kaufpreis [woo_custom_field id=\"rntl_retail_price_field\"].-<\/strong><\/p>\n[rntl_page_content id=\"14687\"]\n<div class=\"woocommerce-product-details__short-description\">\n<div class=\"kettler-product-info-col\"><\/div>\n<div>\n<div class=\"kettler-product-info-col\">\n<div><\/div>\n<\/div>\n<\/div>\n<\/div>\n","protected":false},"featured_media":39173,"template":"","meta":{"content-type":""},"product_brand":[154],"product_cat":[25],"product_tag":[112],"class_list":{"0":"post-39160","1":"product","2":"type-product","3":"status-publish","4":"has-post-thumbnail","6":"product_brand-matrix","7":"product_cat-hometrainer","8":"product_tag-mieten","9":"product_shipping_class-mittel","10":"tm-no-options","12":"first","13":"instock","14":"taxable","15":"shipping-taxable","16":"purchasable","17":"product-type-variable-subscription","18":"has-default-attributes"},"yoast_head":"<!-- This site is optimized with the Yoast SEO plugin v26.3 - https:\/\/yoast.com\/wordpress\/plugins\/seo\/ -->\n<title>Matrix R50 Liegeergometer | Komfort trifft Leistung - RNTL Fitness<\/title>\n<meta name=\"description\" content=\"Miete, kaufe, oder finanziere f\u00fcr das Spinning Training zu Hause den HOI Tour+ bei RNTL. Perfekt f\u00fcr dein Spinning Training zu Hause.\" \/>\n<meta name=\"robots\" content=\"index, follow, max-snippet:-1, max-image-preview:large, max-video-preview:-1\" \/>\n<link rel=\"canonical\" href=\"https:\/\/rntl.ch\/fitness\/produkt\/matrix-r50-liegeergometer-komfort-trifft-leistung\/\" \/>\n<meta property=\"og:locale\" content=\"de_DE\" \/>\n<meta property=\"og:type\" content=\"article\" \/>\n<meta property=\"og:title\" content=\"Matrix R50 Liegeergometer | Komfort trifft Leistung - RNTL Fitness\" \/>\n<meta property=\"og:description\" content=\"Miete, kaufe, oder finanziere f\u00fcr das Spinning Training zu Hause den HOI Tour+ bei RNTL. Perfekt f\u00fcr dein Spinning Training zu Hause.\" \/>\n<meta property=\"og:url\" content=\"https:\/\/rntl.ch\/fitness\/produkt\/matrix-r50-liegeergometer-komfort-trifft-leistung\/\" \/>\n<meta property=\"og:site_name\" content=\"RNTL Fitness\" \/>\n<meta property=\"article:modified_time\" content=\"2026-03-06T14:28:12+00:00\" \/>\n<meta property=\"og:image\" content=\"https:\/\/rntl.ch\/fitness\/wp-content\/uploads\/sites\/3\/2026\/02\/1-2.png\" \/>\n\t<meta property=\"og:image:width\" content=\"500\" \/>\n\t<meta property=\"og:image:height\" content=\"500\" \/>\n\t<meta property=\"og:image:type\" content=\"image\/png\" \/>\n<meta name=\"twitter:card\" content=\"summary_large_image\" \/>\n<meta name=\"twitter:label1\" content=\"Gesch\u00e4tzte Lesezeit\" \/>\n\t<meta name=\"twitter:data1\" content=\"2\u00a0Minuten\" \/>\n<script type=\"application\/ld+json\" class=\"yoast-schema-graph\">{\"@context\":\"https:\/\/schema.org\",\"@graph\":[{\"@type\":\"WebPage\",\"@id\":\"https:\/\/rntl.ch\/fitness\/produkt\/matrix-r50-liegeergometer-komfort-trifft-leistung\/\",\"url\":\"https:\/\/rntl.ch\/fitness\/produkt\/matrix-r50-liegeergometer-komfort-trifft-leistung\/\",\"name\":\"Matrix R50 Liegeergometer | Komfort trifft Leistung - RNTL Fitness\",\"isPartOf\":{\"@id\":\"https:\/\/rntl.ch\/fitness\/#website\"},\"primaryImageOfPage\":{\"@id\":\"https:\/\/rntl.ch\/fitness\/produkt\/matrix-r50-liegeergometer-komfort-trifft-leistung\/#primaryimage\"},\"image\":{\"@id\":\"https:\/\/rntl.ch\/fitness\/produkt\/matrix-r50-liegeergometer-komfort-trifft-leistung\/#primaryimage\"},\"thumbnailUrl\":\"https:\/\/rntl.ch\/fitness\/wp-content\/uploads\/sites\/3\/2026\/02\/1-2.png\",\"datePublished\":\"2026-02-19T22:25:36+00:00\",\"dateModified\":\"2026-03-06T14:28:12+00:00\",\"description\":\"Miete, kaufe, oder finanziere f\u00fcr das Spinning Training zu Hause den HOI Tour+ bei RNTL. Perfekt f\u00fcr dein Spinning Training zu Hause.\",\"breadcrumb\":{\"@id\":\"https:\/\/rntl.ch\/fitness\/produkt\/matrix-r50-liegeergometer-komfort-trifft-leistung\/#breadcrumb\"},\"inLanguage\":\"de\",\"potentialAction\":[{\"@type\":\"ReadAction\",\"target\":[\"https:\/\/rntl.ch\/fitness\/produkt\/matrix-r50-liegeergometer-komfort-trifft-leistung\/\"]}]},{\"@type\":\"ImageObject\",\"inLanguage\":\"de\",\"@id\":\"https:\/\/rntl.ch\/fitness\/produkt\/matrix-r50-liegeergometer-komfort-trifft-leistung\/#primaryimage\",\"url\":\"https:\/\/rntl.ch\/fitness\/wp-content\/uploads\/sites\/3\/2026\/02\/1-2.png\",\"contentUrl\":\"https:\/\/rntl.ch\/fitness\/wp-content\/uploads\/sites\/3\/2026\/02\/1-2.png\",\"width\":500,\"height\":500},{\"@type\":\"BreadcrumbList\",\"@id\":\"https:\/\/rntl.ch\/fitness\/produkt\/matrix-r50-liegeergometer-komfort-trifft-leistung\/#breadcrumb\",\"itemListElement\":[{\"@type\":\"ListItem\",\"position\":1,\"name\":\"Startseite\",\"item\":\"https:\/\/rntl.ch\/fitness\/\"},{\"@type\":\"ListItem\",\"position\":2,\"name\":\"Shop\",\"item\":\"https:\/\/rntl.ch\/fitness\/shop\/\"},{\"@type\":\"ListItem\",\"position\":3,\"name\":\"Matrix R50 Liegeergometer \u2013 Komfort trifft Leistung\"}]},{\"@type\":\"WebSite\",\"@id\":\"https:\/\/rntl.ch\/fitness\/#website\",\"url\":\"https:\/\/rntl.ch\/fitness\/\",\"name\":\"RNTL Fitness\",\"description\":\"Mieten Einfach Anders\",\"publisher\":{\"@id\":\"https:\/\/rntl.ch\/fitness\/#organization\"},\"potentialAction\":[{\"@type\":\"SearchAction\",\"target\":{\"@type\":\"EntryPoint\",\"urlTemplate\":\"https:\/\/rntl.ch\/fitness\/?s={search_term_string}\"},\"query-input\":{\"@type\":\"PropertyValueSpecification\",\"valueRequired\":true,\"valueName\":\"search_term_string\"}}],\"inLanguage\":\"de\"},{\"@type\":\"Organization\",\"@id\":\"https:\/\/rntl.ch\/fitness\/#organization\",\"name\":\"RNTL Fitness\",\"url\":\"https:\/\/rntl.ch\/fitness\/\",\"logo\":{\"@type\":\"ImageObject\",\"inLanguage\":\"de\",\"@id\":\"https:\/\/rntl.ch\/fitness\/#\/schema\/logo\/image\/\",\"url\":\"https:\/\/rntl.ch\/fitness\/wp-content\/uploads\/sites\/3\/2020\/11\/cropped-rntl_logo_white_530x150.png\",\"contentUrl\":\"https:\/\/rntl.ch\/fitness\/wp-content\/uploads\/sites\/3\/2020\/11\/cropped-rntl_logo_white_530x150.png\",\"width\":530,\"height\":150,\"caption\":\"RNTL Fitness\"},\"image\":{\"@id\":\"https:\/\/rntl.ch\/fitness\/#\/schema\/logo\/image\/\"}}]}<\/script>\n<!-- \/ Yoast SEO plugin. -->","yoast_head_json":{"title":"Matrix R50 Liegeergometer | Komfort trifft Leistung - RNTL Fitness","description":"Miete, kaufe, oder finanziere f\u00fcr das Spinning Training zu Hause den HOI Tour+ bei RNTL. Perfekt f\u00fcr dein Spinning Training zu Hause.","robots":{"index":"index","follow":"follow","max-snippet":"max-snippet:-1","max-image-preview":"max-image-preview:large","max-video-preview":"max-video-preview:-1"},"canonical":"https:\/\/rntl.ch\/fitness\/produkt\/matrix-r50-liegeergometer-komfort-trifft-leistung\/","og_locale":"de_DE","og_type":"article","og_title":"Matrix R50 Liegeergometer | Komfort trifft Leistung - RNTL Fitness","og_description":"Miete, kaufe, oder finanziere f\u00fcr das Spinning Training zu Hause den HOI Tour+ bei RNTL. Perfekt f\u00fcr dein Spinning Training zu Hause.","og_url":"https:\/\/rntl.ch\/fitness\/produkt\/matrix-r50-liegeergometer-komfort-trifft-leistung\/","og_site_name":"RNTL Fitness","article_modified_time":"2026-03-06T14:28:12+00:00","og_image":[{"width":500,"height":500,"url":"https:\/\/rntl.ch\/fitness\/wp-content\/uploads\/sites\/3\/2026\/02\/1-2.png","type":"image\/png"}],"twitter_card":"summary_large_image","twitter_misc":{"Gesch\u00e4tzte Lesezeit":"2\u00a0Minuten"},"schema":{"@context":"https:\/\/schema.org","@graph":[{"@type":"WebPage","@id":"https:\/\/rntl.ch\/fitness\/produkt\/matrix-r50-liegeergometer-komfort-trifft-leistung\/","url":"https:\/\/rntl.ch\/fitness\/produkt\/matrix-r50-liegeergometer-komfort-trifft-leistung\/","name":"Matrix R50 Liegeergometer | Komfort trifft Leistung - RNTL Fitness","isPartOf":{"@id":"https:\/\/rntl.ch\/fitness\/#website"},"primaryImageOfPage":{"@id":"https:\/\/rntl.ch\/fitness\/produkt\/matrix-r50-liegeergometer-komfort-trifft-leistung\/#primaryimage"},"image":{"@id":"https:\/\/rntl.ch\/fitness\/produkt\/matrix-r50-liegeergometer-komfort-trifft-leistung\/#primaryimage"},"thumbnailUrl":"https:\/\/rntl.ch\/fitness\/wp-content\/uploads\/sites\/3\/2026\/02\/1-2.png","datePublished":"2026-02-19T22:25:36+00:00","dateModified":"2026-03-06T14:28:12+00:00","description":"Miete, kaufe, oder finanziere f\u00fcr das Spinning Training zu Hause den HOI Tour+ bei RNTL. Perfekt f\u00fcr dein Spinning Training zu Hause.","breadcrumb":{"@id":"https:\/\/rntl.ch\/fitness\/produkt\/matrix-r50-liegeergometer-komfort-trifft-leistung\/#breadcrumb"},"inLanguage":"de","potentialAction":[{"@type":"ReadAction","target":["https:\/\/rntl.ch\/fitness\/produkt\/matrix-r50-liegeergometer-komfort-trifft-leistung\/"]}]},{"@type":"ImageObject","inLanguage":"de","@id":"https:\/\/rntl.ch\/fitness\/produkt\/matrix-r50-liegeergometer-komfort-trifft-leistung\/#primaryimage","url":"https:\/\/rntl.ch\/fitness\/wp-content\/uploads\/sites\/3\/2026\/02\/1-2.png","contentUrl":"https:\/\/rntl.ch\/fitness\/wp-content\/uploads\/sites\/3\/2026\/02\/1-2.png","width":500,"height":500},{"@type":"BreadcrumbList","@id":"https:\/\/rntl.ch\/fitness\/produkt\/matrix-r50-liegeergometer-komfort-trifft-leistung\/#breadcrumb","itemListElement":[{"@type":"ListItem","position":1,"name":"Startseite","item":"https:\/\/rntl.ch\/fitness\/"},{"@type":"ListItem","position":2,"name":"Shop","item":"https:\/\/rntl.ch\/fitness\/shop\/"},{"@type":"ListItem","position":3,"name":"Matrix R50 Liegeergometer \u2013 Komfort trifft Leistung"}]},{"@type":"WebSite","@id":"https:\/\/rntl.ch\/fitness\/#website","url":"https:\/\/rntl.ch\/fitness\/","name":"RNTL Fitness","description":"Mieten Einfach Anders","publisher":{"@id":"https:\/\/rntl.ch\/fitness\/#organization"},"potentialAction":[{"@type":"SearchAction","target":{"@type":"EntryPoint","urlTemplate":"https:\/\/rntl.ch\/fitness\/?s={search_term_string}"},"query-input":{"@type":"PropertyValueSpecification","valueRequired":true,"valueName":"search_term_string"}}],"inLanguage":"de"},{"@type":"Organization","@id":"https:\/\/rntl.ch\/fitness\/#organization","name":"RNTL Fitness","url":"https:\/\/rntl.ch\/fitness\/","logo":{"@type":"ImageObject","inLanguage":"de","@id":"https:\/\/rntl.ch\/fitness\/#\/schema\/logo\/image\/","url":"https:\/\/rntl.ch\/fitness\/wp-content\/uploads\/sites\/3\/2020\/11\/cropped-rntl_logo_white_530x150.png","contentUrl":"https:\/\/rntl.ch\/fitness\/wp-content\/uploads\/sites\/3\/2020\/11\/cropped-rntl_logo_white_530x150.png","width":530,"height":150,"caption":"RNTL Fitness"},"image":{"@id":"https:\/\/rntl.ch\/fitness\/#\/schema\/logo\/image\/"}}]}},"_links":{"self":[{"href":"https:\/\/rntl.ch\/fitness\/wp-json\/wp\/v2\/product\/39160","targetHints":{"allow":["GET"]}}],"collection":[{"href":"https:\/\/rntl.ch\/fitness\/wp-json\/wp\/v2\/product"}],"about":[{"href":"https:\/\/rntl.ch\/fitness\/wp-json\/wp\/v2\/types\/product"}],"version-history":[{"count":2,"href":"https:\/\/rntl.ch\/fitness\/wp-json\/wp\/v2\/product\/39160\/revisions"}],"predecessor-version":[{"id":39506,"href":"https:\/\/rntl.ch\/fitness\/wp-json\/wp\/v2\/product\/39160\/revisions\/39506"}],"wp:featuredmedia":[{"embeddable":true,"href":"https:\/\/rntl.ch\/fitness\/wp-json\/wp\/v2\/media\/39173"}],"wp:attachment":[{"href":"https:\/\/rntl.ch\/fitness\/wp-json\/wp\/v2\/media?parent=39160"}],"wp:term":[{"taxonomy":"product_brand","embeddable":true,"href":"https:\/\/rntl.ch\/fitness\/wp-json\/wp\/v2\/product_brand?post=39160"},{"taxonomy":"product_cat","embeddable":true,"href":"https:\/\/rntl.ch\/fitness\/wp-json\/wp\/v2\/product_cat?post=39160"},{"taxonomy":"product_tag","embeddable":true,"href":"https:\/\/rntl.ch\/fitness\/wp-json\/wp\/v2\/product_tag?post=39160"}],"curies":[{"name":"wp","href":"https:\/\/api.w.org\/{rel}","templated":true}]}}